{"id":1007,"date":"2015-09-24T22:05:43","date_gmt":"2015-09-24T22:05:43","guid":{"rendered":"http:\/\/helipoland.com\/?page_id=1007"},"modified":"2023-07-13T10:09:57","modified_gmt":"2023-07-13T10:09:57","slug":"r66-turbinowy","status":"publish","type":"page","link":"https:\/\/helipoland.com\/en\/sprzedaz-helikopterow-smiglowcow\/helikoptery-robinson\/r66-turbinowy\/","title":{"rendered":"R66 Turbine"},"content":{"rendered":"<div class=\"ezcol ezcol-one-third\">\n<p style=\"text-align: justify;\">The Robinson R66 Turbine retains many of the design features of the R44, including a two-bladed rotor system, T-bar cyclic, and an open interior cabin configuration.<\/p>\n<p style=\"text-align: justify;\">Notable differences are the R66&#8217;s increased reserve power, improved altitude performance, fifth seat, and large baggage compartment. Popular upgrades including HID landing lights, leather seats, and a stereo audio control panel are standard in the R66 Turbine.<\/p>\n<h3 style=\"text-align: center;\"><a href=\"https:\/\/helipoland.com\/wp-content\/uploads\/2019\/10\/r66_brochure.pdf\"><span style=\"text-decoration: underline;\"><strong><span style=\"color: #000080; text-decoration: underline;\">BROCHURE<\/span><\/strong><\/span><\/a><\/h3>\n<h3 style=\"text-align: center;\"><span style=\"text-decoration: underline; color: #333399;\"><strong><a style=\"color: #333399; text-decoration: underline;\" href=\"https:\/\/robinsonheli-configurator.com\/rhc\/hID\/R66-T\" target=\"_blank\" rel=\"noopener noreferrer\">CONFIGURATOR<\/a><\/strong><\/span><\/h3>\n<h3 style=\"text-align: center;\"><span style=\"text-decoration: underline; color: #333399;\"><strong><a style=\"color: #333399; text-decoration: underline;\" href=\"https:\/\/robinsonheli.com\/r66-turbine-r66-turbine-marine-helicopters\/\" target=\"_blank\" rel=\"noopener noreferrer\">MANUFACTURER&#8217;S SITE<\/a><\/strong><\/span><\/h3>\n<p style=\"text-align: justify;\"><\/div> <div class=\"ezcol ezcol-two-third ezcol-last\"><div id=\"metaslider-id-996\" style=\"max-width: 800px;\" class=\"ml-slider-3-97-0 metaslider metaslider-flex metaslider-996 ml-slider ms-theme-default nav-hidden nav-hidden\" role=\"region\" aria-roledescription=\"Slideshow\" aria-label=\"R 66\" data-width=\"800\">\n    <div id=\"metaslider_container_996\">\n        <div id=\"metaslider_996\">\n            <ul class='slides'>\n                <li style=\"display: block; width: 100%;\" class=\"slide-1239 ms-image \" aria-roledescription=\"slide\" aria-label=\"slide-1239\" data-date=\"2015-09-28 20:36:36\"><img loading=\"lazy\" decoding=\"async\" src=\"https:\/\/helipoland.com\/wp-content\/uploads\/2015\/09\/r66_in_mountains-625x391.jpg\" height=\"500\" width=\"800\" alt=\"Sprzeda\u017c helikopter\u00f3w Robinson R 66 turbinowy\" class=\"slider-996 slide-1239\" \/><\/li>\n                <li style=\"display: none; width: 100%;\" class=\"slide-997 ms-image \" aria-roledescription=\"slide\" aria-label=\"slide-997\" data-date=\"2015-09-24 21:53:26\"><img loading=\"lazy\" decoding=\"async\" src=\"https:\/\/helipoland.com\/wp-content\/uploads\/2015\/09\/p_0001-1-703x440.jpg\" height=\"500\" width=\"800\" alt=\"Sprzeda\u017c helikopter\u00f3w Robinson R 66 turbinowy\" class=\"slider-996 slide-997\" \/><\/li>\n                <li style=\"display: none; width: 100%;\" class=\"slide-998 ms-image \" aria-roledescription=\"slide\" aria-label=\"slide-998\" data-date=\"2015-09-24 21:53:29\"><img loading=\"lazy\" decoding=\"async\" src=\"https:\/\/helipoland.com\/wp-content\/uploads\/2015\/09\/p_00021-703x440.jpg\" height=\"500\" width=\"800\" alt=\"Sprzeda\u017c helikopter\u00f3w Robinson R 66 turbinowy\" class=\"slider-996 slide-998\" \/><\/li>\n                <li style=\"display: none; width: 100%;\" class=\"slide-999 ms-image \" aria-roledescription=\"slide\" aria-label=\"slide-999\" data-date=\"2015-09-24 21:53:31\"><img loading=\"lazy\" decoding=\"async\" src=\"https:\/\/helipoland.com\/wp-content\/uploads\/2015\/09\/p_00041-736x460.jpg\" height=\"500\" width=\"800\" alt=\"Sprzeda\u017c helikopter\u00f3w Robinson R 66 turbinowy\" class=\"slider-996 slide-999\" \/><\/li>\n                <li style=\"display: none; width: 100%;\" class=\"slide-1000 ms-image \" aria-roledescription=\"slide\" aria-label=\"slide-1000\" data-date=\"2015-09-24 21:53:33\"><img loading=\"lazy\" decoding=\"async\" src=\"https:\/\/helipoland.com\/wp-content\/uploads\/2015\/09\/p_00051-703x440.jpg\" height=\"500\" width=\"800\" alt=\"Sprzeda\u017c helikopter\u00f3w Robinson R 66 turbinowy\" class=\"slider-996 slide-1000\" \/><\/li>\n                <li style=\"display: none; width: 100%;\" class=\"slide-1001 ms-image \" aria-roledescription=\"slide\" aria-label=\"slide-1001\" data-date=\"2015-09-24 21:53:34\"><img loading=\"lazy\" decoding=\"async\" src=\"https:\/\/helipoland.com\/wp-content\/uploads\/2015\/09\/p_0006-703x440.jpg\" height=\"500\" width=\"800\" alt=\"Sprzeda\u017c helikopter\u00f3w Robinson R 66 turbinowy\" class=\"slider-996 slide-1001\" \/><\/li>\n                <li style=\"display: none; width: 100%;\" class=\"slide-1002 ms-image \" aria-roledescription=\"slide\" aria-label=\"slide-1002\" data-date=\"2015-09-24 21:53:35\"><img loading=\"lazy\" decoding=\"async\" src=\"https:\/\/helipoland.com\/wp-content\/uploads\/2015\/09\/p_00071-703x440.jpg\" height=\"500\" width=\"800\" alt=\"Sprzeda\u017c helikopter\u00f3w Robinson R 66 turbinowy\" class=\"slider-996 slide-1002\" \/><\/li>\n                <li style=\"display: none; width: 100%;\" class=\"slide-1003 ms-image \" aria-roledescription=\"slide\" aria-label=\"slide-1003\" data-date=\"2015-09-24 21:53:37\"><img loading=\"lazy\" decoding=\"async\" src=\"https:\/\/helipoland.com\/wp-content\/uploads\/2015\/09\/p_00081-703x440.jpg\" height=\"500\" width=\"800\" alt=\"Sprzeda\u017c helikopter\u00f3w Robinson R 66 turbinowy\" class=\"slider-996 slide-1003\" \/><\/li>\n                <li style=\"display: none; width: 100%;\" class=\"slide-1004 ms-image \" aria-roledescription=\"slide\" aria-label=\"slide-1004\" data-date=\"2015-09-24 21:53:39\"><img loading=\"lazy\" decoding=\"async\" src=\"https:\/\/helipoland.com\/wp-content\/uploads\/2015\/09\/p_00091-703x440.jpg\" height=\"500\" width=\"800\" alt=\"Sprzeda\u017c helikopter\u00f3w Robinson R 66 turbinowy\" class=\"slider-996 slide-1004\" \/><\/li>\n                <li style=\"display: none; width: 100%;\" class=\"slide-1005 ms-image \" aria-roledescription=\"slide\" aria-label=\"slide-1005\" data-date=\"2015-09-24 21:53:41\"><img loading=\"lazy\" decoding=\"async\" src=\"https:\/\/helipoland.com\/wp-content\/uploads\/2015\/09\/p_00101-703x440.jpg\" height=\"500\" width=\"800\" alt=\"Sprzeda\u017c helikopter\u00f3w Robinson R 66 turbinowy\" class=\"slider-996 slide-1005\" \/><\/li>\n                <li style=\"display: none; width: 100%;\" class=\"slide-1006 ms-image \" aria-roledescription=\"slide\" aria-label=\"slide-1006\" data-date=\"2015-09-24 21:53:44\"><img loading=\"lazy\" decoding=\"async\" src=\"https:\/\/helipoland.com\/wp-content\/uploads\/2015\/09\/p_00111-703x440.jpg\" height=\"500\" width=\"800\" alt=\"Sprzeda\u017c helikopter\u00f3w Robinson R 66 turbinowy\" class=\"slider-996 slide-1006\" \/><\/li>\n            <\/ul>\n        <\/div>\n        \n    <\/div>\n<\/div>\n<p style=\"text-align: justify;\"><\/div><div class=\"ezcol-divider\"><\/div>\n<p><img loading=\"lazy\" decoding=\"async\" class=\"aligncenter wp-image-1010\" src=\"http:\/\/helipoland.com\/wp-content\/uploads\/2015\/09\/R66-ENG-1024x595.jpg\" alt=\"R66 ENG\" width=\"800\" height=\"465\" srcset=\"https:\/\/helipoland.com\/wp-content\/uploads\/2015\/09\/R66-ENG-1024x595.jpg 1024w, https:\/\/helipoland.com\/wp-content\/uploads\/2015\/09\/R66-ENG-300x174.jpg 300w, https:\/\/helipoland.com\/wp-content\/uploads\/2015\/09\/R66-ENG.jpg 1500w\" sizes=\"auto, (max-width: 800px) 100vw, 800px\" \/><\/p>\n<div id='gallery-3' class='gallery galleryid-1007 gallery-columns-2 gallery-size-full'><figure class='gallery-item'>\n\t\t\t<div class='gallery-icon landscape'>\n\t\t\t\t<img loading=\"lazy\" decoding=\"async\" width=\"1024\" height=\"683\" src=\"https:\/\/helipoland.com\/wp-content\/uploads\/2019\/11\/R-66-3.jpg\" class=\"attachment-full size-full\" alt=\"\" srcset=\"https:\/\/helipoland.com\/wp-content\/uploads\/2019\/11\/R-66-3.jpg 1024w, https:\/\/helipoland.com\/wp-content\/uploads\/2019\/11\/R-66-3-300x200.jpg 300w, https:\/\/helipoland.com\/wp-content\/uploads\/2019\/11\/R-66-3-768x512.jpg 768w, https:\/\/helipoland.com\/wp-content\/uploads\/2019\/11\/R-66-3-600x400.jpg 600w, https:\/\/helipoland.com\/wp-content\/uploads\/2019\/11\/R-66-3-272x182.jpg 272w\" sizes=\"auto, (max-width: 1024px) 100vw, 1024px\" \/>\n\t\t\t<\/div><\/figure><figure class='gallery-item'>\n\t\t\t<div class='gallery-icon landscape'>\n\t\t\t\t<img loading=\"lazy\" decoding=\"async\" width=\"1024\" height=\"683\" src=\"https:\/\/helipoland.com\/wp-content\/uploads\/2019\/11\/R-66-2.jpg\" class=\"attachment-full size-full\" alt=\"\" srcset=\"https:\/\/helipoland.com\/wp-content\/uploads\/2019\/11\/R-66-2.jpg 1024w, https:\/\/helipoland.com\/wp-content\/uploads\/2019\/11\/R-66-2-300x200.jpg 300w, https:\/\/helipoland.com\/wp-content\/uploads\/2019\/11\/R-66-2-768x512.jpg 768w, https:\/\/helipoland.com\/wp-content\/uploads\/2019\/11\/R-66-2-600x400.jpg 600w, https:\/\/helipoland.com\/wp-content\/uploads\/2019\/11\/R-66-2-272x182.jpg 272w\" sizes=\"auto, (max-width: 1024px) 100vw, 1024px\" \/>\n\t\t\t<\/div><\/figure>\n\t\t<\/div>\n\n<p style=\"text-align: justify;\">Outfitted with pop-out floats, the <span style=\"text-decoration: underline;\"><strong><a href=\"https:\/\/robinsonheli.com\/cgi-bin\/conform.cgi?model=M66\" target=\"_blank\" rel=\"noopener noreferrer\">R66 Turbine Marine<\/a><\/strong><\/span> offers an additional level of safety for over-water travel. Designed for emergencies, the six-chamber floats inflate within 2-3 seconds of activation. A lever on the pilot\u2019s collective releases pressurized helium from a tank located under the aircraft\u2019s right rear seat. The activation lever uses a mechanical pull cable and does not rely on an electrically actuated system for inflation. Floats may be activated and flown at speeds up to eighty knots The installation adds approximately sixty-five pounds to the helicopter\u2019s empty weight. When not in use, floats roll-up and stow in covers along the aircraft\u2019s landing skids. The streamlined, low profile design minimizes drag and allows for easy entry and exit of the cabin.<\/p>\n<div id='gallery-4' class='gallery galleryid-1007 gallery-columns-2 gallery-size-full'><figure class='gallery-item'>\n\t\t\t<div class='gallery-icon landscape'>\n\t\t\t\t<img loading=\"lazy\" decoding=\"async\" width=\"740\" height=\"460\" src=\"https:\/\/helipoland.com\/wp-content\/uploads\/2015\/09\/landing_page_photo_3.jpg\" class=\"attachment-full size-full\" alt=\"Wynajem \u015bmig\u0142owca\" aria-describedby=\"gallery-4-1046\" srcset=\"https:\/\/helipoland.com\/wp-content\/uploads\/2015\/09\/landing_page_photo_3.jpg 740w, https:\/\/helipoland.com\/wp-content\/uploads\/2015\/09\/landing_page_photo_3-300x186.jpg 300w\" sizes=\"auto, (max-width: 740px) 100vw, 740px\" \/>\n\t\t\t<\/div>\n\t\t\t\t<figcaption class='wp-caption-text gallery-caption' id='gallery-4-1046'>\n\t\t\t\tR66 Turbine Marine\n\t\t\t\t<\/figcaption><\/figure><figure class='gallery-item'>\n\t\t\t<div class='gallery-icon landscape'>\n\t\t\t\t<img loading=\"lazy\" decoding=\"async\" width=\"640\" height=\"454\" src=\"https:\/\/helipoland.com\/wp-content\/uploads\/2015\/09\/0304_Robinson_R66.jpg\" class=\"attachment-full size-full\" alt=\"Sprzeda\u017c helikopter\u00f3w Robinson R 66 turbinowy morski\" srcset=\"https:\/\/helipoland.com\/wp-content\/uploads\/2015\/09\/0304_Robinson_R66.jpg 640w, https:\/\/helipoland.com\/wp-content\/uploads\/2015\/09\/0304_Robinson_R66-300x213.jpg 300w\" sizes=\"auto, (max-width: 640px) 100vw, 640px\" \/>\n\t\t\t<\/div><\/figure>\n\t\t<\/div>\n\n<p><a class=\"single_photoswipe\" href=\"http:\/\/helipoland.com\/wp-content\/uploads\/2015\/09\/r66_turb.jpg\" data-size=\"400x62\"><img loading=\"lazy\" decoding=\"async\" class=\" size-medium wp-image-2424 aligncenter\" src=\"http:\/\/helipoland.com\/wp-content\/uploads\/2015\/09\/r66_turb-300x47.jpg\" alt=\"R 66 turbine\" width=\"300\" height=\"47\" srcset=\"https:\/\/helipoland.com\/wp-content\/uploads\/2015\/09\/r66_turb-300x47.jpg 300w, https:\/\/helipoland.com\/wp-content\/uploads\/2015\/09\/r66_turb.jpg 400w\" sizes=\"auto, (max-width: 300px) 100vw, 300px\" \/><\/a><\/p>\n<p><img loading=\"lazy\" decoding=\"async\" class=\"alignnone size-full wp-image-4160\" src=\"https:\/\/helipoland.com\/wp-content\/uploads\/2019\/11\/R-66-1.jpg\" alt=\"\" width=\"1500\" height=\"750\" srcset=\"https:\/\/helipoland.com\/wp-content\/uploads\/2019\/11\/R-66-1.jpg 1500w, https:\/\/helipoland.com\/wp-content\/uploads\/2019\/11\/R-66-1-300x150.jpg 300w, https:\/\/helipoland.com\/wp-content\/uploads\/2019\/11\/R-66-1-768x384.jpg 768w, https:\/\/helipoland.com\/wp-content\/uploads\/2019\/11\/R-66-1-1024x512.jpg 1024w, https:\/\/helipoland.com\/wp-content\/uploads\/2019\/11\/R-66-1-600x300.jpg 600w\" sizes=\"auto, (max-width: 1500px) 100vw, 1500px\" \/>","protected":false},"excerpt":{"rendered":"<p>Outfitted with pop-out floats, the R66 Turbine Marine offers an additional level of safety for over-water travel. Designed for emergencies,[&#8230;..]<\/p>\n","protected":false},"author":1,"featured_media":0,"parent":939,"menu_order":0,"comment_status":"closed","ping_status":"closed","template":"template-fullwidth-with-form.php","meta":{"_acf_changed":false,"footnotes":""},"class_list":["post-1007","page","type-page","status-publish","hentry"],"acf":[],"yoast_head":"<!-- This site is optimized with the Yoast SEO plugin v24.8.1 - https:\/\/yoast.com\/wordpress\/plugins\/seo\/ -->\n<title>R66 Turbine<\/title>\n<meta name=\"description\" content=\"R66 Turbine Helicopter\" \/>\n<meta name=\"robots\" content=\"index, follow, max-snippet:-1, max-image-preview:large, max-video-preview:-1\" \/>\n<link rel=\"canonical\" href=\"https:\/\/helipoland.com\/sprzedaz-helikopterow-smiglowcow\/helikoptery-robinson\/r66-turbinowy\/\" \/>\n<meta property=\"og:locale\" content=\"en_US\" \/>\n<meta property=\"og:type\" content=\"article\" \/>\n<meta property=\"og:title\" content=\"[:pl]R66 TURBINOWY[:en]R66 Turbine[:]\" \/>\n<meta property=\"og:description\" content=\"{:pl}\u015amig\u0142owiec R66 TURBINOWY{:en}R66 Turbine Helicopter{:}\" \/>\n<meta property=\"og:url\" content=\"https:\/\/helipoland.com\/sprzedaz-helikopterow-smiglowcow\/helikoptery-robinson\/r66-turbinowy\/\" \/>\n<meta property=\"og:site_name\" content=\"Helipoland.com\" \/>\n<meta property=\"article:modified_time\" content=\"2023-07-13T10:09:57+00:00\" \/>\n<meta property=\"og:image\" content=\"https:\/\/helipoland.com\/wp-content\/uploads\/2019\/11\/R-66-3.jpg\" \/>\n<meta name=\"twitter:label1\" content=\"Est. reading time\" \/>\n\t<meta name=\"twitter:data1\" content=\"4 minutes\" \/>\n<script type=\"application\/ld+json\" class=\"yoast-schema-graph\">{\"@context\":\"https:\/\/schema.org\",\"@graph\":[{\"@type\":\"WebPage\",\"@id\":\"https:\/\/helipoland.com\/sprzedaz-helikopterow-smiglowcow\/helikoptery-robinson\/r66-turbinowy\/\",\"url\":\"https:\/\/helipoland.com\/sprzedaz-helikopterow-smiglowcow\/helikoptery-robinson\/r66-turbinowy\/\",\"name\":\"[:pl]R66 TURBINOWY[:en]R66 Turbine[:]\",\"isPartOf\":{\"@id\":\"https:\/\/helipoland.com\/pl\/#website\"},\"primaryImageOfPage\":{\"@id\":\"https:\/\/helipoland.com\/sprzedaz-helikopterow-smiglowcow\/helikoptery-robinson\/r66-turbinowy\/#primaryimage\"},\"image\":{\"@id\":\"https:\/\/helipoland.com\/sprzedaz-helikopterow-smiglowcow\/helikoptery-robinson\/r66-turbinowy\/#primaryimage\"},\"thumbnailUrl\":\"http:\/\/helipoland.com\/wp-content\/uploads\/2015\/09\/R66-PL-1024x595.jpg\",\"datePublished\":\"2015-09-24T22:05:43+00:00\",\"dateModified\":\"2023-07-13T10:09:57+00:00\",\"description\":\"{:pl}\u015amig\u0142owiec R66 TURBINOWY{:en}R66 Turbine Helicopter{:}\",\"breadcrumb\":{\"@id\":\"https:\/\/helipoland.com\/sprzedaz-helikopterow-smiglowcow\/helikoptery-robinson\/r66-turbinowy\/#breadcrumb\"},\"inLanguage\":\"en-US\",\"potentialAction\":[{\"@type\":\"ReadAction\",\"target\":[\"https:\/\/helipoland.com\/sprzedaz-helikopterow-smiglowcow\/helikoptery-robinson\/r66-turbinowy\/\"]}]},{\"@type\":\"ImageObject\",\"inLanguage\":\"en-US\",\"@id\":\"https:\/\/helipoland.com\/sprzedaz-helikopterow-smiglowcow\/helikoptery-robinson\/r66-turbinowy\/#primaryimage\",\"url\":\"http:\/\/helipoland.com\/wp-content\/uploads\/2015\/09\/R66-PL-1024x595.jpg\",\"contentUrl\":\"http:\/\/helipoland.com\/wp-content\/uploads\/2015\/09\/R66-PL-1024x595.jpg\"},{\"@type\":\"BreadcrumbList\",\"@id\":\"https:\/\/helipoland.com\/sprzedaz-helikopterow-smiglowcow\/helikoptery-robinson\/r66-turbinowy\/#breadcrumb\",\"itemListElement\":[{\"@type\":\"ListItem\",\"position\":1,\"name\":\"Helipoland.com\",\"item\":\"https:\/\/helipoland.com\/pl\/\"},{\"@type\":\"ListItem\",\"position\":2,\"name\":\"Sprzeda\u017c nowych i u\u017cywanych \u015bmig\u0142owc\u00f3w (helikopter\u00f3w), akcesoria, l\u0105dowiska\",\"item\":\"https:\/\/helipoland.com\/sprzedaz-helikopterow-smiglowcow\/\"},{\"@type\":\"ListItem\",\"position\":3,\"name\":\"Nowe \u015bmig\u0142owce Robinson\",\"item\":\"https:\/\/helipoland.com\/sprzedaz-helikopterow-smiglowcow\/helikoptery-robinson\/\"},{\"@type\":\"ListItem\",\"position\":4,\"name\":\"R66 Turbine\"}]},{\"@type\":\"WebSite\",\"@id\":\"https:\/\/helipoland.com\/pl\/#website\",\"url\":\"https:\/\/helipoland.com\/pl\/\",\"name\":\"Helipoland.com\",\"description\":\"Helicopter flights, flying school, air services, helicopters\",\"potentialAction\":[{\"@type\":\"SearchAction\",\"target\":{\"@type\":\"EntryPoint\",\"urlTemplate\":\"https:\/\/helipoland.com\/pl\/?s={search_term_string}\"},\"query-input\":{\"@type\":\"PropertyValueSpecification\",\"valueRequired\":true,\"valueName\":\"search_term_string\"}}],\"inLanguage\":\"en-US\"}]}<\/script>\n<!-- \/ Yoast SEO plugin. -->","yoast_head_json":{"title":"R66 Turbine","description":"R66 Turbine Helicopter","robots":{"index":"index","follow":"follow","max-snippet":"max-snippet:-1","max-image-preview":"max-image-preview:large","max-video-preview":"max-video-preview:-1"},"canonical":"https:\/\/helipoland.com\/sprzedaz-helikopterow-smiglowcow\/helikoptery-robinson\/r66-turbinowy\/","og_locale":"en_US","og_type":"article","og_title":"[:pl]R66 TURBINOWY[:en]R66 Turbine[:]","og_description":"{:pl}\u015amig\u0142owiec R66 TURBINOWY{:en}R66 Turbine Helicopter{:}","og_url":"https:\/\/helipoland.com\/sprzedaz-helikopterow-smiglowcow\/helikoptery-robinson\/r66-turbinowy\/","og_site_name":"Helipoland.com","article_modified_time":"2023-07-13T10:09:57+00:00","og_image":[{"url":"https:\/\/helipoland.com\/wp-content\/uploads\/2019\/11\/R-66-3.jpg","type":"","width":"","height":""}],"twitter_misc":{"Est. reading time":"4 minutes"},"schema":{"@context":"https:\/\/schema.org","@graph":[{"@type":"WebPage","@id":"https:\/\/helipoland.com\/sprzedaz-helikopterow-smiglowcow\/helikoptery-robinson\/r66-turbinowy\/","url":"https:\/\/helipoland.com\/sprzedaz-helikopterow-smiglowcow\/helikoptery-robinson\/r66-turbinowy\/","name":"[:pl]R66 TURBINOWY[:en]R66 Turbine[:]","isPartOf":{"@id":"https:\/\/helipoland.com\/pl\/#website"},"primaryImageOfPage":{"@id":"https:\/\/helipoland.com\/sprzedaz-helikopterow-smiglowcow\/helikoptery-robinson\/r66-turbinowy\/#primaryimage"},"image":{"@id":"https:\/\/helipoland.com\/sprzedaz-helikopterow-smiglowcow\/helikoptery-robinson\/r66-turbinowy\/#primaryimage"},"thumbnailUrl":"http:\/\/helipoland.com\/wp-content\/uploads\/2015\/09\/R66-PL-1024x595.jpg","datePublished":"2015-09-24T22:05:43+00:00","dateModified":"2023-07-13T10:09:57+00:00","description":"{:pl}\u015amig\u0142owiec R66 TURBINOWY{:en}R66 Turbine Helicopter{:}","breadcrumb":{"@id":"https:\/\/helipoland.com\/sprzedaz-helikopterow-smiglowcow\/helikoptery-robinson\/r66-turbinowy\/#breadcrumb"},"inLanguage":"en-US","potentialAction":[{"@type":"ReadAction","target":["https:\/\/helipoland.com\/sprzedaz-helikopterow-smiglowcow\/helikoptery-robinson\/r66-turbinowy\/"]}]},{"@type":"ImageObject","inLanguage":"en-US","@id":"https:\/\/helipoland.com\/sprzedaz-helikopterow-smiglowcow\/helikoptery-robinson\/r66-turbinowy\/#primaryimage","url":"http:\/\/helipoland.com\/wp-content\/uploads\/2015\/09\/R66-PL-1024x595.jpg","contentUrl":"http:\/\/helipoland.com\/wp-content\/uploads\/2015\/09\/R66-PL-1024x595.jpg"},{"@type":"BreadcrumbList","@id":"https:\/\/helipoland.com\/sprzedaz-helikopterow-smiglowcow\/helikoptery-robinson\/r66-turbinowy\/#breadcrumb","itemListElement":[{"@type":"ListItem","position":1,"name":"Helipoland.com","item":"https:\/\/helipoland.com\/pl\/"},{"@type":"ListItem","position":2,"name":"Sprzeda\u017c nowych i u\u017cywanych \u015bmig\u0142owc\u00f3w (helikopter\u00f3w), akcesoria, l\u0105dowiska","item":"https:\/\/helipoland.com\/sprzedaz-helikopterow-smiglowcow\/"},{"@type":"ListItem","position":3,"name":"Nowe \u015bmig\u0142owce Robinson","item":"https:\/\/helipoland.com\/sprzedaz-helikopterow-smiglowcow\/helikoptery-robinson\/"},{"@type":"ListItem","position":4,"name":"R66 Turbine"}]},{"@type":"WebSite","@id":"https:\/\/helipoland.com\/pl\/#website","url":"https:\/\/helipoland.com\/pl\/","name":"Helipoland.com","description":"Helicopter flights, flying school, air services, helicopters","potentialAction":[{"@type":"SearchAction","target":{"@type":"EntryPoint","urlTemplate":"https:\/\/helipoland.com\/pl\/?s={search_term_string}"},"query-input":{"@type":"PropertyValueSpecification","valueRequired":true,"valueName":"search_term_string"}}],"inLanguage":"en-US"}]}},"_links":{"self":[{"href":"https:\/\/helipoland.com\/en\/wp-json\/wp\/v2\/pages\/1007","targetHints":{"allow":["GET"]}}],"collection":[{"href":"https:\/\/helipoland.com\/en\/wp-json\/wp\/v2\/pages"}],"about":[{"href":"https:\/\/helipoland.com\/en\/wp-json\/wp\/v2\/types\/page"}],"author":[{"embeddable":true,"href":"https:\/\/helipoland.com\/en\/wp-json\/wp\/v2\/users\/1"}],"replies":[{"embeddable":true,"href":"https:\/\/helipoland.com\/en\/wp-json\/wp\/v2\/comments?post=1007"}],"version-history":[{"count":54,"href":"https:\/\/helipoland.com\/en\/wp-json\/wp\/v2\/pages\/1007\/revisions"}],"predecessor-version":[{"id":5884,"href":"https:\/\/helipoland.com\/en\/wp-json\/wp\/v2\/pages\/1007\/revisions\/5884"}],"up":[{"embeddable":true,"href":"https:\/\/helipoland.com\/en\/wp-json\/wp\/v2\/pages\/939"}],"wp:attachment":[{"href":"https:\/\/helipoland.com\/en\/wp-json\/wp\/v2\/media?parent=1007"}],"curies":[{"name":"wp","href":"https:\/\/api.w.org\/{rel}","templated":true}]}}