{"id":1344,"date":"2015-09-30T07:23:11","date_gmt":"2015-09-30T07:23:11","guid":{"rendered":"http:\/\/helipoland.com\/?page_id=1344"},"modified":"2023-01-23T11:58:46","modified_gmt":"2023-01-23T11:58:46","slug":"uprawnienia-w-licencji-pilota-smiglowca","status":"publish","type":"page","link":"https:\/\/helipoland.com\/en\/szkolenia-pilotow\/uprawnienia-w-licencji-pilota-smiglowca\/","title":{"rendered":"Ratings in a helicopter pilot license"},"content":{"rendered":"<div class=\"ezcol ezcol-one-half\">\n<p style=\"text-align: justify;\">Obtaining a helicopter pilot license entitles you to perform the duties of a pilot on that type of helicopter on which the exam was held for the license. If you want to sit behind the\u00a0steers\u00a0of another machine in the role of pilot-in-command you must undergo a brief training on this particular type regardless of the type of license held. Type of license is however important for performing flights at night, because with professional license you are not required to have an entry\u00a0of\u00a0VFR night as in the case of a private pilot license for which you have to undergo\u00a0a separate night VFR training. Permission to perform instrument flight in IMC (Instrument Meteorological Conditions), that is\u00a0below VMC (visual meteorological conditions) or VFR or VFR minimums spec. also requires an entry in the license regardless of its type. Ratings in a helicopter pilot license\u00a0could also affect other kinds of acting as a pilot, for example \u00a0instructor rating. Detailed information on the various ratings and\u00a0circumstances of their achievement and sustain you can advise with us, the Office of Civil Aviation Authority or read\u00a0a document called Part-FCL, which is linked below.<\/div> <div class=\"ezcol ezcol-one-half ezcol-last\"><div id=\"metaslider-id-1495\" style=\"max-width: 700px;\" class=\"ml-slider-3-97-0 metaslider metaslider-flex metaslider-1495 ml-slider ms-theme-default\" role=\"region\" aria-roledescription=\"Slideshow\" aria-label=\"Uprawnienia\" data-width=\"700\">\n    <div id=\"metaslider_container_1495\">\n        <div id=\"metaslider_1495\">\n            <ul class='slides'>\n                <li style=\"display: block; width: 100%;\" class=\"slide-1497 ms-image \" aria-roledescription=\"slide\" aria-label=\"slide-1497\" data-date=\"2015-10-04 18:19:05\"><img loading=\"lazy\" decoding=\"async\" src=\"https:\/\/helipoland.com\/wp-content\/uploads\/2015\/10\/night-rating-helicopter-650x464.jpg\" height=\"500\" width=\"700\" alt=\"Szkolenie VFR noc na \u015bmig\u0142owcu\" class=\"slider-1495 slide-1497\" \/><\/li>\n                <li style=\"display: none; width: 100%;\" class=\"slide-1500 ms-image \" aria-roledescription=\"slide\" aria-label=\"slide-1500\" data-date=\"2015-10-04 18:22:00\"><img loading=\"lazy\" decoding=\"async\" src=\"https:\/\/helipoland.com\/wp-content\/uploads\/2015\/10\/DSC_1689-min-700x500.jpg\" height=\"500\" width=\"700\" alt=\"Szkolenia pilot\u00f3w \u015bmig\u0142owce\" class=\"slider-1495 slide-1500\" \/><\/li>\n                <li style=\"display: none; width: 100%;\" class=\"slide-1499 ms-image \" aria-roledescription=\"slide\" aria-label=\"slide-1499\" data-date=\"2015-10-04 18:21:52\"><img loading=\"lazy\" decoding=\"async\" src=\"https:\/\/helipoland.com\/wp-content\/uploads\/2015\/10\/Cockpit11169-min-700x500.jpg\" height=\"500\" width=\"700\" alt=\"Szkolenie IR(H)\" class=\"slider-1495 slide-1499\" \/><\/li>\n            <\/ul>\n        <\/div>\n        \n    <\/div>\n<\/div><\/div><div class=\"ezcol-divider\"><\/div><a href=\"http:\/\/eur-lex.europa.eu\/LexUriServ\/LexUriServ.do?uri=OJ:L:2011:311:0001:0193:EN:PDF\" target=\"_blank\" rel=\"noopener noreferrer\">COMMISSION REGULATION (EU) No 1178\/2011\u00a0of 3 November 2011.<\/a>\u00a0<a style=\"line-height: 1.5;\" href=\"http:\/\/eur-lex.europa.eu\/LexUriServ\/LexUriServ.do?uri=OJ:L:2011:311:0001:0193:EN:PDF\" target=\"_blank\" rel=\"noopener noreferrer\">laying down technical requirements and administrative procedures related to civil aviation aircrew pursuant to Regulation of the European Parliament and Council Regulation (EC) No 216\/2008<\/a><\/p>","protected":false},"excerpt":{"rendered":"<p>COMMISSION REGULATION (EU) No 1178\/2011\u00a0of 3 November 2011.\u00a0laying down technical requirements and administrative procedures related to civil aviation aircrew pursuant[&#8230;..]<\/p>\n","protected":false},"author":1,"featured_media":0,"parent":408,"menu_order":0,"comment_status":"closed","ping_status":"closed","template":"template-fullwidth-with-form.php","meta":{"_acf_changed":false,"footnotes":""},"class_list":["post-1344","page","type-page","status-publish","hentry"],"acf":[],"yoast_head":"<!-- This site is optimized with the Yoast SEO plugin v24.8.1 - https:\/\/yoast.com\/wordpress\/plugins\/seo\/ -->\n<title>Ratings in a helicopter pilot license<\/title>\n<meta name=\"description\" content=\"Ratings in a helicopter pilot license. Type ratings, night rating, instructor rating.\" \/>\n<meta name=\"robots\" content=\"index, follow, max-snippet:-1, max-image-preview:large, max-video-preview:-1\" \/>\n<link rel=\"canonical\" href=\"https:\/\/helipoland.com\/szkolenia-pilotow\/uprawnienia-w-licencji-pilota-smiglowca\/\" \/>\n<meta property=\"og:locale\" content=\"en_US\" \/>\n<meta property=\"og:type\" content=\"article\" \/>\n<meta property=\"og:title\" content=\"[:pl]Uprawnienia w licencji pilota \u015bmig\u0142owca[:en]Ratings in a helicopter pilot license[:]\" \/>\n<meta property=\"og:description\" content=\"{:pl}Uprawnienia w licencji pilota \u015bmig\u0142owca. Uprawnienia na typ, uprawnienie do lot\u00f3w nocnych, uprawnienie instruktorskie.{:en}Ratings in a helicopter pilot license. Type ratings, night rating, instructor rating.{:}\" \/>\n<meta property=\"og:url\" content=\"https:\/\/helipoland.com\/szkolenia-pilotow\/uprawnienia-w-licencji-pilota-smiglowca\/\" \/>\n<meta property=\"og:site_name\" content=\"Helipoland.com\" \/>\n<meta property=\"article:modified_time\" content=\"2023-01-23T11:58:46+00:00\" \/>\n<meta name=\"twitter:label1\" content=\"Est. reading time\" \/>\n\t<meta name=\"twitter:data1\" content=\"2 minutes\" \/>\n<script type=\"application\/ld+json\" class=\"yoast-schema-graph\">{\"@context\":\"https:\/\/schema.org\",\"@graph\":[{\"@type\":\"WebPage\",\"@id\":\"https:\/\/helipoland.com\/szkolenia-pilotow\/uprawnienia-w-licencji-pilota-smiglowca\/\",\"url\":\"https:\/\/helipoland.com\/szkolenia-pilotow\/uprawnienia-w-licencji-pilota-smiglowca\/\",\"name\":\"[:pl]Uprawnienia w licencji pilota \u015bmig\u0142owca[:en]Ratings in a helicopter pilot license[:]\",\"isPartOf\":{\"@id\":\"https:\/\/helipoland.com\/pl\/#website\"},\"datePublished\":\"2015-09-30T07:23:11+00:00\",\"dateModified\":\"2023-01-23T11:58:46+00:00\",\"description\":\"{:pl}Uprawnienia w licencji pilota \u015bmig\u0142owca. Uprawnienia na typ, uprawnienie do lot\u00f3w nocnych, uprawnienie instruktorskie.{:en}Ratings in a helicopter pilot license. Type ratings, night rating, instructor rating.{:}\",\"breadcrumb\":{\"@id\":\"https:\/\/helipoland.com\/szkolenia-pilotow\/uprawnienia-w-licencji-pilota-smiglowca\/#breadcrumb\"},\"inLanguage\":\"en-US\",\"potentialAction\":[{\"@type\":\"ReadAction\",\"target\":[\"https:\/\/helipoland.com\/szkolenia-pilotow\/uprawnienia-w-licencji-pilota-smiglowca\/\"]}]},{\"@type\":\"BreadcrumbList\",\"@id\":\"https:\/\/helipoland.com\/szkolenia-pilotow\/uprawnienia-w-licencji-pilota-smiglowca\/#breadcrumb\",\"itemListElement\":[{\"@type\":\"ListItem\",\"position\":1,\"name\":\"Helipoland.com\",\"item\":\"https:\/\/helipoland.com\/pl\/\"},{\"@type\":\"ListItem\",\"position\":2,\"name\":\"Szkolenia pilot\u00f3w\",\"item\":\"https:\/\/helipoland.com\/szkolenia-pilotow\/\"},{\"@type\":\"ListItem\",\"position\":3,\"name\":\"Uprawnienia w licencji pilota \u015bmig\u0142owca\"}]},{\"@type\":\"WebSite\",\"@id\":\"https:\/\/helipoland.com\/pl\/#website\",\"url\":\"https:\/\/helipoland.com\/pl\/\",\"name\":\"Helipoland.com\",\"description\":\"Helicopter flights, flying school, air services, helicopters\",\"potentialAction\":[{\"@type\":\"SearchAction\",\"target\":{\"@type\":\"EntryPoint\",\"urlTemplate\":\"https:\/\/helipoland.com\/pl\/?s={search_term_string}\"},\"query-input\":{\"@type\":\"PropertyValueSpecification\",\"valueRequired\":true,\"valueName\":\"search_term_string\"}}],\"inLanguage\":\"en-US\"}]}<\/script>\n<!-- \/ Yoast SEO plugin. -->","yoast_head_json":{"title":"Ratings in a helicopter pilot license","description":"Ratings in a helicopter pilot license. Type ratings, night rating, instructor rating.","robots":{"index":"index","follow":"follow","max-snippet":"max-snippet:-1","max-image-preview":"max-image-preview:large","max-video-preview":"max-video-preview:-1"},"canonical":"https:\/\/helipoland.com\/szkolenia-pilotow\/uprawnienia-w-licencji-pilota-smiglowca\/","og_locale":"en_US","og_type":"article","og_title":"[:pl]Uprawnienia w licencji pilota \u015bmig\u0142owca[:en]Ratings in a helicopter pilot license[:]","og_description":"{:pl}Uprawnienia w licencji pilota \u015bmig\u0142owca. Uprawnienia na typ, uprawnienie do lot\u00f3w nocnych, uprawnienie instruktorskie.{:en}Ratings in a helicopter pilot license. Type ratings, night rating, instructor rating.{:}","og_url":"https:\/\/helipoland.com\/szkolenia-pilotow\/uprawnienia-w-licencji-pilota-smiglowca\/","og_site_name":"Helipoland.com","article_modified_time":"2023-01-23T11:58:46+00:00","twitter_misc":{"Est. reading time":"2 minutes"},"schema":{"@context":"https:\/\/schema.org","@graph":[{"@type":"WebPage","@id":"https:\/\/helipoland.com\/szkolenia-pilotow\/uprawnienia-w-licencji-pilota-smiglowca\/","url":"https:\/\/helipoland.com\/szkolenia-pilotow\/uprawnienia-w-licencji-pilota-smiglowca\/","name":"[:pl]Uprawnienia w licencji pilota \u015bmig\u0142owca[:en]Ratings in a helicopter pilot license[:]","isPartOf":{"@id":"https:\/\/helipoland.com\/pl\/#website"},"datePublished":"2015-09-30T07:23:11+00:00","dateModified":"2023-01-23T11:58:46+00:00","description":"{:pl}Uprawnienia w licencji pilota \u015bmig\u0142owca. Uprawnienia na typ, uprawnienie do lot\u00f3w nocnych, uprawnienie instruktorskie.{:en}Ratings in a helicopter pilot license. Type ratings, night rating, instructor rating.{:}","breadcrumb":{"@id":"https:\/\/helipoland.com\/szkolenia-pilotow\/uprawnienia-w-licencji-pilota-smiglowca\/#breadcrumb"},"inLanguage":"en-US","potentialAction":[{"@type":"ReadAction","target":["https:\/\/helipoland.com\/szkolenia-pilotow\/uprawnienia-w-licencji-pilota-smiglowca\/"]}]},{"@type":"BreadcrumbList","@id":"https:\/\/helipoland.com\/szkolenia-pilotow\/uprawnienia-w-licencji-pilota-smiglowca\/#breadcrumb","itemListElement":[{"@type":"ListItem","position":1,"name":"Helipoland.com","item":"https:\/\/helipoland.com\/pl\/"},{"@type":"ListItem","position":2,"name":"Szkolenia pilot\u00f3w","item":"https:\/\/helipoland.com\/szkolenia-pilotow\/"},{"@type":"ListItem","position":3,"name":"Uprawnienia w licencji pilota \u015bmig\u0142owca"}]},{"@type":"WebSite","@id":"https:\/\/helipoland.com\/pl\/#website","url":"https:\/\/helipoland.com\/pl\/","name":"Helipoland.com","description":"Helicopter flights, flying school, air services, helicopters","potentialAction":[{"@type":"SearchAction","target":{"@type":"EntryPoint","urlTemplate":"https:\/\/helipoland.com\/pl\/?s={search_term_string}"},"query-input":{"@type":"PropertyValueSpecification","valueRequired":true,"valueName":"search_term_string"}}],"inLanguage":"en-US"}]}},"_links":{"self":[{"href":"https:\/\/helipoland.com\/en\/wp-json\/wp\/v2\/pages\/1344","targetHints":{"allow":["GET"]}}],"collection":[{"href":"https:\/\/helipoland.com\/en\/wp-json\/wp\/v2\/pages"}],"about":[{"href":"https:\/\/helipoland.com\/en\/wp-json\/wp\/v2\/types\/page"}],"author":[{"embeddable":true,"href":"https:\/\/helipoland.com\/en\/wp-json\/wp\/v2\/users\/1"}],"replies":[{"embeddable":true,"href":"https:\/\/helipoland.com\/en\/wp-json\/wp\/v2\/comments?post=1344"}],"version-history":[{"count":14,"href":"https:\/\/helipoland.com\/en\/wp-json\/wp\/v2\/pages\/1344\/revisions"}],"predecessor-version":[{"id":5811,"href":"https:\/\/helipoland.com\/en\/wp-json\/wp\/v2\/pages\/1344\/revisions\/5811"}],"up":[{"embeddable":true,"href":"https:\/\/helipoland.com\/en\/wp-json\/wp\/v2\/pages\/408"}],"wp:attachment":[{"href":"https:\/\/helipoland.com\/en\/wp-json\/wp\/v2\/media?parent=1344"}],"curies":[{"name":"wp","href":"https:\/\/api.w.org\/{rel}","templated":true}]}}