{"id":1391,"date":"2015-10-01T17:59:44","date_gmt":"2015-10-01T17:59:44","guid":{"rendered":"http:\/\/helipoland.com\/?page_id=1391"},"modified":"2023-01-17T11:58:04","modified_gmt":"2023-01-17T11:58:04","slug":"akcesoria","status":"publish","type":"page","link":"https:\/\/helipoland.com\/en\/sprzedaz-helikopterow-smiglowcow\/akcesoria\/","title":{"rendered":"Accessories"},"content":{"rendered":"<hr \/>\n<h3 style=\"text-align: center;\">Helicopter moving solutions, bear paws, helicopter basket and many more..<\/h3>\n<p>We are pleased to offer you helicopter accessories\u00a0of <strong><a title=\"Helitowcart - helipoland.com\" href=\"http:\/\/www.helitowcart.com\/\" target=\"_blank\" rel=\"noopener noreferrer\">&#8220;Helitowcart&#8221;<\/a>, &#8220;<a title=\"Aero Design - helipoland.com\" href=\"http:\/\/www.aerodesign.ca\/\" target=\"_blank\" rel=\"noopener noreferrer\">Aero Design<\/a>&#8221; and &#8220;<a title=\"Dart Aerospace - helipoland.com\" href=\"http:\/\/www.dartaerospace.com\/\" target=\"_blank\" rel=\"noopener noreferrer\">Dart Aerospace<\/a>&#8220;<\/strong>\u00a0company, in particular those to move various types of helicopters, adapted to the most varied ground conditions. We also offer external baskets, anti-snow placemats under\u00a0the skids, so-called &#8220;Bearpaws&#8221; and more.. Visit company sites\u00a0<strong><a title=\"Helitowcart - helipoland.com\" href=\"http:\/\/www.helitowcart.com\/\" target=\"_blank\" rel=\"noopener noreferrer\">www.helitowcart.com<\/a>,\u00a0<a title=\"Aero design - helipoland.com\" href=\"http:\/\/www.aerodesign.ca\/\" target=\"_blank\" rel=\"noopener noreferrer\">www.aerodesign.ca<\/a>,\u00a0<a title=\"Dart Aerospace - helipoland.com\" href=\"http:\/\/www.dartaerospace.com\/\" target=\"_blank\" rel=\"noopener noreferrer\">www.dartaerospace.com<\/a><\/strong>\u00a0and contact us to find the best solution for your helicopter and to get\u00a0it straight to your hangar.<\/p>\n<p><img loading=\"lazy\" decoding=\"async\" class=\"aligncenter size-full wp-image-1392\" src=\"http:\/\/helipoland.com\/wp-content\/uploads\/2015\/10\/v1060_slide_001.jpg\" alt=\"v1060_slide_001\" width=\"940\" height=\"299\" srcset=\"https:\/\/helipoland.com\/wp-content\/uploads\/2015\/10\/v1060_slide_001.jpg 940w, https:\/\/helipoland.com\/wp-content\/uploads\/2015\/10\/v1060_slide_001-300x95.jpg 300w\" sizes=\"auto, (max-width: 940px) 100vw, 940px\" \/><\/p>\n<h3 class=\"yt watch-title-container\" style=\"text-align: center;\"><strong><span id=\"eow-title\" class=\"watch-title \" dir=\"ltr\" title=\"Helicopter Wheels for Robinson Helicopters (R22, R44, R66)\"><a href=\"https:\/\/www.youtube.com\/watch?v=Y2mUQ7Oonhs\" target=\"_blank\" rel=\"noopener noreferrer\">Helicopter Wheels for Robinson R22, R44, R66\u00a0&#8211; link to\u00a0presentation<\/a><\/span><\/strong><\/h3>\n<h4 style=\"text-align: center;\">We are a distributor of the world&#8217;s most reputable airline\u00a0headsets company &#8211; <a href=\"http:\/\/www.davidclarkcompany.com\/\" target=\"_blank\" rel=\"noopener noreferrer\">David Clark aviation headsets<\/a>.<\/h4>\n<p style=\"text-align: center;\">David Clark company produces headsets for a variety of industries, including aerospace.<\/p>\n<p style=\"text-align: justify;\">Beginning in 1941, David Clark Company pioneered the development of aerospace crew protective equipment and has directly supported virtually every manned high altitude\/space program to date.<\/p>\n<p style=\"text-align: justify;\">The decades of operational experience gained in the ensuing years includes intimate association with vehicle providers and air\/ space crew and support personnel and provides a comprehensive understanding of the technical requirements for the design, development, qualification, manufacturing and support of reliable and technologically advanced crew protective equipment.<\/p>\n<p style=\"text-align: justify;\">David Clark aviation headsets\u00a0designers, engineers, craftsmen and support personnel are poised to leverage their unique skills to meet the challenges of providing protection to future aerospace crews.<\/p>\n<p style=\"text-align: justify;\">For the best selection of the most appropriate headsets please visit the website of our direct supplier and manufacturer: <a href=\"http:\/\/www.davidclarkcompany.com\/\" target=\"_blank\" rel=\"noopener noreferrer\">http:\/\/www.davidclarkcompany.com\/<\/a><\/p>","protected":false},"excerpt":{"rendered":"<p>Helicopter moving solutions, bear paws, helicopter basket and many more.. We are pleased to offer you helicopter accessories\u00a0of &#8220;Helitowcart&#8221;, &#8220;Aero[&#8230;..]<\/p>\n","protected":false},"author":1,"featured_media":0,"parent":410,"menu_order":0,"comment_status":"closed","ping_status":"closed","template":"template-fullwidth-with-form.php","meta":{"_acf_changed":false,"footnotes":""},"class_list":["post-1391","page","type-page","status-publish","hentry"],"acf":[],"yoast_head":"<!-- This site is optimized with the Yoast SEO plugin v24.8.1 - https:\/\/yoast.com\/wordpress\/plugins\/seo\/ -->\n<title>Helicopter accessories<\/title>\n<meta name=\"description\" content=\"Helicopter accessories. Wheels, tow-carts, basket, bearpaws.\" \/>\n<meta name=\"robots\" content=\"index, follow, max-snippet:-1, max-image-preview:large, max-video-preview:-1\" \/>\n<link rel=\"canonical\" href=\"https:\/\/helipoland.com\/sprzedaz-helikopterow-smiglowcow\/akcesoria\/\" \/>\n<meta property=\"og:locale\" content=\"en_US\" \/>\n<meta property=\"og:type\" content=\"article\" \/>\n<meta property=\"og:title\" content=\"[:pl]Akcesoria do \u015bmig\u0142owc\u00f3w[:en]Helicopter accessories[:]\" \/>\n<meta property=\"og:description\" content=\"{:pl}Akcesoria do \u015bmig\u0142owc\u00f3w. K\u00f3lka, w\u00f3zki, kosz, bearpaws.{:en}Helicopter accessories. Wheels, tow-carts, basket, bearpaws.{:}\" \/>\n<meta property=\"og:url\" content=\"https:\/\/helipoland.com\/sprzedaz-helikopterow-smiglowcow\/akcesoria\/\" \/>\n<meta property=\"og:site_name\" content=\"Helipoland.com\" \/>\n<meta property=\"article:modified_time\" content=\"2023-01-17T11:58:04+00:00\" \/>\n<meta property=\"og:image\" content=\"http:\/\/helipoland.com\/wp-content\/uploads\/2015\/10\/v1060_slide_001.jpg\" \/>\n<meta name=\"twitter:label1\" content=\"Est. reading time\" \/>\n\t<meta name=\"twitter:data1\" content=\"6 minutes\" \/>\n<script type=\"application\/ld+json\" class=\"yoast-schema-graph\">{\"@context\":\"https:\/\/schema.org\",\"@graph\":[{\"@type\":\"WebPage\",\"@id\":\"https:\/\/helipoland.com\/sprzedaz-helikopterow-smiglowcow\/akcesoria\/\",\"url\":\"https:\/\/helipoland.com\/sprzedaz-helikopterow-smiglowcow\/akcesoria\/\",\"name\":\"[:pl]Akcesoria do \u015bmig\u0142owc\u00f3w[:en]Helicopter accessories[:]\",\"isPartOf\":{\"@id\":\"https:\/\/helipoland.com\/pl\/#website\"},\"primaryImageOfPage\":{\"@id\":\"https:\/\/helipoland.com\/sprzedaz-helikopterow-smiglowcow\/akcesoria\/#primaryimage\"},\"image\":{\"@id\":\"https:\/\/helipoland.com\/sprzedaz-helikopterow-smiglowcow\/akcesoria\/#primaryimage\"},\"thumbnailUrl\":\"http:\/\/helipoland.com\/wp-content\/uploads\/2015\/10\/v1060_slide_001.jpg\",\"datePublished\":\"2015-10-01T17:59:44+00:00\",\"dateModified\":\"2023-01-17T11:58:04+00:00\",\"description\":\"{:pl}Akcesoria do \u015bmig\u0142owc\u00f3w. K\u00f3lka, w\u00f3zki, kosz, bearpaws.{:en}Helicopter accessories. Wheels, tow-carts, basket, bearpaws.{:}\",\"breadcrumb\":{\"@id\":\"https:\/\/helipoland.com\/sprzedaz-helikopterow-smiglowcow\/akcesoria\/#breadcrumb\"},\"inLanguage\":\"en-US\",\"potentialAction\":[{\"@type\":\"ReadAction\",\"target\":[\"https:\/\/helipoland.com\/sprzedaz-helikopterow-smiglowcow\/akcesoria\/\"]}]},{\"@type\":\"ImageObject\",\"inLanguage\":\"en-US\",\"@id\":\"https:\/\/helipoland.com\/sprzedaz-helikopterow-smiglowcow\/akcesoria\/#primaryimage\",\"url\":\"http:\/\/helipoland.com\/wp-content\/uploads\/2015\/10\/v1060_slide_001.jpg\",\"contentUrl\":\"http:\/\/helipoland.com\/wp-content\/uploads\/2015\/10\/v1060_slide_001.jpg\"},{\"@type\":\"BreadcrumbList\",\"@id\":\"https:\/\/helipoland.com\/sprzedaz-helikopterow-smiglowcow\/akcesoria\/#breadcrumb\",\"itemListElement\":[{\"@type\":\"ListItem\",\"position\":1,\"name\":\"Helipoland.com\",\"item\":\"https:\/\/helipoland.com\/pl\/\"},{\"@type\":\"ListItem\",\"position\":2,\"name\":\"Sprzeda\u017c nowych i u\u017cywanych \u015bmig\u0142owc\u00f3w (helikopter\u00f3w), akcesoria, l\u0105dowiska\",\"item\":\"https:\/\/helipoland.com\/sprzedaz-helikopterow-smiglowcow\/\"},{\"@type\":\"ListItem\",\"position\":3,\"name\":\"Akcesoria\"}]},{\"@type\":\"WebSite\",\"@id\":\"https:\/\/helipoland.com\/pl\/#website\",\"url\":\"https:\/\/helipoland.com\/pl\/\",\"name\":\"Helipoland.com\",\"description\":\"Helicopter flights, flying school, air services, helicopters\",\"potentialAction\":[{\"@type\":\"SearchAction\",\"target\":{\"@type\":\"EntryPoint\",\"urlTemplate\":\"https:\/\/helipoland.com\/pl\/?s={search_term_string}\"},\"query-input\":{\"@type\":\"PropertyValueSpecification\",\"valueRequired\":true,\"valueName\":\"search_term_string\"}}],\"inLanguage\":\"en-US\"}]}<\/script>\n<!-- \/ Yoast SEO plugin. -->","yoast_head_json":{"title":"Helicopter accessories","description":"Helicopter accessories. Wheels, tow-carts, basket, bearpaws.","robots":{"index":"index","follow":"follow","max-snippet":"max-snippet:-1","max-image-preview":"max-image-preview:large","max-video-preview":"max-video-preview:-1"},"canonical":"https:\/\/helipoland.com\/sprzedaz-helikopterow-smiglowcow\/akcesoria\/","og_locale":"en_US","og_type":"article","og_title":"[:pl]Akcesoria do \u015bmig\u0142owc\u00f3w[:en]Helicopter accessories[:]","og_description":"{:pl}Akcesoria do \u015bmig\u0142owc\u00f3w. K\u00f3lka, w\u00f3zki, kosz, bearpaws.{:en}Helicopter accessories. Wheels, tow-carts, basket, bearpaws.{:}","og_url":"https:\/\/helipoland.com\/sprzedaz-helikopterow-smiglowcow\/akcesoria\/","og_site_name":"Helipoland.com","article_modified_time":"2023-01-17T11:58:04+00:00","og_image":[{"url":"http:\/\/helipoland.com\/wp-content\/uploads\/2015\/10\/v1060_slide_001.jpg","type":"","width":"","height":""}],"twitter_misc":{"Est. reading time":"6 minutes"},"schema":{"@context":"https:\/\/schema.org","@graph":[{"@type":"WebPage","@id":"https:\/\/helipoland.com\/sprzedaz-helikopterow-smiglowcow\/akcesoria\/","url":"https:\/\/helipoland.com\/sprzedaz-helikopterow-smiglowcow\/akcesoria\/","name":"[:pl]Akcesoria do \u015bmig\u0142owc\u00f3w[:en]Helicopter accessories[:]","isPartOf":{"@id":"https:\/\/helipoland.com\/pl\/#website"},"primaryImageOfPage":{"@id":"https:\/\/helipoland.com\/sprzedaz-helikopterow-smiglowcow\/akcesoria\/#primaryimage"},"image":{"@id":"https:\/\/helipoland.com\/sprzedaz-helikopterow-smiglowcow\/akcesoria\/#primaryimage"},"thumbnailUrl":"http:\/\/helipoland.com\/wp-content\/uploads\/2015\/10\/v1060_slide_001.jpg","datePublished":"2015-10-01T17:59:44+00:00","dateModified":"2023-01-17T11:58:04+00:00","description":"{:pl}Akcesoria do \u015bmig\u0142owc\u00f3w. K\u00f3lka, w\u00f3zki, kosz, bearpaws.{:en}Helicopter accessories. Wheels, tow-carts, basket, bearpaws.{:}","breadcrumb":{"@id":"https:\/\/helipoland.com\/sprzedaz-helikopterow-smiglowcow\/akcesoria\/#breadcrumb"},"inLanguage":"en-US","potentialAction":[{"@type":"ReadAction","target":["https:\/\/helipoland.com\/sprzedaz-helikopterow-smiglowcow\/akcesoria\/"]}]},{"@type":"ImageObject","inLanguage":"en-US","@id":"https:\/\/helipoland.com\/sprzedaz-helikopterow-smiglowcow\/akcesoria\/#primaryimage","url":"http:\/\/helipoland.com\/wp-content\/uploads\/2015\/10\/v1060_slide_001.jpg","contentUrl":"http:\/\/helipoland.com\/wp-content\/uploads\/2015\/10\/v1060_slide_001.jpg"},{"@type":"BreadcrumbList","@id":"https:\/\/helipoland.com\/sprzedaz-helikopterow-smiglowcow\/akcesoria\/#breadcrumb","itemListElement":[{"@type":"ListItem","position":1,"name":"Helipoland.com","item":"https:\/\/helipoland.com\/pl\/"},{"@type":"ListItem","position":2,"name":"Sprzeda\u017c nowych i u\u017cywanych \u015bmig\u0142owc\u00f3w (helikopter\u00f3w), akcesoria, l\u0105dowiska","item":"https:\/\/helipoland.com\/sprzedaz-helikopterow-smiglowcow\/"},{"@type":"ListItem","position":3,"name":"Akcesoria"}]},{"@type":"WebSite","@id":"https:\/\/helipoland.com\/pl\/#website","url":"https:\/\/helipoland.com\/pl\/","name":"Helipoland.com","description":"Helicopter flights, flying school, air services, helicopters","potentialAction":[{"@type":"SearchAction","target":{"@type":"EntryPoint","urlTemplate":"https:\/\/helipoland.com\/pl\/?s={search_term_string}"},"query-input":{"@type":"PropertyValueSpecification","valueRequired":true,"valueName":"search_term_string"}}],"inLanguage":"en-US"}]}},"_links":{"self":[{"href":"https:\/\/helipoland.com\/en\/wp-json\/wp\/v2\/pages\/1391","targetHints":{"allow":["GET"]}}],"collection":[{"href":"https:\/\/helipoland.com\/en\/wp-json\/wp\/v2\/pages"}],"about":[{"href":"https:\/\/helipoland.com\/en\/wp-json\/wp\/v2\/types\/page"}],"author":[{"embeddable":true,"href":"https:\/\/helipoland.com\/en\/wp-json\/wp\/v2\/users\/1"}],"replies":[{"embeddable":true,"href":"https:\/\/helipoland.com\/en\/wp-json\/wp\/v2\/comments?post=1391"}],"version-history":[{"count":20,"href":"https:\/\/helipoland.com\/en\/wp-json\/wp\/v2\/pages\/1391\/revisions"}],"predecessor-version":[{"id":5776,"href":"https:\/\/helipoland.com\/en\/wp-json\/wp\/v2\/pages\/1391\/revisions\/5776"}],"up":[{"embeddable":true,"href":"https:\/\/helipoland.com\/en\/wp-json\/wp\/v2\/pages\/410"}],"wp:attachment":[{"href":"https:\/\/helipoland.com\/en\/wp-json\/wp\/v2\/media?parent=1391"}],"curies":[{"name":"wp","href":"https:\/\/api.w.org\/{rel}","templated":true}]}}