{"id":2431,"date":"2016-02-23T19:45:09","date_gmt":"2016-02-23T19:45:09","guid":{"rendered":"http:\/\/helipoland.com\/?page_id=2431"},"modified":"2023-01-17T12:05:48","modified_gmt":"2023-01-17T12:05:48","slug":"aplikacje","status":"publish","type":"page","link":"https:\/\/helipoland.com\/en\/sprzedaz-helikopterow-smiglowcow\/aplikacje\/","title":{"rendered":"Apps"},"content":{"rendered":"<p class=\"promoTytul\" style=\"text-align: justify;\"><div class=\"ezcol ezcol-one-half\">\n<h3 class=\"promoTytul\"><span style=\"color: #000000;\"><strong>SkyDemon<\/strong>\u00a0&#8211;<\/span> <a href=\"http:\/\/www.skydemon.aero\/\">link to app\u00a0info<\/a><\/h3>\n<h3 class=\"promoTytul\"><strong><span style=\"color: #000000;\">SkyDemon\u00a0&#8211;<\/span>\u00a0<\/strong><a href=\"http:\/\/www.promaco.pl\/index.php?pokaz=1&amp;id=11215\">link to app purchase<\/a><\/h3>\n<h3 class=\"promoTytul\"><span style=\"color: #000000;\">Aviation\u00a0nav app on\u00a0iPad, iPhone, Android , PC<\/span><\/h3>\n<p style=\"text-align: justify;\"><span style=\"color: #000000;\">HeliPoland promotes SkyDemon for pilots everyday use as a great multifunction support. SkyDemon\u00a0custom-built vector charts are the clearest you will find, easily adjustable to your preferences and presented in a familiar style. Route planning is as simple as clicking or touching waypoints, with clear spacial information about your route shown with Virtual Radar. Warnings for potential incursions into controlled, dangerous or temporary airspace help you form a mental picture of how your journey will unfold.<\/span><\/p>\n<p style=\"text-align: justify;\"><span style=\"color: #000000;\">View the latest TAF and METAR bulletins as you plan, and the effect the forecast winds aloft will have on your route. A full NOTAM briefing helps you keep aware of temporary situations, and world-class graphical NOTAM depiction means they are intuitively depicted on your chart. Weight, balance and fuel calculations are performed in real time as you plan.<\/span><\/p>\n<p class=\"promoTytul\" style=\"text-align: justify;\"><\/div> <div class=\"ezcol ezcol-one-half ezcol-last\"><img loading=\"lazy\" decoding=\"async\" class=\"alignnone wp-image-2439 size-full\" src=\"http:\/\/helipoland.com\/wp-content\/uploads\/2016\/02\/skydemon.jpg\" alt=\"SkyDemon Helipoland.com\" width=\"450\" height=\"328\" srcset=\"https:\/\/helipoland.com\/wp-content\/uploads\/2016\/02\/skydemon.jpg 450w, https:\/\/helipoland.com\/wp-content\/uploads\/2016\/02\/skydemon-300x219.jpg 300w\" sizes=\"auto, (max-width: 450px) 100vw, 450px\" \/><\/div><div class=\"ezcol-divider\"><\/div>\n<p style=\"text-align: justify;\"><span style=\"color: #000000;\">Access a huge repository of airfield documents from the national AIPs across Europe and from many third-party suppliers. Take advantage of our social features to share and view fuel prices at airfields in real time.<\/span><\/p>\n<p style=\"text-align: justify;\"><span style=\"color: #000000;\">Take your planned route to the skies with the press of a button. Print enroute charts, a Pilot Log and other briefing data to create a perfect route kit. File a VFR flightplan or UK GAR form in seconds.<\/span><\/p>\n<p style=\"text-align: justify;\"><span style=\"color: #000000;\">While flying, SkyDemon will present you with a moving map of unparalleled clarity, with a wealth of extra information available at a touch of the screen. Load a route you have planned earlier or plan one on the fly by simply touching the map. Virtual Radar draws your path ahead with stunning clarity, making it obvious what sort of airspace, obstructions, NOTAM and terrain are ahead and how they relate to your trajectory.<\/span><\/p>\n<p style=\"text-align: justify;\"><span style=\"color: #000000;\">You&#8217;ll have the latest TAF, METAR, NOTAM and wind forecasts loaded for reference in flight, and some devices can even update this data while aloft. If you change your planned route while airborne you can still obtain a NOTAM briefing to ensure your new route is safe, even without an internet connection.<\/span><\/p>\n<p style=\"text-align: justify;\"><span style=\"color: #000000;\">Navigate enroute using the map, direction indicator or with an HSI. Use the extended centreline guidance to align early at your destination and optionally use our pseudo-ILS instrument for extra guidance. View administrative and approach information for any airfield at any time.<\/span><\/p>\n<p style=\"text-align: justify;\"><span style=\"color: #000000;\">Georeferenced airfield plates provide rich local maps and clear airfield layout diagrams, seamlessly integrated into the enroute chart. After your flight, review your track log with the powerful log analysis feature.<\/span><\/p>","protected":false},"excerpt":{"rendered":"<p>Access a huge repository of airfield documents from the national AIPs across Europe and from many third-party suppliers. Take advantage[&#8230;..]<\/p>\n","protected":false},"author":1,"featured_media":0,"parent":410,"menu_order":0,"comment_status":"closed","ping_status":"closed","template":"template-fullwidth-with-form.php","meta":{"_acf_changed":false,"footnotes":""},"class_list":["post-2431","page","type-page","status-publish","hentry"],"acf":[],"yoast_head":"<!-- This site is optimized with the Yoast SEO plugin v24.8.1 - https:\/\/yoast.com\/wordpress\/plugins\/seo\/ -->\n<title>SkyDemon<\/title>\n<meta name=\"description\" content=\"SkyDemon\" \/>\n<meta name=\"robots\" content=\"index, follow, max-snippet:-1, max-image-preview:large, max-video-preview:-1\" \/>\n<link rel=\"canonical\" href=\"https:\/\/helipoland.com\/sprzedaz-helikopterow-smiglowcow\/aplikacje\/\" \/>\n<meta property=\"og:locale\" content=\"en_US\" \/>\n<meta property=\"og:type\" content=\"article\" \/>\n<meta property=\"og:title\" content=\"SkyDemon\" \/>\n<meta property=\"og:description\" content=\"SkyDemon\" \/>\n<meta property=\"og:url\" content=\"https:\/\/helipoland.com\/sprzedaz-helikopterow-smiglowcow\/aplikacje\/\" \/>\n<meta property=\"og:site_name\" content=\"Helipoland.com\" \/>\n<meta property=\"article:modified_time\" content=\"2023-01-17T12:05:48+00:00\" \/>\n<meta property=\"og:image\" content=\"http:\/\/helipoland.com\/wp-content\/uploads\/2016\/02\/skydemon.jpg\" \/>\n<meta name=\"twitter:label1\" content=\"Est. reading time\" \/>\n\t<meta name=\"twitter:data1\" content=\"4 minutes\" \/>\n<script type=\"application\/ld+json\" class=\"yoast-schema-graph\">{\"@context\":\"https:\/\/schema.org\",\"@graph\":[{\"@type\":\"WebPage\",\"@id\":\"https:\/\/helipoland.com\/sprzedaz-helikopterow-smiglowcow\/aplikacje\/\",\"url\":\"https:\/\/helipoland.com\/sprzedaz-helikopterow-smiglowcow\/aplikacje\/\",\"name\":\"SkyDemon\",\"isPartOf\":{\"@id\":\"https:\/\/helipoland.com\/pl\/#website\"},\"primaryImageOfPage\":{\"@id\":\"https:\/\/helipoland.com\/sprzedaz-helikopterow-smiglowcow\/aplikacje\/#primaryimage\"},\"image\":{\"@id\":\"https:\/\/helipoland.com\/sprzedaz-helikopterow-smiglowcow\/aplikacje\/#primaryimage\"},\"thumbnailUrl\":\"http:\/\/helipoland.com\/wp-content\/uploads\/2016\/02\/skydemon.jpg\",\"datePublished\":\"2016-02-23T19:45:09+00:00\",\"dateModified\":\"2023-01-17T12:05:48+00:00\",\"description\":\"SkyDemon\",\"breadcrumb\":{\"@id\":\"https:\/\/helipoland.com\/sprzedaz-helikopterow-smiglowcow\/aplikacje\/#breadcrumb\"},\"inLanguage\":\"en-US\",\"potentialAction\":[{\"@type\":\"ReadAction\",\"target\":[\"https:\/\/helipoland.com\/sprzedaz-helikopterow-smiglowcow\/aplikacje\/\"]}]},{\"@type\":\"ImageObject\",\"inLanguage\":\"en-US\",\"@id\":\"https:\/\/helipoland.com\/sprzedaz-helikopterow-smiglowcow\/aplikacje\/#primaryimage\",\"url\":\"http:\/\/helipoland.com\/wp-content\/uploads\/2016\/02\/skydemon.jpg\",\"contentUrl\":\"http:\/\/helipoland.com\/wp-content\/uploads\/2016\/02\/skydemon.jpg\"},{\"@type\":\"BreadcrumbList\",\"@id\":\"https:\/\/helipoland.com\/sprzedaz-helikopterow-smiglowcow\/aplikacje\/#breadcrumb\",\"itemListElement\":[{\"@type\":\"ListItem\",\"position\":1,\"name\":\"Helipoland.com\",\"item\":\"https:\/\/helipoland.com\/pl\/\"},{\"@type\":\"ListItem\",\"position\":2,\"name\":\"Sprzeda\u017c nowych i u\u017cywanych \u015bmig\u0142owc\u00f3w (helikopter\u00f3w), akcesoria, l\u0105dowiska\",\"item\":\"https:\/\/helipoland.com\/sprzedaz-helikopterow-smiglowcow\/\"},{\"@type\":\"ListItem\",\"position\":3,\"name\":\"Aplikacje\"}]},{\"@type\":\"WebSite\",\"@id\":\"https:\/\/helipoland.com\/pl\/#website\",\"url\":\"https:\/\/helipoland.com\/pl\/\",\"name\":\"Helipoland.com\",\"description\":\"Helicopter flights, flying school, air services, helicopters\",\"potentialAction\":[{\"@type\":\"SearchAction\",\"target\":{\"@type\":\"EntryPoint\",\"urlTemplate\":\"https:\/\/helipoland.com\/pl\/?s={search_term_string}\"},\"query-input\":{\"@type\":\"PropertyValueSpecification\",\"valueRequired\":true,\"valueName\":\"search_term_string\"}}],\"inLanguage\":\"en-US\"}]}<\/script>\n<!-- \/ Yoast SEO plugin. -->","yoast_head_json":{"title":"SkyDemon","description":"SkyDemon","robots":{"index":"index","follow":"follow","max-snippet":"max-snippet:-1","max-image-preview":"max-image-preview:large","max-video-preview":"max-video-preview:-1"},"canonical":"https:\/\/helipoland.com\/sprzedaz-helikopterow-smiglowcow\/aplikacje\/","og_locale":"en_US","og_type":"article","og_title":"SkyDemon","og_description":"SkyDemon","og_url":"https:\/\/helipoland.com\/sprzedaz-helikopterow-smiglowcow\/aplikacje\/","og_site_name":"Helipoland.com","article_modified_time":"2023-01-17T12:05:48+00:00","og_image":[{"url":"http:\/\/helipoland.com\/wp-content\/uploads\/2016\/02\/skydemon.jpg","type":"","width":"","height":""}],"twitter_misc":{"Est. reading time":"4 minutes"},"schema":{"@context":"https:\/\/schema.org","@graph":[{"@type":"WebPage","@id":"https:\/\/helipoland.com\/sprzedaz-helikopterow-smiglowcow\/aplikacje\/","url":"https:\/\/helipoland.com\/sprzedaz-helikopterow-smiglowcow\/aplikacje\/","name":"SkyDemon","isPartOf":{"@id":"https:\/\/helipoland.com\/pl\/#website"},"primaryImageOfPage":{"@id":"https:\/\/helipoland.com\/sprzedaz-helikopterow-smiglowcow\/aplikacje\/#primaryimage"},"image":{"@id":"https:\/\/helipoland.com\/sprzedaz-helikopterow-smiglowcow\/aplikacje\/#primaryimage"},"thumbnailUrl":"http:\/\/helipoland.com\/wp-content\/uploads\/2016\/02\/skydemon.jpg","datePublished":"2016-02-23T19:45:09+00:00","dateModified":"2023-01-17T12:05:48+00:00","description":"SkyDemon","breadcrumb":{"@id":"https:\/\/helipoland.com\/sprzedaz-helikopterow-smiglowcow\/aplikacje\/#breadcrumb"},"inLanguage":"en-US","potentialAction":[{"@type":"ReadAction","target":["https:\/\/helipoland.com\/sprzedaz-helikopterow-smiglowcow\/aplikacje\/"]}]},{"@type":"ImageObject","inLanguage":"en-US","@id":"https:\/\/helipoland.com\/sprzedaz-helikopterow-smiglowcow\/aplikacje\/#primaryimage","url":"http:\/\/helipoland.com\/wp-content\/uploads\/2016\/02\/skydemon.jpg","contentUrl":"http:\/\/helipoland.com\/wp-content\/uploads\/2016\/02\/skydemon.jpg"},{"@type":"BreadcrumbList","@id":"https:\/\/helipoland.com\/sprzedaz-helikopterow-smiglowcow\/aplikacje\/#breadcrumb","itemListElement":[{"@type":"ListItem","position":1,"name":"Helipoland.com","item":"https:\/\/helipoland.com\/pl\/"},{"@type":"ListItem","position":2,"name":"Sprzeda\u017c nowych i u\u017cywanych \u015bmig\u0142owc\u00f3w (helikopter\u00f3w), akcesoria, l\u0105dowiska","item":"https:\/\/helipoland.com\/sprzedaz-helikopterow-smiglowcow\/"},{"@type":"ListItem","position":3,"name":"Aplikacje"}]},{"@type":"WebSite","@id":"https:\/\/helipoland.com\/pl\/#website","url":"https:\/\/helipoland.com\/pl\/","name":"Helipoland.com","description":"Helicopter flights, flying school, air services, helicopters","potentialAction":[{"@type":"SearchAction","target":{"@type":"EntryPoint","urlTemplate":"https:\/\/helipoland.com\/pl\/?s={search_term_string}"},"query-input":{"@type":"PropertyValueSpecification","valueRequired":true,"valueName":"search_term_string"}}],"inLanguage":"en-US"}]}},"_links":{"self":[{"href":"https:\/\/helipoland.com\/en\/wp-json\/wp\/v2\/pages\/2431","targetHints":{"allow":["GET"]}}],"collection":[{"href":"https:\/\/helipoland.com\/en\/wp-json\/wp\/v2\/pages"}],"about":[{"href":"https:\/\/helipoland.com\/en\/wp-json\/wp\/v2\/types\/page"}],"author":[{"embeddable":true,"href":"https:\/\/helipoland.com\/en\/wp-json\/wp\/v2\/users\/1"}],"replies":[{"embeddable":true,"href":"https:\/\/helipoland.com\/en\/wp-json\/wp\/v2\/comments?post=2431"}],"version-history":[{"count":23,"href":"https:\/\/helipoland.com\/en\/wp-json\/wp\/v2\/pages\/2431\/revisions"}],"predecessor-version":[{"id":5778,"href":"https:\/\/helipoland.com\/en\/wp-json\/wp\/v2\/pages\/2431\/revisions\/5778"}],"up":[{"embeddable":true,"href":"https:\/\/helipoland.com\/en\/wp-json\/wp\/v2\/pages\/410"}],"wp:attachment":[{"href":"https:\/\/helipoland.com\/en\/wp-json\/wp\/v2\/media?parent=2431"}],"curies":[{"name":"wp","href":"https:\/\/api.w.org\/{rel}","templated":true}]}}