{"id":2547,"date":"2016-03-15T13:14:38","date_gmt":"2016-03-15T13:14:38","guid":{"rendered":"http:\/\/helipoland.com\/?page_id=2547"},"modified":"2023-08-14T11:37:59","modified_gmt":"2023-08-14T11:37:59","slug":"licencja-pilota-lekkich-smiglowcow-laplh","status":"publish","type":"page","link":"https:\/\/helipoland.com\/en\/szkolenia-pilotow\/licencja-pilota-lekkich-smiglowcow-laplh\/","title":{"rendered":"Light Helicopter Pilot&#8217;s License LAPL(H)"},"content":{"rendered":"<h3><span style=\"color: #000000;\"><strong>Privileges and conditions<\/strong><\/span><\/h3>\n<p style=\"text-align: justify;\"><span style=\"color: #000000;\">A LAPL (H) will allow you to act as pilot in command (PIC) on single engine helicopters with a maximum take-off mass of 2000 kg or less, carrying a maximum of 3 passengers, with no more than 4 persons on board.<\/span><\/p>\n<p style=\"text-align: justify;\"><span style=\"color: #000000;\">Your privileges will be limited to the type and class of helicopter you took your skill test on unless you complete additional training. See the\u00a0extension of privileges to another type or variant\u00a0section of this page.<\/span><\/p>\n<p style=\"text-align: justify;\"><span style=\"color: #000000;\">To fly a non-EASA helicopter you need a PPL(H) licence because you cannot attach a type rating for a non EASA helicopter to an EASA licence. You can then attach the relevant type rating for that helicopter to your licence.<\/span><\/p>\n<div id='gallery-4' class='gallery galleryid-2547 gallery-columns-3 gallery-size-large'><figure class='gallery-item'>\n\t\t\t<div class='gallery-icon landscape'>\n\t\t\t\t<img loading=\"lazy\" decoding=\"async\" width=\"640\" height=\"427\" src=\"https:\/\/helipoland.com\/wp-content\/uploads\/2018\/08\/Air-Taxi-Helicopter-Poland-31-1024x683.jpg\" class=\"attachment-large size-large\" alt=\"Air Taxi Helicopter Poland\" srcset=\"https:\/\/helipoland.com\/wp-content\/uploads\/2018\/08\/Air-Taxi-Helicopter-Poland-31-1024x683.jpg 1024w, https:\/\/helipoland.com\/wp-content\/uploads\/2018\/08\/Air-Taxi-Helicopter-Poland-31-300x200.jpg 300w, https:\/\/helipoland.com\/wp-content\/uploads\/2018\/08\/Air-Taxi-Helicopter-Poland-31-768x512.jpg 768w, https:\/\/helipoland.com\/wp-content\/uploads\/2018\/08\/Air-Taxi-Helicopter-Poland-31-600x400.jpg 600w, https:\/\/helipoland.com\/wp-content\/uploads\/2018\/08\/Air-Taxi-Helicopter-Poland-31-1800x1200.jpg 1800w, https:\/\/helipoland.com\/wp-content\/uploads\/2018\/08\/Air-Taxi-Helicopter-Poland-31-272x182.jpg 272w\" sizes=\"auto, (max-width: 640px) 100vw, 640px\" \/>\n\t\t\t<\/div><\/figure><figure class='gallery-item'>\n\t\t\t<div class='gallery-icon landscape'>\n\t\t\t\t<img loading=\"lazy\" decoding=\"async\" width=\"640\" height=\"427\" src=\"https:\/\/helipoland.com\/wp-content\/uploads\/2018\/08\/Air-Taxi-Helicopter-Poland-32-1024x683.jpg\" class=\"attachment-large size-large\" alt=\"Air Taxi Helicopter Poland\" srcset=\"https:\/\/helipoland.com\/wp-content\/uploads\/2018\/08\/Air-Taxi-Helicopter-Poland-32-1024x683.jpg 1024w, https:\/\/helipoland.com\/wp-content\/uploads\/2018\/08\/Air-Taxi-Helicopter-Poland-32-300x200.jpg 300w, https:\/\/helipoland.com\/wp-content\/uploads\/2018\/08\/Air-Taxi-Helicopter-Poland-32-768x512.jpg 768w, https:\/\/helipoland.com\/wp-content\/uploads\/2018\/08\/Air-Taxi-Helicopter-Poland-32-600x400.jpg 600w, https:\/\/helipoland.com\/wp-content\/uploads\/2018\/08\/Air-Taxi-Helicopter-Poland-32-1800x1200.jpg 1800w, https:\/\/helipoland.com\/wp-content\/uploads\/2018\/08\/Air-Taxi-Helicopter-Poland-32-272x182.jpg 272w\" sizes=\"auto, (max-width: 640px) 100vw, 640px\" \/>\n\t\t\t<\/div><\/figure><figure class='gallery-item'>\n\t\t\t<div class='gallery-icon landscape'>\n\t\t\t\t<img loading=\"lazy\" decoding=\"async\" width=\"640\" height=\"427\" src=\"https:\/\/helipoland.com\/wp-content\/uploads\/2018\/08\/Air-Taxi-Helicopter-Poland-33-1024x683.jpg\" class=\"attachment-large size-large\" alt=\"Air Taxi Helicopter Poland\" srcset=\"https:\/\/helipoland.com\/wp-content\/uploads\/2018\/08\/Air-Taxi-Helicopter-Poland-33-1024x683.jpg 1024w, https:\/\/helipoland.com\/wp-content\/uploads\/2018\/08\/Air-Taxi-Helicopter-Poland-33-300x200.jpg 300w, https:\/\/helipoland.com\/wp-content\/uploads\/2018\/08\/Air-Taxi-Helicopter-Poland-33-768x512.jpg 768w, https:\/\/helipoland.com\/wp-content\/uploads\/2018\/08\/Air-Taxi-Helicopter-Poland-33-600x400.jpg 600w, https:\/\/helipoland.com\/wp-content\/uploads\/2018\/08\/Air-Taxi-Helicopter-Poland-33-1800x1200.jpg 1800w, https:\/\/helipoland.com\/wp-content\/uploads\/2018\/08\/Air-Taxi-Helicopter-Poland-33-272x182.jpg 272w\" sizes=\"auto, (max-width: 640px) 100vw, 640px\" \/>\n\t\t\t<\/div><\/figure>\n\t\t<\/div>\n\n<h3><span style=\"color: #000000;\"><strong>Experience requirements and crediting<\/strong><\/span><\/h3>\n<p style=\"text-align: justify;\"><span style=\"color: #000000;\">If you do not already hold a licence, you will need to complete 40 hours of flight instruction on helicopters, including at least:<\/span><\/p>\n<ul>\n<li><span style=\"color: #000000;\">35 hours on the type of helicopter that is used for the skill test<\/span><\/li>\n<li><span style=\"color: #000000;\">20 hours of dual flight instruction<\/span><\/li>\n<li><span style=\"color: #000000;\">10 hours of supervised solo flight, including at least 5 hours of solo cross-country flight of a least 150km (80NM), during which one full stop landing at an aerodrome different from the aerodrome of departure shall be made<\/span><\/li>\n<\/ul>\n<p style=\"text-align: justify;\"><span style=\"color: #000000;\"><span class=\"\" title=\"\">Apart from the practice, theoretical training also has to be held &#8211; the same for LAPL(H) and PPL(H), carried out in parallel or before commencing flight training.<\/span> <span title=\"\">It includes 12 hours of lectures and 88 hours of self-study with the help of publications, educational materials created by Helipoland and instructors who will be happy to explain any issues indicated.<\/span><\/span><\/p>\n<p style=\"text-align: center;\"><a href=\"#contact-form-begin\" class=\"su-button su-button-style- got_to_form\" style=\"color:#FFFFFF;background-color:#2D89EF;border-color:#246ec0;border-radius:0px\" target=\"_self\"><span style=\"color:#FFFFFF;padding:0px 34px;font-size:25px;line-height:50px;border-color:#6cadf4;border-radius:0px;text-shadow:none\"> Ask for training<\/span><\/a>\n<p style=\"text-align: justify;\"><span style=\"color: #000000;\" title=\"\">After completing the theoretical training, 9 theoretical examinations must be passed at the seat of the Civil Aviation Office, which usually takes one to three days. <\/span><span title=\"\"><span style=\"color: #000000;\">The rules for passing examinations and the exam session plan for a given year can be found<\/span> <a href=\"http:\/\/ulc.gov.pl\/en\/aviation-personnel\/aviation-examination-commission\/2478-theoretical-exams\">here (link).<\/a><\/span><\/p>\n<p><span title=\"\">List of theoretical examinations (link).<\/span><\/p>\n<p style=\"text-align: justify;\"><span style=\"color: #000000;\" title=\"\">All training ends with a practical exam with an examiner of the Civil Aviation Office (usually less than 2 hours of flight), which takes place at the agreed airport, in Helipoland helicopter. <\/span><span title=\"\"><span style=\"color: #000000;\">The current list of practical examiners can be found<\/span> <a href=\"http:\/\/ulc.gov.pl\/en\/aviation-personnel\/aviation-examination-commission\/2480-practical-exams\">here (link).<\/a><\/span><\/p>\n<h3><span style=\"color: #000000;\"><strong>Getting a LAPL(H) if you have an existing licence<\/strong><\/span><\/h3>\n<p style=\"text-align: justify;\"><span style=\"color: #000000;\">If you have a relevant current rating on another type of licence for helicopters and you are applying for a LAPL(H) you will not have to do any additional training or skill tests. <\/span><span style=\"color: #000000;\">If your rating has lapsed you will need to complete the LAPL skill test.<\/span><\/p>\n<div class=\"homepage-content-wrap\">\n<div class=\"tlid-source-target main-header long-text small-font\">\n<div class=\"source-target-row\">\n<div class=\"tlid-result result-dict-wrapper\">\n<div class=\"result\">\n<div class=\"text-wrap\">\n<div class=\"homepage-content-wrap\">\n<div class=\"tlid-source-target main-header long-text small-font\">\n<div class=\"source-target-row\">\n<div class=\"tlid-result result-dict-wrapper\">\n<div class=\"result\">\n<div class=\"tlid-result-transliteration-container result-transliteration-container transliteration-container\">\n<div class=\"tlid-transliteration-content transliteration-content full\">\n<div id='gallery-5' class='gallery galleryid-2547 gallery-columns-2 gallery-size-large'><figure class='gallery-item'>\n\t\t\t<div class='gallery-icon landscape'>\n\t\t\t\t<img loading=\"lazy\" decoding=\"async\" width=\"640\" height=\"425\" src=\"https:\/\/helipoland.com\/wp-content\/uploads\/2015\/10\/DSC_1689-min-1024x680.jpg\" class=\"attachment-large size-large\" alt=\"Szkolenia pilot\u00f3w \u015bmig\u0142owce\" srcset=\"https:\/\/helipoland.com\/wp-content\/uploads\/2015\/10\/DSC_1689-min-1024x680.jpg 1024w, https:\/\/helipoland.com\/wp-content\/uploads\/2015\/10\/DSC_1689-min-300x199.jpg 300w, https:\/\/helipoland.com\/wp-content\/uploads\/2015\/10\/DSC_1689-min-272x182.jpg 272w\" sizes=\"auto, (max-width: 640px) 100vw, 640px\" \/>\n\t\t\t<\/div><\/figure><figure class='gallery-item'>\n\t\t\t<div class='gallery-icon landscape'>\n\t\t\t\t<img loading=\"lazy\" decoding=\"async\" width=\"640\" height=\"425\" src=\"https:\/\/helipoland.com\/wp-content\/uploads\/2015\/09\/DSC_1748-min-1024x680.jpg\" class=\"attachment-large size-large\" alt=\"Szkolenia pilot\u00f3w \u015bmig\u0142owce\" srcset=\"https:\/\/helipoland.com\/wp-content\/uploads\/2015\/09\/DSC_1748-min-1024x680.jpg 1024w, https:\/\/helipoland.com\/wp-content\/uploads\/2015\/09\/DSC_1748-min-300x199.jpg 300w, https:\/\/helipoland.com\/wp-content\/uploads\/2015\/09\/DSC_1748-min-272x182.jpg 272w\" sizes=\"auto, (max-width: 640px) 100vw, 640px\" \/>\n\t\t\t<\/div><\/figure>\n\t\t<\/div>\n\n<\/div>\n<\/div>\n<div class=\"result-footer source-or-target-footer\">\n<div class=\"more-wrapper\">\n<div class=\"morebutton jfk-button-flat source-or-target-footer-button tlid-result-footer-more-button right-positioned goog-inline-block goog-menu-button\" tabindex=\"0\" role=\"button\" data-tooltip=\"Wi\u0119cej\" aria-expanded=\"false\" aria-haspopup=\"true\" aria-label=\"Wi\u0119cej\" data-tooltip-align=\"t,c\">\n<div class=\"goog-inline-block goog-menu-button-outer-box\">\n<div class=\"goog-inline-block goog-menu-button-inner-box\">\n<div class=\"goog-inline-block goog-menu-button-caption\">\n<div class=\"jfk-button-img\">\n<p id=\"extension-of-privileges-to-another-class-or-variant\"><span style=\"color: #000000;\"><strong>Extension of privileges to another type or variant<\/strong><\/span><\/p>\n<div style=\"text-align: justify;\"><span style=\"color: #000000;\">The privileges of your licence will remain valid for the specific type of aircraft if you have completed the following in the last 12 months as pilot of that type:<\/span><br \/>\n<span style=\"color: #000000;\"><div class=\"show_more\"><p class=\"wpsm-show\" style=\"color: #000000; font-size: 100%; text-align: left;\">\u00bb Find out more about privileges extension<\/p><div class=\"wpsm-content\"><\/span><\/p>\n<div><\/div>\n<div><span style=\"color: #000000;\">5 hours of flight instruction, including:<\/span><\/div>\n<div class=\"result-shield-container\">\n<ul>\n<li><span style=\"color: #000000;\">15 take-offs, approaches and landings under instruction<\/span><\/li>\n<li><span style=\"color: #000000;\">15 supervised solo take-offs, approaches and landings<\/span><\/li>\n<\/ul>\n<p><span style=\"color: #000000;\">A skill test to demonstrate adequate competence in the new type, during which you will also need to demonstrate an adequate level of theoretical knowledge for the type in the following subjects:<\/span><\/p>\n<ul>\n<li><span style=\"color: #000000;\">Operational procedures<\/span><\/li>\n<li><span style=\"color: #000000;\">Flight performance and planning<\/span><\/li>\n<li><span style=\"color: #000000;\">Aircraft general knowledge<\/span><\/li>\n<\/ul>\n<p><span style=\"color: #000000;\">To extend the privileges of a LAPL(H) to include more complex variants of the class in which the skill test was taken, you will need to complete differences or familiarisation training, which will then be entered into your log book and signed by your instructor.<\/span><\/p>\n<\/div>\n <p class=\"wpsm-hide\" style=\"color: #000000; font-size: 100%; text-align: left;\">\u00bb Hide these informations<\/p><\/div><\/div>\n<\/div>\n<\/div>\n<\/div>\n<\/div>\n<\/div>\n<\/div>\n<\/div>\n<\/div>\n<\/div>\n<\/div>\n<\/div>\n<\/div>\n<\/div>\n<\/div>\n<\/div>\n<\/div>\n<\/div>\n<\/div>\n<\/div>\n<p id=\"keeping-your-licence-current\"><span style=\"color: #000000;\"><strong>Keeping your licence current, and what to do if you don\u2019t meet the requirements<\/strong><\/span><\/p>\n<div><span style=\"color: #000000;\">The privileges of your licence will remain valid for the specific type of aircraft if you have<\/span>:<br \/>\n<div class=\"show_more\"><p class=\"wpsm-show\" style=\"color: #000000; font-size: 100%; text-align: left;\">\u00bb Find out more about keeping Your licence current<\/p><div class=\"wpsm-content\">\n<div class=\"result-shield-container\">\n<p><span style=\"color: #000000;\">Completed the following in the last 12 months as pilot of that type:<\/span><\/p>\n<ul>\n<li><span style=\"color: #000000;\">At least 6 hours flight time as PIC, including 6 take-offs, approaches and landings; and<\/span><\/li>\n<li><span style=\"color: #000000;\">Refresher training of at least 1 hour of total flight time with an instructor.<\/span><\/li>\n<\/ul>\n<p><span style=\"color: #000000;\">If you do not meet these requirements you will need to:<\/span><\/p>\n<ul>\n<li><span style=\"color: #000000;\">Complete a proficiency check on the specific type with an examiner before you exercise the privileges of the licence; or<\/span><\/li>\n<li><span style=\"color: #000000;\">Complete the additional flight time or take-offs and landings to meet the requirements above, flying dual or solo, under the supervision of an instructor.<\/span><\/li>\n<\/ul>\n<\/div>\n <p class=\"wpsm-hide\" style=\"color: #000000; font-size: 100%; text-align: left;\">\u00bb Hide these informations<\/p><\/div><\/div>\n<p style=\"text-align: center;\"><span style=\"color: #000000;\"><strong><a style=\"color: #000000;\" href=\"http:\/\/helipoland.com\/en\/szkolenia-pilotow\/loty-zapoznawcze-helikopterem-smiglowcem\/\">If you are thinking about obtaining a LAPL(H) pilot license, but you are not sure if the sky-high adventure is for you, take advantage of our familiarization flights, this is great opportunity to try Yourself in the cockpit with an option of taking some passengers with You.<\/a><\/strong><\/span><\/p>\n<p style=\"text-align: justify;\"><span style=\"color: #000000;\"><span class=\"\" title=\"\">Training for the LAPL(H) license in Helipoland will take place<\/span>\u00a0<span title=\"\">on Robinson R 44, which is the most popular helicopter in the world, especially in civil aviation.<\/span> <span title=\"\">He is particularly appreciated for his economy and the fact that it is controlled gently and lightly, which provides incredible impressions and views.<\/span> <span title=\"\">You will learn about many other advantages of this agile machine during classes in Helipoland.<\/span><\/span><\/p>\n<p style=\"text-align: justify;\"><span style=\"color: #000000;\"><strong><span class=\"\" title=\"\">Price of training on the R 44 helicopter (Raven I and Raven II): from about 21,000<\/span>\u00a0EUR<\/strong><span class=\"\" title=\"\">\u00a0(price for people with appropriate documented aviation experience)<\/span><\/span><\/p>\n<\/div>\n<div id='gallery-6' class='gallery galleryid-2547 gallery-columns-3 gallery-size-large'><figure class='gallery-item'>\n\t\t\t<div class='gallery-icon portrait'>\n\t\t\t\t<img loading=\"lazy\" decoding=\"async\" width=\"640\" height=\"960\" src=\"https:\/\/helipoland.com\/wp-content\/uploads\/2016\/03\/15pa\u017adziernik_heli_III_0646-min-683x1024.jpg\" class=\"attachment-large size-large\" alt=\"\" srcset=\"https:\/\/helipoland.com\/wp-content\/uploads\/2016\/03\/15pa\u017adziernik_heli_III_0646-min-683x1024.jpg 683w, https:\/\/helipoland.com\/wp-content\/uploads\/2016\/03\/15pa\u017adziernik_heli_III_0646-min-200x300.jpg 200w, https:\/\/helipoland.com\/wp-content\/uploads\/2016\/03\/15pa\u017adziernik_heli_III_0646-min-768x1152.jpg 768w, https:\/\/helipoland.com\/wp-content\/uploads\/2016\/03\/15pa\u017adziernik_heli_III_0646-min-400x600.jpg 400w, https:\/\/helipoland.com\/wp-content\/uploads\/2016\/03\/15pa\u017adziernik_heli_III_0646-min-1600x2400.jpg 1600w\" sizes=\"auto, (max-width: 640px) 100vw, 640px\" \/>\n\t\t\t<\/div><\/figure><figure class='gallery-item'>\n\t\t\t<div class='gallery-icon portrait'>\n\t\t\t\t<img loading=\"lazy\" decoding=\"async\" width=\"640\" height=\"960\" src=\"https:\/\/helipoland.com\/wp-content\/uploads\/2016\/03\/15pa\u017adziernik_heli_III_0505-min-683x1024.jpg\" class=\"attachment-large size-large\" alt=\"\" srcset=\"https:\/\/helipoland.com\/wp-content\/uploads\/2016\/03\/15pa\u017adziernik_heli_III_0505-min-683x1024.jpg 683w, https:\/\/helipoland.com\/wp-content\/uploads\/2016\/03\/15pa\u017adziernik_heli_III_0505-min-200x300.jpg 200w, https:\/\/helipoland.com\/wp-content\/uploads\/2016\/03\/15pa\u017adziernik_heli_III_0505-min-768x1152.jpg 768w, https:\/\/helipoland.com\/wp-content\/uploads\/2016\/03\/15pa\u017adziernik_heli_III_0505-min-400x600.jpg 400w, https:\/\/helipoland.com\/wp-content\/uploads\/2016\/03\/15pa\u017adziernik_heli_III_0505-min-1600x2400.jpg 1600w\" sizes=\"auto, (max-width: 640px) 100vw, 640px\" \/>\n\t\t\t<\/div><\/figure><figure class='gallery-item'>\n\t\t\t<div class='gallery-icon portrait'>\n\t\t\t\t<img loading=\"lazy\" decoding=\"async\" width=\"640\" height=\"960\" src=\"https:\/\/helipoland.com\/wp-content\/uploads\/2016\/03\/15pa\u017adziernik_heli_III_0603-min-683x1024.jpg\" class=\"attachment-large size-large\" alt=\"\" srcset=\"https:\/\/helipoland.com\/wp-content\/uploads\/2016\/03\/15pa\u017adziernik_heli_III_0603-min-683x1024.jpg 683w, https:\/\/helipoland.com\/wp-content\/uploads\/2016\/03\/15pa\u017adziernik_heli_III_0603-min-200x300.jpg 200w, https:\/\/helipoland.com\/wp-content\/uploads\/2016\/03\/15pa\u017adziernik_heli_III_0603-min-768x1152.jpg 768w, https:\/\/helipoland.com\/wp-content\/uploads\/2016\/03\/15pa\u017adziernik_heli_III_0603-min-400x600.jpg 400w, https:\/\/helipoland.com\/wp-content\/uploads\/2016\/03\/15pa\u017adziernik_heli_III_0603-min-1600x2400.jpg 1600w\" sizes=\"auto, (max-width: 640px) 100vw, 640px\" \/>\n\t\t\t<\/div><\/figure>\n\t\t<\/div>\n\n<h4 style=\"text-align: center;\"><span style=\"color: #000000;\"><u><strong>Regulations related to Flight Crew Licensing contained in consolidated document:<\/strong><\/u><\/span><\/h4>\n<h4 style=\"text-align: center;\"><span style=\"color: #0000ff;\"><a style=\"color: #0000ff;\" href=\"http:\/\/helipoland.com\/wp-content\/uploads\/2018\/08\/1178-2011-eng.pdf\"> Commission Regulation (EU) No 1178\/2011 from 3 November 2011 with further changes<\/a><\/span><\/h4>","protected":false},"excerpt":{"rendered":"<p>Privileges and conditions A LAPL (H) will allow you to act as pilot in command (PIC) on single engine helicopters[&#8230;..]<\/p>\n","protected":false},"author":1,"featured_media":0,"parent":408,"menu_order":0,"comment_status":"closed","ping_status":"closed","template":"template-fullwidth-with-form.php","meta":{"_acf_changed":false,"footnotes":""},"class_list":["post-2547","page","type-page","status-publish","hentry"],"acf":[],"yoast_head":"<!-- This site is optimized with the Yoast SEO plugin v24.8.1 - https:\/\/yoast.com\/wordpress\/plugins\/seo\/ -->\n<title>Light Helicopter Pilot&#039;s License LAPL(H) - Helipoland.com<\/title>\n<meta name=\"robots\" content=\"index, follow, max-snippet:-1, max-image-preview:large, max-video-preview:-1\" \/>\n<link rel=\"canonical\" href=\"https:\/\/helipoland.com\/szkolenia-pilotow\/licencja-pilota-lekkich-smiglowcow-laplh\/\" \/>\n<meta property=\"og:locale\" content=\"en_US\" \/>\n<meta property=\"og:type\" content=\"article\" \/>\n<meta property=\"og:title\" content=\"Light Helicopter Pilot&#039;s License LAPL(H) - Helipoland.com\" \/>\n<meta property=\"og:description\" content=\"Privileges and conditions A LAPL (H) will allow you to act as pilot in command (PIC) on single engine helicopters[.....]\" \/>\n<meta property=\"og:url\" content=\"https:\/\/helipoland.com\/szkolenia-pilotow\/licencja-pilota-lekkich-smiglowcow-laplh\/\" \/>\n<meta property=\"og:site_name\" content=\"Helipoland.com\" \/>\n<meta property=\"article:modified_time\" content=\"2023-08-14T11:37:59+00:00\" \/>\n<meta property=\"og:image\" content=\"https:\/\/helipoland.com\/wp-content\/uploads\/2018\/08\/Air-Taxi-Helicopter-Poland-31-1024x683.jpg\" \/>\n<meta name=\"twitter:label1\" content=\"Est. reading time\" \/>\n\t<meta name=\"twitter:data1\" content=\"10 minutes\" \/>\n<script type=\"application\/ld+json\" class=\"yoast-schema-graph\">{\"@context\":\"https:\/\/schema.org\",\"@graph\":[{\"@type\":\"WebPage\",\"@id\":\"https:\/\/helipoland.com\/szkolenia-pilotow\/licencja-pilota-lekkich-smiglowcow-laplh\/\",\"url\":\"https:\/\/helipoland.com\/szkolenia-pilotow\/licencja-pilota-lekkich-smiglowcow-laplh\/\",\"name\":\"Light Helicopter Pilot's License LAPL(H) - Helipoland.com\",\"isPartOf\":{\"@id\":\"https:\/\/helipoland.com\/pl\/#website\"},\"datePublished\":\"2016-03-15T13:14:38+00:00\",\"dateModified\":\"2023-08-14T11:37:59+00:00\",\"breadcrumb\":{\"@id\":\"https:\/\/helipoland.com\/szkolenia-pilotow\/licencja-pilota-lekkich-smiglowcow-laplh\/#breadcrumb\"},\"inLanguage\":\"en-US\",\"potentialAction\":[{\"@type\":\"ReadAction\",\"target\":[\"https:\/\/helipoland.com\/szkolenia-pilotow\/licencja-pilota-lekkich-smiglowcow-laplh\/\"]}]},{\"@type\":\"BreadcrumbList\",\"@id\":\"https:\/\/helipoland.com\/szkolenia-pilotow\/licencja-pilota-lekkich-smiglowcow-laplh\/#breadcrumb\",\"itemListElement\":[{\"@type\":\"ListItem\",\"position\":1,\"name\":\"Helipoland.com\",\"item\":\"https:\/\/helipoland.com\/pl\/\"},{\"@type\":\"ListItem\",\"position\":2,\"name\":\"Szkolenia pilot\u00f3w\",\"item\":\"https:\/\/helipoland.com\/szkolenia-pilotow\/\"},{\"@type\":\"ListItem\",\"position\":3,\"name\":\"Licencja pilota lekkich \u015bmig\u0142owc\u00f3w LAPL(H)\"}]},{\"@type\":\"WebSite\",\"@id\":\"https:\/\/helipoland.com\/pl\/#website\",\"url\":\"https:\/\/helipoland.com\/pl\/\",\"name\":\"Helipoland.com\",\"description\":\"Helicopter flights, flying school, air services, helicopters\",\"potentialAction\":[{\"@type\":\"SearchAction\",\"target\":{\"@type\":\"EntryPoint\",\"urlTemplate\":\"https:\/\/helipoland.com\/pl\/?s={search_term_string}\"},\"query-input\":{\"@type\":\"PropertyValueSpecification\",\"valueRequired\":true,\"valueName\":\"search_term_string\"}}],\"inLanguage\":\"en-US\"}]}<\/script>\n<!-- \/ Yoast SEO plugin. -->","yoast_head_json":{"title":"Light Helicopter Pilot's License LAPL(H) - Helipoland.com","robots":{"index":"index","follow":"follow","max-snippet":"max-snippet:-1","max-image-preview":"max-image-preview:large","max-video-preview":"max-video-preview:-1"},"canonical":"https:\/\/helipoland.com\/szkolenia-pilotow\/licencja-pilota-lekkich-smiglowcow-laplh\/","og_locale":"en_US","og_type":"article","og_title":"Light Helicopter Pilot's License LAPL(H) - Helipoland.com","og_description":"Privileges and conditions A LAPL (H) will allow you to act as pilot in command (PIC) on single engine helicopters[.....]","og_url":"https:\/\/helipoland.com\/szkolenia-pilotow\/licencja-pilota-lekkich-smiglowcow-laplh\/","og_site_name":"Helipoland.com","article_modified_time":"2023-08-14T11:37:59+00:00","og_image":[{"url":"https:\/\/helipoland.com\/wp-content\/uploads\/2018\/08\/Air-Taxi-Helicopter-Poland-31-1024x683.jpg","type":"","width":"","height":""}],"twitter_misc":{"Est. reading time":"10 minutes"},"schema":{"@context":"https:\/\/schema.org","@graph":[{"@type":"WebPage","@id":"https:\/\/helipoland.com\/szkolenia-pilotow\/licencja-pilota-lekkich-smiglowcow-laplh\/","url":"https:\/\/helipoland.com\/szkolenia-pilotow\/licencja-pilota-lekkich-smiglowcow-laplh\/","name":"Light Helicopter Pilot's License LAPL(H) - Helipoland.com","isPartOf":{"@id":"https:\/\/helipoland.com\/pl\/#website"},"datePublished":"2016-03-15T13:14:38+00:00","dateModified":"2023-08-14T11:37:59+00:00","breadcrumb":{"@id":"https:\/\/helipoland.com\/szkolenia-pilotow\/licencja-pilota-lekkich-smiglowcow-laplh\/#breadcrumb"},"inLanguage":"en-US","potentialAction":[{"@type":"ReadAction","target":["https:\/\/helipoland.com\/szkolenia-pilotow\/licencja-pilota-lekkich-smiglowcow-laplh\/"]}]},{"@type":"BreadcrumbList","@id":"https:\/\/helipoland.com\/szkolenia-pilotow\/licencja-pilota-lekkich-smiglowcow-laplh\/#breadcrumb","itemListElement":[{"@type":"ListItem","position":1,"name":"Helipoland.com","item":"https:\/\/helipoland.com\/pl\/"},{"@type":"ListItem","position":2,"name":"Szkolenia pilot\u00f3w","item":"https:\/\/helipoland.com\/szkolenia-pilotow\/"},{"@type":"ListItem","position":3,"name":"Licencja pilota lekkich \u015bmig\u0142owc\u00f3w LAPL(H)"}]},{"@type":"WebSite","@id":"https:\/\/helipoland.com\/pl\/#website","url":"https:\/\/helipoland.com\/pl\/","name":"Helipoland.com","description":"Helicopter flights, flying school, air services, helicopters","potentialAction":[{"@type":"SearchAction","target":{"@type":"EntryPoint","urlTemplate":"https:\/\/helipoland.com\/pl\/?s={search_term_string}"},"query-input":{"@type":"PropertyValueSpecification","valueRequired":true,"valueName":"search_term_string"}}],"inLanguage":"en-US"}]}},"_links":{"self":[{"href":"https:\/\/helipoland.com\/en\/wp-json\/wp\/v2\/pages\/2547","targetHints":{"allow":["GET"]}}],"collection":[{"href":"https:\/\/helipoland.com\/en\/wp-json\/wp\/v2\/pages"}],"about":[{"href":"https:\/\/helipoland.com\/en\/wp-json\/wp\/v2\/types\/page"}],"author":[{"embeddable":true,"href":"https:\/\/helipoland.com\/en\/wp-json\/wp\/v2\/users\/1"}],"replies":[{"embeddable":true,"href":"https:\/\/helipoland.com\/en\/wp-json\/wp\/v2\/comments?post=2547"}],"version-history":[{"count":52,"href":"https:\/\/helipoland.com\/en\/wp-json\/wp\/v2\/pages\/2547\/revisions"}],"predecessor-version":[{"id":5888,"href":"https:\/\/helipoland.com\/en\/wp-json\/wp\/v2\/pages\/2547\/revisions\/5888"}],"up":[{"embeddable":true,"href":"https:\/\/helipoland.com\/en\/wp-json\/wp\/v2\/pages\/408"}],"wp:attachment":[{"href":"https:\/\/helipoland.com\/en\/wp-json\/wp\/v2\/media?parent=2547"}],"curies":[{"name":"wp","href":"https:\/\/api.w.org\/{rel}","templated":true}]}}