{"id":3444,"date":"2018-06-25T09:44:01","date_gmt":"2018-06-25T09:44:01","guid":{"rendered":"http:\/\/helipoland.com\/?page_id=3444"},"modified":"2023-01-16T11:16:39","modified_gmt":"2023-01-16T11:16:39","slug":"rodo","status":"publish","type":"page","link":"https:\/\/helipoland.com\/en\/rodo\/","title":{"rendered":"RODO"},"content":{"rendered":"<div class=\"page\" title=\"Page 1\">\n<div class=\"layoutArea\">\n<div class=\"column\">\n<p style=\"text-align: justify;\"><span style=\"color: #000000;\"><strong>Privacy policy<\/strong><\/span><\/p>\n<p style=\"text-align: justify;\"><span style=\"color: #000000;\">By using the helipoland.com website you entrust us with your details. As part of the privacy policy, we indicate what data we collect and for what purpose and for what we use it. Please read this document.<\/span><\/p>\n<p style=\"text-align: justify;\"><span style=\"color: #000000;\"><strong>What personal data we process.<\/strong><\/span><\/p>\n<p style=\"text-align: justify;\"><span style=\"color: #000000;\">The subject of processing is personal data that is collected as part of your use of this website, including those stored in cookies, which are installed on our website and personal data provided in the contact form or as part of the contact by email. This is particularly about the e-mail address, name and surname, telephone number as well as data which are left by you in the so-called cookie files and personal data provided to the Administrator.<\/span><\/p>\n<p style=\"text-align: justify;\"><span style=\"color: #000000;\"><strong>Administrator of personal data.<\/strong><\/span><\/p>\n<p style=\"text-align: justify;\"><span style=\"color: #000000;\">The personal data administrator is:<\/span><\/p>\n<p><span style=\"color: #000000;\">HeliPoland Sp. z o.o. with headquarters in Bielsko-Bia\u0142a, ul. Cieszy\u0144ska 317, 43-382 Bielsko-Bia\u0142a, entered into the Register of Entrepreneurs of the National Court Register under the number: 0000556316 kept by the District Court in Bielsko-Bia\u0142a, 8th Commercial Department of the National Court Register. REGON number: 361415773, NIP number: 6521725163.<\/span><\/p>\n<p style=\"text-align: justify;\"><span style=\"color: #000000;\"><strong>The purpose of personal data processing.<\/strong><\/span><\/p>\n<p style=\"text-align: justify;\"><span style=\"color: #000000;\">With your consent, the data can be processed for marketing purposes. If consent is given, the data may be processed by HeliPoland Sp. z o.o. The data will also be processed for the purpose of providing services by HeliPoland Sp. z o.o. as well as to improve services as well as archiving purposes.<\/span><\/p>\n<p style=\"text-align: justify;\"><span style=\"color: #000000;\"><strong>The period of personal data processing.<\/strong><\/span><\/p>\n<p style=\"text-align: justify;\"><span style=\"color: #000000;\">The data will be processed for marketing purposes until the consent for processing is withdrawn. In the scope of HeliPoland Sp. z o.o., the data will be processed during the period in which these services will be provided and, in justified cases, upon completion of their provision, but only if it is permitted or required under applicable law (for example, processing for statistical, billing or claims purposes) ). In this case, the data will be processed only for the period necessary to achieve the relevant objectives.<\/span><\/p>\n<\/div>\n<\/div>\n<\/div>\n<div class=\"page\" style=\"text-align: justify;\" title=\"Page 2\">\n<div class=\"layoutArea\">\n<div class=\"column\">\n<p><span style=\"color: #000000;\"><strong>Requirement to provide data.<\/strong><\/span><\/p>\n<p><span style=\"color: #000000;\">Providing personal information is voluntary. However, please remember that failure to provide data marked as necessary to provide services to you will make it impossible to provide them. If you do not consent to the processing of personal data left by you as part of the use of the website, including those stored in cookies &#8211; your personal data will not be processed for this purpose.<\/span><\/p>\n<p><span style=\"color: #000000;\"><strong>Legal basis for the processing of personal data.<\/strong><\/span><\/p>\n<\/div>\n<\/div>\n<div class=\"section\">\n<div class=\"layoutArea\">\n<div class=\"column\">\n<p><span style=\"color: #000000;\">The legal basis for the processing of your data for marketing purposes is yours voluntary consent to data processing (Article 6 (1) (a) of the Parliament&#8217;s Regulation Of the European Parliament and of the Council (EU) 2016\/679 of 27 April 2016 on the protection of natural persons in in connection with the processing of personal data and on the free movement of such data, and repeal of Directive 95\/46 \/ EC &#8211; &#8220;RODO&#8221;).<\/span><\/p>\n<p><span style=\"color: #000000;\">In the scope of providing services and improving services by HeliPoland Sp. z o.o. data is processed on the basis of art. 6 par. 1 lit. b RODO (processing is necessary to perform the contract to which the data subject is a party, or to take action on demand of the data subject, before concluding the contract). For other purposes, including archival purposes &#8211; art. 6 par. 1 lit. f) RODO (legitimate interest of the administrator).<\/span><\/p>\n<\/div>\n<\/div>\n<\/div>\n<div class=\"layoutArea\">\n<div class=\"column\">\n<p><span style=\"color: #000000;\"><strong>Entities that we can transfer data to.<\/strong><\/span><\/p>\n<p><span style=\"color: #000000;\">Entities processing data on behalf of the data controller (eg IT service providers) &#8211; where such entities process data on the basis of a contract with the administrator and only in accordance with the administrator&#8217;s instructions) and entities authorized to obtain data on the basis of applicable law (eg law enforcement authorities for the purposes of pending criminal proceedings).<\/span><\/p>\n<p><span style=\"color: #000000;\"><strong>Data transmitted outside the European Economic Area.<\/strong><\/span><\/p>\n<p><span style=\"color: #000000;\">Your personal data will not be transferred to third countries outside the European Economic Area.<\/span><\/p>\n<p><span style=\"color: #000000;\"><strong>Rights related to the processing of personal data.<\/strong><\/span><\/p>\n<p><span style=\"color: #000000;\">You have the following rights related to the processing of personal data:<\/span><\/p>\n<ol>\n<li><span style=\"color: #000000;\">The right to access data, including obtaining a copy of data,<\/span><\/li>\n<li><span style=\"color: #000000;\">The right to demand correction of data,<\/span><\/li>\n<li><span style=\"color: #000000;\">The right to delete data (in certain situations),<\/span><\/li>\n<li><span style=\"color: #000000;\">The right to file a complaint with the supervisory body dealing with the protection of personal data,<\/span><\/li>\n<li><span style=\"color: #000000;\">The right to limit data processing.<\/span><\/li>\n<\/ol>\n<p><span style=\"color: #000000;\">To the extent that your data is processed on the basis of consent or as part of the service provided (data is necessary to provide the service), you have an additional<\/span><\/p>\n<\/div>\n<\/div>\n<\/div>\n<div class=\"page\" title=\"Page 3\">\n<div class=\"layoutArea\">\n<div class=\"column\">\n<ol style=\"text-align: justify;\">\n<li><span style=\"color: #000000;\">The right to withdraw consent in the scope in which they are processed on this basis. Withdrawal of consent does not affect the lawfulness of the processing that was made on the basis of consent before its withdrawal.<\/span><\/li>\n<li><span style=\"color: #000000;\">The right to transfer personal data, i.e. to receive from the administrator your personal data, in a structured, commonly used, machine-readable format.<\/span><\/li>\n<\/ol>\n<p style=\"text-align: justify;\"><span style=\"color: #000000;\">In order to exercise the above rights, please contact the administrator. Mailing address: ul. Cieszy\u0144ska 317, 43-300 Bielsko-Bia\u0142a, e-mail: info@helipoland.com.<\/span><\/p>\n<p style=\"text-align: justify;\"><span style=\"color: #000000;\"><strong>The right to lodge a complaint with the supervisory body.<\/strong><\/span><\/p>\n<p style=\"text-align: justify;\"><span style=\"color: #000000;\">You have the right to lodge a complaint to the President of the Office for Personal Data Protection.<\/span><\/p>\n<p style=\"text-align: justify;\"><span style=\"color: #000000;\"><strong>Information about cookies.<\/strong><\/span><\/p>\n<p style=\"text-align: justify;\"><span style=\"color: #000000;\">Please be advised that this website (www.helipoland.com) uses cookies. Cookies are small text files sent by a web server and stored by the browser computer software. When the browser reconnects with the website, the website recognizes the type of device the user connects to. Parameters allow to read information contained in them only to the server that created them. Therefore, cookies facilitate the use of previously visited sites. The information collected concerns, among others, the IP address, type of browser used, language, type of operating system, Internet service provider, time and date information, location and information sent to the website via the contact form.<\/span><\/p>\n<p style=\"text-align: justify;\"><span style=\"color: #000000;\">Cookies are encrypted in such a way that unauthorized persons do not have access to them. The information collected on the basis of cookies can only be read by HeliPoland Sp. z o.o., for technical reasons also trusted partners, which technologies we use.<\/span><\/p>\n<p style=\"text-align: justify;\"><span style=\"color: #000000;\">If you do not want to use cookies, you can prevent saving cookies on your device or permanently delete your saved files. You can find information on this issue in the instructions of your web browser &#8211; it may, however, slow down the website or other irregularities in its operation and is not recommended.<\/span><\/p>\n<\/div>\n<\/div>\n<\/div>","protected":false},"excerpt":{"rendered":"<p>Privacy policy By using the helipoland.com website you entrust us with your details. As part of the privacy policy, we[&#8230;..]<\/p>\n","protected":false},"author":1,"featured_media":0,"parent":0,"menu_order":0,"comment_status":"closed","ping_status":"closed","template":"template-fullwidth-with-form.php","meta":{"_acf_changed":false,"footnotes":""},"class_list":["post-3444","page","type-page","status-publish","hentry"],"acf":[],"yoast_head":"<!-- This site is optimized with the Yoast SEO plugin v24.8.1 - https:\/\/yoast.com\/wordpress\/plugins\/seo\/ -->\n<title>RODO - Helipoland.com<\/title>\n<meta name=\"robots\" content=\"index, follow, max-snippet:-1, max-image-preview:large, max-video-preview:-1\" \/>\n<link rel=\"canonical\" href=\"https:\/\/helipoland.com\/rodo\/\" \/>\n<meta property=\"og:locale\" content=\"en_US\" \/>\n<meta property=\"og:type\" content=\"article\" \/>\n<meta property=\"og:title\" content=\"RODO - Helipoland.com\" \/>\n<meta property=\"og:description\" content=\"Privacy policy By using the helipoland.com website you entrust us with your details. As part of the privacy policy, we[.....]\" \/>\n<meta property=\"og:url\" content=\"https:\/\/helipoland.com\/rodo\/\" \/>\n<meta property=\"og:site_name\" content=\"Helipoland.com\" \/>\n<meta property=\"article:modified_time\" content=\"2023-01-16T11:16:39+00:00\" \/>\n<meta name=\"twitter:label1\" content=\"Est. reading time\" \/>\n\t<meta name=\"twitter:data1\" content=\"11 minutes\" \/>\n<script type=\"application\/ld+json\" class=\"yoast-schema-graph\">{\"@context\":\"https:\/\/schema.org\",\"@graph\":[{\"@type\":\"WebPage\",\"@id\":\"https:\/\/helipoland.com\/rodo\/\",\"url\":\"https:\/\/helipoland.com\/rodo\/\",\"name\":\"RODO - Helipoland.com\",\"isPartOf\":{\"@id\":\"https:\/\/helipoland.com\/pl\/#website\"},\"datePublished\":\"2018-06-25T09:44:01+00:00\",\"dateModified\":\"2023-01-16T11:16:39+00:00\",\"breadcrumb\":{\"@id\":\"https:\/\/helipoland.com\/rodo\/#breadcrumb\"},\"inLanguage\":\"en-US\",\"potentialAction\":[{\"@type\":\"ReadAction\",\"target\":[\"https:\/\/helipoland.com\/rodo\/\"]}]},{\"@type\":\"BreadcrumbList\",\"@id\":\"https:\/\/helipoland.com\/rodo\/#breadcrumb\",\"itemListElement\":[{\"@type\":\"ListItem\",\"position\":1,\"name\":\"Helipoland.com\",\"item\":\"https:\/\/helipoland.com\/pl\/\"},{\"@type\":\"ListItem\",\"position\":2,\"name\":\"RODO\"}]},{\"@type\":\"WebSite\",\"@id\":\"https:\/\/helipoland.com\/pl\/#website\",\"url\":\"https:\/\/helipoland.com\/pl\/\",\"name\":\"Helipoland.com\",\"description\":\"Helicopter flights, flying school, air services, helicopters\",\"potentialAction\":[{\"@type\":\"SearchAction\",\"target\":{\"@type\":\"EntryPoint\",\"urlTemplate\":\"https:\/\/helipoland.com\/pl\/?s={search_term_string}\"},\"query-input\":{\"@type\":\"PropertyValueSpecification\",\"valueRequired\":true,\"valueName\":\"search_term_string\"}}],\"inLanguage\":\"en-US\"}]}<\/script>\n<!-- \/ Yoast SEO plugin. -->","yoast_head_json":{"title":"RODO - Helipoland.com","robots":{"index":"index","follow":"follow","max-snippet":"max-snippet:-1","max-image-preview":"max-image-preview:large","max-video-preview":"max-video-preview:-1"},"canonical":"https:\/\/helipoland.com\/rodo\/","og_locale":"en_US","og_type":"article","og_title":"RODO - Helipoland.com","og_description":"Privacy policy By using the helipoland.com website you entrust us with your details. As part of the privacy policy, we[.....]","og_url":"https:\/\/helipoland.com\/rodo\/","og_site_name":"Helipoland.com","article_modified_time":"2023-01-16T11:16:39+00:00","twitter_misc":{"Est. reading time":"11 minutes"},"schema":{"@context":"https:\/\/schema.org","@graph":[{"@type":"WebPage","@id":"https:\/\/helipoland.com\/rodo\/","url":"https:\/\/helipoland.com\/rodo\/","name":"RODO - Helipoland.com","isPartOf":{"@id":"https:\/\/helipoland.com\/pl\/#website"},"datePublished":"2018-06-25T09:44:01+00:00","dateModified":"2023-01-16T11:16:39+00:00","breadcrumb":{"@id":"https:\/\/helipoland.com\/rodo\/#breadcrumb"},"inLanguage":"en-US","potentialAction":[{"@type":"ReadAction","target":["https:\/\/helipoland.com\/rodo\/"]}]},{"@type":"BreadcrumbList","@id":"https:\/\/helipoland.com\/rodo\/#breadcrumb","itemListElement":[{"@type":"ListItem","position":1,"name":"Helipoland.com","item":"https:\/\/helipoland.com\/pl\/"},{"@type":"ListItem","position":2,"name":"RODO"}]},{"@type":"WebSite","@id":"https:\/\/helipoland.com\/pl\/#website","url":"https:\/\/helipoland.com\/pl\/","name":"Helipoland.com","description":"Helicopter flights, flying school, air services, helicopters","potentialAction":[{"@type":"SearchAction","target":{"@type":"EntryPoint","urlTemplate":"https:\/\/helipoland.com\/pl\/?s={search_term_string}"},"query-input":{"@type":"PropertyValueSpecification","valueRequired":true,"valueName":"search_term_string"}}],"inLanguage":"en-US"}]}},"_links":{"self":[{"href":"https:\/\/helipoland.com\/en\/wp-json\/wp\/v2\/pages\/3444","targetHints":{"allow":["GET"]}}],"collection":[{"href":"https:\/\/helipoland.com\/en\/wp-json\/wp\/v2\/pages"}],"about":[{"href":"https:\/\/helipoland.com\/en\/wp-json\/wp\/v2\/types\/page"}],"author":[{"embeddable":true,"href":"https:\/\/helipoland.com\/en\/wp-json\/wp\/v2\/users\/1"}],"replies":[{"embeddable":true,"href":"https:\/\/helipoland.com\/en\/wp-json\/wp\/v2\/comments?post=3444"}],"version-history":[{"count":4,"href":"https:\/\/helipoland.com\/en\/wp-json\/wp\/v2\/pages\/3444\/revisions"}],"predecessor-version":[{"id":5739,"href":"https:\/\/helipoland.com\/en\/wp-json\/wp\/v2\/pages\/3444\/revisions\/5739"}],"wp:attachment":[{"href":"https:\/\/helipoland.com\/en\/wp-json\/wp\/v2\/media?parent=3444"}],"curies":[{"name":"wp","href":"https:\/\/api.w.org\/{rel}","templated":true}]}}