{"id":410,"date":"2015-04-12T19:37:15","date_gmt":"2015-04-12T19:37:15","guid":{"rendered":"http:\/\/helipoland.com\/?page_id=410"},"modified":"2022-10-20T10:15:06","modified_gmt":"2022-10-20T10:15:06","slug":"sprzedaz-helikopterow-smiglowcow","status":"publish","type":"page","link":"https:\/\/helipoland.com\/en\/sprzedaz-helikopterow-smiglowcow\/","title":{"rendered":"Sale of new and used helicopters, accessories, after-sales services, helipads"},"content":{"rendered":"<p style=\"text-align: justify;\"><strong><div class=\"ezcol ezcol-one-third\">The most known helicopter brands:<\/strong><\/p>\n<ul>\n<li><a style=\"font-weight: bold;\" href=\"http:\/\/www.robinsonhelicopter.com\/\" target=\"_blank\" rel=\"noopener noreferrer\">Robinson Helicopters (RHC)<\/a><\/li>\n<li><strong><a href=\"https:\/\/www.airbus.com\/helicopters.html\" target=\"_blank\" rel=\"noopener noreferrer\">Airbus Helicopters (Eurocopter)<\/a><\/strong><\/li>\n<li><a href=\"https:\/\/www.bellflight.com\/commercial\" target=\"_blank\" rel=\"noopener noreferrer\"><strong>Bell Helicopter (Textron company)<\/strong><\/a><\/li>\n<li><strong><a href=\"http:\/\/www.marenco-swisshelicopter.ch\/\" target=\"_blank\" rel=\"noopener noreferrer\">Marenco &#8211; Swisshelicopter (Kopter)<\/a><\/strong><\/li>\n<li><strong><a href=\"http:\/\/www.leonardocompany.com\/en\/product-services\/elicotteri_helicopters\" target=\"_blank\" rel=\"noopener noreferrer\">Leonardo Helicopters (AgustaWestland)<\/a><\/strong><\/li>\n<li style=\"text-align: justify;\"><strong><a href=\"http:\/\/lockheedmartin.com\/us\/what-we-do\/aerospace-defense\/sikorsky.html\" target=\"_blank\" rel=\"noopener noreferrer\">Sikorsky (Lockheed Martin)<\/a><\/strong><\/li>\n<li style=\"text-align: justify;\"><strong><a href=\"https:\/\/www.mdhelicopters.com\/\" target=\"_blank\" rel=\"noopener noreferrer\">MD Helicopters (MDHI)<\/a><\/strong><\/li>\n<li style=\"text-align: justify;\"><strong><a href=\"https:\/\/www.guimbal.com\/\" target=\"_blank\" rel=\"noopener noreferrer\">Guimbal France<\/a><\/strong><\/li>\n<li style=\"text-align: justify;\"><strong><a href=\"https:\/\/enstromhelicopter.com\/\" target=\"_blank\" rel=\"noopener noreferrer\">Enstrom Helicopters<\/a><\/strong><\/li>\n<li><strong><a href=\"https:\/\/en.konnerhelicopters.com\/home\/\" target=\"_blank\" rel=\"noopener noreferrer\">Konner Helicopters<\/a><\/strong><\/li>\n<li><strong><a href=\"http:\/\/www.russianhelicopters.aero\/en\/\" target=\"_blank\" rel=\"noopener noreferrer\">Russian Helicopters (Mil Mi)<\/a><\/strong><\/li>\n<\/ul>\n<p style=\"text-align: justify;\">\u00a0 \u00a0*links to producer websites<\/div> <div class=\"ezcol ezcol-two-third ezcol-last\"><div id=\"metaslider-id-1733\" style=\"max-width: 900px; margin: 0 auto;\" class=\"ml-slider-3-97-0 metaslider metaslider-flex metaslider-1733 ml-slider ms-theme-default nav-hidden nav-hidden\" role=\"region\" aria-roledescription=\"Slideshow\" aria-label=\"Sprzeda\u017c helikopter\u00f3w\" data-width=\"900\">\n    <div id=\"metaslider_container_1733\">\n        <div id=\"metaslider_1733\">\n            <ul class='slides'>\n                <li style=\"display: block; width: 100%;\" class=\"slide-1741 ms-image \" aria-roledescription=\"slide\" aria-label=\"slide-1741\" data-date=\"2015-10-20 19:27:48\"><img loading=\"lazy\" decoding=\"async\" src=\"https:\/\/helipoland.com\/wp-content\/uploads\/2015\/10\/DSCF0942-900x500.jpg\" height=\"500\" width=\"900\" alt=\"Sprzeda\u017c Helikoptery Robinson\" class=\"slider-1733 slide-1741\" title=\"Sprzeda\u017c Helikoptery Robinson\" \/><\/li>\n                <li style=\"display: none; width: 100%;\" class=\"slide-3784 ms-image \" aria-roledescription=\"slide\" aria-label=\"slide-3784\" data-date=\"2019-07-28 13:42:50\"><img loading=\"lazy\" decoding=\"async\" src=\"https:\/\/helipoland.com\/wp-content\/uploads\/2015\/09\/Robinson_R44_RAVEN_I_410139_i0-720x400.jpg\" height=\"500\" width=\"900\" alt=\"Sprzeda\u017c Helikoptery R 44\" class=\"slider-1733 slide-3784\" title=\"Sprzeda\u017c Helikoptery R 44\" \/><\/li>\n                <li style=\"display: none; width: 100%;\" class=\"slide-3786 ms-image \" aria-roledescription=\"slide\" aria-label=\"slide-3786\" data-date=\"2019-07-28 13:46:31\"><img loading=\"lazy\" decoding=\"async\" src=\"https:\/\/helipoland.com\/wp-content\/uploads\/2019\/07\/ACH-130Stylence-900x500.jpg\" height=\"500\" width=\"900\" alt=\"Sprzeda\u017c Helikoptery Airbus\" class=\"slider-1733 slide-3786\" title=\"Sprzeda\u017c Helikoptery Airbus\" \/><\/li>\n                <li style=\"display: none; width: 100%;\" class=\"slide-3788 ms-image \" aria-roledescription=\"slide\" aria-label=\"slide-3788\" data-date=\"2019-07-28 13:51:15\"><img loading=\"lazy\" decoding=\"async\" src=\"https:\/\/helipoland.com\/wp-content\/uploads\/2019\/07\/h125-airbus-1-900x500.jpg\" height=\"500\" width=\"900\" alt=\"Sprzeda\u017c Helikoptery Airbus H125\" class=\"slider-1733 slide-3788\" title=\"Sprzeda\u017c Helikoptery Airbus H125\" \/><\/li>\n                <li style=\"display: none; width: 100%;\" class=\"slide-3795 ms-image \" aria-roledescription=\"slide\" aria-label=\"slide-3795\" data-date=\"2019-07-28 14:03:32\"><img loading=\"lazy\" decoding=\"async\" src=\"https:\/\/helipoland.com\/wp-content\/uploads\/2015\/10\/429AlpsNW-630x350.jpg\" height=\"500\" width=\"900\" alt=\"Sprzeda\u017c Helikoptery Bell 429\" class=\"slider-1733 slide-3795\" title=\"Sprzeda\u017c Helikoptery Bell 429\" \/><\/li>\n                <li style=\"display: none; width: 100%;\" class=\"slide-3796 ms-image \" aria-roledescription=\"slide\" aria-label=\"slide-3796\" data-date=\"2019-07-28 14:04:10\"><img loading=\"lazy\" decoding=\"async\" src=\"https:\/\/helipoland.com\/wp-content\/uploads\/2015\/10\/CV3A64351-670x372.jpg\" height=\"500\" width=\"900\" alt=\"Sprzeda\u017c Helikoptery Bell 505\" class=\"slider-1733 slide-3796\" title=\"Sprzeda\u017c Helikoptery Bell 505\" \/><\/li>\n                <li style=\"display: none; width: 100%;\" class=\"slide-3793 ms-image \" aria-roledescription=\"slide\" aria-label=\"slide-3793\" data-date=\"2019-07-28 14:00:28\"><img loading=\"lazy\" decoding=\"async\" src=\"https:\/\/helipoland.com\/wp-content\/uploads\/2019\/07\/maxresdefault-1-900x500.jpg\" height=\"500\" width=\"900\" alt=\"Sprzeda\u017c Helikoptery Marenco-Swiss helicopter\" class=\"slider-1733 slide-3793\" title=\"Sprzeda\u017c Helikoptery Marenco-Swiss helicopter\" \/><\/li>\n                <li style=\"display: none; width: 100%;\" class=\"slide-3794 ms-image \" aria-roledescription=\"slide\" aria-label=\"slide-3794\" data-date=\"2019-07-28 14:00:28\"><img loading=\"lazy\" decoding=\"async\" src=\"https:\/\/helipoland.com\/wp-content\/uploads\/2019\/07\/marenco-skye-sh09-civil-aviation-passenger-helicopters-swisshelicopter-skye-sh09-serial-02-marenco-swisshelicopter-900x500.jpg\" height=\"500\" width=\"900\" alt=\"Sprzeda\u017c Helikoptery Kopter\" class=\"slider-1733 slide-3794\" title=\"Sprzeda\u017c Helikoptery Kopter\" \/><\/li>\n                <li style=\"display: none; width: 100%;\" class=\"slide-3783 ms-image \" aria-roledescription=\"slide\" aria-label=\"slide-3783\" data-date=\"2019-07-28 13:37:19\"><img loading=\"lazy\" decoding=\"async\" src=\"https:\/\/helipoland.com\/wp-content\/uploads\/2015\/09\/aw139-169-189family_agustawestland6409-900x500.jpg\" height=\"500\" width=\"900\" alt=\"Sprzeda\u017c Helikoptery Leonardo\" class=\"slider-1733 slide-3783\" title=\"Sprzeda\u017c Helikoptery Leonardo\" \/><\/li>\n                <li style=\"display: none; width: 100%;\" class=\"slide-2113 ms-image \" aria-roledescription=\"slide\" aria-label=\"slide-2113\" data-date=\"2015-12-09 18:43:20\"><img loading=\"lazy\" decoding=\"async\" src=\"https:\/\/helipoland.com\/wp-content\/uploads\/2015\/12\/Sprzedaz-i-wynajem-2-750x416.jpg\" height=\"500\" width=\"900\" alt=\"Sprzeda\u017c Helikoptery AW009\" class=\"slider-1733 slide-2113\" title=\"Sprzeda\u017c Helikoptery AW009\" \/><\/li>\n                <li style=\"display: none; width: 100%;\" class=\"slide-3800 ms-image \" aria-roledescription=\"slide\" aria-label=\"slide-3800\" data-date=\"2019-07-28 14:12:47\"><img loading=\"lazy\" decoding=\"async\" src=\"https:\/\/helipoland.com\/wp-content\/uploads\/2019\/07\/80-900x500.jpg\" height=\"500\" width=\"900\" alt=\"Sprzeda\u017c Helikoptery MD500\" class=\"slider-1733 slide-3800\" title=\"Sprzeda\u017c Helikoptery MD500\" \/><\/li>\n                <li style=\"display: none; width: 100%;\" class=\"slide-3799 ms-image \" aria-roledescription=\"slide\" aria-label=\"slide-3799\" data-date=\"2019-07-28 14:12:47\"><img loading=\"lazy\" decoding=\"async\" src=\"https:\/\/helipoland.com\/wp-content\/uploads\/2019\/07\/roban-md-500e-g-jive-blue-500-size-helicopter-scale-conversion-kit-motion-rc-698368000025-900x500.jpg\" height=\"500\" width=\"900\" alt=\"Sprzeda\u017c Helikoptery MD 500\" class=\"slider-1733 slide-3799\" title=\"Sprzeda\u017c Helikoptery MD 500\" \/><\/li>\n            <\/ul>\n        <\/div>\n        \n    <\/div>\n<\/div><\/div><div class=\"ezcol-divider\"><\/div>\n<p>Helicopters are the fastest and most effective means of direct transport from point A to point B and also one of the most versatile commercial machines. We offer a comprehensive range of services related to the purchase of a helicopter, starting with the selection of a suitable machine used anywhere in the world or its configuration for factory production, through detailed inspection with technical and formal inspection and assessment, to bringing and formal and technical organization related to registration in the country and training of the flying crew. For purchased machines, we provide insurance on convenient terms and technical service at the highest level.<\/p>\n<hr \/>\n<p style=\"text-align: center;\">Our specialty is sales and technical support of the world&#8217;s most popular helicopters of <span style=\"text-decoration: underline;\"><strong><a title=\"helikoptery Robinson\" href=\"http:\/\/www.robinsonheli.com\/\" target=\"_blank\" rel=\"noopener noreferrer\">Robinson Helicopter Company (RHC)<\/a><\/strong><\/span>.<\/p>\n<p style=\"text-align: center;\">The most popular and versatile helicopters in the world are the four-seat <span style=\"text-decoration: underline;\"><strong><a href=\"https:\/\/robinsonheli.com\/r44-raven-i\/\" target=\"_blank\" rel=\"noopener noreferrer\">R 44 Raven I<\/a><\/strong><\/span> and <span style=\"text-decoration: underline;\"><strong><a href=\"https:\/\/robinsonheli.com\/r44-specifications\/\" target=\"_blank\" rel=\"noopener noreferrer\">R 44 Raven II<\/a><\/strong><\/span> with reliable <span style=\"text-decoration: underline;\"><strong><a href=\"https:\/\/www.lycoming.com\/\" target=\"_blank\" rel=\"noopener noreferrer\">Lycoming<\/a><\/strong><\/span> piston engines and the <span style=\"text-decoration: underline;\"><strong><a href=\"https:\/\/robinsonheli.com\/r66-specifications\/\" target=\"_blank\" rel=\"noopener noreferrer\">R 66 Turbine<\/a><\/strong><\/span> five-seat helicopter with the latest <span style=\"text-decoration: underline;\"><strong><a href=\"https:\/\/www.rolls-royce.com\/products-and-services\/civil-aerospace.aspx\" target=\"_blank\" rel=\"noopener noreferrer\">Rolls-Royce<\/a><\/strong><\/span> helicopter turbine engine.<\/p>\n<p style=\"text-align: center;\"><img loading=\"lazy\" decoding=\"async\" class=\"aligncenter wp-image-2142 size-full\" src=\"http:\/\/helipoland.com\/wp-content\/uploads\/2015\/12\/Sprzeda\u017c-i-wynajem-2.jpg\" alt=\"Sprzeda\u017c \u015bmig\u0142owc\u00f3w\" width=\"1598\" height=\"669\" srcset=\"https:\/\/helipoland.com\/wp-content\/uploads\/2015\/12\/Sprzeda\u017c-i-wynajem-2.jpg 1598w, https:\/\/helipoland.com\/wp-content\/uploads\/2015\/12\/Sprzeda\u017c-i-wynajem-2-300x126.jpg 300w, https:\/\/helipoland.com\/wp-content\/uploads\/2015\/12\/Sprzeda\u017c-i-wynajem-2-1024x429.jpg 1024w\" sizes=\"auto, (max-width: 1598px) 100vw, 1598px\" \/><\/p>\n<p style=\"text-align: center;\"><strong><div class=\"ezcol ezcol-one-half\"><\/strong><\/p>\n<h2 style=\"text-align: left;\">Sales service<\/h2>\n<ul>\n<li>Choosing the most suitable machine for the customer&#8217;s needs<\/li>\n<li>Direct sale of new helicopters<\/li>\n<li>Analysis of used helicopters market<\/li>\n<li>Trial flights and technical inspections<\/li>\n<li>Advice before buying<\/li>\n<li>Price negotiations<\/li>\n<li>Legal Aid<\/li>\n<li>Imports with customs service and other administrative formalities<\/li>\n<\/ul>\n<p style=\"text-align: justify;\"><\/div> <div class=\"ezcol ezcol-one-half ezcol-last\">\n<p>&nbsp;<\/p>\n<h2 style=\"text-align: left;\">After-sales services<\/h2>\n<ul>\n<li>Registration at any Civil Aviation Office<\/li>\n<li>Retraining pilots for new types of helicopters<\/li>\n<li>Organization of flight training for new pilots<\/li>\n<li>Technical support for helicopters, hangar<\/li>\n<li>Delivery of spare parts, tools<\/li>\n<li>Maintenance, repairs and modifications<\/li>\n<li>Training of technicians and operators<\/li>\n<\/ul>\n<p style=\"text-align: justify;\"><\/div><div class=\"ezcol-divider\"><\/div>\n<hr \/>\n<p>Pursuant to the provisions on the registration of aviation equipment (Journal of Laws No. 31 item 178 of 22.06.63) Polish State Register of Aircraft in the Main Civil Aviation Inspectorate in Warsaw requires the following documents attached to the application in order to properly carry out the helicopter registration procedure:<\/p>\n<ol>\n<li>Proof of ownership (purchase agreement, invoice)<\/li>\n<li>Export Certificate of Fitness (Export Certificate of Airworthiness delivered with the helicopter by the manufacturer)<\/li>\n<li>Aircraft weighing protocol (original in helicopter documents)<\/li>\n<li>Flight test report (issued after a completed flight)<\/li>\n<li>Noise certificate (issued by ULC for a specific copy)<\/li>\n<li>Valid certificate of inspection (entry in airframe and engine books)<\/li>\n<li>Valid certificate of airworthiness and airworthiness review certificate (issued by the ULC inspector)<\/li>\n<li>Insurance policy for compulsory TPL and accident insurance resulting from air traffic<\/li>\n<li>Permission to use radio on-board issued by the Telecommunications Regulatory Authority (issued on the basis of a previously submitted application)<\/li>\n<li>Confirmation that the helicopter does not appear in any register<\/li>\n<li>Company Registration documents<\/li>\n<li>Noise certificate<\/li>\n<li>The POT program approved in the ULC<\/li>\n<\/ol>\n<p>the fact of possessing the aviation equipment should be notified in writing to the manufacturer in order to cover a particular helicopter with a bulletin service. At the same time, we would like to inform you that after the registration, the aircraft can be used by the owner or user in accordance with the declared purpose and the clause on the registration certificate. The performance of other flights, tasks or provision of air services requires separate consent &#8211; a license &#8211; of the Minister of Transport and Maritime Economy for economic activity in the field of air transport and other air services (Paragraph of 23.12.88 on economic activity &#8211; Journal of Laws No. 41 , item 324), and the air carrier&#8217;s certificate issued by the Civil Aviation Office. All formalities related to the proper conduct of the registration procedure based on the documents provided by the owner, at the request of the Buyer based on a separate agreement concluded, may be carried out by the Seller.","protected":false},"excerpt":{"rendered":"<p>Helicopters are the fastest and most effective means of direct transport from point A to point B and also one[&#8230;..]<\/p>\n","protected":false},"author":1,"featured_media":0,"parent":0,"menu_order":0,"comment_status":"closed","ping_status":"closed","template":"template-fullwidth-with-form.php","meta":{"_acf_changed":false,"footnotes":""},"class_list":["post-410","page","type-page","status-publish","hentry"],"acf":[],"yoast_head":"<!-- This site is optimized with the Yoast SEO plugin v24.8.1 - https:\/\/yoast.com\/wordpress\/plugins\/seo\/ -->\n<title>Helicopter sale - Helipoland.com<\/title>\n<meta name=\"description\" content=\"The company Helipoland.com sells helicopters \/ helicopters. The offer also service and training. Welcome!\" \/>\n<meta name=\"robots\" content=\"index, follow, max-snippet:-1, max-image-preview:large, max-video-preview:-1\" \/>\n<link rel=\"canonical\" href=\"https:\/\/helipoland.com\/sprzedaz-helikopterow-smiglowcow\/\" \/>\n<meta property=\"og:locale\" content=\"en_US\" \/>\n<meta property=\"og:type\" content=\"article\" \/>\n<meta property=\"og:title\" content=\"[:pl]Sprzeda\u017c helikopter\u00f3w i \u015bmig\u0142owc\u00f3w - Helipoland.com[:en]Helicopter sale - Helipoland.com[:]\" \/>\n<meta property=\"og:description\" content=\"{:pl}Firma Helipoland.com zajmuje si\u0119 sprzeda\u017c\u0105 helikopter\u00f3w \/ \u015bmig\u0142owc\u00f3w. W ofercie tak\u017ce serwis i szkolenie. Zapraszamy do wsp\u00f3\u0142pracy!{:en} The company Helipoland.com sells helicopters \/ helicopters. The offer also service and training. Welcome!{:}\" \/>\n<meta property=\"og:url\" content=\"https:\/\/helipoland.com\/sprzedaz-helikopterow-smiglowcow\/\" \/>\n<meta property=\"og:site_name\" content=\"Helipoland.com\" \/>\n<meta property=\"article:modified_time\" content=\"2022-10-20T10:15:06+00:00\" \/>\n<meta property=\"og:image\" content=\"http:\/\/helipoland.com\/wp-content\/uploads\/2015\/04\/feature-private.jpg\" \/>\n<meta name=\"twitter:label1\" content=\"Est. reading time\" \/>\n\t<meta name=\"twitter:data1\" content=\"7 minutes\" \/>\n<script type=\"application\/ld+json\" class=\"yoast-schema-graph\">{\"@context\":\"https:\/\/schema.org\",\"@graph\":[{\"@type\":\"WebPage\",\"@id\":\"https:\/\/helipoland.com\/sprzedaz-helikopterow-smiglowcow\/\",\"url\":\"https:\/\/helipoland.com\/sprzedaz-helikopterow-smiglowcow\/\",\"name\":\"[:pl]Sprzeda\u017c helikopter\u00f3w i \u015bmig\u0142owc\u00f3w - Helipoland.com[:en]Helicopter sale - Helipoland.com[:]\",\"isPartOf\":{\"@id\":\"https:\/\/helipoland.com\/pl\/#website\"},\"primaryImageOfPage\":{\"@id\":\"https:\/\/helipoland.com\/sprzedaz-helikopterow-smiglowcow\/#primaryimage\"},\"image\":{\"@id\":\"https:\/\/helipoland.com\/sprzedaz-helikopterow-smiglowcow\/#primaryimage\"},\"thumbnailUrl\":\"http:\/\/helipoland.com\/wp-content\/uploads\/2015\/04\/feature-private.jpg\",\"datePublished\":\"2015-04-12T19:37:15+00:00\",\"dateModified\":\"2022-10-20T10:15:06+00:00\",\"description\":\"{:pl}Firma Helipoland.com zajmuje si\u0119 sprzeda\u017c\u0105 helikopter\u00f3w \/ \u015bmig\u0142owc\u00f3w. W ofercie tak\u017ce serwis i szkolenie. Zapraszamy do wsp\u00f3\u0142pracy!{:en} The company Helipoland.com sells helicopters \/ helicopters. The offer also service and training. Welcome!{:}\",\"breadcrumb\":{\"@id\":\"https:\/\/helipoland.com\/sprzedaz-helikopterow-smiglowcow\/#breadcrumb\"},\"inLanguage\":\"en-US\",\"potentialAction\":[{\"@type\":\"ReadAction\",\"target\":[\"https:\/\/helipoland.com\/sprzedaz-helikopterow-smiglowcow\/\"]}]},{\"@type\":\"ImageObject\",\"inLanguage\":\"en-US\",\"@id\":\"https:\/\/helipoland.com\/sprzedaz-helikopterow-smiglowcow\/#primaryimage\",\"url\":\"http:\/\/helipoland.com\/wp-content\/uploads\/2015\/04\/feature-private.jpg\",\"contentUrl\":\"http:\/\/helipoland.com\/wp-content\/uploads\/2015\/04\/feature-private.jpg\"},{\"@type\":\"BreadcrumbList\",\"@id\":\"https:\/\/helipoland.com\/sprzedaz-helikopterow-smiglowcow\/#breadcrumb\",\"itemListElement\":[{\"@type\":\"ListItem\",\"position\":1,\"name\":\"Helipoland.com\",\"item\":\"https:\/\/helipoland.com\/pl\/\"},{\"@type\":\"ListItem\",\"position\":2,\"name\":\"Sprzeda\u017c nowych i u\u017cywanych \u015bmig\u0142owc\u00f3w (helikopter\u00f3w), akcesoria, l\u0105dowiska\"}]},{\"@type\":\"WebSite\",\"@id\":\"https:\/\/helipoland.com\/pl\/#website\",\"url\":\"https:\/\/helipoland.com\/pl\/\",\"name\":\"Helipoland.com\",\"description\":\"Helicopter flights, flying school, air services, helicopters\",\"potentialAction\":[{\"@type\":\"SearchAction\",\"target\":{\"@type\":\"EntryPoint\",\"urlTemplate\":\"https:\/\/helipoland.com\/pl\/?s={search_term_string}\"},\"query-input\":{\"@type\":\"PropertyValueSpecification\",\"valueRequired\":true,\"valueName\":\"search_term_string\"}}],\"inLanguage\":\"en-US\"}]}<\/script>\n<!-- \/ Yoast SEO plugin. -->","yoast_head_json":{"title":"Helicopter sale - Helipoland.com","description":"The company Helipoland.com sells helicopters \/ helicopters. The offer also service and training. Welcome!","robots":{"index":"index","follow":"follow","max-snippet":"max-snippet:-1","max-image-preview":"max-image-preview:large","max-video-preview":"max-video-preview:-1"},"canonical":"https:\/\/helipoland.com\/sprzedaz-helikopterow-smiglowcow\/","og_locale":"en_US","og_type":"article","og_title":"[:pl]Sprzeda\u017c helikopter\u00f3w i \u015bmig\u0142owc\u00f3w - Helipoland.com[:en]Helicopter sale - Helipoland.com[:]","og_description":"{:pl}Firma Helipoland.com zajmuje si\u0119 sprzeda\u017c\u0105 helikopter\u00f3w \/ \u015bmig\u0142owc\u00f3w. W ofercie tak\u017ce serwis i szkolenie. Zapraszamy do wsp\u00f3\u0142pracy!{:en} The company Helipoland.com sells helicopters \/ helicopters. The offer also service and training. Welcome!{:}","og_url":"https:\/\/helipoland.com\/sprzedaz-helikopterow-smiglowcow\/","og_site_name":"Helipoland.com","article_modified_time":"2022-10-20T10:15:06+00:00","og_image":[{"url":"http:\/\/helipoland.com\/wp-content\/uploads\/2015\/04\/feature-private.jpg","type":"","width":"","height":""}],"twitter_misc":{"Est. reading time":"7 minutes"},"schema":{"@context":"https:\/\/schema.org","@graph":[{"@type":"WebPage","@id":"https:\/\/helipoland.com\/sprzedaz-helikopterow-smiglowcow\/","url":"https:\/\/helipoland.com\/sprzedaz-helikopterow-smiglowcow\/","name":"[:pl]Sprzeda\u017c helikopter\u00f3w i \u015bmig\u0142owc\u00f3w - Helipoland.com[:en]Helicopter sale - Helipoland.com[:]","isPartOf":{"@id":"https:\/\/helipoland.com\/pl\/#website"},"primaryImageOfPage":{"@id":"https:\/\/helipoland.com\/sprzedaz-helikopterow-smiglowcow\/#primaryimage"},"image":{"@id":"https:\/\/helipoland.com\/sprzedaz-helikopterow-smiglowcow\/#primaryimage"},"thumbnailUrl":"http:\/\/helipoland.com\/wp-content\/uploads\/2015\/04\/feature-private.jpg","datePublished":"2015-04-12T19:37:15+00:00","dateModified":"2022-10-20T10:15:06+00:00","description":"{:pl}Firma Helipoland.com zajmuje si\u0119 sprzeda\u017c\u0105 helikopter\u00f3w \/ \u015bmig\u0142owc\u00f3w. W ofercie tak\u017ce serwis i szkolenie. Zapraszamy do wsp\u00f3\u0142pracy!{:en} The company Helipoland.com sells helicopters \/ helicopters. The offer also service and training. Welcome!{:}","breadcrumb":{"@id":"https:\/\/helipoland.com\/sprzedaz-helikopterow-smiglowcow\/#breadcrumb"},"inLanguage":"en-US","potentialAction":[{"@type":"ReadAction","target":["https:\/\/helipoland.com\/sprzedaz-helikopterow-smiglowcow\/"]}]},{"@type":"ImageObject","inLanguage":"en-US","@id":"https:\/\/helipoland.com\/sprzedaz-helikopterow-smiglowcow\/#primaryimage","url":"http:\/\/helipoland.com\/wp-content\/uploads\/2015\/04\/feature-private.jpg","contentUrl":"http:\/\/helipoland.com\/wp-content\/uploads\/2015\/04\/feature-private.jpg"},{"@type":"BreadcrumbList","@id":"https:\/\/helipoland.com\/sprzedaz-helikopterow-smiglowcow\/#breadcrumb","itemListElement":[{"@type":"ListItem","position":1,"name":"Helipoland.com","item":"https:\/\/helipoland.com\/pl\/"},{"@type":"ListItem","position":2,"name":"Sprzeda\u017c nowych i u\u017cywanych \u015bmig\u0142owc\u00f3w (helikopter\u00f3w), akcesoria, l\u0105dowiska"}]},{"@type":"WebSite","@id":"https:\/\/helipoland.com\/pl\/#website","url":"https:\/\/helipoland.com\/pl\/","name":"Helipoland.com","description":"Helicopter flights, flying school, air services, helicopters","potentialAction":[{"@type":"SearchAction","target":{"@type":"EntryPoint","urlTemplate":"https:\/\/helipoland.com\/pl\/?s={search_term_string}"},"query-input":{"@type":"PropertyValueSpecification","valueRequired":true,"valueName":"search_term_string"}}],"inLanguage":"en-US"}]}},"_links":{"self":[{"href":"https:\/\/helipoland.com\/en\/wp-json\/wp\/v2\/pages\/410","targetHints":{"allow":["GET"]}}],"collection":[{"href":"https:\/\/helipoland.com\/en\/wp-json\/wp\/v2\/pages"}],"about":[{"href":"https:\/\/helipoland.com\/en\/wp-json\/wp\/v2\/types\/page"}],"author":[{"embeddable":true,"href":"https:\/\/helipoland.com\/en\/wp-json\/wp\/v2\/users\/1"}],"replies":[{"embeddable":true,"href":"https:\/\/helipoland.com\/en\/wp-json\/wp\/v2\/comments?post=410"}],"version-history":[{"count":218,"href":"https:\/\/helipoland.com\/en\/wp-json\/wp\/v2\/pages\/410\/revisions"}],"predecessor-version":[{"id":5665,"href":"https:\/\/helipoland.com\/en\/wp-json\/wp\/v2\/pages\/410\/revisions\/5665"}],"wp:attachment":[{"href":"https:\/\/helipoland.com\/en\/wp-json\/wp\/v2\/media?parent=410"}],"curies":[{"name":"wp","href":"https:\/\/api.w.org\/{rel}","templated":true}]}}