{"id":4347,"date":"2019-11-09T11:11:28","date_gmt":"2019-11-09T11:11:28","guid":{"rendered":"https:\/\/helipoland.com\/?page_id=4347"},"modified":"2023-01-17T10:44:42","modified_gmt":"2023-01-17T10:44:42","slug":"robinson-r-66","status":"publish","type":"page","link":"https:\/\/helipoland.com\/en\/flota\/robinson-r-66\/","title":{"rendered":"Robinson R 66"},"content":{"rendered":"<span style=\"color: #000000;\"><div class=\"ezcol ezcol-one-third\"><\/span><\/p>\n<p><span style=\"color: #000000;\"><img loading=\"lazy\" decoding=\"async\" class=\"aligncenter wp-image-4192 size-full\" src=\"https:\/\/helipoland.com\/wp-content\/uploads\/2019\/11\/6-R-66-e1573321944356.jpg\" alt=\"\" width=\"622\" height=\"830\" srcset=\"https:\/\/helipoland.com\/wp-content\/uploads\/2019\/11\/6-R-66-e1573321944356.jpg 622w, https:\/\/helipoland.com\/wp-content\/uploads\/2019\/11\/6-R-66-e1573321944356-225x300.jpg 225w, https:\/\/helipoland.com\/wp-content\/uploads\/2019\/11\/6-R-66-e1573321944356-450x600.jpg 450w\" sizes=\"auto, (max-width: 622px) 100vw, 622px\" \/><\/div> <div class=\"ezcol ezcol-two-third ezcol-last\"><div id=\"metaslider-id-4175\" style=\"max-width: 800px; margin: 0 auto;\" class=\"ml-slider-3-97-0 metaslider metaslider-flex metaslider-4175 ml-slider ms-theme-default nav-hidden nav-hidden\" role=\"region\" aria-roledescription=\"Slideshow\" aria-label=\"Flota Robinson R 66 Turbine\" data-width=\"800\">\n    <div id=\"metaslider_container_4175\">\n        <div id=\"metaslider_4175\">\n            <ul class='slides'>\n                <li style=\"display: block; width: 100%;\" class=\"slide-4187 ms-image \" aria-roledescription=\"slide\" aria-label=\"slide-4187\" data-date=\"2019-11-05 18:30:20\"><img loading=\"lazy\" decoding=\"async\" src=\"https:\/\/helipoland.com\/wp-content\/uploads\/2019\/11\/1-R-66-800x500.jpg\" height=\"500\" width=\"800\" alt=\"\" class=\"slider-4175 slide-4187\" title=\"1 R 66\" \/><\/li>\n                <li style=\"display: none; width: 100%;\" class=\"slide-4188 ms-image \" aria-roledescription=\"slide\" aria-label=\"slide-4188\" data-date=\"2019-11-05 18:30:20\"><img loading=\"lazy\" decoding=\"async\" src=\"https:\/\/helipoland.com\/wp-content\/uploads\/2019\/11\/2-R-66-800x500.jpg\" height=\"500\" width=\"800\" alt=\"\" class=\"slider-4175 slide-4188\" title=\"2 R 66\" \/><\/li>\n                <li style=\"display: none; width: 100%;\" class=\"slide-4189 ms-image \" aria-roledescription=\"slide\" aria-label=\"slide-4189\" data-date=\"2019-11-05 18:30:20\"><img loading=\"lazy\" decoding=\"async\" src=\"https:\/\/helipoland.com\/wp-content\/uploads\/2019\/11\/3-R-66-800x500.jpg\" height=\"500\" width=\"800\" alt=\"\" class=\"slider-4175 slide-4189\" title=\"3 R 66\" \/><\/li>\n                <li style=\"display: none; width: 100%;\" class=\"slide-4190 ms-image \" aria-roledescription=\"slide\" aria-label=\"slide-4190\" data-date=\"2019-11-05 18:30:20\"><img loading=\"lazy\" decoding=\"async\" src=\"https:\/\/helipoland.com\/wp-content\/uploads\/2019\/11\/4-R-66-800x500.jpg\" height=\"500\" width=\"800\" alt=\"\" class=\"slider-4175 slide-4190\" title=\"4 R 66\" \/><\/li>\n                <li style=\"display: none; width: 100%;\" class=\"slide-4191 ms-image \" aria-roledescription=\"slide\" aria-label=\"slide-4191\" data-date=\"2019-11-05 18:30:20\"><img loading=\"lazy\" decoding=\"async\" src=\"https:\/\/helipoland.com\/wp-content\/uploads\/2019\/11\/5-R-66-800x500.jpg\" height=\"500\" width=\"800\" alt=\"\" class=\"slider-4175 slide-4191\" title=\"5 R 66\" \/><\/li>\n            <\/ul>\n        <\/div>\n        \n    <\/div>\n<\/div><\/div><div class=\"ezcol-divider\"><\/div>Robinson R66 is a single-engine turbine helicopter (JET A-1 fuel), which can carry 4 passengers plus 1 pilot in a 2 + 3 cabin configuration. Each passenger will find a place for a large suitcase in the large trunk of the helicopter (the helicopter version increased range has reduced luggage space that can accommodate 2-3 medium travel suitcases). The middle seat in the rear row can be replaced with a mini bar, this seat is not designed for comfortable passenger travel with a height of over 170 cm. Known as a leader in its class in terms of performance, load capacity and a large R66 trunk make it an excellent choice for transfers and charters. It is one of the most popular turbine helicopters in the world thanks to the good price-performance ratio (the lowest cost of helicopter flight time per passenger in a turbine-powered helicopter). The spacious cockpit offers most passengers a window seat and excellent visibility in all directions. Designed and manufactured on a large scale in the United States since 2010 by the Robinson Helicopter Company, which is one of the largest helicopter manufacturers in the world.<\/span><\/p>\n<p><span style=\"color: #000000;\"><div class=\"ezcol ezcol-one-half\"><img loading=\"lazy\" decoding=\"async\" class=\"alignnone wp-image-4177\" src=\"https:\/\/helipoland.com\/wp-content\/uploads\/2019\/11\/R-66-3-1.jpg\" alt=\"\" width=\"464\" height=\"258\" srcset=\"https:\/\/helipoland.com\/wp-content\/uploads\/2019\/11\/R-66-3-1.jpg 852w, https:\/\/helipoland.com\/wp-content\/uploads\/2019\/11\/R-66-3-1-300x167.jpg 300w, https:\/\/helipoland.com\/wp-content\/uploads\/2019\/11\/R-66-3-1-768x426.jpg 768w, https:\/\/helipoland.com\/wp-content\/uploads\/2019\/11\/R-66-3-1-600x333.jpg 600w\" sizes=\"auto, (max-width: 464px) 100vw, 464px\" \/><\/div> <div class=\"ezcol ezcol-one-half ezcol-last\"><\/span><\/p>\n<p><span style=\"color: #000000;\"><img loading=\"lazy\" decoding=\"async\" class=\"alignnone wp-image-4178\" src=\"https:\/\/helipoland.com\/wp-content\/uploads\/2019\/11\/R-66-2-e1572981505696.png\" alt=\"\" width=\"758\" height=\"324\" srcset=\"https:\/\/helipoland.com\/wp-content\/uploads\/2019\/11\/R-66-2-e1572981505696.png 3219w, https:\/\/helipoland.com\/wp-content\/uploads\/2019\/11\/R-66-2-e1572981505696-300x128.png 300w, https:\/\/helipoland.com\/wp-content\/uploads\/2019\/11\/R-66-2-e1572981505696-768x328.png 768w, https:\/\/helipoland.com\/wp-content\/uploads\/2019\/11\/R-66-2-e1572981505696-1024x438.png 1024w, https:\/\/helipoland.com\/wp-content\/uploads\/2019\/11\/R-66-2-e1572981505696-600x256.png 600w, https:\/\/helipoland.com\/wp-content\/uploads\/2019\/11\/R-66-2-e1572981505696-1800x769.png 1800w\" sizes=\"auto, (max-width: 758px) 100vw, 758px\" \/><\/div><div class=\"ezcol-divider\"><\/div><\/span><\/p>\n<p><span style=\"color: #000000;\"><div class=\"ezcol ezcol-one-half\"><strong>ENGINE<\/strong>: Rolls Royce RR300 Turbine (224 shp)<br \/>\n<b>CRUISING SPEED<\/b>: 110 kt (204 km\/h)<br \/>\n<strong>RANGE<\/strong>: approximately 650 km (+350 with aux fuel tank)<br \/>\n<strong>SEATS<\/strong>: 5 (including pilot)<br \/>\n<strong>LUGGAGE<\/strong>: 3 big suitcases + small items under seats<br \/>\n<strong>LUGGAGE WITH AUXILIARY TANK<\/strong>: 2-3 medium suitcases<br \/>\n<strong>MAX GROSS WEIGHT<\/strong>: 2700 lbs (1225 kg)<br \/>\n<strong>EMPTY WEIGHT<\/strong>: 1280 lbs (581 kg)<br \/>\n<strong>FUEL CAPACITY (278 l)<\/strong>: 493 lbs (224 kg)<br \/>\n<strong>LOADING WEIGHT<\/strong>: 927 lbs (420 kg)<br \/>\n<strong>MAX PASSENGER WEIGHT<\/strong>: 286 lbs (130kg)<\/div> <div class=\"ezcol ezcol-one-half ezcol-last\"><img loading=\"lazy\" decoding=\"async\" class=\"alignnone wp-image-4180 size-full\" src=\"https:\/\/helipoland.com\/wp-content\/uploads\/2019\/11\/R-66-1-e1572986195773.png\" alt=\"\" width=\"1095\" height=\"535\" srcset=\"https:\/\/helipoland.com\/wp-content\/uploads\/2019\/11\/R-66-1-e1572986195773.png 1095w, https:\/\/helipoland.com\/wp-content\/uploads\/2019\/11\/R-66-1-e1572986195773-300x147.png 300w, https:\/\/helipoland.com\/wp-content\/uploads\/2019\/11\/R-66-1-e1572986195773-768x375.png 768w, https:\/\/helipoland.com\/wp-content\/uploads\/2019\/11\/R-66-1-e1572986195773-1024x500.png 1024w, https:\/\/helipoland.com\/wp-content\/uploads\/2019\/11\/R-66-1-e1572986195773-600x293.png 600w\" sizes=\"auto, (max-width: 1095px) 100vw, 1095px\" \/><\/span><\/p>\n<p><span style=\"color: #000000;\"><\/div><div class=\"ezcol-divider\"><\/div><\/span><\/p>\n<div id='gallery-3' class='gallery galleryid-4347 gallery-columns-2 gallery-size-full'><figure class='gallery-item'>\n\t\t\t<div class='gallery-icon landscape'>\n\t\t\t\t<img loading=\"lazy\" decoding=\"async\" width=\"900\" height=\"600\" src=\"https:\/\/helipoland.com\/wp-content\/uploads\/2019\/11\/7-R-66-e1573322025856.jpg\" class=\"attachment-full size-full\" alt=\"\" srcset=\"https:\/\/helipoland.com\/wp-content\/uploads\/2019\/11\/7-R-66-e1573322025856.jpg 900w, https:\/\/helipoland.com\/wp-content\/uploads\/2019\/11\/7-R-66-e1573322025856-300x200.jpg 300w, https:\/\/helipoland.com\/wp-content\/uploads\/2019\/11\/7-R-66-e1573322025856-768x512.jpg 768w, https:\/\/helipoland.com\/wp-content\/uploads\/2019\/11\/7-R-66-e1573322025856-600x400.jpg 600w, https:\/\/helipoland.com\/wp-content\/uploads\/2019\/11\/7-R-66-e1573322025856-272x182.jpg 272w\" sizes=\"auto, (max-width: 900px) 100vw, 900px\" \/>\n\t\t\t<\/div><\/figure><figure class='gallery-item'>\n\t\t\t<div class='gallery-icon landscape'>\n\t\t\t\t<img loading=\"lazy\" decoding=\"async\" width=\"900\" height=\"600\" src=\"https:\/\/helipoland.com\/wp-content\/uploads\/2019\/11\/8-R-66.jpg\" class=\"attachment-full size-full\" alt=\"\" srcset=\"https:\/\/helipoland.com\/wp-content\/uploads\/2019\/11\/8-R-66.jpg 900w, https:\/\/helipoland.com\/wp-content\/uploads\/2019\/11\/8-R-66-300x200.jpg 300w, https:\/\/helipoland.com\/wp-content\/uploads\/2019\/11\/8-R-66-768x512.jpg 768w, https:\/\/helipoland.com\/wp-content\/uploads\/2019\/11\/8-R-66-600x400.jpg 600w, https:\/\/helipoland.com\/wp-content\/uploads\/2019\/11\/8-R-66-272x182.jpg 272w\" sizes=\"auto, (max-width: 900px) 100vw, 900px\" \/>\n\t\t\t<\/div><\/figure>\n\t\t<\/div>\n\n<p>&nbsp;<\/p>\n<p><span style=\"color: #000000;\"><img loading=\"lazy\" decoding=\"async\" class=\"aligncenter wp-image-4179\" src=\"https:\/\/helipoland.com\/wp-content\/uploads\/2019\/11\/R-66-4-e1572985952332.png\" alt=\"\" width=\"801\" height=\"162\" srcset=\"https:\/\/helipoland.com\/wp-content\/uploads\/2019\/11\/R-66-4-e1572985952332.png 1894w, https:\/\/helipoland.com\/wp-content\/uploads\/2019\/11\/R-66-4-e1572985952332-300x61.png 300w, https:\/\/helipoland.com\/wp-content\/uploads\/2019\/11\/R-66-4-e1572985952332-768x155.png 768w, https:\/\/helipoland.com\/wp-content\/uploads\/2019\/11\/R-66-4-e1572985952332-1024x207.png 1024w, https:\/\/helipoland.com\/wp-content\/uploads\/2019\/11\/R-66-4-e1572985952332-600x121.png 600w, https:\/\/helipoland.com\/wp-content\/uploads\/2019\/11\/R-66-4-e1572985952332-1800x364.png 1800w\" sizes=\"auto, (max-width: 801px) 100vw, 801px\" \/><\/span><\/p>\n<p>&nbsp;<\/p>\n<div id='gallery-4' class='gallery galleryid-4347 gallery-columns-2 gallery-size-full'><figure class='gallery-item'>\n\t\t\t<div class='gallery-icon landscape'>\n\t\t\t\t<img loading=\"lazy\" decoding=\"async\" width=\"1024\" height=\"683\" src=\"https:\/\/helipoland.com\/wp-content\/uploads\/2019\/11\/R-66-3.jpg\" class=\"attachment-full size-full\" alt=\"\" srcset=\"https:\/\/helipoland.com\/wp-content\/uploads\/2019\/11\/R-66-3.jpg 1024w, https:\/\/helipoland.com\/wp-content\/uploads\/2019\/11\/R-66-3-300x200.jpg 300w, https:\/\/helipoland.com\/wp-content\/uploads\/2019\/11\/R-66-3-768x512.jpg 768w, https:\/\/helipoland.com\/wp-content\/uploads\/2019\/11\/R-66-3-600x400.jpg 600w, https:\/\/helipoland.com\/wp-content\/uploads\/2019\/11\/R-66-3-272x182.jpg 272w\" sizes=\"auto, (max-width: 1024px) 100vw, 1024px\" \/>\n\t\t\t<\/div><\/figure><figure class='gallery-item'>\n\t\t\t<div class='gallery-icon landscape'>\n\t\t\t\t<img loading=\"lazy\" decoding=\"async\" width=\"1024\" height=\"683\" src=\"https:\/\/helipoland.com\/wp-content\/uploads\/2019\/11\/R-66-2.jpg\" class=\"attachment-full size-full\" alt=\"\" srcset=\"https:\/\/helipoland.com\/wp-content\/uploads\/2019\/11\/R-66-2.jpg 1024w, https:\/\/helipoland.com\/wp-content\/uploads\/2019\/11\/R-66-2-300x200.jpg 300w, https:\/\/helipoland.com\/wp-content\/uploads\/2019\/11\/R-66-2-768x512.jpg 768w, https:\/\/helipoland.com\/wp-content\/uploads\/2019\/11\/R-66-2-600x400.jpg 600w, https:\/\/helipoland.com\/wp-content\/uploads\/2019\/11\/R-66-2-272x182.jpg 272w\" sizes=\"auto, (max-width: 1024px) 100vw, 1024px\" \/>\n\t\t\t<\/div><\/figure>\n\t\t<\/div>\n\n<p><span style=\"color: #000000;\"><img loading=\"lazy\" decoding=\"async\" class=\"wp-image-4203 aligncenter\" src=\"https:\/\/helipoland.com\/wp-content\/uploads\/2019\/11\/13-R-66.jpg\" alt=\"\" width=\"700\" height=\"350\" srcset=\"https:\/\/helipoland.com\/wp-content\/uploads\/2019\/11\/13-R-66.jpg 1024w, https:\/\/helipoland.com\/wp-content\/uploads\/2019\/11\/13-R-66-300x150.jpg 300w, https:\/\/helipoland.com\/wp-content\/uploads\/2019\/11\/13-R-66-768x384.jpg 768w, https:\/\/helipoland.com\/wp-content\/uploads\/2019\/11\/13-R-66-600x300.jpg 600w\" sizes=\"auto, (max-width: 700px) 100vw, 700px\" \/><\/span>","protected":false},"excerpt":{"rendered":"<p>Robinson R66 is a single-engine turbine helicopter (JET A-1 fuel), which can carry 4 passengers plus 1 pilot in a[&#8230;..]<\/p>\n","protected":false},"author":1,"featured_media":0,"parent":4040,"menu_order":0,"comment_status":"closed","ping_status":"closed","template":"template-fullwidth-with-form.php","meta":{"_acf_changed":false,"footnotes":""},"class_list":["post-4347","page","type-page","status-publish","hentry"],"acf":[],"yoast_head":"<!-- This site is optimized with the Yoast SEO plugin v24.8.1 - https:\/\/yoast.com\/wordpress\/plugins\/seo\/ -->\n<title>Robinson R 66 - Helipoland.com<\/title>\n<meta name=\"robots\" content=\"index, follow, max-snippet:-1, max-image-preview:large, max-video-preview:-1\" \/>\n<link rel=\"canonical\" href=\"https:\/\/helipoland.com\/flota\/robinson-r-66\/\" \/>\n<meta property=\"og:locale\" content=\"en_US\" \/>\n<meta property=\"og:type\" content=\"article\" \/>\n<meta property=\"og:title\" content=\"Robinson R 66 - Helipoland.com\" \/>\n<meta property=\"og:description\" content=\"Robinson R66 is a single-engine turbine helicopter (JET A-1 fuel), which can carry 4 passengers plus 1 pilot in a[.....]\" \/>\n<meta property=\"og:url\" content=\"https:\/\/helipoland.com\/flota\/robinson-r-66\/\" \/>\n<meta property=\"og:site_name\" content=\"Helipoland.com\" \/>\n<meta property=\"article:modified_time\" content=\"2023-01-17T10:44:42+00:00\" \/>\n<meta property=\"og:image\" content=\"https:\/\/helipoland.com\/wp-content\/uploads\/2019\/11\/7-R-66-e1573322025856.jpg\" \/>\n<meta name=\"twitter:label1\" content=\"Est. reading time\" \/>\n\t<meta name=\"twitter:data1\" content=\"3 minutes\" \/>\n<script type=\"application\/ld+json\" class=\"yoast-schema-graph\">{\"@context\":\"https:\/\/schema.org\",\"@graph\":[{\"@type\":\"WebPage\",\"@id\":\"https:\/\/helipoland.com\/flota\/robinson-r-66\/\",\"url\":\"https:\/\/helipoland.com\/flota\/robinson-r-66\/\",\"name\":\"Robinson R 66 - Helipoland.com\",\"isPartOf\":{\"@id\":\"https:\/\/helipoland.com\/pl\/#website\"},\"primaryImageOfPage\":{\"@id\":\"https:\/\/helipoland.com\/flota\/robinson-r-66\/#primaryimage\"},\"image\":{\"@id\":\"https:\/\/helipoland.com\/flota\/robinson-r-66\/#primaryimage\"},\"thumbnailUrl\":\"https:\/\/helipoland.com\/wp-content\/uploads\/2019\/11\/6-R-66-e1573321944356.jpg\",\"datePublished\":\"2019-11-09T11:11:28+00:00\",\"dateModified\":\"2023-01-17T10:44:42+00:00\",\"breadcrumb\":{\"@id\":\"https:\/\/helipoland.com\/flota\/robinson-r-66\/#breadcrumb\"},\"inLanguage\":\"en-US\",\"potentialAction\":[{\"@type\":\"ReadAction\",\"target\":[\"https:\/\/helipoland.com\/flota\/robinson-r-66\/\"]}]},{\"@type\":\"ImageObject\",\"inLanguage\":\"en-US\",\"@id\":\"https:\/\/helipoland.com\/flota\/robinson-r-66\/#primaryimage\",\"url\":\"https:\/\/helipoland.com\/wp-content\/uploads\/2019\/11\/6-R-66-e1573321944356.jpg\",\"contentUrl\":\"https:\/\/helipoland.com\/wp-content\/uploads\/2019\/11\/6-R-66-e1573321944356.jpg\"},{\"@type\":\"BreadcrumbList\",\"@id\":\"https:\/\/helipoland.com\/flota\/robinson-r-66\/#breadcrumb\",\"itemListElement\":[{\"@type\":\"ListItem\",\"position\":1,\"name\":\"Helipoland.com\",\"item\":\"https:\/\/helipoland.com\/pl\/\"},{\"@type\":\"ListItem\",\"position\":2,\"name\":\"Flota \u015bmig\u0142owc\u00f3w\",\"item\":\"https:\/\/helipoland.com\/flota\/\"},{\"@type\":\"ListItem\",\"position\":3,\"name\":\"Robinson R 66\"}]},{\"@type\":\"WebSite\",\"@id\":\"https:\/\/helipoland.com\/pl\/#website\",\"url\":\"https:\/\/helipoland.com\/pl\/\",\"name\":\"Helipoland.com\",\"description\":\"Helicopter flights, flying school, air services, helicopters\",\"potentialAction\":[{\"@type\":\"SearchAction\",\"target\":{\"@type\":\"EntryPoint\",\"urlTemplate\":\"https:\/\/helipoland.com\/pl\/?s={search_term_string}\"},\"query-input\":{\"@type\":\"PropertyValueSpecification\",\"valueRequired\":true,\"valueName\":\"search_term_string\"}}],\"inLanguage\":\"en-US\"}]}<\/script>\n<!-- \/ Yoast SEO plugin. -->","yoast_head_json":{"title":"Robinson R 66 - Helipoland.com","robots":{"index":"index","follow":"follow","max-snippet":"max-snippet:-1","max-image-preview":"max-image-preview:large","max-video-preview":"max-video-preview:-1"},"canonical":"https:\/\/helipoland.com\/flota\/robinson-r-66\/","og_locale":"en_US","og_type":"article","og_title":"Robinson R 66 - Helipoland.com","og_description":"Robinson R66 is a single-engine turbine helicopter (JET A-1 fuel), which can carry 4 passengers plus 1 pilot in a[.....]","og_url":"https:\/\/helipoland.com\/flota\/robinson-r-66\/","og_site_name":"Helipoland.com","article_modified_time":"2023-01-17T10:44:42+00:00","og_image":[{"url":"https:\/\/helipoland.com\/wp-content\/uploads\/2019\/11\/7-R-66-e1573322025856.jpg","type":"","width":"","height":""}],"twitter_misc":{"Est. reading time":"3 minutes"},"schema":{"@context":"https:\/\/schema.org","@graph":[{"@type":"WebPage","@id":"https:\/\/helipoland.com\/flota\/robinson-r-66\/","url":"https:\/\/helipoland.com\/flota\/robinson-r-66\/","name":"Robinson R 66 - Helipoland.com","isPartOf":{"@id":"https:\/\/helipoland.com\/pl\/#website"},"primaryImageOfPage":{"@id":"https:\/\/helipoland.com\/flota\/robinson-r-66\/#primaryimage"},"image":{"@id":"https:\/\/helipoland.com\/flota\/robinson-r-66\/#primaryimage"},"thumbnailUrl":"https:\/\/helipoland.com\/wp-content\/uploads\/2019\/11\/6-R-66-e1573321944356.jpg","datePublished":"2019-11-09T11:11:28+00:00","dateModified":"2023-01-17T10:44:42+00:00","breadcrumb":{"@id":"https:\/\/helipoland.com\/flota\/robinson-r-66\/#breadcrumb"},"inLanguage":"en-US","potentialAction":[{"@type":"ReadAction","target":["https:\/\/helipoland.com\/flota\/robinson-r-66\/"]}]},{"@type":"ImageObject","inLanguage":"en-US","@id":"https:\/\/helipoland.com\/flota\/robinson-r-66\/#primaryimage","url":"https:\/\/helipoland.com\/wp-content\/uploads\/2019\/11\/6-R-66-e1573321944356.jpg","contentUrl":"https:\/\/helipoland.com\/wp-content\/uploads\/2019\/11\/6-R-66-e1573321944356.jpg"},{"@type":"BreadcrumbList","@id":"https:\/\/helipoland.com\/flota\/robinson-r-66\/#breadcrumb","itemListElement":[{"@type":"ListItem","position":1,"name":"Helipoland.com","item":"https:\/\/helipoland.com\/pl\/"},{"@type":"ListItem","position":2,"name":"Flota \u015bmig\u0142owc\u00f3w","item":"https:\/\/helipoland.com\/flota\/"},{"@type":"ListItem","position":3,"name":"Robinson R 66"}]},{"@type":"WebSite","@id":"https:\/\/helipoland.com\/pl\/#website","url":"https:\/\/helipoland.com\/pl\/","name":"Helipoland.com","description":"Helicopter flights, flying school, air services, helicopters","potentialAction":[{"@type":"SearchAction","target":{"@type":"EntryPoint","urlTemplate":"https:\/\/helipoland.com\/pl\/?s={search_term_string}"},"query-input":{"@type":"PropertyValueSpecification","valueRequired":true,"valueName":"search_term_string"}}],"inLanguage":"en-US"}]}},"_links":{"self":[{"href":"https:\/\/helipoland.com\/en\/wp-json\/wp\/v2\/pages\/4347","targetHints":{"allow":["GET"]}}],"collection":[{"href":"https:\/\/helipoland.com\/en\/wp-json\/wp\/v2\/pages"}],"about":[{"href":"https:\/\/helipoland.com\/en\/wp-json\/wp\/v2\/types\/page"}],"author":[{"embeddable":true,"href":"https:\/\/helipoland.com\/en\/wp-json\/wp\/v2\/users\/1"}],"replies":[{"embeddable":true,"href":"https:\/\/helipoland.com\/en\/wp-json\/wp\/v2\/comments?post=4347"}],"version-history":[{"count":11,"href":"https:\/\/helipoland.com\/en\/wp-json\/wp\/v2\/pages\/4347\/revisions"}],"predecessor-version":[{"id":5763,"href":"https:\/\/helipoland.com\/en\/wp-json\/wp\/v2\/pages\/4347\/revisions\/5763"}],"up":[{"embeddable":true,"href":"https:\/\/helipoland.com\/en\/wp-json\/wp\/v2\/pages\/4040"}],"wp:attachment":[{"href":"https:\/\/helipoland.com\/en\/wp-json\/wp\/v2\/media?parent=4347"}],"curies":[{"name":"wp","href":"https:\/\/api.w.org\/{rel}","templated":true}]}}