{"id":4395,"date":"2019-11-09T17:43:46","date_gmt":"2019-11-09T17:43:46","guid":{"rendered":"https:\/\/helipoland.com\/?page_id=4395"},"modified":"2023-01-16T11:51:35","modified_gmt":"2023-01-16T11:51:35","slug":"airbus-h-130-ec-130","status":"publish","type":"page","link":"https:\/\/helipoland.com\/en\/flota\/airbus-h-130-ec-130\/","title":{"rendered":"Airbus H 130 (EC 130)"},"content":{"rendered":"<span style=\"color: #000000;\"><div class=\"ezcol ezcol-three-fifth\"><\/span><span style=\"color: #000000;\"><img loading=\"lazy\" decoding=\"async\" class=\"aligncenter wp-image-4375 \" src=\"https:\/\/helipoland.com\/wp-content\/uploads\/2019\/11\/2-e1573313833194.jpg\" alt=\"\" width=\"590\" height=\"164\" srcset=\"https:\/\/helipoland.com\/wp-content\/uploads\/2019\/11\/2-e1573313833194.jpg 5040w, https:\/\/helipoland.com\/wp-content\/uploads\/2019\/11\/2-e1573313833194-300x83.jpg 300w, https:\/\/helipoland.com\/wp-content\/uploads\/2019\/11\/2-e1573313833194-768x213.jpg 768w, https:\/\/helipoland.com\/wp-content\/uploads\/2019\/11\/2-e1573313833194-1024x284.jpg 1024w, https:\/\/helipoland.com\/wp-content\/uploads\/2019\/11\/2-e1573313833194-600x166.jpg 600w, https:\/\/helipoland.com\/wp-content\/uploads\/2019\/11\/2-e1573313833194-1800x499.jpg 1800w\" sizes=\"auto, (max-width: 590px) 100vw, 590px\" \/><img loading=\"lazy\" decoding=\"async\" class=\"aligncenter wp-image-4372 size-full\" src=\"https:\/\/helipoland.com\/wp-content\/uploads\/2019\/11\/IMG_3421-min-e1573313981246.jpg\" alt=\"\" width=\"4032\" height=\"2358\" srcset=\"https:\/\/helipoland.com\/wp-content\/uploads\/2019\/11\/IMG_3421-min-e1573313981246.jpg 4032w, https:\/\/helipoland.com\/wp-content\/uploads\/2019\/11\/IMG_3421-min-e1573313981246-300x175.jpg 300w, https:\/\/helipoland.com\/wp-content\/uploads\/2019\/11\/IMG_3421-min-e1573313981246-768x449.jpg 768w, https:\/\/helipoland.com\/wp-content\/uploads\/2019\/11\/IMG_3421-min-e1573313981246-1024x599.jpg 1024w, https:\/\/helipoland.com\/wp-content\/uploads\/2019\/11\/IMG_3421-min-e1573313981246-600x351.jpg 600w, https:\/\/helipoland.com\/wp-content\/uploads\/2019\/11\/IMG_3421-min-e1573313981246-1800x1053.jpg 1800w\" sizes=\"auto, (max-width: 4032px) 100vw, 4032px\" \/><\/div> <div class=\"ezcol ezcol-two-fifth ezcol-last\"><img loading=\"lazy\" decoding=\"async\" class=\"aligncenter wp-image-4373 size-full\" src=\"https:\/\/helipoland.com\/wp-content\/uploads\/2019\/11\/IMG_3422-min.jpeg\" alt=\"\" width=\"3024\" height=\"4032\" srcset=\"https:\/\/helipoland.com\/wp-content\/uploads\/2019\/11\/IMG_3422-min.jpeg 3024w, https:\/\/helipoland.com\/wp-content\/uploads\/2019\/11\/IMG_3422-min-225x300.jpeg 225w, https:\/\/helipoland.com\/wp-content\/uploads\/2019\/11\/IMG_3422-min-768x1024.jpeg 768w, https:\/\/helipoland.com\/wp-content\/uploads\/2019\/11\/IMG_3422-min-450x600.jpeg 450w, https:\/\/helipoland.com\/wp-content\/uploads\/2019\/11\/IMG_3422-min-1800x2400.jpeg 1800w\" sizes=\"auto, (max-width: 3024px) 100vw, 3024px\" \/><\/div><div class=\"ezcol-divider\"><\/div><div class=\"ezcol ezcol-one-third\"><a href=\"https:\/\/helipoland.com\/wp-content\/uploads\/2019\/11\/16-e1573320875408.jpg\"><img loading=\"lazy\" decoding=\"async\" class=\"aligncenter wp-image-4392 size-full\" src=\"https:\/\/helipoland.com\/wp-content\/uploads\/2019\/11\/16-e1573320875408.jpg\" alt=\"H130 EC130 Helipoland\" width=\"2139\" height=\"3024\" srcset=\"https:\/\/helipoland.com\/wp-content\/uploads\/2019\/11\/16-e1573320875408.jpg 2139w, https:\/\/helipoland.com\/wp-content\/uploads\/2019\/11\/16-e1573320875408-212x300.jpg 212w, https:\/\/helipoland.com\/wp-content\/uploads\/2019\/11\/16-e1573320875408-768x1086.jpg 768w, https:\/\/helipoland.com\/wp-content\/uploads\/2019\/11\/16-e1573320875408-724x1024.jpg 724w, https:\/\/helipoland.com\/wp-content\/uploads\/2019\/11\/16-e1573320875408-424x600.jpg 424w, https:\/\/helipoland.com\/wp-content\/uploads\/2019\/11\/16-e1573320875408-1698x2400.jpg 1698w\" sizes=\"auto, (max-width: 2139px) 100vw, 2139px\" \/><\/a><\/div> <div class=\"ezcol ezcol-two-third ezcol-last\"><a href=\"https:\/\/helipoland.com\/wp-content\/uploads\/2019\/11\/17-e1573321030414.jpg\"><img loading=\"lazy\" decoding=\"async\" class=\"aligncenter wp-image-4393 size-full\" src=\"https:\/\/helipoland.com\/wp-content\/uploads\/2019\/11\/17-e1573321030414.jpg\" alt=\"H130 EC130 Helipoland\" width=\"4048\" height=\"2692\" srcset=\"https:\/\/helipoland.com\/wp-content\/uploads\/2019\/11\/17-e1573321030414.jpg 4048w, https:\/\/helipoland.com\/wp-content\/uploads\/2019\/11\/17-e1573321030414-300x200.jpg 300w, https:\/\/helipoland.com\/wp-content\/uploads\/2019\/11\/17-e1573321030414-768x511.jpg 768w, https:\/\/helipoland.com\/wp-content\/uploads\/2019\/11\/17-e1573321030414-1024x681.jpg 1024w, https:\/\/helipoland.com\/wp-content\/uploads\/2019\/11\/17-e1573321030414-600x399.jpg 600w, https:\/\/helipoland.com\/wp-content\/uploads\/2019\/11\/17-e1573321030414-1800x1197.jpg 1800w, https:\/\/helipoland.com\/wp-content\/uploads\/2019\/11\/17-e1573321030414-272x182.jpg 272w\" sizes=\"auto, (max-width: 4048px) 100vw, 4048px\" \/><\/a><\/div><div class=\"ezcol-divider\"><\/div><a class=\"single_photoswipe\" href=\"https:\/\/helipoland.com\/wp-content\/uploads\/2019\/11\/5.jpg\" data-size=\"5391x2696\"><img loading=\"lazy\" decoding=\"async\" class=\"aligncenter wp-image-4378 size-full\" src=\"https:\/\/helipoland.com\/wp-content\/uploads\/2019\/11\/5.jpg\" alt=\"H130 EC130 Helipoland\" width=\"5391\" height=\"2696\" srcset=\"https:\/\/helipoland.com\/wp-content\/uploads\/2019\/11\/5.jpg 5391w, https:\/\/helipoland.com\/wp-content\/uploads\/2019\/11\/5-300x150.jpg 300w, https:\/\/helipoland.com\/wp-content\/uploads\/2019\/11\/5-768x384.jpg 768w, https:\/\/helipoland.com\/wp-content\/uploads\/2019\/11\/5-1024x512.jpg 1024w, https:\/\/helipoland.com\/wp-content\/uploads\/2019\/11\/5-600x300.jpg 600w, https:\/\/helipoland.com\/wp-content\/uploads\/2019\/11\/5-1800x900.jpg 1800w\" sizes=\"auto, (max-width: 5391px) 100vw, 5391px\" \/><\/a><\/span><\/p>\n<p style=\"text-align: justify;\"><span style=\"color: #000000;\">The H130 (formerly known as EC130 T2, the development version of the AS350 helicopter) is a single-engine turbine helicopter with standard dual hydraulic system belonging to the Airbus Ecureuil family, which represents 42% of the operated fleet of Airbus helicopters and has accumulated over 332 million hours of flight worldwide. The helicopter can carry 6 passengers plus 1 pilot in the cabin configuration 3 + 4 or 7 passengers and one pilot in the configuration 4 + 4 with an additional front seat. Each passenger will find a place for an average suitcase in the helicopter trunks. H130 \/ EC130 is adapted in particular to transport passengers in tourist services, charter operations or VIP flights and also in medical rescue, performing flights from isolated tourist attractions to busy airspace above cities. In addition to passenger flights, the helicopter can be easily adapted to work with suspended loads by establishing the so-called cargo swing. The H130 \/ EC130 has the largest cabin of all single-engine helicopters in its class, about 54% more uninterrupted space and 143% more luggage space than the competing Bell 407.<\/span><\/p>\n<p><span style=\"color: #000000;\"><a class=\"single_photoswipe\" href=\"https:\/\/helipoland.com\/wp-content\/uploads\/2019\/11\/5-1.jpg\" data-size=\"5339x2670\"><img loading=\"lazy\" decoding=\"async\" class=\"aligncenter wp-image-4379 size-full\" src=\"https:\/\/helipoland.com\/wp-content\/uploads\/2019\/11\/5-1.jpg\" alt=\"H130 EC130 Helipoland\" width=\"5339\" height=\"2670\" srcset=\"https:\/\/helipoland.com\/wp-content\/uploads\/2019\/11\/5-1.jpg 5339w, https:\/\/helipoland.com\/wp-content\/uploads\/2019\/11\/5-1-300x150.jpg 300w, https:\/\/helipoland.com\/wp-content\/uploads\/2019\/11\/5-1-768x384.jpg 768w, https:\/\/helipoland.com\/wp-content\/uploads\/2019\/11\/5-1-1024x512.jpg 1024w, https:\/\/helipoland.com\/wp-content\/uploads\/2019\/11\/5-1-600x300.jpg 600w, https:\/\/helipoland.com\/wp-content\/uploads\/2019\/11\/5-1-1800x900.jpg 1800w\" sizes=\"auto, (max-width: 5339px) 100vw, 5339px\" \/><\/a><\/span><\/p>\n<p style=\"text-align: justify;\"><span style=\"color: #000000;\">As the quietest helicopter on the market in its category, the H130 Fenestron\u00ae shielded rear rotor and automatic rotor speed control contribute to its significantly reduced external noise level. With a noise level of 7 dB below the requirements, it is quieter than the most stringent limits set by the Grand Canyon National Park in the United States &#8211; a recognized benchmark for green tourism operations. The distinctive Airbus Fenestron\u00ae tail rotor is easy to maintain and its shielded design reduces susceptibility to impact damage and increases the safety of ground personnel working near the helicopter.<\/span><\/p>\n<p style=\"text-align: justify;\"><span style=\"color: #000000;\">Other H130 \/ EC 130 enhancements include active vibration control and advanced cabin environmental control. The Safran Arriel 2D turbine engine includes a new generation of dual-channel, digital engine control system (FADEC) with a third independent and automatic standby channel. The H130 \/ EC130 uses the latest technologies, materials, systems and avionics, based on the proven experience of the Airbus Ecureuil rotorcraft family. This user-friendly helicopter is pleasant and easy to fly. The multi-function display of the vehicle and engine (VEMD), integrated with the dashboard, significantly reduces the load on the pilot, thus increasing flight safety.<\/span><div class=\"ezcol ezcol-one-half\"><img loading=\"lazy\" decoding=\"async\" class=\"aligncenter size-full wp-image-4380\" src=\"https:\/\/helipoland.com\/wp-content\/uploads\/2019\/11\/6.jpg\" alt=\"H130 EC130 Helipoland\" width=\"4032\" height=\"3024\" srcset=\"https:\/\/helipoland.com\/wp-content\/uploads\/2019\/11\/6.jpg 4032w, https:\/\/helipoland.com\/wp-content\/uploads\/2019\/11\/6-300x225.jpg 300w, https:\/\/helipoland.com\/wp-content\/uploads\/2019\/11\/6-768x576.jpg 768w, https:\/\/helipoland.com\/wp-content\/uploads\/2019\/11\/6-1024x768.jpg 1024w, https:\/\/helipoland.com\/wp-content\/uploads\/2019\/11\/6-600x450.jpg 600w, https:\/\/helipoland.com\/wp-content\/uploads\/2019\/11\/6-1800x1350.jpg 1800w, https:\/\/helipoland.com\/wp-content\/uploads\/2019\/11\/6-285x214.jpg 285w\" sizes=\"auto, (max-width: 4032px) 100vw, 4032px\" \/><\/div> <div class=\"ezcol ezcol-one-half ezcol-last\"><img loading=\"lazy\" decoding=\"async\" class=\"aligncenter size-full wp-image-4381\" src=\"https:\/\/helipoland.com\/wp-content\/uploads\/2019\/11\/7.jpg\" alt=\"H130 EC130 Helipoland\" width=\"4032\" height=\"3024\" srcset=\"https:\/\/helipoland.com\/wp-content\/uploads\/2019\/11\/7.jpg 4032w, https:\/\/helipoland.com\/wp-content\/uploads\/2019\/11\/7-300x225.jpg 300w, https:\/\/helipoland.com\/wp-content\/uploads\/2019\/11\/7-768x576.jpg 768w, https:\/\/helipoland.com\/wp-content\/uploads\/2019\/11\/7-1024x768.jpg 1024w, https:\/\/helipoland.com\/wp-content\/uploads\/2019\/11\/7-600x450.jpg 600w, https:\/\/helipoland.com\/wp-content\/uploads\/2019\/11\/7-1800x1350.jpg 1800w, https:\/\/helipoland.com\/wp-content\/uploads\/2019\/11\/7-285x214.jpg 285w\" sizes=\"auto, (max-width: 4032px) 100vw, 4032px\" \/><\/div><div class=\"ezcol-divider\"><\/div>\n<div class=\"ezcol ezcol-one-half\"><img loading=\"lazy\" decoding=\"async\" class=\"aligncenter size-full wp-image-4382\" src=\"https:\/\/helipoland.com\/wp-content\/uploads\/2019\/11\/IMG_4624-min.jpg\" alt=\"H130 EC130 Helipoland\" width=\"4032\" height=\"3024\" srcset=\"https:\/\/helipoland.com\/wp-content\/uploads\/2019\/11\/IMG_4624-min.jpg 4032w, https:\/\/helipoland.com\/wp-content\/uploads\/2019\/11\/IMG_4624-min-300x225.jpg 300w, https:\/\/helipoland.com\/wp-content\/uploads\/2019\/11\/IMG_4624-min-768x576.jpg 768w, https:\/\/helipoland.com\/wp-content\/uploads\/2019\/11\/IMG_4624-min-1024x768.jpg 1024w, https:\/\/helipoland.com\/wp-content\/uploads\/2019\/11\/IMG_4624-min-600x450.jpg 600w, https:\/\/helipoland.com\/wp-content\/uploads\/2019\/11\/IMG_4624-min-1800x1350.jpg 1800w, https:\/\/helipoland.com\/wp-content\/uploads\/2019\/11\/IMG_4624-min-285x214.jpg 285w\" sizes=\"auto, (max-width: 4032px) 100vw, 4032px\" \/><\/div> <div class=\"ezcol ezcol-one-half ezcol-last\">\n<p><img loading=\"lazy\" decoding=\"async\" class=\"aligncenter size-full wp-image-4383\" src=\"https:\/\/helipoland.com\/wp-content\/uploads\/2019\/11\/9.png\" alt=\"H130 EC130 Helipoland\" width=\"1760\" height=\"1020\" srcset=\"https:\/\/helipoland.com\/wp-content\/uploads\/2019\/11\/9.png 1760w, https:\/\/helipoland.com\/wp-content\/uploads\/2019\/11\/9-300x174.png 300w, https:\/\/helipoland.com\/wp-content\/uploads\/2019\/11\/9-768x445.png 768w, https:\/\/helipoland.com\/wp-content\/uploads\/2019\/11\/9-1024x593.png 1024w, https:\/\/helipoland.com\/wp-content\/uploads\/2019\/11\/9-600x348.png 600w\" sizes=\"auto, (max-width: 1760px) 100vw, 1760px\" \/><\/div><div class=\"ezcol-divider\"><\/div><img loading=\"lazy\" decoding=\"async\" class=\"aligncenter size-full wp-image-4386\" src=\"https:\/\/helipoland.com\/wp-content\/uploads\/2019\/11\/10-1.png\" alt=\"\" width=\"2052\" height=\"968\" srcset=\"https:\/\/helipoland.com\/wp-content\/uploads\/2019\/11\/10-1.png 2052w, https:\/\/helipoland.com\/wp-content\/uploads\/2019\/11\/10-1-300x142.png 300w, https:\/\/helipoland.com\/wp-content\/uploads\/2019\/11\/10-1-768x362.png 768w, https:\/\/helipoland.com\/wp-content\/uploads\/2019\/11\/10-1-1024x483.png 1024w, https:\/\/helipoland.com\/wp-content\/uploads\/2019\/11\/10-1-600x283.png 600w, https:\/\/helipoland.com\/wp-content\/uploads\/2019\/11\/10-1-1800x849.png 1800w\" sizes=\"auto, (max-width: 2052px) 100vw, 2052px\" \/><img loading=\"lazy\" decoding=\"async\" class=\"aligncenter wp-image-4384 size-full\" src=\"https:\/\/helipoland.com\/wp-content\/uploads\/2019\/11\/10.png\" alt=\"\" width=\"2098\" height=\"1080\" srcset=\"https:\/\/helipoland.com\/wp-content\/uploads\/2019\/11\/10.png 2098w, https:\/\/helipoland.com\/wp-content\/uploads\/2019\/11\/10-300x154.png 300w, https:\/\/helipoland.com\/wp-content\/uploads\/2019\/11\/10-768x395.png 768w, https:\/\/helipoland.com\/wp-content\/uploads\/2019\/11\/10-1024x527.png 1024w, https:\/\/helipoland.com\/wp-content\/uploads\/2019\/11\/10-600x309.png 600w, https:\/\/helipoland.com\/wp-content\/uploads\/2019\/11\/10-1800x927.png 1800w\" sizes=\"auto, (max-width: 2098px) 100vw, 2098px\" \/><a class=\"single_photoswipe\" href=\"https:\/\/helipoland.com\/wp-content\/uploads\/2019\/11\/11.jpeg\" data-size=\"2536x1648\"><img loading=\"lazy\" decoding=\"async\" class=\"aligncenter wp-image-4385 size-full\" src=\"https:\/\/helipoland.com\/wp-content\/uploads\/2019\/11\/11-e1573320534557.jpeg\" alt=\"\" width=\"2536\" height=\"1648\" srcset=\"https:\/\/helipoland.com\/wp-content\/uploads\/2019\/11\/11-e1573320534557.jpeg 2536w, https:\/\/helipoland.com\/wp-content\/uploads\/2019\/11\/11-e1573320534557-300x195.jpeg 300w, https:\/\/helipoland.com\/wp-content\/uploads\/2019\/11\/11-e1573320534557-768x499.jpeg 768w, https:\/\/helipoland.com\/wp-content\/uploads\/2019\/11\/11-e1573320534557-1024x665.jpeg 1024w, https:\/\/helipoland.com\/wp-content\/uploads\/2019\/11\/11-e1573320534557-600x390.jpeg 600w, https:\/\/helipoland.com\/wp-content\/uploads\/2019\/11\/11-e1573320534557-1800x1170.jpeg 1800w\" sizes=\"auto, (max-width: 2536px) 100vw, 2536px\" \/><\/a><\/p>\n<div id=\"attachment_4389\" style=\"width: 1411px\" class=\"wp-caption aligncenter\"><img loading=\"lazy\" decoding=\"async\" aria-describedby=\"caption-attachment-4389\" class=\"wp-image-4389 size-full\" title=\"H 130 \/ EC 130 over Niagara Falls\" src=\"https:\/\/helipoland.com\/wp-content\/uploads\/2019\/11\/13.jpg\" alt=\"\" width=\"1401\" height=\"654\" srcset=\"https:\/\/helipoland.com\/wp-content\/uploads\/2019\/11\/13.jpg 1401w, https:\/\/helipoland.com\/wp-content\/uploads\/2019\/11\/13-300x140.jpg 300w, https:\/\/helipoland.com\/wp-content\/uploads\/2019\/11\/13-768x359.jpg 768w, https:\/\/helipoland.com\/wp-content\/uploads\/2019\/11\/13-1024x478.jpg 1024w, https:\/\/helipoland.com\/wp-content\/uploads\/2019\/11\/13-600x280.jpg 600w\" sizes=\"auto, (max-width: 1401px) 100vw, 1401px\" \/><p id=\"caption-attachment-4389\" class=\"wp-caption-text\">H 130 \/ EC 130 over Niagara Falls<\/p><\/div>\n<div class=\"ezcol ezcol-one-half\">\n<p><iframe loading=\"lazy\" src=\"https:\/\/www.youtube.com\/embed\/9jjG0JMMkbg\" width=\"560\" height=\"315\" frameborder=\"0\" allowfullscreen=\"allowfullscreen\" data-mce-fragment=\"1\"><\/iframe><\/div> <div class=\"ezcol ezcol-one-half ezcol-last\"><img loading=\"lazy\" decoding=\"async\" class=\"aligncenter wp-image-1177 size-large\" src=\"https:\/\/helipoland.com\/wp-content\/uploads\/2015\/09\/Sundance-Helicopters_Sunset_01-min-e1573323982366-1024x653.jpg\" alt=\"Sundance-Helicopters_Sunset_01-min\" width=\"640\" height=\"408\" srcset=\"https:\/\/helipoland.com\/wp-content\/uploads\/2015\/09\/Sundance-Helicopters_Sunset_01-min-e1573323982366-1024x653.jpg 1024w, https:\/\/helipoland.com\/wp-content\/uploads\/2015\/09\/Sundance-Helicopters_Sunset_01-min-e1573323982366-300x191.jpg 300w, https:\/\/helipoland.com\/wp-content\/uploads\/2015\/09\/Sundance-Helicopters_Sunset_01-min-e1573323982366-768x489.jpg 768w, https:\/\/helipoland.com\/wp-content\/uploads\/2015\/09\/Sundance-Helicopters_Sunset_01-min-e1573323982366-600x382.jpg 600w, https:\/\/helipoland.com\/wp-content\/uploads\/2015\/09\/Sundance-Helicopters_Sunset_01-min-e1573323982366-1800x1147.jpg 1800w\" sizes=\"auto, (max-width: 640px) 100vw, 640px\" \/><\/div><div class=\"ezcol-divider\"><\/div>","protected":false},"excerpt":{"rendered":"<p>The H130 (formerly known as EC130 T2, the development version of the AS350 helicopter) is a single-engine turbine helicopter with[&#8230;..]<\/p>\n","protected":false},"author":1,"featured_media":0,"parent":4040,"menu_order":0,"comment_status":"closed","ping_status":"closed","template":"template-fullwidth-with-form.php","meta":{"_acf_changed":false,"footnotes":""},"class_list":["post-4395","page","type-page","status-publish","hentry"],"acf":[],"yoast_head":"<!-- This site is optimized with the Yoast SEO plugin v24.8.1 - https:\/\/yoast.com\/wordpress\/plugins\/seo\/ -->\n<title>Airbus H 130 (EC 130) - Helipoland.com<\/title>\n<meta name=\"robots\" content=\"index, follow, max-snippet:-1, max-image-preview:large, max-video-preview:-1\" \/>\n<link rel=\"canonical\" href=\"https:\/\/helipoland.com\/flota\/airbus-h-130-ec-130\/\" \/>\n<meta property=\"og:locale\" content=\"en_US\" \/>\n<meta property=\"og:type\" content=\"article\" \/>\n<meta property=\"og:title\" content=\"Airbus H 130 (EC 130) - Helipoland.com\" \/>\n<meta property=\"og:description\" content=\"The H130 (formerly known as EC130 T2, the development version of the AS350 helicopter) is a single-engine turbine helicopter with[.....]\" \/>\n<meta property=\"og:url\" content=\"https:\/\/helipoland.com\/flota\/airbus-h-130-ec-130\/\" \/>\n<meta property=\"og:site_name\" content=\"Helipoland.com\" \/>\n<meta property=\"article:modified_time\" content=\"2023-01-16T11:51:35+00:00\" \/>\n<meta property=\"og:image\" content=\"https:\/\/helipoland.com\/wp-content\/uploads\/2019\/11\/2-e1573313833194.jpg\" \/>\n<meta name=\"twitter:label1\" content=\"Est. reading time\" \/>\n\t<meta name=\"twitter:data1\" content=\"5 minutes\" \/>\n<script type=\"application\/ld+json\" class=\"yoast-schema-graph\">{\"@context\":\"https:\/\/schema.org\",\"@graph\":[{\"@type\":\"WebPage\",\"@id\":\"https:\/\/helipoland.com\/flota\/airbus-h-130-ec-130\/\",\"url\":\"https:\/\/helipoland.com\/flota\/airbus-h-130-ec-130\/\",\"name\":\"Airbus H 130 (EC 130) - Helipoland.com\",\"isPartOf\":{\"@id\":\"https:\/\/helipoland.com\/pl\/#website\"},\"primaryImageOfPage\":{\"@id\":\"https:\/\/helipoland.com\/flota\/airbus-h-130-ec-130\/#primaryimage\"},\"image\":{\"@id\":\"https:\/\/helipoland.com\/flota\/airbus-h-130-ec-130\/#primaryimage\"},\"thumbnailUrl\":\"https:\/\/helipoland.com\/wp-content\/uploads\/2019\/11\/2-e1573313833194.jpg\",\"datePublished\":\"2019-11-09T17:43:46+00:00\",\"dateModified\":\"2023-01-16T11:51:35+00:00\",\"breadcrumb\":{\"@id\":\"https:\/\/helipoland.com\/flota\/airbus-h-130-ec-130\/#breadcrumb\"},\"inLanguage\":\"en-US\",\"potentialAction\":[{\"@type\":\"ReadAction\",\"target\":[\"https:\/\/helipoland.com\/flota\/airbus-h-130-ec-130\/\"]}]},{\"@type\":\"ImageObject\",\"inLanguage\":\"en-US\",\"@id\":\"https:\/\/helipoland.com\/flota\/airbus-h-130-ec-130\/#primaryimage\",\"url\":\"https:\/\/helipoland.com\/wp-content\/uploads\/2019\/11\/2-e1573313833194.jpg\",\"contentUrl\":\"https:\/\/helipoland.com\/wp-content\/uploads\/2019\/11\/2-e1573313833194.jpg\"},{\"@type\":\"BreadcrumbList\",\"@id\":\"https:\/\/helipoland.com\/flota\/airbus-h-130-ec-130\/#breadcrumb\",\"itemListElement\":[{\"@type\":\"ListItem\",\"position\":1,\"name\":\"Helipoland.com\",\"item\":\"https:\/\/helipoland.com\/pl\/\"},{\"@type\":\"ListItem\",\"position\":2,\"name\":\"Flota \u015bmig\u0142owc\u00f3w\",\"item\":\"https:\/\/helipoland.com\/flota\/\"},{\"@type\":\"ListItem\",\"position\":3,\"name\":\"Airbus H 130 (EC 130)\"}]},{\"@type\":\"WebSite\",\"@id\":\"https:\/\/helipoland.com\/pl\/#website\",\"url\":\"https:\/\/helipoland.com\/pl\/\",\"name\":\"Helipoland.com\",\"description\":\"Helicopter flights, flying school, air services, helicopters\",\"potentialAction\":[{\"@type\":\"SearchAction\",\"target\":{\"@type\":\"EntryPoint\",\"urlTemplate\":\"https:\/\/helipoland.com\/pl\/?s={search_term_string}\"},\"query-input\":{\"@type\":\"PropertyValueSpecification\",\"valueRequired\":true,\"valueName\":\"search_term_string\"}}],\"inLanguage\":\"en-US\"}]}<\/script>\n<!-- \/ Yoast SEO plugin. -->","yoast_head_json":{"title":"Airbus H 130 (EC 130) - Helipoland.com","robots":{"index":"index","follow":"follow","max-snippet":"max-snippet:-1","max-image-preview":"max-image-preview:large","max-video-preview":"max-video-preview:-1"},"canonical":"https:\/\/helipoland.com\/flota\/airbus-h-130-ec-130\/","og_locale":"en_US","og_type":"article","og_title":"Airbus H 130 (EC 130) - Helipoland.com","og_description":"The H130 (formerly known as EC130 T2, the development version of the AS350 helicopter) is a single-engine turbine helicopter with[.....]","og_url":"https:\/\/helipoland.com\/flota\/airbus-h-130-ec-130\/","og_site_name":"Helipoland.com","article_modified_time":"2023-01-16T11:51:35+00:00","og_image":[{"url":"https:\/\/helipoland.com\/wp-content\/uploads\/2019\/11\/2-e1573313833194.jpg","type":"","width":"","height":""}],"twitter_misc":{"Est. reading time":"5 minutes"},"schema":{"@context":"https:\/\/schema.org","@graph":[{"@type":"WebPage","@id":"https:\/\/helipoland.com\/flota\/airbus-h-130-ec-130\/","url":"https:\/\/helipoland.com\/flota\/airbus-h-130-ec-130\/","name":"Airbus H 130 (EC 130) - Helipoland.com","isPartOf":{"@id":"https:\/\/helipoland.com\/pl\/#website"},"primaryImageOfPage":{"@id":"https:\/\/helipoland.com\/flota\/airbus-h-130-ec-130\/#primaryimage"},"image":{"@id":"https:\/\/helipoland.com\/flota\/airbus-h-130-ec-130\/#primaryimage"},"thumbnailUrl":"https:\/\/helipoland.com\/wp-content\/uploads\/2019\/11\/2-e1573313833194.jpg","datePublished":"2019-11-09T17:43:46+00:00","dateModified":"2023-01-16T11:51:35+00:00","breadcrumb":{"@id":"https:\/\/helipoland.com\/flota\/airbus-h-130-ec-130\/#breadcrumb"},"inLanguage":"en-US","potentialAction":[{"@type":"ReadAction","target":["https:\/\/helipoland.com\/flota\/airbus-h-130-ec-130\/"]}]},{"@type":"ImageObject","inLanguage":"en-US","@id":"https:\/\/helipoland.com\/flota\/airbus-h-130-ec-130\/#primaryimage","url":"https:\/\/helipoland.com\/wp-content\/uploads\/2019\/11\/2-e1573313833194.jpg","contentUrl":"https:\/\/helipoland.com\/wp-content\/uploads\/2019\/11\/2-e1573313833194.jpg"},{"@type":"BreadcrumbList","@id":"https:\/\/helipoland.com\/flota\/airbus-h-130-ec-130\/#breadcrumb","itemListElement":[{"@type":"ListItem","position":1,"name":"Helipoland.com","item":"https:\/\/helipoland.com\/pl\/"},{"@type":"ListItem","position":2,"name":"Flota \u015bmig\u0142owc\u00f3w","item":"https:\/\/helipoland.com\/flota\/"},{"@type":"ListItem","position":3,"name":"Airbus H 130 (EC 130)"}]},{"@type":"WebSite","@id":"https:\/\/helipoland.com\/pl\/#website","url":"https:\/\/helipoland.com\/pl\/","name":"Helipoland.com","description":"Helicopter flights, flying school, air services, helicopters","potentialAction":[{"@type":"SearchAction","target":{"@type":"EntryPoint","urlTemplate":"https:\/\/helipoland.com\/pl\/?s={search_term_string}"},"query-input":{"@type":"PropertyValueSpecification","valueRequired":true,"valueName":"search_term_string"}}],"inLanguage":"en-US"}]}},"_links":{"self":[{"href":"https:\/\/helipoland.com\/en\/wp-json\/wp\/v2\/pages\/4395","targetHints":{"allow":["GET"]}}],"collection":[{"href":"https:\/\/helipoland.com\/en\/wp-json\/wp\/v2\/pages"}],"about":[{"href":"https:\/\/helipoland.com\/en\/wp-json\/wp\/v2\/types\/page"}],"author":[{"embeddable":true,"href":"https:\/\/helipoland.com\/en\/wp-json\/wp\/v2\/users\/1"}],"replies":[{"embeddable":true,"href":"https:\/\/helipoland.com\/en\/wp-json\/wp\/v2\/comments?post=4395"}],"version-history":[{"count":7,"href":"https:\/\/helipoland.com\/en\/wp-json\/wp\/v2\/pages\/4395\/revisions"}],"predecessor-version":[{"id":5748,"href":"https:\/\/helipoland.com\/en\/wp-json\/wp\/v2\/pages\/4395\/revisions\/5748"}],"up":[{"embeddable":true,"href":"https:\/\/helipoland.com\/en\/wp-json\/wp\/v2\/pages\/4040"}],"wp:attachment":[{"href":"https:\/\/helipoland.com\/en\/wp-json\/wp\/v2\/media?parent=4395"}],"curies":[{"name":"wp","href":"https:\/\/api.w.org\/{rel}","templated":true}]}}