{"id":4682,"date":"2020-01-06T10:54:49","date_gmt":"2020-01-06T10:54:49","guid":{"rendered":"https:\/\/helipoland.com\/?page_id=4682"},"modified":"2024-09-02T21:02:22","modified_gmt":"2024-09-02T21:02:22","slug":"miasto-krakow","status":"publish","type":"page","link":"https:\/\/helipoland.com\/en\/loty-widokowe\/miasto-krakow\/","title":{"rendered":"The city of Cracow"},"content":{"rendered":"<p style=\"text-align: justify;\"><span style=\"color: #000000;\">Sightseeing flights in the city of Cracow are organized from the <a href=\"http:\/\/fero.krakow.pl\/en\/\">Hotel Fero Express<\/a> landing site (Boles\u0142awa \u015amia\u0142ego 60, 30-398 Krak\u00f3w).<\/span><\/p>\n<p style=\"text-align: justify;\"><span style=\"color: #000000;\">For the implementation of sightseeing flights according to general price lists (below), it is required to collect an appropriate number of people within the time limit set by Helipoland. If there is no organized group on a given date, the additional fee for individual flights is EUR 1080 for the R44 helicopter (3 passengers) and EUR 2160 for the AS350 or Ec130 helicopter (5 or 6 passengers).<\/span><\/p>\n<p style=\"text-align: justify;\"><span style=\"color: #000000;\">Due to the Polish regulations for flying over cities and the proximity of the <a href=\"https:\/\/www.krakowairport.pl\/en\/\">Krakow Balice<\/a> international airport zone, scenic flights over the city of Cracow take place along the routes and at heights chosen by the helicopter pilot (these routes may differ from the routes marked on the maps below).<\/span><\/p>\n<p style=\"text-align: justify;\"><span style=\"color: #000000;\">It is possible to choose a different helicopter take-off and landing site than the Fero Express hotel landing site, where, in addition to the costs associated with arriving at the indicated helicopter landing site, additional fees may be charged for using the helipad. The arrival at the individually agreed take-off \/ landing site is additionally payable in accordance with the helicopter flight price lists below, where the time needed to start and stop the helicopter twice (approximately 10 minutes) is counted as the flight time. For example &#8211; a helicopter flight ordered for a sight-seeing flight directly from the &#8220;Polinar&#8221; landing site (Ofiar D\u0105bia 14, 31-567 Krak\u00f3w) means that you have to pay an additional 15 minutes of flight to this helipad, assuming that the helicopter is currently stationed at the Fero Express hotel in Krakow.<\/span><\/p>\n<p style=\"text-align: center;\"><a href=\"#contact-form-begin\" class=\"su-button su-button-style- got_to_form\" style=\"color:#FFFFFF;background-color:#2D89EF;border-color:#246ec0;border-radius:0px\" target=\"_self\"><span style=\"color:#FFFFFF;padding:0px 34px;font-size:25px;line-height:50px;border-color:#6cadf4;border-radius:0px;text-shadow:none\"> Order a flight<\/span><\/a>\n<div id=\"attachment_4690\" style=\"width: 1290px\" class=\"wp-caption alignnone\"><img loading=\"lazy\" decoding=\"async\" aria-describedby=\"caption-attachment-4690\" class=\"wp-image-4690 size-full\" src=\"https:\/\/helipoland.com\/wp-content\/uploads\/2020\/01\/Krak\u00f3w-1.jpg\" alt=\"\" width=\"1280\" height=\"542\" \/><p id=\"caption-attachment-4690\" class=\"wp-caption-text\"><span style=\"color: #000000;\">Aerial view over the Vistula on the Wawel in the north-west direction<\/span><\/p><\/div>\n<p class=\"p1\"><div class=\"ezcol ezcol-one-half\"><a href=\"https:\/\/helipoland.com\/loty-widokowe\/miasto-krakow\/krakow-2\/\"><img loading=\"lazy\" decoding=\"async\" class=\"aligncenter wp-image-4691 size-full\" src=\"https:\/\/helipoland.com\/wp-content\/uploads\/2020\/01\/Krak\u00f3w-2.jpg\" alt=\"Helipoland Krak\u00f3w\" width=\"2592\" height=\"1936\" \/><\/a><\/div> <div class=\"ezcol ezcol-one-half ezcol-last\"><a href=\"https:\/\/helipoland.com\/loty-widokowe\/miasto-krakow\/krakow-3\/\"><img loading=\"lazy\" decoding=\"async\" class=\"aligncenter wp-image-4692 size-full\" src=\"https:\/\/helipoland.com\/wp-content\/uploads\/2020\/01\/Krak\u00f3w-3.jpg\" alt=\"Helipoland Krak\u00f3w\" width=\"2592\" height=\"1936\" \/><\/a><\/div><div class=\"ezcol-divider\"><\/div>\n<h3><span style=\"color: #000000;\"><strong>Flights over Cracow &#8211; when can I take a scenic flight?<\/strong><\/span><\/h3>\n<p style=\"text-align: justify;\"><span style=\"color: #000000;\">Sightseeing flights in the Cracow area are organized by HeliPoland after collecting the appropriate number of clients, together with current helicopter and pilot disposition at the &#8220;Fero&#8221; helipad (with the possibility of substituting the helicopter at the &#8220;Polinar&#8221; helipad) and under appropriate meteorological conditions. Flights performed on individual helicopter orders (at any time indicated by the customer) are based on the prices given below by helicopter type and flight time, taking into account the possible cost of arrival in the absence of a current availability in Cracow. C<\/span><span style=\"color: #000000;\">onfirmation of the current helicopter disposition in Cracow city is possible up to a few days in advance. Confirmation of the appropriate weather conditions and thus also the final confirmation of the flight is possible in advance of not more than 3 days.<\/span><\/p>\n<div class=\"ezcol ezcol-one-half\"><a href=\"https:\/\/helipoland.com\/loty-widokowe\/miasto-krakow\/krakow-4\/\"><img loading=\"lazy\" decoding=\"async\" class=\"aligncenter wp-image-4693 size-full\" src=\"https:\/\/helipoland.com\/wp-content\/uploads\/2020\/01\/Krak\u00f3w-4.jpg\" alt=\"Helipoland Krak\u00f3w\" width=\"2592\" height=\"1936\" \/><\/a><\/div> <div class=\"ezcol ezcol-one-half ezcol-last\"><a href=\"https:\/\/helipoland.com\/loty-widokowe\/miasto-krakow\/krakow-5\/\"><img loading=\"lazy\" decoding=\"async\" class=\"aligncenter wp-image-4694 size-full\" src=\"https:\/\/helipoland.com\/wp-content\/uploads\/2020\/01\/Krak\u00f3w-5.jpg\" alt=\"Helipoland Krak\u00f3w\" width=\"2592\" height=\"1936\" \/><\/a><\/div><div class=\"ezcol-divider\"><\/div>\n<h3><span style=\"color: #000000;\"><strong>How much does it cost to take a sightseeing flight in area of Cracow<\/strong><strong>?<\/strong><\/span><\/h3>\n<p class=\"p1\" style=\"text-align: justify;\"><strong><span style=\"color: #000000;\">The costs of flying a <span style=\"text-decoration: underline;\"><a href=\"https:\/\/helipoland.com\/en\/flota\/robinson-r-44\/\">Robinson R 44<\/a><\/span> helicopter <span style=\"text-decoration: underline;\">(up to 3 passengers on board)<\/span> include all passenger seats are as follows:<\/span><\/strong><\/p>\n<ul>\n<li><span style=\"color: #0000ff;\">EUR 300 for a standard flight on route Tyniec &#8211; Wieliczka &#8211; Tyniec<br \/>\n<\/span><span style=\"color: #0000ff;\">(duration about 15 minutes, minor modifications of the route are possible with the consent of the pilot)<\/span><\/li>\n<li><span style=\"color: #ff0000;\">EUR 600 for standard flight on route Tyniec &#8211; Wieliczka &#8211; Dobczyce Lake &#8211; Tyniec<br \/>\n(duration about 30 minutes, major modification of the route is possible with the consent of the pilot)<\/span><\/li>\n<li><span style=\"color: #000000;\">EUR 1200 for a flight on any route, like Tyniec &#8211; Zakopane &#8211; Tyniec or Tyniec &#8211; Bielsko-Bia\u0142a &#8211; Tyniec<br \/>\n(duration about 60 minutes, it is possible to choose any route in agreement with the pilot)<\/span><\/li>\n<\/ul>\n<p style=\"text-align: justify;\"><span style=\"color: #000000;\"><strong>Additional fee for individual organization of a sightseeing flight in Krakow on an individually agreed date = EUR 1080.<\/strong><\/span><\/p>\n<p style=\"text-align: justify;\"><span style=\"color: #000000;\"><strong>Flights within the administrative boundaries of the city of Cracow are only possible on a route designated by a pilot, adapted to the appropriate take-off and landing procedure on the selected landing pad. Modifications are possible for flights longer than 15 min.<\/strong><\/span><\/p>\n<p style=\"text-align: center;\"><a href=\"#contact-form-begin\" class=\"su-button su-button-style- got_to_form\" style=\"color:#FFFFFF;background-color:#2D89EF;border-color:#246ec0;border-radius:0px\" target=\"_self\"><span style=\"color:#FFFFFF;padding:0px 34px;font-size:25px;line-height:50px;border-color:#6cadf4;border-radius:0px;text-shadow:none\"> Order a flight<\/span><\/a>\n<div id=\"attachment_5393\" style=\"width: 1509px\" class=\"wp-caption aligncenter\"><a href=\"https:\/\/helipoland.com\/helicopter-flights-krakow-routes-by-helipoland\/\"><img loading=\"lazy\" decoding=\"async\" aria-describedby=\"caption-attachment-5393\" class=\"wp-image-5393 size-full\" src=\"https:\/\/helipoland.com\/wp-content\/uploads\/2021\/12\/Helicopter-flights-Krak\u00f3w-Routes-by-Helipoland.jpg\" alt=\"Helicopter flights Krako\u0301w - Routes by Helipoland\" width=\"1499\" height=\"858\" \/><\/a><p id=\"caption-attachment-5393\" class=\"wp-caption-text\">Example routes of helicopter sightseeing flights with Helipoland from Cracow city<\/p><\/div>\n<p><a href=\"https:\/\/helipoland.com\/loty-widokowe\/miasto-krakow\/krakow-6\/\"><img loading=\"lazy\" decoding=\"async\" class=\"aligncenter wp-image-4700 size-full\" src=\"https:\/\/helipoland.com\/wp-content\/uploads\/2020\/01\/Krak\u00f3w-6.jpg\" alt=\"Helipoland Krak\u00f3w\" width=\"1600\" height=\"900\" \/><\/a><\/p>\n<div class=\"ezcol ezcol-one-half\"><a href=\"https:\/\/helipoland.com\/loty-widokowe\/miasto-krakow\/krakow-7\/\"><img loading=\"lazy\" decoding=\"async\" class=\"aligncenter wp-image-4701 size-full\" src=\"https:\/\/helipoland.com\/wp-content\/uploads\/2020\/01\/Krak\u00f3w-7.jpg\" alt=\"Helipoland Krak\u00f3w\" width=\"2592\" height=\"1936\" \/><\/a><\/div> <div class=\"ezcol ezcol-one-half ezcol-last\"><a href=\"https:\/\/helipoland.com\/loty-widokowe\/miasto-krakow\/krakow-8\/\"><img loading=\"lazy\" decoding=\"async\" class=\"aligncenter wp-image-4702 size-full\" src=\"https:\/\/helipoland.com\/wp-content\/uploads\/2020\/01\/Krak\u00f3w-8.jpg\" alt=\"Helipoland Krak\u00f3w\" width=\"2592\" height=\"1936\" \/><\/a><\/div><div class=\"ezcol-divider\"><\/div>\n<p class=\"p1\" style=\"text-align: justify;\"><strong><span style=\"color: #000000;\">The costs of flying a <span style=\"text-decoration: underline;\"><a href=\"https:\/\/helipoland.com\/en\/flota\/airbus-h125-as350\/\">Airbus AS350<\/a><\/span> or <a href=\"https:\/\/helipoland.com\/en\/flota\/airbus-h-130-ec-130\/\">Airbus EC130<\/a> helicopter <span style=\"text-decoration: underline;\">(up to 5 or 6 passengers on board)<\/span> include all passenger seats are as follows:<\/span><\/strong><\/p>\n<ul>\n<li><span style=\"color: #0000ff;\">EUR 600 for a standard flight on route Tyniec &#8211; Wieliczka &#8211; Tyniec<br \/>\n<\/span><span style=\"color: #0000ff;\">(duration about 15 minutes, minor modifications of the route are possible with the consent of the pilot)<\/span><\/li>\n<li><span style=\"color: #ff0000;\">EUR 1200 for standard flight on route Tyniec &#8211; Wieliczka &#8211; Dobczyce Lake &#8211; Tyniec<br \/>\n(duration about 30 minutes, major modification of the route is possible with the consent of the pilot)<\/span><\/li>\n<li><span style=\"color: #000000;\">EUR 2400 for a flight on any route, like Tyniec &#8211; Zakopane &#8211; Tyniec or Tyniec &#8211; Bielsko-Bia\u0142a &#8211; Tyniec<br \/>\n(duration about 60 minutes, it is possible to choose any route in agreement with the pilot)<br \/>\n<\/span><\/li>\n<\/ul>\n<p style=\"text-align: justify;\"><span style=\"color: #000000;\"><strong>Additional fee for individual organization of a sightseeing flight in Krakow by an AS350 or an EC130 helicopter at an individually agreed date = EUR 2160.<\/strong><\/span><\/p>\n<p style=\"text-align: justify;\"><span style=\"color: #000000;\"><strong>AS350 and EC130 helicopters are faster than R 44, which makes it possible to cover greater distances in the purchased time option, which means that within an hour you can not only fly to the Zakopane region but also make a scenic flight on the northern side of the Tatra Mountains.<\/strong><\/span><\/p>\n<p style=\"text-align: center;\"><a href=\"#contact-form-begin\" class=\"su-button su-button-style- got_to_form\" style=\"color:#FFFFFF;background-color:#2D89EF;border-color:#246ec0;border-radius:0px\" target=\"_self\"><span style=\"color:#FFFFFF;padding:0px 34px;font-size:25px;line-height:50px;border-color:#6cadf4;border-radius:0px;text-shadow:none\"> Order a flight<\/span><\/a>\n<div id=\"attachment_5393\" style=\"width: 1509px\" class=\"wp-caption aligncenter\"><a href=\"https:\/\/helipoland.com\/helicopter-flights-krakow-routes-by-helipoland\/\"><img loading=\"lazy\" decoding=\"async\" aria-describedby=\"caption-attachment-5393\" class=\"wp-image-5393 size-full\" src=\"https:\/\/helipoland.com\/wp-content\/uploads\/2021\/12\/Helicopter-flights-Krak\u00f3w-Routes-by-Helipoland.jpg\" alt=\"Helicopter flights Krako\u0301w - Routes by Helipoland\" width=\"1499\" height=\"858\" \/><\/a><p id=\"caption-attachment-5393\" class=\"wp-caption-text\">Example routes of helicopter sightseeing flights with Helipoland from Cracow city<\/p><\/div>\n<p><a href=\"https:\/\/helipoland.com\/loty-widokowe\/miasto-krakow\/krakow-9\/\"><img loading=\"lazy\" decoding=\"async\" class=\"aligncenter wp-image-4704 size-full\" src=\"https:\/\/helipoland.com\/wp-content\/uploads\/2020\/01\/Krak\u00f3w-9.jpg\" alt=\"Helipoland Krak\u00f3w\" width=\"1920\" height=\"893\" \/><\/a><\/p>\n<h3><span style=\"color: #000000;\">What else is important in organizing sightseeing flights?<\/span><\/h3>\n<p class=\"p1\" style=\"text-align: justify;\"><span style=\"color: #000000;\">All above-mentioned prices of scenic flights include the entire helicopter, regardless of the number of passengers. Free spaces can be replenished at the airstrip during ongoing flights, or if we have registered those willing to partially fill the helicopter, we will inform ourselves about the possibility of flying on the remaining free spaces.<\/span><\/p>\n<p class=\"p1\"><span style=\"color: #000000;\"><strong><img loading=\"lazy\" decoding=\"async\" class=\"aligncenter size-full wp-image-4705\" src=\"https:\/\/helipoland.com\/wp-content\/uploads\/2020\/01\/Krak\u00f3w-10.jpg\" alt=\"Helipoland Krak\u00f3w\" width=\"1735\" height=\"442\" \/><\/strong><\/span><\/p>\n<p><img loading=\"lazy\" decoding=\"async\" class=\"aligncenter size-full wp-image-4706\" src=\"https:\/\/helipoland.com\/wp-content\/uploads\/2020\/01\/Krak\u00f3w-11.jpg\" alt=\"Helipoland Krak\u00f3w\" width=\"1600\" height=\"570\" \/><\/p>\n<p style=\"text-align: justify;\"><span style=\"color: #000000;\"><strong>* Flight time:<\/strong>\u00a0according to international standards, it is the time from the moment the rotor blades begin to rotate until the moment the helicopter finally comes to a stop after flight and the rotor blades come to a stop.<\/span><\/p>\n<p style=\"text-align: justify;\"><span style=\"color: #000000;\"><strong>** Note:<\/strong>\u00a0in order to perform flights on agreed dates, in addition to the appropriate meteorological conditions, it is necessary to have the appropriate instruction of the pilot dedicated to the flight and the appropriate technical condition of the helicopter, which is verified in detail before each flying day or additionally before the flight. Helipoland is not responsible for keeping the agreed flight date, especially due to inadequate \/ uncertain weather conditions, pilot incapacitation or helicopter malfunction.<\/span><\/p>","protected":false},"excerpt":{"rendered":"<p>Sightseeing flights in the city of Cracow are organized from the Hotel Fero Express landing site (Boles\u0142awa \u015amia\u0142ego 60, 30-398[&#8230;..]<\/p>\n","protected":false},"author":1,"featured_media":0,"parent":536,"menu_order":0,"comment_status":"closed","ping_status":"closed","template":"template-fullwidth-with-form.php","meta":{"_acf_changed":false,"footnotes":""},"class_list":["post-4682","page","type-page","status-publish","hentry"],"acf":[],"yoast_head":"<!-- This site is optimized with the Yoast SEO plugin v24.8.1 - https:\/\/yoast.com\/wordpress\/plugins\/seo\/ -->\n<title>The city of Cracow - Helipoland.com<\/title>\n<meta name=\"description\" content=\"Loty widokowe \u015bmig\u0142owcem nad Krakowem to wyjatkowa przygoda. Sp\u00f3jrz dawn\u0105 stolic\u0119 Polski z innej perspektywy. Zapraszamy.\" \/>\n<meta name=\"robots\" content=\"index, follow, max-snippet:-1, max-image-preview:large, max-video-preview:-1\" \/>\n<link rel=\"canonical\" href=\"https:\/\/helipoland.com\/loty-widokowe\/miasto-krakow\/\" \/>\n<meta property=\"og:locale\" content=\"en_US\" \/>\n<meta property=\"og:type\" content=\"article\" \/>\n<meta property=\"og:title\" content=\"The city of Cracow - Helipoland.com\" \/>\n<meta property=\"og:description\" content=\"{:pl}Loty widokowe \u015bmig\u0142owcem nad Krakowem to wyjatkowa przygoda. Sp\u00f3jrz dawn\u0105 stolic\u0119 Polski z innej perspektywy. Zapraszamy.{:}\" \/>\n<meta property=\"og:url\" content=\"https:\/\/helipoland.com\/loty-widokowe\/miasto-krakow\/\" \/>\n<meta property=\"og:site_name\" content=\"Helipoland.com\" \/>\n<meta property=\"article:modified_time\" content=\"2024-09-02T21:02:22+00:00\" \/>\n<meta name=\"twitter:label1\" content=\"Est. reading time\" \/>\n\t<meta name=\"twitter:data1\" content=\"12 minutes\" \/>\n<script type=\"application\/ld+json\" class=\"yoast-schema-graph\">{\"@context\":\"https:\/\/schema.org\",\"@graph\":[{\"@type\":\"WebPage\",\"@id\":\"https:\/\/helipoland.com\/loty-widokowe\/miasto-krakow\/\",\"url\":\"https:\/\/helipoland.com\/loty-widokowe\/miasto-krakow\/\",\"name\":\"The city of Cracow - Helipoland.com\",\"isPartOf\":{\"@id\":\"https:\/\/helipoland.com\/pl\/#website\"},\"datePublished\":\"2020-01-06T10:54:49+00:00\",\"dateModified\":\"2024-09-02T21:02:22+00:00\",\"description\":\"{:pl}Loty widokowe \u015bmig\u0142owcem nad Krakowem to wyjatkowa przygoda. Sp\u00f3jrz dawn\u0105 stolic\u0119 Polski z innej perspektywy. Zapraszamy.{:}\",\"breadcrumb\":{\"@id\":\"https:\/\/helipoland.com\/loty-widokowe\/miasto-krakow\/#breadcrumb\"},\"inLanguage\":\"en-US\",\"potentialAction\":[{\"@type\":\"ReadAction\",\"target\":[\"https:\/\/helipoland.com\/loty-widokowe\/miasto-krakow\/\"]}]},{\"@type\":\"BreadcrumbList\",\"@id\":\"https:\/\/helipoland.com\/loty-widokowe\/miasto-krakow\/#breadcrumb\",\"itemListElement\":[{\"@type\":\"ListItem\",\"position\":1,\"name\":\"Helipoland.com\",\"item\":\"https:\/\/helipoland.com\/pl\/\"},{\"@type\":\"ListItem\",\"position\":2,\"name\":\"Loty widokowe\",\"item\":\"https:\/\/helipoland.com\/pl\/loty-widokowe\/\"},{\"@type\":\"ListItem\",\"position\":3,\"name\":\"Loty widokowe helikopterem Miasto Krak\u00f3w\"}]},{\"@type\":\"WebSite\",\"@id\":\"https:\/\/helipoland.com\/pl\/#website\",\"url\":\"https:\/\/helipoland.com\/pl\/\",\"name\":\"Helipoland.com\",\"description\":\"Helicopter flights, flying school, air services, helicopters\",\"potentialAction\":[{\"@type\":\"SearchAction\",\"target\":{\"@type\":\"EntryPoint\",\"urlTemplate\":\"https:\/\/helipoland.com\/pl\/?s={search_term_string}\"},\"query-input\":{\"@type\":\"PropertyValueSpecification\",\"valueRequired\":true,\"valueName\":\"search_term_string\"}}],\"inLanguage\":\"en-US\"}]}<\/script>\n<!-- \/ Yoast SEO plugin. -->","yoast_head_json":{"title":"The city of Cracow - Helipoland.com","description":"Loty widokowe \u015bmig\u0142owcem nad Krakowem to wyjatkowa przygoda. Sp\u00f3jrz dawn\u0105 stolic\u0119 Polski z innej perspektywy. Zapraszamy.","robots":{"index":"index","follow":"follow","max-snippet":"max-snippet:-1","max-image-preview":"max-image-preview:large","max-video-preview":"max-video-preview:-1"},"canonical":"https:\/\/helipoland.com\/loty-widokowe\/miasto-krakow\/","og_locale":"en_US","og_type":"article","og_title":"The city of Cracow - Helipoland.com","og_description":"{:pl}Loty widokowe \u015bmig\u0142owcem nad Krakowem to wyjatkowa przygoda. Sp\u00f3jrz dawn\u0105 stolic\u0119 Polski z innej perspektywy. Zapraszamy.{:}","og_url":"https:\/\/helipoland.com\/loty-widokowe\/miasto-krakow\/","og_site_name":"Helipoland.com","article_modified_time":"2024-09-02T21:02:22+00:00","twitter_misc":{"Est. reading time":"12 minutes"},"schema":{"@context":"https:\/\/schema.org","@graph":[{"@type":"WebPage","@id":"https:\/\/helipoland.com\/loty-widokowe\/miasto-krakow\/","url":"https:\/\/helipoland.com\/loty-widokowe\/miasto-krakow\/","name":"The city of Cracow - Helipoland.com","isPartOf":{"@id":"https:\/\/helipoland.com\/pl\/#website"},"datePublished":"2020-01-06T10:54:49+00:00","dateModified":"2024-09-02T21:02:22+00:00","description":"{:pl}Loty widokowe \u015bmig\u0142owcem nad Krakowem to wyjatkowa przygoda. Sp\u00f3jrz dawn\u0105 stolic\u0119 Polski z innej perspektywy. Zapraszamy.{:}","breadcrumb":{"@id":"https:\/\/helipoland.com\/loty-widokowe\/miasto-krakow\/#breadcrumb"},"inLanguage":"en-US","potentialAction":[{"@type":"ReadAction","target":["https:\/\/helipoland.com\/loty-widokowe\/miasto-krakow\/"]}]},{"@type":"BreadcrumbList","@id":"https:\/\/helipoland.com\/loty-widokowe\/miasto-krakow\/#breadcrumb","itemListElement":[{"@type":"ListItem","position":1,"name":"Helipoland.com","item":"https:\/\/helipoland.com\/pl\/"},{"@type":"ListItem","position":2,"name":"Loty widokowe","item":"https:\/\/helipoland.com\/pl\/loty-widokowe\/"},{"@type":"ListItem","position":3,"name":"Loty widokowe helikopterem Miasto Krak\u00f3w"}]},{"@type":"WebSite","@id":"https:\/\/helipoland.com\/pl\/#website","url":"https:\/\/helipoland.com\/pl\/","name":"Helipoland.com","description":"Helicopter flights, flying school, air services, helicopters","potentialAction":[{"@type":"SearchAction","target":{"@type":"EntryPoint","urlTemplate":"https:\/\/helipoland.com\/pl\/?s={search_term_string}"},"query-input":{"@type":"PropertyValueSpecification","valueRequired":true,"valueName":"search_term_string"}}],"inLanguage":"en-US"}]}},"_links":{"self":[{"href":"https:\/\/helipoland.com\/en\/wp-json\/wp\/v2\/pages\/4682","targetHints":{"allow":["GET"]}}],"collection":[{"href":"https:\/\/helipoland.com\/en\/wp-json\/wp\/v2\/pages"}],"about":[{"href":"https:\/\/helipoland.com\/en\/wp-json\/wp\/v2\/types\/page"}],"author":[{"embeddable":true,"href":"https:\/\/helipoland.com\/en\/wp-json\/wp\/v2\/users\/1"}],"replies":[{"embeddable":true,"href":"https:\/\/helipoland.com\/en\/wp-json\/wp\/v2\/comments?post=4682"}],"version-history":[{"count":36,"href":"https:\/\/helipoland.com\/en\/wp-json\/wp\/v2\/pages\/4682\/revisions"}],"predecessor-version":[{"id":6011,"href":"https:\/\/helipoland.com\/en\/wp-json\/wp\/v2\/pages\/4682\/revisions\/6011"}],"up":[{"embeddable":true,"href":"https:\/\/helipoland.com\/en\/wp-json\/wp\/v2\/pages\/536"}],"wp:attachment":[{"href":"https:\/\/helipoland.com\/en\/wp-json\/wp\/v2\/media?parent=4682"}],"curies":[{"name":"wp","href":"https:\/\/api.w.org\/{rel}","templated":true}]}}