{"id":795,"date":"2015-04-24T21:23:17","date_gmt":"2015-04-24T21:23:17","guid":{"rendered":"http:\/\/helipoland.com\/?page_id=795"},"modified":"2023-01-16T10:55:32","modified_gmt":"2023-01-16T10:55:32","slug":"bezpieczenstwo","status":"publish","type":"page","link":"https:\/\/helipoland.com\/en\/bezpieczenstwo\/","title":{"rendered":"Safety in aviation"},"content":{"rendered":"<h4 style=\"text-align: center;\"><span style=\"color: #000000;\"><strong>&#8220;If You wonder about flight safety You should consider that your helicopter ride may be the safest part of your day.&#8221;<\/strong><\/span><\/h4>\n<div id=\"attachment_3420\" style=\"width: 2510px\" class=\"wp-caption alignnone\"><img loading=\"lazy\" decoding=\"async\" aria-describedby=\"caption-attachment-3420\" class=\"size-full wp-image-3420\" src=\"http:\/\/helipoland.com\/wp-content\/uploads\/2018\/03\/Kurs-bezpiecze\u0144stwa-RHC-Helipoland-1.jpg\" alt=\"Kurs bezpiecze\u0144stwa Helipoland RHC\" width=\"2500\" height=\"1112\" \/><p id=\"caption-attachment-3420\" class=\"wp-caption-text\"><span style=\"color: #000000;\">Robinson Helicopter Safety Course with RHC experimental pilots and Helipoland instructors and students in Bukowina Tatrza\u0144ska (edition 2017)<\/span><\/p><\/div>\n<h4 style=\"text-align: justify;\"><span style=\"color: #000000;\">Helicopters used by Helipoland are subject to rigorous technical supervision controlled on a regular basis by the Civil Aviation Authority through regular audits. For the current control of the technical condition of the helicopter except the pilot responsibility is taken by Continuous Airworthiness Organization (CAMO), which defines the maintenance tasks for the Approved Maintenance Organization (Helicopter Service). All technical tasks related to the helicopter are performed by qualified, licensed and experienced technicians with the appropriate ratings working under supervision of PART 145 organisation.<\/span><\/h4>\n<h4 style=\"text-align: justify;\"><span style=\"color: #000000;\">Flying safety is our top priority, which is why learning to fly a helicopter is under detailed surveillance operation of Approved Training Organization (ATO), subject in turn to the current oversight by the Civil Aviation Authority. Each helicopter training is subject to the current registry of performed theoretical and practical classes. Learning to fly a helicopter is operated by experienced instructors with appropriate ratings.<\/span><\/h4>\n<h4 style=\"text-align: justify;\"><span style=\"color: #000000;\">Buying a new helicopter in Helipoland is a guarantee of quality provided by the experience of aircraft mechanics who ensure perfect maintenance of the helicopter. Sale of helicopters consists of appropriate configuration before purchasing, transportation to the site, installation of helicopter on site, preparation of documentation and airworthiness approval before release to the customer. It may also be training of flight crew and persons to additional ground support.<\/span><\/h4>\n<p style=\"text-align: justify;\"><span style=\"color: #000000;\"><div class=\"ezcol ezcol-two-third\"><\/span><span style=\"color: #000000;\">Security is a function of the quality of machines, competence, ground handling, weather conditions, experience of pilots and comprehensive preparation for the flight! If the flight by helicopter or airplane should\u00a0be safe, all of the above conditions must be complied with due safety buffer for each of them separately.<\/span><\/p>\n<p style=\"text-align: justify;\"><span style=\"color: #000000;\">With a constant flow of information in the environment pilot &#8211; mechanic &#8211; operational and technical supervision &#8211; state supervision &#8211; manufacturer, all the details related to the fairly well-kept flying machine and piloting principles shall be documented safety regulations.<\/span><\/p>\n<p style=\"text-align: justify;\"><span style=\"color: #000000;\">Helipoland is primarily a modern, prestigious helicopters and airplanes, undergoing regular in-depth technical inspections, competent pilots with experience and good planning, which must be ready for all possible events.<\/span><\/p>\n<p style=\"text-align: justify;\"><span style=\"color: #000000;\">When planning a flight, we have foremost in mind how quickly, comfortably and efficiently transport the passengers to their destination, and no less, how to do it safely caring for the health and lives of passengers, crew and the safety of the aircraft and all the people involved in these operations.<\/span><\/p>\n<p style=\"text-align: justify;\"><span style=\"color: #000000;\">Flying with a Helipoland fleet you have confidence that each helicopter and airplane meets the most stringent safety standards, pilots have many years of experience, and that the flight is professionally trained and insured. We provide individual approach to your needs.<\/span><\/p>\n<p style=\"text-align: justify;\"><span style=\"color: #000000;\"><\/div> <div class=\"ezcol ezcol-one-third ezcol-last\"><img loading=\"lazy\" decoding=\"async\" class=\"alignnone wp-image-1703 size-large\" src=\"http:\/\/helipoland.com\/wp-content\/uploads\/2015\/04\/Bezpiecze\u0144stwo-lot\u00f3w-735x1024.jpg\" alt=\"Bezpiecze\u0144stwo lot\u00f3w\" width=\"640\" height=\"892\" srcset=\"https:\/\/helipoland.com\/wp-content\/uploads\/2015\/04\/Bezpiecze\u0144stwo-lot\u00f3w-735x1024.jpg 735w, https:\/\/helipoland.com\/wp-content\/uploads\/2015\/04\/Bezpiecze\u0144stwo-lot\u00f3w-215x300.jpg 215w, https:\/\/helipoland.com\/wp-content\/uploads\/2015\/04\/Bezpiecze\u0144stwo-lot\u00f3w.jpg 1061w\" sizes=\"auto, (max-width: 640px) 100vw, 640px\" \/><\/div><div class=\"ezcol-divider\"><\/div><\/span><span style=\"color: #000000;\">Safety is an accumulation of knowledge about risk converted into practice, and no other mode of transportation has been as expansive as flying in incorporating what we know about the fallibility of humans and machines. As a result, the act of hurtling through the air at 500 mph six miles above the ground is less likely to result in your demise than almost any other type of travel. From the plane seats to the cabin air to the course and altitude of the flight, every decision in commercial aviation comes after careful consideration of its impact on flight safety.<\/span><\/p>\n<p style=\"text-align: justify;\"><span style=\"color: #000000;\">Over a lifetime, the chance of dying in an &#8220;air and space transport incident,&#8221; as the National Safety Council describes it, are 1 in 8,357. To put that in perspective, by their data from 2010, an individual is more likely to die from causes including heat exposure (1:8,321), choking (1:3,649), in an accident as a pedestrian (1:723), a fall (1:152) or unintentional poisoning (1:119).<\/span><\/p>\n<p style=\"text-align: center;\"><strong><span style=\"color: #000000;\">The most important of all is&#8230; that aviation learns on its own mistakes in the fastest way. This is because all accidents as well as incidents are taken under scrutiny usually with cosequences stated in regulations.<\/span><\/strong><\/p>\n<hr \/>\n<p style=\"text-align: center;\"><span style=\"color: #000000;\"><div class=\"ezcol ezcol-one-half\"><\/span><span style=\"color: #000000;\"><img loading=\"lazy\" decoding=\"async\" class=\"aligncenter wp-image-1210 size-large\" src=\"http:\/\/helipoland.com\/wp-content\/uploads\/2015\/04\/2013-07-14_Bergrettung_Bodenschneid_1018-min-737x1024.jpg\" alt=\"2013-07-14_Bergrettung_Bodenschneid_1018-min\" width=\"640\" height=\"889\" srcset=\"https:\/\/helipoland.com\/wp-content\/uploads\/2015\/04\/2013-07-14_Bergrettung_Bodenschneid_1018-min-737x1024.jpg 737w, https:\/\/helipoland.com\/wp-content\/uploads\/2015\/04\/2013-07-14_Bergrettung_Bodenschneid_1018-min-216x300.jpg 216w\" sizes=\"auto, (max-width: 640px) 100vw, 640px\" \/><\/div> <div class=\"ezcol ezcol-one-half ezcol-last\"><\/span><span style=\"color: #000000;\"><img loading=\"lazy\" decoding=\"async\" class=\"aligncenter size-full wp-image-1207\" src=\"http:\/\/helipoland.com\/wp-content\/uploads\/2015\/04\/quote-if-you-are-in-trouble-anywhere-in-the-world-an-airplane-can-fly-over-and-drop-flowers-igor-sikorsky-72-34-88.jpg\" alt=\"quote-if-you-are-in-trouble-anywhere-in-the-world-an-airplane-can-fly-over-and-drop-flowers-igor-sikorsky-72-34-88\" width=\"850\" height=\"400\" srcset=\"https:\/\/helipoland.com\/wp-content\/uploads\/2015\/04\/quote-if-you-are-in-trouble-anywhere-in-the-world-an-airplane-can-fly-over-and-drop-flowers-igor-sikorsky-72-34-88.jpg 850w, https:\/\/helipoland.com\/wp-content\/uploads\/2015\/04\/quote-if-you-are-in-trouble-anywhere-in-the-world-an-airplane-can-fly-over-and-drop-flowers-igor-sikorsky-72-34-88-300x141.jpg 300w\" sizes=\"auto, (max-width: 850px) 100vw, 850px\" \/><\/span><\/p>\n<p style=\"text-align: center;\"><span style=\"color: #000000;\"><strong>The footage below shows the versatility and durability of helicopters and perfection of performance of these remarkable machines. It is also goo confirmation of the above statement.<\/strong><\/span><\/p>\n<p><iframe loading=\"lazy\" src=\"https:\/\/www.youtube.com\/embed\/bsxlYEOmfM0\" width=\"560\" height=\"315\" frameborder=\"0\" allowfullscreen=\"allowfullscreen\"><\/iframe><\/p>\n<p><span style=\"color: #000000;\"><\/div><div class=\"ezcol-divider\"><\/div><\/span><\/p>\n<h3><span style=\"color: #000000;\"><strong>Flight safety and flight training:<\/strong><\/span><\/h3>\n<p style=\"text-align: justify;\"><span style=\"color: #000000;\">When someone considers learning to fly, the question of safety invariably comes up. How safe is flying in a light airplane? How safe is driving a car or boat? It depends on the circumstances, the risk tolerance of the individual and a willingness to keep learning.<\/span><\/p>\n<p style=\"text-align: justify;\"><span style=\"color: #000000;\">Compared to automobiles, general aviation\u2014defined as all kinds of flying except for the airlines and military\u2014has about one-sixth as many accidents on a per-vehicle-mile basis, and the accident rate is stable. There are several reasons why. Training for a pilot certificate is much more rigorous than it is for a driver\u2019s license. Mandatory ground and flight training, along with written and practical tests, help to ensure that pilots have achieved a basic level of proficiency. Periodic recurrent training helps to maintain and improve skills.<\/span><\/p>\n<p><span style=\"color: #000000;\"><img loading=\"lazy\" decoding=\"async\" class=\" size-large wp-image-1722 aligncenter\" src=\"http:\/\/helipoland.com\/wp-content\/uploads\/2015\/04\/Flight-safety-chart-1024x696.png\" alt=\"Bezpiecze\u0144stwo lot\u00f3w\" width=\"640\" height=\"435\" srcset=\"https:\/\/helipoland.com\/wp-content\/uploads\/2015\/04\/Flight-safety-chart-1024x696.png 1024w, https:\/\/helipoland.com\/wp-content\/uploads\/2015\/04\/Flight-safety-chart-300x204.png 300w, https:\/\/helipoland.com\/wp-content\/uploads\/2015\/04\/Flight-safety-chart.png 1190w\" sizes=\"auto, (max-width: 640px) 100vw, 640px\" \/><\/span><\/p>\n<p style=\"text-align: justify;\"><span style=\"color: #000000;\">The environment in which aircraft operate is much more closely regulated, as well. The regulations have evolved over the years to address accident prevention, and most pilots prefer to use regulations as a minimum guideline to exceed in their own flight operations.<\/span><\/p>\n<p style=\"text-align: justify;\"><span style=\"color: #000000;\">Perfect safety is unknown in transportation and probably in most of life\u2019s endeavors. Our expectations have been based largely on the airline safety record. By almost any measure, commercial air travel is probably the safest mode of transportation. This is because of the tremendous emphasis that is placed on the reliability of aircraft, air crews, and the air traffic control system in which they operate.<\/span><\/p>\n<p style=\"text-align: justify;\"><span style=\"color: #000000;\">General aviation uses many of the same procedures as the airlines to achieve a good safety record but the record will not match the airlines for the same reasons that pleasure boating is not as safe as traveling on an ocean liner. The aircraft are different, the pilots are different, and the objectives are different. But just as the diligent and cautious boater can operate safely while recognizing the limitations of his or her craft, so too can general aviation pilots. Pilots who develop and maintain their skills can fly with exceptional safety and derive maximum pleasure from this exciting activity.<\/span><\/p>","protected":false},"excerpt":{"rendered":"<p>&#8220;If You wonder about flight safety You should consider that your helicopter ride may be the safest part of your[&#8230;..]<\/p>\n","protected":false},"author":1,"featured_media":0,"parent":0,"menu_order":0,"comment_status":"closed","ping_status":"closed","template":"template-fullwidth.php","meta":{"_acf_changed":false,"footnotes":""},"class_list":["post-795","page","type-page","status-publish","hentry"],"acf":[],"yoast_head":"<!-- This site is optimized with the Yoast SEO plugin v24.8.1 - https:\/\/yoast.com\/wordpress\/plugins\/seo\/ -->\n<title>Flight safety<\/title>\n<meta name=\"description\" content=\"Flight safety - helicopters and airplanes\" \/>\n<meta name=\"robots\" content=\"index, follow, max-snippet:-1, max-image-preview:large, max-video-preview:-1\" \/>\n<link rel=\"canonical\" href=\"https:\/\/helipoland.com\/bezpieczenstwo\/\" \/>\n<meta property=\"og:locale\" content=\"en_US\" \/>\n<meta property=\"og:type\" content=\"article\" \/>\n<meta property=\"og:title\" content=\"[:pl]Bezpiecze\u0144stwo[:en]Flight safety[:]\" \/>\n<meta property=\"og:description\" content=\"{:pl}Bezpiecze\u0144stwo lot\u00f3w - \u015bmig\u0142owce i samoloty.{:en}Flight safety - helicopters and airplanes{:}\" \/>\n<meta property=\"og:url\" content=\"https:\/\/helipoland.com\/bezpieczenstwo\/\" \/>\n<meta property=\"og:site_name\" content=\"Helipoland.com\" \/>\n<meta property=\"article:modified_time\" content=\"2023-01-16T10:55:32+00:00\" \/>\n<meta property=\"og:image\" content=\"http:\/\/helipoland.com\/wp-content\/uploads\/2015\/04\/2013-07-14_Bergrettung_Bodenschneid_1018-min-737x1024.jpg\" \/>\n<meta name=\"twitter:label1\" content=\"Est. reading time\" \/>\n\t<meta name=\"twitter:data1\" content=\"12 minutes\" \/>\n<script type=\"application\/ld+json\" class=\"yoast-schema-graph\">{\"@context\":\"https:\/\/schema.org\",\"@graph\":[{\"@type\":\"WebPage\",\"@id\":\"https:\/\/helipoland.com\/bezpieczenstwo\/\",\"url\":\"https:\/\/helipoland.com\/bezpieczenstwo\/\",\"name\":\"[:pl]Bezpiecze\u0144stwo[:en]Flight safety[:]\",\"isPartOf\":{\"@id\":\"https:\/\/helipoland.com\/pl\/#website\"},\"primaryImageOfPage\":{\"@id\":\"https:\/\/helipoland.com\/bezpieczenstwo\/#primaryimage\"},\"image\":{\"@id\":\"https:\/\/helipoland.com\/bezpieczenstwo\/#primaryimage\"},\"thumbnailUrl\":\"http:\/\/helipoland.com\/wp-content\/uploads\/2015\/04\/2013-07-14_Bergrettung_Bodenschneid_1018-min-737x1024.jpg\",\"datePublished\":\"2015-04-24T21:23:17+00:00\",\"dateModified\":\"2023-01-16T10:55:32+00:00\",\"description\":\"{:pl}Bezpiecze\u0144stwo lot\u00f3w - \u015bmig\u0142owce i samoloty.{:en}Flight safety - helicopters and airplanes{:}\",\"breadcrumb\":{\"@id\":\"https:\/\/helipoland.com\/bezpieczenstwo\/#breadcrumb\"},\"inLanguage\":\"en-US\",\"potentialAction\":[{\"@type\":\"ReadAction\",\"target\":[\"https:\/\/helipoland.com\/bezpieczenstwo\/\"]}]},{\"@type\":\"ImageObject\",\"inLanguage\":\"en-US\",\"@id\":\"https:\/\/helipoland.com\/bezpieczenstwo\/#primaryimage\",\"url\":\"http:\/\/helipoland.com\/wp-content\/uploads\/2015\/04\/2013-07-14_Bergrettung_Bodenschneid_1018-min-737x1024.jpg\",\"contentUrl\":\"http:\/\/helipoland.com\/wp-content\/uploads\/2015\/04\/2013-07-14_Bergrettung_Bodenschneid_1018-min-737x1024.jpg\"},{\"@type\":\"BreadcrumbList\",\"@id\":\"https:\/\/helipoland.com\/bezpieczenstwo\/#breadcrumb\",\"itemListElement\":[{\"@type\":\"ListItem\",\"position\":1,\"name\":\"Helipoland.com\",\"item\":\"https:\/\/helipoland.com\/pl\/\"},{\"@type\":\"ListItem\",\"position\":2,\"name\":\"Bezpiecze\u0144stwo\"}]},{\"@type\":\"WebSite\",\"@id\":\"https:\/\/helipoland.com\/pl\/#website\",\"url\":\"https:\/\/helipoland.com\/pl\/\",\"name\":\"Helipoland.com\",\"description\":\"Helicopter flights, flying school, air services, helicopters\",\"potentialAction\":[{\"@type\":\"SearchAction\",\"target\":{\"@type\":\"EntryPoint\",\"urlTemplate\":\"https:\/\/helipoland.com\/pl\/?s={search_term_string}\"},\"query-input\":{\"@type\":\"PropertyValueSpecification\",\"valueRequired\":true,\"valueName\":\"search_term_string\"}}],\"inLanguage\":\"en-US\"}]}<\/script>\n<!-- \/ Yoast SEO plugin. -->","yoast_head_json":{"title":"Flight safety","description":"Flight safety - helicopters and airplanes","robots":{"index":"index","follow":"follow","max-snippet":"max-snippet:-1","max-image-preview":"max-image-preview:large","max-video-preview":"max-video-preview:-1"},"canonical":"https:\/\/helipoland.com\/bezpieczenstwo\/","og_locale":"en_US","og_type":"article","og_title":"[:pl]Bezpiecze\u0144stwo[:en]Flight safety[:]","og_description":"{:pl}Bezpiecze\u0144stwo lot\u00f3w - \u015bmig\u0142owce i samoloty.{:en}Flight safety - helicopters and airplanes{:}","og_url":"https:\/\/helipoland.com\/bezpieczenstwo\/","og_site_name":"Helipoland.com","article_modified_time":"2023-01-16T10:55:32+00:00","og_image":[{"url":"http:\/\/helipoland.com\/wp-content\/uploads\/2015\/04\/2013-07-14_Bergrettung_Bodenschneid_1018-min-737x1024.jpg","type":"","width":"","height":""}],"twitter_misc":{"Est. reading time":"12 minutes"},"schema":{"@context":"https:\/\/schema.org","@graph":[{"@type":"WebPage","@id":"https:\/\/helipoland.com\/bezpieczenstwo\/","url":"https:\/\/helipoland.com\/bezpieczenstwo\/","name":"[:pl]Bezpiecze\u0144stwo[:en]Flight safety[:]","isPartOf":{"@id":"https:\/\/helipoland.com\/pl\/#website"},"primaryImageOfPage":{"@id":"https:\/\/helipoland.com\/bezpieczenstwo\/#primaryimage"},"image":{"@id":"https:\/\/helipoland.com\/bezpieczenstwo\/#primaryimage"},"thumbnailUrl":"http:\/\/helipoland.com\/wp-content\/uploads\/2015\/04\/2013-07-14_Bergrettung_Bodenschneid_1018-min-737x1024.jpg","datePublished":"2015-04-24T21:23:17+00:00","dateModified":"2023-01-16T10:55:32+00:00","description":"{:pl}Bezpiecze\u0144stwo lot\u00f3w - \u015bmig\u0142owce i samoloty.{:en}Flight safety - helicopters and airplanes{:}","breadcrumb":{"@id":"https:\/\/helipoland.com\/bezpieczenstwo\/#breadcrumb"},"inLanguage":"en-US","potentialAction":[{"@type":"ReadAction","target":["https:\/\/helipoland.com\/bezpieczenstwo\/"]}]},{"@type":"ImageObject","inLanguage":"en-US","@id":"https:\/\/helipoland.com\/bezpieczenstwo\/#primaryimage","url":"http:\/\/helipoland.com\/wp-content\/uploads\/2015\/04\/2013-07-14_Bergrettung_Bodenschneid_1018-min-737x1024.jpg","contentUrl":"http:\/\/helipoland.com\/wp-content\/uploads\/2015\/04\/2013-07-14_Bergrettung_Bodenschneid_1018-min-737x1024.jpg"},{"@type":"BreadcrumbList","@id":"https:\/\/helipoland.com\/bezpieczenstwo\/#breadcrumb","itemListElement":[{"@type":"ListItem","position":1,"name":"Helipoland.com","item":"https:\/\/helipoland.com\/pl\/"},{"@type":"ListItem","position":2,"name":"Bezpiecze\u0144stwo"}]},{"@type":"WebSite","@id":"https:\/\/helipoland.com\/pl\/#website","url":"https:\/\/helipoland.com\/pl\/","name":"Helipoland.com","description":"Helicopter flights, flying school, air services, helicopters","potentialAction":[{"@type":"SearchAction","target":{"@type":"EntryPoint","urlTemplate":"https:\/\/helipoland.com\/pl\/?s={search_term_string}"},"query-input":{"@type":"PropertyValueSpecification","valueRequired":true,"valueName":"search_term_string"}}],"inLanguage":"en-US"}]}},"_links":{"self":[{"href":"https:\/\/helipoland.com\/en\/wp-json\/wp\/v2\/pages\/795","targetHints":{"allow":["GET"]}}],"collection":[{"href":"https:\/\/helipoland.com\/en\/wp-json\/wp\/v2\/pages"}],"about":[{"href":"https:\/\/helipoland.com\/en\/wp-json\/wp\/v2\/types\/page"}],"author":[{"embeddable":true,"href":"https:\/\/helipoland.com\/en\/wp-json\/wp\/v2\/users\/1"}],"replies":[{"embeddable":true,"href":"https:\/\/helipoland.com\/en\/wp-json\/wp\/v2\/comments?post=795"}],"version-history":[{"count":57,"href":"https:\/\/helipoland.com\/en\/wp-json\/wp\/v2\/pages\/795\/revisions"}],"predecessor-version":[{"id":5737,"href":"https:\/\/helipoland.com\/en\/wp-json\/wp\/v2\/pages\/795\/revisions\/5737"}],"wp:attachment":[{"href":"https:\/\/helipoland.com\/en\/wp-json\/wp\/v2\/media?parent=795"}],"curies":[{"name":"wp","href":"https:\/\/api.w.org\/{rel}","templated":true}]}}