{"id":799,"date":"2015-04-25T14:17:40","date_gmt":"2015-04-25T14:17:40","guid":{"rendered":"http:\/\/helipoland.com\/?page_id=799"},"modified":"2023-10-23T14:39:16","modified_gmt":"2023-10-23T14:39:16","slug":"loty-zapoznawcze-helikopterem-smiglowcem","status":"publish","type":"page","link":"https:\/\/helipoland.com\/en\/szkolenia-pilotow\/loty-zapoznawcze-helikopterem-smiglowcem\/","title":{"rendered":"Introductory flights"},"content":{"rendered":"<h3><span style=\"color: #000000;\"><strong>This is the best opportunity for your own\u00a0attempt to take\u00a0over the controls of the helicopter!<\/strong><\/span><\/h3>\n<p><span style=\"color: #000000;\">Of course, under the guidance of an experienced instructor..<\/span><\/p>\n<p style=\"text-align: justify;\"><span style=\"color: #000000;\">You think about training, but have never been in a helicopter? Don&#8217;t you know if you are able to &#8220;absorb&#8221; all the necessary knowledge on the flight course, you desire to feel helicopter flight controls on your own or don&#8217;t\u00a0know your well-being during the helicopter flight? You are welcome for an introductory flight!<\/span><\/p>\n<p style=\"text-align: justify;\"><span style=\"color: #000000;\"><strong>Minimum familiarization flight time is 30 minutes.<\/strong><\/span><br \/>\n<span style=\"color: #000000;\"><strong>The cost of such a flight in an R 44 helicopter is EUR 540.<\/strong><\/span><br \/>\n<span style=\"color: #000000;\"><strong>The flight can also be booked in the form of an additional paid voucher.<\/strong><\/span><\/p>\n<p style=\"text-align: justify;\"><span style=\"color: #000000;\">During the flight familiarization you will learn the basic and necessary theoretical knowledge and the basic principles of helicopter flight. You will try your skills as a pilot without a medical examination, without any formalities. You can seat as a passenger as well.<\/span><\/p>\n<div id='gallery-3' class='gallery galleryid-799 gallery-columns-3 gallery-size-large'><figure class='gallery-item'>\n\t\t\t<div class='gallery-icon landscape'>\n\t\t\t\t<img loading=\"lazy\" decoding=\"async\" width=\"640\" height=\"427\" src=\"https:\/\/helipoland.com\/wp-content\/uploads\/2015\/04\/zapoznawcze-1-min-1024x683.jpg\" class=\"attachment-large size-large\" alt=\"Loty zapoznawcze smig\u0142owcem\" srcset=\"https:\/\/helipoland.com\/wp-content\/uploads\/2015\/04\/zapoznawcze-1-min-1024x683.jpg 1024w, https:\/\/helipoland.com\/wp-content\/uploads\/2015\/04\/zapoznawcze-1-min-300x200.jpg 300w, https:\/\/helipoland.com\/wp-content\/uploads\/2015\/04\/zapoznawcze-1-min-272x182.jpg 272w\" sizes=\"auto, (max-width: 640px) 100vw, 640px\" \/>\n\t\t\t<\/div><\/figure><figure class='gallery-item'>\n\t\t\t<div class='gallery-icon landscape'>\n\t\t\t\t<img loading=\"lazy\" decoding=\"async\" width=\"640\" height=\"427\" src=\"https:\/\/helipoland.com\/wp-content\/uploads\/2015\/04\/zapoznawcze-2-min-1024x683.jpg\" class=\"attachment-large size-large\" alt=\"Loty zapoznawcze helikopterem\" srcset=\"https:\/\/helipoland.com\/wp-content\/uploads\/2015\/04\/zapoznawcze-2-min-1024x683.jpg 1024w, https:\/\/helipoland.com\/wp-content\/uploads\/2015\/04\/zapoznawcze-2-min-300x200.jpg 300w, https:\/\/helipoland.com\/wp-content\/uploads\/2015\/04\/zapoznawcze-2-min-272x182.jpg 272w\" sizes=\"auto, (max-width: 640px) 100vw, 640px\" \/>\n\t\t\t<\/div><\/figure><figure class='gallery-item'>\n\t\t\t<div class='gallery-icon landscape'>\n\t\t\t\t<img loading=\"lazy\" decoding=\"async\" width=\"640\" height=\"427\" src=\"https:\/\/helipoland.com\/wp-content\/uploads\/2015\/04\/zapoznawcze-3-min-1024x683.jpg\" class=\"attachment-large size-large\" alt=\"Loty zapoznawcze przed kursem\" srcset=\"https:\/\/helipoland.com\/wp-content\/uploads\/2015\/04\/zapoznawcze-3-min-1024x683.jpg 1024w, https:\/\/helipoland.com\/wp-content\/uploads\/2015\/04\/zapoznawcze-3-min-300x200.jpg 300w, https:\/\/helipoland.com\/wp-content\/uploads\/2015\/04\/zapoznawcze-3-min-272x182.jpg 272w\" sizes=\"auto, (max-width: 640px) 100vw, 640px\" \/>\n\t\t\t<\/div><\/figure>\n\t\t<\/div>\n\n<p style=\"text-align: center;\"><a href=\"#contact-form-begin\" class=\"su-button su-button-style- got_to_form\" style=\"color:#FFFFFF;background-color:#2D89EF;border-color:#246ec0;border-radius:0px\" target=\"_self\"><span style=\"color:#FFFFFF;padding:0px 34px;font-size:25px;line-height:50px;border-color:#6cadf4;border-radius:0px;text-shadow:none\"> Ask for training<\/span><\/a>\n<p style=\"text-align: justify; margin-top: 40px;\"><span style=\"color: #000000;\">Learning to fly a helicopter is a magical experience and HeliPoland.com can make your dream of flying come true. In HeliPoland.com we conduct introductory flights\u00a0and teach\u00a0flying in many places in the country, 7 days a week, day and night. HeliPoland.com\u00a0can provide students with all the helicopter training requirements you may have. We offer a complete career path from training for your PPL(H) Licence (Private Pilot\u2019s Licence) to training to gain your CPL(H) licence (Commercial Helicopter Pilot\u2019s Licence).<\/span><\/p>\n<p style=\"text-align: justify;\"><span style=\"color: #000000;\">After short (as you wish) theoretical introduction\u00a0with subjects such as meteorology, rules of the air, communication and preparation of helicopter for flight, you will be able to take controls of the helicopter and accompanied by an instructor experience an introductory flight. If you like it and want to continue to flight course, you can take out a series of further lessons or start a full course to a private pilot&#8217;s license (PPL) or commercial pilot license (CPL).<\/span><\/p>\n<p style=\"text-align: justify;\"><span style=\"color: #000000;\">To participate in the introductory flight\u00a0should arrange an appointment by contacting us by telephone or by completing the contact form. Term and place of\u00a0the introductory flight or full training is determined individually. Available dates are subject to weather conditions and availability of helicopters.<\/span><\/p>\n<div id='gallery-4' class='gallery galleryid-799 gallery-columns-3 gallery-size-large'><figure class='gallery-item'>\n\t\t\t<div class='gallery-icon portrait'>\n\t\t\t\t<img loading=\"lazy\" decoding=\"async\" width=\"640\" height=\"960\" src=\"https:\/\/helipoland.com\/wp-content\/uploads\/2015\/04\/15pa\u017adziernik_heli_III_0580-min-683x1024.jpg\" class=\"attachment-large size-large\" alt=\"Loty zapoznawcze\" srcset=\"https:\/\/helipoland.com\/wp-content\/uploads\/2015\/04\/15pa\u017adziernik_heli_III_0580-min-683x1024.jpg 683w, https:\/\/helipoland.com\/wp-content\/uploads\/2015\/04\/15pa\u017adziernik_heli_III_0580-min-200x300.jpg 200w\" sizes=\"auto, (max-width: 640px) 100vw, 640px\" \/>\n\t\t\t<\/div><\/figure><figure class='gallery-item'>\n\t\t\t<div class='gallery-icon portrait'>\n\t\t\t\t<img loading=\"lazy\" decoding=\"async\" width=\"640\" height=\"960\" src=\"https:\/\/helipoland.com\/wp-content\/uploads\/2015\/04\/15pa\u017adziernik_heli_III_0138-min-683x1024.jpg\" class=\"attachment-large size-large\" alt=\"Loty zapoznawcze w HeliPoland.com\" srcset=\"https:\/\/helipoland.com\/wp-content\/uploads\/2015\/04\/15pa\u017adziernik_heli_III_0138-min-683x1024.jpg 683w, https:\/\/helipoland.com\/wp-content\/uploads\/2015\/04\/15pa\u017adziernik_heli_III_0138-min-200x300.jpg 200w\" sizes=\"auto, (max-width: 640px) 100vw, 640px\" \/>\n\t\t\t<\/div><\/figure><figure class='gallery-item'>\n\t\t\t<div class='gallery-icon portrait'>\n\t\t\t\t<img loading=\"lazy\" decoding=\"async\" width=\"640\" height=\"960\" src=\"https:\/\/helipoland.com\/wp-content\/uploads\/2015\/11\/15pa\u017adziernik_heli_III_0157-min-683x1024.jpg\" class=\"attachment-large size-large\" alt=\"Loty zapoznawcze i nauka latania\" srcset=\"https:\/\/helipoland.com\/wp-content\/uploads\/2015\/11\/15pa\u017adziernik_heli_III_0157-min-683x1024.jpg 683w, https:\/\/helipoland.com\/wp-content\/uploads\/2015\/11\/15pa\u017adziernik_heli_III_0157-min-200x300.jpg 200w\" sizes=\"auto, (max-width: 640px) 100vw, 640px\" \/>\n\t\t\t<\/div><\/figure>\n\t\t<\/div>","protected":false},"excerpt":{"rendered":"<p>This is the best opportunity for your own\u00a0attempt to take\u00a0over the controls of the helicopter! Of course, under the guidance[&#8230;..]<\/p>\n","protected":false},"author":1,"featured_media":0,"parent":408,"menu_order":0,"comment_status":"closed","ping_status":"closed","template":"template-fullwidth-with-form.php","meta":{"_acf_changed":false,"footnotes":""},"class_list":["post-799","page","type-page","status-publish","hentry"],"acf":[],"yoast_head":"<!-- This site is optimized with the Yoast SEO plugin v24.8.1 - https:\/\/yoast.com\/wordpress\/plugins\/seo\/ -->\n<title>Helicopter introductory flights<\/title>\n<meta name=\"description\" content=\"Helicopter introductory flights by helicopter. Private helicopter pilot license PPL (H), helicopter pilot license.\" \/>\n<meta name=\"robots\" content=\"index, follow, max-snippet:-1, max-image-preview:large, max-video-preview:-1\" \/>\n<link rel=\"canonical\" href=\"https:\/\/helipoland.com\/szkolenia-pilotow\/loty-zapoznawcze-helikopterem-smiglowcem\/\" \/>\n<meta property=\"og:locale\" content=\"en_US\" \/>\n<meta property=\"og:type\" content=\"article\" \/>\n<meta property=\"og:title\" content=\"[:pl]Loty zapoznawcze helikopterem - Helipoland.com[:en]Helicopter introductory flights[:]\" \/>\n<meta property=\"og:description\" content=\"{:pl}Przeloty zapoznawcze \u015bmig\u0142owcem pod okiem do\u015bwiadczonego instruktora. Zapanuj nad sterami helikoptera. Firma Helipoland serdecznie zaprasza!{:en}Helicopter introductory flights by helicopter. Private helicopter pilot license PPL (H), helicopter pilot license.{:}\" \/>\n<meta property=\"og:url\" content=\"https:\/\/helipoland.com\/szkolenia-pilotow\/loty-zapoznawcze-helikopterem-smiglowcem\/\" \/>\n<meta property=\"og:site_name\" content=\"Helipoland.com\" \/>\n<meta property=\"article:modified_time\" content=\"2023-10-23T14:39:16+00:00\" \/>\n<meta property=\"og:image\" content=\"https:\/\/helipoland.com\/wp-content\/uploads\/2015\/04\/zapoznawcze-1-min-1024x683.jpg\" \/>\n<meta name=\"twitter:label1\" content=\"Est. reading time\" \/>\n\t<meta name=\"twitter:data1\" content=\"5 minutes\" \/>\n<script type=\"application\/ld+json\" class=\"yoast-schema-graph\">{\"@context\":\"https:\/\/schema.org\",\"@graph\":[{\"@type\":\"WebPage\",\"@id\":\"https:\/\/helipoland.com\/szkolenia-pilotow\/loty-zapoznawcze-helikopterem-smiglowcem\/\",\"url\":\"https:\/\/helipoland.com\/szkolenia-pilotow\/loty-zapoznawcze-helikopterem-smiglowcem\/\",\"name\":\"[:pl]Loty zapoznawcze helikopterem - Helipoland.com[:en]Helicopter introductory flights[:]\",\"isPartOf\":{\"@id\":\"https:\/\/helipoland.com\/pl\/#website\"},\"datePublished\":\"2015-04-25T14:17:40+00:00\",\"dateModified\":\"2023-10-23T14:39:16+00:00\",\"description\":\"{:pl}Przeloty zapoznawcze \u015bmig\u0142owcem pod okiem do\u015bwiadczonego instruktora. Zapanuj nad sterami helikoptera. Firma Helipoland serdecznie zaprasza!{:en}Helicopter introductory flights by helicopter. Private helicopter pilot license PPL (H), helicopter pilot license.{:}\",\"breadcrumb\":{\"@id\":\"https:\/\/helipoland.com\/szkolenia-pilotow\/loty-zapoznawcze-helikopterem-smiglowcem\/#breadcrumb\"},\"inLanguage\":\"en-US\",\"potentialAction\":[{\"@type\":\"ReadAction\",\"target\":[\"https:\/\/helipoland.com\/szkolenia-pilotow\/loty-zapoznawcze-helikopterem-smiglowcem\/\"]}]},{\"@type\":\"BreadcrumbList\",\"@id\":\"https:\/\/helipoland.com\/szkolenia-pilotow\/loty-zapoznawcze-helikopterem-smiglowcem\/#breadcrumb\",\"itemListElement\":[{\"@type\":\"ListItem\",\"position\":1,\"name\":\"Helipoland.com\",\"item\":\"https:\/\/helipoland.com\/pl\/\"},{\"@type\":\"ListItem\",\"position\":2,\"name\":\"Szkolenia pilot\u00f3w\",\"item\":\"https:\/\/helipoland.com\/szkolenia-pilotow\/\"},{\"@type\":\"ListItem\",\"position\":3,\"name\":\"Loty zapoznawcze \u015bmig\u0142owcem\"}]},{\"@type\":\"WebSite\",\"@id\":\"https:\/\/helipoland.com\/pl\/#website\",\"url\":\"https:\/\/helipoland.com\/pl\/\",\"name\":\"Helipoland.com\",\"description\":\"Helicopter flights, flying school, air services, helicopters\",\"potentialAction\":[{\"@type\":\"SearchAction\",\"target\":{\"@type\":\"EntryPoint\",\"urlTemplate\":\"https:\/\/helipoland.com\/pl\/?s={search_term_string}\"},\"query-input\":{\"@type\":\"PropertyValueSpecification\",\"valueRequired\":true,\"valueName\":\"search_term_string\"}}],\"inLanguage\":\"en-US\"}]}<\/script>\n<!-- \/ Yoast SEO plugin. -->","yoast_head_json":{"title":"Helicopter introductory flights","description":"Helicopter introductory flights by helicopter. Private helicopter pilot license PPL (H), helicopter pilot license.","robots":{"index":"index","follow":"follow","max-snippet":"max-snippet:-1","max-image-preview":"max-image-preview:large","max-video-preview":"max-video-preview:-1"},"canonical":"https:\/\/helipoland.com\/szkolenia-pilotow\/loty-zapoznawcze-helikopterem-smiglowcem\/","og_locale":"en_US","og_type":"article","og_title":"[:pl]Loty zapoznawcze helikopterem - Helipoland.com[:en]Helicopter introductory flights[:]","og_description":"{:pl}Przeloty zapoznawcze \u015bmig\u0142owcem pod okiem do\u015bwiadczonego instruktora. Zapanuj nad sterami helikoptera. Firma Helipoland serdecznie zaprasza!{:en}Helicopter introductory flights by helicopter. Private helicopter pilot license PPL (H), helicopter pilot license.{:}","og_url":"https:\/\/helipoland.com\/szkolenia-pilotow\/loty-zapoznawcze-helikopterem-smiglowcem\/","og_site_name":"Helipoland.com","article_modified_time":"2023-10-23T14:39:16+00:00","og_image":[{"url":"https:\/\/helipoland.com\/wp-content\/uploads\/2015\/04\/zapoznawcze-1-min-1024x683.jpg","type":"","width":"","height":""}],"twitter_misc":{"Est. reading time":"5 minutes"},"schema":{"@context":"https:\/\/schema.org","@graph":[{"@type":"WebPage","@id":"https:\/\/helipoland.com\/szkolenia-pilotow\/loty-zapoznawcze-helikopterem-smiglowcem\/","url":"https:\/\/helipoland.com\/szkolenia-pilotow\/loty-zapoznawcze-helikopterem-smiglowcem\/","name":"[:pl]Loty zapoznawcze helikopterem - Helipoland.com[:en]Helicopter introductory flights[:]","isPartOf":{"@id":"https:\/\/helipoland.com\/pl\/#website"},"datePublished":"2015-04-25T14:17:40+00:00","dateModified":"2023-10-23T14:39:16+00:00","description":"{:pl}Przeloty zapoznawcze \u015bmig\u0142owcem pod okiem do\u015bwiadczonego instruktora. Zapanuj nad sterami helikoptera. Firma Helipoland serdecznie zaprasza!{:en}Helicopter introductory flights by helicopter. Private helicopter pilot license PPL (H), helicopter pilot license.{:}","breadcrumb":{"@id":"https:\/\/helipoland.com\/szkolenia-pilotow\/loty-zapoznawcze-helikopterem-smiglowcem\/#breadcrumb"},"inLanguage":"en-US","potentialAction":[{"@type":"ReadAction","target":["https:\/\/helipoland.com\/szkolenia-pilotow\/loty-zapoznawcze-helikopterem-smiglowcem\/"]}]},{"@type":"BreadcrumbList","@id":"https:\/\/helipoland.com\/szkolenia-pilotow\/loty-zapoznawcze-helikopterem-smiglowcem\/#breadcrumb","itemListElement":[{"@type":"ListItem","position":1,"name":"Helipoland.com","item":"https:\/\/helipoland.com\/pl\/"},{"@type":"ListItem","position":2,"name":"Szkolenia pilot\u00f3w","item":"https:\/\/helipoland.com\/szkolenia-pilotow\/"},{"@type":"ListItem","position":3,"name":"Loty zapoznawcze \u015bmig\u0142owcem"}]},{"@type":"WebSite","@id":"https:\/\/helipoland.com\/pl\/#website","url":"https:\/\/helipoland.com\/pl\/","name":"Helipoland.com","description":"Helicopter flights, flying school, air services, helicopters","potentialAction":[{"@type":"SearchAction","target":{"@type":"EntryPoint","urlTemplate":"https:\/\/helipoland.com\/pl\/?s={search_term_string}"},"query-input":{"@type":"PropertyValueSpecification","valueRequired":true,"valueName":"search_term_string"}}],"inLanguage":"en-US"}]}},"_links":{"self":[{"href":"https:\/\/helipoland.com\/en\/wp-json\/wp\/v2\/pages\/799","targetHints":{"allow":["GET"]}}],"collection":[{"href":"https:\/\/helipoland.com\/en\/wp-json\/wp\/v2\/pages"}],"about":[{"href":"https:\/\/helipoland.com\/en\/wp-json\/wp\/v2\/types\/page"}],"author":[{"embeddable":true,"href":"https:\/\/helipoland.com\/en\/wp-json\/wp\/v2\/users\/1"}],"replies":[{"embeddable":true,"href":"https:\/\/helipoland.com\/en\/wp-json\/wp\/v2\/comments?post=799"}],"version-history":[{"count":57,"href":"https:\/\/helipoland.com\/en\/wp-json\/wp\/v2\/pages\/799\/revisions"}],"predecessor-version":[{"id":5928,"href":"https:\/\/helipoland.com\/en\/wp-json\/wp\/v2\/pages\/799\/revisions\/5928"}],"up":[{"embeddable":true,"href":"https:\/\/helipoland.com\/en\/wp-json\/wp\/v2\/pages\/408"}],"wp:attachment":[{"href":"https:\/\/helipoland.com\/en\/wp-json\/wp\/v2\/media?parent=799"}],"curies":[{"name":"wp","href":"https:\/\/api.w.org\/{rel}","templated":true}]}}