{"id":914,"date":"2015-09-18T10:29:42","date_gmt":"2015-09-18T10:29:42","guid":{"rendered":"http:\/\/helipoland.com\/?page_id=914"},"modified":"2023-01-23T12:28:50","modified_gmt":"2023-01-23T12:28:50","slug":"uprawnienie-instruktora-smiglowcowego-fih","status":"publish","type":"page","link":"https:\/\/helipoland.com\/en\/szkolenia-pilotow\/uprawnienie-instruktora-smiglowcowego-fih\/","title":{"rendered":"Flight Instructor Rating (Helicopter) FI(H)"},"content":{"rendered":"<hr \/>\n<p style=\"text-align: justify;\"><span style=\"color: #000000;\">Teaching others to fly is both challenging and rewarding, and completing the course is a great achievement. It can much easier open the doors to a full time career in flying helicopters by building up hours quickly moving into varied sectors of the industry all over the world. The Flight Instructor Rating (Helicopter) FI(H)\u00a0course covers all aspects of teaching theory, which includes the teaching and learning process, critique and evaluation and techniques of flight instruction, as well as the practical elements.<\/span><\/p>\n<p style=\"text-align: justify;\"><span style=\"color: #000000;\">Once you have obtained your CPL(H), you may choose to get your instructor rating. This is also possible with PPL(H) if CPL(H) theoretical exams are passed. In both cases you must have completed minimum 250 hours of flight on helicopters of which minimum 100 hours PIC is required for CPL(H) holder and minimum 200 hours PIC for PPL(H) holder.<\/span><\/p>\n<p style=\"text-align: justify;\"><span style=\"color: #000000;\">Helipoland.com brand new EASA FI(H) course comprises a minimum of 30 hours flight time and at least 125 hours theoretical knowledge instruction (including 25 hours of teaching and learning instruction). The course is scheduled and placed to personal demands. In period of 6 moths before FI(H) training begin a check flight is obligatory with instructor rated according to FCL.905.FI i).<\/span><\/p>\n<p style=\"text-align: justify;\"><span style=\"color: #000000;\">Instructing is a rewarding career and can also compliment commercial charter work giving a balanced variety of flying roles. Helipoland.com is consistently recruiting new instructors to train students who are self-funding their training. Newly qualified FI&#8217;s may have their first &#8220;break&#8221; in the industry working with us, adding valuable experience to their FI(H) certificate.<\/span><\/p>","protected":false},"excerpt":{"rendered":"<p>Teaching others to fly is both challenging and rewarding, and completing the course is a great achievement. It can much[&#8230;..]<\/p>\n","protected":false},"author":1,"featured_media":0,"parent":408,"menu_order":0,"comment_status":"closed","ping_status":"closed","template":"template-fullwidth-with-form.php","meta":{"_acf_changed":false,"footnotes":""},"class_list":["post-914","page","type-page","status-publish","hentry"],"acf":[],"yoast_head":"<!-- This site is optimized with the Yoast SEO plugin v24.8.1 - https:\/\/yoast.com\/wordpress\/plugins\/seo\/ -->\n<title>Flight Instructor Rating (Helicopter) FI(H)<\/title>\n<meta name=\"description\" content=\"Flight Instructor Rating (Helicopter) FI(H)\" \/>\n<meta name=\"robots\" content=\"index, follow, max-snippet:-1, max-image-preview:large, max-video-preview:-1\" \/>\n<link rel=\"canonical\" href=\"https:\/\/helipoland.com\/szkolenia-pilotow\/uprawnienie-instruktora-smiglowcowego-fih\/\" \/>\n<meta property=\"og:locale\" content=\"en_US\" \/>\n<meta property=\"og:type\" content=\"article\" \/>\n<meta property=\"og:title\" content=\"[:pl]Uprawnienie instruktora \u015bmig\u0142owcowego FI(H)[:en]Flight Instructor Rating (Helicopter) FI(H)[:]\" \/>\n<meta property=\"og:description\" content=\"{:pl}Uprawnienie instruktora \u015bmig\u0142owcowego FI(H){:en}Flight Instructor Rating (Helicopter) FI(H){:}\" \/>\n<meta property=\"og:url\" content=\"https:\/\/helipoland.com\/szkolenia-pilotow\/uprawnienie-instruktora-smiglowcowego-fih\/\" \/>\n<meta property=\"og:site_name\" content=\"Helipoland.com\" \/>\n<meta property=\"article:modified_time\" content=\"2023-01-23T12:28:50+00:00\" \/>\n<meta name=\"twitter:label1\" content=\"Est. reading time\" \/>\n\t<meta name=\"twitter:data1\" content=\"4 minutes\" \/>\n<script type=\"application\/ld+json\" class=\"yoast-schema-graph\">{\"@context\":\"https:\/\/schema.org\",\"@graph\":[{\"@type\":\"WebPage\",\"@id\":\"https:\/\/helipoland.com\/szkolenia-pilotow\/uprawnienie-instruktora-smiglowcowego-fih\/\",\"url\":\"https:\/\/helipoland.com\/szkolenia-pilotow\/uprawnienie-instruktora-smiglowcowego-fih\/\",\"name\":\"[:pl]Uprawnienie instruktora \u015bmig\u0142owcowego FI(H)[:en]Flight Instructor Rating (Helicopter) FI(H)[:]\",\"isPartOf\":{\"@id\":\"https:\/\/helipoland.com\/pl\/#website\"},\"datePublished\":\"2015-09-18T10:29:42+00:00\",\"dateModified\":\"2023-01-23T12:28:50+00:00\",\"description\":\"{:pl}Uprawnienie instruktora \u015bmig\u0142owcowego FI(H){:en}Flight Instructor Rating (Helicopter) FI(H){:}\",\"breadcrumb\":{\"@id\":\"https:\/\/helipoland.com\/szkolenia-pilotow\/uprawnienie-instruktora-smiglowcowego-fih\/#breadcrumb\"},\"inLanguage\":\"en-US\",\"potentialAction\":[{\"@type\":\"ReadAction\",\"target\":[\"https:\/\/helipoland.com\/szkolenia-pilotow\/uprawnienie-instruktora-smiglowcowego-fih\/\"]}]},{\"@type\":\"BreadcrumbList\",\"@id\":\"https:\/\/helipoland.com\/szkolenia-pilotow\/uprawnienie-instruktora-smiglowcowego-fih\/#breadcrumb\",\"itemListElement\":[{\"@type\":\"ListItem\",\"position\":1,\"name\":\"Helipoland.com\",\"item\":\"https:\/\/helipoland.com\/pl\/\"},{\"@type\":\"ListItem\",\"position\":2,\"name\":\"Szkolenia pilot\u00f3w\",\"item\":\"https:\/\/helipoland.com\/szkolenia-pilotow\/\"},{\"@type\":\"ListItem\",\"position\":3,\"name\":\"Uprawnienie instruktora \u015bmig\u0142owcowego FI(H)\"}]},{\"@type\":\"WebSite\",\"@id\":\"https:\/\/helipoland.com\/pl\/#website\",\"url\":\"https:\/\/helipoland.com\/pl\/\",\"name\":\"Helipoland.com\",\"description\":\"Helicopter flights, flying school, air services, helicopters\",\"potentialAction\":[{\"@type\":\"SearchAction\",\"target\":{\"@type\":\"EntryPoint\",\"urlTemplate\":\"https:\/\/helipoland.com\/pl\/?s={search_term_string}\"},\"query-input\":{\"@type\":\"PropertyValueSpecification\",\"valueRequired\":true,\"valueName\":\"search_term_string\"}}],\"inLanguage\":\"en-US\"}]}<\/script>\n<!-- \/ Yoast SEO plugin. -->","yoast_head_json":{"title":"Flight Instructor Rating (Helicopter) FI(H)","description":"Flight Instructor Rating (Helicopter) FI(H)","robots":{"index":"index","follow":"follow","max-snippet":"max-snippet:-1","max-image-preview":"max-image-preview:large","max-video-preview":"max-video-preview:-1"},"canonical":"https:\/\/helipoland.com\/szkolenia-pilotow\/uprawnienie-instruktora-smiglowcowego-fih\/","og_locale":"en_US","og_type":"article","og_title":"[:pl]Uprawnienie instruktora \u015bmig\u0142owcowego FI(H)[:en]Flight Instructor Rating (Helicopter) FI(H)[:]","og_description":"{:pl}Uprawnienie instruktora \u015bmig\u0142owcowego FI(H){:en}Flight Instructor Rating (Helicopter) FI(H){:}","og_url":"https:\/\/helipoland.com\/szkolenia-pilotow\/uprawnienie-instruktora-smiglowcowego-fih\/","og_site_name":"Helipoland.com","article_modified_time":"2023-01-23T12:28:50+00:00","twitter_misc":{"Est. reading time":"4 minutes"},"schema":{"@context":"https:\/\/schema.org","@graph":[{"@type":"WebPage","@id":"https:\/\/helipoland.com\/szkolenia-pilotow\/uprawnienie-instruktora-smiglowcowego-fih\/","url":"https:\/\/helipoland.com\/szkolenia-pilotow\/uprawnienie-instruktora-smiglowcowego-fih\/","name":"[:pl]Uprawnienie instruktora \u015bmig\u0142owcowego FI(H)[:en]Flight Instructor Rating (Helicopter) FI(H)[:]","isPartOf":{"@id":"https:\/\/helipoland.com\/pl\/#website"},"datePublished":"2015-09-18T10:29:42+00:00","dateModified":"2023-01-23T12:28:50+00:00","description":"{:pl}Uprawnienie instruktora \u015bmig\u0142owcowego FI(H){:en}Flight Instructor Rating (Helicopter) FI(H){:}","breadcrumb":{"@id":"https:\/\/helipoland.com\/szkolenia-pilotow\/uprawnienie-instruktora-smiglowcowego-fih\/#breadcrumb"},"inLanguage":"en-US","potentialAction":[{"@type":"ReadAction","target":["https:\/\/helipoland.com\/szkolenia-pilotow\/uprawnienie-instruktora-smiglowcowego-fih\/"]}]},{"@type":"BreadcrumbList","@id":"https:\/\/helipoland.com\/szkolenia-pilotow\/uprawnienie-instruktora-smiglowcowego-fih\/#breadcrumb","itemListElement":[{"@type":"ListItem","position":1,"name":"Helipoland.com","item":"https:\/\/helipoland.com\/pl\/"},{"@type":"ListItem","position":2,"name":"Szkolenia pilot\u00f3w","item":"https:\/\/helipoland.com\/szkolenia-pilotow\/"},{"@type":"ListItem","position":3,"name":"Uprawnienie instruktora \u015bmig\u0142owcowego FI(H)"}]},{"@type":"WebSite","@id":"https:\/\/helipoland.com\/pl\/#website","url":"https:\/\/helipoland.com\/pl\/","name":"Helipoland.com","description":"Helicopter flights, flying school, air services, helicopters","potentialAction":[{"@type":"SearchAction","target":{"@type":"EntryPoint","urlTemplate":"https:\/\/helipoland.com\/pl\/?s={search_term_string}"},"query-input":{"@type":"PropertyValueSpecification","valueRequired":true,"valueName":"search_term_string"}}],"inLanguage":"en-US"}]}},"_links":{"self":[{"href":"https:\/\/helipoland.com\/en\/wp-json\/wp\/v2\/pages\/914","targetHints":{"allow":["GET"]}}],"collection":[{"href":"https:\/\/helipoland.com\/en\/wp-json\/wp\/v2\/pages"}],"about":[{"href":"https:\/\/helipoland.com\/en\/wp-json\/wp\/v2\/types\/page"}],"author":[{"embeddable":true,"href":"https:\/\/helipoland.com\/en\/wp-json\/wp\/v2\/users\/1"}],"replies":[{"embeddable":true,"href":"https:\/\/helipoland.com\/en\/wp-json\/wp\/v2\/comments?post=914"}],"version-history":[{"count":8,"href":"https:\/\/helipoland.com\/en\/wp-json\/wp\/v2\/pages\/914\/revisions"}],"predecessor-version":[{"id":5815,"href":"https:\/\/helipoland.com\/en\/wp-json\/wp\/v2\/pages\/914\/revisions\/5815"}],"up":[{"embeddable":true,"href":"https:\/\/helipoland.com\/en\/wp-json\/wp\/v2\/pages\/408"}],"wp:attachment":[{"href":"https:\/\/helipoland.com\/en\/wp-json\/wp\/v2\/media?parent=914"}],"curies":[{"name":"wp","href":"https:\/\/api.w.org\/{rel}","templated":true}]}}