{"id":919,"date":"2015-09-19T21:14:02","date_gmt":"2015-09-19T21:14:02","guid":{"rendered":"http:\/\/helipoland.com\/?page_id=919"},"modified":"2023-01-23T12:24:42","modified_gmt":"2023-01-23T12:24:42","slug":"uprawnienie-do-lotow-wedlug-wskazan-przyrzadow-irh","status":"publish","type":"page","link":"https:\/\/helipoland.com\/en\/szkolenia-pilotow\/uprawnienie-do-lotow-wedlug-wskazan-przyrzadow-irh\/","title":{"rendered":"Instrument Rating IR(H)"},"content":{"rendered":"<hr \/>\n<p style=\"text-align: justify;\"><span style=\"color: #000000;\">The Instrument Rating IR(H) is one of the most demanding courses in the world of aviation. An Instrument Rating is required for all commercial offshore operations, however more and more onshore operators are insisting that prospective employees hold an IR for example HEMS (Helicopter Emergency Medical Services).<\/span><\/p>\n<p style=\"text-align: justify;\"><span style=\"color: #000000;\">The IR(H) is in accordance with Part FCL.600 and appendix 6 to Part FCL. The privileges of a holder of an IR are to fly aircraft under IFR with a minimum decision height of 200 feet (60 m). In the case of a multi-engine IR, these privileges may be extended to decision heights lower than 200 feet. Instrument Rating course IR(H) consists of 50 hours of practical training for single engine helicopters and 55 hours for multi-engine. The instrument flight instruction shall include at least 10 hours in an IFR-certificated helicopter. Prior to commencing the course, applicants should hold appropriate Type Rating qualification for helicopter used in training. Otherwise this type rating qualification must be done together with IR(H) course.<\/span><\/p>\n<p style=\"text-align: justify;\"><span style=\"color: #000000;\">Applicants for an IR shall:<\/span><\/p>\n<p style=\"text-align: justify;\"><span style=\"color: #000000;\">a) hold:<\/span><\/p>\n<p style=\"text-align: justify;\"><span style=\"color: #000000;\">(1) at least a PPL in the appropriate aircraft category, and: (i) the privileges to fly at night in accordance with FCL.810; or (ii) an ATPL in another category of aircraft; or<\/span><\/p>\n<p style=\"text-align: justify;\"><span style=\"color: #000000;\">(2) a CPL, in the appropriate aircraft category;<\/span><\/p>\n<p style=\"text-align: justify;\"><span style=\"color: #000000;\">b) have completed at least 50 hours of cross-country flight time as PIC in aeroplanes, helicopters or airships of which at least 10 or, in the case of airships, 20 hours shall be in the relevant aircraft category.<\/span><\/p>\n<p style=\"text-align: justify;\"><span style=\"color: #000000;\">c) Helicopters only. Applicants who have completed an ATP(H)\/IR, ATP(H), CPL(H)\/IR or CPL(H) integrated training course shall be exempted from the requirement in (b).<\/span><\/p>\n<p style=\"text-align: justify;\"><span style=\"color: #000000;\">An approved modular IR(H) course shall comprise at least 150 hours of instruction.<\/span><\/p>\n<p style=\"text-align: justify;\"><span style=\"color: #000000;\">The flying exercises up to the IR(H) skill test shall comprise:<\/span><\/p>\n<p style=\"text-align: justify;\"><span style=\"color: #000000;\">(a) pre-flight procedures for IFR flights, including the use of the flight manual and appropriate air traffic services documents in the preparation of an IFR flight plan;<\/span><\/p>\n<p style=\"text-align: justify;\"><span style=\"color: #000000;\">(b) procedure and manoeuvres for IFR operation under normal, abnormal and emergency conditions covering at least:<\/span><\/p>\n<p style=\"text-align: justify;\"><span style=\"color: #000000;\">transition from visual to instrument flight on takeoff,\u00a0standard instrument departures and arrivals,\u00a0en-route IFR procedures,\u00a0holding procedures,\u00a0instrument approaches to specified minima,\u00a0missed approach procedures,\u00a0landings from instrument approaches, including circling;<\/span><\/p>\n<p style=\"text-align: justify;\"><span style=\"color: #000000;\">(c) in-flight manoeuvres and particular flight characteristics;<\/span><\/p>\n<p style=\"text-align: justify;\"><span style=\"color: #000000;\">(d) if required, operation of a multi-engine helicopter in the above exercises, including operation of the helicopter solely by reference to instruments with one engine simulated inoperative and engine shutdown and restart (the latter exercise to be carried out in an FFS or FNPT II or FTD 2\/3).<\/span><\/p>","protected":false},"excerpt":{"rendered":"<p>The Instrument Rating IR(H) is one of the most demanding courses in the world of aviation. An Instrument Rating is[&#8230;..]<\/p>\n","protected":false},"author":1,"featured_media":0,"parent":408,"menu_order":0,"comment_status":"closed","ping_status":"closed","template":"template-fullwidth-with-form.php","meta":{"_acf_changed":false,"footnotes":""},"class_list":["post-919","page","type-page","status-publish","hentry"],"acf":[],"yoast_head":"<!-- This site is optimized with the Yoast SEO plugin v24.8.1 - https:\/\/yoast.com\/wordpress\/plugins\/seo\/ -->\n<title>Instrument Rating IR(H)<\/title>\n<meta name=\"description\" content=\"Instrument Rating IR(H)\" \/>\n<meta name=\"robots\" content=\"index, follow, max-snippet:-1, max-image-preview:large, max-video-preview:-1\" \/>\n<link rel=\"canonical\" href=\"https:\/\/helipoland.com\/szkolenia-pilotow\/uprawnienie-do-lotow-wedlug-wskazan-przyrzadow-irh\/\" \/>\n<meta property=\"og:locale\" content=\"en_US\" \/>\n<meta property=\"og:type\" content=\"article\" \/>\n<meta property=\"og:title\" content=\"[:pl]Uprawnienie do lot\u00f3w wed\u0142ug wskaza\u0144 przyrz\u0105d\u00f3w IR(H)[:en]Instrument Rating IR(H)[:]\" \/>\n<meta property=\"og:description\" content=\"{:pl}Uprawnienie do lot\u00f3w wed\u0142ug wskaza\u0144 przyrz\u0105d\u00f3w IR(H){:en}Instrument Rating IR(H){:}\" \/>\n<meta property=\"og:url\" content=\"https:\/\/helipoland.com\/szkolenia-pilotow\/uprawnienie-do-lotow-wedlug-wskazan-przyrzadow-irh\/\" \/>\n<meta property=\"og:site_name\" content=\"Helipoland.com\" \/>\n<meta property=\"article:modified_time\" content=\"2023-01-23T12:24:42+00:00\" \/>\n<meta property=\"og:image\" content=\"http:\/\/helipoland.com\/wp-content\/uploads\/2015\/10\/Cockpit11169-min-1024x768.jpg\" \/>\n<meta name=\"twitter:label1\" content=\"Est. reading time\" \/>\n\t<meta name=\"twitter:data1\" content=\"7 minutes\" \/>\n<script type=\"application\/ld+json\" class=\"yoast-schema-graph\">{\"@context\":\"https:\/\/schema.org\",\"@graph\":[{\"@type\":\"WebPage\",\"@id\":\"https:\/\/helipoland.com\/szkolenia-pilotow\/uprawnienie-do-lotow-wedlug-wskazan-przyrzadow-irh\/\",\"url\":\"https:\/\/helipoland.com\/szkolenia-pilotow\/uprawnienie-do-lotow-wedlug-wskazan-przyrzadow-irh\/\",\"name\":\"[:pl]Uprawnienie do lot\u00f3w wed\u0142ug wskaza\u0144 przyrz\u0105d\u00f3w IR(H)[:en]Instrument Rating IR(H)[:]\",\"isPartOf\":{\"@id\":\"https:\/\/helipoland.com\/pl\/#website\"},\"primaryImageOfPage\":{\"@id\":\"https:\/\/helipoland.com\/szkolenia-pilotow\/uprawnienie-do-lotow-wedlug-wskazan-przyrzadow-irh\/#primaryimage\"},\"image\":{\"@id\":\"https:\/\/helipoland.com\/szkolenia-pilotow\/uprawnienie-do-lotow-wedlug-wskazan-przyrzadow-irh\/#primaryimage\"},\"thumbnailUrl\":\"http:\/\/helipoland.com\/wp-content\/uploads\/2015\/10\/Cockpit11169-min-1024x768.jpg\",\"datePublished\":\"2015-09-19T21:14:02+00:00\",\"dateModified\":\"2023-01-23T12:24:42+00:00\",\"description\":\"{:pl}Uprawnienie do lot\u00f3w wed\u0142ug wskaza\u0144 przyrz\u0105d\u00f3w IR(H){:en}Instrument Rating IR(H){:}\",\"breadcrumb\":{\"@id\":\"https:\/\/helipoland.com\/szkolenia-pilotow\/uprawnienie-do-lotow-wedlug-wskazan-przyrzadow-irh\/#breadcrumb\"},\"inLanguage\":\"en-US\",\"potentialAction\":[{\"@type\":\"ReadAction\",\"target\":[\"https:\/\/helipoland.com\/szkolenia-pilotow\/uprawnienie-do-lotow-wedlug-wskazan-przyrzadow-irh\/\"]}]},{\"@type\":\"ImageObject\",\"inLanguage\":\"en-US\",\"@id\":\"https:\/\/helipoland.com\/szkolenia-pilotow\/uprawnienie-do-lotow-wedlug-wskazan-przyrzadow-irh\/#primaryimage\",\"url\":\"http:\/\/helipoland.com\/wp-content\/uploads\/2015\/10\/Cockpit11169-min-1024x768.jpg\",\"contentUrl\":\"http:\/\/helipoland.com\/wp-content\/uploads\/2015\/10\/Cockpit11169-min-1024x768.jpg\"},{\"@type\":\"BreadcrumbList\",\"@id\":\"https:\/\/helipoland.com\/szkolenia-pilotow\/uprawnienie-do-lotow-wedlug-wskazan-przyrzadow-irh\/#breadcrumb\",\"itemListElement\":[{\"@type\":\"ListItem\",\"position\":1,\"name\":\"Helipoland.com\",\"item\":\"https:\/\/helipoland.com\/pl\/\"},{\"@type\":\"ListItem\",\"position\":2,\"name\":\"Szkolenia pilot\u00f3w\",\"item\":\"https:\/\/helipoland.com\/szkolenia-pilotow\/\"},{\"@type\":\"ListItem\",\"position\":3,\"name\":\"Uprawnienie do lot\u00f3w wed\u0142ug wskaza\u0144 przyrz\u0105d\u00f3w IR(H)\"}]},{\"@type\":\"WebSite\",\"@id\":\"https:\/\/helipoland.com\/pl\/#website\",\"url\":\"https:\/\/helipoland.com\/pl\/\",\"name\":\"Helipoland.com\",\"description\":\"Helicopter flights, flying school, air services, helicopters\",\"potentialAction\":[{\"@type\":\"SearchAction\",\"target\":{\"@type\":\"EntryPoint\",\"urlTemplate\":\"https:\/\/helipoland.com\/pl\/?s={search_term_string}\"},\"query-input\":{\"@type\":\"PropertyValueSpecification\",\"valueRequired\":true,\"valueName\":\"search_term_string\"}}],\"inLanguage\":\"en-US\"}]}<\/script>\n<!-- \/ Yoast SEO plugin. -->","yoast_head_json":{"title":"Instrument Rating IR(H)","description":"Instrument Rating IR(H)","robots":{"index":"index","follow":"follow","max-snippet":"max-snippet:-1","max-image-preview":"max-image-preview:large","max-video-preview":"max-video-preview:-1"},"canonical":"https:\/\/helipoland.com\/szkolenia-pilotow\/uprawnienie-do-lotow-wedlug-wskazan-przyrzadow-irh\/","og_locale":"en_US","og_type":"article","og_title":"[:pl]Uprawnienie do lot\u00f3w wed\u0142ug wskaza\u0144 przyrz\u0105d\u00f3w IR(H)[:en]Instrument Rating IR(H)[:]","og_description":"{:pl}Uprawnienie do lot\u00f3w wed\u0142ug wskaza\u0144 przyrz\u0105d\u00f3w IR(H){:en}Instrument Rating IR(H){:}","og_url":"https:\/\/helipoland.com\/szkolenia-pilotow\/uprawnienie-do-lotow-wedlug-wskazan-przyrzadow-irh\/","og_site_name":"Helipoland.com","article_modified_time":"2023-01-23T12:24:42+00:00","og_image":[{"url":"http:\/\/helipoland.com\/wp-content\/uploads\/2015\/10\/Cockpit11169-min-1024x768.jpg","type":"","width":"","height":""}],"twitter_misc":{"Est. reading time":"7 minutes"},"schema":{"@context":"https:\/\/schema.org","@graph":[{"@type":"WebPage","@id":"https:\/\/helipoland.com\/szkolenia-pilotow\/uprawnienie-do-lotow-wedlug-wskazan-przyrzadow-irh\/","url":"https:\/\/helipoland.com\/szkolenia-pilotow\/uprawnienie-do-lotow-wedlug-wskazan-przyrzadow-irh\/","name":"[:pl]Uprawnienie do lot\u00f3w wed\u0142ug wskaza\u0144 przyrz\u0105d\u00f3w IR(H)[:en]Instrument Rating IR(H)[:]","isPartOf":{"@id":"https:\/\/helipoland.com\/pl\/#website"},"primaryImageOfPage":{"@id":"https:\/\/helipoland.com\/szkolenia-pilotow\/uprawnienie-do-lotow-wedlug-wskazan-przyrzadow-irh\/#primaryimage"},"image":{"@id":"https:\/\/helipoland.com\/szkolenia-pilotow\/uprawnienie-do-lotow-wedlug-wskazan-przyrzadow-irh\/#primaryimage"},"thumbnailUrl":"http:\/\/helipoland.com\/wp-content\/uploads\/2015\/10\/Cockpit11169-min-1024x768.jpg","datePublished":"2015-09-19T21:14:02+00:00","dateModified":"2023-01-23T12:24:42+00:00","description":"{:pl}Uprawnienie do lot\u00f3w wed\u0142ug wskaza\u0144 przyrz\u0105d\u00f3w IR(H){:en}Instrument Rating IR(H){:}","breadcrumb":{"@id":"https:\/\/helipoland.com\/szkolenia-pilotow\/uprawnienie-do-lotow-wedlug-wskazan-przyrzadow-irh\/#breadcrumb"},"inLanguage":"en-US","potentialAction":[{"@type":"ReadAction","target":["https:\/\/helipoland.com\/szkolenia-pilotow\/uprawnienie-do-lotow-wedlug-wskazan-przyrzadow-irh\/"]}]},{"@type":"ImageObject","inLanguage":"en-US","@id":"https:\/\/helipoland.com\/szkolenia-pilotow\/uprawnienie-do-lotow-wedlug-wskazan-przyrzadow-irh\/#primaryimage","url":"http:\/\/helipoland.com\/wp-content\/uploads\/2015\/10\/Cockpit11169-min-1024x768.jpg","contentUrl":"http:\/\/helipoland.com\/wp-content\/uploads\/2015\/10\/Cockpit11169-min-1024x768.jpg"},{"@type":"BreadcrumbList","@id":"https:\/\/helipoland.com\/szkolenia-pilotow\/uprawnienie-do-lotow-wedlug-wskazan-przyrzadow-irh\/#breadcrumb","itemListElement":[{"@type":"ListItem","position":1,"name":"Helipoland.com","item":"https:\/\/helipoland.com\/pl\/"},{"@type":"ListItem","position":2,"name":"Szkolenia pilot\u00f3w","item":"https:\/\/helipoland.com\/szkolenia-pilotow\/"},{"@type":"ListItem","position":3,"name":"Uprawnienie do lot\u00f3w wed\u0142ug wskaza\u0144 przyrz\u0105d\u00f3w IR(H)"}]},{"@type":"WebSite","@id":"https:\/\/helipoland.com\/pl\/#website","url":"https:\/\/helipoland.com\/pl\/","name":"Helipoland.com","description":"Helicopter flights, flying school, air services, helicopters","potentialAction":[{"@type":"SearchAction","target":{"@type":"EntryPoint","urlTemplate":"https:\/\/helipoland.com\/pl\/?s={search_term_string}"},"query-input":{"@type":"PropertyValueSpecification","valueRequired":true,"valueName":"search_term_string"}}],"inLanguage":"en-US"}]}},"_links":{"self":[{"href":"https:\/\/helipoland.com\/en\/wp-json\/wp\/v2\/pages\/919","targetHints":{"allow":["GET"]}}],"collection":[{"href":"https:\/\/helipoland.com\/en\/wp-json\/wp\/v2\/pages"}],"about":[{"href":"https:\/\/helipoland.com\/en\/wp-json\/wp\/v2\/types\/page"}],"author":[{"embeddable":true,"href":"https:\/\/helipoland.com\/en\/wp-json\/wp\/v2\/users\/1"}],"replies":[{"embeddable":true,"href":"https:\/\/helipoland.com\/en\/wp-json\/wp\/v2\/comments?post=919"}],"version-history":[{"count":15,"href":"https:\/\/helipoland.com\/en\/wp-json\/wp\/v2\/pages\/919\/revisions"}],"predecessor-version":[{"id":5813,"href":"https:\/\/helipoland.com\/en\/wp-json\/wp\/v2\/pages\/919\/revisions\/5813"}],"up":[{"embeddable":true,"href":"https:\/\/helipoland.com\/en\/wp-json\/wp\/v2\/pages\/408"}],"wp:attachment":[{"href":"https:\/\/helipoland.com\/en\/wp-json\/wp\/v2\/media?parent=919"}],"curies":[{"name":"wp","href":"https:\/\/api.w.org\/{rel}","templated":true}]}}