{"id":936,"date":"2015-09-23T12:04:19","date_gmt":"2015-09-23T12:04:19","guid":{"rendered":"http:\/\/helipoland.com\/?page_id=936"},"modified":"2023-01-19T11:42:58","modified_gmt":"2023-01-19T11:42:58","slug":"technika-lotnicza","status":"publish","type":"page","link":"https:\/\/helipoland.com\/en\/technika-lotnicza\/","title":{"rendered":"Maintenance"},"content":{"rendered":"<p style=\"text-align: center;\"><span style=\"color: #000000;\"><strong>No helicopter is so tolerant of neglect as to be safe in the absence of an effective inspection and maintenance program. The processes affecting the deterioration of the technical condition of helicopters with age are related, among others, to the condition of materials (e.g. fatigue, wear and corrosion) or chance failures (e.g. broken component, excessive design loads).<\/strong><\/span><\/p>\n<p style=\"text-align: center;\"><span style=\"color: #000000;\"><strong>Maintenance is an activity necessary to maintain or restore the integrity and performance of a helicopter and the process of ensuring that its systems continues to perform intended function at the level of reliability and safety designed.<\/strong><\/span><\/p>\n<p style=\"text-align: center;\"><span style=\"color: #000000;\"><strong>We provide the highest quality standards in maintenance, necessary to keep your machine in the air. We invite you to talk to our experienced technical team who will explain how we will provide service for your helicopter.<\/strong><\/span><\/p>\n<p style=\"text-align: left;\"><span style=\"color: #000000;\"><div class=\"ezcol ezcol-two-fifth\"><strong>Taking care of safety is our priority.<\/strong><\/span><\/p>\n<p style=\"text-align: left;\"><span style=\"color: #000000;\">Maintaining the proper technical condition of a helicopter can be defined in many ways, such as activities required to restore or maintain a component in a serviceable condition, including maintenance, repair, modification, overhaul, inspection and condition determination.<\/span><\/p>\n<p style=\"text-align: left;\"><span style=\"color: #000000;\">The responsibilities of Aviation Technology Departments of aviation authorities include handling matters related to the airworthiness and supervision over the continuing airworthiness of aircraft, engines, propellers, components (products) and the design, production and maintenance of aircraft and aviation products, as well as marking and aircraft registration and environmental protection related to the operation of aircraft, in terms of noise and exhaust emissions.<\/div> <div class=\"ezcol ezcol-three-fifth ezcol-last\"><div id=\"metaslider-id-1511\" style=\"max-width: 800px; margin: 0 auto;\" class=\"ml-slider-3-97-0 metaslider metaslider-flex metaslider-1511 ml-slider ms-theme-default nav-hidden nav-hidden\" role=\"region\" aria-roledescription=\"Slideshow\" aria-label=\"Serwis\" data-width=\"800\">\n    <div id=\"metaslider_container_1511\">\n        <div id=\"metaslider_1511\">\n            <ul class='slides'>\n                <li style=\"display: block; width: 100%;\" class=\"slide-1512 ms-image \" aria-roledescription=\"slide\" aria-label=\"slide-1512\" data-date=\"2015-10-04 20:34:03\"><img loading=\"lazy\" decoding=\"async\" src=\"https:\/\/helipoland.com\/wp-content\/uploads\/2015\/10\/2014-05-27-12.14.12-min-800x500.jpg\" height=\"500\" width=\"800\" alt=\"Serwis \u015bmig\u0142owc\u00f3w\" class=\"slider-1511 slide-1512\" \/><\/li>\n                <li style=\"display: none; width: 100%;\" class=\"slide-1513 ms-image \" aria-roledescription=\"slide\" aria-label=\"slide-1513\" data-date=\"2015-10-04 20:34:10\"><img loading=\"lazy\" decoding=\"async\" src=\"https:\/\/helipoland.com\/wp-content\/uploads\/2015\/10\/2014-05-27-12.26.33-min-800x500.jpg\" height=\"500\" width=\"800\" alt=\"Serwis \u015bmig\u0142owc\u00f3w\" class=\"slider-1511 slide-1513\" \/><\/li>\n                <li style=\"display: none; width: 100%;\" class=\"slide-1514 ms-image \" aria-roledescription=\"slide\" aria-label=\"slide-1514\" data-date=\"2015-10-04 20:34:20\"><img loading=\"lazy\" decoding=\"async\" src=\"https:\/\/helipoland.com\/wp-content\/uploads\/2015\/10\/2014-05-27-12.26.39-min-800x500.jpg\" height=\"500\" width=\"800\" alt=\"Serwis \u015bmig\u0142owc\u00f3w\" class=\"slider-1511 slide-1514\" \/><\/li>\n                <li style=\"display: none; width: 100%;\" class=\"slide-1515 ms-image \" aria-roledescription=\"slide\" aria-label=\"slide-1515\" data-date=\"2015-10-04 20:34:27\"><img loading=\"lazy\" decoding=\"async\" src=\"https:\/\/helipoland.com\/wp-content\/uploads\/2015\/10\/2014-05-27-12.26.44-min-800x500.jpg\" height=\"500\" width=\"800\" alt=\"Serwis \u015bmig\u0142owc\u00f3w\" class=\"slider-1511 slide-1515\" \/><\/li>\n            <\/ul>\n        <\/div>\n        \n    <\/div>\n<\/div><\/div><div class=\"ezcol-divider\"><\/div>\n<\/span><\/p>\n<h3 style=\"text-align: center;\"><strong><span style=\"color: #000000;\">Helicopter technical activities include:<\/span><\/strong><\/h3>\n<p>&nbsp;<\/p>\n<p style=\"text-align: justify;\"><span style=\"color: #000000;\"><strong>Airworthiness management in the Continuous Airworthiness Management Organization (CAMO)<\/strong><\/span><\/p>\n<p style=\"text-align: justify;\"><span style=\"color: #000000;\">CAMO&#8217;s competences include, among others: creating and updating Technical Maintenance Programs, development and approval of Test and Control Flight Programs, supervision and commissioning of repairs, overhauls and any unplanned service activities, supervision and analysis of airworthiness directives (AD ), service documentation (SB \/ SL \/ SI) and safety bulletins (SAIB), monitoring of components with limited service life and requiring periodic repairs, creating and developing the Minimum Equipment List (MEL), organizing approvals of any modifications (STC), issuing and extending the certificate airworthiness review (ARC). Entrusting the management of your aircraft means that CAMO takes responsibility for maintaining the highest safety standards and completing all formalities related to the operation of the aircraft.<\/span><\/p>\n<p style=\"text-align: justify;\"><span style=\"color: #000000;\"><strong>Periodic and ad hoc maintenance by an Approved Maintenance Organization (AMO)<\/strong><\/span><\/p>\n<p style=\"text-align: justify;\"><span style=\"color: #000000;\">In order to create conditions for the proper operation of the purchased helicopter, based on the standards and requirements of the manufacturer and current aviation regulations, our company provides professional technical service during the performance of all maintenance activities and all works, both during the limited warranty period provided by the manufacturer and after it. We provide helicopter service by helicopter mechanics with many years of experience, additionally trained in the manufacturer&#8217;s factory, eg Robinson Helicopter Company in Los Angeles. Please be advised that we have an adequate stock of original spare parts, which can be replaced if necessary, and we cooperate with a number of world-renowned aviation companies, which are always helpful to us in justified cases. If necessary, appropriate original parts are delivered directly to the manufacturer.<\/span><\/p>\n<p style=\"text-align: justify;\"><span style=\"color: #000000;\"><strong>Ongoing inspections conducted by pilots during flights (pilot preflight, postflight inspections)<\/strong><\/span><\/p>\n<p style=\"text-align: justify;\"><span style=\"color: #000000;\">Pre-flight external inspection of the helicopter is part of the acceptance for flight by the pilot-in-command and must be formally recorded in the aircraft&#8217;s technical log prior to each flight. They are primarily a general visual inspection of those aspects of the aircraft airworthiness that can thus be fully or partially verified. The external inspection should only be performed after the aircraft technical logbook and other on-board documentation have been properly checked by the pilot-in-command of the aircraft.<\/span><\/p>\n<p style=\"text-align: justify;\"><span style=\"color: #000000;\">The basis for an effective external check is knowledge of the aircraft. Damages from a previous flight which were disregarded during the external inspection may be assigned to a new crew that failed or caused the external inspection! Knowledge, attention to detail and vigilance will prevent important issues from being overlooked.<\/span><\/p>\n<p style=\"text-align: justify;\"><span style=\"color: #000000;\">The recommended content of the external inspection will be detailed in the aircraft operating manual in the form of an extended checklist, and the comments which are general, highly selective and usually not sequenced. External inspections that are carried out at night require the possession and use of a flashlight with effective brightness; The illumination of the apron alone is not enough.<\/span><\/p>\n<div id='gallery-2' class='gallery galleryid-936 gallery-columns-2 gallery-size-large'><figure class='gallery-item'>\n\t\t\t<div class='gallery-icon landscape'>\n\t\t\t\t<img loading=\"lazy\" decoding=\"async\" width=\"640\" height=\"480\" src=\"https:\/\/helipoland.com\/wp-content\/uploads\/2019\/05\/UNADJUSTEDNONRAW_thumb_22c1-1024x768.jpg\" class=\"attachment-large size-large\" alt=\"Obs\u0142uga techniczna Serwis Helipoland\" srcset=\"https:\/\/helipoland.com\/wp-content\/uploads\/2019\/05\/UNADJUSTEDNONRAW_thumb_22c1.jpg 1024w, https:\/\/helipoland.com\/wp-content\/uploads\/2019\/05\/UNADJUSTEDNONRAW_thumb_22c1-300x225.jpg 300w, https:\/\/helipoland.com\/wp-content\/uploads\/2019\/05\/UNADJUSTEDNONRAW_thumb_22c1-768x576.jpg 768w, https:\/\/helipoland.com\/wp-content\/uploads\/2019\/05\/UNADJUSTEDNONRAW_thumb_22c1-600x450.jpg 600w, https:\/\/helipoland.com\/wp-content\/uploads\/2019\/05\/UNADJUSTEDNONRAW_thumb_22c1-285x214.jpg 285w\" sizes=\"auto, (max-width: 640px) 100vw, 640px\" \/>\n\t\t\t<\/div><\/figure><figure class='gallery-item'>\n\t\t\t<div class='gallery-icon landscape'>\n\t\t\t\t<img loading=\"lazy\" decoding=\"async\" width=\"640\" height=\"480\" src=\"https:\/\/helipoland.com\/wp-content\/uploads\/2019\/05\/UNADJUSTEDNONRAW_thumb_22c2-1024x768.jpg\" class=\"attachment-large size-large\" alt=\"Obs\u0142uga techniczna Serwis Helipoland\" srcset=\"https:\/\/helipoland.com\/wp-content\/uploads\/2019\/05\/UNADJUSTEDNONRAW_thumb_22c2.jpg 1024w, https:\/\/helipoland.com\/wp-content\/uploads\/2019\/05\/UNADJUSTEDNONRAW_thumb_22c2-300x225.jpg 300w, https:\/\/helipoland.com\/wp-content\/uploads\/2019\/05\/UNADJUSTEDNONRAW_thumb_22c2-768x576.jpg 768w, https:\/\/helipoland.com\/wp-content\/uploads\/2019\/05\/UNADJUSTEDNONRAW_thumb_22c2-600x450.jpg 600w, https:\/\/helipoland.com\/wp-content\/uploads\/2019\/05\/UNADJUSTEDNONRAW_thumb_22c2-285x214.jpg 285w\" sizes=\"auto, (max-width: 640px) 100vw, 640px\" \/>\n\t\t\t<\/div><\/figure><figure class='gallery-item'>\n\t\t\t<div class='gallery-icon landscape'>\n\t\t\t\t<img loading=\"lazy\" decoding=\"async\" width=\"640\" height=\"480\" src=\"https:\/\/helipoland.com\/wp-content\/uploads\/2018\/08\/Obs\u0142uga-techniczna-22-1024x768.jpg\" class=\"attachment-large size-large\" alt=\"Obs\u0142uga techniczna Serwis Helipoland\" srcset=\"https:\/\/helipoland.com\/wp-content\/uploads\/2018\/08\/Obs\u0142uga-techniczna-22.jpg 1024w, https:\/\/helipoland.com\/wp-content\/uploads\/2018\/08\/Obs\u0142uga-techniczna-22-300x225.jpg 300w, https:\/\/helipoland.com\/wp-content\/uploads\/2018\/08\/Obs\u0142uga-techniczna-22-768x576.jpg 768w, https:\/\/helipoland.com\/wp-content\/uploads\/2018\/08\/Obs\u0142uga-techniczna-22-600x450.jpg 600w, https:\/\/helipoland.com\/wp-content\/uploads\/2018\/08\/Obs\u0142uga-techniczna-22-285x214.jpg 285w\" sizes=\"auto, (max-width: 640px) 100vw, 640px\" \/>\n\t\t\t<\/div><\/figure><figure class='gallery-item'>\n\t\t\t<div class='gallery-icon landscape'>\n\t\t\t\t<img loading=\"lazy\" decoding=\"async\" width=\"640\" height=\"480\" src=\"https:\/\/helipoland.com\/wp-content\/uploads\/2018\/08\/Obs\u0142uga-techniczna-21-1024x768.jpg\" class=\"attachment-large size-large\" alt=\"Obs\u0142uga techniczna Serwis Helipoland\" srcset=\"https:\/\/helipoland.com\/wp-content\/uploads\/2018\/08\/Obs\u0142uga-techniczna-21.jpg 1024w, https:\/\/helipoland.com\/wp-content\/uploads\/2018\/08\/Obs\u0142uga-techniczna-21-300x225.jpg 300w, https:\/\/helipoland.com\/wp-content\/uploads\/2018\/08\/Obs\u0142uga-techniczna-21-768x576.jpg 768w, https:\/\/helipoland.com\/wp-content\/uploads\/2018\/08\/Obs\u0142uga-techniczna-21-600x450.jpg 600w, https:\/\/helipoland.com\/wp-content\/uploads\/2018\/08\/Obs\u0142uga-techniczna-21-285x214.jpg 285w\" sizes=\"auto, (max-width: 640px) 100vw, 640px\" \/>\n\t\t\t<\/div><\/figure><figure class='gallery-item'>\n\t\t\t<div class='gallery-icon landscape'>\n\t\t\t\t<img loading=\"lazy\" decoding=\"async\" width=\"640\" height=\"480\" src=\"https:\/\/helipoland.com\/wp-content\/uploads\/2019\/05\/UNADJUSTEDNONRAW_thumb_2465-1024x768.jpg\" class=\"attachment-large size-large\" alt=\"Obs\u0142uga techniczna Serwis Helipoland\" srcset=\"https:\/\/helipoland.com\/wp-content\/uploads\/2019\/05\/UNADJUSTEDNONRAW_thumb_2465.jpg 1024w, https:\/\/helipoland.com\/wp-content\/uploads\/2019\/05\/UNADJUSTEDNONRAW_thumb_2465-300x225.jpg 300w, https:\/\/helipoland.com\/wp-content\/uploads\/2019\/05\/UNADJUSTEDNONRAW_thumb_2465-768x576.jpg 768w, https:\/\/helipoland.com\/wp-content\/uploads\/2019\/05\/UNADJUSTEDNONRAW_thumb_2465-600x450.jpg 600w, https:\/\/helipoland.com\/wp-content\/uploads\/2019\/05\/UNADJUSTEDNONRAW_thumb_2465-285x214.jpg 285w\" sizes=\"auto, (max-width: 640px) 100vw, 640px\" \/>\n\t\t\t<\/div><\/figure><figure class='gallery-item'>\n\t\t\t<div class='gallery-icon landscape'>\n\t\t\t\t<img loading=\"lazy\" decoding=\"async\" width=\"640\" height=\"480\" src=\"https:\/\/helipoland.com\/wp-content\/uploads\/2019\/05\/UNADJUSTEDNONRAW_thumb_246c-1024x768.jpg\" class=\"attachment-large size-large\" alt=\"Obs\u0142uga techniczna Serwis Helipoland\" srcset=\"https:\/\/helipoland.com\/wp-content\/uploads\/2019\/05\/UNADJUSTEDNONRAW_thumb_246c.jpg 1024w, https:\/\/helipoland.com\/wp-content\/uploads\/2019\/05\/UNADJUSTEDNONRAW_thumb_246c-300x225.jpg 300w, https:\/\/helipoland.com\/wp-content\/uploads\/2019\/05\/UNADJUSTEDNONRAW_thumb_246c-768x576.jpg 768w, https:\/\/helipoland.com\/wp-content\/uploads\/2019\/05\/UNADJUSTEDNONRAW_thumb_246c-600x450.jpg 600w, https:\/\/helipoland.com\/wp-content\/uploads\/2019\/05\/UNADJUSTEDNONRAW_thumb_246c-285x214.jpg 285w\" sizes=\"auto, (max-width: 640px) 100vw, 640px\" \/>\n\t\t\t<\/div><\/figure>\n\t\t<\/div>","protected":false},"excerpt":{"rendered":"<p>No helicopter is so tolerant of neglect as to be safe in the absence of an effective inspection and maintenance[&#8230;..]<\/p>\n","protected":false},"author":1,"featured_media":0,"parent":0,"menu_order":0,"comment_status":"closed","ping_status":"closed","template":"template-fullwidth-with-form.php","meta":{"_acf_changed":false,"footnotes":""},"class_list":["post-936","page","type-page","status-publish","hentry"],"acf":[],"yoast_head":"<!-- This site is optimized with the Yoast SEO plugin v24.8.1 - https:\/\/yoast.com\/wordpress\/plugins\/seo\/ -->\n<title>Helicopter maintenance<\/title>\n<meta name=\"description\" content=\"Helicopter maintenance. Robinson R 22, R 44, R 66 helicopters.\" \/>\n<meta name=\"robots\" content=\"index, follow, max-snippet:-1, max-image-preview:large, max-video-preview:-1\" \/>\n<link rel=\"canonical\" href=\"https:\/\/helipoland.com\/technika-lotnicza\/\" \/>\n<meta property=\"og:locale\" content=\"en_US\" \/>\n<meta property=\"og:type\" content=\"article\" \/>\n<meta property=\"og:title\" content=\"[:pl]Serwis \u015bmig\u0142owc\u00f3w[:en]Helicopter maintenance[:]\" \/>\n<meta property=\"og:description\" content=\"{:pl}Serwis \u015bmig\u0142owc\u00f3w. Helikoptery Robinson R 22, R 44, R 66.{:en}Helicopter maintenance. Robinson R 22, R 44, R 66 helicopters.{:}\" \/>\n<meta property=\"og:url\" content=\"https:\/\/helipoland.com\/technika-lotnicza\/\" \/>\n<meta property=\"og:site_name\" content=\"Helipoland.com\" \/>\n<meta property=\"article:modified_time\" content=\"2023-01-19T11:42:58+00:00\" \/>\n<meta property=\"og:image\" content=\"https:\/\/helipoland.com\/wp-content\/uploads\/2019\/05\/UNADJUSTEDNONRAW_thumb_22c1-1024x768.jpg\" \/>\n<meta name=\"twitter:label1\" content=\"Est. reading time\" \/>\n\t<meta name=\"twitter:data1\" content=\"8 minutes\" \/>\n<script type=\"application\/ld+json\" class=\"yoast-schema-graph\">{\"@context\":\"https:\/\/schema.org\",\"@graph\":[{\"@type\":\"WebPage\",\"@id\":\"https:\/\/helipoland.com\/technika-lotnicza\/\",\"url\":\"https:\/\/helipoland.com\/technika-lotnicza\/\",\"name\":\"[:pl]Serwis \u015bmig\u0142owc\u00f3w[:en]Helicopter maintenance[:]\",\"isPartOf\":{\"@id\":\"https:\/\/helipoland.com\/pl\/#website\"},\"datePublished\":\"2015-09-23T12:04:19+00:00\",\"dateModified\":\"2023-01-19T11:42:58+00:00\",\"description\":\"{:pl}Serwis \u015bmig\u0142owc\u00f3w. Helikoptery Robinson R 22, R 44, R 66.{:en}Helicopter maintenance. Robinson R 22, R 44, R 66 helicopters.{:}\",\"breadcrumb\":{\"@id\":\"https:\/\/helipoland.com\/technika-lotnicza\/#breadcrumb\"},\"inLanguage\":\"en-US\",\"potentialAction\":[{\"@type\":\"ReadAction\",\"target\":[\"https:\/\/helipoland.com\/technika-lotnicza\/\"]}]},{\"@type\":\"BreadcrumbList\",\"@id\":\"https:\/\/helipoland.com\/technika-lotnicza\/#breadcrumb\",\"itemListElement\":[{\"@type\":\"ListItem\",\"position\":1,\"name\":\"Helipoland.com\",\"item\":\"https:\/\/helipoland.com\/pl\/\"},{\"@type\":\"ListItem\",\"position\":2,\"name\":\"Technika lotnicza\"}]},{\"@type\":\"WebSite\",\"@id\":\"https:\/\/helipoland.com\/pl\/#website\",\"url\":\"https:\/\/helipoland.com\/pl\/\",\"name\":\"Helipoland.com\",\"description\":\"Helicopter flights, flying school, air services, helicopters\",\"potentialAction\":[{\"@type\":\"SearchAction\",\"target\":{\"@type\":\"EntryPoint\",\"urlTemplate\":\"https:\/\/helipoland.com\/pl\/?s={search_term_string}\"},\"query-input\":{\"@type\":\"PropertyValueSpecification\",\"valueRequired\":true,\"valueName\":\"search_term_string\"}}],\"inLanguage\":\"en-US\"}]}<\/script>\n<!-- \/ Yoast SEO plugin. -->","yoast_head_json":{"title":"Helicopter maintenance","description":"Helicopter maintenance. Robinson R 22, R 44, R 66 helicopters.","robots":{"index":"index","follow":"follow","max-snippet":"max-snippet:-1","max-image-preview":"max-image-preview:large","max-video-preview":"max-video-preview:-1"},"canonical":"https:\/\/helipoland.com\/technika-lotnicza\/","og_locale":"en_US","og_type":"article","og_title":"[:pl]Serwis \u015bmig\u0142owc\u00f3w[:en]Helicopter maintenance[:]","og_description":"{:pl}Serwis \u015bmig\u0142owc\u00f3w. Helikoptery Robinson R 22, R 44, R 66.{:en}Helicopter maintenance. Robinson R 22, R 44, R 66 helicopters.{:}","og_url":"https:\/\/helipoland.com\/technika-lotnicza\/","og_site_name":"Helipoland.com","article_modified_time":"2023-01-19T11:42:58+00:00","og_image":[{"url":"https:\/\/helipoland.com\/wp-content\/uploads\/2019\/05\/UNADJUSTEDNONRAW_thumb_22c1-1024x768.jpg","type":"","width":"","height":""}],"twitter_misc":{"Est. reading time":"8 minutes"},"schema":{"@context":"https:\/\/schema.org","@graph":[{"@type":"WebPage","@id":"https:\/\/helipoland.com\/technika-lotnicza\/","url":"https:\/\/helipoland.com\/technika-lotnicza\/","name":"[:pl]Serwis \u015bmig\u0142owc\u00f3w[:en]Helicopter maintenance[:]","isPartOf":{"@id":"https:\/\/helipoland.com\/pl\/#website"},"datePublished":"2015-09-23T12:04:19+00:00","dateModified":"2023-01-19T11:42:58+00:00","description":"{:pl}Serwis \u015bmig\u0142owc\u00f3w. Helikoptery Robinson R 22, R 44, R 66.{:en}Helicopter maintenance. Robinson R 22, R 44, R 66 helicopters.{:}","breadcrumb":{"@id":"https:\/\/helipoland.com\/technika-lotnicza\/#breadcrumb"},"inLanguage":"en-US","potentialAction":[{"@type":"ReadAction","target":["https:\/\/helipoland.com\/technika-lotnicza\/"]}]},{"@type":"BreadcrumbList","@id":"https:\/\/helipoland.com\/technika-lotnicza\/#breadcrumb","itemListElement":[{"@type":"ListItem","position":1,"name":"Helipoland.com","item":"https:\/\/helipoland.com\/pl\/"},{"@type":"ListItem","position":2,"name":"Technika lotnicza"}]},{"@type":"WebSite","@id":"https:\/\/helipoland.com\/pl\/#website","url":"https:\/\/helipoland.com\/pl\/","name":"Helipoland.com","description":"Helicopter flights, flying school, air services, helicopters","potentialAction":[{"@type":"SearchAction","target":{"@type":"EntryPoint","urlTemplate":"https:\/\/helipoland.com\/pl\/?s={search_term_string}"},"query-input":{"@type":"PropertyValueSpecification","valueRequired":true,"valueName":"search_term_string"}}],"inLanguage":"en-US"}]}},"_links":{"self":[{"href":"https:\/\/helipoland.com\/en\/wp-json\/wp\/v2\/pages\/936","targetHints":{"allow":["GET"]}}],"collection":[{"href":"https:\/\/helipoland.com\/en\/wp-json\/wp\/v2\/pages"}],"about":[{"href":"https:\/\/helipoland.com\/en\/wp-json\/wp\/v2\/types\/page"}],"author":[{"embeddable":true,"href":"https:\/\/helipoland.com\/en\/wp-json\/wp\/v2\/users\/1"}],"replies":[{"embeddable":true,"href":"https:\/\/helipoland.com\/en\/wp-json\/wp\/v2\/comments?post=936"}],"version-history":[{"count":38,"href":"https:\/\/helipoland.com\/en\/wp-json\/wp\/v2\/pages\/936\/revisions"}],"predecessor-version":[{"id":5798,"href":"https:\/\/helipoland.com\/en\/wp-json\/wp\/v2\/pages\/936\/revisions\/5798"}],"wp:attachment":[{"href":"https:\/\/helipoland.com\/en\/wp-json\/wp\/v2\/media?parent=936"}],"curies":[{"name":"wp","href":"https:\/\/api.w.org\/{rel}","templated":true}]}}