{"id":939,"date":"2015-09-24T16:43:21","date_gmt":"2015-09-24T16:43:21","guid":{"rendered":"http:\/\/helipoland.com\/?page_id=939"},"modified":"2023-01-17T11:06:47","modified_gmt":"2023-01-17T11:06:47","slug":"helikoptery-robinson","status":"publish","type":"page","link":"https:\/\/helipoland.com\/en\/sprzedaz-helikopterow-smiglowcow\/helikoptery-robinson\/","title":{"rendered":"Nwe Robinson Helicopters"},"content":{"rendered":"<div class=\"ezcol ezcol-two-third\">\n<p style=\"text-align: justify;\">The\u00a0Robinson Helicopter Company\u00a0is the absolute leader in terms of number of sold helicopters and its popularity in many different countries all over\u00a0the world.\u00a0Robinson Helicopters is versatility, reliability and purchase affordability at the same time \u00a0and also subsequent operational cost efficiency.<\/p>\n<p style=\"text-align: justify;\">The &#8220;Robinson Helicopter Company&#8221;, based at Zamperini Field in Torrance, California is a manufacturer of mainly civil helicopters. Robinson produces three models \u2014 the two-seat <span style=\"text-decoration: underline;\"><strong><a href=\"https:\/\/helipoland.com\/en\/sprzedaz-helikopterow-smiglowcow\/helikoptery-robinson\/robinson-r-22-beta-ii\/\" target=\"_blank\" rel=\"noopener noreferrer\"><span style=\"color: #000080; text-decoration: underline;\">Robinson R 22<\/span><\/a><\/strong><\/span>, the four-seat <span style=\"text-decoration: underline;\"><strong><a href=\"https:\/\/helipoland.com\/en\/sprzedaz-helikopterow-smiglowcow\/helikoptery-robinson\/r44-raven-i-clipper-i\/\" target=\"_blank\" rel=\"noopener noreferrer\"><span style=\"color: #000080; text-decoration: underline;\">R 44 Raven I \/ Clipper I<\/span><\/a><\/strong><\/span> or <span style=\"text-decoration: underline; color: #000080;\"><strong><a style=\"color: #000080; text-decoration: underline;\" href=\"https:\/\/helipoland.com\/en\/sprzedaz-helikopterow-smiglowcow\/helikoptery-robinson\/r44-raven-ii-clipper-ii\/\" target=\"_blank\" rel=\"noopener noreferrer\">R 44 Raven II \/ Clipper II<\/a><\/strong><\/span>, both of which use well-known Lycoming piston engines, and the five-seat <span style=\"text-decoration: underline;\"><strong><a href=\"https:\/\/helipoland.com\/en\/sprzedaz-helikopterow-smiglowcow\/helikoptery-robinson\/r66-turbinowy\/\" target=\"_blank\" rel=\"noopener noreferrer\"><span style=\"color: #000080; text-decoration: underline;\">Robinson R 66<\/span><\/a><\/strong><\/span>, which uses a turbine engine and also new training two-seat helicopter with extra luggage place introduced as <span style=\"text-decoration: underline; color: #000080;\"><strong><a style=\"color: #000080; text-decoration: underline;\" href=\"https:\/\/helipoland.com\/en\/sprzedaz-helikopterow-smiglowcow\/helikoptery-robinson\/r-44-cadet\/\" target=\"_blank\" rel=\"noopener noreferrer\">Robinson R 44 Cadet<\/a><\/strong><\/span>. <\/div> <div class=\"ezcol ezcol-one-third ezcol-last\">\n<p><img loading=\"lazy\" decoding=\"async\" class=\"alignleft wp-image-1132 \" src=\"http:\/\/helipoland.com\/wp-content\/uploads\/2015\/09\/burst-robinson.jpg\" alt=\"Robinson Helicopters\" width=\"313\" height=\"191\" \/><\/div><div class=\"ezcol-divider\"><\/div>\n<div class=\"ezcol ezcol-one-half\"><img loading=\"lazy\" decoding=\"async\" class=\"alignright wp-image-1142 \" src=\"http:\/\/helipoland.com\/wp-content\/uploads\/2015\/09\/110307robinson_helicopters_top.jpg\" alt=\"Robinson Helicopters\" width=\"475\" height=\"208\" srcset=\"https:\/\/helipoland.com\/wp-content\/uploads\/2015\/09\/110307robinson_helicopters_top.jpg 475w, https:\/\/helipoland.com\/wp-content\/uploads\/2015\/09\/110307robinson_helicopters_top-300x131.jpg 300w\" sizes=\"auto, (max-width: 475px) 100vw, 475px\" \/><\/div> <div class=\"ezcol ezcol-one-half ezcol-last\">\n<p style=\"text-align: justify;\">The company was founded in 1973 by Frank Robinson, a former employee of Bell Helicopter and Hughes Helicopters. Since delivering its first helicopter in 1979, Robinson Helicopter has produced over 12,000 aircraft.<\/p>\n<p style=\"text-align: justify;\">Plans for production of the Robinson R66 were announced in March 2007. It is a five-seat helicopter of similar configuration to the R44, but with the addition of a luggage compartment, wider cabin (by 8 inches), and powered by a\u00a0Rolls-Royce 300\u00a0gas turbine engine.\u00a0Robinson is an engineering company that places great emphasis on research and development.<\/p>\n<\/div><div class=\"ezcol-divider\"><\/div>\n<p>In 2013, Robinson was the global market leader, selling 523 light helicopters, a 1% increase from 2012.<span style=\"font-size: 13.3333px; line-height: 20px;\">\u00a0<\/span>However the production in 2014 was 329 aircraft. In 2015, Robinson produces one R22, 4-5 R44 and three R66 per week, and has contracted with to supply 100 RR300 turbines per year for 10 years for the R66. The factory can produce up to 1,000 helicopters per year. The organisation has a global network of more than 110 factory-authorised dealers and 290 service centers in 50 countries, including China and Russia where Robinson Helicopters hoover over groung almost every day.<\/p>\n<p><img loading=\"lazy\" decoding=\"async\" class=\"aligncenter wp-image-2596\" src=\"http:\/\/helipoland.com\/wp-content\/uploads\/2015\/09\/Web-Banner-R66.jpg\" alt=\"Robinson R 66 turbinowy\" width=\"900\" height=\"372\" srcset=\"https:\/\/helipoland.com\/wp-content\/uploads\/2015\/09\/Web-Banner-R66.jpg 800w, https:\/\/helipoland.com\/wp-content\/uploads\/2015\/09\/Web-Banner-R66-300x124.jpg 300w, https:\/\/helipoland.com\/wp-content\/uploads\/2015\/09\/Web-Banner-R66-768x318.jpg 768w\" sizes=\"auto, (max-width: 900px) 100vw, 900px\" \/><\/p>\n<p style=\"text-align: justify;\"><img loading=\"lazy\" decoding=\"async\" class=\"wp-image-2424 aligncenter\" src=\"http:\/\/helipoland.com\/wp-content\/uploads\/2015\/09\/r66_turb-300x47.jpg\" alt=\"R 66 turbine\" width=\"370\" height=\"58\" srcset=\"https:\/\/helipoland.com\/wp-content\/uploads\/2015\/09\/r66_turb-300x47.jpg 300w, https:\/\/helipoland.com\/wp-content\/uploads\/2015\/09\/r66_turb.jpg 400w\" sizes=\"auto, (max-width: 370px) 100vw, 370px\" \/><\/p>","protected":false},"excerpt":{"rendered":"<p>In 2013, Robinson was the global market leader, selling 523 light helicopters, a 1% increase from 2012.\u00a0However the production in[&#8230;..]<\/p>\n","protected":false},"author":1,"featured_media":0,"parent":410,"menu_order":0,"comment_status":"closed","ping_status":"closed","template":"template-fullwidth-with-form.php","meta":{"_acf_changed":false,"footnotes":""},"class_list":["post-939","page","type-page","status-publish","hentry"],"acf":[],"yoast_head":"<!-- This site is optimized with the Yoast SEO plugin v24.8.1 - https:\/\/yoast.com\/wordpress\/plugins\/seo\/ -->\n<title>Robinson Helicopters - Helipoland.com<\/title>\n<meta name=\"description\" content=\"The company Helipoland.com sells helicopters Robinson R22, R44, R66. The offer also service and training. Welcome!\" \/>\n<meta name=\"robots\" content=\"index, follow, max-snippet:-1, max-image-preview:large, max-video-preview:-1\" \/>\n<link rel=\"canonical\" href=\"https:\/\/helipoland.com\/sprzedaz-helikopterow-smiglowcow\/helikoptery-robinson\/\" \/>\n<meta property=\"og:locale\" content=\"en_US\" \/>\n<meta property=\"og:type\" content=\"article\" \/>\n<meta property=\"og:title\" content=\"[:pl]Helikoptery Robinson - Helipoland.com[:en]Robinson Helicopters - Helipoland.com[:]\" \/>\n<meta property=\"og:description\" content=\"{:pl}Firma Helipoland.com zajmuje si\u0119 sprzeda\u017c\u0105 helikopter\u00f3w Robinson R22, R44, R66. W ofercie tak\u017ce serwis i szkolenie. Zapraszamy!{:en} The company Helipoland.com sells helicopters Robinson R22, R44, R66. The offer also service and training. Welcome!{:}\" \/>\n<meta property=\"og:url\" content=\"https:\/\/helipoland.com\/sprzedaz-helikopterow-smiglowcow\/helikoptery-robinson\/\" \/>\n<meta property=\"og:site_name\" content=\"Helipoland.com\" \/>\n<meta property=\"article:modified_time\" content=\"2023-01-17T11:06:47+00:00\" \/>\n<meta property=\"og:image\" content=\"http:\/\/helipoland.com\/wp-content\/uploads\/2015\/09\/burst-robinson.jpg\" \/>\n<meta name=\"twitter:label1\" content=\"Est. reading time\" \/>\n\t<meta name=\"twitter:data1\" content=\"5 minutes\" \/>\n<script type=\"application\/ld+json\" class=\"yoast-schema-graph\">{\"@context\":\"https:\/\/schema.org\",\"@graph\":[{\"@type\":\"WebPage\",\"@id\":\"https:\/\/helipoland.com\/sprzedaz-helikopterow-smiglowcow\/helikoptery-robinson\/\",\"url\":\"https:\/\/helipoland.com\/sprzedaz-helikopterow-smiglowcow\/helikoptery-robinson\/\",\"name\":\"[:pl]Helikoptery Robinson - Helipoland.com[:en]Robinson Helicopters - Helipoland.com[:]\",\"isPartOf\":{\"@id\":\"https:\/\/helipoland.com\/pl\/#website\"},\"primaryImageOfPage\":{\"@id\":\"https:\/\/helipoland.com\/sprzedaz-helikopterow-smiglowcow\/helikoptery-robinson\/#primaryimage\"},\"image\":{\"@id\":\"https:\/\/helipoland.com\/sprzedaz-helikopterow-smiglowcow\/helikoptery-robinson\/#primaryimage\"},\"thumbnailUrl\":\"http:\/\/helipoland.com\/wp-content\/uploads\/2015\/09\/burst-robinson.jpg\",\"datePublished\":\"2015-09-24T16:43:21+00:00\",\"dateModified\":\"2023-01-17T11:06:47+00:00\",\"description\":\"{:pl}Firma Helipoland.com zajmuje si\u0119 sprzeda\u017c\u0105 helikopter\u00f3w Robinson R22, R44, R66. W ofercie tak\u017ce serwis i szkolenie. Zapraszamy!{:en} The company Helipoland.com sells helicopters Robinson R22, R44, R66. The offer also service and training. Welcome!{:}\",\"breadcrumb\":{\"@id\":\"https:\/\/helipoland.com\/sprzedaz-helikopterow-smiglowcow\/helikoptery-robinson\/#breadcrumb\"},\"inLanguage\":\"en-US\",\"potentialAction\":[{\"@type\":\"ReadAction\",\"target\":[\"https:\/\/helipoland.com\/sprzedaz-helikopterow-smiglowcow\/helikoptery-robinson\/\"]}]},{\"@type\":\"ImageObject\",\"inLanguage\":\"en-US\",\"@id\":\"https:\/\/helipoland.com\/sprzedaz-helikopterow-smiglowcow\/helikoptery-robinson\/#primaryimage\",\"url\":\"http:\/\/helipoland.com\/wp-content\/uploads\/2015\/09\/burst-robinson.jpg\",\"contentUrl\":\"http:\/\/helipoland.com\/wp-content\/uploads\/2015\/09\/burst-robinson.jpg\"},{\"@type\":\"BreadcrumbList\",\"@id\":\"https:\/\/helipoland.com\/sprzedaz-helikopterow-smiglowcow\/helikoptery-robinson\/#breadcrumb\",\"itemListElement\":[{\"@type\":\"ListItem\",\"position\":1,\"name\":\"Helipoland.com\",\"item\":\"https:\/\/helipoland.com\/pl\/\"},{\"@type\":\"ListItem\",\"position\":2,\"name\":\"Sprzeda\u017c nowych i u\u017cywanych \u015bmig\u0142owc\u00f3w (helikopter\u00f3w), akcesoria, l\u0105dowiska\",\"item\":\"https:\/\/helipoland.com\/sprzedaz-helikopterow-smiglowcow\/\"},{\"@type\":\"ListItem\",\"position\":3,\"name\":\"Nowe \u015bmig\u0142owce Robinson\"}]},{\"@type\":\"WebSite\",\"@id\":\"https:\/\/helipoland.com\/pl\/#website\",\"url\":\"https:\/\/helipoland.com\/pl\/\",\"name\":\"Helipoland.com\",\"description\":\"Helicopter flights, flying school, air services, helicopters\",\"potentialAction\":[{\"@type\":\"SearchAction\",\"target\":{\"@type\":\"EntryPoint\",\"urlTemplate\":\"https:\/\/helipoland.com\/pl\/?s={search_term_string}\"},\"query-input\":{\"@type\":\"PropertyValueSpecification\",\"valueRequired\":true,\"valueName\":\"search_term_string\"}}],\"inLanguage\":\"en-US\"}]}<\/script>\n<!-- \/ Yoast SEO plugin. -->","yoast_head_json":{"title":"Robinson Helicopters - Helipoland.com","description":"The company Helipoland.com sells helicopters Robinson R22, R44, R66. The offer also service and training. Welcome!","robots":{"index":"index","follow":"follow","max-snippet":"max-snippet:-1","max-image-preview":"max-image-preview:large","max-video-preview":"max-video-preview:-1"},"canonical":"https:\/\/helipoland.com\/sprzedaz-helikopterow-smiglowcow\/helikoptery-robinson\/","og_locale":"en_US","og_type":"article","og_title":"[:pl]Helikoptery Robinson - Helipoland.com[:en]Robinson Helicopters - Helipoland.com[:]","og_description":"{:pl}Firma Helipoland.com zajmuje si\u0119 sprzeda\u017c\u0105 helikopter\u00f3w Robinson R22, R44, R66. W ofercie tak\u017ce serwis i szkolenie. Zapraszamy!{:en} The company Helipoland.com sells helicopters Robinson R22, R44, R66. The offer also service and training. Welcome!{:}","og_url":"https:\/\/helipoland.com\/sprzedaz-helikopterow-smiglowcow\/helikoptery-robinson\/","og_site_name":"Helipoland.com","article_modified_time":"2023-01-17T11:06:47+00:00","og_image":[{"url":"http:\/\/helipoland.com\/wp-content\/uploads\/2015\/09\/burst-robinson.jpg","type":"","width":"","height":""}],"twitter_misc":{"Est. reading time":"5 minutes"},"schema":{"@context":"https:\/\/schema.org","@graph":[{"@type":"WebPage","@id":"https:\/\/helipoland.com\/sprzedaz-helikopterow-smiglowcow\/helikoptery-robinson\/","url":"https:\/\/helipoland.com\/sprzedaz-helikopterow-smiglowcow\/helikoptery-robinson\/","name":"[:pl]Helikoptery Robinson - Helipoland.com[:en]Robinson Helicopters - Helipoland.com[:]","isPartOf":{"@id":"https:\/\/helipoland.com\/pl\/#website"},"primaryImageOfPage":{"@id":"https:\/\/helipoland.com\/sprzedaz-helikopterow-smiglowcow\/helikoptery-robinson\/#primaryimage"},"image":{"@id":"https:\/\/helipoland.com\/sprzedaz-helikopterow-smiglowcow\/helikoptery-robinson\/#primaryimage"},"thumbnailUrl":"http:\/\/helipoland.com\/wp-content\/uploads\/2015\/09\/burst-robinson.jpg","datePublished":"2015-09-24T16:43:21+00:00","dateModified":"2023-01-17T11:06:47+00:00","description":"{:pl}Firma Helipoland.com zajmuje si\u0119 sprzeda\u017c\u0105 helikopter\u00f3w Robinson R22, R44, R66. W ofercie tak\u017ce serwis i szkolenie. Zapraszamy!{:en} The company Helipoland.com sells helicopters Robinson R22, R44, R66. The offer also service and training. Welcome!{:}","breadcrumb":{"@id":"https:\/\/helipoland.com\/sprzedaz-helikopterow-smiglowcow\/helikoptery-robinson\/#breadcrumb"},"inLanguage":"en-US","potentialAction":[{"@type":"ReadAction","target":["https:\/\/helipoland.com\/sprzedaz-helikopterow-smiglowcow\/helikoptery-robinson\/"]}]},{"@type":"ImageObject","inLanguage":"en-US","@id":"https:\/\/helipoland.com\/sprzedaz-helikopterow-smiglowcow\/helikoptery-robinson\/#primaryimage","url":"http:\/\/helipoland.com\/wp-content\/uploads\/2015\/09\/burst-robinson.jpg","contentUrl":"http:\/\/helipoland.com\/wp-content\/uploads\/2015\/09\/burst-robinson.jpg"},{"@type":"BreadcrumbList","@id":"https:\/\/helipoland.com\/sprzedaz-helikopterow-smiglowcow\/helikoptery-robinson\/#breadcrumb","itemListElement":[{"@type":"ListItem","position":1,"name":"Helipoland.com","item":"https:\/\/helipoland.com\/pl\/"},{"@type":"ListItem","position":2,"name":"Sprzeda\u017c nowych i u\u017cywanych \u015bmig\u0142owc\u00f3w (helikopter\u00f3w), akcesoria, l\u0105dowiska","item":"https:\/\/helipoland.com\/sprzedaz-helikopterow-smiglowcow\/"},{"@type":"ListItem","position":3,"name":"Nowe \u015bmig\u0142owce Robinson"}]},{"@type":"WebSite","@id":"https:\/\/helipoland.com\/pl\/#website","url":"https:\/\/helipoland.com\/pl\/","name":"Helipoland.com","description":"Helicopter flights, flying school, air services, helicopters","potentialAction":[{"@type":"SearchAction","target":{"@type":"EntryPoint","urlTemplate":"https:\/\/helipoland.com\/pl\/?s={search_term_string}"},"query-input":{"@type":"PropertyValueSpecification","valueRequired":true,"valueName":"search_term_string"}}],"inLanguage":"en-US"}]}},"_links":{"self":[{"href":"https:\/\/helipoland.com\/en\/wp-json\/wp\/v2\/pages\/939","targetHints":{"allow":["GET"]}}],"collection":[{"href":"https:\/\/helipoland.com\/en\/wp-json\/wp\/v2\/pages"}],"about":[{"href":"https:\/\/helipoland.com\/en\/wp-json\/wp\/v2\/types\/page"}],"author":[{"embeddable":true,"href":"https:\/\/helipoland.com\/en\/wp-json\/wp\/v2\/users\/1"}],"replies":[{"embeddable":true,"href":"https:\/\/helipoland.com\/en\/wp-json\/wp\/v2\/comments?post=939"}],"version-history":[{"count":41,"href":"https:\/\/helipoland.com\/en\/wp-json\/wp\/v2\/pages\/939\/revisions"}],"predecessor-version":[{"id":5767,"href":"https:\/\/helipoland.com\/en\/wp-json\/wp\/v2\/pages\/939\/revisions\/5767"}],"up":[{"embeddable":true,"href":"https:\/\/helipoland.com\/en\/wp-json\/wp\/v2\/pages\/410"}],"wp:attachment":[{"href":"https:\/\/helipoland.com\/en\/wp-json\/wp\/v2\/media?parent=939"}],"curies":[{"name":"wp","href":"https:\/\/api.w.org\/{rel}","templated":true}]}}