{"id":974,"date":"2015-09-24T21:29:59","date_gmt":"2015-09-24T21:29:59","guid":{"rendered":"http:\/\/helipoland.com\/?page_id=974"},"modified":"2023-07-13T10:08:02","modified_gmt":"2023-07-13T10:08:02","slug":"r44-raven-i-clipper-i","status":"publish","type":"page","link":"https:\/\/helipoland.com\/en\/sprzedaz-helikopterow-smiglowcow\/helikoptery-robinson\/r44-raven-i-clipper-i\/","title":{"rendered":"R44 Raven I \/ Clipper I"},"content":{"rendered":"<div class=\"ezcol ezcol-one-third\">\n<p style=\"text-align: justify;\"><span style=\"color: #000000;\">Robinson&#8217;s R44 Raven I \/ Clipper I Series Helicopters provide excellent reliability, responsive handling, and altitude performance, making the R44 the ideal helicopter for private, business, and utility applications.<\/span><\/p>\n<p style=\"text-align: justify;\"><span style=\"color: #000000;\">Equipped with a Lycoming O-540 carbureted engine, the R44 Raven I offers a balance between performance and affordability. Raven I features carburetor heat assist that enhances safety and reduces pilot workload by automatically adjusting carburetor heat in response to power changes by the pilot.<\/span><\/p>\n<p style=\"text-align: center;\"><span style=\"color: #000080;\"><strong><a style=\"color: #000080;\" href=\"https:\/\/helipoland.com\/wp-content\/uploads\/2019\/10\/raven_1_brochure.pdf\"><span style=\"text-decoration: underline;\">BROCHURE<\/span><\/a><\/strong><\/span><\/p>\n<p style=\"text-align: center;\"><span style=\"text-decoration: underline; color: #333399;\"><strong><a style=\"color: #333399; text-decoration: underline;\" href=\"https:\/\/robinsonheli-configurator.com\/rhc\/hID\/R44-R1\" target=\"_blank\" rel=\"noopener noreferrer\">CONFIGURATOR<\/a><\/strong><\/span><\/p>\n<p style=\"text-align: center;\"><span style=\"text-decoration: underline; color: #333399;\"><strong><a style=\"color: #333399; text-decoration: underline;\" href=\"https:\/\/robinsonheli.com\/r44-raven-i-r44-clipper-i-helicopters\/\" target=\"_blank\" rel=\"noopener noreferrer\">MANUFACTURER&#8217;S SITE<\/a><\/strong><\/span><\/p>\n<p style=\"text-align: justify;\"><\/div> <div class=\"ezcol ezcol-two-third ezcol-last\"><div id=\"metaslider-id-976\" style=\"max-width: 800px;\" class=\"ml-slider-3-97-0 metaslider metaslider-flex metaslider-976 ml-slider ms-theme-default nav-hidden nav-hidden\" role=\"region\" aria-roledescription=\"Slideshow\" aria-label=\"R 44\" data-width=\"800\">\n    <div id=\"metaslider_container_976\">\n        <div id=\"metaslider_976\">\n            <ul class='slides'>\n                <li style=\"display: block; width: 100%;\" class=\"slide-977 ms-image \" aria-roledescription=\"slide\" aria-label=\"slide-977\" data-date=\"2015-09-24 21:30:38\"><img loading=\"lazy\" decoding=\"async\" src=\"https:\/\/helipoland.com\/wp-content\/uploads\/2015\/09\/p_0001-703x440.jpg\" height=\"500\" width=\"800\" alt=\"Sprzeda\u017c helikopter\u00f3w Robinson R 44\" class=\"slider-976 slide-977\" \/><\/li>\n                <li style=\"display: none; width: 100%;\" class=\"slide-978 ms-image \" aria-roledescription=\"slide\" aria-label=\"slide-978\" data-date=\"2015-09-24 21:30:39\"><img loading=\"lazy\" decoding=\"async\" src=\"https:\/\/helipoland.com\/wp-content\/uploads\/2015\/09\/p_0002-703x440.jpg\" height=\"500\" width=\"800\" alt=\"Sprzeda\u017c helikopter\u00f3w Robinson R 44\" class=\"slider-976 slide-978\" \/><\/li>\n                <li style=\"display: none; width: 100%;\" class=\"slide-979 ms-image \" aria-roledescription=\"slide\" aria-label=\"slide-979\" data-date=\"2015-09-24 21:30:41\"><img loading=\"lazy\" decoding=\"async\" src=\"https:\/\/helipoland.com\/wp-content\/uploads\/2015\/09\/p_0003-703x440.jpg\" height=\"500\" width=\"800\" alt=\"Sprzeda\u017c helikopter\u00f3w Robinson R 44\" class=\"slider-976 slide-979\" \/><\/li>\n                <li style=\"display: none; width: 100%;\" class=\"slide-980 ms-image \" aria-roledescription=\"slide\" aria-label=\"slide-980\" data-date=\"2015-09-24 21:30:43\"><img loading=\"lazy\" decoding=\"async\" src=\"https:\/\/helipoland.com\/wp-content\/uploads\/2015\/09\/p_0004-702x439.jpg\" height=\"500\" width=\"800\" alt=\"Sprzeda\u017c helikopter\u00f3w Robinson R 44\" class=\"slider-976 slide-980\" \/><\/li>\n                <li style=\"display: none; width: 100%;\" class=\"slide-981 ms-image \" aria-roledescription=\"slide\" aria-label=\"slide-981\" data-date=\"2015-09-24 21:30:44\"><img loading=\"lazy\" decoding=\"async\" src=\"https:\/\/helipoland.com\/wp-content\/uploads\/2015\/09\/p_0005-703x440.jpg\" height=\"500\" width=\"800\" alt=\"Sprzeda\u017c helikopter\u00f3w Robinson R 44\" class=\"slider-976 slide-981\" \/><\/li>\n                <li style=\"display: none; width: 100%;\" class=\"slide-982 ms-image \" aria-roledescription=\"slide\" aria-label=\"slide-982\" data-date=\"2015-09-24 21:30:46\"><img loading=\"lazy\" decoding=\"async\" src=\"https:\/\/helipoland.com\/wp-content\/uploads\/2015\/09\/p_0007-691x432.jpg\" height=\"500\" width=\"800\" alt=\"Sprzeda\u017c helikopter\u00f3w Robinson R 44\" class=\"slider-976 slide-982\" \/><\/li>\n                <li style=\"display: none; width: 100%;\" class=\"slide-983 ms-image \" aria-roledescription=\"slide\" aria-label=\"slide-983\" data-date=\"2015-09-24 21:30:48\"><img loading=\"lazy\" decoding=\"async\" src=\"https:\/\/helipoland.com\/wp-content\/uploads\/2015\/09\/p_0008-691x432.jpg\" height=\"500\" width=\"800\" alt=\"Sprzeda\u017c helikopter\u00f3w Robinson R 44\" class=\"slider-976 slide-983\" \/><\/li>\n                <li style=\"display: none; width: 100%;\" class=\"slide-984 ms-image \" aria-roledescription=\"slide\" aria-label=\"slide-984\" data-date=\"2015-09-24 21:30:49\"><img loading=\"lazy\" decoding=\"async\" src=\"https:\/\/helipoland.com\/wp-content\/uploads\/2015\/09\/p_0009-703x440.jpg\" height=\"500\" width=\"800\" alt=\"Sprzeda\u017c helikopter\u00f3w Robinson R 44\" class=\"slider-976 slide-984\" \/><\/li>\n                <li style=\"display: none; width: 100%;\" class=\"slide-985 ms-image \" aria-roledescription=\"slide\" aria-label=\"slide-985\" data-date=\"2015-09-24 21:30:50\"><img loading=\"lazy\" decoding=\"async\" src=\"https:\/\/helipoland.com\/wp-content\/uploads\/2015\/09\/p_0010-703x440.jpg\" height=\"500\" width=\"800\" alt=\"Sprzeda\u017c helikopter\u00f3w Robinson R 44\" class=\"slider-976 slide-985\" \/><\/li>\n                <li style=\"display: none; width: 100%;\" class=\"slide-986 ms-image \" aria-roledescription=\"slide\" aria-label=\"slide-986\" data-date=\"2015-09-24 21:30:52\"><img loading=\"lazy\" decoding=\"async\" src=\"https:\/\/helipoland.com\/wp-content\/uploads\/2015\/09\/p_0011-703x440.jpg\" height=\"500\" width=\"800\" alt=\"Sprzeda\u017c helikopter\u00f3w Robinson R 44\" class=\"slider-976 slide-986\" \/><\/li>\n            <\/ul>\n        <\/div>\n        \n    <\/div>\n<\/div><\/div><div class=\"ezcol-divider\"><\/div>\n<ul>\n<li><strong><span style=\"color: #000000;\">Since 1999, the R44 has continuously been the best-selling helicopter in the world<\/span><\/strong><\/li>\n<li><strong><span style=\"color: #000000;\">Over 6,000 helicopters sold in 2000-2018 make the R44 the most popular aircraft of the 21st century<\/span><\/strong><\/li>\n<li><strong><span style=\"color: #000000;\">About 70 registered R44 helicopters in the Polish register make it the most popular also on our market.<\/span><\/strong><\/li>\n<\/ul>\n<p><img loading=\"lazy\" decoding=\"async\" class=\"aligncenter wp-image-993\" src=\"http:\/\/helipoland.com\/wp-content\/uploads\/2015\/09\/R44-ENG-1024x595.jpg\" alt=\"R44 ENG\" width=\"800\" height=\"465\" srcset=\"https:\/\/helipoland.com\/wp-content\/uploads\/2015\/09\/R44-ENG-1024x595.jpg 1024w, https:\/\/helipoland.com\/wp-content\/uploads\/2015\/09\/R44-ENG-300x174.jpg 300w, https:\/\/helipoland.com\/wp-content\/uploads\/2015\/09\/R44-ENG.jpg 1500w\" sizes=\"auto, (max-width: 800px) 100vw, 800px\" \/><\/p>\n<h4 style=\"text-align: center;\"><span style=\"color: #000000;\"><strong>Clippers are R44s equipped with floats providing an additional level of safety over-water<\/strong><\/span><\/h4>\n<p style=\"text-align: justify;\"><span style=\"color: #000000;\"><strong>FIXED FLOATS<\/strong><\/span><\/p>\n<p style=\"text-align: justify;\"><span style=\"color: #000000;\">Available on either the Clipper I or Clipper II, fixed utility floats remain fully inflated for continuous over-water operations. Fixed floats add approximately fifty pounds to the aircraft\u2019s empty weight and reduce the aircraft\u2019s cruise speed by approximately ten knots.<\/span><\/p>\n<p><a class=\"single_photoswipe\" href=\"https:\/\/helipoland.com\/wp-content\/uploads\/2019\/07\/r44_clipper_1_over_lake_landing_page.jpg\" data-size=\"1500x750\"><img loading=\"lazy\" decoding=\"async\" class=\"alignnone size-full wp-image-3822\" src=\"https:\/\/helipoland.com\/wp-content\/uploads\/2019\/07\/r44_clipper_1_over_lake_landing_page.jpg\" alt=\"\" width=\"1500\" height=\"750\" srcset=\"https:\/\/helipoland.com\/wp-content\/uploads\/2019\/07\/r44_clipper_1_over_lake_landing_page.jpg 1500w, https:\/\/helipoland.com\/wp-content\/uploads\/2019\/07\/r44_clipper_1_over_lake_landing_page-300x150.jpg 300w, https:\/\/helipoland.com\/wp-content\/uploads\/2019\/07\/r44_clipper_1_over_lake_landing_page-768x384.jpg 768w, https:\/\/helipoland.com\/wp-content\/uploads\/2019\/07\/r44_clipper_1_over_lake_landing_page-1024x512.jpg 1024w, https:\/\/helipoland.com\/wp-content\/uploads\/2019\/07\/r44_clipper_1_over_lake_landing_page-600x300.jpg 600w\" sizes=\"auto, (max-width: 1500px) 100vw, 1500px\" \/><\/a>","protected":false},"excerpt":{"rendered":"<p>Since 1999, the R44 has continuously been the best-selling helicopter in the world Over 6,000 helicopters sold in 2000-2018 make[&#8230;..]<\/p>\n","protected":false},"author":1,"featured_media":0,"parent":939,"menu_order":0,"comment_status":"closed","ping_status":"closed","template":"template-fullwidth-with-form.php","meta":{"_acf_changed":false,"footnotes":""},"class_list":["post-974","page","type-page","status-publish","hentry"],"acf":[],"yoast_head":"<!-- This site is optimized with the Yoast SEO plugin v24.8.1 - https:\/\/yoast.com\/wordpress\/plugins\/seo\/ -->\n<title>R44 RAVEN \/ CLIPPER<\/title>\n<meta name=\"description\" content=\"R44 RAVEN \/ CLIPPER Helicopters\" \/>\n<meta name=\"robots\" content=\"index, follow, max-snippet:-1, max-image-preview:large, max-video-preview:-1\" \/>\n<link rel=\"canonical\" href=\"https:\/\/helipoland.com\/sprzedaz-helikopterow-smiglowcow\/helikoptery-robinson\/r44-raven-i-clipper-i\/\" \/>\n<meta property=\"og:locale\" content=\"en_US\" \/>\n<meta property=\"og:type\" content=\"article\" \/>\n<meta property=\"og:title\" content=\"R44 RAVEN \/ CLIPPER\" \/>\n<meta property=\"og:description\" content=\"{:pl}\u015amig\u0142owce R44 RAVEN \/ CLIPPER{:en}R44 RAVEN \/ CLIPPER Helicopters{:}\" \/>\n<meta property=\"og:url\" content=\"https:\/\/helipoland.com\/sprzedaz-helikopterow-smiglowcow\/helikoptery-robinson\/r44-raven-i-clipper-i\/\" \/>\n<meta property=\"og:site_name\" content=\"Helipoland.com\" \/>\n<meta property=\"article:modified_time\" content=\"2023-07-13T10:08:02+00:00\" \/>\n<meta property=\"og:image\" content=\"http:\/\/helipoland.com\/wp-content\/uploads\/2015\/09\/R44-PL-1024x595.jpg\" \/>\n<meta name=\"twitter:label1\" content=\"Est. reading time\" \/>\n\t<meta name=\"twitter:data1\" content=\"5 minutes\" \/>\n<script type=\"application\/ld+json\" class=\"yoast-schema-graph\">{\"@context\":\"https:\/\/schema.org\",\"@graph\":[{\"@type\":\"WebPage\",\"@id\":\"https:\/\/helipoland.com\/sprzedaz-helikopterow-smiglowcow\/helikoptery-robinson\/r44-raven-i-clipper-i\/\",\"url\":\"https:\/\/helipoland.com\/sprzedaz-helikopterow-smiglowcow\/helikoptery-robinson\/r44-raven-i-clipper-i\/\",\"name\":\"R44 RAVEN \/ CLIPPER\",\"isPartOf\":{\"@id\":\"https:\/\/helipoland.com\/pl\/#website\"},\"primaryImageOfPage\":{\"@id\":\"https:\/\/helipoland.com\/sprzedaz-helikopterow-smiglowcow\/helikoptery-robinson\/r44-raven-i-clipper-i\/#primaryimage\"},\"image\":{\"@id\":\"https:\/\/helipoland.com\/sprzedaz-helikopterow-smiglowcow\/helikoptery-robinson\/r44-raven-i-clipper-i\/#primaryimage\"},\"thumbnailUrl\":\"http:\/\/helipoland.com\/wp-content\/uploads\/2015\/09\/R44-PL-1024x595.jpg\",\"datePublished\":\"2015-09-24T21:29:59+00:00\",\"dateModified\":\"2023-07-13T10:08:02+00:00\",\"description\":\"{:pl}\u015amig\u0142owce R44 RAVEN \/ CLIPPER{:en}R44 RAVEN \/ CLIPPER Helicopters{:}\",\"breadcrumb\":{\"@id\":\"https:\/\/helipoland.com\/sprzedaz-helikopterow-smiglowcow\/helikoptery-robinson\/r44-raven-i-clipper-i\/#breadcrumb\"},\"inLanguage\":\"en-US\",\"potentialAction\":[{\"@type\":\"ReadAction\",\"target\":[\"https:\/\/helipoland.com\/sprzedaz-helikopterow-smiglowcow\/helikoptery-robinson\/r44-raven-i-clipper-i\/\"]}]},{\"@type\":\"ImageObject\",\"inLanguage\":\"en-US\",\"@id\":\"https:\/\/helipoland.com\/sprzedaz-helikopterow-smiglowcow\/helikoptery-robinson\/r44-raven-i-clipper-i\/#primaryimage\",\"url\":\"http:\/\/helipoland.com\/wp-content\/uploads\/2015\/09\/R44-PL-1024x595.jpg\",\"contentUrl\":\"http:\/\/helipoland.com\/wp-content\/uploads\/2015\/09\/R44-PL-1024x595.jpg\"},{\"@type\":\"BreadcrumbList\",\"@id\":\"https:\/\/helipoland.com\/sprzedaz-helikopterow-smiglowcow\/helikoptery-robinson\/r44-raven-i-clipper-i\/#breadcrumb\",\"itemListElement\":[{\"@type\":\"ListItem\",\"position\":1,\"name\":\"Helipoland.com\",\"item\":\"https:\/\/helipoland.com\/pl\/\"},{\"@type\":\"ListItem\",\"position\":2,\"name\":\"Sprzeda\u017c nowych i u\u017cywanych \u015bmig\u0142owc\u00f3w (helikopter\u00f3w), akcesoria, l\u0105dowiska\",\"item\":\"https:\/\/helipoland.com\/sprzedaz-helikopterow-smiglowcow\/\"},{\"@type\":\"ListItem\",\"position\":3,\"name\":\"Nowe \u015bmig\u0142owce Robinson\",\"item\":\"https:\/\/helipoland.com\/sprzedaz-helikopterow-smiglowcow\/helikoptery-robinson\/\"},{\"@type\":\"ListItem\",\"position\":4,\"name\":\"R44 Raven I \/ Clipper I\"}]},{\"@type\":\"WebSite\",\"@id\":\"https:\/\/helipoland.com\/pl\/#website\",\"url\":\"https:\/\/helipoland.com\/pl\/\",\"name\":\"Helipoland.com\",\"description\":\"Helicopter flights, flying school, air services, helicopters\",\"potentialAction\":[{\"@type\":\"SearchAction\",\"target\":{\"@type\":\"EntryPoint\",\"urlTemplate\":\"https:\/\/helipoland.com\/pl\/?s={search_term_string}\"},\"query-input\":{\"@type\":\"PropertyValueSpecification\",\"valueRequired\":true,\"valueName\":\"search_term_string\"}}],\"inLanguage\":\"en-US\"}]}<\/script>\n<!-- \/ Yoast SEO plugin. -->","yoast_head_json":{"title":"R44 RAVEN \/ CLIPPER","description":"R44 RAVEN \/ CLIPPER Helicopters","robots":{"index":"index","follow":"follow","max-snippet":"max-snippet:-1","max-image-preview":"max-image-preview:large","max-video-preview":"max-video-preview:-1"},"canonical":"https:\/\/helipoland.com\/sprzedaz-helikopterow-smiglowcow\/helikoptery-robinson\/r44-raven-i-clipper-i\/","og_locale":"en_US","og_type":"article","og_title":"R44 RAVEN \/ CLIPPER","og_description":"{:pl}\u015amig\u0142owce R44 RAVEN \/ CLIPPER{:en}R44 RAVEN \/ CLIPPER Helicopters{:}","og_url":"https:\/\/helipoland.com\/sprzedaz-helikopterow-smiglowcow\/helikoptery-robinson\/r44-raven-i-clipper-i\/","og_site_name":"Helipoland.com","article_modified_time":"2023-07-13T10:08:02+00:00","og_image":[{"url":"http:\/\/helipoland.com\/wp-content\/uploads\/2015\/09\/R44-PL-1024x595.jpg","type":"","width":"","height":""}],"twitter_misc":{"Est. reading time":"5 minutes"},"schema":{"@context":"https:\/\/schema.org","@graph":[{"@type":"WebPage","@id":"https:\/\/helipoland.com\/sprzedaz-helikopterow-smiglowcow\/helikoptery-robinson\/r44-raven-i-clipper-i\/","url":"https:\/\/helipoland.com\/sprzedaz-helikopterow-smiglowcow\/helikoptery-robinson\/r44-raven-i-clipper-i\/","name":"R44 RAVEN \/ CLIPPER","isPartOf":{"@id":"https:\/\/helipoland.com\/pl\/#website"},"primaryImageOfPage":{"@id":"https:\/\/helipoland.com\/sprzedaz-helikopterow-smiglowcow\/helikoptery-robinson\/r44-raven-i-clipper-i\/#primaryimage"},"image":{"@id":"https:\/\/helipoland.com\/sprzedaz-helikopterow-smiglowcow\/helikoptery-robinson\/r44-raven-i-clipper-i\/#primaryimage"},"thumbnailUrl":"http:\/\/helipoland.com\/wp-content\/uploads\/2015\/09\/R44-PL-1024x595.jpg","datePublished":"2015-09-24T21:29:59+00:00","dateModified":"2023-07-13T10:08:02+00:00","description":"{:pl}\u015amig\u0142owce R44 RAVEN \/ CLIPPER{:en}R44 RAVEN \/ CLIPPER Helicopters{:}","breadcrumb":{"@id":"https:\/\/helipoland.com\/sprzedaz-helikopterow-smiglowcow\/helikoptery-robinson\/r44-raven-i-clipper-i\/#breadcrumb"},"inLanguage":"en-US","potentialAction":[{"@type":"ReadAction","target":["https:\/\/helipoland.com\/sprzedaz-helikopterow-smiglowcow\/helikoptery-robinson\/r44-raven-i-clipper-i\/"]}]},{"@type":"ImageObject","inLanguage":"en-US","@id":"https:\/\/helipoland.com\/sprzedaz-helikopterow-smiglowcow\/helikoptery-robinson\/r44-raven-i-clipper-i\/#primaryimage","url":"http:\/\/helipoland.com\/wp-content\/uploads\/2015\/09\/R44-PL-1024x595.jpg","contentUrl":"http:\/\/helipoland.com\/wp-content\/uploads\/2015\/09\/R44-PL-1024x595.jpg"},{"@type":"BreadcrumbList","@id":"https:\/\/helipoland.com\/sprzedaz-helikopterow-smiglowcow\/helikoptery-robinson\/r44-raven-i-clipper-i\/#breadcrumb","itemListElement":[{"@type":"ListItem","position":1,"name":"Helipoland.com","item":"https:\/\/helipoland.com\/pl\/"},{"@type":"ListItem","position":2,"name":"Sprzeda\u017c nowych i u\u017cywanych \u015bmig\u0142owc\u00f3w (helikopter\u00f3w), akcesoria, l\u0105dowiska","item":"https:\/\/helipoland.com\/sprzedaz-helikopterow-smiglowcow\/"},{"@type":"ListItem","position":3,"name":"Nowe \u015bmig\u0142owce Robinson","item":"https:\/\/helipoland.com\/sprzedaz-helikopterow-smiglowcow\/helikoptery-robinson\/"},{"@type":"ListItem","position":4,"name":"R44 Raven I \/ Clipper I"}]},{"@type":"WebSite","@id":"https:\/\/helipoland.com\/pl\/#website","url":"https:\/\/helipoland.com\/pl\/","name":"Helipoland.com","description":"Helicopter flights, flying school, air services, helicopters","potentialAction":[{"@type":"SearchAction","target":{"@type":"EntryPoint","urlTemplate":"https:\/\/helipoland.com\/pl\/?s={search_term_string}"},"query-input":{"@type":"PropertyValueSpecification","valueRequired":true,"valueName":"search_term_string"}}],"inLanguage":"en-US"}]}},"_links":{"self":[{"href":"https:\/\/helipoland.com\/en\/wp-json\/wp\/v2\/pages\/974","targetHints":{"allow":["GET"]}}],"collection":[{"href":"https:\/\/helipoland.com\/en\/wp-json\/wp\/v2\/pages"}],"about":[{"href":"https:\/\/helipoland.com\/en\/wp-json\/wp\/v2\/types\/page"}],"author":[{"embeddable":true,"href":"https:\/\/helipoland.com\/en\/wp-json\/wp\/v2\/users\/1"}],"replies":[{"embeddable":true,"href":"https:\/\/helipoland.com\/en\/wp-json\/wp\/v2\/comments?post=974"}],"version-history":[{"count":49,"href":"https:\/\/helipoland.com\/en\/wp-json\/wp\/v2\/pages\/974\/revisions"}],"predecessor-version":[{"id":5881,"href":"https:\/\/helipoland.com\/en\/wp-json\/wp\/v2\/pages\/974\/revisions\/5881"}],"up":[{"embeddable":true,"href":"https:\/\/helipoland.com\/en\/wp-json\/wp\/v2\/pages\/939"}],"wp:attachment":[{"href":"https:\/\/helipoland.com\/en\/wp-json\/wp\/v2\/media?parent=974"}],"curies":[{"name":"wp","href":"https:\/\/api.w.org\/{rel}","templated":true}]}}