{"id":1344,"date":"2015-09-30T07:23:11","date_gmt":"2015-09-30T07:23:11","guid":{"rendered":"http:\/\/helipoland.com\/?page_id=1344"},"modified":"2023-01-23T11:58:46","modified_gmt":"2023-01-23T11:58:46","slug":"uprawnienia-w-licencji-pilota-smiglowca","status":"publish","type":"page","link":"https:\/\/helipoland.com\/pl\/szkolenia-pilotow\/uprawnienia-w-licencji-pilota-smiglowca\/","title":{"rendered":"Uprawnienia w licencji pilota \u015bmig\u0142owca"},"content":{"rendered":"<div class=\"ezcol ezcol-one-half\">\n<p style=\"text-align: justify;\">Uzyskanie licencji pilota \u015bmig\u0142owca upowa\u017cnia do wykonywania czynno\u015bci pilota na takim typie \u015bmig\u0142owca, na jakim odby\u0142 si\u0119 egzamin do tej licencji. Je\u015bli chcemy zasi\u0105\u015b\u0107 za sterami innej maszyny w roli pilota-dow\u00f3dcy musimy przej\u015b\u0107 kr\u00f3tkie przeszkolenie na ten konkretny typ niezale\u017cnie od rodzaju posiadanej licencji. Rodzaj licencji ma natomiast\u00a0znaczenie dla wykonywania lot\u00f3w w nocy, w licencji zawodowej bowiem nie wymaga si\u0119 posiadania wpisu VFR noc tak jak w przypadku licencji &#8222;turystycznej&#8221;, dla kt\u00f3rej trzeba przej\u015b\u0107 odr\u0119bne szkolenie VFR noc. Uprawnienie do wykonywania lot\u00f3w wed\u0142ug wskaza\u0144 przyrz\u0105d\u00f3w w warunkach IMC (Instrument Meteorological Conditions), tj. poni\u017cej VMC (Visual Meteorological Conditions) czyli minim\u00f3w VFR lub VFR spec. tak\u017ce wymaga posiadania wpisu w\u00a0licencji niezale\u017cnie od jej rodzaju. Uprawnienia w licencji pilota \u015bmig\u0142owca mog\u0105 dotyczy\u0107 tak\u017ce innych czynno\u015bci pilota, np. uprawnienia instruktorskie. Szczeg\u00f3\u0142owych informacji na temat r\u00f3\u017cnych uprawnie\u0144, uwarunkowa\u0144 ich osi\u0105gni\u0119cia i podtrzymania zasi\u0119ga\u0107 mo\u017cna w naszym \u015brodku szkolenia, w Urz\u0119dzie Lotnictwa Cywilnego lub w dokumencie tzw. Part-FCL, do kt\u00f3rego link znajduje si\u0119 poni\u017cej. <\/div> <div class=\"ezcol ezcol-one-half ezcol-last\"><div id=\"metaslider-id-1495\" style=\"max-width: 700px;\" class=\"ml-slider-3-97-0 metaslider metaslider-flex metaslider-1495 ml-slider ms-theme-default\" role=\"region\" aria-roledescription=\"Slideshow\" aria-label=\"Uprawnienia\" data-width=\"700\">\n    <div id=\"metaslider_container_1495\">\n        <div id=\"metaslider_1495\">\n            <ul class='slides'>\n                <li style=\"display: block; width: 100%;\" class=\"slide-1497 ms-image \" aria-roledescription=\"slide\" aria-label=\"slide-1497\" data-date=\"2015-10-04 18:19:05\"><img loading=\"lazy\" decoding=\"async\" src=\"https:\/\/helipoland.com\/wp-content\/uploads\/2015\/10\/night-rating-helicopter-650x464.jpg\" height=\"500\" width=\"700\" alt=\"Szkolenie VFR noc na \u015bmig\u0142owcu\" class=\"slider-1495 slide-1497\" \/><\/li>\n                <li style=\"display: none; width: 100%;\" class=\"slide-1500 ms-image \" aria-roledescription=\"slide\" aria-label=\"slide-1500\" data-date=\"2015-10-04 18:22:00\"><img loading=\"lazy\" decoding=\"async\" src=\"https:\/\/helipoland.com\/wp-content\/uploads\/2015\/10\/DSC_1689-min-700x500.jpg\" height=\"500\" width=\"700\" alt=\"Szkolenia pilot\u00f3w \u015bmig\u0142owce\" class=\"slider-1495 slide-1500\" \/><\/li>\n                <li style=\"display: none; width: 100%;\" class=\"slide-1499 ms-image \" aria-roledescription=\"slide\" aria-label=\"slide-1499\" data-date=\"2015-10-04 18:21:52\"><img loading=\"lazy\" decoding=\"async\" src=\"https:\/\/helipoland.com\/wp-content\/uploads\/2015\/10\/Cockpit11169-min-700x500.jpg\" height=\"500\" width=\"700\" alt=\"Szkolenie IR(H)\" class=\"slider-1495 slide-1499\" \/><\/li>\n            <\/ul>\n        <\/div>\n        \n    <\/div>\n<\/div><\/div><div class=\"ezcol-divider\"><\/div><a href=\"http:\/\/eur-lex.europa.eu\/LexUriServ\/LexUriServ.do?uri=OJ:L:2011:311:0001:0193:PL:PDF\" target=\"_blank\" rel=\"noopener noreferrer\">ROZPORZ\u0104DZENIE KOMISJI (UE) NR 1178\/2011\u00a0z dnia 3 listopada 2011 r.<\/a>\u00a0<a style=\"line-height: 1.5;\" href=\"http:\/\/eur-lex.europa.eu\/LexUriServ\/LexUriServ.do?uri=OJ:L:2011:311:0001:0193:PL:PDF\" target=\"_blank\" rel=\"noopener noreferrer\">ustanawiaj\u0105ce wymagania techniczne i procedury administracyjne odnosz\u0105ce si\u0119 do za\u0142\u00f3g w lotnictwie cywilnym zgodnie z rozporz\u0105dzeniem Parlamentu Europejskiego i Rady (WE) nr 216\/2008<\/a><\/p>","protected":false},"excerpt":{"rendered":"<p>ROZPORZ\u0104DZENIE KOMISJI (UE) NR 1178\/2011\u00a0z dnia 3 listopada 2011 r.\u00a0ustanawiaj\u0105ce wymagania techniczne i procedury administracyjne odnosz\u0105ce si\u0119 do za\u0142\u00f3g w[&#8230;..]<\/p>\n","protected":false},"author":1,"featured_media":0,"parent":408,"menu_order":0,"comment_status":"closed","ping_status":"closed","template":"template-fullwidth-with-form.php","meta":{"_acf_changed":false,"footnotes":""},"class_list":["post-1344","page","type-page","status-publish","hentry"],"acf":[],"yoast_head":"<!-- This site is optimized with the Yoast SEO plugin v24.8.1 - https:\/\/yoast.com\/wordpress\/plugins\/seo\/ -->\n<title>Uprawnienia w licencji pilota \u015bmig\u0142owca<\/title>\n<meta name=\"description\" content=\"Uprawnienia w licencji pilota \u015bmig\u0142owca. Uprawnienia na typ, uprawnienie do lot\u00f3w nocnych, uprawnienie instruktorskie.\" \/>\n<meta name=\"robots\" content=\"index, follow, max-snippet:-1, max-image-preview:large, max-video-preview:-1\" \/>\n<link rel=\"canonical\" href=\"https:\/\/helipoland.com\/szkolenia-pilotow\/uprawnienia-w-licencji-pilota-smiglowca\/\" \/>\n<meta property=\"og:locale\" content=\"pl_PL\" \/>\n<meta property=\"og:type\" content=\"article\" \/>\n<meta property=\"og:title\" content=\"[:pl]Uprawnienia w licencji pilota \u015bmig\u0142owca[:en]Ratings in a helicopter pilot license[:]\" \/>\n<meta property=\"og:description\" content=\"{:pl}Uprawnienia w licencji pilota \u015bmig\u0142owca. Uprawnienia na typ, uprawnienie do lot\u00f3w nocnych, uprawnienie instruktorskie.{:en}Ratings in a helicopter pilot license. Type ratings, night rating, instructor rating.{:}\" \/>\n<meta property=\"og:url\" content=\"https:\/\/helipoland.com\/szkolenia-pilotow\/uprawnienia-w-licencji-pilota-smiglowca\/\" \/>\n<meta property=\"og:site_name\" content=\"Helipoland.com\" \/>\n<meta property=\"article:modified_time\" content=\"2023-01-23T11:58:46+00:00\" \/>\n<meta name=\"twitter:label1\" content=\"Szacowany czas czytania\" \/>\n\t<meta name=\"twitter:data1\" content=\"2 minuty\" \/>\n<script type=\"application\/ld+json\" class=\"yoast-schema-graph\">{\"@context\":\"https:\/\/schema.org\",\"@graph\":[{\"@type\":\"WebPage\",\"@id\":\"https:\/\/helipoland.com\/szkolenia-pilotow\/uprawnienia-w-licencji-pilota-smiglowca\/\",\"url\":\"https:\/\/helipoland.com\/szkolenia-pilotow\/uprawnienia-w-licencji-pilota-smiglowca\/\",\"name\":\"[:pl]Uprawnienia w licencji pilota \u015bmig\u0142owca[:en]Ratings in a helicopter pilot license[:]\",\"isPartOf\":{\"@id\":\"https:\/\/helipoland.com\/pl\/#website\"},\"datePublished\":\"2015-09-30T07:23:11+00:00\",\"dateModified\":\"2023-01-23T11:58:46+00:00\",\"description\":\"{:pl}Uprawnienia w licencji pilota \u015bmig\u0142owca. Uprawnienia na typ, uprawnienie do lot\u00f3w nocnych, uprawnienie instruktorskie.{:en}Ratings in a helicopter pilot license. Type ratings, night rating, instructor rating.{:}\",\"breadcrumb\":{\"@id\":\"https:\/\/helipoland.com\/szkolenia-pilotow\/uprawnienia-w-licencji-pilota-smiglowca\/#breadcrumb\"},\"inLanguage\":\"pl-PL\",\"potentialAction\":[{\"@type\":\"ReadAction\",\"target\":[\"https:\/\/helipoland.com\/szkolenia-pilotow\/uprawnienia-w-licencji-pilota-smiglowca\/\"]}]},{\"@type\":\"BreadcrumbList\",\"@id\":\"https:\/\/helipoland.com\/szkolenia-pilotow\/uprawnienia-w-licencji-pilota-smiglowca\/#breadcrumb\",\"itemListElement\":[{\"@type\":\"ListItem\",\"position\":1,\"name\":\"Helipoland.com\",\"item\":\"https:\/\/helipoland.com\/pl\/\"},{\"@type\":\"ListItem\",\"position\":2,\"name\":\"Szkolenia pilot\u00f3w\",\"item\":\"https:\/\/helipoland.com\/szkolenia-pilotow\/\"},{\"@type\":\"ListItem\",\"position\":3,\"name\":\"Uprawnienia w licencji pilota \u015bmig\u0142owca\"}]},{\"@type\":\"WebSite\",\"@id\":\"https:\/\/helipoland.com\/pl\/#website\",\"url\":\"https:\/\/helipoland.com\/pl\/\",\"name\":\"Helipoland.com\",\"description\":\"Loty helikopterem, szko\u0142a latania, us\u0142ugi lotnicze, \u015bmig\u0142owce\",\"potentialAction\":[{\"@type\":\"SearchAction\",\"target\":{\"@type\":\"EntryPoint\",\"urlTemplate\":\"https:\/\/helipoland.com\/pl\/?s={search_term_string}\"},\"query-input\":{\"@type\":\"PropertyValueSpecification\",\"valueRequired\":true,\"valueName\":\"search_term_string\"}}],\"inLanguage\":\"pl-PL\"}]}<\/script>\n<!-- \/ Yoast SEO plugin. -->","yoast_head_json":{"title":"Uprawnienia w licencji pilota \u015bmig\u0142owca","description":"Uprawnienia w licencji pilota \u015bmig\u0142owca. Uprawnienia na typ, uprawnienie do lot\u00f3w nocnych, uprawnienie instruktorskie.","robots":{"index":"index","follow":"follow","max-snippet":"max-snippet:-1","max-image-preview":"max-image-preview:large","max-video-preview":"max-video-preview:-1"},"canonical":"https:\/\/helipoland.com\/szkolenia-pilotow\/uprawnienia-w-licencji-pilota-smiglowca\/","og_locale":"pl_PL","og_type":"article","og_title":"[:pl]Uprawnienia w licencji pilota \u015bmig\u0142owca[:en]Ratings in a helicopter pilot license[:]","og_description":"{:pl}Uprawnienia w licencji pilota \u015bmig\u0142owca. Uprawnienia na typ, uprawnienie do lot\u00f3w nocnych, uprawnienie instruktorskie.{:en}Ratings in a helicopter pilot license. Type ratings, night rating, instructor rating.{:}","og_url":"https:\/\/helipoland.com\/szkolenia-pilotow\/uprawnienia-w-licencji-pilota-smiglowca\/","og_site_name":"Helipoland.com","article_modified_time":"2023-01-23T11:58:46+00:00","twitter_misc":{"Szacowany czas czytania":"2 minuty"},"schema":{"@context":"https:\/\/schema.org","@graph":[{"@type":"WebPage","@id":"https:\/\/helipoland.com\/szkolenia-pilotow\/uprawnienia-w-licencji-pilota-smiglowca\/","url":"https:\/\/helipoland.com\/szkolenia-pilotow\/uprawnienia-w-licencji-pilota-smiglowca\/","name":"[:pl]Uprawnienia w licencji pilota \u015bmig\u0142owca[:en]Ratings in a helicopter pilot license[:]","isPartOf":{"@id":"https:\/\/helipoland.com\/pl\/#website"},"datePublished":"2015-09-30T07:23:11+00:00","dateModified":"2023-01-23T11:58:46+00:00","description":"{:pl}Uprawnienia w licencji pilota \u015bmig\u0142owca. Uprawnienia na typ, uprawnienie do lot\u00f3w nocnych, uprawnienie instruktorskie.{:en}Ratings in a helicopter pilot license. Type ratings, night rating, instructor rating.{:}","breadcrumb":{"@id":"https:\/\/helipoland.com\/szkolenia-pilotow\/uprawnienia-w-licencji-pilota-smiglowca\/#breadcrumb"},"inLanguage":"pl-PL","potentialAction":[{"@type":"ReadAction","target":["https:\/\/helipoland.com\/szkolenia-pilotow\/uprawnienia-w-licencji-pilota-smiglowca\/"]}]},{"@type":"BreadcrumbList","@id":"https:\/\/helipoland.com\/szkolenia-pilotow\/uprawnienia-w-licencji-pilota-smiglowca\/#breadcrumb","itemListElement":[{"@type":"ListItem","position":1,"name":"Helipoland.com","item":"https:\/\/helipoland.com\/pl\/"},{"@type":"ListItem","position":2,"name":"Szkolenia pilot\u00f3w","item":"https:\/\/helipoland.com\/szkolenia-pilotow\/"},{"@type":"ListItem","position":3,"name":"Uprawnienia w licencji pilota \u015bmig\u0142owca"}]},{"@type":"WebSite","@id":"https:\/\/helipoland.com\/pl\/#website","url":"https:\/\/helipoland.com\/pl\/","name":"Helipoland.com","description":"Loty helikopterem, szko\u0142a latania, us\u0142ugi lotnicze, \u015bmig\u0142owce","potentialAction":[{"@type":"SearchAction","target":{"@type":"EntryPoint","urlTemplate":"https:\/\/helipoland.com\/pl\/?s={search_term_string}"},"query-input":{"@type":"PropertyValueSpecification","valueRequired":true,"valueName":"search_term_string"}}],"inLanguage":"pl-PL"}]}},"_links":{"self":[{"href":"https:\/\/helipoland.com\/pl\/wp-json\/wp\/v2\/pages\/1344","targetHints":{"allow":["GET"]}}],"collection":[{"href":"https:\/\/helipoland.com\/pl\/wp-json\/wp\/v2\/pages"}],"about":[{"href":"https:\/\/helipoland.com\/pl\/wp-json\/wp\/v2\/types\/page"}],"author":[{"embeddable":true,"href":"https:\/\/helipoland.com\/pl\/wp-json\/wp\/v2\/users\/1"}],"replies":[{"embeddable":true,"href":"https:\/\/helipoland.com\/pl\/wp-json\/wp\/v2\/comments?post=1344"}],"version-history":[{"count":14,"href":"https:\/\/helipoland.com\/pl\/wp-json\/wp\/v2\/pages\/1344\/revisions"}],"predecessor-version":[{"id":5811,"href":"https:\/\/helipoland.com\/pl\/wp-json\/wp\/v2\/pages\/1344\/revisions\/5811"}],"up":[{"embeddable":true,"href":"https:\/\/helipoland.com\/pl\/wp-json\/wp\/v2\/pages\/408"}],"wp:attachment":[{"href":"https:\/\/helipoland.com\/pl\/wp-json\/wp\/v2\/media?parent=1344"}],"curies":[{"name":"wp","href":"https:\/\/api.w.org\/{rel}","templated":true}]}}