{"id":1350,"date":"2015-09-30T15:59:07","date_gmt":"2015-09-30T15:59:07","guid":{"rendered":"http:\/\/helipoland.com\/?page_id=1350"},"modified":"2023-01-23T13:00:43","modified_gmt":"2023-01-23T13:00:43","slug":"jezyk-angielski-w-licencji","status":"publish","type":"page","link":"https:\/\/helipoland.com\/pl\/szkolenia-pilotow\/jezyk-angielski-w-licencji\/","title":{"rendered":"J\u0119zyk angielski w licencji"},"content":{"rendered":"<hr \/>\n<p style=\"text-align: justify;\"><span style=\"color: #000000;\">J\u0119zyk angielski odgrywa kluczow\u0105 rol\u0119 w radiokomunikacji lotniczej. Jest powszechnie stosowany przez wszystkie pa\u0144stwa ICAO. <strong>Ka\u017cdy pilot, kt\u00f3ry chce wykonywa\u0107 loty w przestrzeni mi\u0119dzynarodowej, musi mie\u0107 wpis do licencji potwierdzaj\u0105cy znajomo\u015b\u0107 j\u0119zyka angielskiego co najmniej na poziomie operacyjnym, czyli ICAO 4.<\/strong> Poziom operacyjny (ICAO level 4) jest wa\u017cny przez 4 lata, ICAO Level 5\u00a0przez 6 lat, natomiast ICAO Level 6, najwy\u017cszy poziom, jest nadawany do\u017cywotnio i zwalnia pilota z obowi\u0105zku powt\u00f3rnego podchodzenia do egzaminu.\u00a0Aby wzi\u0105\u0107 udzia\u0142 w kursie zach\u0119camy zar\u00f3wno licencjonowanych pilot\u00f3w, jak i uczni\u00f3w-pilot\u00f3w i kandydat\u00f3w, kt\u00f3rzy my\u015bl\u0105 o samodzielnym\u00a0lataniu poza granicami\u00a0kraju posiadaj\u0105c tzw. j\u0119zyk angielski w licencji.<\/span><\/p>\n<p style=\"text-align: justify;\"><span style=\"color: #000000;\"><strong>Kursy przygotowawcze wraz z egzaminem z frazeologii lotniczej po angielsku wed\u0142ug standard\u00f3w ICAO organizujemy cyklicznie po zebraniu odpowiedniej liczby ch\u0119tnych.<\/strong><\/span><\/p>\n<p style=\"text-align: justify;\"><span style=\"color: #000000;\"><strong>Koszt egzaminu wraz z kursem przygotowawczo-od\u015bwierzaj\u0105cym, terminy kurs\u00f3w uzgadniane s\u0105 indywidualnie. Zapraszamy do naszych partner\u00f3w !<\/strong><\/span><\/p>\n<p><a href=\"https:\/\/helipoland.com\/logo-icao4me\/\"><img loading=\"lazy\" decoding=\"async\" class=\"aligncenter size-full wp-image-5709\" src=\"https:\/\/helipoland.com\/wp-content\/uploads\/2022\/11\/Logo-ICAO4me.png\" alt=\"Logo ICAO4me\" width=\"2894\" height=\"784\" srcset=\"https:\/\/helipoland.com\/wp-content\/uploads\/2022\/11\/Logo-ICAO4me.png 2894w, https:\/\/helipoland.com\/wp-content\/uploads\/2022\/11\/Logo-ICAO4me-300x81.png 300w, https:\/\/helipoland.com\/wp-content\/uploads\/2022\/11\/Logo-ICAO4me-1024x277.png 1024w, https:\/\/helipoland.com\/wp-content\/uploads\/2022\/11\/Logo-ICAO4me-768x208.png 768w, https:\/\/helipoland.com\/wp-content\/uploads\/2022\/11\/Logo-ICAO4me-600x163.png 600w, https:\/\/helipoland.com\/wp-content\/uploads\/2022\/11\/Logo-ICAO4me-1800x488.png 1800w, https:\/\/helipoland.com\/wp-content\/uploads\/2022\/11\/Logo-ICAO4me-1536x416.png 1536w, https:\/\/helipoland.com\/wp-content\/uploads\/2022\/11\/Logo-ICAO4me-2048x555.png 2048w\" sizes=\"auto, (max-width: 2894px) 100vw, 2894px\" \/><\/a><\/p>\n<h3 style=\"text-align: center;\"><strong>Kliknij <a href=\"https:\/\/platforma.icao4.me\/?afp=280d14\">tutaj<\/a> aby zobaczy\u0107 szczeg\u00f3\u0142y dotycz\u0105ce kursu z egzaminem.<\/strong><\/h3>\n<h3 style=\"text-align: center;\"><strong>Kliknij <a href=\"https:\/\/helipoland.com\/wp-content\/uploads\/2022\/11\/ICAO4.me-kurs-stacjonarny-z-egzaminem.pdf\">tutaj<\/a> aby pobra\u0107 PDF.<\/strong><\/h3>\n<p style=\"text-align: justify;\"><span style=\"color: #000000;\">Uzyskanie pozytywnego wyniku skutkuje\u00a0uzyskaniem wpisu w licencji. Zgodnie z \u00a7 9 ust. 1 rozporz\u0105dzenia Ministra Transportu, Budownictwa i Gospodarki Morskiej z dnia 2 wrze\u015bnia 2013 r. w sprawie licencjonowania personelu lotniczego licencj\u0119 lub uprawnienie wydaje si\u0119 na wniosek z\u0142o\u017cony do Prezesa Urz\u0119du (nr 17\/LPL-1), kt\u00f3ry dost\u0119pny jest<span style=\"color: #0000ff;\"><strong> <a style=\"color: #0000ff;\" href=\"http:\/\/www.ulc.gov.pl\/pl\/personel-lotniczy\/licencjonowanie-personelu-lotniczego\/wzory-wnioskow\/2023-17lpl1-wniosek-o-wymiane-licencji-z-powodow-administracyjnych\" target=\"_blank\" rel=\"noopener noreferrer\">tutaj.<\/a><\/strong><\/span><\/span><\/p>\n<p><strong><span style=\"color: #000000;\">Mi\u0119dzynarodowe standardy<br \/>\n<\/span><\/strong><br \/>\n<span style=\"color: #000000;\">Obecne wymagania dotycz\u0105ce potwierdzania licencji ELP personelu operacyjnego s\u0105 szczeg\u00f3\u0142owo opisane w <a href=\"https:\/\/www.icao.int\/APAC\/Meetings\/2019%20COSCAP%20SEAEASA%20PEL\/AN01_cons.2019_compressed.pdf\">Za\u0142\u0105czniku 1 ICAO \u2014 Licencjonowanie personelu<\/a> i wyja\u015bnione w Podr\u0119czniku wdra\u017cania wymaga\u0144 dotycz\u0105cych bieg\u0142o\u015bci j\u0119zykowej ICAO, Doc 9835 ICAO (patrz Odniesienia).<\/span><\/p>\n<p><span style=\"color: #000000;\"><strong>Skala oceny bieg\u0142o\u015bci j\u0119zykowej ICAO:<\/strong><\/span><br \/>\n<div class=\"show_more\"><p class=\"wpsm-show\" style=\"color: #000000; font-size: 100%; text-align: left;\">\u00bb Zobacz tabel\u0119 z dokumentu <em>ICAO Za\u0142\u0105cznik 1 \u2014 Licencjonowanie personelu<\/em><\/p><div class=\"wpsm-content\">\n<p><a href=\"https:\/\/helipoland.com\/icao-rating-scale-141-2\/\"><img loading=\"lazy\" decoding=\"async\" class=\"aligncenter size-full wp-image-5435\" src=\"https:\/\/helipoland.com\/wp-content\/uploads\/2022\/01\/ICAO-Rating-scale-141-1-scaled.jpg\" alt=\"Skala ocen ICAO Level\" width=\"2560\" height=\"1978\" srcset=\"https:\/\/helipoland.com\/wp-content\/uploads\/2022\/01\/ICAO-Rating-scale-141-1-scaled.jpg 2560w, https:\/\/helipoland.com\/wp-content\/uploads\/2022\/01\/ICAO-Rating-scale-141-1-300x232.jpg 300w, https:\/\/helipoland.com\/wp-content\/uploads\/2022\/01\/ICAO-Rating-scale-141-1-1024x791.jpg 1024w, https:\/\/helipoland.com\/wp-content\/uploads\/2022\/01\/ICAO-Rating-scale-141-1-768x593.jpg 768w, https:\/\/helipoland.com\/wp-content\/uploads\/2022\/01\/ICAO-Rating-scale-141-1-600x464.jpg 600w, https:\/\/helipoland.com\/wp-content\/uploads\/2022\/01\/ICAO-Rating-scale-141-1-1800x1391.jpg 1800w, https:\/\/helipoland.com\/wp-content\/uploads\/2022\/01\/ICAO-Rating-scale-141-1-1536x1187.jpg 1536w, https:\/\/helipoland.com\/wp-content\/uploads\/2022\/01\/ICAO-Rating-scale-141-1-2048x1583.jpg 2048w\" sizes=\"auto, (max-width: 2560px) 100vw, 2560px\" \/><\/a><a href=\"https:\/\/helipoland.com\/icao-rating-scale-142-2\/\"><img loading=\"lazy\" decoding=\"async\" class=\"aligncenter size-full wp-image-5434\" src=\"https:\/\/helipoland.com\/wp-content\/uploads\/2022\/01\/ICAO-Rating-scale-142-1-scaled.jpg\" alt=\"Skala ocen ICAO Level\" width=\"2560\" height=\"1978\" srcset=\"https:\/\/helipoland.com\/wp-content\/uploads\/2022\/01\/ICAO-Rating-scale-142-1-scaled.jpg 2560w, https:\/\/helipoland.com\/wp-content\/uploads\/2022\/01\/ICAO-Rating-scale-142-1-300x232.jpg 300w, https:\/\/helipoland.com\/wp-content\/uploads\/2022\/01\/ICAO-Rating-scale-142-1-1024x791.jpg 1024w, https:\/\/helipoland.com\/wp-content\/uploads\/2022\/01\/ICAO-Rating-scale-142-1-768x593.jpg 768w, https:\/\/helipoland.com\/wp-content\/uploads\/2022\/01\/ICAO-Rating-scale-142-1-600x464.jpg 600w, https:\/\/helipoland.com\/wp-content\/uploads\/2022\/01\/ICAO-Rating-scale-142-1-1800x1391.jpg 1800w, https:\/\/helipoland.com\/wp-content\/uploads\/2022\/01\/ICAO-Rating-scale-142-1-1536x1187.jpg 1536w, https:\/\/helipoland.com\/wp-content\/uploads\/2022\/01\/ICAO-Rating-scale-142-1-2048x1583.jpg 2048w\" sizes=\"auto, (max-width: 2560px) 100vw, 2560px\" \/><\/a><\/p>\n<p><span style=\"color: #000000;\"> <p class=\"wpsm-hide\" style=\"color: #000000; font-size: 100%; text-align: left;\">\u00bb Schowaj<\/p><\/div><\/div><\/span><\/p>\n<p style=\"text-align: justify;\"><span style=\"color: #000000;\">Poni\u017csze punkty zawieraj\u0105 podstawowe koncepcje i oczekiwania wynikaj\u0105ce z &#8222;FCL.055 Znajomo\u015b\u0107 j\u0119zyka&#8221;, \u017ar\u00f3d\u0142a cz\u0119sto przywo\u0142ywanego przez wymagania ICAO, EU i UK CAA:<\/span><\/p>\n<ul>\n<li style=\"text-align: justify;\"><span style=\"color: #000000;\">Piloci samolot\u00f3w, \u015bmig\u0142owc\u00f3w, pionowzlot\u00f3w i sterowc\u00f3w, od kt\u00f3rych wymaga si\u0119 korzystania z radiotelefonii, nie mog\u0105 korzysta\u0107 z przywilej\u00f3w wynikaj\u0105cych z ich licencji i uprawnie\u0144, chyba \u017ce posiadaj\u0105 na licencji potwierdzenie bieg\u0142o\u015bci j\u0119zykowej w j\u0119zyku angielskim lub j\u0119zyku u\u017cywanym w komunikacji radiowej podczas lotu . W potwierdzeniu nale\u017cy wskaza\u0107 j\u0119zyk, poziom bieg\u0142o\u015bci i dat\u0119 wa\u017cno\u015bci.<\/span><\/li>\n<li style=\"text-align: justify;\"><span style=\"color: #000000;\">Wnioskodawca ubiegaj\u0105cy si\u0119 o potwierdzenie bieg\u0142o\u015bci j\u0119zykowej wykazuje, zgodnie z dodatkiem 2\u2026, przynajmniej operacyjny poziom bieg\u0142o\u015bci j\u0119zykowej, zar\u00f3wno w zakresie u\u017cywania frazeologii, jak i zwyk\u0142ego j\u0119zyka.<\/span><\/li>\n<li style=\"text-align: justify;\"><span style=\"color: #000000;\">Na poziomie operacyjnym wnioskodawca powinien wykaza\u0107 si\u0119 umiej\u0119tno\u015bci\u0105:<\/span>\n<ul>\n<li><span style=\"color: #000000;\">Komunikowa\u0107 si\u0119 skutecznie w sytuacjach wy\u0142\u0105cznie g\u0142osowych i twarz\u0105 w twarz;<\/span><\/li>\n<li><span style=\"color: #000000;\">Komunikowa\u0107 si\u0119 na popularne i zwi\u0105zane z prac\u0105 tematy z dok\u0142adno\u015bci\u0105 i jasno\u015bci\u0105;<\/span><\/li>\n<li><span style=\"color: #000000;\">Stosowa\u0107 odpowiednie strategie komunikacyjne, aby wymienia\u0107 wiadomo\u015bci oraz rozpoznawa\u0107 i rozwi\u0105zywa\u0107 nieporozumienia w kontek\u015bcie og\u00f3lnym lub zwi\u0105zanym z prac\u0105;<\/span><\/li>\n<li><span style=\"color: #000000;\">Skutecznie radzi\u0107 sobie z wyzwaniami j\u0119zykowymi wynikaj\u0105cymi z komplikacji lub nieoczekiwanego obrotu wydarze\u0144, kt\u00f3re pojawiaj\u0105 si\u0119 w kontek\u015bcie rutynowej sytuacji w pracy lub zadania komunikacyjnego, z kt\u00f3rym s\u0105 zaznajomieni; oraz,<\/span><\/li>\n<li><span style=\"color: #000000;\">U\u017cywa\u0107 dialektu lub akcentu zrozumia\u0142ego dla \u015brodowiska lotniczego.<\/span><\/li>\n<\/ul>\n<\/li>\n<li style=\"text-align: justify;\"><span style=\"color: #000000;\">Interwa\u0142y dla ponownej oceny uzupe\u0142niaj\u0105cej licencji bieg\u0142o\u015bci j\u0119zykowej pilota zale\u017c\u0105 od daty zatwierdzenia przez pilota w celu wykazania bieg\u0142o\u015bci na poziomie 4 (poziom operacyjny), 5 (poziom rozszerzony) lub 6 (poziom ekspert) w nast\u0119puj\u0105cy spos\u00f3b:<\/span>\n<ul>\n<li><span style=\"color: #000000;\">Cztery lata, je\u015bli wykazany poziom jest poziomem operacyjnym;<\/span><\/li>\n<li><span style=\"color: #000000;\">Sze\u015b\u0107 lat, je\u015bli demonstrowany poziom jest poziomem rozszerzonym; oraz,<\/span><\/li>\n<li><span style=\"color: #000000;\">Ocena formalna nie jest wymagana w przypadku kandydat\u00f3w, kt\u00f3rzy wykazuj\u0105 poziom ekspercki (tj. native i bardzo biegli obcoj\u0119zyczni u\u017cytkownicy z dialektem lub akcentem zrozumia\u0142ym dla mi\u0119dzynarodowej spo\u0142eczno\u015bci lotniczej).<\/span><\/li>\n<\/ul>\n<\/li>\n<li><span style=\"color: #000000;\">Posiadacze uprawnienia do wykonywania przyrz\u0105d\u00f3w, poza wymienionymi umiej\u0119tno\u015bciami, musz\u0105 wykaza\u0107 si\u0119 \u2013 zgodnie z metod\u0105 oceniania przez w\u0142a\u015bciwy organ \u2013 swoj\u0105 umiej\u0119tno\u015bci\u0105 pos\u0142ugiwania si\u0119 j\u0119zykiem angielskim na poziomie, kt\u00f3ry pozwala im:<\/span>\n<ul>\n<li style=\"text-align: justify;\"><span style=\"color: #000000;\">Rozumie\u0107 wszystkie informacje istotne dla uko\u0144czenia wszystkich faz lotu, w tym przygotowania do lotu;<\/span><\/li>\n<li style=\"text-align: justify;\"><span style=\"color: #000000;\">Korzysta\u0107 z radiotelefonii we wszystkich fazach lotu, w tym w sytuacjach awaryjnych; oraz,<\/span><\/li>\n<li style=\"text-align: justify;\"><span style=\"color: #000000;\">Komunikowa\u0107 si\u0119 z innymi cz\u0142onkami za\u0142ogi podczas wszystkich faz lotu, w tym przygotowania do lotu.<\/span><\/li>\n<\/ul>\n<\/li>\n<\/ul>","protected":false},"excerpt":{"rendered":"<p>J\u0119zyk angielski odgrywa kluczow\u0105 rol\u0119 w radiokomunikacji lotniczej. Jest powszechnie stosowany przez wszystkie pa\u0144stwa ICAO. Ka\u017cdy pilot, kt\u00f3ry chce wykonywa\u0107[&#8230;..]<\/p>\n","protected":false},"author":1,"featured_media":0,"parent":408,"menu_order":0,"comment_status":"closed","ping_status":"closed","template":"template-fullwidth-with-form.php","meta":{"_acf_changed":false,"footnotes":""},"class_list":["post-1350","page","type-page","status-publish","hentry"],"acf":[],"yoast_head":"<!-- This site is optimized with the Yoast SEO plugin v24.8.1 - https:\/\/yoast.com\/wordpress\/plugins\/seo\/ -->\n<title>J\u0119zyk angielski w licencji<\/title>\n<meta name=\"description\" content=\"J\u0119zyk angielski w licencji\" \/>\n<meta name=\"robots\" content=\"index, follow, max-snippet:-1, max-image-preview:large, max-video-preview:-1\" \/>\n<link rel=\"canonical\" href=\"https:\/\/helipoland.com\/szkolenia-pilotow\/jezyk-angielski-w-licencji\/\" \/>\n<meta property=\"og:locale\" content=\"pl_PL\" \/>\n<meta property=\"og:type\" content=\"article\" \/>\n<meta property=\"og:title\" content=\"[:pl]J\u0119zyk angielski w licencji[:en]ICAO english proficiency[:]\" \/>\n<meta property=\"og:description\" content=\"{:pl}J\u0119zyk angielski w licencji{:en}ICAO english proficiency{:}\" \/>\n<meta property=\"og:url\" content=\"https:\/\/helipoland.com\/szkolenia-pilotow\/jezyk-angielski-w-licencji\/\" \/>\n<meta property=\"og:site_name\" content=\"Helipoland.com\" \/>\n<meta property=\"article:modified_time\" content=\"2023-01-23T13:00:43+00:00\" \/>\n<meta property=\"og:image\" content=\"https:\/\/helipoland.com\/wp-content\/uploads\/2022\/11\/Logo-ICAO4me.png\" \/>\n<meta name=\"twitter:label1\" content=\"Szacowany czas czytania\" \/>\n\t<meta name=\"twitter:data1\" content=\"8 minut\" \/>\n<script type=\"application\/ld+json\" class=\"yoast-schema-graph\">{\"@context\":\"https:\/\/schema.org\",\"@graph\":[{\"@type\":\"WebPage\",\"@id\":\"https:\/\/helipoland.com\/szkolenia-pilotow\/jezyk-angielski-w-licencji\/\",\"url\":\"https:\/\/helipoland.com\/szkolenia-pilotow\/jezyk-angielski-w-licencji\/\",\"name\":\"[:pl]J\u0119zyk angielski w licencji[:en]ICAO english proficiency[:]\",\"isPartOf\":{\"@id\":\"https:\/\/helipoland.com\/pl\/#website\"},\"primaryImageOfPage\":{\"@id\":\"https:\/\/helipoland.com\/szkolenia-pilotow\/jezyk-angielski-w-licencji\/#primaryimage\"},\"image\":{\"@id\":\"https:\/\/helipoland.com\/szkolenia-pilotow\/jezyk-angielski-w-licencji\/#primaryimage\"},\"thumbnailUrl\":\"https:\/\/helipoland.com\/wp-content\/uploads\/2022\/11\/Logo-ICAO4me.png\",\"datePublished\":\"2015-09-30T15:59:07+00:00\",\"dateModified\":\"2023-01-23T13:00:43+00:00\",\"description\":\"{:pl}J\u0119zyk angielski w licencji{:en}ICAO english proficiency{:}\",\"breadcrumb\":{\"@id\":\"https:\/\/helipoland.com\/szkolenia-pilotow\/jezyk-angielski-w-licencji\/#breadcrumb\"},\"inLanguage\":\"pl-PL\",\"potentialAction\":[{\"@type\":\"ReadAction\",\"target\":[\"https:\/\/helipoland.com\/szkolenia-pilotow\/jezyk-angielski-w-licencji\/\"]}]},{\"@type\":\"ImageObject\",\"inLanguage\":\"pl-PL\",\"@id\":\"https:\/\/helipoland.com\/szkolenia-pilotow\/jezyk-angielski-w-licencji\/#primaryimage\",\"url\":\"https:\/\/helipoland.com\/wp-content\/uploads\/2022\/11\/Logo-ICAO4me.png\",\"contentUrl\":\"https:\/\/helipoland.com\/wp-content\/uploads\/2022\/11\/Logo-ICAO4me.png\"},{\"@type\":\"BreadcrumbList\",\"@id\":\"https:\/\/helipoland.com\/szkolenia-pilotow\/jezyk-angielski-w-licencji\/#breadcrumb\",\"itemListElement\":[{\"@type\":\"ListItem\",\"position\":1,\"name\":\"Helipoland.com\",\"item\":\"https:\/\/helipoland.com\/pl\/\"},{\"@type\":\"ListItem\",\"position\":2,\"name\":\"Szkolenia pilot\u00f3w\",\"item\":\"https:\/\/helipoland.com\/szkolenia-pilotow\/\"},{\"@type\":\"ListItem\",\"position\":3,\"name\":\"J\u0119zyk angielski w licencji\"}]},{\"@type\":\"WebSite\",\"@id\":\"https:\/\/helipoland.com\/pl\/#website\",\"url\":\"https:\/\/helipoland.com\/pl\/\",\"name\":\"Helipoland.com\",\"description\":\"Loty helikopterem, szko\u0142a latania, us\u0142ugi lotnicze, \u015bmig\u0142owce\",\"potentialAction\":[{\"@type\":\"SearchAction\",\"target\":{\"@type\":\"EntryPoint\",\"urlTemplate\":\"https:\/\/helipoland.com\/pl\/?s={search_term_string}\"},\"query-input\":{\"@type\":\"PropertyValueSpecification\",\"valueRequired\":true,\"valueName\":\"search_term_string\"}}],\"inLanguage\":\"pl-PL\"}]}<\/script>\n<!-- \/ Yoast SEO plugin. -->","yoast_head_json":{"title":"J\u0119zyk angielski w licencji","description":"J\u0119zyk angielski w licencji","robots":{"index":"index","follow":"follow","max-snippet":"max-snippet:-1","max-image-preview":"max-image-preview:large","max-video-preview":"max-video-preview:-1"},"canonical":"https:\/\/helipoland.com\/szkolenia-pilotow\/jezyk-angielski-w-licencji\/","og_locale":"pl_PL","og_type":"article","og_title":"[:pl]J\u0119zyk angielski w licencji[:en]ICAO english proficiency[:]","og_description":"{:pl}J\u0119zyk angielski w licencji{:en}ICAO english proficiency{:}","og_url":"https:\/\/helipoland.com\/szkolenia-pilotow\/jezyk-angielski-w-licencji\/","og_site_name":"Helipoland.com","article_modified_time":"2023-01-23T13:00:43+00:00","og_image":[{"url":"https:\/\/helipoland.com\/wp-content\/uploads\/2022\/11\/Logo-ICAO4me.png","type":"","width":"","height":""}],"twitter_misc":{"Szacowany czas czytania":"8 minut"},"schema":{"@context":"https:\/\/schema.org","@graph":[{"@type":"WebPage","@id":"https:\/\/helipoland.com\/szkolenia-pilotow\/jezyk-angielski-w-licencji\/","url":"https:\/\/helipoland.com\/szkolenia-pilotow\/jezyk-angielski-w-licencji\/","name":"[:pl]J\u0119zyk angielski w licencji[:en]ICAO english proficiency[:]","isPartOf":{"@id":"https:\/\/helipoland.com\/pl\/#website"},"primaryImageOfPage":{"@id":"https:\/\/helipoland.com\/szkolenia-pilotow\/jezyk-angielski-w-licencji\/#primaryimage"},"image":{"@id":"https:\/\/helipoland.com\/szkolenia-pilotow\/jezyk-angielski-w-licencji\/#primaryimage"},"thumbnailUrl":"https:\/\/helipoland.com\/wp-content\/uploads\/2022\/11\/Logo-ICAO4me.png","datePublished":"2015-09-30T15:59:07+00:00","dateModified":"2023-01-23T13:00:43+00:00","description":"{:pl}J\u0119zyk angielski w licencji{:en}ICAO english proficiency{:}","breadcrumb":{"@id":"https:\/\/helipoland.com\/szkolenia-pilotow\/jezyk-angielski-w-licencji\/#breadcrumb"},"inLanguage":"pl-PL","potentialAction":[{"@type":"ReadAction","target":["https:\/\/helipoland.com\/szkolenia-pilotow\/jezyk-angielski-w-licencji\/"]}]},{"@type":"ImageObject","inLanguage":"pl-PL","@id":"https:\/\/helipoland.com\/szkolenia-pilotow\/jezyk-angielski-w-licencji\/#primaryimage","url":"https:\/\/helipoland.com\/wp-content\/uploads\/2022\/11\/Logo-ICAO4me.png","contentUrl":"https:\/\/helipoland.com\/wp-content\/uploads\/2022\/11\/Logo-ICAO4me.png"},{"@type":"BreadcrumbList","@id":"https:\/\/helipoland.com\/szkolenia-pilotow\/jezyk-angielski-w-licencji\/#breadcrumb","itemListElement":[{"@type":"ListItem","position":1,"name":"Helipoland.com","item":"https:\/\/helipoland.com\/pl\/"},{"@type":"ListItem","position":2,"name":"Szkolenia pilot\u00f3w","item":"https:\/\/helipoland.com\/szkolenia-pilotow\/"},{"@type":"ListItem","position":3,"name":"J\u0119zyk angielski w licencji"}]},{"@type":"WebSite","@id":"https:\/\/helipoland.com\/pl\/#website","url":"https:\/\/helipoland.com\/pl\/","name":"Helipoland.com","description":"Loty helikopterem, szko\u0142a latania, us\u0142ugi lotnicze, \u015bmig\u0142owce","potentialAction":[{"@type":"SearchAction","target":{"@type":"EntryPoint","urlTemplate":"https:\/\/helipoland.com\/pl\/?s={search_term_string}"},"query-input":{"@type":"PropertyValueSpecification","valueRequired":true,"valueName":"search_term_string"}}],"inLanguage":"pl-PL"}]}},"_links":{"self":[{"href":"https:\/\/helipoland.com\/pl\/wp-json\/wp\/v2\/pages\/1350","targetHints":{"allow":["GET"]}}],"collection":[{"href":"https:\/\/helipoland.com\/pl\/wp-json\/wp\/v2\/pages"}],"about":[{"href":"https:\/\/helipoland.com\/pl\/wp-json\/wp\/v2\/types\/page"}],"author":[{"embeddable":true,"href":"https:\/\/helipoland.com\/pl\/wp-json\/wp\/v2\/users\/1"}],"replies":[{"embeddable":true,"href":"https:\/\/helipoland.com\/pl\/wp-json\/wp\/v2\/comments?post=1350"}],"version-history":[{"count":21,"href":"https:\/\/helipoland.com\/pl\/wp-json\/wp\/v2\/pages\/1350\/revisions"}],"predecessor-version":[{"id":5818,"href":"https:\/\/helipoland.com\/pl\/wp-json\/wp\/v2\/pages\/1350\/revisions\/5818"}],"up":[{"embeddable":true,"href":"https:\/\/helipoland.com\/pl\/wp-json\/wp\/v2\/pages\/408"}],"wp:attachment":[{"href":"https:\/\/helipoland.com\/pl\/wp-json\/wp\/v2\/media?parent=1350"}],"curies":[{"name":"wp","href":"https:\/\/api.w.org\/{rel}","templated":true}]}}