{"id":1365,"date":"2015-09-30T18:26:50","date_gmt":"2015-09-30T18:26:50","guid":{"rendered":"http:\/\/helipoland.com\/?page_id=1365"},"modified":"2023-01-23T13:11:44","modified_gmt":"2023-01-23T13:11:44","slug":"wymagania-zdrowotne","status":"publish","type":"page","link":"https:\/\/helipoland.com\/pl\/szkolenia-pilotow\/wymagania-zdrowotne\/","title":{"rendered":"Wymagania zdrowotne"},"content":{"rendered":"<p style=\"text-align: justify;\"><span style=\"color: #000000;\">Rozpoczynaj\u0105c swoj\u0105 przygod\u0119 z lotnictwem nale\u017cy zdawa\u0107 sobie spraw\u0119 z tego, \u017ce istotnym wymogiem jest stan zdrowia. Zale\u017cnie od tego, co chcia\u0142(a)by\u015b robi\u0107&#8230;\u00a0lata\u0107 na paralotni, szybowcu, samolocie lub \u015bmig\u0142owcu, dla w\u0142asnej przyjemno\u015bci lub zawodowo.\u00a0W ka\u017cdym przypadku b\u0119dziesz musia\u0142(a) przej\u015b\u0107\u00a0odpowiednie badania lotniczo-lekarskie. Czas trwania bada\u0144 od porannego stawienia si\u0119 u lekarza to zwykle oko\u0142o p\u00f3\u0142 dnia.<\/span><\/p>\n<p><span style=\"color: #000000;\"><strong>Znane centra medycyny lotniczej, w kt\u00f3rych mo\u017cna wykona\u0107 wszystkie badania i uzyska\u0107 orzeczenie lotniczo-lekarskie znajdziesz <span style=\"color: #0000ff;\"><a style=\"color: #0000ff;\" href=\"http:\/\/www.ulc.gov.pl\/pl\/personel-lotniczy\/medycyna-lotnicza\/centra-medycyny-lotniczej\" target=\"_blank\" rel=\"noopener noreferrer\">tutaj (link).<\/a><\/span><\/strong><\/span><\/p>\n<p><span style=\"color: #000000;\"><strong>Lista lekarzy orzecznik\u00f3w, kt\u00f3rzy wydaj\u0105\/przed\u0142u\u017caj\u0105 lotniczo-lekarsk\u0105 klas\u0119 zdrowia znajdziesz <span style=\"color: #0000ff;\"><a style=\"color: #0000ff;\" href=\"http:\/\/www.ulc.gov.pl\/pl\/personel-lotniczy\/medycyna-lotnicza\/lekarze-orzecznicy\" target=\"_blank\" rel=\"noopener noreferrer\">tutaj (link).<\/a><\/span><\/strong><\/span><\/p>\n<h3 style=\"text-align: center;\"><span style=\"color: #000000;\"><strong>Wymagany poziom i wa\u017cno\u015b\u0107 orzecze\u0144 lekarskich<\/strong><\/span><\/h3>\n<p><span style=\"color: #000000;\"><strong>Klasa 1 (kandydaci na CPL, MPL, ATPL)\u00a0zachowuje wa\u017cno\u015b\u0107 przez okres:<\/strong><\/span><\/p>\n<ul>\n<li><span style=\"color: #000000;\"><strong>12 miesi\u0119cy<\/strong> lub..<\/span><\/li>\n<li><span style=\"color: #000000;\"><strong>6 miesi\u0119cy<\/strong> w przypadku posiadaczy licencji, kt\u00f3rzy\u00a0wykonuj\u0105 lotnicze przewozy zarobkowe pasa\u017cer\u00f3w w ramach operacji w za\u0142odze jednoosobowej i osi\u0105gn\u0119li wiek 40 lat;<\/span><\/li>\n<li><span style=\"color: #000000;\"><strong>6 miesi\u0119cy<\/strong> w przypadku pilot\u00f3w, kt\u00f3rzy osi\u0105gn\u0119li wiek 60 lat.<\/span><\/li>\n<\/ul>\n<p><span style=\"color: #000000;\">Specjalno\u015bci lotnicze, kt\u00f3re podlegaj\u0105 badaniom lotniczo-lekarskim Klasy 1 oraz niezb\u0119dne wymagania:<\/span><\/p>\n<ul>\n<li><span style=\"color: #000000;\">pilot samolotowy zawodowy, pilot \u015bmig\u0142owcowy zawodowy, pilot sterowcowy zawodowy, pilot pionowzlotu zawodowy, pilot wiatrakowcowy zawodowy &#8211; uko\u0144czone 16 lat, wykszta\u0142cenie co najmniej gimnazjalne oraz zgoda opiekun\u00f3w prawnych;<\/span><\/li>\n<li><span style=\"color: #000000;\">pilot samolotowy liniowy, pilot \u015bmig\u0142owcowy liniowy, pilot pionowzlotu liniowy, pilot samolotowy w za\u0142odze wieloosobowej &#8211; uko\u0144czone 18 lat, wykszta\u0142cenie co najmniej \u015brednie.<\/span><\/li>\n<\/ul>\n<p><span style=\"color: #000000;\"><strong>Klasa 2 (kandydaci na PPL, SPL, BPL)\u00a0zachowuje wa\u017cno\u015b\u0107 przez okres:<\/strong><\/span><\/p>\n<ul>\n<li><span style=\"color: #000000;\"><strong>60 miesi\u0119cy<\/strong>, dop\u00f3ki posiadacz licencji nie osi\u0105gnie wieku 40 lat. Orzeczenie lekarskie wydane przed osi\u0105gni\u0119ciem wieku 40 lat traci wa\u017cno\u015b\u0107 po osi\u0105gni\u0119ciu przez posiadacza licencji wieku 42 lat;<\/span><\/li>\n<li><span style=\"color: #000000;\"><strong>24 miesi\u0105ce<\/strong>\u00a0dla wieku mi\u0119dzy 40 a 50 lat. Orzeczenie lekarskie wydane przed osi\u0105gni\u0119ciem wieku 50 lat traci wa\u017cno\u015b\u0107 po osi\u0105gni\u0119ciu przez posiadacza licencji wieku 51 lat;<\/span><\/li>\n<li><span style=\"color: #000000;\"><strong>12 miesi\u0119cy<\/strong> po osi\u0105gni\u0119ciu wieku 50 lat.<\/span><\/li>\n<\/ul>\n<p><span style=\"color: #000000;\">Specjalno\u015bci lotnicze, kt\u00f3re podlegaj\u0105 badaniom lotniczo-lekarskim Klasy 2 oraz niezb\u0119dne wymagania:<\/span><\/p>\n<ul>\n<li><span style=\"color: #000000;\">pilot samolotowy turystyczny, pilot \u015bmig\u0142owcowy turystyczny, pilot sterowcowy turystyczny, pilot pionowzlotu turystyczny &#8211; uko\u0144czone 16 lat, wykszta\u0142cenie co najmniej gimnazjalne oraz zgoda opiekun\u00f3w prawnych;<\/span><\/li>\n<li><span style=\"color: #000000;\">pilot balonu wolnego, pilot szybowcowy &#8211; uko\u0144czone 14 lat, wykszta\u0142cenie co najmniej podstawowe oraz zgoda opiekun\u00f3w prawnych.<\/span><\/li>\n<\/ul>\n<p><span style=\"color: #000000;\"><strong>Klasa LAPL zachowuje wa\u017cno\u015b\u0107 przez okres:<\/strong><\/span><\/p>\n<ul>\n<li><span style=\"color: #000000;\"><strong>60 miesi\u0119cy<\/strong>, dop\u00f3ki posiadacz licencji nie osi\u0105gnie wieku 40 lat. Orzeczenie lekarskie wydane przed osi\u0105gni\u0119ciem wieku 40 lat traci wa\u017cno\u015b\u0107 po osi\u0105gni\u0119ciu przez posiadacza licencji wieku 42 lat;<\/span><\/li>\n<li><span style=\"color: #000000;\"><strong>24 miesi\u0105ce<\/strong>\u00a0po osi\u0105gni\u0119ciu wieku 40 lat.<\/span><\/li>\n<\/ul>\n<p><span style=\"color: #000000;\">Specjalno\u015bci lotnicze, kt\u00f3re podlegaj\u0105 badaniom lotniczo-lekarskim LAPL oraz niezb\u0119dne wymagania:<\/span><\/p>\n<ul>\n<li><span style=\"color: #000000;\">samoloty i \u015bmig\u0142owce &#8211; uko\u0144czone 17 lat, wykszta\u0142cenie co najmniej gimnazjalne oraz zgoda opiekun\u00f3w prawnych;<\/span><\/li>\n<li><span style=\"color: #000000;\">szybowce i balony &#8211; uko\u0144czone 16 lat, wykszta\u0142cenie co najmniej gimnazjalne oraz zgoda opiekun\u00f3w prawnych.<\/span><\/li>\n<\/ul>\n<p><span style=\"color: #000000;\"><b>Specjalno\u015bci lotnicze, kt\u00f3re podlegaj\u0105 badaniom lotniczo-lekarskim Klasy 3 oraz niezb\u0119dne wymagania:<\/b><\/span><\/p>\n<ul>\n<li><span style=\"color: #000000;\">kontroler ruchu lotniczego &#8211; uko\u0144czone 21 lat, wykszta\u0142cenie co najmniej \u015brednie oraz \u015bwiadectwo dojrza\u0142o\u015bci po zdaniu egzaminu maturalnego;<\/span><\/li>\n<li><span style=\"color: #000000;\">praktykant kontroler ruchu lotniczego &#8211; uko\u0144czone 18 lat, wykszta\u0142cenie co najmniej \u015brednie oraz \u015bwiadectwo dojrza\u0142o\u015bci po zdaniu egzaminu maturalnego.<\/span><\/li>\n<\/ul>\n<p><span style=\"color: #000000;\"><b>Specjalno\u015bci lotnicze, kt\u00f3re podlegaj\u0105 badaniom lotniczo-lekarskim do \u015bwiadectwa kwalifikacji oraz niezb\u0119dne wymagania:<\/b><\/span><\/p>\n<ul>\n<li><span style=\"color: #000000;\">pilot lotni, pilot paralotni, pilot motolotni &#8211; uko\u0144czone 15 lat, wykszta\u0142cenie co najmniej podstawowe oraz zgoda opiekun\u00f3w prawnych;<\/span><\/li>\n<li><span style=\"color: #000000;\">pilot statku powietrznego o maksymalnej masie startowej do 495 kg, pilot wiatrakowcowy do 560 kg &#8211; uko\u0144czone 16 lat, wykszta\u0142cenie co najmniej gimnazjalne oraz zgoda opiekun\u00f3w prawnych;<\/span><\/li>\n<li><span style=\"color: #000000;\">skoczek spadochronowy &#8211; uko\u0144czone 16 lat, wykszta\u0142cenie co najmniej podstawowe,<\/span><\/li>\n<li><span style=\"color: #000000;\">operator bezza\u0142ogowego statku powietrznego u\u017cywanego w celach innych ni\u017c rekreacyjne lub sportowe, informator s\u0142u\u017cby informacji powietrznej, informator lotniskowej s\u0142u\u017cby informacji powietrznej, nawigator lotniczy, mechanik pok\u0142adowy, radiooperator pok\u0142adowy, dyspozytor lotniczy, mechanik lotniczy obs\u0142ugi technicznej, mechanik po\u015bwiadczenia obs\u0142ugi statk\u00f3w powietrznych, mechanik po\u015bwiadczenia obs\u0142ugi spadochron\u00f3w, mechanik po\u015bwiadczenia obs\u0142ugi wiatrakowca o maksymalnej masie startowej do 560 kg &#8211; uko\u0144czone 18 lat, wykszta\u0142cenie co najmniej \u015brednie.<\/span><\/li>\n<\/ul>\n<h3><strong><span style=\"color: #000000;\">Badania lotniczo-lekarskie w pierwszej kolejno\u015bci mo\u017cemy podzieli\u0107 na:<\/span><\/strong><\/h3>\n<p style=\"text-align: justify;\"><span style=\"color: #000000;\"><strong>Wst\u0119pne<\/strong> &#8211; czyli dla kandydat\u00f3w na pilot\u00f3w, skoczk\u00f3w, itd.; ze wzgl\u0119du na to, \u017ce s\u0105 to pierwsze badania lotnicze dla danej osoby, trwaj\u0105 one minimum p\u00f3\u0142 dnia, nale\u017cy odwiedzi\u0107 kilku specjalist\u00f3w, kt\u00f3rzy dok\u0142adnie przyjrz\u0105 si\u0119 Twoim oczom, uszom, sercu, itd. Po zako\u0144czeniu bada\u0144 otrzymasz od lekarza orzecznika orzeczenie lekarskie odpowiedniej klasy ( 1, 2 lub 3 ) z terminem wa\u017cno\u015bci tych\u017ce bada\u0144.<\/span><\/p>\n<p style=\"text-align: justify;\"><span style=\"color: #000000;\"><strong>Okresowe<\/strong> &#8211; czyli dla tych os\u00f3b, kt\u00f3re chcia\u0142yby przed\u0142u\u017cy\u0107 wa\u017cno\u015b\u0107 swoich bada\u0144; tym razem b\u0119dzie to ju\u017c na pewno szybsza procedura, mniejsza liczba specjalist\u00f3w do odwiedzenia, a po zako\u0144czeniu bada\u0144 otrzymasz orzeczenie lekarskie z kolejnym terminem wa\u017cno\u015bci.<\/span><\/p>\n<p style=\"text-align: justify;\"><span style=\"color: #000000;\"><strong>Okoliczno\u015bciowe<\/strong> &#8211; tego typu badania przeprowadzane s\u0105 w sytuacji, gdy wyst\u0105pi\u0142y jakie\u015b nietypowe okoliczno\u015bci, wydarzenia, kt\u00f3re mia\u0142y istotny wp\u0142yw na Tw\u00f3j stan zdrowia, np. powa\u017cny wypadek samochodowy, ci\u0119\u017ckie z\u0142amania, przebyta operacja, itp. Zale\u017cnie od sytuacji, zostajesz poddany odpowiednim badaniom i po ich wykonaniu otrzymujesz stosowne orzeczenie.<\/span><\/p>\n<h3><span style=\"color: #000000;\"><strong>Wydanie, przed\u0142u\u017cenie i wznowienie bada\u0144 lotniczo-lekarskich<\/strong><\/span><\/h3>\n<p><span style=\"color: #000000;\">Osoby niepe\u0142noletnie badane s\u0105 w obecno\u015bci i za pisemn\u0105 zgod\u0105 opiekuna prawnego.<\/span><\/p>\n<p><span style=\"color: #000000;\"><strong>Okres wa\u017cno\u015bci<\/strong> orzeczenia lekarskiego, w tym zwi\u0105zanego z nim dowolnego badania lub specjalistycznej oceny uzupe\u0142niaj\u0105cej, jest:<\/span><br \/>\n<span style=\"color: #000000;\"> (i) okre\u015blany na podstawie wieku wnioskodawcy w dniu przeprowadzenia badania lekarskiego; oraz<\/span><br \/>\n<span style=\"color: #000000;\"> (ii) liczony od daty przeprowadzenia badania lekarskiego w przypadku pierwszego wydania lub wznowienia, a w przypadku przed\u0142u\u017cenia \u2013 od dnia wyga\u015bni\u0119cia poprzedniego orzeczenia lekarskiego.<\/span><br \/>\n<span class=\"bbc_u\" style=\"color: #000000;\"><strong>Przed\u0142u\u017cenie<\/strong><br \/>\nBadania lub oceny wymagane w przypadku przywr\u00f3cenia wa\u017cno\u015bci orzeczenia lekarskiego mog\u0105 zosta\u0107 przeprowadzone do 45 dni przed dat\u0105 wyga\u015bni\u0119cia orzeczenia lekarskiego. <\/span><br \/>\n<strong><span style=\"color: #000000;\">Wznowienie<\/span><\/strong><br \/>\n<span style=\"color: #000000;\"> 1) Je\u017celi posiadacz orzeczenia lekarskiego nie zastosuje si\u0119 do przepis\u00f3w lit. b), konieczne jest przeprowadzenie badania lub oceny w trybie wznowienia.<\/span><br \/>\n<span style=\"color: #000000;\"> 2) W przypadku orzecze\u0144 lekarskich 1. i 2. klasy:<\/span><br \/>\n<span style=\"color: #000000;\"> (i) je\u017celi wa\u017cno\u015b\u0107 orzeczenia lekarskiego wygas\u0142a wcze\u015bniej ni\u017c przed 2 laty, centrum medycyny lotniczej lub lekarz orzecznik medycyny lotniczej przeprowadza badanie w trybie wznowienia wy\u0142\u0105cznie po dokonaniu oceny dokument\u00f3w lotniczo-lekarskich wnioskodawcy;<\/span><br \/>\n<span style=\"color: #000000;\"> (ii) je\u017celi orzeczenie lekarskie wygas\u0142o wcze\u015bniej ni\u017c przed 5 laty, zastosowanie maj\u0105 wymagania dotycz\u0105ce badania w zakresie pierwszego wydania, a ocena jest przeprowadzana w oparciu o wymagania dotycz\u0105ce przed\u0142u\u017cenia.<\/span><br \/>\n<span style=\"color: #000000;\"> 3) W przypadku orzecze\u0144 lekarskich na potrzeby licencji LAPL centrum medycyny lotniczej, lekarz orzecznik medycyny lotniczej lub lekarz medycyny og\u00f3lnej ocenia histori\u0119 medyczn\u0105 wnioskodawcy i przeprowadza badanie lotniczo-lekarskie lub ocen\u0119 lotniczo-lekarsk\u0105 zgodnie z MED.B.095.<\/span><\/p>\n<p style=\"text-align: center;\"><span style=\"color: #000000;\"><strong>Podstawy prawne zwi\u0105zane z\u00a0 klasami zdrowia i badaniami lotniczo-lekarskimi regulowane s\u0105 przez:<\/strong><\/span><\/p>\n<p style=\"text-align: center;\"><span style=\"color: #0000ff;\"><a style=\"color: #0000ff;\" href=\"http:\/\/eur-lex.europa.eu\/LexUriServ\/LexUriServ.do?uri=OJ:L:2011:311:0001:0193:PL:PDF\">ROZPORZ\u0104DZENIE KOMISJI (UE) NR 1178\/2011 z dnia 3 listopada 2011 r. ustanawiaj\u0105ce wymagania techniczne i procedury administracyjne odnosz\u0105ce si\u0119 do za\u0142\u00f3g w lotnictwie cywilnym zgodnie z rozporz\u0105dzeniem Parlamentu Europejskiego i Rady (WE) nr 216\/2008<\/a><\/span><\/p>","protected":false},"excerpt":{"rendered":"<p>Rozpoczynaj\u0105c swoj\u0105 przygod\u0119 z lotnictwem nale\u017cy zdawa\u0107 sobie spraw\u0119 z tego, \u017ce istotnym wymogiem jest stan zdrowia. Zale\u017cnie od tego,[&#8230;..]<\/p>\n","protected":false},"author":1,"featured_media":0,"parent":408,"menu_order":0,"comment_status":"closed","ping_status":"closed","template":"template-fullwidth-with-form.php","meta":{"_acf_changed":false,"footnotes":""},"class_list":["post-1365","page","type-page","status-publish","hentry"],"acf":[],"yoast_head":"<!-- This site is optimized with the Yoast SEO plugin v24.8.1 - https:\/\/yoast.com\/wordpress\/plugins\/seo\/ -->\n<title>Badania Lotniczo-Lekarskie<\/title>\n<meta name=\"description\" content=\"Badania Lotniczo-Lekarskie, pilot \u015bmig\u0142owcowy Helipoland.com\" \/>\n<meta name=\"robots\" content=\"index, follow, max-snippet:-1, max-image-preview:large, max-video-preview:-1\" \/>\n<link rel=\"canonical\" href=\"https:\/\/helipoland.com\/szkolenia-pilotow\/wymagania-zdrowotne\/\" \/>\n<meta property=\"og:locale\" content=\"pl_PL\" \/>\n<meta property=\"og:type\" content=\"article\" \/>\n<meta property=\"og:title\" content=\"[:pl]Badania Lotniczo-Lekarskie[:en]Aero-Medical assessment[:ru]Badania Lotniczo-Lekarskie[:]\" \/>\n<meta property=\"og:description\" content=\"{:pl}Badania Lotniczo-Lekarskie, pilot \u015bmig\u0142owcowy Helipoland.com{:en}Aero-Medical assessment, helicopter pilot Helipoland.com{:ru}Badania Lotniczo-Lekarskie, pilot \u015bmig\u0142owcowy Helipoland.com{:}\" \/>\n<meta property=\"og:url\" content=\"https:\/\/helipoland.com\/szkolenia-pilotow\/wymagania-zdrowotne\/\" \/>\n<meta property=\"og:site_name\" content=\"Helipoland.com\" \/>\n<meta property=\"article:modified_time\" content=\"2023-01-23T13:11:44+00:00\" \/>\n<meta name=\"twitter:label1\" content=\"Szacowany czas czytania\" \/>\n\t<meta name=\"twitter:data1\" content=\"11 minut\" \/>\n<script type=\"application\/ld+json\" class=\"yoast-schema-graph\">{\"@context\":\"https:\/\/schema.org\",\"@graph\":[{\"@type\":\"WebPage\",\"@id\":\"https:\/\/helipoland.com\/szkolenia-pilotow\/wymagania-zdrowotne\/\",\"url\":\"https:\/\/helipoland.com\/szkolenia-pilotow\/wymagania-zdrowotne\/\",\"name\":\"[:pl]Badania Lotniczo-Lekarskie[:en]Aero-Medical assessment[:ru]Badania Lotniczo-Lekarskie[:]\",\"isPartOf\":{\"@id\":\"https:\/\/helipoland.com\/pl\/#website\"},\"datePublished\":\"2015-09-30T18:26:50+00:00\",\"dateModified\":\"2023-01-23T13:11:44+00:00\",\"description\":\"{:pl}Badania Lotniczo-Lekarskie, pilot \u015bmig\u0142owcowy Helipoland.com{:en}Aero-Medical assessment, helicopter pilot Helipoland.com{:ru}Badania Lotniczo-Lekarskie, pilot \u015bmig\u0142owcowy Helipoland.com{:}\",\"breadcrumb\":{\"@id\":\"https:\/\/helipoland.com\/szkolenia-pilotow\/wymagania-zdrowotne\/#breadcrumb\"},\"inLanguage\":\"pl-PL\",\"potentialAction\":[{\"@type\":\"ReadAction\",\"target\":[\"https:\/\/helipoland.com\/szkolenia-pilotow\/wymagania-zdrowotne\/\"]}]},{\"@type\":\"BreadcrumbList\",\"@id\":\"https:\/\/helipoland.com\/szkolenia-pilotow\/wymagania-zdrowotne\/#breadcrumb\",\"itemListElement\":[{\"@type\":\"ListItem\",\"position\":1,\"name\":\"Helipoland.com\",\"item\":\"https:\/\/helipoland.com\/pl\/\"},{\"@type\":\"ListItem\",\"position\":2,\"name\":\"Szkolenia pilot\u00f3w\",\"item\":\"https:\/\/helipoland.com\/szkolenia-pilotow\/\"},{\"@type\":\"ListItem\",\"position\":3,\"name\":\"Wymagania zdrowotne\"}]},{\"@type\":\"WebSite\",\"@id\":\"https:\/\/helipoland.com\/pl\/#website\",\"url\":\"https:\/\/helipoland.com\/pl\/\",\"name\":\"Helipoland.com\",\"description\":\"Loty helikopterem, szko\u0142a latania, us\u0142ugi lotnicze, \u015bmig\u0142owce\",\"potentialAction\":[{\"@type\":\"SearchAction\",\"target\":{\"@type\":\"EntryPoint\",\"urlTemplate\":\"https:\/\/helipoland.com\/pl\/?s={search_term_string}\"},\"query-input\":{\"@type\":\"PropertyValueSpecification\",\"valueRequired\":true,\"valueName\":\"search_term_string\"}}],\"inLanguage\":\"pl-PL\"}]}<\/script>\n<!-- \/ Yoast SEO plugin. -->","yoast_head_json":{"title":"Badania Lotniczo-Lekarskie","description":"Badania Lotniczo-Lekarskie, pilot \u015bmig\u0142owcowy Helipoland.com","robots":{"index":"index","follow":"follow","max-snippet":"max-snippet:-1","max-image-preview":"max-image-preview:large","max-video-preview":"max-video-preview:-1"},"canonical":"https:\/\/helipoland.com\/szkolenia-pilotow\/wymagania-zdrowotne\/","og_locale":"pl_PL","og_type":"article","og_title":"[:pl]Badania Lotniczo-Lekarskie[:en]Aero-Medical assessment[:ru]Badania Lotniczo-Lekarskie[:]","og_description":"{:pl}Badania Lotniczo-Lekarskie, pilot \u015bmig\u0142owcowy Helipoland.com{:en}Aero-Medical assessment, helicopter pilot Helipoland.com{:ru}Badania Lotniczo-Lekarskie, pilot \u015bmig\u0142owcowy Helipoland.com{:}","og_url":"https:\/\/helipoland.com\/szkolenia-pilotow\/wymagania-zdrowotne\/","og_site_name":"Helipoland.com","article_modified_time":"2023-01-23T13:11:44+00:00","twitter_misc":{"Szacowany czas czytania":"11 minut"},"schema":{"@context":"https:\/\/schema.org","@graph":[{"@type":"WebPage","@id":"https:\/\/helipoland.com\/szkolenia-pilotow\/wymagania-zdrowotne\/","url":"https:\/\/helipoland.com\/szkolenia-pilotow\/wymagania-zdrowotne\/","name":"[:pl]Badania Lotniczo-Lekarskie[:en]Aero-Medical assessment[:ru]Badania Lotniczo-Lekarskie[:]","isPartOf":{"@id":"https:\/\/helipoland.com\/pl\/#website"},"datePublished":"2015-09-30T18:26:50+00:00","dateModified":"2023-01-23T13:11:44+00:00","description":"{:pl}Badania Lotniczo-Lekarskie, pilot \u015bmig\u0142owcowy Helipoland.com{:en}Aero-Medical assessment, helicopter pilot Helipoland.com{:ru}Badania Lotniczo-Lekarskie, pilot \u015bmig\u0142owcowy Helipoland.com{:}","breadcrumb":{"@id":"https:\/\/helipoland.com\/szkolenia-pilotow\/wymagania-zdrowotne\/#breadcrumb"},"inLanguage":"pl-PL","potentialAction":[{"@type":"ReadAction","target":["https:\/\/helipoland.com\/szkolenia-pilotow\/wymagania-zdrowotne\/"]}]},{"@type":"BreadcrumbList","@id":"https:\/\/helipoland.com\/szkolenia-pilotow\/wymagania-zdrowotne\/#breadcrumb","itemListElement":[{"@type":"ListItem","position":1,"name":"Helipoland.com","item":"https:\/\/helipoland.com\/pl\/"},{"@type":"ListItem","position":2,"name":"Szkolenia pilot\u00f3w","item":"https:\/\/helipoland.com\/szkolenia-pilotow\/"},{"@type":"ListItem","position":3,"name":"Wymagania zdrowotne"}]},{"@type":"WebSite","@id":"https:\/\/helipoland.com\/pl\/#website","url":"https:\/\/helipoland.com\/pl\/","name":"Helipoland.com","description":"Loty helikopterem, szko\u0142a latania, us\u0142ugi lotnicze, \u015bmig\u0142owce","potentialAction":[{"@type":"SearchAction","target":{"@type":"EntryPoint","urlTemplate":"https:\/\/helipoland.com\/pl\/?s={search_term_string}"},"query-input":{"@type":"PropertyValueSpecification","valueRequired":true,"valueName":"search_term_string"}}],"inLanguage":"pl-PL"}]}},"_links":{"self":[{"href":"https:\/\/helipoland.com\/pl\/wp-json\/wp\/v2\/pages\/1365","targetHints":{"allow":["GET"]}}],"collection":[{"href":"https:\/\/helipoland.com\/pl\/wp-json\/wp\/v2\/pages"}],"about":[{"href":"https:\/\/helipoland.com\/pl\/wp-json\/wp\/v2\/types\/page"}],"author":[{"embeddable":true,"href":"https:\/\/helipoland.com\/pl\/wp-json\/wp\/v2\/users\/1"}],"replies":[{"embeddable":true,"href":"https:\/\/helipoland.com\/pl\/wp-json\/wp\/v2\/comments?post=1365"}],"version-history":[{"count":20,"href":"https:\/\/helipoland.com\/pl\/wp-json\/wp\/v2\/pages\/1365\/revisions"}],"predecessor-version":[{"id":5819,"href":"https:\/\/helipoland.com\/pl\/wp-json\/wp\/v2\/pages\/1365\/revisions\/5819"}],"up":[{"embeddable":true,"href":"https:\/\/helipoland.com\/pl\/wp-json\/wp\/v2\/pages\/408"}],"wp:attachment":[{"href":"https:\/\/helipoland.com\/pl\/wp-json\/wp\/v2\/media?parent=1365"}],"curies":[{"name":"wp","href":"https:\/\/api.w.org\/{rel}","templated":true}]}}