{"id":2431,"date":"2016-02-23T19:45:09","date_gmt":"2016-02-23T19:45:09","guid":{"rendered":"http:\/\/helipoland.com\/?page_id=2431"},"modified":"2023-01-17T12:05:48","modified_gmt":"2023-01-17T12:05:48","slug":"aplikacje","status":"publish","type":"page","link":"https:\/\/helipoland.com\/pl\/sprzedaz-helikopterow-smiglowcow\/aplikacje\/","title":{"rendered":"Aplikacje"},"content":{"rendered":"<p class=\"promoTytul\" style=\"text-align: justify;\"><div class=\"ezcol ezcol-one-half\">\n<h3 class=\"promoTytul\"><span style=\"color: #000000;\"><strong>SkyDemon<\/strong> &#8211; <a href=\"http:\/\/www.skydemon.aero\/\">link\u00a0do informacji o produkcie<\/a><\/span><\/h3>\n<h3 class=\"promoTytul\"><span style=\"color: #000000;\"><strong>SkyDemon<\/strong> &#8211;\u00a0<a href=\"http:\/\/www.promaco.pl\/index.php?pokaz=1&amp;id=11215\">link do zakupu\u00a0aplikacji<\/a><\/span><\/h3>\n<div class=\"promoOpis\">\n<h3 class=\"promoTytul\"><span style=\"color: #000000;\">Nawigacja lotnicza\u00a0na Apple IOS, Android, PC<\/span><\/h3>\n<p style=\"text-align: justify;\"><span style=\"color: #000000;\">Oprogramowanie przeznaczone jest do tablet\u00f3w i smartfon\u00f3w pracuj\u0105cych systemie Android, IOS oraz do komputer\u00f3w PC. HeliPoland poleca SkyDemon wszystkim pilotom jako nowoczesne i wielofunkcyjne wsparcie.<\/span><\/p>\n<p style=\"text-align: justify;\"><span style=\"color: #000000;\">Program ten jest w pe\u0142ni funkcjonalny zar\u00f3wno w jednym z powy\u017cszych urz\u0105dze\u0144 jak i w oryginalnym urz\u0105dzeniu dedykowanym do nawigacji lotniczej.<\/span><\/p>\n<p style=\"text-align: justify;\"><span style=\"color: #000000;\">Aplikacja posiada wiele unikalnych funkcji. Je\u015bli mamy po\u0142\u0105czenie do Internetu (przez sieci kom\u00f3rkowe lub WiFi) mo\u017cna odbiera\u0107 on-line (r\u00f3wnie\u017c podczas lotu) aktualne komunikaty NOTAM, TAF, METAR oraz aktualne informacje pogodowe takie jak kierunki i pr\u0119dko\u015bci wiatru oraz zachmurzenie na r\u00f3\u017cnych wysoko\u015bciach, temperatury itp.\u00a0Dost\u0119pna jest nawet nak\u0142adka zdj\u0119\u0107 radarowych.<\/span><\/p>\n<\/div>\n<p class=\"promoTytul\" style=\"text-align: justify;\"><\/div> <div class=\"ezcol ezcol-one-half ezcol-last\"><img loading=\"lazy\" decoding=\"async\" class=\"alignnone wp-image-2439 size-full\" src=\"http:\/\/helipoland.com\/wp-content\/uploads\/2016\/02\/skydemon.jpg\" alt=\"SkyDemon Helipoland.com\" width=\"450\" height=\"328\" srcset=\"https:\/\/helipoland.com\/wp-content\/uploads\/2016\/02\/skydemon.jpg 450w, https:\/\/helipoland.com\/wp-content\/uploads\/2016\/02\/skydemon-300x219.jpg 300w\" sizes=\"auto, (max-width: 450px) 100vw, 450px\" \/><\/div><div class=\"ezcol-divider\"><\/div>\n<div class=\"promoOpis\">\n<p style=\"text-align: justify;\"><span style=\"color: #000000;\">Przy pomocy SkyDemon mo\u017cna z\u0142o\u017cy\u0107 on-line plan lotu np. dla lotu mi\u0119dzynarodowego. SkyDemon podczas lotu informuje i ostrzega o przestrzeniach powietrznych przed nami i o tych kt\u00f3re s\u0105 aktualnie przekraczane, o przeszkodach pionowych, informuje o cz\u0119stotliwo\u015bciach radiowych urz\u0105dze\u0144 nawigacyjnych i komunikacyjnych np. lotnisk znajduj\u0105cych si\u0119 na trasie. Informacje te wy\u015bwietlane s\u0105 m. in. w formie komunikat\u00f3w (ping) na ekranie w r\u00f3\u017cnych kolorach, w zale\u017cno\u015bci od kategorii informacji.<\/span><\/p>\n<p style=\"text-align: justify;\"><span style=\"color: #000000;\">W bazie danych znajduj\u0105 si\u0119 plany lotnisk, podej\u015bcia, dane nawigacyjne, cz\u0119stotliwo\u015bci i rysunki pas\u00f3w startowych niemal\u017ce wszystkich lotnisk i l\u0105dowisk w Polsce i Europie a tak\u017ce USA, niekt\u00f3rych kraj\u00f3w Afryka\u0144skich, Australii i Nowej Zelandii.<\/span><\/p>\n<p style=\"text-align: justify;\"><span style=\"color: #000000;\">Program posiada unikaln\u0105 funkcj\u0119 \u201ewirtualny radar\u201c, w formie graficznej, na przekroju pionowym zaplanowanej trasy pokazywane s\u0105: poziomy lotu, wysoko\u015bci terenu, przeszkody terenowe, warstwy chmur i punkty trasy.<\/span><\/p>\n<p style=\"text-align: justify;\"><span style=\"color: #000000;\">Przy pomocy komputera PC mo\u017cna przed lotem zaplanowa\u0107 tras\u0119, pobra\u0107 aktualne dane NOTAM, METAR, TAF, stworzy\u0107 log i wszystko wydrukowa\u0107. Oprogramowanie na komputerze PC nie ma mo\u017cliwo\u015bci nawigacyjnych.<\/span><\/p>\n<p style=\"text-align: justify;\"><span style=\"color: #000000;\">Jeden kod aktywacyjny = 1 Licencja personalna = 2 x iPad+ 2 x Android + 2 x komputer PC.<\/span><\/p>\n<p style=\"text-align: justify;\"><span style=\"color: #000000;\">W cenie oprogramowania jest abonament aktualizacji map i bazy danych lotniczych Jeppesen na 12 miesi\u0119cy (co 28 dni). Aktualizacja odbywa si\u0119 automatycznie kiedy urz\u0105dzenie jest pod\u0142\u0105czone do WiFi lub transmisji danych sieci kom\u00f3rkowej.<\/span><\/p>\n<p style=\"text-align: justify;\"><span style=\"color: #000000;\">Tablet systemu Android lub iPad powinien posiada\u0107: GPS, WiFi, zalecane aby mia\u0142 dost\u0119p do sieci kom\u00f3rkowych z transmisj\u0105 danych, procesor 1GHz, 1GB pami\u0119ci operacyjnej i 4 do 8GB pami\u0119ci.<\/span><\/p>\n<\/div>","protected":false},"excerpt":{"rendered":"<p>Przy pomocy SkyDemon mo\u017cna z\u0142o\u017cy\u0107 on-line plan lotu np. dla lotu mi\u0119dzynarodowego. SkyDemon podczas lotu informuje i ostrzega o przestrzeniach[&#8230;..]<\/p>\n","protected":false},"author":1,"featured_media":0,"parent":410,"menu_order":0,"comment_status":"closed","ping_status":"closed","template":"template-fullwidth-with-form.php","meta":{"_acf_changed":false,"footnotes":""},"class_list":["post-2431","page","type-page","status-publish","hentry"],"acf":[],"yoast_head":"<!-- This site is optimized with the Yoast SEO plugin v24.8.1 - https:\/\/yoast.com\/wordpress\/plugins\/seo\/ -->\n<title>SkyDemon<\/title>\n<meta name=\"description\" content=\"SkyDemon\" \/>\n<meta name=\"robots\" content=\"index, follow, max-snippet:-1, max-image-preview:large, max-video-preview:-1\" \/>\n<link rel=\"canonical\" href=\"https:\/\/helipoland.com\/sprzedaz-helikopterow-smiglowcow\/aplikacje\/\" \/>\n<meta property=\"og:locale\" content=\"pl_PL\" \/>\n<meta property=\"og:type\" content=\"article\" \/>\n<meta property=\"og:title\" content=\"SkyDemon\" \/>\n<meta property=\"og:description\" content=\"SkyDemon\" \/>\n<meta property=\"og:url\" content=\"https:\/\/helipoland.com\/sprzedaz-helikopterow-smiglowcow\/aplikacje\/\" \/>\n<meta property=\"og:site_name\" content=\"Helipoland.com\" \/>\n<meta property=\"article:modified_time\" content=\"2023-01-17T12:05:48+00:00\" \/>\n<meta property=\"og:image\" content=\"http:\/\/helipoland.com\/wp-content\/uploads\/2016\/02\/skydemon.jpg\" \/>\n<meta name=\"twitter:label1\" content=\"Szacowany czas czytania\" \/>\n\t<meta name=\"twitter:data1\" content=\"4 minuty\" \/>\n<script type=\"application\/ld+json\" class=\"yoast-schema-graph\">{\"@context\":\"https:\/\/schema.org\",\"@graph\":[{\"@type\":\"WebPage\",\"@id\":\"https:\/\/helipoland.com\/sprzedaz-helikopterow-smiglowcow\/aplikacje\/\",\"url\":\"https:\/\/helipoland.com\/sprzedaz-helikopterow-smiglowcow\/aplikacje\/\",\"name\":\"SkyDemon\",\"isPartOf\":{\"@id\":\"https:\/\/helipoland.com\/pl\/#website\"},\"primaryImageOfPage\":{\"@id\":\"https:\/\/helipoland.com\/sprzedaz-helikopterow-smiglowcow\/aplikacje\/#primaryimage\"},\"image\":{\"@id\":\"https:\/\/helipoland.com\/sprzedaz-helikopterow-smiglowcow\/aplikacje\/#primaryimage\"},\"thumbnailUrl\":\"http:\/\/helipoland.com\/wp-content\/uploads\/2016\/02\/skydemon.jpg\",\"datePublished\":\"2016-02-23T19:45:09+00:00\",\"dateModified\":\"2023-01-17T12:05:48+00:00\",\"description\":\"SkyDemon\",\"breadcrumb\":{\"@id\":\"https:\/\/helipoland.com\/sprzedaz-helikopterow-smiglowcow\/aplikacje\/#breadcrumb\"},\"inLanguage\":\"pl-PL\",\"potentialAction\":[{\"@type\":\"ReadAction\",\"target\":[\"https:\/\/helipoland.com\/sprzedaz-helikopterow-smiglowcow\/aplikacje\/\"]}]},{\"@type\":\"ImageObject\",\"inLanguage\":\"pl-PL\",\"@id\":\"https:\/\/helipoland.com\/sprzedaz-helikopterow-smiglowcow\/aplikacje\/#primaryimage\",\"url\":\"http:\/\/helipoland.com\/wp-content\/uploads\/2016\/02\/skydemon.jpg\",\"contentUrl\":\"http:\/\/helipoland.com\/wp-content\/uploads\/2016\/02\/skydemon.jpg\"},{\"@type\":\"BreadcrumbList\",\"@id\":\"https:\/\/helipoland.com\/sprzedaz-helikopterow-smiglowcow\/aplikacje\/#breadcrumb\",\"itemListElement\":[{\"@type\":\"ListItem\",\"position\":1,\"name\":\"Helipoland.com\",\"item\":\"https:\/\/helipoland.com\/pl\/\"},{\"@type\":\"ListItem\",\"position\":2,\"name\":\"Sprzeda\u017c nowych i u\u017cywanych \u015bmig\u0142owc\u00f3w (helikopter\u00f3w), akcesoria, l\u0105dowiska\",\"item\":\"https:\/\/helipoland.com\/sprzedaz-helikopterow-smiglowcow\/\"},{\"@type\":\"ListItem\",\"position\":3,\"name\":\"Aplikacje\"}]},{\"@type\":\"WebSite\",\"@id\":\"https:\/\/helipoland.com\/pl\/#website\",\"url\":\"https:\/\/helipoland.com\/pl\/\",\"name\":\"Helipoland.com\",\"description\":\"Loty helikopterem, szko\u0142a latania, us\u0142ugi lotnicze, \u015bmig\u0142owce\",\"potentialAction\":[{\"@type\":\"SearchAction\",\"target\":{\"@type\":\"EntryPoint\",\"urlTemplate\":\"https:\/\/helipoland.com\/pl\/?s={search_term_string}\"},\"query-input\":{\"@type\":\"PropertyValueSpecification\",\"valueRequired\":true,\"valueName\":\"search_term_string\"}}],\"inLanguage\":\"pl-PL\"}]}<\/script>\n<!-- \/ Yoast SEO plugin. -->","yoast_head_json":{"title":"SkyDemon","description":"SkyDemon","robots":{"index":"index","follow":"follow","max-snippet":"max-snippet:-1","max-image-preview":"max-image-preview:large","max-video-preview":"max-video-preview:-1"},"canonical":"https:\/\/helipoland.com\/sprzedaz-helikopterow-smiglowcow\/aplikacje\/","og_locale":"pl_PL","og_type":"article","og_title":"SkyDemon","og_description":"SkyDemon","og_url":"https:\/\/helipoland.com\/sprzedaz-helikopterow-smiglowcow\/aplikacje\/","og_site_name":"Helipoland.com","article_modified_time":"2023-01-17T12:05:48+00:00","og_image":[{"url":"http:\/\/helipoland.com\/wp-content\/uploads\/2016\/02\/skydemon.jpg","type":"","width":"","height":""}],"twitter_misc":{"Szacowany czas czytania":"4 minuty"},"schema":{"@context":"https:\/\/schema.org","@graph":[{"@type":"WebPage","@id":"https:\/\/helipoland.com\/sprzedaz-helikopterow-smiglowcow\/aplikacje\/","url":"https:\/\/helipoland.com\/sprzedaz-helikopterow-smiglowcow\/aplikacje\/","name":"SkyDemon","isPartOf":{"@id":"https:\/\/helipoland.com\/pl\/#website"},"primaryImageOfPage":{"@id":"https:\/\/helipoland.com\/sprzedaz-helikopterow-smiglowcow\/aplikacje\/#primaryimage"},"image":{"@id":"https:\/\/helipoland.com\/sprzedaz-helikopterow-smiglowcow\/aplikacje\/#primaryimage"},"thumbnailUrl":"http:\/\/helipoland.com\/wp-content\/uploads\/2016\/02\/skydemon.jpg","datePublished":"2016-02-23T19:45:09+00:00","dateModified":"2023-01-17T12:05:48+00:00","description":"SkyDemon","breadcrumb":{"@id":"https:\/\/helipoland.com\/sprzedaz-helikopterow-smiglowcow\/aplikacje\/#breadcrumb"},"inLanguage":"pl-PL","potentialAction":[{"@type":"ReadAction","target":["https:\/\/helipoland.com\/sprzedaz-helikopterow-smiglowcow\/aplikacje\/"]}]},{"@type":"ImageObject","inLanguage":"pl-PL","@id":"https:\/\/helipoland.com\/sprzedaz-helikopterow-smiglowcow\/aplikacje\/#primaryimage","url":"http:\/\/helipoland.com\/wp-content\/uploads\/2016\/02\/skydemon.jpg","contentUrl":"http:\/\/helipoland.com\/wp-content\/uploads\/2016\/02\/skydemon.jpg"},{"@type":"BreadcrumbList","@id":"https:\/\/helipoland.com\/sprzedaz-helikopterow-smiglowcow\/aplikacje\/#breadcrumb","itemListElement":[{"@type":"ListItem","position":1,"name":"Helipoland.com","item":"https:\/\/helipoland.com\/pl\/"},{"@type":"ListItem","position":2,"name":"Sprzeda\u017c nowych i u\u017cywanych \u015bmig\u0142owc\u00f3w (helikopter\u00f3w), akcesoria, l\u0105dowiska","item":"https:\/\/helipoland.com\/sprzedaz-helikopterow-smiglowcow\/"},{"@type":"ListItem","position":3,"name":"Aplikacje"}]},{"@type":"WebSite","@id":"https:\/\/helipoland.com\/pl\/#website","url":"https:\/\/helipoland.com\/pl\/","name":"Helipoland.com","description":"Loty helikopterem, szko\u0142a latania, us\u0142ugi lotnicze, \u015bmig\u0142owce","potentialAction":[{"@type":"SearchAction","target":{"@type":"EntryPoint","urlTemplate":"https:\/\/helipoland.com\/pl\/?s={search_term_string}"},"query-input":{"@type":"PropertyValueSpecification","valueRequired":true,"valueName":"search_term_string"}}],"inLanguage":"pl-PL"}]}},"_links":{"self":[{"href":"https:\/\/helipoland.com\/pl\/wp-json\/wp\/v2\/pages\/2431","targetHints":{"allow":["GET"]}}],"collection":[{"href":"https:\/\/helipoland.com\/pl\/wp-json\/wp\/v2\/pages"}],"about":[{"href":"https:\/\/helipoland.com\/pl\/wp-json\/wp\/v2\/types\/page"}],"author":[{"embeddable":true,"href":"https:\/\/helipoland.com\/pl\/wp-json\/wp\/v2\/users\/1"}],"replies":[{"embeddable":true,"href":"https:\/\/helipoland.com\/pl\/wp-json\/wp\/v2\/comments?post=2431"}],"version-history":[{"count":23,"href":"https:\/\/helipoland.com\/pl\/wp-json\/wp\/v2\/pages\/2431\/revisions"}],"predecessor-version":[{"id":5778,"href":"https:\/\/helipoland.com\/pl\/wp-json\/wp\/v2\/pages\/2431\/revisions\/5778"}],"up":[{"embeddable":true,"href":"https:\/\/helipoland.com\/pl\/wp-json\/wp\/v2\/pages\/410"}],"wp:attachment":[{"href":"https:\/\/helipoland.com\/pl\/wp-json\/wp\/v2\/media?parent=2431"}],"curies":[{"name":"wp","href":"https:\/\/api.w.org\/{rel}","templated":true}]}}