{"id":2658,"date":"2016-05-22T10:51:45","date_gmt":"2016-05-22T10:51:45","guid":{"rendered":"http:\/\/helipoland.com\/?page_id=2658"},"modified":"2024-12-14T10:12:05","modified_gmt":"2024-12-14T10:12:05","slug":"cennik","status":"publish","type":"page","link":"https:\/\/helipoland.com\/pl\/cennik\/","title":{"rendered":"Cennik"},"content":{"rendered":"Uwaga &#8211; rzeczywiste ceny us\u0142ug mog\u0105 si\u0119 r\u00f3\u017cni\u0107 od podanych, np. w zale\u017cno\u015bci od lokalizacji lot\u00f3w widokowych lub szkole\u0144.<\/p>\n<p><a href=\"https:\/\/helipoland.com\/cennik\/cennik-helipoland-2025\/\"><img loading=\"lazy\" decoding=\"async\" class=\"aligncenter wp-image-6025 size-full\" src=\"https:\/\/helipoland.com\/wp-content\/uploads\/2024\/12\/Cennik-Helipoland-2025-scaled.jpg\" alt=\"Cennik Helipoland loty \u015bmig\u0142owcowe\" width=\"1809\" height=\"2560\" srcset=\"https:\/\/helipoland.com\/wp-content\/uploads\/2024\/12\/Cennik-Helipoland-2025-scaled.jpg 1809w, https:\/\/helipoland.com\/wp-content\/uploads\/2024\/12\/Cennik-Helipoland-2025-212x300.jpg 212w, https:\/\/helipoland.com\/wp-content\/uploads\/2024\/12\/Cennik-Helipoland-2025-724x1024.jpg 724w, https:\/\/helipoland.com\/wp-content\/uploads\/2024\/12\/Cennik-Helipoland-2025-768x1087.jpg 768w, https:\/\/helipoland.com\/wp-content\/uploads\/2024\/12\/Cennik-Helipoland-2025-424x600.jpg 424w, https:\/\/helipoland.com\/wp-content\/uploads\/2024\/12\/Cennik-Helipoland-2025-1696x2400.jpg 1696w, https:\/\/helipoland.com\/wp-content\/uploads\/2024\/12\/Cennik-Helipoland-2025-1086x1536.jpg 1086w, https:\/\/helipoland.com\/wp-content\/uploads\/2024\/12\/Cennik-Helipoland-2025-1447x2048.jpg 1447w\" sizes=\"auto, (max-width: 1809px) 100vw, 1809px\" \/><\/a><\/p>\n<p>&nbsp;","protected":false},"excerpt":{"rendered":"<p>Uwaga &#8211; rzeczywiste ceny us\u0142ug mog\u0105 si\u0119 r\u00f3\u017cni\u0107 od podanych, np. w zale\u017cno\u015bci od lokalizacji lot\u00f3w widokowych lub szkole\u0144. &nbsp;<\/p>\n","protected":false},"author":1,"featured_media":0,"parent":0,"menu_order":0,"comment_status":"closed","ping_status":"closed","template":"template-fullwidth.php","meta":{"_acf_changed":false,"footnotes":""},"class_list":["post-2658","page","type-page","status-publish","hentry"],"acf":[],"yoast_head":"<!-- This site is optimized with the Yoast SEO plugin v24.8.1 - https:\/\/yoast.com\/wordpress\/plugins\/seo\/ -->\n<title>Cennik - Helipoland.com<\/title>\n<meta name=\"robots\" content=\"index, follow, max-snippet:-1, max-image-preview:large, max-video-preview:-1\" \/>\n<link rel=\"canonical\" href=\"https:\/\/helipoland.com\/cennik\/\" \/>\n<meta property=\"og:locale\" content=\"pl_PL\" \/>\n<meta property=\"og:type\" content=\"article\" \/>\n<meta property=\"og:title\" content=\"Cennik - Helipoland.com\" \/>\n<meta property=\"og:description\" content=\"Uwaga &#8211; rzeczywiste ceny us\u0142ug mog\u0105 si\u0119 r\u00f3\u017cni\u0107 od podanych, np. w zale\u017cno\u015bci od lokalizacji lot\u00f3w widokowych lub szkole\u0144. &nbsp;\" \/>\n<meta property=\"og:url\" content=\"https:\/\/helipoland.com\/cennik\/\" \/>\n<meta property=\"og:site_name\" content=\"Helipoland.com\" \/>\n<meta property=\"article:modified_time\" content=\"2024-12-14T10:12:05+00:00\" \/>\n<meta property=\"og:image\" content=\"https:\/\/helipoland.com\/wp-content\/uploads\/2024\/12\/Cennik-Helipoland-2025-scaled.jpg\" \/>\n<script type=\"application\/ld+json\" class=\"yoast-schema-graph\">{\"@context\":\"https:\/\/schema.org\",\"@graph\":[{\"@type\":\"WebPage\",\"@id\":\"https:\/\/helipoland.com\/cennik\/\",\"url\":\"https:\/\/helipoland.com\/cennik\/\",\"name\":\"Cennik - Helipoland.com\",\"isPartOf\":{\"@id\":\"https:\/\/helipoland.com\/pl\/#website\"},\"primaryImageOfPage\":{\"@id\":\"https:\/\/helipoland.com\/cennik\/#primaryimage\"},\"image\":{\"@id\":\"https:\/\/helipoland.com\/cennik\/#primaryimage\"},\"thumbnailUrl\":\"https:\/\/helipoland.com\/wp-content\/uploads\/2024\/12\/Cennik-Helipoland-2025-scaled.jpg\",\"datePublished\":\"2016-05-22T10:51:45+00:00\",\"dateModified\":\"2024-12-14T10:12:05+00:00\",\"breadcrumb\":{\"@id\":\"https:\/\/helipoland.com\/cennik\/#breadcrumb\"},\"inLanguage\":\"pl-PL\",\"potentialAction\":[{\"@type\":\"ReadAction\",\"target\":[\"https:\/\/helipoland.com\/cennik\/\"]}]},{\"@type\":\"ImageObject\",\"inLanguage\":\"pl-PL\",\"@id\":\"https:\/\/helipoland.com\/cennik\/#primaryimage\",\"url\":\"https:\/\/helipoland.com\/wp-content\/uploads\/2024\/12\/Cennik-Helipoland-2025-scaled.jpg\",\"contentUrl\":\"https:\/\/helipoland.com\/wp-content\/uploads\/2024\/12\/Cennik-Helipoland-2025-scaled.jpg\"},{\"@type\":\"BreadcrumbList\",\"@id\":\"https:\/\/helipoland.com\/cennik\/#breadcrumb\",\"itemListElement\":[{\"@type\":\"ListItem\",\"position\":1,\"name\":\"Helipoland.com\",\"item\":\"https:\/\/helipoland.com\/pl\/\"},{\"@type\":\"ListItem\",\"position\":2,\"name\":\"Cennik\"}]},{\"@type\":\"WebSite\",\"@id\":\"https:\/\/helipoland.com\/pl\/#website\",\"url\":\"https:\/\/helipoland.com\/pl\/\",\"name\":\"Helipoland.com\",\"description\":\"Loty helikopterem, szko\u0142a latania, us\u0142ugi lotnicze, \u015bmig\u0142owce\",\"potentialAction\":[{\"@type\":\"SearchAction\",\"target\":{\"@type\":\"EntryPoint\",\"urlTemplate\":\"https:\/\/helipoland.com\/pl\/?s={search_term_string}\"},\"query-input\":{\"@type\":\"PropertyValueSpecification\",\"valueRequired\":true,\"valueName\":\"search_term_string\"}}],\"inLanguage\":\"pl-PL\"}]}<\/script>\n<!-- \/ Yoast SEO plugin. -->","yoast_head_json":{"title":"Cennik - Helipoland.com","robots":{"index":"index","follow":"follow","max-snippet":"max-snippet:-1","max-image-preview":"max-image-preview:large","max-video-preview":"max-video-preview:-1"},"canonical":"https:\/\/helipoland.com\/cennik\/","og_locale":"pl_PL","og_type":"article","og_title":"Cennik - Helipoland.com","og_description":"Uwaga &#8211; rzeczywiste ceny us\u0142ug mog\u0105 si\u0119 r\u00f3\u017cni\u0107 od podanych, np. w zale\u017cno\u015bci od lokalizacji lot\u00f3w widokowych lub szkole\u0144. &nbsp;","og_url":"https:\/\/helipoland.com\/cennik\/","og_site_name":"Helipoland.com","article_modified_time":"2024-12-14T10:12:05+00:00","og_image":[{"url":"https:\/\/helipoland.com\/wp-content\/uploads\/2024\/12\/Cennik-Helipoland-2025-scaled.jpg","type":"","width":"","height":""}],"schema":{"@context":"https:\/\/schema.org","@graph":[{"@type":"WebPage","@id":"https:\/\/helipoland.com\/cennik\/","url":"https:\/\/helipoland.com\/cennik\/","name":"Cennik - Helipoland.com","isPartOf":{"@id":"https:\/\/helipoland.com\/pl\/#website"},"primaryImageOfPage":{"@id":"https:\/\/helipoland.com\/cennik\/#primaryimage"},"image":{"@id":"https:\/\/helipoland.com\/cennik\/#primaryimage"},"thumbnailUrl":"https:\/\/helipoland.com\/wp-content\/uploads\/2024\/12\/Cennik-Helipoland-2025-scaled.jpg","datePublished":"2016-05-22T10:51:45+00:00","dateModified":"2024-12-14T10:12:05+00:00","breadcrumb":{"@id":"https:\/\/helipoland.com\/cennik\/#breadcrumb"},"inLanguage":"pl-PL","potentialAction":[{"@type":"ReadAction","target":["https:\/\/helipoland.com\/cennik\/"]}]},{"@type":"ImageObject","inLanguage":"pl-PL","@id":"https:\/\/helipoland.com\/cennik\/#primaryimage","url":"https:\/\/helipoland.com\/wp-content\/uploads\/2024\/12\/Cennik-Helipoland-2025-scaled.jpg","contentUrl":"https:\/\/helipoland.com\/wp-content\/uploads\/2024\/12\/Cennik-Helipoland-2025-scaled.jpg"},{"@type":"BreadcrumbList","@id":"https:\/\/helipoland.com\/cennik\/#breadcrumb","itemListElement":[{"@type":"ListItem","position":1,"name":"Helipoland.com","item":"https:\/\/helipoland.com\/pl\/"},{"@type":"ListItem","position":2,"name":"Cennik"}]},{"@type":"WebSite","@id":"https:\/\/helipoland.com\/pl\/#website","url":"https:\/\/helipoland.com\/pl\/","name":"Helipoland.com","description":"Loty helikopterem, szko\u0142a latania, us\u0142ugi lotnicze, \u015bmig\u0142owce","potentialAction":[{"@type":"SearchAction","target":{"@type":"EntryPoint","urlTemplate":"https:\/\/helipoland.com\/pl\/?s={search_term_string}"},"query-input":{"@type":"PropertyValueSpecification","valueRequired":true,"valueName":"search_term_string"}}],"inLanguage":"pl-PL"}]}},"_links":{"self":[{"href":"https:\/\/helipoland.com\/pl\/wp-json\/wp\/v2\/pages\/2658","targetHints":{"allow":["GET"]}}],"collection":[{"href":"https:\/\/helipoland.com\/pl\/wp-json\/wp\/v2\/pages"}],"about":[{"href":"https:\/\/helipoland.com\/pl\/wp-json\/wp\/v2\/types\/page"}],"author":[{"embeddable":true,"href":"https:\/\/helipoland.com\/pl\/wp-json\/wp\/v2\/users\/1"}],"replies":[{"embeddable":true,"href":"https:\/\/helipoland.com\/pl\/wp-json\/wp\/v2\/comments?post=2658"}],"version-history":[{"count":35,"href":"https:\/\/helipoland.com\/pl\/wp-json\/wp\/v2\/pages\/2658\/revisions"}],"predecessor-version":[{"id":6028,"href":"https:\/\/helipoland.com\/pl\/wp-json\/wp\/v2\/pages\/2658\/revisions\/6028"}],"wp:attachment":[{"href":"https:\/\/helipoland.com\/pl\/wp-json\/wp\/v2\/media?parent=2658"}],"curies":[{"name":"wp","href":"https:\/\/api.w.org\/{rel}","templated":true}]}}