{"id":3178,"date":"2017-04-02T20:36:51","date_gmt":"2017-04-02T20:36:51","guid":{"rendered":"http:\/\/helipoland.com\/?page_id=3178"},"modified":"2023-01-17T12:21:49","modified_gmt":"2023-01-17T12:21:49","slug":"air-taxi-smiglowcem","status":"publish","type":"page","link":"https:\/\/helipoland.com\/pl\/wynajem\/air-taxi-smiglowcem\/","title":{"rendered":"Air Taxi \u015bmig\u0142owcem"},"content":{"rendered":"<p style=\"text-align: center;\"><span style=\"color: #000000;\"><strong>To, co jeszcze kilka lat temu wydawa\u0142o si\u0119 zupe\u0142nie niedost\u0119pne, w chwili obecnej jest na wyci\u0105gniecie r\u0119ki dla wszystkich zainteresowanych. Jako do\u015bwiadczona firma lotnicza dzia\u0142aj\u0105c samodzielnie lub przy wsp\u00f3\u0142pracy z operatorami lotniczymi oferujemy Pa\u0144stwu us\u0142ugi w formule Air Taxi (taks\u00f3wki powietrznej) wykonywane przez do\u015bwiadczonych pilot\u00f3w i operator\u00f3w helikopter\u00f3w.<\/strong><\/span><\/p>\n<h3><span style=\"color: #000000;\"><strong>Air Taxi \u2013 \u015bmig\u0142owcowa taks\u00f3wka powietrzna na zam\u00f3wienie<\/strong><\/span><\/h3>\n<p style=\"text-align: justify;\"><span style=\"color: #000000;\">Dysponujemy zapleczem personalnym, sprz\u0119towym i partnerskim umo\u017cliwiaj\u0105cym podj\u0119cie niemal\u017ce ka\u017cdego zlecenia.\u00a0Swoj\u0105 ofert\u0119 dedykujemy wszystkim tym Klientom, kt\u00f3rzy ceni\u0105 sobie najwy\u017cszej jako\u015bci standardy obs\u0142ugi, poszukuj\u0105c jednocze\u015bnie prostego sposobu na szybkie i wygodne przemieszczanie si\u0119 pomi\u0119dzy wybranymi punktami w kraju i na \u015bwiecie. Niezale\u017cnie czy jeste\u015b biznesmenem, kt\u00f3ry z uwagi na nat\u0142ok obowi\u0105zk\u00f3w zawodowych oraz mnogo\u015b\u0107 spotka\u0144 z kontrahentami i dostawcami, czy te\u017c chcesz jedynie zaoszcz\u0119dzi\u0107 sobie czas, jaki musia\u0142by\u015b sp\u0119dzi\u0107 na podr\u00f3\u017cy konwencjonalnymi \u015brodkami transportu, nasze mo\u017cliwo\u015bci z pewno\u015bci\u0105 spe\u0142ni\u0105 Twoje oczekiwania.<\/span><\/p>\n<div id='gallery-1' class='gallery galleryid-3178 gallery-columns-2 gallery-size-large'><figure class='gallery-item'>\n\t\t\t<div class='gallery-icon landscape'>\n\t\t\t\t<img loading=\"lazy\" decoding=\"async\" width=\"640\" height=\"480\" src=\"https:\/\/helipoland.com\/wp-content\/uploads\/2018\/08\/UNADJUSTEDNONRAW_thumb_20c9-1024x768.jpg\" class=\"attachment-large size-large\" alt=\"Air Taxi Helicopter Poland\" srcset=\"https:\/\/helipoland.com\/wp-content\/uploads\/2018\/08\/UNADJUSTEDNONRAW_thumb_20c9.jpg 1024w, https:\/\/helipoland.com\/wp-content\/uploads\/2018\/08\/UNADJUSTEDNONRAW_thumb_20c9-300x225.jpg 300w, https:\/\/helipoland.com\/wp-content\/uploads\/2018\/08\/UNADJUSTEDNONRAW_thumb_20c9-768x576.jpg 768w, https:\/\/helipoland.com\/wp-content\/uploads\/2018\/08\/UNADJUSTEDNONRAW_thumb_20c9-600x450.jpg 600w, https:\/\/helipoland.com\/wp-content\/uploads\/2018\/08\/UNADJUSTEDNONRAW_thumb_20c9-285x214.jpg 285w\" sizes=\"auto, (max-width: 640px) 100vw, 640px\" \/>\n\t\t\t<\/div><\/figure><figure class='gallery-item'>\n\t\t\t<div class='gallery-icon landscape'>\n\t\t\t\t<img loading=\"lazy\" decoding=\"async\" width=\"640\" height=\"480\" src=\"https:\/\/helipoland.com\/wp-content\/uploads\/2018\/08\/UNADJUSTEDNONRAW_thumb_20ba-1024x768.jpg\" class=\"attachment-large size-large\" alt=\"Air Taxi Helicopter Poland\" srcset=\"https:\/\/helipoland.com\/wp-content\/uploads\/2018\/08\/UNADJUSTEDNONRAW_thumb_20ba.jpg 1024w, https:\/\/helipoland.com\/wp-content\/uploads\/2018\/08\/UNADJUSTEDNONRAW_thumb_20ba-300x225.jpg 300w, https:\/\/helipoland.com\/wp-content\/uploads\/2018\/08\/UNADJUSTEDNONRAW_thumb_20ba-768x576.jpg 768w, https:\/\/helipoland.com\/wp-content\/uploads\/2018\/08\/UNADJUSTEDNONRAW_thumb_20ba-600x450.jpg 600w, https:\/\/helipoland.com\/wp-content\/uploads\/2018\/08\/UNADJUSTEDNONRAW_thumb_20ba-285x214.jpg 285w\" sizes=\"auto, (max-width: 640px) 100vw, 640px\" \/>\n\t\t\t<\/div><\/figure>\n\t\t<\/div>\n\n<h3><span style=\"color: #000000;\"><strong>Taxi powietrzne &#8211; szybko\u015b\u0107, komfort i bezpiecze\u0144stwo<\/strong><\/span><\/h3>\n<p style=\"text-align: justify;\"><span style=\"color: #000000;\">Korzystaj\u0105c z us\u0142ug w formule taks\u00f3wki powietrznej nie musisz martwi\u0107 si\u0119 korkami na drodze oraz goni\u0105cymi Ci\u0119 terminami. Jedyna Twoja aktywno\u015b\u0107 ogranicza si\u0119 do zam\u00f3wienia taks\u00f3wki helikoptera, a ca\u0142\u0105 reszt\u0105 zajmiemy si\u0119 my: zapewnimy odpowiedni \u015bmig\u0142owiec, operator AOC lub pilot zorganizuje przelot na wybranej przez Ciebie trasie. Wykwalifikowana kadra obs\u0142uguj\u0105ca rejs lub pilot \u015bmig\u0142owca zapewni wyj\u0105tkowo szybki czas wykonania us\u0142ugi. W tym czasie b\u0119dziesz m\u00f3g\u0142 odpocz\u0105\u0107 lub przygotowa\u0107 si\u0119 na czekaj\u0105ce Ci\u0119 spotkania lub czynno\u015bci.<\/span><\/p>\n<div id='gallery-2' class='gallery galleryid-3178 gallery-columns-2 gallery-size-large'><figure class='gallery-item'>\n\t\t\t<div class='gallery-icon landscape'>\n\t\t\t\t<img loading=\"lazy\" decoding=\"async\" width=\"640\" height=\"480\" src=\"https:\/\/helipoland.com\/wp-content\/uploads\/2018\/08\/UNADJUSTEDNONRAW_thumb_20be-1024x768.jpg\" class=\"attachment-large size-large\" alt=\"Air Taxi Helicopter Poland\" srcset=\"https:\/\/helipoland.com\/wp-content\/uploads\/2018\/08\/UNADJUSTEDNONRAW_thumb_20be.jpg 1024w, https:\/\/helipoland.com\/wp-content\/uploads\/2018\/08\/UNADJUSTEDNONRAW_thumb_20be-300x225.jpg 300w, https:\/\/helipoland.com\/wp-content\/uploads\/2018\/08\/UNADJUSTEDNONRAW_thumb_20be-768x576.jpg 768w, https:\/\/helipoland.com\/wp-content\/uploads\/2018\/08\/UNADJUSTEDNONRAW_thumb_20be-600x450.jpg 600w, https:\/\/helipoland.com\/wp-content\/uploads\/2018\/08\/UNADJUSTEDNONRAW_thumb_20be-285x214.jpg 285w\" sizes=\"auto, (max-width: 640px) 100vw, 640px\" \/>\n\t\t\t<\/div><\/figure><figure class='gallery-item'>\n\t\t\t<div class='gallery-icon landscape'>\n\t\t\t\t<img loading=\"lazy\" decoding=\"async\" width=\"640\" height=\"480\" src=\"https:\/\/helipoland.com\/wp-content\/uploads\/2018\/08\/UNADJUSTEDNONRAW_thumb_209e-1024x768.jpg\" class=\"attachment-large size-large\" alt=\"Air Taxi Helicopter Poland\" srcset=\"https:\/\/helipoland.com\/wp-content\/uploads\/2018\/08\/UNADJUSTEDNONRAW_thumb_209e.jpg 1024w, https:\/\/helipoland.com\/wp-content\/uploads\/2018\/08\/UNADJUSTEDNONRAW_thumb_209e-300x225.jpg 300w, https:\/\/helipoland.com\/wp-content\/uploads\/2018\/08\/UNADJUSTEDNONRAW_thumb_209e-768x576.jpg 768w, https:\/\/helipoland.com\/wp-content\/uploads\/2018\/08\/UNADJUSTEDNONRAW_thumb_209e-600x450.jpg 600w, https:\/\/helipoland.com\/wp-content\/uploads\/2018\/08\/UNADJUSTEDNONRAW_thumb_209e-285x214.jpg 285w\" sizes=\"auto, (max-width: 640px) 100vw, 640px\" \/>\n\t\t\t<\/div><\/figure>\n\t\t<\/div>\n\n<p style=\"text-align: center;\"><a href=\"#contact-form-begin\" class=\"su-button su-button-style- got_to_form\" style=\"color:#FFFFFF;background-color:#2D89EF;border-color:#246ec0;border-radius:0px\" target=\"_self\"><span style=\"color:#FFFFFF;padding:0px 34px;font-size:25px;line-height:50px;border-color:#6cadf4;border-radius:0px;text-shadow:none\"> Zam\u00f3w lot<\/span><\/a>\n<h3><span style=\"color: #000000;\"><strong>Zalety us\u0142ug Air Taxi wykonywanych helikopterem<\/strong><\/span><\/h3>\n<p style=\"text-align: justify;\"><span style=\"color: #000000;\">Wi\u0119kszo\u015b\u0107 komercyjnych przewo\u017anik\u00f3w koncentruje si\u0119 na wykonywaniu lot\u00f3w z wykorzystaniem ma\u0142ych samolot\u00f3w kursuj\u0105cych pomi\u0119dzy lotniskami umo\u017cliwiaj\u0105cymi ich bezproblemowy start oraz l\u0105dowanie. \u015awiadczone w ten spos\u00f3b us\u0142ugi sprawdzaj\u0105 si\u0119 znakomicie w przypadku zlece\u0144 obejmuj\u0105cych loty na standardowych trasach, wykorzystuj\u0105ce podstawowe porty lotnicze w kraju, kt\u00f3rych wykorzystanie cz\u0119sto nie jest mo\u017cliwe np. poprzez podmok\u0142\u0105 nawierzchni\u0119 trawiast\u0105 lub brak dost\u0119pno\u015bci paliw lotniczych.<\/span><\/p>\n<div id='gallery-3' class='gallery galleryid-3178 gallery-columns-3 gallery-size-large'><figure class='gallery-item'>\n\t\t\t<div class='gallery-icon landscape'>\n\t\t\t\t<img loading=\"lazy\" decoding=\"async\" width=\"640\" height=\"427\" src=\"https:\/\/helipoland.com\/wp-content\/uploads\/2018\/08\/Air-Taxi-Helicopter-Poland-31-1024x683.jpg\" class=\"attachment-large size-large\" alt=\"Air Taxi Helicopter Poland\" srcset=\"https:\/\/helipoland.com\/wp-content\/uploads\/2018\/08\/Air-Taxi-Helicopter-Poland-31-1024x683.jpg 1024w, https:\/\/helipoland.com\/wp-content\/uploads\/2018\/08\/Air-Taxi-Helicopter-Poland-31-300x200.jpg 300w, https:\/\/helipoland.com\/wp-content\/uploads\/2018\/08\/Air-Taxi-Helicopter-Poland-31-768x512.jpg 768w, https:\/\/helipoland.com\/wp-content\/uploads\/2018\/08\/Air-Taxi-Helicopter-Poland-31-600x400.jpg 600w, https:\/\/helipoland.com\/wp-content\/uploads\/2018\/08\/Air-Taxi-Helicopter-Poland-31-1800x1200.jpg 1800w, https:\/\/helipoland.com\/wp-content\/uploads\/2018\/08\/Air-Taxi-Helicopter-Poland-31-272x182.jpg 272w\" sizes=\"auto, (max-width: 640px) 100vw, 640px\" \/>\n\t\t\t<\/div><\/figure><figure class='gallery-item'>\n\t\t\t<div class='gallery-icon landscape'>\n\t\t\t\t<img loading=\"lazy\" decoding=\"async\" width=\"640\" height=\"427\" src=\"https:\/\/helipoland.com\/wp-content\/uploads\/2018\/08\/Air-Taxi-Helicopter-Poland-32-1024x683.jpg\" class=\"attachment-large size-large\" alt=\"Air Taxi Helicopter Poland\" srcset=\"https:\/\/helipoland.com\/wp-content\/uploads\/2018\/08\/Air-Taxi-Helicopter-Poland-32-1024x683.jpg 1024w, https:\/\/helipoland.com\/wp-content\/uploads\/2018\/08\/Air-Taxi-Helicopter-Poland-32-300x200.jpg 300w, https:\/\/helipoland.com\/wp-content\/uploads\/2018\/08\/Air-Taxi-Helicopter-Poland-32-768x512.jpg 768w, https:\/\/helipoland.com\/wp-content\/uploads\/2018\/08\/Air-Taxi-Helicopter-Poland-32-600x400.jpg 600w, https:\/\/helipoland.com\/wp-content\/uploads\/2018\/08\/Air-Taxi-Helicopter-Poland-32-1800x1200.jpg 1800w, https:\/\/helipoland.com\/wp-content\/uploads\/2018\/08\/Air-Taxi-Helicopter-Poland-32-272x182.jpg 272w\" sizes=\"auto, (max-width: 640px) 100vw, 640px\" \/>\n\t\t\t<\/div><\/figure><figure class='gallery-item'>\n\t\t\t<div class='gallery-icon landscape'>\n\t\t\t\t<img loading=\"lazy\" decoding=\"async\" width=\"640\" height=\"427\" src=\"https:\/\/helipoland.com\/wp-content\/uploads\/2018\/08\/Air-Taxi-Helicopter-Poland-33-1024x683.jpg\" class=\"attachment-large size-large\" alt=\"Air Taxi Helicopter Poland\" srcset=\"https:\/\/helipoland.com\/wp-content\/uploads\/2018\/08\/Air-Taxi-Helicopter-Poland-33-1024x683.jpg 1024w, https:\/\/helipoland.com\/wp-content\/uploads\/2018\/08\/Air-Taxi-Helicopter-Poland-33-300x200.jpg 300w, https:\/\/helipoland.com\/wp-content\/uploads\/2018\/08\/Air-Taxi-Helicopter-Poland-33-768x512.jpg 768w, https:\/\/helipoland.com\/wp-content\/uploads\/2018\/08\/Air-Taxi-Helicopter-Poland-33-600x400.jpg 600w, https:\/\/helipoland.com\/wp-content\/uploads\/2018\/08\/Air-Taxi-Helicopter-Poland-33-1800x1200.jpg 1800w, https:\/\/helipoland.com\/wp-content\/uploads\/2018\/08\/Air-Taxi-Helicopter-Poland-33-272x182.jpg 272w\" sizes=\"auto, (max-width: 640px) 100vw, 640px\" \/>\n\t\t\t<\/div><\/figure>\n\t\t<\/div>\n\n<h3><span style=\"color: #000000;\"><strong>L\u0105duj tam, gdzie nie mog\u0105 samoloty<\/strong><\/span><\/h3>\n<p style=\"text-align: justify;\"><span style=\"color: #000000;\">Problemy zaczynaj\u0105 si\u0119 wtedy, gdy w pobli\u017cu miejsca, do kt\u00f3rego b\u0119dziesz chcia\u0142 dotrze\u0107, nie b\u0119dzie znajdowa\u0107 si\u0119 odpowiednie lotnisko lub l\u0105dowisko. W zasadzie wykluczy to mo\u017cliwo\u015b\u0107 skorzystania z samolot\u00f3w celem dotarcia do obranego przez Ciebie miejsca. Decyduj\u0105c si\u0119 skorzysta\u0107 z naszych us\u0142ug w zasadzie pozbywasz si\u0119 tego problemu. Udost\u0119pniane przez nas helikoptery umo\u017cliwiaj\u0105 l\u0105dowanie w znacznie wi\u0119kszej ilo\u015bci miejsc, ani\u017celi ma to miejsce w przypadku samolot\u00f3w. L\u0105dujemy wsz\u0119dzie tam, gdzie pozwalaj\u0105 nam na to przepisy prawa, nie wy\u0142\u0105czaj\u0105c tak\u017ce ma\u0142ych, prywatnych l\u0105dowisk, kt\u00f3re za\u0142o\u017cy\u0107 mo\u017ce ka\u017cda osoba fizyczna, dysponuj\u0105ca odpowiedni\u0105 nieruchomo\u015bci\u0105.\u00a0<\/span><\/p>\n<div id='gallery-4' class='gallery galleryid-3178 gallery-columns-2 gallery-size-large'><figure class='gallery-item'>\n\t\t\t<div class='gallery-icon landscape'>\n\t\t\t\t<img loading=\"lazy\" decoding=\"async\" width=\"640\" height=\"480\" src=\"https:\/\/helipoland.com\/wp-content\/uploads\/2018\/08\/Air-Taxi-Helicopter-Poland-42-1024x768.jpg\" class=\"attachment-large size-large\" alt=\"Air Taxi Helicopter Poland\" srcset=\"https:\/\/helipoland.com\/wp-content\/uploads\/2018\/08\/Air-Taxi-Helicopter-Poland-42.jpg 1024w, https:\/\/helipoland.com\/wp-content\/uploads\/2018\/08\/Air-Taxi-Helicopter-Poland-42-300x225.jpg 300w, https:\/\/helipoland.com\/wp-content\/uploads\/2018\/08\/Air-Taxi-Helicopter-Poland-42-768x576.jpg 768w, https:\/\/helipoland.com\/wp-content\/uploads\/2018\/08\/Air-Taxi-Helicopter-Poland-42-600x450.jpg 600w, https:\/\/helipoland.com\/wp-content\/uploads\/2018\/08\/Air-Taxi-Helicopter-Poland-42-285x214.jpg 285w\" sizes=\"auto, (max-width: 640px) 100vw, 640px\" \/>\n\t\t\t<\/div><\/figure><figure class='gallery-item'>\n\t\t\t<div class='gallery-icon landscape'>\n\t\t\t\t<img loading=\"lazy\" decoding=\"async\" width=\"640\" height=\"480\" src=\"https:\/\/helipoland.com\/wp-content\/uploads\/2018\/08\/Air-Taxi-Helicopter-Poland-41-1024x768.jpg\" class=\"attachment-large size-large\" alt=\"Air Taxi Helicopter Poland\" srcset=\"https:\/\/helipoland.com\/wp-content\/uploads\/2018\/08\/Air-Taxi-Helicopter-Poland-41.jpg 1024w, https:\/\/helipoland.com\/wp-content\/uploads\/2018\/08\/Air-Taxi-Helicopter-Poland-41-300x225.jpg 300w, https:\/\/helipoland.com\/wp-content\/uploads\/2018\/08\/Air-Taxi-Helicopter-Poland-41-768x576.jpg 768w, https:\/\/helipoland.com\/wp-content\/uploads\/2018\/08\/Air-Taxi-Helicopter-Poland-41-600x450.jpg 600w, https:\/\/helipoland.com\/wp-content\/uploads\/2018\/08\/Air-Taxi-Helicopter-Poland-41-285x214.jpg 285w\" sizes=\"auto, (max-width: 640px) 100vw, 640px\" \/>\n\t\t\t<\/div><\/figure>\n\t\t<\/div>\n\n<h3><span style=\"color: #000000;\"><strong>Powietrzne taxi \u2013 szybko i sprawnie<\/strong><\/span><\/h3>\n<p style=\"text-align: justify;\"><span style=\"color: #000000;\">Mamy \u015bwiadomo\u015b\u0107 tego, ile w dzisiejszych czasach znaczy wyczucie czasu i punktualno\u015b\u0107. Dlatego staramy si\u0119 zagwarantowa\u0107 mo\u017cliwie najkr\u00f3tszy czas oczekiwania na udost\u0119pnienie odpowiedniego \u015bmig\u0142owca co pozwala na wykonanie us\u0142ugi w deklarowanym przez nas czasie. W awaryjnych sytuacjach jeste\u015bmy w stanie zaaran\u017cowa\u0107 lot w czasie wynosz\u0105cym do kilku godzin, w zale\u017cno\u015bci od miejsca, z kt\u00f3rego mia\u0142by nast\u0105pi\u0107 wylot naszego helikoptera. Jeste\u015bmy do Pa\u0144stwa dyspozycji o ka\u017cdej porze dnia i nocy. Jedynym ograniczeniem s\u0105 dla nas niekorzystne warunki atmosferyczne, kt\u00f3re uniemo\u017cliwiaj\u0105 bezpieczny przelot i l\u0105dowanie.<\/span><\/p>","protected":false},"excerpt":{"rendered":"<p>To, co jeszcze kilka lat temu wydawa\u0142o si\u0119 zupe\u0142nie niedost\u0119pne, w chwili obecnej jest na wyci\u0105gniecie r\u0119ki dla wszystkich zainteresowanych.[&#8230;..]<\/p>\n","protected":false},"author":1,"featured_media":0,"parent":3845,"menu_order":0,"comment_status":"closed","ping_status":"closed","template":"template-fullwidth-with-form.php","meta":{"_acf_changed":false,"footnotes":""},"class_list":["post-3178","page","type-page","status-publish","hentry"],"acf":[],"yoast_head":"<!-- This site is optimized with the Yoast SEO plugin v24.8.1 - https:\/\/yoast.com\/wordpress\/plugins\/seo\/ -->\n<title>Air Taxi \u015bmig\u0142owcem - Helipoland.com<\/title>\n<meta name=\"robots\" content=\"index, follow, max-snippet:-1, max-image-preview:large, max-video-preview:-1\" \/>\n<link rel=\"canonical\" href=\"https:\/\/helipoland.com\/wynajem\/air-taxi-smiglowcem\/\" \/>\n<meta property=\"og:locale\" content=\"pl_PL\" \/>\n<meta property=\"og:type\" content=\"article\" \/>\n<meta property=\"og:title\" content=\"Air Taxi \u015bmig\u0142owcem - Helipoland.com\" \/>\n<meta property=\"og:description\" content=\"To, co jeszcze kilka lat temu wydawa\u0142o si\u0119 zupe\u0142nie niedost\u0119pne, w chwili obecnej jest na wyci\u0105gniecie r\u0119ki dla wszystkich zainteresowanych.[.....]\" \/>\n<meta property=\"og:url\" content=\"https:\/\/helipoland.com\/wynajem\/air-taxi-smiglowcem\/\" \/>\n<meta property=\"og:site_name\" content=\"Helipoland.com\" \/>\n<meta property=\"article:modified_time\" content=\"2023-01-17T12:21:49+00:00\" \/>\n<meta property=\"og:image\" content=\"https:\/\/helipoland.com\/wp-content\/uploads\/2018\/08\/UNADJUSTEDNONRAW_thumb_20c9-1024x768.jpg\" \/>\n<meta name=\"twitter:label1\" content=\"Szacowany czas czytania\" \/>\n\t<meta name=\"twitter:data1\" content=\"6 minut\" \/>\n<script type=\"application\/ld+json\" class=\"yoast-schema-graph\">{\"@context\":\"https:\/\/schema.org\",\"@graph\":[{\"@type\":\"WebPage\",\"@id\":\"https:\/\/helipoland.com\/wynajem\/air-taxi-smiglowcem\/\",\"url\":\"https:\/\/helipoland.com\/wynajem\/air-taxi-smiglowcem\/\",\"name\":\"Air Taxi \u015bmig\u0142owcem - Helipoland.com\",\"isPartOf\":{\"@id\":\"https:\/\/helipoland.com\/pl\/#website\"},\"datePublished\":\"2017-04-02T20:36:51+00:00\",\"dateModified\":\"2023-01-17T12:21:49+00:00\",\"breadcrumb\":{\"@id\":\"https:\/\/helipoland.com\/wynajem\/air-taxi-smiglowcem\/#breadcrumb\"},\"inLanguage\":\"pl-PL\",\"potentialAction\":[{\"@type\":\"ReadAction\",\"target\":[\"https:\/\/helipoland.com\/wynajem\/air-taxi-smiglowcem\/\"]}]},{\"@type\":\"BreadcrumbList\",\"@id\":\"https:\/\/helipoland.com\/wynajem\/air-taxi-smiglowcem\/#breadcrumb\",\"itemListElement\":[{\"@type\":\"ListItem\",\"position\":1,\"name\":\"Helipoland.com\",\"item\":\"https:\/\/helipoland.com\/pl\/\"},{\"@type\":\"ListItem\",\"position\":2,\"name\":\"Wynajem\",\"item\":\"https:\/\/helipoland.com\/wynajem\/\"},{\"@type\":\"ListItem\",\"position\":3,\"name\":\"Air Taxi \u015bmig\u0142owcem\"}]},{\"@type\":\"WebSite\",\"@id\":\"https:\/\/helipoland.com\/pl\/#website\",\"url\":\"https:\/\/helipoland.com\/pl\/\",\"name\":\"Helipoland.com\",\"description\":\"Loty helikopterem, szko\u0142a latania, us\u0142ugi lotnicze, \u015bmig\u0142owce\",\"potentialAction\":[{\"@type\":\"SearchAction\",\"target\":{\"@type\":\"EntryPoint\",\"urlTemplate\":\"https:\/\/helipoland.com\/pl\/?s={search_term_string}\"},\"query-input\":{\"@type\":\"PropertyValueSpecification\",\"valueRequired\":true,\"valueName\":\"search_term_string\"}}],\"inLanguage\":\"pl-PL\"}]}<\/script>\n<!-- \/ Yoast SEO plugin. -->","yoast_head_json":{"title":"Air Taxi \u015bmig\u0142owcem - Helipoland.com","robots":{"index":"index","follow":"follow","max-snippet":"max-snippet:-1","max-image-preview":"max-image-preview:large","max-video-preview":"max-video-preview:-1"},"canonical":"https:\/\/helipoland.com\/wynajem\/air-taxi-smiglowcem\/","og_locale":"pl_PL","og_type":"article","og_title":"Air Taxi \u015bmig\u0142owcem - Helipoland.com","og_description":"To, co jeszcze kilka lat temu wydawa\u0142o si\u0119 zupe\u0142nie niedost\u0119pne, w chwili obecnej jest na wyci\u0105gniecie r\u0119ki dla wszystkich zainteresowanych.[.....]","og_url":"https:\/\/helipoland.com\/wynajem\/air-taxi-smiglowcem\/","og_site_name":"Helipoland.com","article_modified_time":"2023-01-17T12:21:49+00:00","og_image":[{"url":"https:\/\/helipoland.com\/wp-content\/uploads\/2018\/08\/UNADJUSTEDNONRAW_thumb_20c9-1024x768.jpg","type":"","width":"","height":""}],"twitter_misc":{"Szacowany czas czytania":"6 minut"},"schema":{"@context":"https:\/\/schema.org","@graph":[{"@type":"WebPage","@id":"https:\/\/helipoland.com\/wynajem\/air-taxi-smiglowcem\/","url":"https:\/\/helipoland.com\/wynajem\/air-taxi-smiglowcem\/","name":"Air Taxi \u015bmig\u0142owcem - Helipoland.com","isPartOf":{"@id":"https:\/\/helipoland.com\/pl\/#website"},"datePublished":"2017-04-02T20:36:51+00:00","dateModified":"2023-01-17T12:21:49+00:00","breadcrumb":{"@id":"https:\/\/helipoland.com\/wynajem\/air-taxi-smiglowcem\/#breadcrumb"},"inLanguage":"pl-PL","potentialAction":[{"@type":"ReadAction","target":["https:\/\/helipoland.com\/wynajem\/air-taxi-smiglowcem\/"]}]},{"@type":"BreadcrumbList","@id":"https:\/\/helipoland.com\/wynajem\/air-taxi-smiglowcem\/#breadcrumb","itemListElement":[{"@type":"ListItem","position":1,"name":"Helipoland.com","item":"https:\/\/helipoland.com\/pl\/"},{"@type":"ListItem","position":2,"name":"Wynajem","item":"https:\/\/helipoland.com\/wynajem\/"},{"@type":"ListItem","position":3,"name":"Air Taxi \u015bmig\u0142owcem"}]},{"@type":"WebSite","@id":"https:\/\/helipoland.com\/pl\/#website","url":"https:\/\/helipoland.com\/pl\/","name":"Helipoland.com","description":"Loty helikopterem, szko\u0142a latania, us\u0142ugi lotnicze, \u015bmig\u0142owce","potentialAction":[{"@type":"SearchAction","target":{"@type":"EntryPoint","urlTemplate":"https:\/\/helipoland.com\/pl\/?s={search_term_string}"},"query-input":{"@type":"PropertyValueSpecification","valueRequired":true,"valueName":"search_term_string"}}],"inLanguage":"pl-PL"}]}},"_links":{"self":[{"href":"https:\/\/helipoland.com\/pl\/wp-json\/wp\/v2\/pages\/3178","targetHints":{"allow":["GET"]}}],"collection":[{"href":"https:\/\/helipoland.com\/pl\/wp-json\/wp\/v2\/pages"}],"about":[{"href":"https:\/\/helipoland.com\/pl\/wp-json\/wp\/v2\/types\/page"}],"author":[{"embeddable":true,"href":"https:\/\/helipoland.com\/pl\/wp-json\/wp\/v2\/users\/1"}],"replies":[{"embeddable":true,"href":"https:\/\/helipoland.com\/pl\/wp-json\/wp\/v2\/comments?post=3178"}],"version-history":[{"count":12,"href":"https:\/\/helipoland.com\/pl\/wp-json\/wp\/v2\/pages\/3178\/revisions"}],"predecessor-version":[{"id":5781,"href":"https:\/\/helipoland.com\/pl\/wp-json\/wp\/v2\/pages\/3178\/revisions\/5781"}],"up":[{"embeddable":true,"href":"https:\/\/helipoland.com\/pl\/wp-json\/wp\/v2\/pages\/3845"}],"wp:attachment":[{"href":"https:\/\/helipoland.com\/pl\/wp-json\/wp\/v2\/media?parent=3178"}],"curies":[{"name":"wp","href":"https:\/\/api.w.org\/{rel}","templated":true}]}}