{"id":3229,"date":"2017-05-30T20:24:18","date_gmt":"2017-05-30T20:24:18","guid":{"rendered":"http:\/\/helipoland.com\/?page_id=3229"},"modified":"2023-01-17T12:33:48","modified_gmt":"2023-01-17T12:33:48","slug":"przelot-helikopterem","status":"publish","type":"page","link":"https:\/\/helipoland.com\/pl\/wynajem\/przelot-helikopterem\/","title":{"rendered":"Przelot helikopterem"},"content":{"rendered":"<p style=\"text-align: center;\"><span style=\"color: #000000;\"><strong>Marzenia zwi\u0105zane z podr\u00f3\u017cowaniem statkami powietrznymi oraz obserwowaniem \u015bwiata z perspektywy lotu ptaka towarzyszy\u0142y ludziom ju\u017c od staro\u017cytno\u015bci, kiedy to podejmowano pierwsze pr\u00f3by zbudowania maszyn pozwalaj\u0105cych unie\u015b\u0107 si\u0119 w powietrzne.<\/strong><\/span><\/p>\n<p><img loading=\"lazy\" decoding=\"async\" class=\"aligncenter wp-image-4468 size-full\" src=\"https:\/\/helipoland.com\/wp-content\/uploads\/2019\/11\/Wynajem-\u015bmig\u0142owca-1.jpg\" alt=\"Przelot helikopterem Helipoland\" width=\"5391\" height=\"2696\" \/><\/p>\n<h2><span style=\"color: #000000;\">Przelot \u015bmig\u0142owcem \/ helikopterem<\/span><\/h2>\n<p style=\"text-align: justify;\"><span style=\"color: #000000;\">Marzenia te, w\u00f3wczas jeszcze nierealne, w obecnych czasach jak najbardziej nadaj\u0105 si\u0119 do spe\u0142nienia. Dajemy swoim Klientom mo\u017cliwo\u015b\u0107 zorganizowania lotu jedn\u0105 z posiadanych przez nas maszyn (wi\u0119cej o naszych helikopterach przeczyta\u0107 mo\u017cna na innych podstronach lub na podstronie &#8222;flota&#8221;) w dowolnie wybrane miejsce. W zale\u017cno\u015bci od wybranej maszyny, mo\u017cliwe jest zaoferowanie \u015bmig\u0142owca zdolnego zabra\u0107 na pok\u0142ad \u2013 poza pilotem \u2013 nawet do siedmiu pasa\u017cer\u00f3w.<\/span><\/p>\n<p style=\"text-align: center;\"><a href=\"#contact-form-begin\" class=\"su-button su-button-style- got_to_form\" style=\"color:#FFFFFF;background-color:#2D89EF;border-color:#246ec0;border-radius:0px\" target=\"_self\"><span style=\"color:#FFFFFF;padding:0px 34px;font-size:25px;line-height:50px;border-color:#6cadf4;border-radius:0px;text-shadow:none\"> Zam\u00f3w lot<\/span><\/a>\n<h2><span style=\"color: #000000;\">Dlaczego lot \u015bmig\u0142owcem <\/span><span style=\"color: #000000;\">\/ helikopterem<\/span><span style=\"color: #000000;\">?<\/span><\/h2>\n<p style=\"text-align: justify;\"><span style=\"color: #000000;\">Osoby zainteresowane odbyciem podr\u00f3\u017cy powietrznej wybiera\u0107 mog\u0105 pomi\u0119dzy lotami \u015bmig\u0142owcem (helikopterem), samolotem \u015bmig\u0142owym o nap\u0119dzie t\u0142okowym lub turbinowym, ma\u0142ym samolotem pasa\u017cerskim oraz ekskluzywnymi samolotami biznesowymi tzw. \u201eprivate jet\u201d. Dlaczego spo\u015br\u00f3d wymienionych maszyn powietrznych warto zdecydowa\u0107 si\u0119 na helikopter? Wyb\u00f3r tej w\u0142a\u015bnie maszyny pozwala na praktycznie dowolny wyb\u00f3r miejsca startu i l\u0105dowania. Warunkowany jest on jedynie istnieniem w okolicy planowanego startu lub l\u0105dowania miejsca okre\u015blanego w prawie lotniczym jako l\u0105dowisko, podlegaj\u0105cego wpisowi do ewidencji prowadzonej przez Urz\u0105d Lotnictwa Cywilnego. Na chwil\u0119 obecn\u0105 ULC posiada w swoim rejestrze ponad 300 zarejestrowanych l\u0105dowisk.<\/span><\/p>\n<p style=\"text-align: justify;\"><span style=\"color: #000000;\">Wybieraj\u0105c helikopter uzyskujemy mo\u017cliwo\u015b\u0107 realizacji lotu w wyj\u0105tkowo szybkim czasie, kt\u00f3ry \u2013 w zale\u017cno\u015bci od z\u0142o\u017conego indywidualnie zapytania \u2013 wynosi\u0107 mo\u017ce nawet mniej ni\u017c godzin\u0119. Posiadaj\u0105c dost\u0119p do szerokiej i nowoczesnej floty \u015bmig\u0142owc\u00f3w (helikopter\u00f3w) mo\u017cna zrealizowa\u0107 lot VFR przy znacznie mniej korzystnych warunkach pogodowych ni\u017c w przypadku samolotu, wytyczaj\u0105c start oraz miejsce l\u0105dowania na r\u00f3\u017cnych typach l\u0105dowisk.<\/span><\/p>\n<p><img loading=\"lazy\" decoding=\"async\" class=\"aligncenter wp-image-3534 size-full\" src=\"https:\/\/helipoland.com\/wp-content\/uploads\/2018\/08\/0-Wynajem-\u015bmig\u0142owca-22.jpg\" alt=\"Przelot helikopterem Helipoland\" width=\"4114\" height=\"2743\" \/><\/p>\n<h2><span style=\"color: #000000;\">Komfort i bezpiecze\u0144stwo podr\u00f3\u017cy powietrznej<\/span><\/h2>\n<p style=\"text-align: justify;\"><span style=\"color: #000000;\">Maszyny wykorzystywane do organizacji przelot\u00f3w helikopterem (\u015bmig\u0142owcem) spe\u0142niaj\u0105 rygorystyczne normy bezpiecze\u0144stwa, co pozwala zredukowa\u0107 do minimum zagro\u017cenie zwi\u0105zane z nieplanowan\u0105 awari\u0105. Przechodz\u0105 one okresowe przegl\u0105dy techniczne i prace serwisowe, od wyniku kt\u00f3rych uzale\u017cnione jest ich dopuszczenie do startu. Wszystkie posiadane przez nas \u015bmig\u0142owce odznaczaj\u0105 si\u0119 ponadto wyj\u0105tkowo komfortowymi warunkami wn\u0119trza, co pozwala na pe\u0142ne odpr\u0119\u017cenie si\u0119 podczas lotu oraz skupienie si\u0119 na zapieraj\u0105cych dech w piersiach widokach, kt\u00f3re obserwowa\u0107 mo\u017cna na ca\u0142ej trasie.<\/span><\/p>\n<p><img loading=\"lazy\" decoding=\"async\" class=\"aligncenter wp-image-4466 size-full\" src=\"https:\/\/helipoland.com\/wp-content\/uploads\/2019\/11\/Wynajem-\u015bmig\u0142owca-3.jpg\" alt=\"Przelot helikopterem Helipoland\" width=\"5568\" height=\"2784\" \/><\/p>\n<h2><span style=\"color: #000000;\">Kto mo\u017ce by\u0107 pasa\u017cerem helikoptera?<\/span><\/h2>\n<p style=\"text-align: justify;\"><span style=\"color: #000000;\">Obowi\u0105zuj\u0105ce przepisy prawa lotniczego nie nak\u0142adaj\u0105 na pasa\u017cer\u00f3w helikopter\u00f3w szczeg\u00f3lnych wymaga\u0144 co do ich wieku. St\u0105d te\u017c mo\u017cliwe jest zabranie na pok\u0142ad tak\u017ce os\u00f3b niepe\u0142noletnich oraz dzieci (pod opiek\u0105 rodzic\u00f3w lub opiekun\u00f3w prawnych), co mo\u017ce stanowi\u0107 dla nich niezapomniane prze\u017cycie i ciekaw\u0105 form\u0119 rozrywki. W ka\u017cdym wypadku wymagane jest jednak, aby stan zdrowia pasa\u017cer\u00f3w \u015bmig\u0142owca pozwala\u0142 im na bezpieczne odbycie lotu. W przypadku z\u0142ego samopoczucia pasa\u017cera \u015bmig\u0142owiec ma t\u0105 wielk\u0105 zalet\u0119, \u017ce zawsze mo\u017ce wyl\u0105dowa\u0107 niemal\u017ce w dowolnym miejscu.<\/span><\/p>\n<p><img loading=\"lazy\" decoding=\"async\" class=\"aligncenter wp-image-4467 size-full\" src=\"https:\/\/helipoland.com\/wp-content\/uploads\/2019\/11\/Wynajem-\u015bmig\u0142owca-4.jpg\" alt=\"Przelot helikopterem Helipoland\" width=\"6000\" height=\"3000\" \/><\/p>\n<h2><span style=\"color: #000000;\">Ile mo\u017ce kosztowa\u0107 przelot \u015bmig\u0142owcem?<\/span><\/h2>\n<p style=\"text-align: justify;\"><span style=\"color: #000000;\">Ka\u017cde zapytanie zwi\u0105zane z organizacj\u0105 przelotu helikopterem wyceniane jest w spos\u00f3b indywidualny w zale\u017cno\u015bci od wielu czynnik\u00f3w oraz szczeg\u00f3\u0142\u00f3w wskazanych przez zamawiaj\u0105cego. Na ostateczn\u0105 cen\u0119 przelotu sk\u0142ada si\u0119 wiele zmiennych, w\u015br\u00f3d kt\u00f3rych podstawowe znaczenie maj\u0105 takie ustalenia jak miejsce startu i l\u0105dowania, d\u0142ugo\u015b\u0107 lotu oraz odleg\u0142o\u015b\u0107 do przebycia, wybrana maszyna powietrzna. Lot odby\u0107 mo\u017cna partycypuj\u0105c w kosztach wraz z reszt\u0105 os\u00f3b znajduj\u0105cych si\u0119 na pok\u0142adzie lub osobi\u015bcie ze swoim pilotem. W celu uzyskania orientacyjnej ceny zapraszamy do kontaktu, postaramy si\u0119 odpowiedzie\u0107 na wszystkie pojawiaj\u0105ce si\u0119 pytania oraz przygotowa\u0107 indywidualn\u0105 wycen\u0119. Kosztu przelotu \u015bmig\u0142owcem zaczynaj\u0105 si\u0119 od 2200 z\u0142 za godzin\u0119 lotu najta\u0144szym i najbardziej popularnym typem \u015bmig\u0142owca R 44.<\/span><\/p>","protected":false},"excerpt":{"rendered":"<p>Marzenia zwi\u0105zane z podr\u00f3\u017cowaniem statkami powietrznymi oraz obserwowaniem \u015bwiata z perspektywy lotu ptaka towarzyszy\u0142y ludziom ju\u017c od staro\u017cytno\u015bci, kiedy to[&#8230;..]<\/p>\n","protected":false},"author":1,"featured_media":0,"parent":3845,"menu_order":0,"comment_status":"closed","ping_status":"closed","template":"template-fullwidth-with-form.php","meta":{"_acf_changed":false,"footnotes":""},"class_list":["post-3229","page","type-page","status-publish","hentry"],"acf":[],"yoast_head":"<!-- This site is optimized with the Yoast SEO plugin v24.8.1 - https:\/\/yoast.com\/wordpress\/plugins\/seo\/ -->\n<title>Przelot helikopterem - Helipoland.com<\/title>\n<meta name=\"robots\" content=\"index, follow, max-snippet:-1, max-image-preview:large, max-video-preview:-1\" \/>\n<link rel=\"canonical\" href=\"https:\/\/helipoland.com\/wynajem\/przelot-helikopterem\/\" \/>\n<meta property=\"og:locale\" content=\"pl_PL\" \/>\n<meta property=\"og:type\" content=\"article\" \/>\n<meta property=\"og:title\" content=\"Przelot helikopterem - Helipoland.com\" \/>\n<meta property=\"og:description\" content=\"Marzenia zwi\u0105zane z podr\u00f3\u017cowaniem statkami powietrznymi oraz obserwowaniem \u015bwiata z perspektywy lotu ptaka towarzyszy\u0142y ludziom ju\u017c od staro\u017cytno\u015bci, kiedy to[.....]\" \/>\n<meta property=\"og:url\" content=\"https:\/\/helipoland.com\/wynajem\/przelot-helikopterem\/\" \/>\n<meta property=\"og:site_name\" content=\"Helipoland.com\" \/>\n<meta property=\"article:modified_time\" content=\"2023-01-17T12:33:48+00:00\" \/>\n<meta name=\"twitter:label1\" content=\"Szacowany czas czytania\" \/>\n\t<meta name=\"twitter:data1\" content=\"7 minut\" \/>\n<script type=\"application\/ld+json\" class=\"yoast-schema-graph\">{\"@context\":\"https:\/\/schema.org\",\"@graph\":[{\"@type\":\"WebPage\",\"@id\":\"https:\/\/helipoland.com\/wynajem\/przelot-helikopterem\/\",\"url\":\"https:\/\/helipoland.com\/wynajem\/przelot-helikopterem\/\",\"name\":\"Przelot helikopterem - Helipoland.com\",\"isPartOf\":{\"@id\":\"https:\/\/helipoland.com\/pl\/#website\"},\"datePublished\":\"2017-05-30T20:24:18+00:00\",\"dateModified\":\"2023-01-17T12:33:48+00:00\",\"breadcrumb\":{\"@id\":\"https:\/\/helipoland.com\/wynajem\/przelot-helikopterem\/#breadcrumb\"},\"inLanguage\":\"pl-PL\",\"potentialAction\":[{\"@type\":\"ReadAction\",\"target\":[\"https:\/\/helipoland.com\/wynajem\/przelot-helikopterem\/\"]}]},{\"@type\":\"BreadcrumbList\",\"@id\":\"https:\/\/helipoland.com\/wynajem\/przelot-helikopterem\/#breadcrumb\",\"itemListElement\":[{\"@type\":\"ListItem\",\"position\":1,\"name\":\"Helipoland.com\",\"item\":\"https:\/\/helipoland.com\/pl\/\"},{\"@type\":\"ListItem\",\"position\":2,\"name\":\"Wynajem\",\"item\":\"https:\/\/helipoland.com\/wynajem\/\"},{\"@type\":\"ListItem\",\"position\":3,\"name\":\"Przelot helikopterem\"}]},{\"@type\":\"WebSite\",\"@id\":\"https:\/\/helipoland.com\/pl\/#website\",\"url\":\"https:\/\/helipoland.com\/pl\/\",\"name\":\"Helipoland.com\",\"description\":\"Loty helikopterem, szko\u0142a latania, us\u0142ugi lotnicze, \u015bmig\u0142owce\",\"potentialAction\":[{\"@type\":\"SearchAction\",\"target\":{\"@type\":\"EntryPoint\",\"urlTemplate\":\"https:\/\/helipoland.com\/pl\/?s={search_term_string}\"},\"query-input\":{\"@type\":\"PropertyValueSpecification\",\"valueRequired\":true,\"valueName\":\"search_term_string\"}}],\"inLanguage\":\"pl-PL\"}]}<\/script>\n<!-- \/ Yoast SEO plugin. -->","yoast_head_json":{"title":"Przelot helikopterem - Helipoland.com","robots":{"index":"index","follow":"follow","max-snippet":"max-snippet:-1","max-image-preview":"max-image-preview:large","max-video-preview":"max-video-preview:-1"},"canonical":"https:\/\/helipoland.com\/wynajem\/przelot-helikopterem\/","og_locale":"pl_PL","og_type":"article","og_title":"Przelot helikopterem - Helipoland.com","og_description":"Marzenia zwi\u0105zane z podr\u00f3\u017cowaniem statkami powietrznymi oraz obserwowaniem \u015bwiata z perspektywy lotu ptaka towarzyszy\u0142y ludziom ju\u017c od staro\u017cytno\u015bci, kiedy to[.....]","og_url":"https:\/\/helipoland.com\/wynajem\/przelot-helikopterem\/","og_site_name":"Helipoland.com","article_modified_time":"2023-01-17T12:33:48+00:00","twitter_misc":{"Szacowany czas czytania":"7 minut"},"schema":{"@context":"https:\/\/schema.org","@graph":[{"@type":"WebPage","@id":"https:\/\/helipoland.com\/wynajem\/przelot-helikopterem\/","url":"https:\/\/helipoland.com\/wynajem\/przelot-helikopterem\/","name":"Przelot helikopterem - Helipoland.com","isPartOf":{"@id":"https:\/\/helipoland.com\/pl\/#website"},"datePublished":"2017-05-30T20:24:18+00:00","dateModified":"2023-01-17T12:33:48+00:00","breadcrumb":{"@id":"https:\/\/helipoland.com\/wynajem\/przelot-helikopterem\/#breadcrumb"},"inLanguage":"pl-PL","potentialAction":[{"@type":"ReadAction","target":["https:\/\/helipoland.com\/wynajem\/przelot-helikopterem\/"]}]},{"@type":"BreadcrumbList","@id":"https:\/\/helipoland.com\/wynajem\/przelot-helikopterem\/#breadcrumb","itemListElement":[{"@type":"ListItem","position":1,"name":"Helipoland.com","item":"https:\/\/helipoland.com\/pl\/"},{"@type":"ListItem","position":2,"name":"Wynajem","item":"https:\/\/helipoland.com\/wynajem\/"},{"@type":"ListItem","position":3,"name":"Przelot helikopterem"}]},{"@type":"WebSite","@id":"https:\/\/helipoland.com\/pl\/#website","url":"https:\/\/helipoland.com\/pl\/","name":"Helipoland.com","description":"Loty helikopterem, szko\u0142a latania, us\u0142ugi lotnicze, \u015bmig\u0142owce","potentialAction":[{"@type":"SearchAction","target":{"@type":"EntryPoint","urlTemplate":"https:\/\/helipoland.com\/pl\/?s={search_term_string}"},"query-input":{"@type":"PropertyValueSpecification","valueRequired":true,"valueName":"search_term_string"}}],"inLanguage":"pl-PL"}]}},"_links":{"self":[{"href":"https:\/\/helipoland.com\/pl\/wp-json\/wp\/v2\/pages\/3229","targetHints":{"allow":["GET"]}}],"collection":[{"href":"https:\/\/helipoland.com\/pl\/wp-json\/wp\/v2\/pages"}],"about":[{"href":"https:\/\/helipoland.com\/pl\/wp-json\/wp\/v2\/types\/page"}],"author":[{"embeddable":true,"href":"https:\/\/helipoland.com\/pl\/wp-json\/wp\/v2\/users\/1"}],"replies":[{"embeddable":true,"href":"https:\/\/helipoland.com\/pl\/wp-json\/wp\/v2\/comments?post=3229"}],"version-history":[{"count":14,"href":"https:\/\/helipoland.com\/pl\/wp-json\/wp\/v2\/pages\/3229\/revisions"}],"predecessor-version":[{"id":5782,"href":"https:\/\/helipoland.com\/pl\/wp-json\/wp\/v2\/pages\/3229\/revisions\/5782"}],"up":[{"embeddable":true,"href":"https:\/\/helipoland.com\/pl\/wp-json\/wp\/v2\/pages\/3845"}],"wp:attachment":[{"href":"https:\/\/helipoland.com\/pl\/wp-json\/wp\/v2\/media?parent=3229"}],"curies":[{"name":"wp","href":"https:\/\/api.w.org\/{rel}","templated":true}]}}