{"id":3444,"date":"2018-06-25T09:44:01","date_gmt":"2018-06-25T09:44:01","guid":{"rendered":"http:\/\/helipoland.com\/?page_id=3444"},"modified":"2023-01-16T11:16:39","modified_gmt":"2023-01-16T11:16:39","slug":"rodo","status":"publish","type":"page","link":"https:\/\/helipoland.com\/pl\/rodo\/","title":{"rendered":"RODO"},"content":{"rendered":"<div class=\"page\" title=\"Page 1\">\n<div class=\"layoutArea\">\n<div class=\"column\">\n<p style=\"text-align: justify;\"><span style=\"color: #000000;\"><strong>Polityka prywatnos\u0301ci<\/strong><\/span><\/p>\n<p style=\"text-align: justify;\"><span style=\"color: #000000;\">Korzystaja\u0328c ze strony internetowej helipoland.com powierzaja\u0328 nam Pan\u0301stwo swoje dane. W ramach polityki prywatnos\u0301ci wskazujemy jakie dane zbieramy i w jakim celu oraz do czego je wykorzystujemy. Prosimy o zapoznanie sie\u0328 z niniejszym dokumentem.<\/span><\/p>\n<p style=\"text-align: justify;\"><span style=\"color: #000000;\"><strong>Jakie dane osobowe przetwarzamy.<\/strong><\/span><\/p>\n<p style=\"text-align: justify;\"><span style=\"color: #000000;\">Przedmiotem przetwarzania sa\u0328 dane osobowe, kto\u0301re sa\u0328 zbierane w ramach korzystania przez Pan\u0301stwa z niniejszej strony internetowej, w tym zapisywanych w plikach cookies, kto\u0301re sa\u0328 instalowane na naszej stronie internetowej oraz danych osobowych przekazanych w formularzu kontaktowym lub w ramach kontaktu droga\u0328 mailowa\u0328. Chodzi w szczego\u0301lnos\u0301ci o adres e-mail, imie\u0328 i nazwisko, nr telefonu jak ro\u0301wniez\u0307 dane, kto\u0301re pozostawiane sa\u0328 przez Pan\u0301stwa w tzw. plikach cookies oraz przekazywane Administratorowi danych osobowych.<\/span><\/p>\n<p style=\"text-align: justify;\"><span style=\"color: #000000;\"><strong>Administrator danych osobowych.<\/strong><\/span><\/p>\n<p style=\"text-align: justify;\"><span style=\"color: #000000;\">Administratorem danych osobowych sa\u0328:<\/span><\/p>\n<p><span style=\"color: #000000;\">HeliPoland Sp. z o.o. z siedziba\u0328 w Bielsku-Bia\u0142ej, ul. Cieszyn\u0301ska 317, 43-382 Bielsko-Bia\u0142a, wpisana do Rejestru Przedsie\u0328biorco\u0301w KRS pod nr: 0000556316 prowadzonego przez Sa\u0328d Rejonowy w Bielsko-Bia\u0142ej, Wydzia\u0142 VIII Gospodarczy KRS. Nr REGON: 361415773, nr NIP: 6521725163.<\/span><\/p>\n<p style=\"text-align: justify;\"><span style=\"color: #000000;\"><strong>Cel przetwarzania danych osobowych.<\/strong><\/span><\/p>\n<p style=\"text-align: justify;\"><span style=\"color: #000000;\">Za Pan\u0301stwa zgoda\u0328 dane moga\u0328 byc\u0301 przetwarzane w celach marketingowych. W przypadku wyraz\u0307enia zgody dane moga\u0328 byc\u0301 przetwarzane przez HeliPoland Sp. z o.o. Dane be\u0328da\u0328 przetwarzane takz\u0307e w celach s\u0301wiadczenia us\u0142ug przez HeliPoland Sp. z o.o., a takz\u0307e do udoskonalenia us\u0142ug, jak tez\u0307 w celach archiwizacji.<\/span><\/p>\n<p style=\"text-align: justify;\"><span style=\"color: #000000;\"><strong>Okres przetwarzania danych osobowych.<\/strong><\/span><\/p>\n<p style=\"text-align: justify;\"><span style=\"color: #000000;\">Dane be\u0328da\u0328 przetwarzane w celach marketingowych do momentu wycofania zgody na przetwarzanie. W zakresie us\u0142ug HeliPoland Sp. z o.o. dane be\u0328da\u0328 przetwarzane przez okres, w kto\u0301rym us\u0142ugi te be\u0328da\u0328 s\u0301wiadczone oraz, w uzasadnionych wypadkach, po zakon\u0301czeniu ich s\u0301wiadczenia, jednak jedynie jez\u0307eli jest dozwolone lub wymagane w s\u0301wietle obowia\u0328zuja\u0328cego prawa (przyk\u0142adowo przetwarzanie w celach statystycznych, rozliczeniowych lub w celu dochodzenia roszczen\u0301). W takim tez\u0307 przypadku dane be\u0328da\u0328 przetwarzane jedynie przez okres niezbe\u0328dny do realizacji odpowiednich celo\u0301w.<\/span><\/p>\n<\/div>\n<\/div>\n<\/div>\n<div class=\"page\" style=\"text-align: justify;\" title=\"Page 2\">\n<div class=\"layoutArea\">\n<div class=\"column\">\n<p><span style=\"color: #000000;\"><strong>Wymo\u0301g podania danych.<\/strong><\/span><\/p>\n<p><span style=\"color: #000000;\">Podanie danych osobowych jest dobrowolne. Prosze\u0328 jednak pamie\u0328tac\u0301, z\u0307e niepodanie danych oznaczonych jako niezbe\u0328dne do s\u0301wiadczenia us\u0142ug na Pan\u0301stwa rzecz uniemoz\u0307liwi ich s\u0301wiadczenie. Wprzypadku niewyraz\u0307enia zgody na przetwarzanie danych osobowych pozostawianych przez Pan\u0301stwa w ramach korzystania ze strony internetowej, w tym zapisywanych w plikach cookies &#8211; Pan\u0301stwa dane osobowe nie be\u0328da\u0328 przetwarzane w tym celu.<\/span><\/p>\n<p><span style=\"color: #000000;\"><strong>Podstawy prawne przetwarzania danych osobowych.<\/strong><\/span><\/p>\n<\/div>\n<\/div>\n<div class=\"section\">\n<div class=\"layoutArea\">\n<div class=\"column\">\n<p><span style=\"color: #000000;\">Podstawa\u0328 prawna\u0328 przetwarzania Pan\u0301stwa danych w celach marketingowych jest Pan\u0301stwa dobrowolna zgoda na przetwarzanie danych (art. 6 ust. 1 lit a Rozporza\u0328dzenia Parlamentu Europejskiego i Rady (UE) 2016\/679 z dnia 27 kwietnia 2016 r. w sprawie ochrony oso\u0301b fizycznych w zwia\u0328zku z przetwarzaniem danych osobowych i w sprawie swobodnego przep\u0142ywu takich danych oraz uchylenia dyrektywy 95\/46\/WE &#8211; \u201eRODO\u201d).<\/span><\/p>\n<p><span style=\"color: #000000;\">W zakresie s\u0301wiadczenia us\u0142ug oraz udoskonalania us\u0142ug przez HeliPoland Sp. z o.o. dane sa\u0328 przetwarzane na podstawie art. 6 ust. 1 lit. b RODO (przetwarzanie jest niezbe\u0328dne do wykonania umowy, kto\u0301rej strona\u0328 jest osoba, kto\u0301rej dane dotycza\u0328, lub do podje\u0328cia dzia\u0142an\u0301 na z\u0307a\u0328danie osoby, kto\u0301rej dane dotycza\u0328, przed zawarciem umowy). W innych celach, w tym archiwalnych &#8211; art. 6 ust. 1 lit. f) RODO (uzasadniony interes administratora).<\/span><\/p>\n<\/div>\n<\/div>\n<\/div>\n<div class=\"layoutArea\">\n<div class=\"column\">\n<p><span style=\"color: #000000;\"><strong>Podmioty, kto\u0301rym moz\u0307emy przekazac\u0301 dane.<\/strong><\/span><\/p>\n<p><span style=\"color: #000000;\">Podmioty przetwarzaja\u0328ce dane na zlecenie administratora danych (np. dostawcom us\u0142ug IT) \u2013 przy czym podmioty takie przetwarzaja\u0328 dane na podstawie umowy z administratorem i wy\u0142a\u0328cznie zgodnie z poleceniami administratora) oraz podmioty uprawnione do uzyskania danych na podstawie obowia\u0328zuja\u0328cego prawa (np. organom s\u0301cigania dla potrzeb tocza\u0328cego sie\u0328 poste\u0328powania karnego).<\/span><\/p>\n<p><span style=\"color: #000000;\"><strong>Przekazywane danych poza Europejski Obszar Gospodarczy<\/strong><\/span><\/p>\n<p><span style=\"color: #000000;\">Twoje dane osobowe nie be\u0328da\u0328 przekazywane do pan\u0301stw trzecich poza Europejskim Obszarem Gospodarczym.<\/span><\/p>\n<p><span style=\"color: #000000;\"><strong>Prawa zwia\u0328zane z przetwarzaniem danych osobowych.<\/strong><\/span><\/p>\n<p><span style=\"color: #000000;\">Posiadaja\u0328 Pan\u0301stwo naste\u0328puja\u0328ce prawa zwia\u0328zane z przetwarzaniem danych osobowych:<\/span><\/p>\n<ol>\n<li><span style=\"color: #000000;\">Prawo doste\u0328pu do danych, w tym uzyskania kopii danych,<\/span><\/li>\n<li><span style=\"color: #000000;\">Prawo z\u0307a\u0328dania sprostowania danych,<\/span><\/li>\n<li><span style=\"color: #000000;\">Prawo do usunie\u0328cia danych (w okres\u0301lonych sytuacjach),<\/span><\/li>\n<li><span style=\"color: #000000;\">Prawo wniesienia skargi do organu nadzorczego zajmuja\u0328cego sie\u0328 ochrona\u0328 danych osobowych,<\/span><\/li>\n<li><span style=\"color: #000000;\">Prawo do ograniczenia przetwarzania danych.<\/span><\/li>\n<\/ol>\n<\/div>\n<\/div>\n<\/div>\n<div class=\"page\" title=\"Page 3\">\n<div class=\"layoutArea\">\n<div class=\"column\">\n<p style=\"text-align: justify;\"><span style=\"color: #000000;\">W zakresie w jakim Pan\u0301stwa dane sa\u0328 przetwarzane na podstawie zgody lub w ramach s\u0301wiadczonej us\u0142ugi (dane sa\u0328 niezbe\u0328dne w celu s\u0301wiadczenia us\u0142ugi) posiadaja\u0328 Pan\u0301stwo dodatkowe prawa:<\/span><\/p>\n<ol style=\"text-align: justify;\">\n<li><span style=\"color: #000000;\">Prawo do wycofania zgody w zakresie w jakim sa\u0328 przetwarzane na tej podstawie. Wycofanie zgody nie ma wp\u0142ywu na zgodnos\u0301c\u0301 z prawem przetwarzania, kto\u0301rego dokonano na podstawie zgody przed jej wycofaniem.<\/span><\/li>\n<li><span style=\"color: #000000;\">Prawo do przenoszenia danych osobowych, tj. do otrzymania od administratora Twoich danych osobowych, w ustrukturyzowanym, powszechnie uz\u0307ywanym formacie nadaja\u0328cym sie\u0328 do odczytu maszynowego.<\/span><\/li>\n<\/ol>\n<p style=\"text-align: justify;\"><span style=\"color: #000000;\">W celu skorzystania z powyz\u0307szych praw nalez\u0307y skontaktowac\u0301 sie\u0328 z administratorem. Adres korespondencyjny: ul. Cieszyn\u0301ska 317, 43-300 Bielsko-Bia\u0142a, adres e-mail: info@helipoland.com.<\/span><\/p>\n<p style=\"text-align: justify;\"><span style=\"color: #000000;\"><strong>Posiadaja\u0328 prawo wniesienia skargi do organu nadzorczego.<\/strong><\/span><\/p>\n<p style=\"text-align: justify;\"><span style=\"color: #000000;\">Posiadaja\u0328 Pan\u0301stwo prawo do wniesienia skargi do Prezesa Urze\u0328du Ochrony Danych Osobowych.<\/span><\/p>\n<p style=\"text-align: justify;\"><span style=\"color: #000000;\"><strong>Informacja o plikach cookies<\/strong><\/span><\/p>\n<p style=\"text-align: justify;\"><span style=\"color: #000000;\">Informujemy, z\u0307e niniejsza strona internetowa (witryna), tj. www.helipoland.com uz\u0307ywa pliko\u0301w cookies. Pliki cookies to niewielkie pliki tekstowe wysy\u0142ane przez serwer www i przechowywane przez oprogramowanie komputera przegla\u0328darki. W momencie, gdy przegla\u0328darka ponownie po\u0142a\u0328czy sie\u0328 ze strona\u0328 internetowa\u0328, witryna rozpoznaje rodzaj urza\u0328dzenia, z kto\u0301rego \u0142a\u0328czy sie\u0328 dany uz\u0307ytkownik. Parametry pozwalaja\u0328 na odczytanie informacji w nich zawartych jedynie serwerowi, kto\u0301ry je utworzy\u0142. Zatem cookies u\u0142atwiaja\u0328 korzystanie z wczes\u0301niej odwiedzonych witryn. Gromadzone informacje dotycza\u0328 mie\u0328dzy innymi adresu IP, typu wykorzystywanej przegla\u0328darki, je\u0328zyka, rodzaju systemu operacyjnego, dostawcy us\u0142ug internetowych, informacji o czasie i dacie, lokalizacji oraz informacji przesy\u0142anych do witryny za pos\u0301rednictwem formularza kontaktowego.<\/span><\/p>\n<p style=\"text-align: justify;\"><span style=\"color: #000000;\">Cookies sa\u0328 zaszyfrowane w taki sposo\u0301b, aby osoby nieuprawnione nie mia\u0142y do nich doste\u0328pu. Informacje zebrane na podstawie pliko\u0301w cookies moz\u0307e odczytac\u0301 tylko HeliPoland Sp. z o.o., z ze wzgle\u0328do\u0301w technicznych takz\u0307e zaufani partnerzy, z kto\u0301rych technologii korzystamy.<\/span><\/p>\n<p style=\"text-align: justify;\"><span style=\"color: #000000;\">Jez\u0307eli nie chca\u0328 Pan\u0301stwo korzystac\u0301 z cookies, moga\u0328 Pan\u0301stwo uniemoz\u0307liwic\u0301 zapisywanie cookies na swoim urza\u0328dzeniu ba\u0328dz\u0301 zapisane pliki trwale usuna\u0328c\u0301. Informacje w tej kwestii znajda\u0328 Pan\u0301stwo w instrukcji swojej przegla\u0328darki internetowej \u2013 moz\u0307e to jednak spowodowac\u0301 spowolnienie dzia\u0142ania strony internetowej lub inne nieprawid\u0142owos\u0301ci w jej dzia\u0142aniu i nie jest zalecane.<\/span><\/p>\n<\/div>\n<\/div>\n<\/div>","protected":false},"excerpt":{"rendered":"<p>Polityka prywatnos\u0301ci Korzystaja\u0328c ze strony internetowej helipoland.com powierzaja\u0328 nam Pan\u0301stwo swoje dane. W ramach polityki prywatnos\u0301ci wskazujemy jakie dane zbieramy[&#8230;..]<\/p>\n","protected":false},"author":1,"featured_media":0,"parent":0,"menu_order":0,"comment_status":"closed","ping_status":"closed","template":"template-fullwidth-with-form.php","meta":{"_acf_changed":false,"footnotes":""},"class_list":["post-3444","page","type-page","status-publish","hentry"],"acf":[],"yoast_head":"<!-- This site is optimized with the Yoast SEO plugin v24.8.1 - https:\/\/yoast.com\/wordpress\/plugins\/seo\/ -->\n<title>RODO - Helipoland.com<\/title>\n<meta name=\"robots\" content=\"index, follow, max-snippet:-1, max-image-preview:large, max-video-preview:-1\" \/>\n<link rel=\"canonical\" href=\"https:\/\/helipoland.com\/rodo\/\" \/>\n<meta property=\"og:locale\" content=\"pl_PL\" \/>\n<meta property=\"og:type\" content=\"article\" \/>\n<meta property=\"og:title\" content=\"RODO - Helipoland.com\" \/>\n<meta property=\"og:description\" content=\"Polityka prywatnos\u0301ci Korzystaja\u0328c ze strony internetowej helipoland.com powierzaja\u0328 nam Pan\u0301stwo swoje dane. W ramach polityki prywatnos\u0301ci wskazujemy jakie dane zbieramy[.....]\" \/>\n<meta property=\"og:url\" content=\"https:\/\/helipoland.com\/rodo\/\" \/>\n<meta property=\"og:site_name\" content=\"Helipoland.com\" \/>\n<meta property=\"article:modified_time\" content=\"2023-01-16T11:16:39+00:00\" \/>\n<meta name=\"twitter:label1\" content=\"Szacowany czas czytania\" \/>\n\t<meta name=\"twitter:data1\" content=\"11 minut\" \/>\n<script type=\"application\/ld+json\" class=\"yoast-schema-graph\">{\"@context\":\"https:\/\/schema.org\",\"@graph\":[{\"@type\":\"WebPage\",\"@id\":\"https:\/\/helipoland.com\/rodo\/\",\"url\":\"https:\/\/helipoland.com\/rodo\/\",\"name\":\"RODO - Helipoland.com\",\"isPartOf\":{\"@id\":\"https:\/\/helipoland.com\/pl\/#website\"},\"datePublished\":\"2018-06-25T09:44:01+00:00\",\"dateModified\":\"2023-01-16T11:16:39+00:00\",\"breadcrumb\":{\"@id\":\"https:\/\/helipoland.com\/rodo\/#breadcrumb\"},\"inLanguage\":\"pl-PL\",\"potentialAction\":[{\"@type\":\"ReadAction\",\"target\":[\"https:\/\/helipoland.com\/rodo\/\"]}]},{\"@type\":\"BreadcrumbList\",\"@id\":\"https:\/\/helipoland.com\/rodo\/#breadcrumb\",\"itemListElement\":[{\"@type\":\"ListItem\",\"position\":1,\"name\":\"Helipoland.com\",\"item\":\"https:\/\/helipoland.com\/pl\/\"},{\"@type\":\"ListItem\",\"position\":2,\"name\":\"RODO\"}]},{\"@type\":\"WebSite\",\"@id\":\"https:\/\/helipoland.com\/pl\/#website\",\"url\":\"https:\/\/helipoland.com\/pl\/\",\"name\":\"Helipoland.com\",\"description\":\"Loty helikopterem, szko\u0142a latania, us\u0142ugi lotnicze, \u015bmig\u0142owce\",\"potentialAction\":[{\"@type\":\"SearchAction\",\"target\":{\"@type\":\"EntryPoint\",\"urlTemplate\":\"https:\/\/helipoland.com\/pl\/?s={search_term_string}\"},\"query-input\":{\"@type\":\"PropertyValueSpecification\",\"valueRequired\":true,\"valueName\":\"search_term_string\"}}],\"inLanguage\":\"pl-PL\"}]}<\/script>\n<!-- \/ Yoast SEO plugin. -->","yoast_head_json":{"title":"RODO - Helipoland.com","robots":{"index":"index","follow":"follow","max-snippet":"max-snippet:-1","max-image-preview":"max-image-preview:large","max-video-preview":"max-video-preview:-1"},"canonical":"https:\/\/helipoland.com\/rodo\/","og_locale":"pl_PL","og_type":"article","og_title":"RODO - Helipoland.com","og_description":"Polityka prywatnos\u0301ci Korzystaja\u0328c ze strony internetowej helipoland.com powierzaja\u0328 nam Pan\u0301stwo swoje dane. W ramach polityki prywatnos\u0301ci wskazujemy jakie dane zbieramy[.....]","og_url":"https:\/\/helipoland.com\/rodo\/","og_site_name":"Helipoland.com","article_modified_time":"2023-01-16T11:16:39+00:00","twitter_misc":{"Szacowany czas czytania":"11 minut"},"schema":{"@context":"https:\/\/schema.org","@graph":[{"@type":"WebPage","@id":"https:\/\/helipoland.com\/rodo\/","url":"https:\/\/helipoland.com\/rodo\/","name":"RODO - Helipoland.com","isPartOf":{"@id":"https:\/\/helipoland.com\/pl\/#website"},"datePublished":"2018-06-25T09:44:01+00:00","dateModified":"2023-01-16T11:16:39+00:00","breadcrumb":{"@id":"https:\/\/helipoland.com\/rodo\/#breadcrumb"},"inLanguage":"pl-PL","potentialAction":[{"@type":"ReadAction","target":["https:\/\/helipoland.com\/rodo\/"]}]},{"@type":"BreadcrumbList","@id":"https:\/\/helipoland.com\/rodo\/#breadcrumb","itemListElement":[{"@type":"ListItem","position":1,"name":"Helipoland.com","item":"https:\/\/helipoland.com\/pl\/"},{"@type":"ListItem","position":2,"name":"RODO"}]},{"@type":"WebSite","@id":"https:\/\/helipoland.com\/pl\/#website","url":"https:\/\/helipoland.com\/pl\/","name":"Helipoland.com","description":"Loty helikopterem, szko\u0142a latania, us\u0142ugi lotnicze, \u015bmig\u0142owce","potentialAction":[{"@type":"SearchAction","target":{"@type":"EntryPoint","urlTemplate":"https:\/\/helipoland.com\/pl\/?s={search_term_string}"},"query-input":{"@type":"PropertyValueSpecification","valueRequired":true,"valueName":"search_term_string"}}],"inLanguage":"pl-PL"}]}},"_links":{"self":[{"href":"https:\/\/helipoland.com\/pl\/wp-json\/wp\/v2\/pages\/3444","targetHints":{"allow":["GET"]}}],"collection":[{"href":"https:\/\/helipoland.com\/pl\/wp-json\/wp\/v2\/pages"}],"about":[{"href":"https:\/\/helipoland.com\/pl\/wp-json\/wp\/v2\/types\/page"}],"author":[{"embeddable":true,"href":"https:\/\/helipoland.com\/pl\/wp-json\/wp\/v2\/users\/1"}],"replies":[{"embeddable":true,"href":"https:\/\/helipoland.com\/pl\/wp-json\/wp\/v2\/comments?post=3444"}],"version-history":[{"count":4,"href":"https:\/\/helipoland.com\/pl\/wp-json\/wp\/v2\/pages\/3444\/revisions"}],"predecessor-version":[{"id":5739,"href":"https:\/\/helipoland.com\/pl\/wp-json\/wp\/v2\/pages\/3444\/revisions\/5739"}],"wp:attachment":[{"href":"https:\/\/helipoland.com\/pl\/wp-json\/wp\/v2\/media?parent=3444"}],"curies":[{"name":"wp","href":"https:\/\/api.w.org\/{rel}","templated":true}]}}