{"id":3758,"date":"2019-07-25T10:19:38","date_gmt":"2019-07-25T10:19:38","guid":{"rendered":"https:\/\/helipoland.com\/?page_id=3758"},"modified":"2024-06-17T10:56:33","modified_gmt":"2024-06-17T10:56:33","slug":"sms","status":"publish","type":"page","link":"https:\/\/helipoland.com\/pl\/sms\/","title":{"rendered":"Zarz\u0105dzanie Bezpiecze\u0144stwem (SMS)"},"content":{"rendered":"<h4 style=\"text-align: center;\"><span style=\"color: #000000;\"><a href=\"#wpcf7-f5406-p3758-o1\" class=\"su-button su-button-style- got_to_form\" style=\"color:#FFFFFF;background-color:#2D89EF;border-color:#246ec0;border-radius:0px\" target=\"_self\"><span style=\"color:#FFFFFF;padding:0px 34px;font-size:25px;line-height:50px;border-color:#6cadf4;border-radius:0px;text-shadow:none\"> Zg\u0142o\u015b zagro\u017cenie \/ zdarzenie<\/span><\/a><\/span><\/h4>\n<h4 style=\"text-align: left;\"><span style=\"color: #000000;\">Informacje o przedmiotach \/ materia\u0142ach zabronionych w transporcie lotniczym: <a href=\"https:\/\/bezpiecznybagaz.ulc.gov.pl\/\">https:\/\/bezpiecznybagaz.ulc.gov.pl\/<\/a><\/span><\/h4>\n<h4 style=\"text-align: justify;\"><strong><span style=\"color: #000000;\">SMS (<\/span><\/strong><span style=\"color: #000000;\"><strong>Safety Management System)<\/strong> &#8211; jest to kompleksowy <\/span><span style=\"color: #000000;\">System Zarz\u0105dzania Bezpiecze\u0144stwem, oznacza systematyczne podej\u015bcie do zarz\u0105dzania bezpiecze\u0144stwem, obejmuj\u0105ce niezb\u0119dne struktury organizacyjne, zakresy odpowiedzialno\u015bci, polityki i procedury, a tak\u017ce obejmuje ka\u017cdy system zarz\u0105dzania, kt\u00f3ry (niezale\u017cnie lub w spos\u00f3b zintegrowany z innymi systemami zarz\u0105dzania organizacji) dotyczy zarz\u0105dzania bezpiecze\u0144stwem.<\/span><\/h4>\n<h4 style=\"text-align: justify;\"><span style=\"color: #000000;\">Lotnictwo charakteryzuje si\u0119 ogromnym, skokowym post\u0119pem technologicznym osi\u0105gni\u0119tym na przestrzeni ostatniego wieku. Post\u0119p taki, nie by\u0142by mo\u017cliwy bez r\u00f3wnoleg\u0142ych osi\u0105gni\u0119\u0107 w zakresie kontroli i redukcji zagro\u017ce\u0144 dla bezpiecze\u0144stwa lotnictwa. Bior\u0105c pod uwag\u0119 niebezpiecze\u0144stwa, jakie wi\u0105\u017c\u0105 si\u0119 z wyst\u0105pieniem uraz\u00f3w lub szk\u00f3d w lotnictwie, osoby zwi\u0105zane z lotnictwem od samego pocz\u0105tku d\u0105\u017cy\u0142y do zapobiegania wypadkom. Poprzez zdyscyplinowane stosowanie najlepszych praktyk w zakresie zarz\u0105dzania bezpiecze\u0144stwem, nast\u0105pi\u0142 znaczny spadek cz\u0119stotliwo\u015bci \u00a0rozmiaru zdarze\u0144 w lotnictwie.<\/span><\/h4>\n<h3 style=\"text-align: center;\"><span style=\"color: #000000;\"><strong>POLITYKA BEZPIECZE\u0143STWA ORGANIZACJI LOTNICZEJ<\/strong><\/span><\/h3>\n<div id='gallery-1' class='gallery galleryid-3758 gallery-columns-2 gallery-size-large'><figure class='gallery-item'>\n\t\t\t<div class='gallery-icon portrait'>\n\t\t\t\t<a href='https:\/\/helipoland.com\/pl\/sms-pl-1\/'><img loading=\"lazy\" decoding=\"async\" width=\"640\" height=\"905\" src=\"https:\/\/helipoland.com\/wp-content\/uploads\/2021\/12\/SMS-pl-1-724x1024.jpg\" class=\"attachment-large size-large\" alt=\"\" srcset=\"https:\/\/helipoland.com\/wp-content\/uploads\/2021\/12\/SMS-pl-1-724x1024.jpg 724w, https:\/\/helipoland.com\/wp-content\/uploads\/2021\/12\/SMS-pl-1-212x300.jpg 212w, https:\/\/helipoland.com\/wp-content\/uploads\/2021\/12\/SMS-pl-1-768x1086.jpg 768w, https:\/\/helipoland.com\/wp-content\/uploads\/2021\/12\/SMS-pl-1-424x600.jpg 424w, https:\/\/helipoland.com\/wp-content\/uploads\/2021\/12\/SMS-pl-1-1697x2400.jpg 1697w, https:\/\/helipoland.com\/wp-content\/uploads\/2021\/12\/SMS-pl-1-1086x1536.jpg 1086w, https:\/\/helipoland.com\/wp-content\/uploads\/2021\/12\/SMS-pl-1-1448x2048.jpg 1448w, https:\/\/helipoland.com\/wp-content\/uploads\/2021\/12\/SMS-pl-1-scaled.jpg 1810w\" sizes=\"auto, (max-width: 640px) 100vw, 640px\" \/><\/a>\n\t\t\t<\/div><\/figure><figure class='gallery-item'>\n\t\t\t<div class='gallery-icon portrait'>\n\t\t\t\t<a href='https:\/\/helipoland.com\/pl\/sms-pl-2\/'><img loading=\"lazy\" decoding=\"async\" width=\"640\" height=\"905\" src=\"https:\/\/helipoland.com\/wp-content\/uploads\/2021\/12\/SMS-pl-2-724x1024.jpg\" class=\"attachment-large size-large\" alt=\"Polityka bezpiecze\u0144stwa SMS Helipoland\" srcset=\"https:\/\/helipoland.com\/wp-content\/uploads\/2021\/12\/SMS-pl-2-724x1024.jpg 724w, https:\/\/helipoland.com\/wp-content\/uploads\/2021\/12\/SMS-pl-2-212x300.jpg 212w, https:\/\/helipoland.com\/wp-content\/uploads\/2021\/12\/SMS-pl-2-768x1086.jpg 768w, https:\/\/helipoland.com\/wp-content\/uploads\/2021\/12\/SMS-pl-2-424x600.jpg 424w, https:\/\/helipoland.com\/wp-content\/uploads\/2021\/12\/SMS-pl-2-1697x2400.jpg 1697w, https:\/\/helipoland.com\/wp-content\/uploads\/2021\/12\/SMS-pl-2-1086x1536.jpg 1086w, https:\/\/helipoland.com\/wp-content\/uploads\/2021\/12\/SMS-pl-2-1448x2048.jpg 1448w, https:\/\/helipoland.com\/wp-content\/uploads\/2021\/12\/SMS-pl-2-scaled.jpg 1810w\" sizes=\"auto, (max-width: 640px) 100vw, 640px\" \/><\/a>\n\t\t\t<\/div><\/figure>\n\t\t<\/div>\n\n<h3 style=\"text-align: center;\"><span style=\"color: #000000;\"><strong>FORMULARZ ZG\u0141OSZENIA ZAGRO\u017bENIA \/ ZDARZENIA<\/strong><\/span><\/h3>\n\n<div class=\"wpcf7 no-js\" id=\"wpcf7-f5406-o1\" lang=\"pl-PL\" dir=\"ltr\" data-wpcf7-id=\"5406\">\n<div class=\"screen-reader-response\"><p role=\"status\" aria-live=\"polite\" aria-atomic=\"true\"><\/p> <ul><\/ul><\/div>\n<form action=\"\/pl\/wp-json\/wp\/v2\/pages\/3758#wpcf7-f5406-o1\" method=\"post\" class=\"wpcf7-form init\" aria-label=\"Formularz kontaktowy\" novalidate=\"novalidate\" data-status=\"init\">\n<fieldset class=\"hidden-fields-container\"><input type=\"hidden\" name=\"_wpcf7\" value=\"5406\" \/><input type=\"hidden\" name=\"_wpcf7_version\" value=\"6.1.3\" \/><input type=\"hidden\" name=\"_wpcf7_locale\" value=\"pl_PL\" \/><input type=\"hidden\" name=\"_wpcf7_unit_tag\" value=\"wpcf7-f5406-o1\" \/><input type=\"hidden\" name=\"_wpcf7_container_post\" value=\"0\" \/><input type=\"hidden\" name=\"_wpcf7_posted_data_hash\" value=\"\" \/><input type=\"hidden\" name=\"_wpcf7dtx_version\" value=\"5.0.3\" \/>\n<\/fieldset>\n<div class=\"wpcf7-turnstile cf-turnstile\" data-sitekey=\"0x4AAAAAAB_pvI8UnjnyVINU\" data-response-field-name=\"_wpcf7_turnstile_response\"><\/div>\n\n<p>Formularz wype\u0142nia osoba, kt\u00f3ra zidentyfikowa\u0142a zagro\u017cenie \/ zdarzenie. Podanie danych osobowych jest nieobowi\u0105zkowe (formularz mo\u017cna wype\u0142ni\u0107 anonimowo). Podaj\u0105c swoje dane osobowe zgadzasz si\u0119 na ich wykorzystanie celem p\u00f3\u017aniejszego przetwarzania i archiwizowania zg\u0142oszenia. Je\u015bli nie chcesz poda\u0107 danych, wpisz \"X\".\n<\/p>\n<p><label> Data wyst\u0105pienia zagro\u017cenia \/ zdarzenia<br \/>\n<span class=\"wpcf7-form-control-wrap\" data-name=\"your-name1\"><input size=\"40\" maxlength=\"400\" class=\"wpcf7-form-control wpcf7-text wpcf7-validates-as-required\" aria-required=\"true\" aria-invalid=\"false\" value=\"\" type=\"text\" name=\"your-name1\" \/><\/span> <\/label>\n<\/p>\n<p><label> Czas (UTC \/ LMT)<br \/>\n<span class=\"wpcf7-form-control-wrap\" data-name=\"your-name2\"><input size=\"40\" maxlength=\"400\" class=\"wpcf7-form-control wpcf7-text wpcf7-validates-as-required\" aria-required=\"true\" aria-invalid=\"false\" value=\"\" type=\"text\" name=\"your-name2\" \/><\/span> <\/label>\n<\/p>\n<p><label> Pa\u0144stwo<br \/>\n<span class=\"wpcf7-form-control-wrap\" data-name=\"your-name3\"><input size=\"40\" maxlength=\"400\" class=\"wpcf7-form-control wpcf7-text wpcf7-validates-as-required\" aria-required=\"true\" aria-invalid=\"false\" value=\"\" type=\"text\" name=\"your-name3\" \/><\/span> <\/label>\n<\/p>\n<p><label> Miejsce (w tym wsp\u00f3\u0142rz\u0119dne geograficzne)<br \/>\n<span class=\"wpcf7-form-control-wrap\" data-name=\"your-name4\"><input size=\"40\" maxlength=\"400\" class=\"wpcf7-form-control wpcf7-text wpcf7-validates-as-required\" aria-required=\"true\" aria-invalid=\"false\" value=\"\" type=\"text\" name=\"your-name4\" \/><\/span> <\/label>\n<\/p>\n<p><label> Statek powietrzny (typ i znaki rejestracyjne)<br \/>\n<span class=\"wpcf7-form-control-wrap\" data-name=\"your-name5\"><input size=\"40\" maxlength=\"400\" class=\"wpcf7-form-control wpcf7-text wpcf7-validates-as-required\" aria-required=\"true\" aria-invalid=\"false\" value=\"\" type=\"text\" name=\"your-name5\" \/><\/span> <\/label>\n<\/p>\n<p><label> J\u0119zyk<br \/>\n<span class=\"wpcf7-form-control-wrap\" data-name=\"your-name6\"><input size=\"40\" maxlength=\"400\" class=\"wpcf7-form-control wpcf7-text wpcf7-validates-as-required\" aria-required=\"true\" aria-invalid=\"false\" value=\"\" type=\"text\" name=\"your-name6\" \/><\/span> <\/label>\n<\/p>\n<p><label> Dzia\u0142 \/ organizacja<br \/>\n<span class=\"wpcf7-form-control-wrap\" data-name=\"your-name7\"><input size=\"40\" maxlength=\"400\" class=\"wpcf7-form-control wpcf7-text wpcf7-validates-as-required\" aria-required=\"true\" aria-invalid=\"false\" value=\"\" type=\"text\" name=\"your-name7\" \/><\/span> <\/label>\n<\/p>\n<p><label> Imi\u0119, nazwisko zg\u0142aszaj\u0105cego<br \/>\n<span class=\"wpcf7-form-control-wrap\" data-name=\"your-name8\"><input size=\"40\" maxlength=\"400\" class=\"wpcf7-form-control wpcf7-text wpcf7-validates-as-required\" aria-required=\"true\" aria-invalid=\"false\" value=\"\" type=\"text\" name=\"your-name8\" \/><\/span> <\/label>\n<\/p>\n<p><label> E-mail zg\u0142aszaj\u0105cego<br \/>\n<span class=\"wpcf7-form-control-wrap\" data-name=\"your-email\"><input size=\"40\" maxlength=\"400\" class=\"wpcf7-form-control wpcf7-text wpcf7-validates-as-required\" aria-required=\"true\" aria-invalid=\"false\" value=\"\" type=\"text\" name=\"your-email\" \/><\/span> <\/label>\n<\/p>\n<p><label> Telefon zg\u0142aszaj\u0105cego<br \/>\n<span class=\"wpcf7-form-control-wrap\" data-name=\"your-phone\"><input size=\"40\" maxlength=\"400\" class=\"wpcf7-form-control wpcf7-text wpcf7-validates-as-required\" aria-required=\"true\" aria-invalid=\"false\" value=\"\" type=\"text\" name=\"your-phone\" \/><\/span> <\/label>\n<\/p>\n<p><label> Dok\u0142adny opis zagro\u017cenia \/ zdarzenia<br \/>\n<span class=\"wpcf7-form-control-wrap\" data-name=\"your-message\"><textarea cols=\"40\" rows=\"10\" maxlength=\"2000\" class=\"wpcf7-form-control wpcf7-textarea\" aria-invalid=\"false\" name=\"your-message\"><\/textarea><\/span> <\/label>\n<\/p>\n<p><input class=\"wpcf7-form-control wpcf7-submit has-spinner\" type=\"submit\" value=\"Wy\u015blij\" \/>\n<\/p><div class=\"wpcf7-response-output\" aria-hidden=\"true\"><\/div>\n<\/form>\n<\/div>\n\n<p>&nbsp;","protected":false},"excerpt":{"rendered":"<p>Informacje o przedmiotach \/ materia\u0142ach zabronionych w transporcie lotniczym: https:\/\/bezpiecznybagaz.ulc.gov.pl\/ SMS (Safety Management System) &#8211; jest to kompleksowy System Zarz\u0105dzania[&#8230;..]<\/p>\n","protected":false},"author":1,"featured_media":0,"parent":0,"menu_order":0,"comment_status":"closed","ping_status":"closed","template":"template-fullwidth.php","meta":{"_acf_changed":false,"footnotes":""},"class_list":["post-3758","page","type-page","status-publish","hentry"],"acf":[],"yoast_head":"<!-- This site is optimized with the Yoast SEO plugin v24.8.1 - https:\/\/yoast.com\/wordpress\/plugins\/seo\/ -->\n<title>Zarz\u0105dzanie Bezpiecze\u0144stwem (SMS) - Helipoland.com<\/title>\n<meta name=\"robots\" content=\"index, follow, max-snippet:-1, max-image-preview:large, max-video-preview:-1\" \/>\n<link rel=\"canonical\" href=\"https:\/\/helipoland.com\/sms\/\" \/>\n<meta property=\"og:locale\" content=\"pl_PL\" \/>\n<meta property=\"og:type\" content=\"article\" \/>\n<meta property=\"og:title\" content=\"Zarz\u0105dzanie Bezpiecze\u0144stwem (SMS) - Helipoland.com\" \/>\n<meta property=\"og:description\" content=\"Informacje o przedmiotach \/ materia\u0142ach zabronionych w transporcie lotniczym: https:\/\/bezpiecznybagaz.ulc.gov.pl\/ SMS (Safety Management System) &#8211; jest to kompleksowy System Zarz\u0105dzania[.....]\" \/>\n<meta property=\"og:url\" content=\"https:\/\/helipoland.com\/sms\/\" \/>\n<meta property=\"og:site_name\" content=\"Helipoland.com\" \/>\n<meta property=\"article:modified_time\" content=\"2024-06-17T10:56:33+00:00\" \/>\n<meta property=\"og:image\" content=\"https:\/\/helipoland.com\/wp-content\/uploads\/2021\/12\/SMS-pl-1-724x1024.jpg\" \/>\n<meta name=\"twitter:label1\" content=\"Szacowany czas czytania\" \/>\n\t<meta name=\"twitter:data1\" content=\"2 minuty\" \/>\n<script type=\"application\/ld+json\" class=\"yoast-schema-graph\">{\"@context\":\"https:\/\/schema.org\",\"@graph\":[{\"@type\":\"WebPage\",\"@id\":\"https:\/\/helipoland.com\/sms\/\",\"url\":\"https:\/\/helipoland.com\/sms\/\",\"name\":\"Zarz\u0105dzanie Bezpiecze\u0144stwem (SMS) - Helipoland.com\",\"isPartOf\":{\"@id\":\"https:\/\/helipoland.com\/pl\/#website\"},\"datePublished\":\"2019-07-25T10:19:38+00:00\",\"dateModified\":\"2024-06-17T10:56:33+00:00\",\"breadcrumb\":{\"@id\":\"https:\/\/helipoland.com\/sms\/#breadcrumb\"},\"inLanguage\":\"pl-PL\",\"potentialAction\":[{\"@type\":\"ReadAction\",\"target\":[\"https:\/\/helipoland.com\/sms\/\"]}]},{\"@type\":\"BreadcrumbList\",\"@id\":\"https:\/\/helipoland.com\/sms\/#breadcrumb\",\"itemListElement\":[{\"@type\":\"ListItem\",\"position\":1,\"name\":\"Helipoland.com\",\"item\":\"https:\/\/helipoland.com\/pl\/\"},{\"@type\":\"ListItem\",\"position\":2,\"name\":\"Zarz\u0105dzanie Bezpiecze\u0144stwem (SMS)\"}]},{\"@type\":\"WebSite\",\"@id\":\"https:\/\/helipoland.com\/pl\/#website\",\"url\":\"https:\/\/helipoland.com\/pl\/\",\"name\":\"Helipoland.com\",\"description\":\"Loty helikopterem, szko\u0142a latania, us\u0142ugi lotnicze, \u015bmig\u0142owce\",\"potentialAction\":[{\"@type\":\"SearchAction\",\"target\":{\"@type\":\"EntryPoint\",\"urlTemplate\":\"https:\/\/helipoland.com\/pl\/?s={search_term_string}\"},\"query-input\":{\"@type\":\"PropertyValueSpecification\",\"valueRequired\":true,\"valueName\":\"search_term_string\"}}],\"inLanguage\":\"pl-PL\"}]}<\/script>\n<!-- \/ Yoast SEO plugin. -->","yoast_head_json":{"title":"Zarz\u0105dzanie Bezpiecze\u0144stwem (SMS) - Helipoland.com","robots":{"index":"index","follow":"follow","max-snippet":"max-snippet:-1","max-image-preview":"max-image-preview:large","max-video-preview":"max-video-preview:-1"},"canonical":"https:\/\/helipoland.com\/sms\/","og_locale":"pl_PL","og_type":"article","og_title":"Zarz\u0105dzanie Bezpiecze\u0144stwem (SMS) - Helipoland.com","og_description":"Informacje o przedmiotach \/ materia\u0142ach zabronionych w transporcie lotniczym: https:\/\/bezpiecznybagaz.ulc.gov.pl\/ SMS (Safety Management System) &#8211; jest to kompleksowy System Zarz\u0105dzania[.....]","og_url":"https:\/\/helipoland.com\/sms\/","og_site_name":"Helipoland.com","article_modified_time":"2024-06-17T10:56:33+00:00","og_image":[{"url":"https:\/\/helipoland.com\/wp-content\/uploads\/2021\/12\/SMS-pl-1-724x1024.jpg","type":"","width":"","height":""}],"twitter_misc":{"Szacowany czas czytania":"2 minuty"},"schema":{"@context":"https:\/\/schema.org","@graph":[{"@type":"WebPage","@id":"https:\/\/helipoland.com\/sms\/","url":"https:\/\/helipoland.com\/sms\/","name":"Zarz\u0105dzanie Bezpiecze\u0144stwem (SMS) - Helipoland.com","isPartOf":{"@id":"https:\/\/helipoland.com\/pl\/#website"},"datePublished":"2019-07-25T10:19:38+00:00","dateModified":"2024-06-17T10:56:33+00:00","breadcrumb":{"@id":"https:\/\/helipoland.com\/sms\/#breadcrumb"},"inLanguage":"pl-PL","potentialAction":[{"@type":"ReadAction","target":["https:\/\/helipoland.com\/sms\/"]}]},{"@type":"BreadcrumbList","@id":"https:\/\/helipoland.com\/sms\/#breadcrumb","itemListElement":[{"@type":"ListItem","position":1,"name":"Helipoland.com","item":"https:\/\/helipoland.com\/pl\/"},{"@type":"ListItem","position":2,"name":"Zarz\u0105dzanie Bezpiecze\u0144stwem (SMS)"}]},{"@type":"WebSite","@id":"https:\/\/helipoland.com\/pl\/#website","url":"https:\/\/helipoland.com\/pl\/","name":"Helipoland.com","description":"Loty helikopterem, szko\u0142a latania, us\u0142ugi lotnicze, \u015bmig\u0142owce","potentialAction":[{"@type":"SearchAction","target":{"@type":"EntryPoint","urlTemplate":"https:\/\/helipoland.com\/pl\/?s={search_term_string}"},"query-input":{"@type":"PropertyValueSpecification","valueRequired":true,"valueName":"search_term_string"}}],"inLanguage":"pl-PL"}]}},"_links":{"self":[{"href":"https:\/\/helipoland.com\/pl\/wp-json\/wp\/v2\/pages\/3758","targetHints":{"allow":["GET"]}}],"collection":[{"href":"https:\/\/helipoland.com\/pl\/wp-json\/wp\/v2\/pages"}],"about":[{"href":"https:\/\/helipoland.com\/pl\/wp-json\/wp\/v2\/types\/page"}],"author":[{"embeddable":true,"href":"https:\/\/helipoland.com\/pl\/wp-json\/wp\/v2\/users\/1"}],"replies":[{"embeddable":true,"href":"https:\/\/helipoland.com\/pl\/wp-json\/wp\/v2\/comments?post=3758"}],"version-history":[{"count":28,"href":"https:\/\/helipoland.com\/pl\/wp-json\/wp\/v2\/pages\/3758\/revisions"}],"predecessor-version":[{"id":5986,"href":"https:\/\/helipoland.com\/pl\/wp-json\/wp\/v2\/pages\/3758\/revisions\/5986"}],"wp:attachment":[{"href":"https:\/\/helipoland.com\/pl\/wp-json\/wp\/v2\/media?parent=3758"}],"curies":[{"name":"wp","href":"https:\/\/api.w.org\/{rel}","templated":true}]}}