{"id":3815,"date":"2019-07-28T16:37:46","date_gmt":"2019-07-28T16:37:46","guid":{"rendered":"https:\/\/helipoland.com\/?page_id=3815"},"modified":"2023-07-13T10:09:22","modified_gmt":"2023-07-13T10:09:22","slug":"r44-raven-ii-clipper-ii","status":"publish","type":"page","link":"https:\/\/helipoland.com\/pl\/sprzedaz-helikopterow-smiglowcow\/helikoptery-robinson\/r44-raven-ii-clipper-ii\/","title":{"rendered":"R44 Raven II \/ Clipper II"},"content":{"rendered":"<div class=\"ezcol ezcol-one-third\">\n<p style=\"text-align: justify;\"><span style=\"color: #000000;\">\u015amig\u0142owce Robinson z serii R44 Raven II \/ Clipper II zapewniaj\u0105 doskona\u0142\u0105 niezawodno\u015b\u0107, \u0142atw\u0105 obs\u0142ug\u0119 i osi\u0105gi wysoko\u015bci. To czyni R44 idealnym \u015bmig\u0142owcem do zastosowa\u0144 prywatnych, biznesowych i u\u017cytkowych.<\/span><\/p>\n<p style=\"text-align: justify;\"><span style=\"color: #000000;\">Wydajny silnik Lycoming IO-540 z bezpo\u015brednim wtryskiem paliwa eliminuje konieczno\u015b\u0107 monta\u017cu ogrzewania ga\u017anika i zapewnia zwi\u0119kszon\u0105 moc. Standardowy 28-woltowy uk\u0142ad elektryczny zapewnia dobr\u0105 wydajno\u015b\u0107 pocz\u0105tkow\u0105 w wysokiej lub niskiej temperaturze powietrza oraz dostarcza dodatkow\u0105 energi\u0119 elektryczn\u0105 do wyposa\u017cenia opcjonalnego.<\/span><\/p>\n<p style=\"text-align: center;\"><span style=\"color: #000080;\"><a style=\"color: #000080;\" href=\"https:\/\/helipoland.com\/wp-content\/uploads\/2019\/10\/raven_2_brochure.pdf\"><strong><span style=\"text-decoration: underline;\">BROSZURA<\/span><\/strong><\/a><\/span><\/p>\n<p style=\"text-align: center;\"><span style=\"text-decoration: underline; color: #333399;\"><strong><a style=\"color: #333399; text-decoration: underline;\" href=\"https:\/\/robinsonheli-configurator.com\/rhc\/hID\/R44-R2\" target=\"_blank\" rel=\"noopener noreferrer\">KONFIGURACJA<\/a><\/strong><\/span><\/p>\n<p style=\"text-align: center;\"><span style=\"text-decoration: underline; color: #333399;\"><strong><a style=\"color: #333399; text-decoration: underline;\" href=\"https:\/\/robinsonheli.com\/r44-raven-ii-clipper-ii-helicopters\/\" target=\"_blank\" rel=\"noopener noreferrer\">WITRYNA PRODUCENTA<\/a><\/strong><\/span><\/p>\n<p style=\"text-align: justify;\"><\/div> <div class=\"ezcol ezcol-two-third ezcol-last\"><div id=\"metaslider-id-976\" style=\"max-width: 800px;\" class=\"ml-slider-3-97-0 metaslider metaslider-flex metaslider-976 ml-slider ms-theme-default nav-hidden\" role=\"region\" aria-roledescription=\"Slideshow\" aria-label=\"R 44\" data-width=\"800\">\n    <div id=\"metaslider_container_976\">\n        <div id=\"metaslider_976\">\n            <ul class='slides'>\n                <li style=\"display: block; width: 100%;\" class=\"slide-977 ms-image \" aria-roledescription=\"slide\" aria-label=\"slide-977\" data-date=\"2015-09-24 21:30:38\"><img loading=\"lazy\" decoding=\"async\" src=\"https:\/\/helipoland.com\/wp-content\/uploads\/2015\/09\/p_0001-703x440.jpg\" height=\"500\" width=\"800\" alt=\"Sprzeda\u017c helikopter\u00f3w Robinson R 44\" class=\"slider-976 slide-977\" \/><\/li>\n                <li style=\"display: none; width: 100%;\" class=\"slide-978 ms-image \" aria-roledescription=\"slide\" aria-label=\"slide-978\" data-date=\"2015-09-24 21:30:39\"><img loading=\"lazy\" decoding=\"async\" src=\"https:\/\/helipoland.com\/wp-content\/uploads\/2015\/09\/p_0002-703x440.jpg\" height=\"500\" width=\"800\" alt=\"Sprzeda\u017c helikopter\u00f3w Robinson R 44\" class=\"slider-976 slide-978\" \/><\/li>\n                <li style=\"display: none; width: 100%;\" class=\"slide-979 ms-image \" aria-roledescription=\"slide\" aria-label=\"slide-979\" data-date=\"2015-09-24 21:30:41\"><img loading=\"lazy\" decoding=\"async\" src=\"https:\/\/helipoland.com\/wp-content\/uploads\/2015\/09\/p_0003-703x440.jpg\" height=\"500\" width=\"800\" alt=\"Sprzeda\u017c helikopter\u00f3w Robinson R 44\" class=\"slider-976 slide-979\" \/><\/li>\n                <li style=\"display: none; width: 100%;\" class=\"slide-980 ms-image \" aria-roledescription=\"slide\" aria-label=\"slide-980\" data-date=\"2015-09-24 21:30:43\"><img loading=\"lazy\" decoding=\"async\" src=\"https:\/\/helipoland.com\/wp-content\/uploads\/2015\/09\/p_0004-702x439.jpg\" height=\"500\" width=\"800\" alt=\"Sprzeda\u017c helikopter\u00f3w Robinson R 44\" class=\"slider-976 slide-980\" \/><\/li>\n                <li style=\"display: none; width: 100%;\" class=\"slide-981 ms-image \" aria-roledescription=\"slide\" aria-label=\"slide-981\" data-date=\"2015-09-24 21:30:44\"><img loading=\"lazy\" decoding=\"async\" src=\"https:\/\/helipoland.com\/wp-content\/uploads\/2015\/09\/p_0005-703x440.jpg\" height=\"500\" width=\"800\" alt=\"Sprzeda\u017c helikopter\u00f3w Robinson R 44\" class=\"slider-976 slide-981\" \/><\/li>\n                <li style=\"display: none; width: 100%;\" class=\"slide-982 ms-image \" aria-roledescription=\"slide\" aria-label=\"slide-982\" data-date=\"2015-09-24 21:30:46\"><img loading=\"lazy\" decoding=\"async\" src=\"https:\/\/helipoland.com\/wp-content\/uploads\/2015\/09\/p_0007-691x432.jpg\" height=\"500\" width=\"800\" alt=\"Sprzeda\u017c helikopter\u00f3w Robinson R 44\" class=\"slider-976 slide-982\" \/><\/li>\n                <li style=\"display: none; width: 100%;\" class=\"slide-983 ms-image \" aria-roledescription=\"slide\" aria-label=\"slide-983\" data-date=\"2015-09-24 21:30:48\"><img loading=\"lazy\" decoding=\"async\" src=\"https:\/\/helipoland.com\/wp-content\/uploads\/2015\/09\/p_0008-691x432.jpg\" height=\"500\" width=\"800\" alt=\"Sprzeda\u017c helikopter\u00f3w Robinson R 44\" class=\"slider-976 slide-983\" \/><\/li>\n                <li style=\"display: none; width: 100%;\" class=\"slide-984 ms-image \" aria-roledescription=\"slide\" aria-label=\"slide-984\" data-date=\"2015-09-24 21:30:49\"><img loading=\"lazy\" decoding=\"async\" src=\"https:\/\/helipoland.com\/wp-content\/uploads\/2015\/09\/p_0009-703x440.jpg\" height=\"500\" width=\"800\" alt=\"Sprzeda\u017c helikopter\u00f3w Robinson R 44\" class=\"slider-976 slide-984\" \/><\/li>\n                <li style=\"display: none; width: 100%;\" class=\"slide-985 ms-image \" aria-roledescription=\"slide\" aria-label=\"slide-985\" data-date=\"2015-09-24 21:30:50\"><img loading=\"lazy\" decoding=\"async\" src=\"https:\/\/helipoland.com\/wp-content\/uploads\/2015\/09\/p_0010-703x440.jpg\" height=\"500\" width=\"800\" alt=\"Sprzeda\u017c helikopter\u00f3w Robinson R 44\" class=\"slider-976 slide-985\" \/><\/li>\n                <li style=\"display: none; width: 100%;\" class=\"slide-986 ms-image \" aria-roledescription=\"slide\" aria-label=\"slide-986\" data-date=\"2015-09-24 21:30:52\"><img loading=\"lazy\" decoding=\"async\" src=\"https:\/\/helipoland.com\/wp-content\/uploads\/2015\/09\/p_0011-703x440.jpg\" height=\"500\" width=\"800\" alt=\"Sprzeda\u017c helikopter\u00f3w Robinson R 44\" class=\"slider-976 slide-986\" \/><\/li>\n            <\/ul>\n        <\/div>\n        \n    <\/div>\n<\/div><\/div><div class=\"ezcol-divider\"><\/div>\n<ul>\n<li><span style=\"color: #000000;\"><strong>Od 1999 roku R44 jest nieprzerwanie jest najlepiej sprzedaj\u0105cym si\u0119 \u015bmig\u0142owcem na \u015bwiecie<\/strong><\/span><\/li>\n<li><span style=\"color: #000000;\"><strong>Ponad 6000 sprzedanych \u015bmig\u0142owc\u00f3w w latach 2000-2018 sprawia, \u017ce R44 jest najbardziej popularnym statkiem powietrznym 21 wieku<\/strong><\/span><\/li>\n<li><span style=\"color: #000000;\"><strong>Oko\u0142o 70 zarejestrowanych \u015bmig\u0142owc\u00f3w R44 w polskim rejestrze czyni go najpopularniejszym r\u00f3wnie\u017c na naszym rynku.<\/strong><\/span><\/li>\n<\/ul>\n<p style=\"text-align: justify;\"><img loading=\"lazy\" decoding=\"async\" class=\"aligncenter wp-image-987\" src=\"http:\/\/helipoland.com\/wp-content\/uploads\/2015\/09\/R44-PL-1024x595.jpg\" alt=\"R44 PL\" width=\"800\" height=\"465\" srcset=\"https:\/\/helipoland.com\/wp-content\/uploads\/2015\/09\/R44-PL-1024x595.jpg 1024w, https:\/\/helipoland.com\/wp-content\/uploads\/2015\/09\/R44-PL-300x174.jpg 300w, https:\/\/helipoland.com\/wp-content\/uploads\/2015\/09\/R44-PL.jpg 1500w\" sizes=\"auto, (max-width: 800px) 100vw, 800px\" \/><\/p>\n<h4 style=\"text-align: center;\"><span style=\"color: #000000;\"><strong>R 44 Clipper wyposa\u017cone w p\u0142ywaki zwi\u0119kszaj\u0105 poziom bezpiecze\u0144stwa nad wod\u0105<\/strong><\/span><\/h4>\n<p style=\"text-align: justify;\"><span style=\"color: #000000;\"><strong>P\u0141YWAKI STA\u0141E<\/strong><\/span><\/p>\n<p style=\"text-align: justify;\"><span style=\"color: #000000;\">Dost\u0119pne w wersjach Clipper I lub II, sta\u0142e p\u0142ywaki pozostaj\u0105 stale nadmuchane dla ci\u0105g\u0142ych operacji nad wod\u0105. Sta\u0142e p\u0142ywaki dodaj\u0105 oko\u0142o pi\u0119\u0107dziesi\u0105t funt\u00f3w wagi do pustego \u015bmig\u0142owca i zmniejszaj\u0105 pr\u0119dko\u015bci przelotow\u0105 statku powietrznego o oko\u0142o dziesi\u0119\u0107 w\u0119z\u0142\u00f3w.<\/span><\/p>\n<p style=\"text-align: justify;\"><span style=\"color: #000000;\"><strong>P\u0141YWAKI NADMUCHIWANE<\/strong><\/span><\/p>\n<p style=\"text-align: justify;\"><span style=\"color: #000000;\">Dost\u0119pne tylko w Clipper II i przeznaczone do sytuacji awaryjnej, p\u0142ywaki nadmuchiwane posiadaj\u0105 sze\u015b\u0107 kom\u00f3r i pompuj\u0105 si\u0119 w ci\u0105gu 2-3 sekund od aktywacji. D\u017awigienka przy d\u017awigni skoku og\u00f3lnego uwalnia ci\u015bnienie helu ze zbiornika umieszczonego pod lewym przednim siedzeniem \u015bmig\u0142owca. D\u017awigienka aktywacji p\u0142ywak\u00f3w wykorzystuje mechaniczne ci\u0119gno i nie opiera si\u0119 na elektrycznie nap\u0119dzanym systemem inflacji. P\u0142ywaki mog\u0105 by\u0107 aktywowane przy pr\u0119dko\u015bci do osiemdziesi\u0119ciu w\u0119z\u0142\u00f3w. P\u0142ywaki pompowane dodaj\u0105 oko\u0142o sze\u015b\u0107dziesi\u0105t pi\u0119\u0107 funt\u00f3w do masy w\u0142asnej \u015bmig\u0142owca. Gdy p\u0142ywaki nie s\u0105 u\u017cywane, s\u0105 zwini\u0119te i przechowywanie w os\u0142onach wzd\u0142u\u017c p\u0142\u00f3z do l\u0105dowania. Kompaktowa konstrukcja minimalizuje op\u00f3r i pozwala na \u0142atwe wej\u015bcie i wyj\u015bcie z kabiny.<\/span><\/p>\n<h2 style=\"text-align: center;\"><div class=\"ezcol ezcol-two-third\"><div id=\"metaslider-id-1055\" style=\"max-width: 800px;\" class=\"ml-slider-3-97-0 metaslider metaslider-flex metaslider-1055 ml-slider ms-theme-default nav-hidden nav-hidden\" role=\"region\" aria-roledescription=\"Slideshow\" aria-label=\"R 44 Clipper\" data-width=\"800\">\n    <div id=\"metaslider_container_1055\">\n        <div id=\"metaslider_1055\">\n            <ul class='slides'>\n                <li style=\"display: block; width: 100%;\" class=\"slide-2595 ms-image \" aria-roledescription=\"slide\" aria-label=\"slide-2595\" data-date=\"2016-04-01 22:13:31\"><img loading=\"lazy\" decoding=\"async\" src=\"https:\/\/helipoland.com\/wp-content\/uploads\/2016\/04\/0408005_5-800x500.jpg\" height=\"500\" width=\"800\" alt=\"Robinson R 44 Clipper II\" class=\"slider-1055 slide-2595\" \/><\/li>\n                <li style=\"display: none; width: 100%;\" class=\"slide-1058 ms-image \" aria-roledescription=\"slide\" aria-label=\"slide-1058\" data-date=\"2015-09-25 10:24:55\"><img loading=\"lazy\" decoding=\"async\" src=\"https:\/\/helipoland.com\/wp-content\/uploads\/2015\/09\/IMG_3626-min-800x500.jpg\" height=\"500\" width=\"800\" alt=\"Sprzeda\u017c helikopter\u00f3w Robinson R 44 clipper\" class=\"slider-1055 slide-1058\" \/><\/li>\n                <li style=\"display: none; width: 100%;\" class=\"slide-1059 ms-image \" aria-roledescription=\"slide\" aria-label=\"slide-1059\" data-date=\"2015-09-25 10:25:09\"><img loading=\"lazy\" decoding=\"async\" src=\"https:\/\/helipoland.com\/wp-content\/uploads\/2015\/09\/IMG_3627-min-800x500.jpg\" height=\"500\" width=\"800\" alt=\"Sprzeda\u017c helikopter\u00f3w Robinson R 44 clipper\" class=\"slider-1055 slide-1059\" \/><\/li>\n            <\/ul>\n        <\/div>\n        \n    <\/div>\n<\/div><\/div> <div class=\"ezcol ezcol-one-third ezcol-last\"><a class=\"single_photoswipe\" href=\"http:\/\/helipoland.com\/wp-content\/uploads\/2015\/09\/R44-Yacht-Helipad-Takeoff1.jpg\" data-size=\"450x600\"><img loading=\"lazy\" decoding=\"async\" class=\"aligncenter size-full wp-image-1065\" src=\"http:\/\/helipoland.com\/wp-content\/uploads\/2015\/09\/R44-Yacht-Helipad-Takeoff1.jpg\" alt=\"R44-Yacht-Helipad-Takeoff\" width=\"450\" height=\"600\" srcset=\"https:\/\/helipoland.com\/wp-content\/uploads\/2015\/09\/R44-Yacht-Helipad-Takeoff1.jpg 450w, https:\/\/helipoland.com\/wp-content\/uploads\/2015\/09\/R44-Yacht-Helipad-Takeoff1-225x300.jpg 225w\" sizes=\"auto, (max-width: 450px) 100vw, 450px\" \/><\/a><\/div><div class=\"ezcol-divider\"><\/div><\/h2>","protected":false},"excerpt":{"rendered":"<p>Od 1999 roku R44 jest nieprzerwanie jest najlepiej sprzedaj\u0105cym si\u0119 \u015bmig\u0142owcem na \u015bwiecie Ponad 6000 sprzedanych \u015bmig\u0142owc\u00f3w w latach 2000-2018[&#8230;..]<\/p>\n","protected":false},"author":1,"featured_media":0,"parent":939,"menu_order":0,"comment_status":"closed","ping_status":"closed","template":"template-fullwidth-with-form.php","meta":{"_acf_changed":false,"footnotes":""},"class_list":["post-3815","page","type-page","status-publish","hentry"],"acf":[],"yoast_head":"<!-- This site is optimized with the Yoast SEO plugin v24.8.1 - https:\/\/yoast.com\/wordpress\/plugins\/seo\/ -->\n<title>R44 Raven II \/ Clipper II - Helipoland.com<\/title>\n<meta name=\"robots\" content=\"index, follow, max-snippet:-1, max-image-preview:large, max-video-preview:-1\" \/>\n<link rel=\"canonical\" href=\"https:\/\/helipoland.com\/sprzedaz-helikopterow-smiglowcow\/helikoptery-robinson\/r44-raven-ii-clipper-ii\/\" \/>\n<meta property=\"og:locale\" content=\"pl_PL\" \/>\n<meta property=\"og:type\" content=\"article\" \/>\n<meta property=\"og:title\" content=\"R44 Raven II \/ Clipper II - Helipoland.com\" \/>\n<meta property=\"og:description\" content=\"Od 1999 roku R44 jest nieprzerwanie jest najlepiej sprzedaj\u0105cym si\u0119 \u015bmig\u0142owcem na \u015bwiecie Ponad 6000 sprzedanych \u015bmig\u0142owc\u00f3w w latach 2000-2018[.....]\" \/>\n<meta property=\"og:url\" content=\"https:\/\/helipoland.com\/sprzedaz-helikopterow-smiglowcow\/helikoptery-robinson\/r44-raven-ii-clipper-ii\/\" \/>\n<meta property=\"og:site_name\" content=\"Helipoland.com\" \/>\n<meta property=\"article:modified_time\" content=\"2023-07-13T10:09:22+00:00\" \/>\n<meta property=\"og:image\" content=\"http:\/\/helipoland.com\/wp-content\/uploads\/2015\/09\/R44-PL-1024x595.jpg\" \/>\n<meta name=\"twitter:label1\" content=\"Szacowany czas czytania\" \/>\n\t<meta name=\"twitter:data1\" content=\"4 minuty\" \/>\n<script type=\"application\/ld+json\" class=\"yoast-schema-graph\">{\"@context\":\"https:\/\/schema.org\",\"@graph\":[{\"@type\":\"WebPage\",\"@id\":\"https:\/\/helipoland.com\/sprzedaz-helikopterow-smiglowcow\/helikoptery-robinson\/r44-raven-ii-clipper-ii\/\",\"url\":\"https:\/\/helipoland.com\/sprzedaz-helikopterow-smiglowcow\/helikoptery-robinson\/r44-raven-ii-clipper-ii\/\",\"name\":\"R44 Raven II \/ Clipper II - Helipoland.com\",\"isPartOf\":{\"@id\":\"https:\/\/helipoland.com\/pl\/#website\"},\"primaryImageOfPage\":{\"@id\":\"https:\/\/helipoland.com\/sprzedaz-helikopterow-smiglowcow\/helikoptery-robinson\/r44-raven-ii-clipper-ii\/#primaryimage\"},\"image\":{\"@id\":\"https:\/\/helipoland.com\/sprzedaz-helikopterow-smiglowcow\/helikoptery-robinson\/r44-raven-ii-clipper-ii\/#primaryimage\"},\"thumbnailUrl\":\"http:\/\/helipoland.com\/wp-content\/uploads\/2015\/09\/R44-PL-1024x595.jpg\",\"datePublished\":\"2019-07-28T16:37:46+00:00\",\"dateModified\":\"2023-07-13T10:09:22+00:00\",\"breadcrumb\":{\"@id\":\"https:\/\/helipoland.com\/sprzedaz-helikopterow-smiglowcow\/helikoptery-robinson\/r44-raven-ii-clipper-ii\/#breadcrumb\"},\"inLanguage\":\"pl-PL\",\"potentialAction\":[{\"@type\":\"ReadAction\",\"target\":[\"https:\/\/helipoland.com\/sprzedaz-helikopterow-smiglowcow\/helikoptery-robinson\/r44-raven-ii-clipper-ii\/\"]}]},{\"@type\":\"ImageObject\",\"inLanguage\":\"pl-PL\",\"@id\":\"https:\/\/helipoland.com\/sprzedaz-helikopterow-smiglowcow\/helikoptery-robinson\/r44-raven-ii-clipper-ii\/#primaryimage\",\"url\":\"http:\/\/helipoland.com\/wp-content\/uploads\/2015\/09\/R44-PL-1024x595.jpg\",\"contentUrl\":\"http:\/\/helipoland.com\/wp-content\/uploads\/2015\/09\/R44-PL-1024x595.jpg\"},{\"@type\":\"BreadcrumbList\",\"@id\":\"https:\/\/helipoland.com\/sprzedaz-helikopterow-smiglowcow\/helikoptery-robinson\/r44-raven-ii-clipper-ii\/#breadcrumb\",\"itemListElement\":[{\"@type\":\"ListItem\",\"position\":1,\"name\":\"Helipoland.com\",\"item\":\"https:\/\/helipoland.com\/pl\/\"},{\"@type\":\"ListItem\",\"position\":2,\"name\":\"Sprzeda\u017c nowych i u\u017cywanych \u015bmig\u0142owc\u00f3w (helikopter\u00f3w), akcesoria, l\u0105dowiska\",\"item\":\"https:\/\/helipoland.com\/sprzedaz-helikopterow-smiglowcow\/\"},{\"@type\":\"ListItem\",\"position\":3,\"name\":\"Nowe \u015bmig\u0142owce Robinson\",\"item\":\"https:\/\/helipoland.com\/sprzedaz-helikopterow-smiglowcow\/helikoptery-robinson\/\"},{\"@type\":\"ListItem\",\"position\":4,\"name\":\"R44 Raven II \/ Clipper II\"}]},{\"@type\":\"WebSite\",\"@id\":\"https:\/\/helipoland.com\/pl\/#website\",\"url\":\"https:\/\/helipoland.com\/pl\/\",\"name\":\"Helipoland.com\",\"description\":\"Loty helikopterem, szko\u0142a latania, us\u0142ugi lotnicze, \u015bmig\u0142owce\",\"potentialAction\":[{\"@type\":\"SearchAction\",\"target\":{\"@type\":\"EntryPoint\",\"urlTemplate\":\"https:\/\/helipoland.com\/pl\/?s={search_term_string}\"},\"query-input\":{\"@type\":\"PropertyValueSpecification\",\"valueRequired\":true,\"valueName\":\"search_term_string\"}}],\"inLanguage\":\"pl-PL\"}]}<\/script>\n<!-- \/ Yoast SEO plugin. -->","yoast_head_json":{"title":"R44 Raven II \/ Clipper II - Helipoland.com","robots":{"index":"index","follow":"follow","max-snippet":"max-snippet:-1","max-image-preview":"max-image-preview:large","max-video-preview":"max-video-preview:-1"},"canonical":"https:\/\/helipoland.com\/sprzedaz-helikopterow-smiglowcow\/helikoptery-robinson\/r44-raven-ii-clipper-ii\/","og_locale":"pl_PL","og_type":"article","og_title":"R44 Raven II \/ Clipper II - Helipoland.com","og_description":"Od 1999 roku R44 jest nieprzerwanie jest najlepiej sprzedaj\u0105cym si\u0119 \u015bmig\u0142owcem na \u015bwiecie Ponad 6000 sprzedanych \u015bmig\u0142owc\u00f3w w latach 2000-2018[.....]","og_url":"https:\/\/helipoland.com\/sprzedaz-helikopterow-smiglowcow\/helikoptery-robinson\/r44-raven-ii-clipper-ii\/","og_site_name":"Helipoland.com","article_modified_time":"2023-07-13T10:09:22+00:00","og_image":[{"url":"http:\/\/helipoland.com\/wp-content\/uploads\/2015\/09\/R44-PL-1024x595.jpg","type":"","width":"","height":""}],"twitter_misc":{"Szacowany czas czytania":"4 minuty"},"schema":{"@context":"https:\/\/schema.org","@graph":[{"@type":"WebPage","@id":"https:\/\/helipoland.com\/sprzedaz-helikopterow-smiglowcow\/helikoptery-robinson\/r44-raven-ii-clipper-ii\/","url":"https:\/\/helipoland.com\/sprzedaz-helikopterow-smiglowcow\/helikoptery-robinson\/r44-raven-ii-clipper-ii\/","name":"R44 Raven II \/ Clipper II - Helipoland.com","isPartOf":{"@id":"https:\/\/helipoland.com\/pl\/#website"},"primaryImageOfPage":{"@id":"https:\/\/helipoland.com\/sprzedaz-helikopterow-smiglowcow\/helikoptery-robinson\/r44-raven-ii-clipper-ii\/#primaryimage"},"image":{"@id":"https:\/\/helipoland.com\/sprzedaz-helikopterow-smiglowcow\/helikoptery-robinson\/r44-raven-ii-clipper-ii\/#primaryimage"},"thumbnailUrl":"http:\/\/helipoland.com\/wp-content\/uploads\/2015\/09\/R44-PL-1024x595.jpg","datePublished":"2019-07-28T16:37:46+00:00","dateModified":"2023-07-13T10:09:22+00:00","breadcrumb":{"@id":"https:\/\/helipoland.com\/sprzedaz-helikopterow-smiglowcow\/helikoptery-robinson\/r44-raven-ii-clipper-ii\/#breadcrumb"},"inLanguage":"pl-PL","potentialAction":[{"@type":"ReadAction","target":["https:\/\/helipoland.com\/sprzedaz-helikopterow-smiglowcow\/helikoptery-robinson\/r44-raven-ii-clipper-ii\/"]}]},{"@type":"ImageObject","inLanguage":"pl-PL","@id":"https:\/\/helipoland.com\/sprzedaz-helikopterow-smiglowcow\/helikoptery-robinson\/r44-raven-ii-clipper-ii\/#primaryimage","url":"http:\/\/helipoland.com\/wp-content\/uploads\/2015\/09\/R44-PL-1024x595.jpg","contentUrl":"http:\/\/helipoland.com\/wp-content\/uploads\/2015\/09\/R44-PL-1024x595.jpg"},{"@type":"BreadcrumbList","@id":"https:\/\/helipoland.com\/sprzedaz-helikopterow-smiglowcow\/helikoptery-robinson\/r44-raven-ii-clipper-ii\/#breadcrumb","itemListElement":[{"@type":"ListItem","position":1,"name":"Helipoland.com","item":"https:\/\/helipoland.com\/pl\/"},{"@type":"ListItem","position":2,"name":"Sprzeda\u017c nowych i u\u017cywanych \u015bmig\u0142owc\u00f3w (helikopter\u00f3w), akcesoria, l\u0105dowiska","item":"https:\/\/helipoland.com\/sprzedaz-helikopterow-smiglowcow\/"},{"@type":"ListItem","position":3,"name":"Nowe \u015bmig\u0142owce Robinson","item":"https:\/\/helipoland.com\/sprzedaz-helikopterow-smiglowcow\/helikoptery-robinson\/"},{"@type":"ListItem","position":4,"name":"R44 Raven II \/ Clipper II"}]},{"@type":"WebSite","@id":"https:\/\/helipoland.com\/pl\/#website","url":"https:\/\/helipoland.com\/pl\/","name":"Helipoland.com","description":"Loty helikopterem, szko\u0142a latania, us\u0142ugi lotnicze, \u015bmig\u0142owce","potentialAction":[{"@type":"SearchAction","target":{"@type":"EntryPoint","urlTemplate":"https:\/\/helipoland.com\/pl\/?s={search_term_string}"},"query-input":{"@type":"PropertyValueSpecification","valueRequired":true,"valueName":"search_term_string"}}],"inLanguage":"pl-PL"}]}},"_links":{"self":[{"href":"https:\/\/helipoland.com\/pl\/wp-json\/wp\/v2\/pages\/3815","targetHints":{"allow":["GET"]}}],"collection":[{"href":"https:\/\/helipoland.com\/pl\/wp-json\/wp\/v2\/pages"}],"about":[{"href":"https:\/\/helipoland.com\/pl\/wp-json\/wp\/v2\/types\/page"}],"author":[{"embeddable":true,"href":"https:\/\/helipoland.com\/pl\/wp-json\/wp\/v2\/users\/1"}],"replies":[{"embeddable":true,"href":"https:\/\/helipoland.com\/pl\/wp-json\/wp\/v2\/comments?post=3815"}],"version-history":[{"count":10,"href":"https:\/\/helipoland.com\/pl\/wp-json\/wp\/v2\/pages\/3815\/revisions"}],"predecessor-version":[{"id":5883,"href":"https:\/\/helipoland.com\/pl\/wp-json\/wp\/v2\/pages\/3815\/revisions\/5883"}],"up":[{"embeddable":true,"href":"https:\/\/helipoland.com\/pl\/wp-json\/wp\/v2\/pages\/939"}],"wp:attachment":[{"href":"https:\/\/helipoland.com\/pl\/wp-json\/wp\/v2\/media?parent=3815"}],"curies":[{"name":"wp","href":"https:\/\/api.w.org\/{rel}","templated":true}]}}