{"id":3845,"date":"2019-09-01T10:34:46","date_gmt":"2019-09-01T10:34:46","guid":{"rendered":"https:\/\/helipoland.com\/?page_id=3845"},"modified":"2024-01-30T19:57:23","modified_gmt":"2024-01-30T19:57:23","slug":"wynajem","status":"publish","type":"page","link":"https:\/\/helipoland.com\/pl\/wynajem\/","title":{"rendered":"Wynajem"},"content":{"rendered":"<p style=\"text-align: justify;\"><span style=\"color: #000000;\"><b>My\u015blisz o helikopterze, bo jest szybkim sposobem na pokonywanie du\u017cych odleg\u0142o\u015bci? Wynajmij jeden z naszych \u015bmig\u0142owc\u00f3w, aby\u015b Ty oraz Twoi pasa\u017cerowie mogli b\u0142yskawicznie pokona\u0107 setki, a nawet tysi\u0105ce kilometr\u00f3w. <\/b><b>Potrzebujesz \u015bmig\u0142owca, aby szybko przemie\u015bci\u0107 si\u0119? <\/b><\/span><strong><span style=\"color: #000000;\">Jako jeden z lider\u00f3w w bran\u017cy, oferujemy naszym Klientom kompleksowe us\u0142ugi obejmuj\u0105ce wynajem (charter) \u015bmig\u0142owc\u00f3w. Nasza oferta skierowana jest do wszystkich, kt\u00f3rzy pragn\u0105 w spos\u00f3b komfortowy oraz bezpieczny wykorzystywa\u0107 \u015bmig\u0142owce do swoich potrzeb.<\/span><\/strong><\/p>\n<div id='gallery-1' class='gallery galleryid-3845 gallery-columns-3 gallery-size-full'><figure class='gallery-item'>\n\t\t\t<div class='gallery-icon landscape'>\n\t\t\t\t<a href='https:\/\/helipoland.com\/pl\/s1-min\/'><img loading=\"lazy\" decoding=\"async\" width=\"3616\" height=\"2411\" src=\"https:\/\/helipoland.com\/wp-content\/uploads\/2019\/11\/s1-min.jpg\" class=\"attachment-full size-full\" alt=\"Wynajem \u015bmig\u0142owca Helipoland\" srcset=\"https:\/\/helipoland.com\/wp-content\/uploads\/2019\/11\/s1-min.jpg 3616w, https:\/\/helipoland.com\/wp-content\/uploads\/2019\/11\/s1-min-300x200.jpg 300w, https:\/\/helipoland.com\/wp-content\/uploads\/2019\/11\/s1-min-768x512.jpg 768w, https:\/\/helipoland.com\/wp-content\/uploads\/2019\/11\/s1-min-1024x683.jpg 1024w, https:\/\/helipoland.com\/wp-content\/uploads\/2019\/11\/s1-min-600x400.jpg 600w, https:\/\/helipoland.com\/wp-content\/uploads\/2019\/11\/s1-min-1800x1200.jpg 1800w, https:\/\/helipoland.com\/wp-content\/uploads\/2019\/11\/s1-min-272x182.jpg 272w\" sizes=\"auto, (max-width: 3616px) 100vw, 3616px\" \/><\/a>\n\t\t\t<\/div><\/figure><figure class='gallery-item'>\n\t\t\t<div class='gallery-icon landscape'>\n\t\t\t\t<a href='https:\/\/helipoland.com\/pl\/s2-min\/'><img loading=\"lazy\" decoding=\"async\" width=\"4053\" height=\"2702\" src=\"https:\/\/helipoland.com\/wp-content\/uploads\/2019\/11\/s2-min.jpg\" class=\"attachment-full size-full\" alt=\"Wynajem \u015bmig\u0142owca Helipoland\" srcset=\"https:\/\/helipoland.com\/wp-content\/uploads\/2019\/11\/s2-min.jpg 4053w, https:\/\/helipoland.com\/wp-content\/uploads\/2019\/11\/s2-min-300x200.jpg 300w, https:\/\/helipoland.com\/wp-content\/uploads\/2019\/11\/s2-min-768x512.jpg 768w, https:\/\/helipoland.com\/wp-content\/uploads\/2019\/11\/s2-min-1024x683.jpg 1024w, https:\/\/helipoland.com\/wp-content\/uploads\/2019\/11\/s2-min-600x400.jpg 600w, https:\/\/helipoland.com\/wp-content\/uploads\/2019\/11\/s2-min-1800x1200.jpg 1800w, https:\/\/helipoland.com\/wp-content\/uploads\/2019\/11\/s2-min-272x182.jpg 272w\" sizes=\"auto, (max-width: 4053px) 100vw, 4053px\" \/><\/a>\n\t\t\t<\/div><\/figure><figure class='gallery-item'>\n\t\t\t<div class='gallery-icon landscape'>\n\t\t\t\t<a href='https:\/\/helipoland.com\/pl\/s3-min\/'><img loading=\"lazy\" decoding=\"async\" width=\"3944\" height=\"2629\" src=\"https:\/\/helipoland.com\/wp-content\/uploads\/2019\/11\/s3-min.jpg\" class=\"attachment-full size-full\" alt=\"Wynajem \u015bmig\u0142owca Helipoland\" srcset=\"https:\/\/helipoland.com\/wp-content\/uploads\/2019\/11\/s3-min.jpg 3944w, https:\/\/helipoland.com\/wp-content\/uploads\/2019\/11\/s3-min-300x200.jpg 300w, https:\/\/helipoland.com\/wp-content\/uploads\/2019\/11\/s3-min-768x512.jpg 768w, https:\/\/helipoland.com\/wp-content\/uploads\/2019\/11\/s3-min-1024x683.jpg 1024w, https:\/\/helipoland.com\/wp-content\/uploads\/2019\/11\/s3-min-600x400.jpg 600w, https:\/\/helipoland.com\/wp-content\/uploads\/2019\/11\/s3-min-1800x1200.jpg 1800w, https:\/\/helipoland.com\/wp-content\/uploads\/2019\/11\/s3-min-272x182.jpg 272w\" sizes=\"auto, (max-width: 3944px) 100vw, 3944px\" \/><\/a>\n\t\t\t<\/div><\/figure>\n\t\t<\/div>\n\n<p style=\"text-align: justify;\"><span style=\"color: #000000;\">W Helipoland mo\u017cesz wynaj\u0105\u0107 \u015bmig\u0142owiec, kt\u00f3ry b\u0119dzie do Twojej dyspozycji 24\/7, wsz\u0119dzie tam, gdzie potrzebujesz. Oferujemy \u015bmig\u0142owce r\u00f3\u017cnego typu, pomagamy w zaplanowaniu najdogodniejszych dla Ciebie miejsc startu i l\u0105dowania. Korzystaj\u0105c ze \u015bmig\u0142owca mo\u017cesz mie\u0107 pewno\u015b\u0107, \u017ce to najszybszy i najskuteczniejszy \u015brodek transportu. Chcesz podr\u00f3\u017cowa\u0107 daleko, poza granicami? Zapraszamy do skorzystania z oferty <span style=\"color: #0000ff;\"><a style=\"color: #0000ff;\" href=\"http:\/\/planepoland.com\/wynajem-samolotow\/\">PlanePoland<\/a><\/span>.<\/span><\/p>\n<h2><strong><span style=\"color: #000000;\">Na czym polega czarter \/ wynajem \u015bmig\u0142owc\u00f3w?<\/span><\/strong><\/h2>\n<p style=\"text-align: justify;\"><span style=\"color: #000000;\">Pod poj\u0119ciem czarteru, u\u017cywanym powszechnie w \u017cegludze, transporcie kolejowym oraz lotnictwie, rozumie\u0107 nale\u017cy wynajem \u015bmig\u0142owca \/ helikoptera na w\u0142asne potrzeby. Dotyczy\u0107 mo\u017ce statku powietrznego powierzanego czarteruj\u0105cemu wraz z za\u0142og\u0105 (pilotem oraz obs\u0142ug\u0105) lub bez niej. Mo\u017cliwe s\u0105 tak\u017ce warianty zwi\u0105zane z powierzeniem helikoptera wraz z obs\u0142ug\u0105 w dane miejsce na okre\u015blony czas (tzw. time charter), albo te\u017c wyczarterowanie statku powietrznego na kilka rejs\u00f3w wykonywanych w nieregularnych odst\u0119pach czasu.<\/span><\/p>\n<p><img loading=\"lazy\" decoding=\"async\" class=\"aligncenter size-full wp-image-4365\" src=\"https:\/\/helipoland.com\/wp-content\/uploads\/2019\/11\/AS-350-1-min-1.jpg\" alt=\"Wynajem \u015bmig\u0142owc\u00f3w Helipoland\" width=\"5890\" height=\"2945\" srcset=\"https:\/\/helipoland.com\/wp-content\/uploads\/2019\/11\/AS-350-1-min-1.jpg 5890w, https:\/\/helipoland.com\/wp-content\/uploads\/2019\/11\/AS-350-1-min-1-300x150.jpg 300w, https:\/\/helipoland.com\/wp-content\/uploads\/2019\/11\/AS-350-1-min-1-768x384.jpg 768w, https:\/\/helipoland.com\/wp-content\/uploads\/2019\/11\/AS-350-1-min-1-1024x512.jpg 1024w, https:\/\/helipoland.com\/wp-content\/uploads\/2019\/11\/AS-350-1-min-1-600x300.jpg 600w, https:\/\/helipoland.com\/wp-content\/uploads\/2019\/11\/AS-350-1-min-1-1800x900.jpg 1800w\" sizes=\"auto, (max-width: 5890px) 100vw, 5890px\" \/><\/p>\n<div style=\"text-align: center;\"><a href=\"#contact-form-begin\" class=\"su-button su-button-style- got_to_form\" style=\"color:#FFFFFF;background-color:#2D89EF;border-color:#246ec0;border-radius:0px\" target=\"_self\"><span style=\"color:#FFFFFF;padding:0px 34px;font-size:25px;line-height:50px;border-color:#6cadf4;border-radius:0px;text-shadow:none\"> Wynajmij lot<\/span><\/a><\/div>\n<h2 style=\"text-align: left;\"><strong><span style=\"color: #000000;\">Zalety korzystania z charteru \/ wynajmu \u015bmig\u0142owc\u00f3w<\/span><\/strong><\/h2>\n<p style=\"text-align: justify;\"><span style=\"color: #000000;\">Skorzystanie z us\u0142ugi czarteru \u015bmig\u0142owc\u00f3w pozwala zaoszcz\u0119dzi\u0107 spore ilo\u015bci czasu, jakie trzeba by by\u0142o po\u015bwi\u0119ci\u0107 na podr\u00f3\u017c przy wykorzystaniu tradycyjnych i konwencjonalnych \u015brodk\u00f3w transportu. Wynajem helikoptera zapewnia swobod\u0119 w podr\u00f3\u017cowaniu, uniezale\u017cniaj\u0105c od takich czynnik\u00f3w zewn\u0119trznych jak korki spowodowane chocia\u017cby niespodziewanym wypadkiem drogowym na wybranej przez nas trasie. Na tym jednak nie ko\u0144cz\u0105 si\u0119 zalety opisywanej us\u0142ugi.<\/span><\/p>\n<h3 style=\"text-align: left;\"><strong><span style=\"color: #000000;\">Presti\u017c i komfort<\/span><\/strong><\/h3>\n<p style=\"text-align: justify;\"><span style=\"color: #000000;\">Oferujemy us\u0142ugi na najwy\u017cszym poziomie, oddaj\u0105c do dyspozycji naszych Klient\u00f3w jedynie najbardziej komfortowe maszyny, za sterami kt\u00f3rych podczas wykonywanych przez nas szkole\u0144 lotniczych i innych operacji zasiadaj\u0105 do\u015bwiadczeni i sprawdzeni w ka\u017cdych warunkach piloci. Za\u0142oga statku powietrznego zasugerowana przez nas lub wybrana przez Klienta przez ca\u0142y lot dba o komfort swoich pasa\u017cer\u00f3w, umo\u017cliwiaj\u0105c odpr\u0119\u017cenie si\u0119 oraz po\u015bwi\u0119cenie uwagi innym czynno\u015bciom lub odpoczynkowi.<\/span><\/p>\n<p><img loading=\"lazy\" decoding=\"async\" class=\"aligncenter size-full wp-image-4479\" src=\"https:\/\/helipoland.com\/wp-content\/uploads\/2019\/11\/Wynajem-\u015bmig\u0142owca-2.jpg\" alt=\"Wynajem s\u0301mig\u0142owca Helipoland\" width=\"1440\" height=\"960\" \/><\/p>\n<h3><strong><span style=\"color: #000000;\">Oszcz\u0119dno\u015b\u0107 czasu<\/span><\/strong><\/h3>\n<p style=\"text-align: justify;\"><span style=\"color: #000000;\">Jak by\u0142a ju\u017c wy\u017cej mowa, wybieraj\u0105c nasze us\u0142ugi mog\u0105 Pa\u0144stwo by\u0107 pewni, \u017ce po\u015bwi\u0119c\u0105 na podr\u00f3\u017c o wiele mniejsze ilo\u015bci czasu, ani\u017celi w przypadku lot\u00f3w rejsowymi liniami lotniczymi lub przelotu samolotem w promieniu do oko\u0142o 1000 km. Decyduj\u0105c si\u0119 na charter helikoptera omija si\u0119 kolejki oraz czas oczekiwania na lot, nie ma te\u017c problem\u00f3w zwi\u0105zanych z op\u00f3\u017anieniami lot\u00f3w lub zaginionym baga\u017cem, a tak\u017ce przepe\u0142nieniem pok\u0142adu statku. W sytuacjach awaryjnych jeste\u015bmy w stanie podstawi\u0107 w wybrane miejsce \u015bmig\u0142owiec w czasie nieprzekraczaj\u0105cym kilku godzin od z\u0142o\u017cenia zam\u00f3wienia.<\/span><\/p>\n<h3><strong><span style=\"color: #000000;\">Dopasowanie do indywidualnych potrzeb lot\u00f3w us\u0142ugowych<\/span><\/strong><\/h3>\n<p style=\"text-align: justify;\"><span style=\"color: #000000;\">W przeciwie\u0144stwie do czarteru samolot\u00f3w i innych statk\u00f3w powietrznych, wyb\u00f3r helikopter\u00f3w oraz \u015bmig\u0142owc\u00f3w daje o wiele wi\u0119ksz\u0105 mo\u017cliwo\u015b\u0107 wyboru miejsca, w kt\u00f3rym nast\u0105pi\u0107 ma start lub l\u0105dowanie. Mo\u017cliwe jest to w ka\u017cdym miejscu, nie tylko na lotnisku lub innym miejscu dopuszczonym do u\u017cytku jako l\u0105dowisko. Staramy si\u0119 wychodzi\u0107 naprzeciw oczekiwaniom naszych Klient\u00f3w, oddaj\u0105c do dyspozycji posiadane \u015bmig\u0142owce w terminie nieprzekraczaj\u0105cym kilku godzin od z\u0142o\u017conego zam\u00f3wienia. Dzi\u0119ki temu charter \u015bmig\u0142owca okaza\u0107 mo\u017ce si\u0119 znakomitym wyborem w sytuacjach awaryjnych, kiedy zawiod\u0142y wcze\u015bniej wybrane \u015brodki transportu.<\/span><\/p>\n<p><img loading=\"lazy\" decoding=\"async\" class=\"wp-image-3404 aligncenter\" src=\"http:\/\/helipoland.com\/wp-content\/uploads\/2018\/03\/2005-AS350B3-LH-Sliding-Door.jpg\" alt=\"Helipoland Charter AS 350\" width=\"1020\" height=\"548\" srcset=\"https:\/\/helipoland.com\/wp-content\/uploads\/2018\/03\/2005-AS350B3-LH-Sliding-Door.jpg 2343w, https:\/\/helipoland.com\/wp-content\/uploads\/2018\/03\/2005-AS350B3-LH-Sliding-Door-300x161.jpg 300w, https:\/\/helipoland.com\/wp-content\/uploads\/2018\/03\/2005-AS350B3-LH-Sliding-Door-768x413.jpg 768w, https:\/\/helipoland.com\/wp-content\/uploads\/2018\/03\/2005-AS350B3-LH-Sliding-Door-1024x550.jpg 1024w, https:\/\/helipoland.com\/wp-content\/uploads\/2018\/03\/2005-AS350B3-LH-Sliding-Door-600x322.jpg 600w, https:\/\/helipoland.com\/wp-content\/uploads\/2018\/03\/2005-AS350B3-LH-Sliding-Door-1800x967.jpg 1800w\" sizes=\"auto, (max-width: 1020px) 100vw, 1020px\" \/><\/p>\n<p style=\"text-align: justify;\"><span style=\"color: #000000;\"><strong>Ka\u017cde zapytanie<\/strong> zwi\u0105zane z organizacj\u0105 wynajmu\u00a0 \u015bmig\u0142owca\u00a0<strong>wyceniane jest w spos\u00f3b indywidualny<\/strong> w zale\u017cno\u015bci od wielu czynnik\u00f3w oraz szczeg\u00f3\u0142\u00f3w wskazanych przez zamawiaj\u0105cego. Ceny zaczynaj\u0105 si\u0119 od 2200 z\u0142 za godzin\u0119 lotu \u015bmig\u0142owca 3-osobowego i si\u0119gaj\u0105 2500 Euro za godzin\u0105 lotu szybkim \u015bmig\u0142owcem VIP typu AW109SP. Na ostateczn\u0105 cen\u0119 sk\u0142ada si\u0119 wiele zmiennych, w\u015br\u00f3d kt\u00f3rych podstawowe znaczenie maj\u0105 takie ustalenia jak miejsce startu i l\u0105dowania, d\u0142ugo\u015b\u0107 lotu (przy d\u0142u\u017cszych lotach cena jednostkowa za godzin\u0119 lotu mo\u017ce by\u0107 mniejsza ni\u017c przy lotach kr\u00f3tkich), liczba pasa\u017cer\u00f3w i ilo\u015b\u0107 baga\u017cu (zadecyduje to o tym jaka zostanie wybrana maszyna powietrzna). Lot odby\u0107 mo\u017cna partycypuj\u0105c w kosztach wraz z reszt\u0105 os\u00f3b znajduj\u0105cych si\u0119 na pok\u0142adzie lub osobi\u015bcie ze swoim pilotem. W celu uzyskania orientacyjnej ceny zapraszamy do kontaktu, postaramy si\u0119 odpowiedzie\u0107 na wszystkie pojawiaj\u0105ce si\u0119 pytania oraz przygotowa\u0107 indywidualn\u0105 wycen\u0119 najlepiej dostosowan\u0105 do potrzeb i bud\u017cetu.<\/span><\/p>\n<p style=\"text-align: justify;\"><span style=\"color: #000000;\">Dlaczego spo\u015br\u00f3d wymienionych maszyn powietrznych niekiedy warto zdecydowa\u0107 si\u0119 na <span style=\"color: #0000ff;\"><a style=\"color: #0000ff;\" href=\"http:\/\/planepoland.com\/wynajem-samolotow\/\">samolot PlanePoland<\/a><\/span>? Wyb\u00f3r tej w\u0142a\u015bnie maszyny pozwala na szybkie i ekonomiczne przemieszczanie si\u0119 na odleg\u0142ych dystansach, w szczeg\u00f3lno\u015bci mi\u0119dzynarodowych. W przypadku tras krajowych lub w pobliskie rejony za granic\u0105 najszybszy b\u0119dzie \u015bmig\u0142owiec natomiast w przypadku odleg\u0142o\u015bci powy\u017cej oko\u0142o 500 km bardziej wydajny (cho\u0107 mniej widowiskowy) mo\u017ce okaza\u0107 si\u0119 samolot. Zale\u017cy to od odleg\u0142o\u015bci i koszt\u00f3w odpowiednio przystosowanych dla danego samolotu lotnisk.<\/span><\/p>\n<p><span style=\"color: #000000;\"><div class=\"ezcol ezcol-one-half\"><\/span><span style=\"color: #000000;\"><strong>Co oferujemy ?<\/strong><\/span><\/p>\n<ul>\n<li><span style=\"color: #000000;\">loty biznesowe, tzw. <i>powietrzna taks\u00f3wka <\/i><\/span><\/li>\n<li><span style=\"color: #000000;\">loty rekreacyjne (widokowe)<\/span><\/li>\n<li><span style=\"color: #000000;\">loty zapoznawcze przed szkoleniem<\/span><\/li>\n<li><span style=\"color: #000000;\">loty dla operator\u00f3w filmowych i fotograf\u00f3w<\/span><\/li>\n<li><span style=\"color: #000000;\">loty us\u0142ugowe (energetyka, gazownictwo, prace d\u017awigowe)<\/span><\/li>\n<li><span style=\"color: #000000;\">wsparcie \u015bmig\u0142owca w organizacji zar\u0119czyn w powietrzu a tak\u017ce loty weselne \/ \u015blubne<\/span><\/li>\n<li><span style=\"color: #000000;\">udzia\u0142 \u015bmig\u0142owca w eventach lub r\u00f3\u017cnego rodzaju imprezach, np. sportowych, firmowych<\/span><\/li>\n<li><span style=\"color: #000000;\">loty w rejonach kurort\u00f3w wypoczynkowych<\/span><\/li>\n<\/ul>\n<p><span style=\"color: #000000;\"><b>Skontaktuj si\u0119 z nami i poznaj nasze ceny wynajmu \u015bmig\u0142owc\u00f3w.<\/b><\/span><\/p>\n<p><span style=\"color: #000000;\"><\/div> <div class=\"ezcol ezcol-one-half ezcol-last\"><div id=\"metaslider-id-3548\" style=\"max-width: 800px; margin: 0 auto;\" class=\"ml-slider-3-97-0 metaslider metaslider-flex metaslider-3548 ml-slider ms-theme-default nav-hidden\" role=\"region\" aria-roledescription=\"Slideshow\" aria-label=\"Wynajem \u015bmig\u0142owca 2\" data-width=\"800\">\n    <div id=\"metaslider_container_3548\">\n        <div id=\"metaslider_3548\">\n            <ul class='slides'>\n                <li style=\"display: block; width: 100%;\" class=\"slide-3549 ms-image \" aria-roledescription=\"slide\" aria-label=\"slide-3549\" data-date=\"2018-08-10 06:54:28\"><img loading=\"lazy\" decoding=\"async\" src=\"https:\/\/helipoland.com\/wp-content\/uploads\/2018\/08\/0-Wynajem-\u015bmig\u0142owca-21.jpg\" height=\"500\" width=\"800\" alt=\"Wynajem s\u0301mig\u0142owca Helipoland\" class=\"slider-3548 slide-3549\" title=\"Wynajem s\u0301mig\u0142owca 21\" \/><\/li>\n                <li style=\"display: none; width: 100%;\" class=\"slide-3550 ms-image \" aria-roledescription=\"slide\" aria-label=\"slide-3550\" data-date=\"2018-08-10 06:54:29\"><img loading=\"lazy\" decoding=\"async\" src=\"https:\/\/helipoland.com\/wp-content\/uploads\/2018\/08\/0-Wynajem-\u015bmig\u0142owca-22.jpg\" height=\"500\" width=\"800\" alt=\"Wynajem s\u0301mig\u0142owca Helipoland\" class=\"slider-3548 slide-3550\" title=\"Wynajem s\u0301mig\u0142owca 22\" \/><\/li>\n                <li style=\"display: none; width: 100%;\" class=\"slide-3551 ms-image \" aria-roledescription=\"slide\" aria-label=\"slide-3551\" data-date=\"2018-08-10 06:54:29\"><img loading=\"lazy\" decoding=\"async\" src=\"https:\/\/helipoland.com\/wp-content\/uploads\/2018\/08\/0-Wynajem-\u015bmig\u0142owca-23.jpg\" height=\"500\" width=\"800\" alt=\"Wynajem s\u0301mig\u0142owca Helipoland\" class=\"slider-3548 slide-3551\" title=\"Wynajem s\u0301mig\u0142owca 23\" \/><\/li>\n                <li style=\"display: none; width: 100%;\" class=\"slide-3553 ms-image \" aria-roledescription=\"slide\" aria-label=\"slide-3553\" data-date=\"2018-08-10 06:54:29\"><img loading=\"lazy\" decoding=\"async\" src=\"https:\/\/helipoland.com\/wp-content\/uploads\/2018\/08\/0-Wynajem-\u015bmig\u0142owca-25.jpg\" height=\"500\" width=\"800\" alt=\"Wynajem s\u0301mig\u0142owca Helipoland\" class=\"slider-3548 slide-3553\" title=\"Wynajem s\u0301mig\u0142owca 25\" \/><\/li>\n                <li style=\"display: none; width: 100%;\" class=\"slide-3552 ms-image \" aria-roledescription=\"slide\" aria-label=\"slide-3552\" data-date=\"2018-08-10 06:54:29\"><img loading=\"lazy\" decoding=\"async\" src=\"https:\/\/helipoland.com\/wp-content\/uploads\/2018\/08\/0-Wynajem-\u015bmig\u0142owca-24.jpg\" height=\"500\" width=\"800\" alt=\"Wynajem s\u0301mig\u0142owca Helipoland\" class=\"slider-3548 slide-3552\" title=\"Wynajem s\u0301mig\u0142owca 24\" \/><\/li>\n            <\/ul>\n        <\/div>\n        \n    <\/div>\n<\/div><\/div><div class=\"ezcol-divider\"><\/div><\/span>","protected":false},"excerpt":{"rendered":"<p>My\u015blisz o helikopterze, bo jest szybkim sposobem na pokonywanie du\u017cych odleg\u0142o\u015bci? Wynajmij jeden z naszych \u015bmig\u0142owc\u00f3w, aby\u015b Ty oraz Twoi[&#8230;..]<\/p>\n","protected":false},"author":1,"featured_media":0,"parent":0,"menu_order":0,"comment_status":"closed","ping_status":"closed","template":"template-fullwidth-with-form.php","meta":{"_acf_changed":false,"footnotes":""},"class_list":["post-3845","page","type-page","status-publish","hentry"],"acf":[],"yoast_head":"<!-- This site is optimized with the Yoast SEO plugin v24.8.1 - https:\/\/yoast.com\/wordpress\/plugins\/seo\/ -->\n<title>Wynajem helikoptera, loty us\u0142ugowe - Helipoland.com<\/title>\n<meta name=\"description\" content=\"Wynajmij jeden z naszych \u015bmig\u0142owc\u00f3w, aby\u015b Ty oraz Twoi pasa\u017cerowie mogli b\u0142yskawicznie pokona\u0107 setki, a nawet tysi\u0105ce kilometr\u00f3w\" \/>\n<meta name=\"robots\" content=\"index, follow, max-snippet:-1, max-image-preview:large, max-video-preview:-1\" \/>\n<link rel=\"canonical\" href=\"https:\/\/helipoland.com\/wynajem\/\" \/>\n<meta property=\"og:locale\" content=\"pl_PL\" \/>\n<meta property=\"og:type\" content=\"article\" \/>\n<meta property=\"og:title\" content=\"[:pl] Wynajem helikoptera, loty us\u0142ugowe - Helipoland.com [:en]-1325[:]\" \/>\n<meta property=\"og:description\" content=\"{:pl}Wynajmij jeden z naszych \u015bmig\u0142owc\u00f3w, aby\u015b Ty oraz Twoi pasa\u017cerowie mogli b\u0142yskawicznie pokona\u0107 setki, a nawet tysi\u0105ce kilometr\u00f3w{:en}30{:}\" \/>\n<meta property=\"og:url\" content=\"https:\/\/helipoland.com\/wynajem\/\" \/>\n<meta property=\"og:site_name\" content=\"Helipoland.com\" \/>\n<meta property=\"article:modified_time\" content=\"2024-01-30T19:57:23+00:00\" \/>\n<meta property=\"og:image\" content=\"https:\/\/helipoland.com\/wp-content\/uploads\/2019\/11\/s1-min.jpg\" \/>\n<meta name=\"twitter:label1\" content=\"Szacowany czas czytania\" \/>\n\t<meta name=\"twitter:data1\" content=\"10 minut\" \/>\n<script type=\"application\/ld+json\" class=\"yoast-schema-graph\">{\"@context\":\"https:\/\/schema.org\",\"@graph\":[{\"@type\":\"WebPage\",\"@id\":\"https:\/\/helipoland.com\/wynajem\/\",\"url\":\"https:\/\/helipoland.com\/wynajem\/\",\"name\":\"[:pl] Wynajem helikoptera, loty us\u0142ugowe - Helipoland.com [:en]-1325[:]\",\"isPartOf\":{\"@id\":\"https:\/\/helipoland.com\/pl\/#website\"},\"primaryImageOfPage\":{\"@id\":\"https:\/\/helipoland.com\/wynajem\/#primaryimage\"},\"image\":{\"@id\":\"https:\/\/helipoland.com\/wynajem\/#primaryimage\"},\"thumbnailUrl\":\"https:\/\/helipoland.com\/wp-content\/uploads\/2019\/11\/AS-350-1-min-1.jpg\",\"datePublished\":\"2019-09-01T10:34:46+00:00\",\"dateModified\":\"2024-01-30T19:57:23+00:00\",\"description\":\"{:pl}Wynajmij jeden z naszych \u015bmig\u0142owc\u00f3w, aby\u015b Ty oraz Twoi pasa\u017cerowie mogli b\u0142yskawicznie pokona\u0107 setki, a nawet tysi\u0105ce kilometr\u00f3w{:en}30{:}\",\"breadcrumb\":{\"@id\":\"https:\/\/helipoland.com\/wynajem\/#breadcrumb\"},\"inLanguage\":\"pl-PL\",\"potentialAction\":[{\"@type\":\"ReadAction\",\"target\":[\"https:\/\/helipoland.com\/wynajem\/\"]}]},{\"@type\":\"ImageObject\",\"inLanguage\":\"pl-PL\",\"@id\":\"https:\/\/helipoland.com\/wynajem\/#primaryimage\",\"url\":\"https:\/\/helipoland.com\/wp-content\/uploads\/2019\/11\/AS-350-1-min-1.jpg\",\"contentUrl\":\"https:\/\/helipoland.com\/wp-content\/uploads\/2019\/11\/AS-350-1-min-1.jpg\"},{\"@type\":\"BreadcrumbList\",\"@id\":\"https:\/\/helipoland.com\/wynajem\/#breadcrumb\",\"itemListElement\":[{\"@type\":\"ListItem\",\"position\":1,\"name\":\"Helipoland.com\",\"item\":\"https:\/\/helipoland.com\/pl\/\"},{\"@type\":\"ListItem\",\"position\":2,\"name\":\"Wynajem\"}]},{\"@type\":\"WebSite\",\"@id\":\"https:\/\/helipoland.com\/pl\/#website\",\"url\":\"https:\/\/helipoland.com\/pl\/\",\"name\":\"Helipoland.com\",\"description\":\"Loty helikopterem, szko\u0142a latania, us\u0142ugi lotnicze, \u015bmig\u0142owce\",\"potentialAction\":[{\"@type\":\"SearchAction\",\"target\":{\"@type\":\"EntryPoint\",\"urlTemplate\":\"https:\/\/helipoland.com\/pl\/?s={search_term_string}\"},\"query-input\":{\"@type\":\"PropertyValueSpecification\",\"valueRequired\":true,\"valueName\":\"search_term_string\"}}],\"inLanguage\":\"pl-PL\"}]}<\/script>\n<!-- \/ Yoast SEO plugin. -->","yoast_head_json":{"title":"Wynajem helikoptera, loty us\u0142ugowe - Helipoland.com","description":"Wynajmij jeden z naszych \u015bmig\u0142owc\u00f3w, aby\u015b Ty oraz Twoi pasa\u017cerowie mogli b\u0142yskawicznie pokona\u0107 setki, a nawet tysi\u0105ce kilometr\u00f3w","robots":{"index":"index","follow":"follow","max-snippet":"max-snippet:-1","max-image-preview":"max-image-preview:large","max-video-preview":"max-video-preview:-1"},"canonical":"https:\/\/helipoland.com\/wynajem\/","og_locale":"pl_PL","og_type":"article","og_title":"[:pl] Wynajem helikoptera, loty us\u0142ugowe - Helipoland.com [:en]-1325[:]","og_description":"{:pl}Wynajmij jeden z naszych \u015bmig\u0142owc\u00f3w, aby\u015b Ty oraz Twoi pasa\u017cerowie mogli b\u0142yskawicznie pokona\u0107 setki, a nawet tysi\u0105ce kilometr\u00f3w{:en}30{:}","og_url":"https:\/\/helipoland.com\/wynajem\/","og_site_name":"Helipoland.com","article_modified_time":"2024-01-30T19:57:23+00:00","og_image":[{"url":"https:\/\/helipoland.com\/wp-content\/uploads\/2019\/11\/s1-min.jpg","type":"","width":"","height":""}],"twitter_misc":{"Szacowany czas czytania":"10 minut"},"schema":{"@context":"https:\/\/schema.org","@graph":[{"@type":"WebPage","@id":"https:\/\/helipoland.com\/wynajem\/","url":"https:\/\/helipoland.com\/wynajem\/","name":"[:pl] Wynajem helikoptera, loty us\u0142ugowe - Helipoland.com [:en]-1325[:]","isPartOf":{"@id":"https:\/\/helipoland.com\/pl\/#website"},"primaryImageOfPage":{"@id":"https:\/\/helipoland.com\/wynajem\/#primaryimage"},"image":{"@id":"https:\/\/helipoland.com\/wynajem\/#primaryimage"},"thumbnailUrl":"https:\/\/helipoland.com\/wp-content\/uploads\/2019\/11\/AS-350-1-min-1.jpg","datePublished":"2019-09-01T10:34:46+00:00","dateModified":"2024-01-30T19:57:23+00:00","description":"{:pl}Wynajmij jeden z naszych \u015bmig\u0142owc\u00f3w, aby\u015b Ty oraz Twoi pasa\u017cerowie mogli b\u0142yskawicznie pokona\u0107 setki, a nawet tysi\u0105ce kilometr\u00f3w{:en}30{:}","breadcrumb":{"@id":"https:\/\/helipoland.com\/wynajem\/#breadcrumb"},"inLanguage":"pl-PL","potentialAction":[{"@type":"ReadAction","target":["https:\/\/helipoland.com\/wynajem\/"]}]},{"@type":"ImageObject","inLanguage":"pl-PL","@id":"https:\/\/helipoland.com\/wynajem\/#primaryimage","url":"https:\/\/helipoland.com\/wp-content\/uploads\/2019\/11\/AS-350-1-min-1.jpg","contentUrl":"https:\/\/helipoland.com\/wp-content\/uploads\/2019\/11\/AS-350-1-min-1.jpg"},{"@type":"BreadcrumbList","@id":"https:\/\/helipoland.com\/wynajem\/#breadcrumb","itemListElement":[{"@type":"ListItem","position":1,"name":"Helipoland.com","item":"https:\/\/helipoland.com\/pl\/"},{"@type":"ListItem","position":2,"name":"Wynajem"}]},{"@type":"WebSite","@id":"https:\/\/helipoland.com\/pl\/#website","url":"https:\/\/helipoland.com\/pl\/","name":"Helipoland.com","description":"Loty helikopterem, szko\u0142a latania, us\u0142ugi lotnicze, \u015bmig\u0142owce","potentialAction":[{"@type":"SearchAction","target":{"@type":"EntryPoint","urlTemplate":"https:\/\/helipoland.com\/pl\/?s={search_term_string}"},"query-input":{"@type":"PropertyValueSpecification","valueRequired":true,"valueName":"search_term_string"}}],"inLanguage":"pl-PL"}]}},"_links":{"self":[{"href":"https:\/\/helipoland.com\/pl\/wp-json\/wp\/v2\/pages\/3845","targetHints":{"allow":["GET"]}}],"collection":[{"href":"https:\/\/helipoland.com\/pl\/wp-json\/wp\/v2\/pages"}],"about":[{"href":"https:\/\/helipoland.com\/pl\/wp-json\/wp\/v2\/types\/page"}],"author":[{"embeddable":true,"href":"https:\/\/helipoland.com\/pl\/wp-json\/wp\/v2\/users\/1"}],"replies":[{"embeddable":true,"href":"https:\/\/helipoland.com\/pl\/wp-json\/wp\/v2\/comments?post=3845"}],"version-history":[{"count":40,"href":"https:\/\/helipoland.com\/pl\/wp-json\/wp\/v2\/pages\/3845\/revisions"}],"predecessor-version":[{"id":5941,"href":"https:\/\/helipoland.com\/pl\/wp-json\/wp\/v2\/pages\/3845\/revisions\/5941"}],"wp:attachment":[{"href":"https:\/\/helipoland.com\/pl\/wp-json\/wp\/v2\/media?parent=3845"}],"curies":[{"name":"wp","href":"https:\/\/api.w.org\/{rel}","templated":true}]}}