{"id":410,"date":"2015-04-12T19:37:15","date_gmt":"2015-04-12T19:37:15","guid":{"rendered":"http:\/\/helipoland.com\/?page_id=410"},"modified":"2022-10-20T10:15:06","modified_gmt":"2022-10-20T10:15:06","slug":"sprzedaz-helikopterow-smiglowcow","status":"publish","type":"page","link":"https:\/\/helipoland.com\/pl\/sprzedaz-helikopterow-smiglowcow\/","title":{"rendered":"Sprzeda\u017c nowych i u\u017cywanych \u015bmig\u0142owc\u00f3w (helikopter\u00f3w), akcesoria, l\u0105dowiska"},"content":{"rendered":"<p style=\"text-align: justify;\"><strong><div class=\"ezcol ezcol-one-third\">Najbardziej znane marki \u015bmig\u0142owc\u00f3w:<\/strong><\/p>\n<ul>\n<li><span style=\"color: #0000ff;\"><a style=\"font-weight: bold; color: #0000ff;\" href=\"http:\/\/www.robinsonhelicopter.com\/\" target=\"_blank\" rel=\"noopener noreferrer\">Robinson Helicopters (RHC)<\/a><\/span><\/li>\n<li><span style=\"color: #0000ff;\"><strong><a style=\"color: #0000ff;\" href=\"https:\/\/www.airbus.com\/helicopters.html\" target=\"_blank\" rel=\"noopener noreferrer\">Airbus Helicopters (Eurocopter)<\/a><\/strong><\/span><\/li>\n<li><span style=\"color: #0000ff;\"><a style=\"color: #0000ff;\" href=\"https:\/\/www.bellflight.com\/commercial\" target=\"_blank\" rel=\"noopener noreferrer\"><strong>Bell Helicopter (Textron company)<\/strong><\/a><\/span><\/li>\n<li><span style=\"color: #0000ff;\"><strong><a style=\"color: #0000ff;\" href=\"http:\/\/www.marenco-swisshelicopter.ch\/\" target=\"_blank\" rel=\"noopener noreferrer\">Marenco &#8211; Swisshelicopter (Kopter)<\/a><\/strong><\/span><\/li>\n<li><span style=\"color: #0000ff;\"><strong><a style=\"color: #0000ff;\" href=\"http:\/\/www.leonardocompany.com\/en\/product-services\/elicotteri_helicopters\" target=\"_blank\" rel=\"noopener noreferrer\">Leonardo Helicopters (AgustaWestland)<\/a><\/strong><\/span><\/li>\n<li style=\"text-align: justify;\"><span style=\"color: #0000ff;\"><strong><a style=\"color: #0000ff;\" href=\"http:\/\/lockheedmartin.com\/us\/what-we-do\/aerospace-defense\/sikorsky.html\" target=\"_blank\" rel=\"noopener noreferrer\">Sikorsky (Lockheed Martin)<\/a><\/strong><\/span><\/li>\n<li style=\"text-align: justify;\"><span style=\"color: #0000ff;\"><strong><a style=\"color: #0000ff;\" href=\"https:\/\/www.mdhelicopters.com\/\" target=\"_blank\" rel=\"noopener noreferrer\">MD Helicopters (MDHI)<\/a><\/strong><\/span><\/li>\n<li style=\"text-align: justify;\"><span style=\"color: #0000ff;\"><strong><a style=\"color: #0000ff;\" href=\"https:\/\/www.guimbal.com\/\" target=\"_blank\" rel=\"noopener noreferrer\">Guimbal France<\/a><\/strong><\/span><\/li>\n<li style=\"text-align: justify;\"><span style=\"color: #0000ff;\"><strong><a style=\"color: #0000ff;\" href=\"https:\/\/enstromhelicopter.com\/\" target=\"_blank\" rel=\"noopener noreferrer\">Enstrom Helicopters<\/a><\/strong><\/span><\/li>\n<li><span style=\"color: #0000ff;\"><strong><a style=\"color: #0000ff;\" href=\"https:\/\/en.konnerhelicopters.com\/home\/\" target=\"_blank\" rel=\"noopener noreferrer\">Konner Helicopters<\/a><\/strong><\/span><\/li>\n<li><span style=\"color: #0000ff;\"><strong><a style=\"color: #0000ff;\" href=\"http:\/\/www.russianhelicopters.aero\/en\/\" target=\"_blank\" rel=\"noopener noreferrer\">Russian Helicopters (Mil Mi)<\/a><\/strong><\/span><\/li>\n<\/ul>\n<p style=\"text-align: justify;\">\u00a0 \u00a0*linki do stron producent\u00f3w<\/div> <div class=\"ezcol ezcol-two-third ezcol-last\"><div id=\"metaslider-id-1733\" style=\"max-width: 900px; margin: 0 auto;\" class=\"ml-slider-3-97-0 metaslider metaslider-flex metaslider-1733 ml-slider ms-theme-default nav-hidden\" role=\"region\" aria-roledescription=\"Slideshow\" aria-label=\"Sprzeda\u017c helikopter\u00f3w\" data-width=\"900\">\n    <div id=\"metaslider_container_1733\">\n        <div id=\"metaslider_1733\">\n            <ul class='slides'>\n                <li style=\"display: block; width: 100%;\" class=\"slide-1741 ms-image \" aria-roledescription=\"slide\" aria-label=\"slide-1741\" data-date=\"2015-10-20 19:27:48\"><img loading=\"lazy\" decoding=\"async\" src=\"https:\/\/helipoland.com\/wp-content\/uploads\/2015\/10\/DSCF0942-900x500.jpg\" height=\"500\" width=\"900\" alt=\"Sprzeda\u017c Helikoptery Robinson\" class=\"slider-1733 slide-1741\" title=\"Sprzeda\u017c Helikoptery Robinson\" \/><\/li>\n                <li style=\"display: none; width: 100%;\" class=\"slide-3784 ms-image \" aria-roledescription=\"slide\" aria-label=\"slide-3784\" data-date=\"2019-07-28 13:42:50\"><img loading=\"lazy\" decoding=\"async\" src=\"https:\/\/helipoland.com\/wp-content\/uploads\/2015\/09\/Robinson_R44_RAVEN_I_410139_i0-720x400.jpg\" height=\"500\" width=\"900\" alt=\"Sprzeda\u017c Helikoptery R 44\" class=\"slider-1733 slide-3784\" title=\"Sprzeda\u017c Helikoptery R 44\" \/><\/li>\n                <li style=\"display: none; width: 100%;\" class=\"slide-3786 ms-image \" aria-roledescription=\"slide\" aria-label=\"slide-3786\" data-date=\"2019-07-28 13:46:31\"><img loading=\"lazy\" decoding=\"async\" src=\"https:\/\/helipoland.com\/wp-content\/uploads\/2019\/07\/ACH-130Stylence-900x500.jpg\" height=\"500\" width=\"900\" alt=\"Sprzeda\u017c Helikoptery Airbus\" class=\"slider-1733 slide-3786\" title=\"Sprzeda\u017c Helikoptery Airbus\" \/><\/li>\n                <li style=\"display: none; width: 100%;\" class=\"slide-3788 ms-image \" aria-roledescription=\"slide\" aria-label=\"slide-3788\" data-date=\"2019-07-28 13:51:15\"><img loading=\"lazy\" decoding=\"async\" src=\"https:\/\/helipoland.com\/wp-content\/uploads\/2019\/07\/h125-airbus-1-900x500.jpg\" height=\"500\" width=\"900\" alt=\"Sprzeda\u017c Helikoptery Airbus H125\" class=\"slider-1733 slide-3788\" title=\"Sprzeda\u017c Helikoptery Airbus H125\" \/><\/li>\n                <li style=\"display: none; width: 100%;\" class=\"slide-3795 ms-image \" aria-roledescription=\"slide\" aria-label=\"slide-3795\" data-date=\"2019-07-28 14:03:32\"><img loading=\"lazy\" decoding=\"async\" src=\"https:\/\/helipoland.com\/wp-content\/uploads\/2015\/10\/429AlpsNW-630x350.jpg\" height=\"500\" width=\"900\" alt=\"Sprzeda\u017c Helikoptery Bell 429\" class=\"slider-1733 slide-3795\" title=\"Sprzeda\u017c Helikoptery Bell 429\" \/><\/li>\n                <li style=\"display: none; width: 100%;\" class=\"slide-3796 ms-image \" aria-roledescription=\"slide\" aria-label=\"slide-3796\" data-date=\"2019-07-28 14:04:10\"><img loading=\"lazy\" decoding=\"async\" src=\"https:\/\/helipoland.com\/wp-content\/uploads\/2015\/10\/CV3A64351-670x372.jpg\" height=\"500\" width=\"900\" alt=\"Sprzeda\u017c Helikoptery Bell 505\" class=\"slider-1733 slide-3796\" title=\"Sprzeda\u017c Helikoptery Bell 505\" \/><\/li>\n                <li style=\"display: none; width: 100%;\" class=\"slide-3793 ms-image \" aria-roledescription=\"slide\" aria-label=\"slide-3793\" data-date=\"2019-07-28 14:00:28\"><img loading=\"lazy\" decoding=\"async\" src=\"https:\/\/helipoland.com\/wp-content\/uploads\/2019\/07\/maxresdefault-1-900x500.jpg\" height=\"500\" width=\"900\" alt=\"Sprzeda\u017c Helikoptery Marenco-Swiss helicopter\" class=\"slider-1733 slide-3793\" title=\"Sprzeda\u017c Helikoptery Marenco-Swiss helicopter\" \/><\/li>\n                <li style=\"display: none; width: 100%;\" class=\"slide-3794 ms-image \" aria-roledescription=\"slide\" aria-label=\"slide-3794\" data-date=\"2019-07-28 14:00:28\"><img loading=\"lazy\" decoding=\"async\" src=\"https:\/\/helipoland.com\/wp-content\/uploads\/2019\/07\/marenco-skye-sh09-civil-aviation-passenger-helicopters-swisshelicopter-skye-sh09-serial-02-marenco-swisshelicopter-900x500.jpg\" height=\"500\" width=\"900\" alt=\"Sprzeda\u017c Helikoptery Kopter\" class=\"slider-1733 slide-3794\" title=\"Sprzeda\u017c Helikoptery Kopter\" \/><\/li>\n                <li style=\"display: none; width: 100%;\" class=\"slide-3783 ms-image \" aria-roledescription=\"slide\" aria-label=\"slide-3783\" data-date=\"2019-07-28 13:37:19\"><img loading=\"lazy\" decoding=\"async\" src=\"https:\/\/helipoland.com\/wp-content\/uploads\/2015\/09\/aw139-169-189family_agustawestland6409-900x500.jpg\" height=\"500\" width=\"900\" alt=\"Sprzeda\u017c Helikoptery Leonardo\" class=\"slider-1733 slide-3783\" title=\"Sprzeda\u017c Helikoptery Leonardo\" \/><\/li>\n                <li style=\"display: none; width: 100%;\" class=\"slide-2113 ms-image \" aria-roledescription=\"slide\" aria-label=\"slide-2113\" data-date=\"2015-12-09 18:43:20\"><img loading=\"lazy\" decoding=\"async\" src=\"https:\/\/helipoland.com\/wp-content\/uploads\/2015\/12\/Sprzedaz-i-wynajem-2-750x416.jpg\" height=\"500\" width=\"900\" alt=\"Sprzeda\u017c Helikoptery AW009\" class=\"slider-1733 slide-2113\" title=\"Sprzeda\u017c Helikoptery AW009\" \/><\/li>\n                <li style=\"display: none; width: 100%;\" class=\"slide-3800 ms-image \" aria-roledescription=\"slide\" aria-label=\"slide-3800\" data-date=\"2019-07-28 14:12:47\"><img loading=\"lazy\" decoding=\"async\" src=\"https:\/\/helipoland.com\/wp-content\/uploads\/2019\/07\/80-900x500.jpg\" height=\"500\" width=\"900\" alt=\"Sprzeda\u017c Helikoptery MD500\" class=\"slider-1733 slide-3800\" title=\"Sprzeda\u017c Helikoptery MD500\" \/><\/li>\n                <li style=\"display: none; width: 100%;\" class=\"slide-3799 ms-image \" aria-roledescription=\"slide\" aria-label=\"slide-3799\" data-date=\"2019-07-28 14:12:47\"><img loading=\"lazy\" decoding=\"async\" src=\"https:\/\/helipoland.com\/wp-content\/uploads\/2019\/07\/roban-md-500e-g-jive-blue-500-size-helicopter-scale-conversion-kit-motion-rc-698368000025-900x500.jpg\" height=\"500\" width=\"900\" alt=\"Sprzeda\u017c Helikoptery MD 500\" class=\"slider-1733 slide-3799\" title=\"Sprzeda\u017c Helikoptery MD 500\" \/><\/li>\n            <\/ul>\n        <\/div>\n        \n    <\/div>\n<\/div><\/div><div class=\"ezcol-divider\"><\/div>\n<p>\u015amig\u0142owce (helikoptery) to najszybsze i najskuteczniejsze \u015brodki bezpo\u015bredniego transportu z punktu A do punktu B a zarazem jedne z najbardziej wszechstronnych maszyn u\u017cytkowych. Oferujemy kompleksowy zakres us\u0142ug zwi\u0105zanych z nabyciem \u015bmig\u0142owca, pocz\u0105wszy od wyboru odpowiedniej maszyny u\u017cywanej w dowolnym miejscu na \u015bwiecie lub jej konfiguracj\u0119 do produkcji fabrycznej, poprzez szczeg\u00f3\u0142owe ogl\u0119dziny wraz z oblotem i ocen\u0105 pod wzgl\u0119dem technicznym i formalnym, po sprowadzenie i organizacj\u0119 formalno-techniczn\u0105 zwi\u0105zan\u0105 z zarejestrowaniem w kraju oraz przeszkolenie za\u0142ogi lataj\u0105cej. Dla zakupionych maszyn zapewniamy ubezpieczenie na dogodnych warunkach oraz obs\u0142ug\u0119 techniczn\u0105 na najwy\u017cszym poziomie.<\/p>\n<hr \/>\n<p style=\"text-align: center;\">Nasza specjalno\u015b\u0107 to sprzeda\u017c oraz obs\u0142uga techniczna najpopularniejszych na \u015bwiecie \u015bmig\u0142owc\u00f3w marki <span style=\"text-decoration: underline;\"><strong><a title=\"helikoptery Robinson\" href=\"http:\/\/www.robinsonheli.com\/\" target=\"_blank\" rel=\"noopener noreferrer\">Robinson Helicopter Company (RHC)<\/a><\/strong><\/span>.<\/p>\n<p style=\"text-align: center;\">Najpopularniejsze i najbardziej wszechstronne \u015bmig\u0142owce na \u015bwiecie to oferowane przez RHC czteromiejscowe <span style=\"text-decoration: underline;\"><strong><a href=\"https:\/\/robinsonheli.com\/r44-raven-i\/\" target=\"_blank\" rel=\"noopener noreferrer\">R 44 Raven I<\/a><\/strong><\/span> oraz <span style=\"text-decoration: underline;\"><strong><a href=\"https:\/\/robinsonheli.com\/r44-specifications\/\" target=\"_blank\" rel=\"noopener noreferrer\">R 44 Raven II<\/a><\/strong><\/span> z niezawodnymi silnikami t\u0142okowymi marki <span style=\"text-decoration: underline;\"><strong><a href=\"https:\/\/www.lycoming.com\/\" target=\"_blank\" rel=\"noopener noreferrer\">Lycoming<\/a><\/strong><\/span> oraz pi\u0119ciomiejscowy \u015bmig\u0142owiec <span style=\"text-decoration: underline;\"><strong><a href=\"https:\/\/robinsonheli.com\/r66-specifications\/\" target=\"_blank\" rel=\"noopener noreferrer\">R 66 Turbine<\/a><\/strong><\/span> z najnowszym silnikiem marki <span style=\"text-decoration: underline;\"><strong><a href=\"https:\/\/www.rolls-royce.com\/products-and-services\/civil-aerospace.aspx\" target=\"_blank\" rel=\"noopener noreferrer\">Rolls-Royce<\/a><\/strong><\/span>.<\/p>\n<p style=\"text-align: center;\"><img loading=\"lazy\" decoding=\"async\" class=\"aligncenter wp-image-2142 size-full\" src=\"http:\/\/helipoland.com\/wp-content\/uploads\/2015\/12\/Sprzeda\u017c-i-wynajem-2.jpg\" alt=\"Sprzeda\u017c \u015bmig\u0142owc\u00f3w\" width=\"1598\" height=\"669\" srcset=\"https:\/\/helipoland.com\/wp-content\/uploads\/2015\/12\/Sprzeda\u017c-i-wynajem-2.jpg 1598w, https:\/\/helipoland.com\/wp-content\/uploads\/2015\/12\/Sprzeda\u017c-i-wynajem-2-300x126.jpg 300w, https:\/\/helipoland.com\/wp-content\/uploads\/2015\/12\/Sprzeda\u017c-i-wynajem-2-1024x429.jpg 1024w\" sizes=\"auto, (max-width: 1598px) 100vw, 1598px\" \/><\/p>\n<p style=\"text-align: center;\"><strong><div class=\"ezcol ezcol-one-half\"><\/strong><\/p>\n<h2 style=\"text-align: left;\">Obs\u0142uga sprzeda\u017cowa<\/h2>\n<ul>\n<li>Wyb\u00f3r najbardziej odpowiedniej do potrzeb klienta maszyny<\/li>\n<li>Bezpo\u015brednia sprzeda\u017c nowych \u015bmig\u0142owc\u00f3w<\/li>\n<li>Analiza rynku \u015bmig\u0142owc\u00f3w u\u017cywanych<\/li>\n<li>Loty pr\u00f3bne i przegl\u0105dy techniczne<\/li>\n<li>Doradztwo przed zakupem<\/li>\n<li>Negocjacje cenowe<\/li>\n<li>Pomoc Prawna<\/li>\n<li>Import z obs\u0142ug\u0105 celn\u0105 oraz inne formalno\u015bci administracyjne<\/li>\n<\/ul>\n<p style=\"text-align: justify;\"><\/div> <div class=\"ezcol ezcol-one-half ezcol-last\">\n<p>&nbsp;<\/p>\n<h2 style=\"text-align: left;\">Us\u0142ugi posprzeda\u017cowe<\/h2>\n<ul>\n<li>Rejestracja w dowolnym Urz\u0119dzie Lotnictwa Cywilnego<\/li>\n<li>Przekwalifikowanie pilot\u00f3w na nowe typy \u015bmig\u0142owc\u00f3w<\/li>\n<li>Organizacja szkolenia lotniczego dla nowych pilot\u00f3w<\/li>\n<li>Obs\u0142uga techniczna \u015bmig\u0142owc\u00f3w, hangarowanie<\/li>\n<li>Dostarczanie\u00a0cz\u0119\u015bci zamiennych, narz\u0119dzi<\/li>\n<li>Konserwacja, remonty i modyfikacje<\/li>\n<li>Szkolenie technik\u00f3w i operator\u00f3w<\/li>\n<\/ul>\n<p style=\"text-align: justify;\"><\/div><div class=\"ezcol-divider\"><\/div>\n<hr \/>\n<p>Na podstawie przepis\u00f3w w\u00a0sprawie rejestracji sprz\u0119tu lotniczego (Dz. U. Nr 31 poz.178 z\u00a022.06.63r ) Polski Rejestr Pa\u0144stwowy Statk\u00f3w Powietrznych w\u00a0G\u0142\u00f3wnym Inspektoracie Lotnictwa Cywilnego w\u00a0Warszawie , wymaga nast\u0119puj\u0105cych dokument\u00f3w do\u0142\u0105czonych do\u00a0wniosku w\u00a0celu prawid\u0142owego przeprowadzenia procedury rejestracji \u015bmig\u0142owca:<\/p>\n<ol>\n<li>Dow\u00f3d w\u0142asno\u015bci (umowa zakupu, faktura)<\/li>\n<li>Eksportowe \u015bwiadectwo zdatno\u015bci (Export Certificate of Airvortness dostarczany wraz ze\u00a0\u015bmig\u0142owcem przez producenta)<\/li>\n<li>Protok\u00f3\u0142 wa\u017cenia statku powietrznego (orygina\u0142 w\u00a0dokumentach \u015bmig\u0142owca)<\/li>\n<li>Protok\u00f3\u0142 pr\u00f3b w\u00a0locie (wystawiony po\u00a0odbytym locie pr\u00f3bnym)<\/li>\n<li>\u015awiadectwo ha\u0142asu (wystawione przez ULC dla konkretnego egzemplarza)<\/li>\n<li>Wa\u017cne \u015bwiadectwo ogl\u0119dzin (wpis w\u00a0ksi\u0105\u017ckach p\u0142atowca i\u00a0silnika)<\/li>\n<li>Wa\u017cne \u015bwiadectwo zdatno\u015bci do\u00a0lotu i\u00a0po\u015bwiadczenie przegl\u0105du zdatno\u015bci do\u00a0lotu (wydane przez inspektora ULC)<\/li>\n<li>Polis\u0119 ubezpieczenia obowi\u0105zkowego OC oraz NNW wynikaj\u0105cych z\u00a0ruchu lotniczego<\/li>\n<li>Zezwolenie na u\u017cytkowane radiostacji pok\u0142adowej wydane przez Urz\u0105d Regulacji Telekomunikacji (wystawione na podstawie wcze\u015bniej z\u0142o\u017conego wniosku)<\/li>\n<li>Potwierdzenie, \u017ce\u00a0\u015bmig\u0142owiec nie figuruje w\u00a0\u017cadnym rejestrze<\/li>\n<li>Dokumenty rejestracyjne firmy<\/li>\n<li>\u015awiadectwo ha\u0142asu<\/li>\n<li>Zatwierdzony w\u00a0ULC program POT<\/li>\n<\/ol>\n<p>o\u00a0fakcie posiadania sprz\u0119tu lotniczego nale\u017cy powiadomi\u0107 pisemnie producenta, celem obj\u0119cia konkretnego egzemplarza \u015bmig\u0142owca \u2013 obs\u0142ug\u0105 biuletynow\u0105. Jednocze\u015bnie informujemy, \u017ce\u00a0statek powietrzny po\u00a0zarejestrowaniu mo\u017ce by\u0107 u\u017cytkowany przez w\u0142a\u015bciciela lub u\u017cytkownika , zgodnie z\u00a0zadeklarowanym przeznaczeniem i\u00a0klauzul\u0105 uwidocznion\u0105 na \u015bwiadectwie rejestracji. Wykonywanie innych lot\u00f3w , zada\u0144 lub \u015bwiadczenie us\u0142ug lotniczych wymaga oddzielnej zgody \u2013 koncesji \u2013 Ministra Transportu i\u00a0Gospodarki Morskiej na dzia\u0142alno\u015b\u0107 gospodarcz\u0105 w\u00a0zakresie transportu lotniczego i\u00a0innych us\u0142ug lotniczych (Ust. z\u00a0dn. 23.12.88r o\u00a0dzia\u0142alno\u015bci gospodarczej \u2013 Dz. U. Nr 41, poz. 324), oraz certyfikatu przewo\u017anika lotniczego wydanego przez Urz\u0105d Lotnictwa Cywilnego. Wszystkie formalno\u015bci zwi\u0105zane z\u00a0prawid\u0142owym przeprowadzeniem procedury rejestracji w\u00a0oparciu o\u00a0dostarczone przez w\u0142a\u015bciciela dokumenty, na zlecenie Kupuj\u0105cego na podstawie zawartej oddzielnej umowy mo\u017ce przeprowadzi\u0107 Sprzedaj\u0105cy.","protected":false},"excerpt":{"rendered":"<p>\u015amig\u0142owce (helikoptery) to najszybsze i najskuteczniejsze \u015brodki bezpo\u015bredniego transportu z punktu A do punktu B a zarazem jedne z najbardziej[&#8230;..]<\/p>\n","protected":false},"author":1,"featured_media":0,"parent":0,"menu_order":0,"comment_status":"closed","ping_status":"closed","template":"template-fullwidth-with-form.php","meta":{"_acf_changed":false,"footnotes":""},"class_list":["post-410","page","type-page","status-publish","hentry"],"acf":[],"yoast_head":"<!-- This site is optimized with the Yoast SEO plugin v24.8.1 - https:\/\/yoast.com\/wordpress\/plugins\/seo\/ -->\n<title>Sprzeda\u017c helikopter\u00f3w i \u015bmig\u0142owc\u00f3w - Helipoland.com<\/title>\n<meta name=\"description\" content=\"Firma Helipoland.com zajmuje si\u0119 sprzeda\u017c\u0105 helikopter\u00f3w \/ \u015bmig\u0142owc\u00f3w. W ofercie tak\u017ce serwis i szkolenie. Zapraszamy do wsp\u00f3\u0142pracy!\" \/>\n<meta name=\"robots\" content=\"index, follow, max-snippet:-1, max-image-preview:large, max-video-preview:-1\" \/>\n<link rel=\"canonical\" href=\"https:\/\/helipoland.com\/sprzedaz-helikopterow-smiglowcow\/\" \/>\n<meta property=\"og:locale\" content=\"pl_PL\" \/>\n<meta property=\"og:type\" content=\"article\" \/>\n<meta property=\"og:title\" content=\"[:pl]Sprzeda\u017c helikopter\u00f3w i \u015bmig\u0142owc\u00f3w - Helipoland.com[:en]Helicopter sale - Helipoland.com[:]\" \/>\n<meta property=\"og:description\" content=\"{:pl}Firma Helipoland.com zajmuje si\u0119 sprzeda\u017c\u0105 helikopter\u00f3w \/ \u015bmig\u0142owc\u00f3w. W ofercie tak\u017ce serwis i szkolenie. Zapraszamy do wsp\u00f3\u0142pracy!{:en} The company Helipoland.com sells helicopters \/ helicopters. The offer also service and training. Welcome!{:}\" \/>\n<meta property=\"og:url\" content=\"https:\/\/helipoland.com\/sprzedaz-helikopterow-smiglowcow\/\" \/>\n<meta property=\"og:site_name\" content=\"Helipoland.com\" \/>\n<meta property=\"article:modified_time\" content=\"2022-10-20T10:15:06+00:00\" \/>\n<meta property=\"og:image\" content=\"http:\/\/helipoland.com\/wp-content\/uploads\/2015\/04\/feature-private.jpg\" \/>\n<meta name=\"twitter:label1\" content=\"Szacowany czas czytania\" \/>\n\t<meta name=\"twitter:data1\" content=\"7 minut\" \/>\n<script type=\"application\/ld+json\" class=\"yoast-schema-graph\">{\"@context\":\"https:\/\/schema.org\",\"@graph\":[{\"@type\":\"WebPage\",\"@id\":\"https:\/\/helipoland.com\/sprzedaz-helikopterow-smiglowcow\/\",\"url\":\"https:\/\/helipoland.com\/sprzedaz-helikopterow-smiglowcow\/\",\"name\":\"[:pl]Sprzeda\u017c helikopter\u00f3w i \u015bmig\u0142owc\u00f3w - Helipoland.com[:en]Helicopter sale - Helipoland.com[:]\",\"isPartOf\":{\"@id\":\"https:\/\/helipoland.com\/pl\/#website\"},\"primaryImageOfPage\":{\"@id\":\"https:\/\/helipoland.com\/sprzedaz-helikopterow-smiglowcow\/#primaryimage\"},\"image\":{\"@id\":\"https:\/\/helipoland.com\/sprzedaz-helikopterow-smiglowcow\/#primaryimage\"},\"thumbnailUrl\":\"http:\/\/helipoland.com\/wp-content\/uploads\/2015\/04\/feature-private.jpg\",\"datePublished\":\"2015-04-12T19:37:15+00:00\",\"dateModified\":\"2022-10-20T10:15:06+00:00\",\"description\":\"{:pl}Firma Helipoland.com zajmuje si\u0119 sprzeda\u017c\u0105 helikopter\u00f3w \/ \u015bmig\u0142owc\u00f3w. W ofercie tak\u017ce serwis i szkolenie. Zapraszamy do wsp\u00f3\u0142pracy!{:en} The company Helipoland.com sells helicopters \/ helicopters. The offer also service and training. Welcome!{:}\",\"breadcrumb\":{\"@id\":\"https:\/\/helipoland.com\/sprzedaz-helikopterow-smiglowcow\/#breadcrumb\"},\"inLanguage\":\"pl-PL\",\"potentialAction\":[{\"@type\":\"ReadAction\",\"target\":[\"https:\/\/helipoland.com\/sprzedaz-helikopterow-smiglowcow\/\"]}]},{\"@type\":\"ImageObject\",\"inLanguage\":\"pl-PL\",\"@id\":\"https:\/\/helipoland.com\/sprzedaz-helikopterow-smiglowcow\/#primaryimage\",\"url\":\"http:\/\/helipoland.com\/wp-content\/uploads\/2015\/04\/feature-private.jpg\",\"contentUrl\":\"http:\/\/helipoland.com\/wp-content\/uploads\/2015\/04\/feature-private.jpg\"},{\"@type\":\"BreadcrumbList\",\"@id\":\"https:\/\/helipoland.com\/sprzedaz-helikopterow-smiglowcow\/#breadcrumb\",\"itemListElement\":[{\"@type\":\"ListItem\",\"position\":1,\"name\":\"Helipoland.com\",\"item\":\"https:\/\/helipoland.com\/pl\/\"},{\"@type\":\"ListItem\",\"position\":2,\"name\":\"Sprzeda\u017c nowych i u\u017cywanych \u015bmig\u0142owc\u00f3w (helikopter\u00f3w), akcesoria, l\u0105dowiska\"}]},{\"@type\":\"WebSite\",\"@id\":\"https:\/\/helipoland.com\/pl\/#website\",\"url\":\"https:\/\/helipoland.com\/pl\/\",\"name\":\"Helipoland.com\",\"description\":\"Loty helikopterem, szko\u0142a latania, us\u0142ugi lotnicze, \u015bmig\u0142owce\",\"potentialAction\":[{\"@type\":\"SearchAction\",\"target\":{\"@type\":\"EntryPoint\",\"urlTemplate\":\"https:\/\/helipoland.com\/pl\/?s={search_term_string}\"},\"query-input\":{\"@type\":\"PropertyValueSpecification\",\"valueRequired\":true,\"valueName\":\"search_term_string\"}}],\"inLanguage\":\"pl-PL\"}]}<\/script>\n<!-- \/ Yoast SEO plugin. -->","yoast_head_json":{"title":"Sprzeda\u017c helikopter\u00f3w i \u015bmig\u0142owc\u00f3w - Helipoland.com","description":"Firma Helipoland.com zajmuje si\u0119 sprzeda\u017c\u0105 helikopter\u00f3w \/ \u015bmig\u0142owc\u00f3w. W ofercie tak\u017ce serwis i szkolenie. Zapraszamy do wsp\u00f3\u0142pracy!","robots":{"index":"index","follow":"follow","max-snippet":"max-snippet:-1","max-image-preview":"max-image-preview:large","max-video-preview":"max-video-preview:-1"},"canonical":"https:\/\/helipoland.com\/sprzedaz-helikopterow-smiglowcow\/","og_locale":"pl_PL","og_type":"article","og_title":"[:pl]Sprzeda\u017c helikopter\u00f3w i \u015bmig\u0142owc\u00f3w - Helipoland.com[:en]Helicopter sale - Helipoland.com[:]","og_description":"{:pl}Firma Helipoland.com zajmuje si\u0119 sprzeda\u017c\u0105 helikopter\u00f3w \/ \u015bmig\u0142owc\u00f3w. W ofercie tak\u017ce serwis i szkolenie. Zapraszamy do wsp\u00f3\u0142pracy!{:en} The company Helipoland.com sells helicopters \/ helicopters. The offer also service and training. Welcome!{:}","og_url":"https:\/\/helipoland.com\/sprzedaz-helikopterow-smiglowcow\/","og_site_name":"Helipoland.com","article_modified_time":"2022-10-20T10:15:06+00:00","og_image":[{"url":"http:\/\/helipoland.com\/wp-content\/uploads\/2015\/04\/feature-private.jpg","type":"","width":"","height":""}],"twitter_misc":{"Szacowany czas czytania":"7 minut"},"schema":{"@context":"https:\/\/schema.org","@graph":[{"@type":"WebPage","@id":"https:\/\/helipoland.com\/sprzedaz-helikopterow-smiglowcow\/","url":"https:\/\/helipoland.com\/sprzedaz-helikopterow-smiglowcow\/","name":"[:pl]Sprzeda\u017c helikopter\u00f3w i \u015bmig\u0142owc\u00f3w - Helipoland.com[:en]Helicopter sale - Helipoland.com[:]","isPartOf":{"@id":"https:\/\/helipoland.com\/pl\/#website"},"primaryImageOfPage":{"@id":"https:\/\/helipoland.com\/sprzedaz-helikopterow-smiglowcow\/#primaryimage"},"image":{"@id":"https:\/\/helipoland.com\/sprzedaz-helikopterow-smiglowcow\/#primaryimage"},"thumbnailUrl":"http:\/\/helipoland.com\/wp-content\/uploads\/2015\/04\/feature-private.jpg","datePublished":"2015-04-12T19:37:15+00:00","dateModified":"2022-10-20T10:15:06+00:00","description":"{:pl}Firma Helipoland.com zajmuje si\u0119 sprzeda\u017c\u0105 helikopter\u00f3w \/ \u015bmig\u0142owc\u00f3w. W ofercie tak\u017ce serwis i szkolenie. Zapraszamy do wsp\u00f3\u0142pracy!{:en} The company Helipoland.com sells helicopters \/ helicopters. The offer also service and training. Welcome!{:}","breadcrumb":{"@id":"https:\/\/helipoland.com\/sprzedaz-helikopterow-smiglowcow\/#breadcrumb"},"inLanguage":"pl-PL","potentialAction":[{"@type":"ReadAction","target":["https:\/\/helipoland.com\/sprzedaz-helikopterow-smiglowcow\/"]}]},{"@type":"ImageObject","inLanguage":"pl-PL","@id":"https:\/\/helipoland.com\/sprzedaz-helikopterow-smiglowcow\/#primaryimage","url":"http:\/\/helipoland.com\/wp-content\/uploads\/2015\/04\/feature-private.jpg","contentUrl":"http:\/\/helipoland.com\/wp-content\/uploads\/2015\/04\/feature-private.jpg"},{"@type":"BreadcrumbList","@id":"https:\/\/helipoland.com\/sprzedaz-helikopterow-smiglowcow\/#breadcrumb","itemListElement":[{"@type":"ListItem","position":1,"name":"Helipoland.com","item":"https:\/\/helipoland.com\/pl\/"},{"@type":"ListItem","position":2,"name":"Sprzeda\u017c nowych i u\u017cywanych \u015bmig\u0142owc\u00f3w (helikopter\u00f3w), akcesoria, l\u0105dowiska"}]},{"@type":"WebSite","@id":"https:\/\/helipoland.com\/pl\/#website","url":"https:\/\/helipoland.com\/pl\/","name":"Helipoland.com","description":"Loty helikopterem, szko\u0142a latania, us\u0142ugi lotnicze, \u015bmig\u0142owce","potentialAction":[{"@type":"SearchAction","target":{"@type":"EntryPoint","urlTemplate":"https:\/\/helipoland.com\/pl\/?s={search_term_string}"},"query-input":{"@type":"PropertyValueSpecification","valueRequired":true,"valueName":"search_term_string"}}],"inLanguage":"pl-PL"}]}},"_links":{"self":[{"href":"https:\/\/helipoland.com\/pl\/wp-json\/wp\/v2\/pages\/410","targetHints":{"allow":["GET"]}}],"collection":[{"href":"https:\/\/helipoland.com\/pl\/wp-json\/wp\/v2\/pages"}],"about":[{"href":"https:\/\/helipoland.com\/pl\/wp-json\/wp\/v2\/types\/page"}],"author":[{"embeddable":true,"href":"https:\/\/helipoland.com\/pl\/wp-json\/wp\/v2\/users\/1"}],"replies":[{"embeddable":true,"href":"https:\/\/helipoland.com\/pl\/wp-json\/wp\/v2\/comments?post=410"}],"version-history":[{"count":218,"href":"https:\/\/helipoland.com\/pl\/wp-json\/wp\/v2\/pages\/410\/revisions"}],"predecessor-version":[{"id":5665,"href":"https:\/\/helipoland.com\/pl\/wp-json\/wp\/v2\/pages\/410\/revisions\/5665"}],"wp:attachment":[{"href":"https:\/\/helipoland.com\/pl\/wp-json\/wp\/v2\/media?parent=410"}],"curies":[{"name":"wp","href":"https:\/\/api.w.org\/{rel}","templated":true}]}}