{"id":4347,"date":"2019-11-09T11:11:28","date_gmt":"2019-11-09T11:11:28","guid":{"rendered":"https:\/\/helipoland.com\/?page_id=4347"},"modified":"2023-01-17T10:44:42","modified_gmt":"2023-01-17T10:44:42","slug":"robinson-r-66","status":"publish","type":"page","link":"https:\/\/helipoland.com\/pl\/flota\/robinson-r-66\/","title":{"rendered":"Robinson R 66"},"content":{"rendered":"<span style=\"color: #000000;\"><div class=\"ezcol ezcol-one-third\"><\/span><\/p>\n<p><span style=\"color: #000000;\"><img loading=\"lazy\" decoding=\"async\" class=\"aligncenter wp-image-4192 size-full\" src=\"https:\/\/helipoland.com\/wp-content\/uploads\/2019\/11\/6-R-66-e1573321944356.jpg\" alt=\"\" width=\"622\" height=\"830\" srcset=\"https:\/\/helipoland.com\/wp-content\/uploads\/2019\/11\/6-R-66-e1573321944356.jpg 622w, https:\/\/helipoland.com\/wp-content\/uploads\/2019\/11\/6-R-66-e1573321944356-225x300.jpg 225w, https:\/\/helipoland.com\/wp-content\/uploads\/2019\/11\/6-R-66-e1573321944356-450x600.jpg 450w\" sizes=\"auto, (max-width: 622px) 100vw, 622px\" \/><\/div> <div class=\"ezcol ezcol-two-third ezcol-last\"><div id=\"metaslider-id-4175\" style=\"max-width: 800px; margin: 0 auto;\" class=\"ml-slider-3-97-0 metaslider metaslider-flex metaslider-4175 ml-slider ms-theme-default nav-hidden\" role=\"region\" aria-roledescription=\"Slideshow\" aria-label=\"Flota Robinson R 66 Turbine\" data-width=\"800\">\n    <div id=\"metaslider_container_4175\">\n        <div id=\"metaslider_4175\">\n            <ul class='slides'>\n                <li style=\"display: block; width: 100%;\" class=\"slide-4187 ms-image \" aria-roledescription=\"slide\" aria-label=\"slide-4187\" data-date=\"2019-11-05 18:30:20\"><img loading=\"lazy\" decoding=\"async\" src=\"https:\/\/helipoland.com\/wp-content\/uploads\/2019\/11\/1-R-66-800x500.jpg\" height=\"500\" width=\"800\" alt=\"\" class=\"slider-4175 slide-4187\" title=\"1 R 66\" \/><\/li>\n                <li style=\"display: none; width: 100%;\" class=\"slide-4188 ms-image \" aria-roledescription=\"slide\" aria-label=\"slide-4188\" data-date=\"2019-11-05 18:30:20\"><img loading=\"lazy\" decoding=\"async\" src=\"https:\/\/helipoland.com\/wp-content\/uploads\/2019\/11\/2-R-66-800x500.jpg\" height=\"500\" width=\"800\" alt=\"\" class=\"slider-4175 slide-4188\" title=\"2 R 66\" \/><\/li>\n                <li style=\"display: none; width: 100%;\" class=\"slide-4189 ms-image \" aria-roledescription=\"slide\" aria-label=\"slide-4189\" data-date=\"2019-11-05 18:30:20\"><img loading=\"lazy\" decoding=\"async\" src=\"https:\/\/helipoland.com\/wp-content\/uploads\/2019\/11\/3-R-66-800x500.jpg\" height=\"500\" width=\"800\" alt=\"\" class=\"slider-4175 slide-4189\" title=\"3 R 66\" \/><\/li>\n                <li style=\"display: none; width: 100%;\" class=\"slide-4190 ms-image \" aria-roledescription=\"slide\" aria-label=\"slide-4190\" data-date=\"2019-11-05 18:30:20\"><img loading=\"lazy\" decoding=\"async\" src=\"https:\/\/helipoland.com\/wp-content\/uploads\/2019\/11\/4-R-66-800x500.jpg\" height=\"500\" width=\"800\" alt=\"\" class=\"slider-4175 slide-4190\" title=\"4 R 66\" \/><\/li>\n                <li style=\"display: none; width: 100%;\" class=\"slide-4191 ms-image \" aria-roledescription=\"slide\" aria-label=\"slide-4191\" data-date=\"2019-11-05 18:30:20\"><img loading=\"lazy\" decoding=\"async\" src=\"https:\/\/helipoland.com\/wp-content\/uploads\/2019\/11\/5-R-66-800x500.jpg\" height=\"500\" width=\"800\" alt=\"\" class=\"slider-4175 slide-4191\" title=\"5 R 66\" \/><\/li>\n            <\/ul>\n        <\/div>\n        \n    <\/div>\n<\/div><\/div><div class=\"ezcol-divider\"><\/div>Robinson R66 to \u015bmig\u0142owiec jednosilnikowy o nap\u0119dzie turbinowym (paliwo JET A-1), kt\u00f3ry mo\u017ce przewozi\u0107 4 pasa\u017cer\u00f3w plus 1 pilota w konfiguracji kabiny 2 + 3. Ka\u017cdy pasa\u017cer znajdzie miejsce na du\u017c\u0105 walizk\u0119 w obszernym baga\u017cniku \u015bmig\u0142owca (wersja \u015bmig\u0142owca o zwi\u0119kszonym zasi\u0119gu posiada zredukowan\u0105 przestrze\u0144 baga\u017cnika, kt\u00f3ry pomie\u015bci 2-3 \u015brednie walizki podr\u00f3\u017cne). \u015arodkowy fotel w tylnym rz\u0119dzie mo\u017cna zast\u0105pi\u0107 mini barkiem, fotel ten nie jest przystosowany wygodnej podr\u00f3\u017cy pasa\u017cera o wzro\u015bcie powy\u017cej 170 cm wzrostu. Znany jako lider w swojej klasie pod wzgl\u0119dem wydajno\u015bci, \u0142adowno\u015b\u0107 i du\u017cy baga\u017cnik R66 sprawiaj\u0105, \u017ce jest to doskona\u0142y wyb\u00f3r do transfer\u00f3w i czarter\u00f3w. Jest to jeden z najpopularniejszych turbinowych \u015bmig\u0142owc\u00f3w na \u015bwiecie dzi\u0119ki dobremu stosunkowi ceny do wydajno\u015bci (najni\u017cszy koszt czasu lotu \u015bmig\u0142owcem w przeliczeniu na pasa\u017cera w \u015bmig\u0142owcu o nap\u0119dzie turbinowym). Przestronny kokpit oferuje wi\u0119kszo\u015bci pasa\u017cer\u00f3w miejsce przy oknie i doskona\u0142\u0105 widoczno\u015b\u0107 we wszystkich kierunkach. Zaprojektowany i wyprodukowany na du\u017c\u0105 skal\u0119 w Stanach Zjednoczonych od 2010 roku przez Robinson Helicopter Company, kt\u00f3ra jest jednym z najwi\u0119kszych producent\u00f3w \u015bmig\u0142owc\u00f3w na \u015bwiecie.<\/span><\/p>\n<p><span style=\"color: #000000;\"><div class=\"ezcol ezcol-one-half\"><img loading=\"lazy\" decoding=\"async\" class=\"alignnone wp-image-4177\" src=\"https:\/\/helipoland.com\/wp-content\/uploads\/2019\/11\/R-66-3-1.jpg\" alt=\"\" width=\"464\" height=\"258\" srcset=\"https:\/\/helipoland.com\/wp-content\/uploads\/2019\/11\/R-66-3-1.jpg 852w, https:\/\/helipoland.com\/wp-content\/uploads\/2019\/11\/R-66-3-1-300x167.jpg 300w, https:\/\/helipoland.com\/wp-content\/uploads\/2019\/11\/R-66-3-1-768x426.jpg 768w, https:\/\/helipoland.com\/wp-content\/uploads\/2019\/11\/R-66-3-1-600x333.jpg 600w\" sizes=\"auto, (max-width: 464px) 100vw, 464px\" \/><\/div> <div class=\"ezcol ezcol-one-half ezcol-last\"><\/span><\/p>\n<p><span style=\"color: #000000;\"><img loading=\"lazy\" decoding=\"async\" class=\"alignnone wp-image-4178\" src=\"https:\/\/helipoland.com\/wp-content\/uploads\/2019\/11\/R-66-2-e1572981505696.png\" alt=\"\" width=\"758\" height=\"324\" srcset=\"https:\/\/helipoland.com\/wp-content\/uploads\/2019\/11\/R-66-2-e1572981505696.png 3219w, https:\/\/helipoland.com\/wp-content\/uploads\/2019\/11\/R-66-2-e1572981505696-300x128.png 300w, https:\/\/helipoland.com\/wp-content\/uploads\/2019\/11\/R-66-2-e1572981505696-768x328.png 768w, https:\/\/helipoland.com\/wp-content\/uploads\/2019\/11\/R-66-2-e1572981505696-1024x438.png 1024w, https:\/\/helipoland.com\/wp-content\/uploads\/2019\/11\/R-66-2-e1572981505696-600x256.png 600w, https:\/\/helipoland.com\/wp-content\/uploads\/2019\/11\/R-66-2-e1572981505696-1800x769.png 1800w\" sizes=\"auto, (max-width: 758px) 100vw, 758px\" \/><\/div><div class=\"ezcol-divider\"><\/div><\/span><\/p>\n<p><span style=\"color: #000000;\"><div class=\"ezcol ezcol-one-half\"><strong>SILNIK<\/strong>: Rolls Royce RR300 Turbine (224 shp)<\/span><br \/>\n<span style=\"color: #000000;\"><b>PR\u0118DKO\u015a\u0106 PRZELOTU<\/b>: 110 kt (204 km\/h)<\/span><br \/>\n<span style=\"color: #000000;\"><strong>ZASI\u0118G<\/strong>: oko\u0142o 650 km (+ 350 z dodatkowym zbiornikiem)<\/span><br \/>\n<span style=\"color: #000000;\"><strong>MIEJSCA<\/strong>: 5 (\u0142\u0105cznie z pilotem)<\/span><br \/>\n<span style=\"color: #000000;\"><strong>BAGA\u017b<\/strong>: 3 du\u017ce walizki + ma\u0142e rzeczy pod fotelami<br \/>\n<strong>BAGA\u017b PRZY DODATKOWYM PALIWIE<\/strong>: 2-3 \u015brednie walizki<\/span><br \/>\n<span style=\"color: #000000;\"><strong>MASA MAKSYMALNA<\/strong>: 2700 lbs (1225 kg)<br \/>\n<strong>MASA \u015aMIG\u0141OWCA<\/strong>: 1280 lbs (581 kg)<br \/>\n<strong>MASA PALIWA (278 l)<\/strong>: 493 lbs (224 kg)<br \/>\n<strong>MASA ZA\u0141ADUNKOWA<\/strong>: 927 lbs (420 kg)<br \/>\n<strong>MAKSYMALNA MASA PASA\u017bERA<\/strong>: 286 lbs (130 kg)<\/div> <div class=\"ezcol ezcol-one-half ezcol-last\"><img loading=\"lazy\" decoding=\"async\" class=\"aligncenter wp-image-4180\" src=\"https:\/\/helipoland.com\/wp-content\/uploads\/2019\/11\/R-66-1-e1572986195773.png\" alt=\"\" width=\"1095\" height=\"535\" srcset=\"https:\/\/helipoland.com\/wp-content\/uploads\/2019\/11\/R-66-1-e1572986195773.png 1095w, https:\/\/helipoland.com\/wp-content\/uploads\/2019\/11\/R-66-1-e1572986195773-300x147.png 300w, https:\/\/helipoland.com\/wp-content\/uploads\/2019\/11\/R-66-1-e1572986195773-768x375.png 768w, https:\/\/helipoland.com\/wp-content\/uploads\/2019\/11\/R-66-1-e1572986195773-1024x500.png 1024w, https:\/\/helipoland.com\/wp-content\/uploads\/2019\/11\/R-66-1-e1572986195773-600x293.png 600w\" sizes=\"auto, (max-width: 1095px) 100vw, 1095px\" \/><\/span><\/p>\n<p><span style=\"color: #000000;\"><\/div><div class=\"ezcol-divider\"><\/div><\/span><\/p>\n<div id='gallery-1' class='gallery galleryid-4347 gallery-columns-2 gallery-size-full'><figure class='gallery-item'>\n\t\t\t<div class='gallery-icon landscape'>\n\t\t\t\t<img loading=\"lazy\" decoding=\"async\" width=\"900\" height=\"600\" src=\"https:\/\/helipoland.com\/wp-content\/uploads\/2019\/11\/7-R-66-e1573322025856.jpg\" class=\"attachment-full size-full\" alt=\"\" srcset=\"https:\/\/helipoland.com\/wp-content\/uploads\/2019\/11\/7-R-66-e1573322025856.jpg 900w, https:\/\/helipoland.com\/wp-content\/uploads\/2019\/11\/7-R-66-e1573322025856-300x200.jpg 300w, https:\/\/helipoland.com\/wp-content\/uploads\/2019\/11\/7-R-66-e1573322025856-768x512.jpg 768w, https:\/\/helipoland.com\/wp-content\/uploads\/2019\/11\/7-R-66-e1573322025856-600x400.jpg 600w, https:\/\/helipoland.com\/wp-content\/uploads\/2019\/11\/7-R-66-e1573322025856-272x182.jpg 272w\" sizes=\"auto, (max-width: 900px) 100vw, 900px\" \/>\n\t\t\t<\/div><\/figure><figure class='gallery-item'>\n\t\t\t<div class='gallery-icon landscape'>\n\t\t\t\t<img loading=\"lazy\" decoding=\"async\" width=\"900\" height=\"600\" src=\"https:\/\/helipoland.com\/wp-content\/uploads\/2019\/11\/8-R-66.jpg\" class=\"attachment-full size-full\" alt=\"\" srcset=\"https:\/\/helipoland.com\/wp-content\/uploads\/2019\/11\/8-R-66.jpg 900w, https:\/\/helipoland.com\/wp-content\/uploads\/2019\/11\/8-R-66-300x200.jpg 300w, https:\/\/helipoland.com\/wp-content\/uploads\/2019\/11\/8-R-66-768x512.jpg 768w, https:\/\/helipoland.com\/wp-content\/uploads\/2019\/11\/8-R-66-600x400.jpg 600w, https:\/\/helipoland.com\/wp-content\/uploads\/2019\/11\/8-R-66-272x182.jpg 272w\" sizes=\"auto, (max-width: 900px) 100vw, 900px\" \/>\n\t\t\t<\/div><\/figure>\n\t\t<\/div>\n\n<p>&nbsp;<\/p>\n<p><span style=\"color: #000000;\"><img loading=\"lazy\" decoding=\"async\" class=\"aligncenter wp-image-4179\" src=\"https:\/\/helipoland.com\/wp-content\/uploads\/2019\/11\/R-66-4-e1572985952332.png\" alt=\"\" width=\"801\" height=\"162\" srcset=\"https:\/\/helipoland.com\/wp-content\/uploads\/2019\/11\/R-66-4-e1572985952332.png 1894w, https:\/\/helipoland.com\/wp-content\/uploads\/2019\/11\/R-66-4-e1572985952332-300x61.png 300w, https:\/\/helipoland.com\/wp-content\/uploads\/2019\/11\/R-66-4-e1572985952332-768x155.png 768w, https:\/\/helipoland.com\/wp-content\/uploads\/2019\/11\/R-66-4-e1572985952332-1024x207.png 1024w, https:\/\/helipoland.com\/wp-content\/uploads\/2019\/11\/R-66-4-e1572985952332-600x121.png 600w, https:\/\/helipoland.com\/wp-content\/uploads\/2019\/11\/R-66-4-e1572985952332-1800x364.png 1800w\" sizes=\"auto, (max-width: 801px) 100vw, 801px\" \/><\/span><\/p>\n<p>&nbsp;<\/p>\n<div id='gallery-2' class='gallery galleryid-4347 gallery-columns-2 gallery-size-full'><figure class='gallery-item'>\n\t\t\t<div class='gallery-icon landscape'>\n\t\t\t\t<img loading=\"lazy\" decoding=\"async\" width=\"1024\" height=\"683\" src=\"https:\/\/helipoland.com\/wp-content\/uploads\/2019\/11\/R-66-3.jpg\" class=\"attachment-full size-full\" alt=\"\" srcset=\"https:\/\/helipoland.com\/wp-content\/uploads\/2019\/11\/R-66-3.jpg 1024w, https:\/\/helipoland.com\/wp-content\/uploads\/2019\/11\/R-66-3-300x200.jpg 300w, https:\/\/helipoland.com\/wp-content\/uploads\/2019\/11\/R-66-3-768x512.jpg 768w, https:\/\/helipoland.com\/wp-content\/uploads\/2019\/11\/R-66-3-600x400.jpg 600w, https:\/\/helipoland.com\/wp-content\/uploads\/2019\/11\/R-66-3-272x182.jpg 272w\" sizes=\"auto, (max-width: 1024px) 100vw, 1024px\" \/>\n\t\t\t<\/div><\/figure><figure class='gallery-item'>\n\t\t\t<div class='gallery-icon landscape'>\n\t\t\t\t<img loading=\"lazy\" decoding=\"async\" width=\"1024\" height=\"683\" src=\"https:\/\/helipoland.com\/wp-content\/uploads\/2019\/11\/R-66-2.jpg\" class=\"attachment-full size-full\" alt=\"\" srcset=\"https:\/\/helipoland.com\/wp-content\/uploads\/2019\/11\/R-66-2.jpg 1024w, https:\/\/helipoland.com\/wp-content\/uploads\/2019\/11\/R-66-2-300x200.jpg 300w, https:\/\/helipoland.com\/wp-content\/uploads\/2019\/11\/R-66-2-768x512.jpg 768w, https:\/\/helipoland.com\/wp-content\/uploads\/2019\/11\/R-66-2-600x400.jpg 600w, https:\/\/helipoland.com\/wp-content\/uploads\/2019\/11\/R-66-2-272x182.jpg 272w\" sizes=\"auto, (max-width: 1024px) 100vw, 1024px\" \/>\n\t\t\t<\/div><\/figure>\n\t\t<\/div>\n\n<p><span style=\"color: #000000;\"><img loading=\"lazy\" decoding=\"async\" class=\"wp-image-4203 aligncenter\" src=\"https:\/\/helipoland.com\/wp-content\/uploads\/2019\/11\/13-R-66.jpg\" alt=\"\" width=\"700\" height=\"350\" srcset=\"https:\/\/helipoland.com\/wp-content\/uploads\/2019\/11\/13-R-66.jpg 1024w, https:\/\/helipoland.com\/wp-content\/uploads\/2019\/11\/13-R-66-300x150.jpg 300w, https:\/\/helipoland.com\/wp-content\/uploads\/2019\/11\/13-R-66-768x384.jpg 768w, https:\/\/helipoland.com\/wp-content\/uploads\/2019\/11\/13-R-66-600x300.jpg 600w\" sizes=\"auto, (max-width: 700px) 100vw, 700px\" \/><\/span><\/p>\n<p>&nbsp;","protected":false},"excerpt":{"rendered":"<p>Robinson R66 to \u015bmig\u0142owiec jednosilnikowy o nap\u0119dzie turbinowym (paliwo JET A-1), kt\u00f3ry mo\u017ce przewozi\u0107 4 pasa\u017cer\u00f3w plus 1 pilota w[&#8230;..]<\/p>\n","protected":false},"author":1,"featured_media":0,"parent":4040,"menu_order":0,"comment_status":"closed","ping_status":"closed","template":"template-fullwidth-with-form.php","meta":{"_acf_changed":false,"footnotes":""},"class_list":["post-4347","page","type-page","status-publish","hentry"],"acf":[],"yoast_head":"<!-- This site is optimized with the Yoast SEO plugin v24.8.1 - https:\/\/yoast.com\/wordpress\/plugins\/seo\/ -->\n<title>Robinson R 66 - Helipoland.com<\/title>\n<meta name=\"robots\" content=\"index, follow, max-snippet:-1, max-image-preview:large, max-video-preview:-1\" \/>\n<link rel=\"canonical\" href=\"https:\/\/helipoland.com\/flota\/robinson-r-66\/\" \/>\n<meta property=\"og:locale\" content=\"pl_PL\" \/>\n<meta property=\"og:type\" content=\"article\" \/>\n<meta property=\"og:title\" content=\"Robinson R 66 - Helipoland.com\" \/>\n<meta property=\"og:description\" content=\"Robinson R66 to \u015bmig\u0142owiec jednosilnikowy o nap\u0119dzie turbinowym (paliwo JET A-1), kt\u00f3ry mo\u017ce przewozi\u0107 4 pasa\u017cer\u00f3w plus 1 pilota w[.....]\" \/>\n<meta property=\"og:url\" content=\"https:\/\/helipoland.com\/flota\/robinson-r-66\/\" \/>\n<meta property=\"og:site_name\" content=\"Helipoland.com\" \/>\n<meta property=\"article:modified_time\" content=\"2023-01-17T10:44:42+00:00\" \/>\n<meta property=\"og:image\" content=\"https:\/\/helipoland.com\/wp-content\/uploads\/2019\/11\/7-R-66-e1573322025856.jpg\" \/>\n<meta name=\"twitter:label1\" content=\"Szacowany czas czytania\" \/>\n\t<meta name=\"twitter:data1\" content=\"3 minuty\" \/>\n<script type=\"application\/ld+json\" class=\"yoast-schema-graph\">{\"@context\":\"https:\/\/schema.org\",\"@graph\":[{\"@type\":\"WebPage\",\"@id\":\"https:\/\/helipoland.com\/flota\/robinson-r-66\/\",\"url\":\"https:\/\/helipoland.com\/flota\/robinson-r-66\/\",\"name\":\"Robinson R 66 - Helipoland.com\",\"isPartOf\":{\"@id\":\"https:\/\/helipoland.com\/pl\/#website\"},\"primaryImageOfPage\":{\"@id\":\"https:\/\/helipoland.com\/flota\/robinson-r-66\/#primaryimage\"},\"image\":{\"@id\":\"https:\/\/helipoland.com\/flota\/robinson-r-66\/#primaryimage\"},\"thumbnailUrl\":\"https:\/\/helipoland.com\/wp-content\/uploads\/2019\/11\/6-R-66-e1573321944356.jpg\",\"datePublished\":\"2019-11-09T11:11:28+00:00\",\"dateModified\":\"2023-01-17T10:44:42+00:00\",\"breadcrumb\":{\"@id\":\"https:\/\/helipoland.com\/flota\/robinson-r-66\/#breadcrumb\"},\"inLanguage\":\"pl-PL\",\"potentialAction\":[{\"@type\":\"ReadAction\",\"target\":[\"https:\/\/helipoland.com\/flota\/robinson-r-66\/\"]}]},{\"@type\":\"ImageObject\",\"inLanguage\":\"pl-PL\",\"@id\":\"https:\/\/helipoland.com\/flota\/robinson-r-66\/#primaryimage\",\"url\":\"https:\/\/helipoland.com\/wp-content\/uploads\/2019\/11\/6-R-66-e1573321944356.jpg\",\"contentUrl\":\"https:\/\/helipoland.com\/wp-content\/uploads\/2019\/11\/6-R-66-e1573321944356.jpg\"},{\"@type\":\"BreadcrumbList\",\"@id\":\"https:\/\/helipoland.com\/flota\/robinson-r-66\/#breadcrumb\",\"itemListElement\":[{\"@type\":\"ListItem\",\"position\":1,\"name\":\"Helipoland.com\",\"item\":\"https:\/\/helipoland.com\/pl\/\"},{\"@type\":\"ListItem\",\"position\":2,\"name\":\"Flota \u015bmig\u0142owc\u00f3w\",\"item\":\"https:\/\/helipoland.com\/flota\/\"},{\"@type\":\"ListItem\",\"position\":3,\"name\":\"Robinson R 66\"}]},{\"@type\":\"WebSite\",\"@id\":\"https:\/\/helipoland.com\/pl\/#website\",\"url\":\"https:\/\/helipoland.com\/pl\/\",\"name\":\"Helipoland.com\",\"description\":\"Loty helikopterem, szko\u0142a latania, us\u0142ugi lotnicze, \u015bmig\u0142owce\",\"potentialAction\":[{\"@type\":\"SearchAction\",\"target\":{\"@type\":\"EntryPoint\",\"urlTemplate\":\"https:\/\/helipoland.com\/pl\/?s={search_term_string}\"},\"query-input\":{\"@type\":\"PropertyValueSpecification\",\"valueRequired\":true,\"valueName\":\"search_term_string\"}}],\"inLanguage\":\"pl-PL\"}]}<\/script>\n<!-- \/ Yoast SEO plugin. -->","yoast_head_json":{"title":"Robinson R 66 - Helipoland.com","robots":{"index":"index","follow":"follow","max-snippet":"max-snippet:-1","max-image-preview":"max-image-preview:large","max-video-preview":"max-video-preview:-1"},"canonical":"https:\/\/helipoland.com\/flota\/robinson-r-66\/","og_locale":"pl_PL","og_type":"article","og_title":"Robinson R 66 - Helipoland.com","og_description":"Robinson R66 to \u015bmig\u0142owiec jednosilnikowy o nap\u0119dzie turbinowym (paliwo JET A-1), kt\u00f3ry mo\u017ce przewozi\u0107 4 pasa\u017cer\u00f3w plus 1 pilota w[.....]","og_url":"https:\/\/helipoland.com\/flota\/robinson-r-66\/","og_site_name":"Helipoland.com","article_modified_time":"2023-01-17T10:44:42+00:00","og_image":[{"url":"https:\/\/helipoland.com\/wp-content\/uploads\/2019\/11\/7-R-66-e1573322025856.jpg","type":"","width":"","height":""}],"twitter_misc":{"Szacowany czas czytania":"3 minuty"},"schema":{"@context":"https:\/\/schema.org","@graph":[{"@type":"WebPage","@id":"https:\/\/helipoland.com\/flota\/robinson-r-66\/","url":"https:\/\/helipoland.com\/flota\/robinson-r-66\/","name":"Robinson R 66 - Helipoland.com","isPartOf":{"@id":"https:\/\/helipoland.com\/pl\/#website"},"primaryImageOfPage":{"@id":"https:\/\/helipoland.com\/flota\/robinson-r-66\/#primaryimage"},"image":{"@id":"https:\/\/helipoland.com\/flota\/robinson-r-66\/#primaryimage"},"thumbnailUrl":"https:\/\/helipoland.com\/wp-content\/uploads\/2019\/11\/6-R-66-e1573321944356.jpg","datePublished":"2019-11-09T11:11:28+00:00","dateModified":"2023-01-17T10:44:42+00:00","breadcrumb":{"@id":"https:\/\/helipoland.com\/flota\/robinson-r-66\/#breadcrumb"},"inLanguage":"pl-PL","potentialAction":[{"@type":"ReadAction","target":["https:\/\/helipoland.com\/flota\/robinson-r-66\/"]}]},{"@type":"ImageObject","inLanguage":"pl-PL","@id":"https:\/\/helipoland.com\/flota\/robinson-r-66\/#primaryimage","url":"https:\/\/helipoland.com\/wp-content\/uploads\/2019\/11\/6-R-66-e1573321944356.jpg","contentUrl":"https:\/\/helipoland.com\/wp-content\/uploads\/2019\/11\/6-R-66-e1573321944356.jpg"},{"@type":"BreadcrumbList","@id":"https:\/\/helipoland.com\/flota\/robinson-r-66\/#breadcrumb","itemListElement":[{"@type":"ListItem","position":1,"name":"Helipoland.com","item":"https:\/\/helipoland.com\/pl\/"},{"@type":"ListItem","position":2,"name":"Flota \u015bmig\u0142owc\u00f3w","item":"https:\/\/helipoland.com\/flota\/"},{"@type":"ListItem","position":3,"name":"Robinson R 66"}]},{"@type":"WebSite","@id":"https:\/\/helipoland.com\/pl\/#website","url":"https:\/\/helipoland.com\/pl\/","name":"Helipoland.com","description":"Loty helikopterem, szko\u0142a latania, us\u0142ugi lotnicze, \u015bmig\u0142owce","potentialAction":[{"@type":"SearchAction","target":{"@type":"EntryPoint","urlTemplate":"https:\/\/helipoland.com\/pl\/?s={search_term_string}"},"query-input":{"@type":"PropertyValueSpecification","valueRequired":true,"valueName":"search_term_string"}}],"inLanguage":"pl-PL"}]}},"_links":{"self":[{"href":"https:\/\/helipoland.com\/pl\/wp-json\/wp\/v2\/pages\/4347","targetHints":{"allow":["GET"]}}],"collection":[{"href":"https:\/\/helipoland.com\/pl\/wp-json\/wp\/v2\/pages"}],"about":[{"href":"https:\/\/helipoland.com\/pl\/wp-json\/wp\/v2\/types\/page"}],"author":[{"embeddable":true,"href":"https:\/\/helipoland.com\/pl\/wp-json\/wp\/v2\/users\/1"}],"replies":[{"embeddable":true,"href":"https:\/\/helipoland.com\/pl\/wp-json\/wp\/v2\/comments?post=4347"}],"version-history":[{"count":11,"href":"https:\/\/helipoland.com\/pl\/wp-json\/wp\/v2\/pages\/4347\/revisions"}],"predecessor-version":[{"id":5763,"href":"https:\/\/helipoland.com\/pl\/wp-json\/wp\/v2\/pages\/4347\/revisions\/5763"}],"up":[{"embeddable":true,"href":"https:\/\/helipoland.com\/pl\/wp-json\/wp\/v2\/pages\/4040"}],"wp:attachment":[{"href":"https:\/\/helipoland.com\/pl\/wp-json\/wp\/v2\/media?parent=4347"}],"curies":[{"name":"wp","href":"https:\/\/api.w.org\/{rel}","templated":true}]}}