{"id":4395,"date":"2019-11-09T17:43:46","date_gmt":"2019-11-09T17:43:46","guid":{"rendered":"https:\/\/helipoland.com\/?page_id=4395"},"modified":"2023-01-16T11:51:35","modified_gmt":"2023-01-16T11:51:35","slug":"airbus-h-130-ec-130","status":"publish","type":"page","link":"https:\/\/helipoland.com\/pl\/flota\/airbus-h-130-ec-130\/","title":{"rendered":"Airbus H 130 (EC 130)"},"content":{"rendered":"<span style=\"color: #000000;\"><div class=\"ezcol ezcol-three-fifth\"><\/span><span style=\"color: #000000;\"><img loading=\"lazy\" decoding=\"async\" class=\"aligncenter wp-image-4375 \" src=\"https:\/\/helipoland.com\/wp-content\/uploads\/2019\/11\/2-e1573313833194.jpg\" alt=\"\" width=\"590\" height=\"164\" srcset=\"https:\/\/helipoland.com\/wp-content\/uploads\/2019\/11\/2-e1573313833194.jpg 5040w, https:\/\/helipoland.com\/wp-content\/uploads\/2019\/11\/2-e1573313833194-300x83.jpg 300w, https:\/\/helipoland.com\/wp-content\/uploads\/2019\/11\/2-e1573313833194-768x213.jpg 768w, https:\/\/helipoland.com\/wp-content\/uploads\/2019\/11\/2-e1573313833194-1024x284.jpg 1024w, https:\/\/helipoland.com\/wp-content\/uploads\/2019\/11\/2-e1573313833194-600x166.jpg 600w, https:\/\/helipoland.com\/wp-content\/uploads\/2019\/11\/2-e1573313833194-1800x499.jpg 1800w\" sizes=\"auto, (max-width: 590px) 100vw, 590px\" \/><img loading=\"lazy\" decoding=\"async\" class=\"aligncenter wp-image-4372 size-full\" src=\"https:\/\/helipoland.com\/wp-content\/uploads\/2019\/11\/IMG_3421-min-e1573313981246.jpg\" alt=\"\" width=\"4032\" height=\"2358\" srcset=\"https:\/\/helipoland.com\/wp-content\/uploads\/2019\/11\/IMG_3421-min-e1573313981246.jpg 4032w, https:\/\/helipoland.com\/wp-content\/uploads\/2019\/11\/IMG_3421-min-e1573313981246-300x175.jpg 300w, https:\/\/helipoland.com\/wp-content\/uploads\/2019\/11\/IMG_3421-min-e1573313981246-768x449.jpg 768w, https:\/\/helipoland.com\/wp-content\/uploads\/2019\/11\/IMG_3421-min-e1573313981246-1024x599.jpg 1024w, https:\/\/helipoland.com\/wp-content\/uploads\/2019\/11\/IMG_3421-min-e1573313981246-600x351.jpg 600w, https:\/\/helipoland.com\/wp-content\/uploads\/2019\/11\/IMG_3421-min-e1573313981246-1800x1053.jpg 1800w\" sizes=\"auto, (max-width: 4032px) 100vw, 4032px\" \/><\/div> <div class=\"ezcol ezcol-two-fifth ezcol-last\"><img loading=\"lazy\" decoding=\"async\" class=\"aligncenter wp-image-4373 size-full\" src=\"https:\/\/helipoland.com\/wp-content\/uploads\/2019\/11\/IMG_3422-min.jpeg\" alt=\"\" width=\"3024\" height=\"4032\" srcset=\"https:\/\/helipoland.com\/wp-content\/uploads\/2019\/11\/IMG_3422-min.jpeg 3024w, https:\/\/helipoland.com\/wp-content\/uploads\/2019\/11\/IMG_3422-min-225x300.jpeg 225w, https:\/\/helipoland.com\/wp-content\/uploads\/2019\/11\/IMG_3422-min-768x1024.jpeg 768w, https:\/\/helipoland.com\/wp-content\/uploads\/2019\/11\/IMG_3422-min-450x600.jpeg 450w, https:\/\/helipoland.com\/wp-content\/uploads\/2019\/11\/IMG_3422-min-1800x2400.jpeg 1800w\" sizes=\"auto, (max-width: 3024px) 100vw, 3024px\" \/><\/div><div class=\"ezcol-divider\"><\/div><div class=\"ezcol ezcol-one-third\"><a href=\"https:\/\/helipoland.com\/wp-content\/uploads\/2019\/11\/16-e1573320875408.jpg\"><img loading=\"lazy\" decoding=\"async\" class=\"aligncenter wp-image-4392 size-full\" src=\"https:\/\/helipoland.com\/wp-content\/uploads\/2019\/11\/16-e1573320875408.jpg\" alt=\"H130 EC130 Helipoland\" width=\"2139\" height=\"3024\" srcset=\"https:\/\/helipoland.com\/wp-content\/uploads\/2019\/11\/16-e1573320875408.jpg 2139w, https:\/\/helipoland.com\/wp-content\/uploads\/2019\/11\/16-e1573320875408-212x300.jpg 212w, https:\/\/helipoland.com\/wp-content\/uploads\/2019\/11\/16-e1573320875408-768x1086.jpg 768w, https:\/\/helipoland.com\/wp-content\/uploads\/2019\/11\/16-e1573320875408-724x1024.jpg 724w, https:\/\/helipoland.com\/wp-content\/uploads\/2019\/11\/16-e1573320875408-424x600.jpg 424w, https:\/\/helipoland.com\/wp-content\/uploads\/2019\/11\/16-e1573320875408-1698x2400.jpg 1698w\" sizes=\"auto, (max-width: 2139px) 100vw, 2139px\" \/><\/a><\/div> <div class=\"ezcol ezcol-two-third ezcol-last\"><a href=\"https:\/\/helipoland.com\/wp-content\/uploads\/2019\/11\/17-e1573321030414.jpg\"><img loading=\"lazy\" decoding=\"async\" class=\"aligncenter wp-image-4393 size-full\" src=\"https:\/\/helipoland.com\/wp-content\/uploads\/2019\/11\/17-e1573321030414.jpg\" alt=\"H130 EC130 Helipoland\" width=\"4048\" height=\"2692\" srcset=\"https:\/\/helipoland.com\/wp-content\/uploads\/2019\/11\/17-e1573321030414.jpg 4048w, https:\/\/helipoland.com\/wp-content\/uploads\/2019\/11\/17-e1573321030414-300x200.jpg 300w, https:\/\/helipoland.com\/wp-content\/uploads\/2019\/11\/17-e1573321030414-768x511.jpg 768w, https:\/\/helipoland.com\/wp-content\/uploads\/2019\/11\/17-e1573321030414-1024x681.jpg 1024w, https:\/\/helipoland.com\/wp-content\/uploads\/2019\/11\/17-e1573321030414-600x399.jpg 600w, https:\/\/helipoland.com\/wp-content\/uploads\/2019\/11\/17-e1573321030414-1800x1197.jpg 1800w, https:\/\/helipoland.com\/wp-content\/uploads\/2019\/11\/17-e1573321030414-272x182.jpg 272w\" sizes=\"auto, (max-width: 4048px) 100vw, 4048px\" \/><\/a><\/div><div class=\"ezcol-divider\"><\/div><\/span><\/p>\n<p style=\"text-align: justify;\"><span style=\"color: #000000;\">H130 (wcze\u015bniej znany jako EC130 T2 zaprezentowany w 2012 roku lub jako EC 130 od 1999 roku, rozwojowa wersja \u015bmig\u0142owca AS350) to jednosilnikowy turbinowy \u015bmig\u0142owiec ze standardowym podw\u00f3jnym uk\u0142adem hydraulicznym, nale\u017c\u0105cy do rodziny Ecureuil firmy Airbus, kt\u00f3ra reprezentuje 42 % eksploatowanej floty \u015bmig\u0142owc\u00f3w Airbusa i zgromadzi\u0142a ponad 332 miliony godzin lot\u00f3w na ca\u0142ym \u015bwiecie. Sw\u00f3j pierwszy lot \u015amig\u0142owiec mo\u017ce przewozi\u0107 6 pasa\u017cer\u00f3w plus 1 pilota w konfiguracji kabiny 3 + 4 lub 7 pasa\u017cer\u00f3w i jednego pilota w konfiguracji z dodatkowym przednim fotelem 4 + 4. Ka\u017cdy pasa\u017cer znajdzie miejsce na \u015bredni\u0105 walizk\u0119 w baga\u017cnikach \u015bmig\u0142owca. Dzi\u0119ki otwartej kabinie, du\u017cej owini\u0119tej przedniej szybie i szerokim oknom wszyscy na pok\u0142adzie mog\u0105 podziwia\u0107 spektakularne widoki z przednich siedze\u0144. Pasa\u017cerowie siedz\u0105cy z ty\u0142u wygodnie siedz\u0105 na podwy\u017cszonej platformie teatralnej. H130 \/ EC130 przystosowany jest w szczeg\u00f3lno\u015bci do transportu pasa\u017cer\u00f3w w us\u0142ugach turystycznych, operacjach czarterowych oraz lotach VIP a ponadto w ratownictwie medycznym, wykonuj\u0105c loty od odosobnionych atrakcji turystycznych po ruchliw\u0105 przestrze\u0144 powietrzn\u0105 nad miastami. \u015amig\u0142owiec opr\u00f3cz lot\u00f3w pasa\u017cerskich mo\u017ce by\u0107 \u0142atwo przystosowany do prac z podwieszonym \u0142adunkiem przez za\u0142o\u017cenie tzw. cargo swing. H130 \/ EC130 ma najwi\u0119ksz\u0105 kabin\u0119 spo\u015br\u00f3d wszystkich \u015bmig\u0142owc\u00f3w jednosilnikowych w swojej klasie, o oko\u0142o 54% wi\u0119ksz\u0105 niezak\u0142\u00f3con\u0105 przestrze\u0144 i 143% wi\u0119ksz\u0105 przestrze\u0144 baga\u017cow\u0105 ni\u017c konkurencyjny Bell 407.<\/span><\/p>\n<p style=\"text-align: justify;\"><span style=\"color: #000000;\"> <img loading=\"lazy\" decoding=\"async\" class=\"aligncenter size-full wp-image-4379\" src=\"https:\/\/helipoland.com\/wp-content\/uploads\/2019\/11\/5-1.jpg\" alt=\"H130 EC130 Helipoland\" width=\"5339\" height=\"2670\" srcset=\"https:\/\/helipoland.com\/wp-content\/uploads\/2019\/11\/5-1.jpg 5339w, https:\/\/helipoland.com\/wp-content\/uploads\/2019\/11\/5-1-300x150.jpg 300w, https:\/\/helipoland.com\/wp-content\/uploads\/2019\/11\/5-1-768x384.jpg 768w, https:\/\/helipoland.com\/wp-content\/uploads\/2019\/11\/5-1-1024x512.jpg 1024w, https:\/\/helipoland.com\/wp-content\/uploads\/2019\/11\/5-1-600x300.jpg 600w, https:\/\/helipoland.com\/wp-content\/uploads\/2019\/11\/5-1-1800x900.jpg 1800w\" sizes=\"auto, (max-width: 5339px) 100vw, 5339px\" \/><\/span><\/p>\n<p style=\"text-align: justify;\"><span style=\"color: #000000;\">Jako najcichszy helikopter na rynku w swojej kategorii, os\u0142oni\u0119ty tylny wirnik H130 Fenestron\u00ae i automatyczna regulacja pr\u0119dko\u015bci wirnika przyczyniaj\u0105 si\u0119 do jego znacznie obni\u017conego poziomu ha\u0142asu zewn\u0119trznego. Z poziomem ha\u0142asu 7 dB poni\u017cej wymaga\u0144, jest cichszy ni\u017c najbardziej restrykcyjne limity okre\u015blone przez Park Narodowy Wielkiego Kanionu w Stanach Zjednoczonych &#8211; uznany punkt odniesienia dla ekologicznych operacji turystycznych. Charakterystyczny rotor ogonowy Fenestron\u00ae firmy Airbus jest \u0142atwy w utrzymaniu a jego os\u0142oni\u0119ta konstrukcja zmniejsza podatno\u015b\u0107 na uszkodzenia spowodowane uderzeniami oraz zwi\u0119ksza bezpiecze\u0144stwo personelu naziemnego pracuj\u0105cego w pobli\u017cu \u015bmig\u0142owca.<\/span><\/p>\n<p style=\"text-align: justify;\"><span style=\"color: #000000;\">Inne ulepszenia H130 \/ EC 130 obejmuj\u0105 aktywny system kontroli wibracji i zaawansowan\u0105 kontrol\u0119 \u015brodowiska wewn\u0105trz kabiny. Silnik turbinowy Safran Arriel 2D zawiera dwukana\u0142owy, cyfrowy uk\u0142ad sterowania silnikiem (FADEC) nowej generacji z trzecim niezale\u017cnym i automatycznym kana\u0142em rezerwowym. H130 \/ EC130 wykorzystuje najnowocze\u015bniejsze technologie, materia\u0142y, systemy i awionik\u0119, bazuj\u0105c na sprawdzonym do\u015bwiadczeniu rodziny wirop\u0142at\u00f3w Ecureuil firmy Airbus. Ten przyjazny dla u\u017cytkownika helikopter jest przyjemny i \u0142atwy do pilotowania. Wy\u015bwietlacz wielofunkcyjny pojazdu i silnika (VEMD), zintegrowany z desk\u0105 rozdzielcz\u0105, znacznie zmniejsza obci\u0105\u017cenie pilota, zwi\u0119kszaj\u0105c w ten spos\u00f3b bezpiecze\u0144stwo lotu.<\/span><div class=\"ezcol ezcol-one-half\"><img loading=\"lazy\" decoding=\"async\" class=\"aligncenter size-full wp-image-4380\" src=\"https:\/\/helipoland.com\/wp-content\/uploads\/2019\/11\/6.jpg\" alt=\"H130 EC130 Helipoland\" width=\"4032\" height=\"3024\" srcset=\"https:\/\/helipoland.com\/wp-content\/uploads\/2019\/11\/6.jpg 4032w, https:\/\/helipoland.com\/wp-content\/uploads\/2019\/11\/6-300x225.jpg 300w, https:\/\/helipoland.com\/wp-content\/uploads\/2019\/11\/6-768x576.jpg 768w, https:\/\/helipoland.com\/wp-content\/uploads\/2019\/11\/6-1024x768.jpg 1024w, https:\/\/helipoland.com\/wp-content\/uploads\/2019\/11\/6-600x450.jpg 600w, https:\/\/helipoland.com\/wp-content\/uploads\/2019\/11\/6-1800x1350.jpg 1800w, https:\/\/helipoland.com\/wp-content\/uploads\/2019\/11\/6-285x214.jpg 285w\" sizes=\"auto, (max-width: 4032px) 100vw, 4032px\" \/><\/div> <div class=\"ezcol ezcol-one-half ezcol-last\"><img loading=\"lazy\" decoding=\"async\" class=\"aligncenter size-full wp-image-4381\" src=\"https:\/\/helipoland.com\/wp-content\/uploads\/2019\/11\/7.jpg\" alt=\"H130 EC130 Helipoland\" width=\"4032\" height=\"3024\" srcset=\"https:\/\/helipoland.com\/wp-content\/uploads\/2019\/11\/7.jpg 4032w, https:\/\/helipoland.com\/wp-content\/uploads\/2019\/11\/7-300x225.jpg 300w, https:\/\/helipoland.com\/wp-content\/uploads\/2019\/11\/7-768x576.jpg 768w, https:\/\/helipoland.com\/wp-content\/uploads\/2019\/11\/7-1024x768.jpg 1024w, https:\/\/helipoland.com\/wp-content\/uploads\/2019\/11\/7-600x450.jpg 600w, https:\/\/helipoland.com\/wp-content\/uploads\/2019\/11\/7-1800x1350.jpg 1800w, https:\/\/helipoland.com\/wp-content\/uploads\/2019\/11\/7-285x214.jpg 285w\" sizes=\"auto, (max-width: 4032px) 100vw, 4032px\" \/><\/div><div class=\"ezcol-divider\"><\/div>\n<div class=\"ezcol ezcol-one-half\"><img loading=\"lazy\" decoding=\"async\" class=\"aligncenter size-full wp-image-4382\" src=\"https:\/\/helipoland.com\/wp-content\/uploads\/2019\/11\/IMG_4624-min.jpg\" alt=\"H130 EC130 Helipoland\" width=\"4032\" height=\"3024\" srcset=\"https:\/\/helipoland.com\/wp-content\/uploads\/2019\/11\/IMG_4624-min.jpg 4032w, https:\/\/helipoland.com\/wp-content\/uploads\/2019\/11\/IMG_4624-min-300x225.jpg 300w, https:\/\/helipoland.com\/wp-content\/uploads\/2019\/11\/IMG_4624-min-768x576.jpg 768w, https:\/\/helipoland.com\/wp-content\/uploads\/2019\/11\/IMG_4624-min-1024x768.jpg 1024w, https:\/\/helipoland.com\/wp-content\/uploads\/2019\/11\/IMG_4624-min-600x450.jpg 600w, https:\/\/helipoland.com\/wp-content\/uploads\/2019\/11\/IMG_4624-min-1800x1350.jpg 1800w, https:\/\/helipoland.com\/wp-content\/uploads\/2019\/11\/IMG_4624-min-285x214.jpg 285w\" sizes=\"auto, (max-width: 4032px) 100vw, 4032px\" \/><\/div> <div class=\"ezcol ezcol-one-half ezcol-last\">\n<p>&nbsp;<\/p>\n<p><img loading=\"lazy\" decoding=\"async\" class=\"aligncenter size-full wp-image-4383\" src=\"https:\/\/helipoland.com\/wp-content\/uploads\/2019\/11\/9.png\" alt=\"H130 EC130 Helipoland\" width=\"1760\" height=\"1020\" srcset=\"https:\/\/helipoland.com\/wp-content\/uploads\/2019\/11\/9.png 1760w, https:\/\/helipoland.com\/wp-content\/uploads\/2019\/11\/9-300x174.png 300w, https:\/\/helipoland.com\/wp-content\/uploads\/2019\/11\/9-768x445.png 768w, https:\/\/helipoland.com\/wp-content\/uploads\/2019\/11\/9-1024x593.png 1024w, https:\/\/helipoland.com\/wp-content\/uploads\/2019\/11\/9-600x348.png 600w\" sizes=\"auto, (max-width: 1760px) 100vw, 1760px\" \/><\/div><div class=\"ezcol-divider\"><\/div><img loading=\"lazy\" decoding=\"async\" class=\"aligncenter size-full wp-image-4386\" src=\"https:\/\/helipoland.com\/wp-content\/uploads\/2019\/11\/10-1.png\" alt=\"\" width=\"2052\" height=\"968\" srcset=\"https:\/\/helipoland.com\/wp-content\/uploads\/2019\/11\/10-1.png 2052w, https:\/\/helipoland.com\/wp-content\/uploads\/2019\/11\/10-1-300x142.png 300w, https:\/\/helipoland.com\/wp-content\/uploads\/2019\/11\/10-1-768x362.png 768w, https:\/\/helipoland.com\/wp-content\/uploads\/2019\/11\/10-1-1024x483.png 1024w, https:\/\/helipoland.com\/wp-content\/uploads\/2019\/11\/10-1-600x283.png 600w, https:\/\/helipoland.com\/wp-content\/uploads\/2019\/11\/10-1-1800x849.png 1800w\" sizes=\"auto, (max-width: 2052px) 100vw, 2052px\" \/><img loading=\"lazy\" decoding=\"async\" class=\"aligncenter size-full wp-image-4384\" src=\"https:\/\/helipoland.com\/wp-content\/uploads\/2019\/11\/10.png\" alt=\"\" width=\"2098\" height=\"1080\" srcset=\"https:\/\/helipoland.com\/wp-content\/uploads\/2019\/11\/10.png 2098w, https:\/\/helipoland.com\/wp-content\/uploads\/2019\/11\/10-300x154.png 300w, https:\/\/helipoland.com\/wp-content\/uploads\/2019\/11\/10-768x395.png 768w, https:\/\/helipoland.com\/wp-content\/uploads\/2019\/11\/10-1024x527.png 1024w, https:\/\/helipoland.com\/wp-content\/uploads\/2019\/11\/10-600x309.png 600w, https:\/\/helipoland.com\/wp-content\/uploads\/2019\/11\/10-1800x927.png 1800w\" sizes=\"auto, (max-width: 2098px) 100vw, 2098px\" \/><a class=\"single_photoswipe\" href=\"https:\/\/helipoland.com\/wp-content\/uploads\/2019\/11\/11.jpeg\" data-size=\"2536x1648\"><img loading=\"lazy\" decoding=\"async\" class=\"aligncenter wp-image-4385 size-full\" src=\"https:\/\/helipoland.com\/wp-content\/uploads\/2019\/11\/11-e1573320534557.jpeg\" alt=\"\" width=\"2536\" height=\"1648\" srcset=\"https:\/\/helipoland.com\/wp-content\/uploads\/2019\/11\/11-e1573320534557.jpeg 2536w, https:\/\/helipoland.com\/wp-content\/uploads\/2019\/11\/11-e1573320534557-300x195.jpeg 300w, https:\/\/helipoland.com\/wp-content\/uploads\/2019\/11\/11-e1573320534557-768x499.jpeg 768w, https:\/\/helipoland.com\/wp-content\/uploads\/2019\/11\/11-e1573320534557-1024x665.jpeg 1024w, https:\/\/helipoland.com\/wp-content\/uploads\/2019\/11\/11-e1573320534557-600x390.jpeg 600w, https:\/\/helipoland.com\/wp-content\/uploads\/2019\/11\/11-e1573320534557-1800x1170.jpeg 1800w\" sizes=\"auto, (max-width: 2536px) 100vw, 2536px\" \/><\/a><\/p>\n<div id=\"attachment_4389\" style=\"width: 1411px\" class=\"wp-caption aligncenter\"><img loading=\"lazy\" decoding=\"async\" aria-describedby=\"caption-attachment-4389\" class=\"wp-image-4389 size-full\" title=\"H 130 \/ EC 130 over Niagara Falls\" src=\"https:\/\/helipoland.com\/wp-content\/uploads\/2019\/11\/13.jpg\" alt=\"\" width=\"1401\" height=\"654\" srcset=\"https:\/\/helipoland.com\/wp-content\/uploads\/2019\/11\/13.jpg 1401w, https:\/\/helipoland.com\/wp-content\/uploads\/2019\/11\/13-300x140.jpg 300w, https:\/\/helipoland.com\/wp-content\/uploads\/2019\/11\/13-768x359.jpg 768w, https:\/\/helipoland.com\/wp-content\/uploads\/2019\/11\/13-1024x478.jpg 1024w, https:\/\/helipoland.com\/wp-content\/uploads\/2019\/11\/13-600x280.jpg 600w\" sizes=\"auto, (max-width: 1401px) 100vw, 1401px\" \/><p id=\"caption-attachment-4389\" class=\"wp-caption-text\">H 130 \/ EC 130 nad wodospadem Niagara<\/p><\/div>\n<div class=\"ezcol ezcol-one-half\">\n<p><iframe loading=\"lazy\" src=\"https:\/\/www.youtube.com\/embed\/9jjG0JMMkbg\" width=\"560\" height=\"315\" frameborder=\"0\" allowfullscreen=\"allowfullscreen\" data-mce-fragment=\"1\"><\/iframe><\/div> <div class=\"ezcol ezcol-one-half ezcol-last\"><img loading=\"lazy\" decoding=\"async\" class=\"aligncenter wp-image-1177 size-large\" src=\"https:\/\/helipoland.com\/wp-content\/uploads\/2015\/09\/Sundance-Helicopters_Sunset_01-min-e1573323982366-1024x653.jpg\" alt=\"Sundance-Helicopters_Sunset_01-min\" width=\"640\" height=\"408\" srcset=\"https:\/\/helipoland.com\/wp-content\/uploads\/2015\/09\/Sundance-Helicopters_Sunset_01-min-e1573323982366-1024x653.jpg 1024w, https:\/\/helipoland.com\/wp-content\/uploads\/2015\/09\/Sundance-Helicopters_Sunset_01-min-e1573323982366-300x191.jpg 300w, https:\/\/helipoland.com\/wp-content\/uploads\/2015\/09\/Sundance-Helicopters_Sunset_01-min-e1573323982366-768x489.jpg 768w, https:\/\/helipoland.com\/wp-content\/uploads\/2015\/09\/Sundance-Helicopters_Sunset_01-min-e1573323982366-600x382.jpg 600w, https:\/\/helipoland.com\/wp-content\/uploads\/2015\/09\/Sundance-Helicopters_Sunset_01-min-e1573323982366-1800x1147.jpg 1800w\" sizes=\"auto, (max-width: 640px) 100vw, 640px\" \/><\/div><div class=\"ezcol-divider\"><\/div>","protected":false},"excerpt":{"rendered":"<p>H130 (wcze\u015bniej znany jako EC130 T2 zaprezentowany w 2012 roku lub jako EC 130 od 1999 roku, rozwojowa wersja \u015bmig\u0142owca[&#8230;..]<\/p>\n","protected":false},"author":1,"featured_media":0,"parent":4040,"menu_order":0,"comment_status":"closed","ping_status":"closed","template":"template-fullwidth-with-form.php","meta":{"_acf_changed":false,"footnotes":""},"class_list":["post-4395","page","type-page","status-publish","hentry"],"acf":[],"yoast_head":"<!-- This site is optimized with the Yoast SEO plugin v24.8.1 - https:\/\/yoast.com\/wordpress\/plugins\/seo\/ -->\n<title>Airbus H 130 (EC 130) - Helipoland.com<\/title>\n<meta name=\"robots\" content=\"index, follow, max-snippet:-1, max-image-preview:large, max-video-preview:-1\" \/>\n<link rel=\"canonical\" href=\"https:\/\/helipoland.com\/flota\/airbus-h-130-ec-130\/\" \/>\n<meta property=\"og:locale\" content=\"pl_PL\" \/>\n<meta property=\"og:type\" content=\"article\" \/>\n<meta property=\"og:title\" content=\"Airbus H 130 (EC 130) - Helipoland.com\" \/>\n<meta property=\"og:description\" content=\"H130 (wcze\u015bniej znany jako EC130 T2 zaprezentowany w 2012 roku lub jako EC 130 od 1999 roku, rozwojowa wersja \u015bmig\u0142owca[.....]\" \/>\n<meta property=\"og:url\" content=\"https:\/\/helipoland.com\/flota\/airbus-h-130-ec-130\/\" \/>\n<meta property=\"og:site_name\" content=\"Helipoland.com\" \/>\n<meta property=\"article:modified_time\" content=\"2023-01-16T11:51:35+00:00\" \/>\n<meta property=\"og:image\" content=\"https:\/\/helipoland.com\/wp-content\/uploads\/2019\/11\/2-e1573313833194.jpg\" \/>\n<meta name=\"twitter:label1\" content=\"Szacowany czas czytania\" \/>\n\t<meta name=\"twitter:data1\" content=\"5 minut\" \/>\n<script type=\"application\/ld+json\" class=\"yoast-schema-graph\">{\"@context\":\"https:\/\/schema.org\",\"@graph\":[{\"@type\":\"WebPage\",\"@id\":\"https:\/\/helipoland.com\/flota\/airbus-h-130-ec-130\/\",\"url\":\"https:\/\/helipoland.com\/flota\/airbus-h-130-ec-130\/\",\"name\":\"Airbus H 130 (EC 130) - Helipoland.com\",\"isPartOf\":{\"@id\":\"https:\/\/helipoland.com\/pl\/#website\"},\"primaryImageOfPage\":{\"@id\":\"https:\/\/helipoland.com\/flota\/airbus-h-130-ec-130\/#primaryimage\"},\"image\":{\"@id\":\"https:\/\/helipoland.com\/flota\/airbus-h-130-ec-130\/#primaryimage\"},\"thumbnailUrl\":\"https:\/\/helipoland.com\/wp-content\/uploads\/2019\/11\/2-e1573313833194.jpg\",\"datePublished\":\"2019-11-09T17:43:46+00:00\",\"dateModified\":\"2023-01-16T11:51:35+00:00\",\"breadcrumb\":{\"@id\":\"https:\/\/helipoland.com\/flota\/airbus-h-130-ec-130\/#breadcrumb\"},\"inLanguage\":\"pl-PL\",\"potentialAction\":[{\"@type\":\"ReadAction\",\"target\":[\"https:\/\/helipoland.com\/flota\/airbus-h-130-ec-130\/\"]}]},{\"@type\":\"ImageObject\",\"inLanguage\":\"pl-PL\",\"@id\":\"https:\/\/helipoland.com\/flota\/airbus-h-130-ec-130\/#primaryimage\",\"url\":\"https:\/\/helipoland.com\/wp-content\/uploads\/2019\/11\/2-e1573313833194.jpg\",\"contentUrl\":\"https:\/\/helipoland.com\/wp-content\/uploads\/2019\/11\/2-e1573313833194.jpg\"},{\"@type\":\"BreadcrumbList\",\"@id\":\"https:\/\/helipoland.com\/flota\/airbus-h-130-ec-130\/#breadcrumb\",\"itemListElement\":[{\"@type\":\"ListItem\",\"position\":1,\"name\":\"Helipoland.com\",\"item\":\"https:\/\/helipoland.com\/pl\/\"},{\"@type\":\"ListItem\",\"position\":2,\"name\":\"Flota \u015bmig\u0142owc\u00f3w\",\"item\":\"https:\/\/helipoland.com\/flota\/\"},{\"@type\":\"ListItem\",\"position\":3,\"name\":\"Airbus H 130 (EC 130)\"}]},{\"@type\":\"WebSite\",\"@id\":\"https:\/\/helipoland.com\/pl\/#website\",\"url\":\"https:\/\/helipoland.com\/pl\/\",\"name\":\"Helipoland.com\",\"description\":\"Loty helikopterem, szko\u0142a latania, us\u0142ugi lotnicze, \u015bmig\u0142owce\",\"potentialAction\":[{\"@type\":\"SearchAction\",\"target\":{\"@type\":\"EntryPoint\",\"urlTemplate\":\"https:\/\/helipoland.com\/pl\/?s={search_term_string}\"},\"query-input\":{\"@type\":\"PropertyValueSpecification\",\"valueRequired\":true,\"valueName\":\"search_term_string\"}}],\"inLanguage\":\"pl-PL\"}]}<\/script>\n<!-- \/ Yoast SEO plugin. -->","yoast_head_json":{"title":"Airbus H 130 (EC 130) - Helipoland.com","robots":{"index":"index","follow":"follow","max-snippet":"max-snippet:-1","max-image-preview":"max-image-preview:large","max-video-preview":"max-video-preview:-1"},"canonical":"https:\/\/helipoland.com\/flota\/airbus-h-130-ec-130\/","og_locale":"pl_PL","og_type":"article","og_title":"Airbus H 130 (EC 130) - Helipoland.com","og_description":"H130 (wcze\u015bniej znany jako EC130 T2 zaprezentowany w 2012 roku lub jako EC 130 od 1999 roku, rozwojowa wersja \u015bmig\u0142owca[.....]","og_url":"https:\/\/helipoland.com\/flota\/airbus-h-130-ec-130\/","og_site_name":"Helipoland.com","article_modified_time":"2023-01-16T11:51:35+00:00","og_image":[{"url":"https:\/\/helipoland.com\/wp-content\/uploads\/2019\/11\/2-e1573313833194.jpg","type":"","width":"","height":""}],"twitter_misc":{"Szacowany czas czytania":"5 minut"},"schema":{"@context":"https:\/\/schema.org","@graph":[{"@type":"WebPage","@id":"https:\/\/helipoland.com\/flota\/airbus-h-130-ec-130\/","url":"https:\/\/helipoland.com\/flota\/airbus-h-130-ec-130\/","name":"Airbus H 130 (EC 130) - Helipoland.com","isPartOf":{"@id":"https:\/\/helipoland.com\/pl\/#website"},"primaryImageOfPage":{"@id":"https:\/\/helipoland.com\/flota\/airbus-h-130-ec-130\/#primaryimage"},"image":{"@id":"https:\/\/helipoland.com\/flota\/airbus-h-130-ec-130\/#primaryimage"},"thumbnailUrl":"https:\/\/helipoland.com\/wp-content\/uploads\/2019\/11\/2-e1573313833194.jpg","datePublished":"2019-11-09T17:43:46+00:00","dateModified":"2023-01-16T11:51:35+00:00","breadcrumb":{"@id":"https:\/\/helipoland.com\/flota\/airbus-h-130-ec-130\/#breadcrumb"},"inLanguage":"pl-PL","potentialAction":[{"@type":"ReadAction","target":["https:\/\/helipoland.com\/flota\/airbus-h-130-ec-130\/"]}]},{"@type":"ImageObject","inLanguage":"pl-PL","@id":"https:\/\/helipoland.com\/flota\/airbus-h-130-ec-130\/#primaryimage","url":"https:\/\/helipoland.com\/wp-content\/uploads\/2019\/11\/2-e1573313833194.jpg","contentUrl":"https:\/\/helipoland.com\/wp-content\/uploads\/2019\/11\/2-e1573313833194.jpg"},{"@type":"BreadcrumbList","@id":"https:\/\/helipoland.com\/flota\/airbus-h-130-ec-130\/#breadcrumb","itemListElement":[{"@type":"ListItem","position":1,"name":"Helipoland.com","item":"https:\/\/helipoland.com\/pl\/"},{"@type":"ListItem","position":2,"name":"Flota \u015bmig\u0142owc\u00f3w","item":"https:\/\/helipoland.com\/flota\/"},{"@type":"ListItem","position":3,"name":"Airbus H 130 (EC 130)"}]},{"@type":"WebSite","@id":"https:\/\/helipoland.com\/pl\/#website","url":"https:\/\/helipoland.com\/pl\/","name":"Helipoland.com","description":"Loty helikopterem, szko\u0142a latania, us\u0142ugi lotnicze, \u015bmig\u0142owce","potentialAction":[{"@type":"SearchAction","target":{"@type":"EntryPoint","urlTemplate":"https:\/\/helipoland.com\/pl\/?s={search_term_string}"},"query-input":{"@type":"PropertyValueSpecification","valueRequired":true,"valueName":"search_term_string"}}],"inLanguage":"pl-PL"}]}},"_links":{"self":[{"href":"https:\/\/helipoland.com\/pl\/wp-json\/wp\/v2\/pages\/4395","targetHints":{"allow":["GET"]}}],"collection":[{"href":"https:\/\/helipoland.com\/pl\/wp-json\/wp\/v2\/pages"}],"about":[{"href":"https:\/\/helipoland.com\/pl\/wp-json\/wp\/v2\/types\/page"}],"author":[{"embeddable":true,"href":"https:\/\/helipoland.com\/pl\/wp-json\/wp\/v2\/users\/1"}],"replies":[{"embeddable":true,"href":"https:\/\/helipoland.com\/pl\/wp-json\/wp\/v2\/comments?post=4395"}],"version-history":[{"count":7,"href":"https:\/\/helipoland.com\/pl\/wp-json\/wp\/v2\/pages\/4395\/revisions"}],"predecessor-version":[{"id":5748,"href":"https:\/\/helipoland.com\/pl\/wp-json\/wp\/v2\/pages\/4395\/revisions\/5748"}],"up":[{"embeddable":true,"href":"https:\/\/helipoland.com\/pl\/wp-json\/wp\/v2\/pages\/4040"}],"wp:attachment":[{"href":"https:\/\/helipoland.com\/pl\/wp-json\/wp\/v2\/media?parent=4395"}],"curies":[{"name":"wp","href":"https:\/\/api.w.org\/{rel}","templated":true}]}}