{"id":4433,"date":"2019-11-10T23:02:53","date_gmt":"2019-11-10T23:02:53","guid":{"rendered":"https:\/\/helipoland.com\/?page_id=4433"},"modified":"2024-09-02T20:46:08","modified_gmt":"2024-09-02T20:46:08","slug":"tatry-bukowina-zakopane-bialka-tatrzanska","status":"publish","type":"page","link":"https:\/\/helipoland.com\/pl\/loty-widokowe\/tatry-bukowina-zakopane-bialka-tatrzanska\/","title":{"rendered":"Loty \u015bmig\u0142owcem w g\u00f3rach &#8211; Tatry &#8211; Bukowina, Zakopane, Bia\u0142ka Tatrza\u0144ska"},"content":{"rendered":"<p style=\"text-align: justify;\"><span style=\"color: #000000;\">Loty widokowe w rejonie Tatr organizowane s\u0105 standardowo z l\u0105dowiska <a href=\"https:\/\/www.hotelbukovina.pl\/\">Hotelu Bukovina<\/a> (ul. Sportowa 22 34-530, Bukowina Tatrza\u0144ska). <\/span><\/p>\n<p style=\"text-align: justify;\"><span style=\"color: #000000;\">Z uwagi na polskie przepisy wykonywania lot\u00f3w nad strefami ogranicze\u0144, loty widokowe nie s\u0105 mo\u017cliwe nad terenem Tatrza\u0144skiego Parku Narodowego. Dozwolone s\u0105 loty wok\u00f3\u0142 Tatr, na wysoko\u015bci najwy\u017cszych g\u00f3r, np. najwy\u017cszego polskiego szczytu Rysy, najwy\u017cszego szczytu tatrza\u0144skiego Gerlach a tak\u017ce widowiskowej kolejki linowej na szczyt Tatrza\u0144skiej \u0141omnicy. Przy sprzyjaj\u0105cej pogodzie wszystkie te atrakcje mo\u017cna zobaczy\u0107 ju\u017c w 30-sto minutowym locie wykonanym z Helipoland.<\/span><\/p>\n<p style=\"text-align: justify;\"><span style=\"color: #000000;\">Mo\u017cliwy jest wyb\u00f3r innego miejsca startu i l\u0105dowania \u015bmig\u0142owca ni\u017c l\u0105dowisko w Bukowinie Tatrza\u0144skiej, gdzie opr\u00f3cz koszt\u00f3w zwi\u0105zanych z dolotem \u015bmig\u0142owca we wskazane miejsce, mog\u0105 by\u0107 naliczane dodatkowe op\u0142aty za korzystanie z l\u0105dowiska (np. 100 Euro na l\u0105dowisku w Zakopanem). Dolot w uzgodnione indywidualnie miejsce startu\/l\u0105dowania jest dodatkowo p\u0142atny zgodnie z cennikami czasu lotu \u015bmig\u0142owc\u00f3w poni\u017cej. Uzgodniony dolot mo\u017cna tak\u017ce rozliczy\u0107 poprzez pomniejszenie czasu wybranego lotu widokowego (minimum 30-sto minutowy) o czas potrzebny na dolot\/powr\u00f3t \u015bmig\u0142owca z\/do l\u0105dowiska Hotelu Bukovina, wliczaj\u0105c w to czas potrzebny na dwukrotne uruchomienie i wy\u0142\u0105czenie \u015bmig\u0142owca (oko\u0142o 10 minut). Przyk\u0142adowo &#8211; zam\u00f3wiony dolot \u015bmig\u0142owca celem wykonania lotu widokowego bezpo\u015brednio z Zakopanego wi\u0105\u017ce si\u0119 z op\u0142at\u0105 minimaln\u0105 jak za dodatkowe 15 minut lotu (do Zakopanego i z powrotem).<\/span><\/p>\n<div id=\"attachment_4488\" style=\"width: 5007px\" class=\"wp-caption aligncenter\"><a href=\"https:\/\/helipoland.com\/loty-widokowe\/tatry-bukowina-zakopane-bialka-tatrzanska\/tatry-bukowina-tatrzanska-3\/\"><img loading=\"lazy\" decoding=\"async\" aria-describedby=\"caption-attachment-4488\" class=\"wp-image-4488 size-full\" src=\"https:\/\/helipoland.com\/wp-content\/uploads\/2019\/11\/Tatry-Bukowina-Tatrza\u0144ska-3.jpg\" alt=\"Tatry - Bukowina Tatrzan\u0301ska Helipoland\" width=\"4997\" height=\"2336\" \/><\/a><p id=\"caption-attachment-4488\" class=\"wp-caption-text\"><span style=\"color: #000000;\">Na zdj\u0119ciu \u015bmig\u0142owiec R 44 po starcie z Bukowiny Tatrza\u0144skiej w kierunku zachodnim<\/span><\/p><\/div>\n<p style=\"text-align: center;\"><a href=\"#contact-form-begin\" class=\"su-button su-button-style- got_to_form\" style=\"color:#FFFFFF;background-color:#2D89EF;border-color:#246ec0;border-radius:0px\" target=\"_self\"><span style=\"color:#FFFFFF;padding:0px 34px;font-size:25px;line-height:50px;border-color:#6cadf4;border-radius:0px;text-shadow:none\"> Zam\u00f3w lot<\/span><\/a>\n<p class=\"p1\"><div class=\"ezcol ezcol-one-half\"><a href=\"https:\/\/helipoland.com\/loty-widokowe\/tatry-bukowina-zakopane-bialka-tatrzanska\/tatry-bukowina-tatrzanska-2-2\/\"><img loading=\"lazy\" decoding=\"async\" class=\"aligncenter wp-image-4502 size-full\" src=\"https:\/\/helipoland.com\/wp-content\/uploads\/2019\/11\/Tatry-Bukowina-Tatrza\u0144ska-2-1.jpg\" alt=\"Tatry - Bukowina Tatrzan\u0301ska Helipoland\" width=\"4032\" height=\"3024\" \/><\/a><\/div> <div class=\"ezcol ezcol-one-half ezcol-last\"><a href=\"https:\/\/helipoland.com\/loty-widokowe\/tatry-bukowina-zakopane-bialka-tatrzanska\/tatry-bukowina-tatrzanska-3-3\/\"><img loading=\"lazy\" decoding=\"async\" class=\"aligncenter wp-image-4504 size-full\" src=\"https:\/\/helipoland.com\/wp-content\/uploads\/2019\/11\/Tatry-Bukowina-Tatrza\u0144ska-3-2.jpg\" alt=\"Tatry - Bukowina Tatrzan\u0301ska Helipoland\" width=\"4032\" height=\"3024\" \/><\/a><\/div><div class=\"ezcol-divider\"><\/div>\n<h3><span style=\"color: #000000;\"><strong>Tatry &#8211; Bukowina, Zakopane, Bia\u0142ka Tatrza\u0144ska &#8211; kiedy mog\u0119 odby\u0107 lot widokowy?<\/strong><\/span><\/h3>\n<p style=\"text-align: justify;\"><span style=\"color: #000000;\">W pierwszej kolejno\u015bci nale\u017cy potwierdzi\u0107 dost\u0119pno\u015b\u0107 wybranego terminu wg dost\u0119pno\u015bci \u015bmig\u0142owca i pilota (najlepiej z wyprzedzeniem nie wi\u0119kszym ni\u017c oko\u0142o tygodniowe). Nast\u0119pnie nale\u017cy potwierdzi\u0107 (z organizatorem lub bezpo\u015brednio z pilotem, je\u015bli zosta\u0142y ju\u017c przekazane odpowiednie dane kontaktowe), czy prognozowane warunki pogodowe s\u0105 odpowiednie (najlepiej z wyprzedzeniem nie wi\u0119kszym ni\u017c 2-3 dniowe). Pogoda w Tatrach bywa dynamiczna, st\u0105d zmiany termin\u00f3w lub w skrajnym przypadku odwo\u0142anie lotu mo\u017cliwe s\u0105 jeszcze w dniu zaplanowanego lotu.<\/span><\/p>\n<p style=\"text-align: justify;\"><span style=\"color: #000000;\">Loty widokowe w rejonie Tatr organizowane s\u0105 w trybie ci\u0105g\u0142ym (mo\u017cliwo\u015b\u0107 zapis\u00f3w z dnia na dzie\u0144 lub w samym dniu lotnym) standardowo w okresach \u015bwi\u0105tecznych, ferii zimowych, w czasie weekend\u00f3w oraz w wybranych okresach dobrej pogody i wzmo\u017conego ruchu turystycznego, szczeg\u00f3lnie w okresie wakacyjnym. Wst\u0119pne potwierdzenie ci\u0105g\u0142ej dost\u0119pno\u015bci \u015bmig\u0142owca w danym okresie na l\u0105dowisku w Bukowinie Tatrza\u0144skiej, mo\u017cliwe jest na bie\u017c\u0105co z wyprzedzeniem oko\u0142o tygodniowym.<\/span><\/p>\n<div class=\"ezcol ezcol-one-half\"><a href=\"https:\/\/helipoland.com\/loty-widokowe\/tatry-bukowina-zakopane-bialka-tatrzanska\/tatry-bukowina-tatrzanska-3-2\/\"><img loading=\"lazy\" decoding=\"async\" class=\"aligncenter wp-image-4489 size-full\" src=\"https:\/\/helipoland.com\/wp-content\/uploads\/2019\/11\/Tatry-Bukowina-Tatrza\u0144ska-3-1.jpg\" alt=\"Tatry - Bukowina Tatrzan\u0301ska Helipoland\" width=\"5184\" height=\"3456\" \/><\/a><\/div> <div class=\"ezcol ezcol-one-half ezcol-last\"><a href=\"https:\/\/helipoland.com\/loty-widokowe\/tatry-bukowina-zakopane-bialka-tatrzanska\/tatry-bukowina-tatrzanska-4\/\"><img loading=\"lazy\" decoding=\"async\" class=\"aligncenter wp-image-4490 size-full\" src=\"https:\/\/helipoland.com\/wp-content\/uploads\/2019\/11\/Tatry-Bukowina-Tatrza\u0144ska-4.jpg\" alt=\"Tatry - Bukowina Tatrzan\u0301ska Helipoland\" width=\"4798\" height=\"3199\" \/><\/a><\/div><div class=\"ezcol-divider\"><\/div>\n<h3><span style=\"color: #000000;\"><strong>Ile kosztuje lot widokowy w rejonie Tatr?<\/strong><\/span><\/h3>\n<p class=\"p1\"><strong><span style=\"color: #000000;\">Koszty lot\u00f3w \u015bmig\u0142owcem <span style=\"text-decoration: underline;\"><a href=\"https:\/\/helipoland.com\/pl\/flota\/robinson-r-44\/\">Robinson R 44<\/a><\/span> (do 3 pasa\u017cer\u00f3w na pok\u0142adzie) obejmuj\u0105ce wszystkie miejsca pasa\u017cerskie s\u0105 nast\u0119puj\u0105ce:<\/span><\/strong><\/p>\n<ul>\n<li><span style=\"color: #0000ff;\">1200 z\u0142 &#8211; lot po trasie Bukowina &#8211; Zakopane &#8211; Bukowina lub Bukowina- Bia\u0142ka Tatrza\u0144ska &#8211; Bukowina<br \/>\n(czas trwania oko\u0142o 15 minut*)<\/span><\/li>\n<li><span style=\"color: #ff0000;\">2400 z\u0142 &#8211; lot po trasie Bukowina &#8211; Zakopane\/Tatry Zachodnie &#8211; Bukowina lub Bukowina &#8211; Tatry Wysokie &#8211; Bukowina lub Bukowina &#8211; Jezioro Czorszty\u0144skie &#8211; Bukowina<br \/>\n(czas trwania oko\u0142o 30 minut*, mo\u017cliwa jest modyfikacja trasy za zgod\u0105 pilota)<\/span><\/li>\n<li><span style=\"color: #000000;\">4800 z\u0142 &#8211; lot dooko\u0142a Tatr<br \/>\n(czas trwania nieca\u0142e 60 minut*, mo\u017cliwa jest modyfikacja trasy za zgod\u0105 pilota)<\/span><\/li>\n<\/ul>\n<p style=\"text-align: justify;\"><strong><span style=\"color: #000000;\">Loty w najwy\u017cszych partiach g\u00f3r (Tatry S\u0142owackie) \u015bmig\u0142owcem typu Robinson R 44 s\u0105 mo\u017cliwe tylko przy sprzyjaj\u0105cych warunkach meteorologicznych (przede wszystkim s\u0142aby wiatr, ponadto pogoda stabilna, z odpowiedni\u0105 przejrzysto\u015bci\u0105 atmosfery i niewielkim zachmurzeniem).<\/span><\/strong><\/p>\n<p style=\"text-align: center;\"><a href=\"#contact-form-begin\" class=\"su-button su-button-style- got_to_form\" style=\"color:#FFFFFF;background-color:#2D89EF;border-color:#246ec0;border-radius:0px\" target=\"_self\"><span style=\"color:#FFFFFF;padding:0px 34px;font-size:25px;line-height:50px;border-color:#6cadf4;border-radius:0px;text-shadow:none\"> Zam\u00f3w lot<\/span><\/a>\n<div id=\"attachment_4481\" style=\"width: 2216px\" class=\"wp-caption aligncenter\"><img loading=\"lazy\" decoding=\"async\" aria-describedby=\"caption-attachment-4481\" class=\"wp-image-4481 size-full\" src=\"https:\/\/helipoland.com\/wp-content\/uploads\/2019\/11\/Tatry-Bukowina-Tatrza\u0144ska-trasy-R-44.png\" alt=\"Tatry - Bukowina Tatrzan\u0301ska Helipoland\" width=\"2206\" height=\"1196\" \/><p id=\"caption-attachment-4481\" class=\"wp-caption-text\"><span style=\"color: #000000;\">Trasy pogl\u0105dowe &#8211; mo\u017cliwe do wykonania co najmniej 300 m powy\u017cej lub poza wysokog\u00f3rskimi obszarami ochrony przyrody na S\u0142owacji.<\/span><\/p><\/div>\n<div class=\"ezcol ezcol-one-half\"><a href=\"https:\/\/helipoland.com\/loty-widokowe\/tatry-bukowina-zakopane-bialka-tatrzanska\/tatry-bukowina-tatrzanska-7-1-min\/\" rel=\"attachment wp-att-5364\"><img loading=\"lazy\" decoding=\"async\" class=\"aligncenter size-full wp-image-5364\" src=\"https:\/\/helipoland.com\/wp-content\/uploads\/2021\/10\/Tatry-Bukowina-Tatrza\u0144ska-7.1-min-scaled.jpg\" alt=\"Tatry Zakopane Helipoland loty widokowe\" width=\"2560\" height=\"1920\" \/><\/a><\/div> <div class=\"ezcol ezcol-one-half ezcol-last\"><a href=\"https:\/\/helipoland.com\/loty-widokowe\/tatry-bukowina-zakopane-bialka-tatrzanska\/tatry-bukowina-tatrzanska-8-1-min\/\" rel=\"attachment wp-att-5365\"><img loading=\"lazy\" decoding=\"async\" class=\"aligncenter size-full wp-image-5365\" src=\"https:\/\/helipoland.com\/wp-content\/uploads\/2021\/10\/Tatry-Bukowina-Tatrza\u0144ska-8.1-min-scaled.jpg\" alt=\"Tatry Zakopane Helipoland loty widokowe\" width=\"2560\" height=\"1920\" \/><\/a><\/div><div class=\"ezcol-divider\"><\/div>\n<p class=\"p1\"><strong><span style=\"color: #000000;\">Koszty lot\u00f3w \u015bmig\u0142owcem <span style=\"text-decoration: underline;\"><a href=\"https:\/\/helipoland.com\/pl\/flota\/airbus-h125-as350\/\">Airbus AS350<\/a><\/span> (do 5 pasa\u017cer\u00f3w na pok\u0142adzie) lub <a href=\"https:\/\/helipoland.com\/pl\/flota\/airbus-h-130-ec-130\/\">Airbus EC130<\/a> (do\u00a06 pasa\u017cer\u00f3w na pok\u0142adzie) obejmuj\u0105ce wszystkie miejsca pasa\u017cerskie s\u0105 nast\u0119puj\u0105ce:<\/span><\/strong><\/p>\n<ul>\n<li><span style=\"color: #0000ff;\">2400 z\u0142 za standardowy lot po trasie Bukowina &#8211; Zakopane &#8211; Bukowina lub Bukowina- Bia\u0142ka Tatrza\u0144ska &#8211; Bukowina<br \/>\n(czas trwania oko\u0142o 15 minut*, mo\u017cliwe s\u0105 niewielkie modyfikacje trasy za zgod\u0105 pilota)<\/span><\/li>\n<li><span style=\"color: #ff0000;\">4800 z\u0142 za standardowy lot po trasie Bukowina &#8211; Zakopane\/Tatry Zachodnie &#8211; Bukowina lub Bukowina &#8211; Tatrza\u0144ska \u0141omnica &#8211; Bukowina<br \/>\n(czas trwania oko\u0142o 30 minut*, mo\u017cliwa jest dowolna modyfikacja trasy za zgod\u0105 pilota)<\/span><\/li>\n<li><span style=\"color: #000000;\">9600 z\u0142 za standardowy lot dooko\u0142a Tatr<br \/>\n(czas trwania oko\u0142o 60 minut*, mo\u017cliwa jest dowolna modyfikacja trasy, nawet np. Bukowina &#8211; Krak\u00f3w &#8211; Bukowina)<\/span><\/li>\n<\/ul>\n<p style=\"text-align: justify;\"><strong><span style=\"color: #000000;\">\u015amig\u0142owce typu AS350 lub EC130 nie s\u0105 zawsze dost\u0119pne, zorganizowanie przylotu \u015bmig\u0142owca na l\u0105dowisko hotelu Bukovina w innym terminie ni\u017c planowany przez Helipoland to\u00a0 dodatkowe 9600 z\u0142.<\/span><\/strong><\/p>\n<p class=\"p1\" style=\"text-align: justify;\"><strong><span style=\"color: #000000;\">\u015amig\u0142owiec typu AS350 lub EC130\u00a0 jest szybszy od \u015bmig\u0142owca typu R 44, co umo\u017cliwia pokonanie wi\u0119kszych odleg\u0142o\u015bci w wykupionej opcji czasowej, a ponadto dzi\u0119ki zwi\u0119kszonej tolerancji na si\u0142\u0119 wiatru maszyna ta jest bardziej przystosowana do lot\u00f3w w najwy\u017cszych partiach g\u00f3r.<\/span><\/strong><\/p>\n<p style=\"text-align: center;\"><a href=\"#contact-form-begin\" class=\"su-button su-button-style- got_to_form\" style=\"color:#FFFFFF;background-color:#2D89EF;border-color:#246ec0;border-radius:0px\" target=\"_self\"><span style=\"color:#FFFFFF;padding:0px 34px;font-size:25px;line-height:50px;border-color:#6cadf4;border-radius:0px;text-shadow:none\"> Zam\u00f3w lot<\/span><\/a>\n<div id=\"attachment_4493\" style=\"width: 5162px\" class=\"wp-caption aligncenter\"><img loading=\"lazy\" decoding=\"async\" aria-describedby=\"caption-attachment-4493\" class=\"wp-image-4493 size-full\" src=\"https:\/\/helipoland.com\/wp-content\/uploads\/2019\/11\/Tatry-Bukowina-Tatrza\u0144ska-0-trasy-AS350.jpg\" alt=\"Tatry - Bukowina Tatrzan\u0301ska Helipoland\" width=\"5152\" height=\"3528\" \/><p id=\"caption-attachment-4493\" class=\"wp-caption-text\"><span style=\"color: #000000;\">Trasy pogl\u0105dowe &#8211; mo\u017cliwe do wykonania co najmniej 300 m powy\u017cej lub poza wysokog\u00f3rskimi obszarami ochrony przyrody na S\u0142owacji.<\/span><\/p><\/div>\n<h3><span style=\"color: #000000;\"><strong>Co jeszcze jest istotne w organizacji lot\u00f3w widokowych?<\/strong><\/span><\/h3>\n<p class=\"p1\" style=\"text-align: justify;\"><span style=\"color: #000000;\">Wszystkie wy\u017cej podane ceny lot\u00f3w widokowych obejmuj\u0105 ca\u0142y \u015bmig\u0142owiec niezale\u017cnie od liczby pasa\u017cer\u00f3w. Wolne miejsca mog\u0105 by\u0107 uzupe\u0142nione na l\u0105dowisku podczas bie\u017c\u0105cej realizacji lot\u00f3w w trybie ci\u0105g\u0142ym. Je\u015bli b\u0119dziemy mieli zapisanych ch\u0119tnych na cz\u0119\u015bciowe wype\u0142nienie \u015bmig\u0142owca sami poinformujemy o mo\u017cliwo\u015bci odbycia lotu z wykorzystaniem pozosta\u0142ych wolnych miejsc.<\/span><\/p>\n<p class=\"p1\" style=\"text-align: justify;\"><span style=\"color: #000000;\">Rezerwacja innego typu \u015bmig\u0142owca celem organizacji lot\u00f3w widokowych, np. \u015bmig\u0142owiec <a href=\"https:\/\/helipoland.com\/pl\/flota\/airbus-h-130-ec-130\/\"><span style=\"text-decoration: underline;\">Eurocopter EC 130<\/span><\/a> na 6 pasa\u017cer\u00f3w wyceniana jest indywidualnie (dolot \u015bmig\u0142owca EC 130 w cenie minimum 7200 z\u0142).<\/span><\/p>\n<div id=\"attachment_4485\" style=\"width: 2058px\" class=\"wp-caption aligncenter\"><img loading=\"lazy\" decoding=\"async\" aria-describedby=\"caption-attachment-4485\" class=\"wp-image-4485 size-full\" src=\"https:\/\/helipoland.com\/wp-content\/uploads\/2019\/11\/Tatry-Bukowina-Tatrza\u0144ska-5.jpg\" alt=\"Tatry - Bukowina Tatrzan\u0301ska Helipoland\" width=\"2048\" height=\"1365\" \/><p id=\"caption-attachment-4485\" class=\"wp-caption-text\"><span style=\"color: #000000;\">Widok na Zakopane ze \u015bmig\u0142owca R 44 lec\u0105cego w kierunku wschodnim<\/span><\/p><\/div>\n<p style=\"text-align: justify;\"><span style=\"color: #000000;\"><strong>* Czas lotu: <\/strong>zgodnie z mi\u0119dzynarodowymi standardami jest to czas od momentu, w kt\u00f3rym \u0142opaty wirnika zaczynaj\u0105 si\u0119 obraca\u0107, do momentu ostatecznego zatrzymania si\u0119 \u015bmig\u0142owca po locie i zatrzymania \u0142opat wirnika.<\/span><\/p>\n<p style=\"text-align: justify;\"><span style=\"color: #000000;\"><strong>** Uwaga: <\/strong>do realizacji lot\u00f3w w uzgodnionych terminach, opr\u00f3cz odpowiednich warunk\u00f3w meteorologicznych niezb\u0119dna jest odpowiednia dyspozycja pilota dedykowanego na lot oraz odpowiedni stan techniczny \u015bmig\u0142owca, kt\u00f3ry weryfikowany jest szczeg\u00f3\u0142owo przed ka\u017cdym dniem lotnym lub dodatkowo przed lotem. Helipoland nie ponosi odpowiedzialno\u015bci za dochowanie um\u00f3wionego terminu lotu, szczeg\u00f3lnie wskutek nieodpowiednich\/niepewnych warunk\u00f3w meteorologicznych, niedyspozycji pilota lub niesprawno\u015bci \u015bmig\u0142owca.<\/span><\/p>","protected":false},"excerpt":{"rendered":"<p>Loty widokowe w rejonie Tatr organizowane s\u0105 standardowo z l\u0105dowiska Hotelu Bukovina (ul. Sportowa 22 34-530, Bukowina Tatrza\u0144ska). Z uwagi[&#8230;..]<\/p>\n","protected":false},"author":1,"featured_media":0,"parent":536,"menu_order":0,"comment_status":"closed","ping_status":"closed","template":"template-fullwidth-with-form.php","meta":{"_acf_changed":false,"footnotes":""},"class_list":["post-4433","page","type-page","status-publish","hentry"],"acf":[],"yoast_head":"<!-- This site is optimized with the Yoast SEO plugin v24.8.1 - https:\/\/yoast.com\/wordpress\/plugins\/seo\/ -->\n<title>Loty \u015bmig\u0142owcem w g\u00f3rach - Tatry - Bukowina, Zakopane, Bia\u0142ka Tatrza\u0144ska - Helipoland.com<\/title>\n<meta name=\"description\" content=\"Loty widokowe \u015bmig\u0142owcem nad Tatrami to wyjatkowa przygoda. Sp\u00f3jrz na Bukowin\u0119, Zakopane, Bia\u0142k\u0119 Tatrza\u0144sk\u0105 z innej perspektywy. Zapraszamy.\" \/>\n<meta name=\"robots\" content=\"index, follow, max-snippet:-1, max-image-preview:large, max-video-preview:-1\" \/>\n<link rel=\"canonical\" href=\"https:\/\/helipoland.com\/loty-widokowe\/tatry-bukowina-zakopane-bialka-tatrzanska\/\" \/>\n<meta property=\"og:locale\" content=\"pl_PL\" \/>\n<meta property=\"og:type\" content=\"article\" \/>\n<meta property=\"og:title\" content=\"Loty \u015bmig\u0142owcem w g\u00f3rach - Tatry - Bukowina, Zakopane, Bia\u0142ka Tatrza\u0144ska - Helipoland.com\" \/>\n<meta property=\"og:description\" content=\"{:pl}Loty widokowe \u015bmig\u0142owcem nad Tatrami to wyjatkowa przygoda. Sp\u00f3jrz na Bukowin\u0119, Zakopane, Bia\u0142k\u0119 Tatrza\u0144sk\u0105 z innej perspektywy. Zapraszamy.{:}\" \/>\n<meta property=\"og:url\" content=\"https:\/\/helipoland.com\/loty-widokowe\/tatry-bukowina-zakopane-bialka-tatrzanska\/\" \/>\n<meta property=\"og:site_name\" content=\"Helipoland.com\" \/>\n<meta property=\"article:modified_time\" content=\"2024-09-02T20:46:08+00:00\" \/>\n<meta name=\"twitter:label1\" content=\"Szacowany czas czytania\" \/>\n\t<meta name=\"twitter:data1\" content=\"13 minut\" \/>\n<script type=\"application\/ld+json\" class=\"yoast-schema-graph\">{\"@context\":\"https:\/\/schema.org\",\"@graph\":[{\"@type\":\"WebPage\",\"@id\":\"https:\/\/helipoland.com\/loty-widokowe\/tatry-bukowina-zakopane-bialka-tatrzanska\/\",\"url\":\"https:\/\/helipoland.com\/loty-widokowe\/tatry-bukowina-zakopane-bialka-tatrzanska\/\",\"name\":\"Loty \u015bmig\u0142owcem w g\u00f3rach - Tatry - Bukowina, Zakopane, Bia\u0142ka Tatrza\u0144ska - Helipoland.com\",\"isPartOf\":{\"@id\":\"https:\/\/helipoland.com\/pl\/#website\"},\"datePublished\":\"2019-11-10T23:02:53+00:00\",\"dateModified\":\"2024-09-02T20:46:08+00:00\",\"description\":\"{:pl}Loty widokowe \u015bmig\u0142owcem nad Tatrami to wyjatkowa przygoda. Sp\u00f3jrz na Bukowin\u0119, Zakopane, Bia\u0142k\u0119 Tatrza\u0144sk\u0105 z innej perspektywy. Zapraszamy.{:}\",\"breadcrumb\":{\"@id\":\"https:\/\/helipoland.com\/loty-widokowe\/tatry-bukowina-zakopane-bialka-tatrzanska\/#breadcrumb\"},\"inLanguage\":\"pl-PL\",\"potentialAction\":[{\"@type\":\"ReadAction\",\"target\":[\"https:\/\/helipoland.com\/loty-widokowe\/tatry-bukowina-zakopane-bialka-tatrzanska\/\"]}]},{\"@type\":\"BreadcrumbList\",\"@id\":\"https:\/\/helipoland.com\/loty-widokowe\/tatry-bukowina-zakopane-bialka-tatrzanska\/#breadcrumb\",\"itemListElement\":[{\"@type\":\"ListItem\",\"position\":1,\"name\":\"Helipoland.com\",\"item\":\"https:\/\/helipoland.com\/pl\/\"},{\"@type\":\"ListItem\",\"position\":2,\"name\":\"Loty widokowe\",\"item\":\"https:\/\/helipoland.com\/pl\/loty-widokowe\/\"},{\"@type\":\"ListItem\",\"position\":3,\"name\":\"Loty \u015bmig\u0142owcem w g\u00f3rach &#8211; Tatry &#8211; Bukowina, Zakopane, Bia\u0142ka Tatrza\u0144ska\"}]},{\"@type\":\"WebSite\",\"@id\":\"https:\/\/helipoland.com\/pl\/#website\",\"url\":\"https:\/\/helipoland.com\/pl\/\",\"name\":\"Helipoland.com\",\"description\":\"Loty helikopterem, szko\u0142a latania, us\u0142ugi lotnicze, \u015bmig\u0142owce\",\"potentialAction\":[{\"@type\":\"SearchAction\",\"target\":{\"@type\":\"EntryPoint\",\"urlTemplate\":\"https:\/\/helipoland.com\/pl\/?s={search_term_string}\"},\"query-input\":{\"@type\":\"PropertyValueSpecification\",\"valueRequired\":true,\"valueName\":\"search_term_string\"}}],\"inLanguage\":\"pl-PL\"}]}<\/script>\n<!-- \/ Yoast SEO plugin. -->","yoast_head_json":{"title":"Loty \u015bmig\u0142owcem w g\u00f3rach - Tatry - Bukowina, Zakopane, Bia\u0142ka Tatrza\u0144ska - Helipoland.com","description":"Loty widokowe \u015bmig\u0142owcem nad Tatrami to wyjatkowa przygoda. Sp\u00f3jrz na Bukowin\u0119, Zakopane, Bia\u0142k\u0119 Tatrza\u0144sk\u0105 z innej perspektywy. Zapraszamy.","robots":{"index":"index","follow":"follow","max-snippet":"max-snippet:-1","max-image-preview":"max-image-preview:large","max-video-preview":"max-video-preview:-1"},"canonical":"https:\/\/helipoland.com\/loty-widokowe\/tatry-bukowina-zakopane-bialka-tatrzanska\/","og_locale":"pl_PL","og_type":"article","og_title":"Loty \u015bmig\u0142owcem w g\u00f3rach - Tatry - Bukowina, Zakopane, Bia\u0142ka Tatrza\u0144ska - Helipoland.com","og_description":"{:pl}Loty widokowe \u015bmig\u0142owcem nad Tatrami to wyjatkowa przygoda. Sp\u00f3jrz na Bukowin\u0119, Zakopane, Bia\u0142k\u0119 Tatrza\u0144sk\u0105 z innej perspektywy. Zapraszamy.{:}","og_url":"https:\/\/helipoland.com\/loty-widokowe\/tatry-bukowina-zakopane-bialka-tatrzanska\/","og_site_name":"Helipoland.com","article_modified_time":"2024-09-02T20:46:08+00:00","twitter_misc":{"Szacowany czas czytania":"13 minut"},"schema":{"@context":"https:\/\/schema.org","@graph":[{"@type":"WebPage","@id":"https:\/\/helipoland.com\/loty-widokowe\/tatry-bukowina-zakopane-bialka-tatrzanska\/","url":"https:\/\/helipoland.com\/loty-widokowe\/tatry-bukowina-zakopane-bialka-tatrzanska\/","name":"Loty \u015bmig\u0142owcem w g\u00f3rach - Tatry - Bukowina, Zakopane, Bia\u0142ka Tatrza\u0144ska - Helipoland.com","isPartOf":{"@id":"https:\/\/helipoland.com\/pl\/#website"},"datePublished":"2019-11-10T23:02:53+00:00","dateModified":"2024-09-02T20:46:08+00:00","description":"{:pl}Loty widokowe \u015bmig\u0142owcem nad Tatrami to wyjatkowa przygoda. Sp\u00f3jrz na Bukowin\u0119, Zakopane, Bia\u0142k\u0119 Tatrza\u0144sk\u0105 z innej perspektywy. Zapraszamy.{:}","breadcrumb":{"@id":"https:\/\/helipoland.com\/loty-widokowe\/tatry-bukowina-zakopane-bialka-tatrzanska\/#breadcrumb"},"inLanguage":"pl-PL","potentialAction":[{"@type":"ReadAction","target":["https:\/\/helipoland.com\/loty-widokowe\/tatry-bukowina-zakopane-bialka-tatrzanska\/"]}]},{"@type":"BreadcrumbList","@id":"https:\/\/helipoland.com\/loty-widokowe\/tatry-bukowina-zakopane-bialka-tatrzanska\/#breadcrumb","itemListElement":[{"@type":"ListItem","position":1,"name":"Helipoland.com","item":"https:\/\/helipoland.com\/pl\/"},{"@type":"ListItem","position":2,"name":"Loty widokowe","item":"https:\/\/helipoland.com\/pl\/loty-widokowe\/"},{"@type":"ListItem","position":3,"name":"Loty \u015bmig\u0142owcem w g\u00f3rach &#8211; Tatry &#8211; Bukowina, Zakopane, Bia\u0142ka Tatrza\u0144ska"}]},{"@type":"WebSite","@id":"https:\/\/helipoland.com\/pl\/#website","url":"https:\/\/helipoland.com\/pl\/","name":"Helipoland.com","description":"Loty helikopterem, szko\u0142a latania, us\u0142ugi lotnicze, \u015bmig\u0142owce","potentialAction":[{"@type":"SearchAction","target":{"@type":"EntryPoint","urlTemplate":"https:\/\/helipoland.com\/pl\/?s={search_term_string}"},"query-input":{"@type":"PropertyValueSpecification","valueRequired":true,"valueName":"search_term_string"}}],"inLanguage":"pl-PL"}]}},"_links":{"self":[{"href":"https:\/\/helipoland.com\/pl\/wp-json\/wp\/v2\/pages\/4433","targetHints":{"allow":["GET"]}}],"collection":[{"href":"https:\/\/helipoland.com\/pl\/wp-json\/wp\/v2\/pages"}],"about":[{"href":"https:\/\/helipoland.com\/pl\/wp-json\/wp\/v2\/types\/page"}],"author":[{"embeddable":true,"href":"https:\/\/helipoland.com\/pl\/wp-json\/wp\/v2\/users\/1"}],"replies":[{"embeddable":true,"href":"https:\/\/helipoland.com\/pl\/wp-json\/wp\/v2\/comments?post=4433"}],"version-history":[{"count":67,"href":"https:\/\/helipoland.com\/pl\/wp-json\/wp\/v2\/pages\/4433\/revisions"}],"predecessor-version":[{"id":6004,"href":"https:\/\/helipoland.com\/pl\/wp-json\/wp\/v2\/pages\/4433\/revisions\/6004"}],"up":[{"embeddable":true,"href":"https:\/\/helipoland.com\/pl\/wp-json\/wp\/v2\/pages\/536"}],"wp:attachment":[{"href":"https:\/\/helipoland.com\/pl\/wp-json\/wp\/v2\/media?parent=4433"}],"curies":[{"name":"wp","href":"https:\/\/api.w.org\/{rel}","templated":true}]}}