{"id":4863,"date":"2020-04-01T17:29:17","date_gmt":"2020-04-01T17:29:17","guid":{"rendered":"https:\/\/helipoland.com\/?page_id=4863"},"modified":"2023-01-19T11:02:15","modified_gmt":"2023-01-19T11:02:15","slug":"loty-agrotechniczne-opryski-i-opylanie","status":"publish","type":"page","link":"https:\/\/helipoland.com\/pl\/loty-specjalistyczne\/loty-agrotechniczne-opryski-i-opylanie\/","title":{"rendered":"Loty agrotechniczne (opryski i opylanie)"},"content":{"rendered":"<h2 style=\"text-align: justify;\"><span style=\"color: #000000;\">HISTORIA OPRYSK\u00d3W Z POWIETRZA<\/span><\/h2>\n<p style=\"text-align: justify;\"><span style=\"color: #000000;\">Wykorzystanie statk\u00f3w powietrznych do pryskania upraw chemikaliami, nawozami i nasionami ma ju\u017c ponad sto lat.<\/span><\/p>\n<p style=\"text-align: justify;\"><span style=\"color: #000000;\">Pierwsze znane zastosowanie rozpylania materia\u0142\u00f3w rolniczych z powietrza mia\u0142o miejsce w 1906 r., kiedy John Chaytor rozrzuci\u0142 nasiona na bagnistym dnie doliny w Nowej Zelandii z balonu na ogrzane powietrze za pomoc\u0105 przeno\u015bnych uwi\u0119zi.<\/span><\/p>\n<p style=\"text-align: justify;\"><span style=\"color: #000000;\">Pierwszy patent dotycz\u0105cy wykorzystania samolot\u00f3w w rolnictwie zosta\u0142 przyznany do 1911 r. przez Cesarski Urz\u0105d Patentowy w Berlinie w Niemczech. Dziesi\u0119\u0107 lat p\u00f3\u017aniej dw\u00f3ch Amerykan\u00f3w u\u017cy\u0142o dwup\u0142atowca Curtiss JN-6H Jenny, aby po raz pierwszy z powodzeniem odkurzy\u0107 plony w Stanach Zjednoczonych.<\/span><\/p>\n<p style=\"text-align: justify;\"><span style=\"color: #000000;\">W 1957 roku firma lotnicza Grumman rozpocz\u0119\u0142a produkcj\u0119 samolotu G-164 Ag-Cat, zaprojektowanego przez du\u017c\u0105 firm\u0119 lotnictwa rolniczego. A\u017c do tego momentu, r\u00f3\u017cne regularne samoloty, zdolne do latania nisko i powoli, by\u0142y dostosowywane przez pilot\u00f3w do wykonywania zada\u0144 oprysk\u00f3w.<\/span><\/p>\n<p style=\"text-align: justify;\"><span style=\"color: #000000;\">Chocia\u017c w r\u00f3\u017cnych czasach borykano si\u0119 z kwestiami bezpiecze\u0144stwa oraz stosowaniem w\u0105tpliwych pestycyd\u00f3w i szkodliwych chemikali\u00f3w, opryski upraw rolnych sta\u0142y si\u0119 wa\u017cn\u0105 cz\u0119\u015bci\u0105 przemys\u0142u rolnego. Obecnie stosowanie oprysk\u00f3w z powietrza stanowi prawie 20% wszystkich stosowanych \u015brodk\u00f3w ochrony ro\u015blin w gospodarstwach komercyjnych.<\/span><\/p>\n<h3 style=\"text-align: justify;\"><span style=\"color: #000000;\">LOTNICZE OPRYSKI UPRAW<\/span><\/h3>\n<p style=\"text-align: justify;\"><span style=\"color: #000000;\">Samoloty rolnicze s\u0105 zaprojektowane tak, aby pilot mia\u0142 widoczno\u015b\u0107 we wszystkich kierunkach. Stosowane s\u0105 specjalistyczne systemy wentylacyjne, kt\u00f3re chroni\u0105 pilota przed kontaktem z niebezpiecznymi chemikaliami, pomagaj\u0105 zmniejszy\u0107 zm\u0119czenie pilota, zapewniaj\u0105 bezpiecze\u0144stwo pilota i chroni\u0105 samolot przed \u017cr\u0105cymi mieszaninami chemicznymi.<\/span><\/p>\n<p style=\"text-align: justify;\"><span style=\"color: #000000;\">Wszystkie rolnicze samoloty do opryskiwania z powietrza musz\u0105 by\u0107 w stanie wydajnie dzia\u0142a\u0107 przy niskich pr\u0119dko\u015bciach i przewozi\u0107 ci\u0119\u017ckie \u0142adunki. Do po\u0142owy lat 50. do opryskiwania upraw rolniczych u\u017cywano wy\u0142\u0105cznie samolot\u00f3w.<\/span><\/p>\n<p style=\"text-align: justify;\"><span style=\"color: #000000;\">Zmieni\u0142o si\u0119 to, gdy helikoptery odegra\u0142y wa\u017cn\u0105 rol\u0119 w transporcie rannych \u017co\u0142nierzy i zaopatrzenia podczas wojny korea\u0144skiej. Ich wszechstronno\u015b\u0107 i zdolno\u015b\u0107 do precyzyjnego zawisu nagle da\u0142y firmom zajmuj\u0105cym si\u0119 opryskami i opylaniem upraw realn\u0105 alternatyw\u0119 dla samolot\u00f3w.<\/span><\/p>\n<h3 style=\"text-align: justify;\"><span style=\"color: #000000;\">\u015aMIG\u0141OWCE A SAMOLOTY DO OPRYSK\u00d3W<\/span><\/h3>\n<p style=\"text-align: justify;\"><span style=\"color: #000000;\">Oba typy statk\u00f3w powietrznych maj\u0105 swoje plusy i minusy jako lotnicze rolnicze platformy opryskowe dla ochrony ro\u015blin.<\/span><\/p>\n<p style=\"text-align: justify;\"><span style=\"color: #000000;\">Samoloty s\u0105 ta\u0144sze w zakupie lub wynajmie, piloci s\u0105 \u0142atwiej szkoleni, potrzeba mniej cz\u0119\u015bci, konserwacja samolot\u00f3w jest prostsza i s\u0105 generalnie ta\u0144sze w obs\u0142udze dla us\u0142ug ochrony ro\u015blin.<\/span><\/p>\n<p style=\"text-align: justify;\"><span style=\"color: #000000;\">Z drugiej strony\u00a0 helikopter\u00f3w maj\u0105 przewag\u0119 nad opryskami w kilku wa\u017cnych funkcjach opylania upraw. Po pierwsze, helikoptery mog\u0105 za\u0142adowa\u0107 si\u0119 z ci\u0119\u017car\u00f3wki zaparkowanej bezpo\u015brednio przy polach, kt\u00f3re opryskuj\u0105. Samoloty musz\u0105 lecie\u0107 na lotnisko w celu prze\u0142adowania, co wyd\u0142u\u017ca czas przeprawy, co przek\u0142ada si\u0119 na dodatkowe koszty. Czas oprysku z powietrza to czas lotu, w kt\u00f3rym statek powietrzny wykonuje natrysk z powietrza.<\/span><\/p>\n<p style=\"text-align: justify;\"><span style=\"color: #000000;\">\u015amig\u0142owce znacznie lepiej sprawdzaj\u0105 si\u0119 na ma\u0142ych, nieregularnych polach i obszarach otoczonych przeszkodami, takimi jak drzewa czy linie energetyczne. Inn\u0105 kwesti\u0105, kt\u00f3ra cieszy rolnik\u00f3w przy opryskach ze \u015bmig\u0142owca, jest fakt, \u017ce strumienie powietrza z wirnika pomagaj\u0105 rozprowadza\u0107 chemikalia na spodniej stronie ro\u015blin, gdzie znajduj\u0105 si\u0119 owady, grzyby i inne szkodniki.<\/span><\/p>\n<p style=\"text-align: justify;\"><span style=\"color: #000000;\">Nie ma w\u0105tpliwo\u015bci, \u017ce \u015bmig\u0142owce mog\u0105 dostarcza\u0107 substancje szybciej, ze znacznie wi\u0119ksz\u0105 dok\u0142adno\u015bci\u0105 ni\u017c samoloty. Od rolnika zale\u017cy wyb\u00f3r konkretnego statku powietrznego, kt\u00f3ry odpowiada jego potrzebom.<\/span><\/p>\n<h3 style=\"text-align: justify;\"><span style=\"color: #000000;\">&#8222;ERA DRON\u00d3W&#8221;<\/span><\/h3>\n<p style=\"text-align: justify;\"><span style=\"color: #000000;\">Od 2019 roku na rynku pojawiaj\u0105 si\u0119 prototypy dron\u00f3w, kt\u00f3re docelowo maj\u0105 konkurowa\u0107 ze \u015bmig\u0142owcami tak\u017ce w dziedzinie oprysk\u00f3w i opylania z powietrza.<\/span><\/p>\n<p><a href=\"https:\/\/helipoland.com\/loty-specjalistyczne\/loty-agrotechniczne-opryski-i-opylanie\/img_1284\/\" rel=\"attachment wp-att-5583\"><img loading=\"lazy\" decoding=\"async\" class=\"aligncenter size-full wp-image-5583\" src=\"https:\/\/helipoland.com\/wp-content\/uploads\/2022\/07\/IMG_1284-e1656878040178.jpeg\" alt=\"Aerial spraying\" width=\"1410\" height=\"940\" \/><\/a><\/p>\n<h2 style=\"text-align: justify;\"><span style=\"color: #000000;\">Zalety oprysk\u00f3w ro\u015blin z u\u017cyciem \u015bmig\u0142owc\u00f3w:<\/span><\/h2>\n<ol style=\"text-align: justify;\">\n<li><span style=\"color: #000000;\">Opryski w miejscach niedost\u0119pnych dla opryskiwaczy gruntowych, np. opryski las\u00f3w.<\/span><\/li>\n<li><span style=\"color: #000000;\">Brak &#8222;deptania&#8221; upraw.<\/span><\/li>\n<li><span style=\"color: #000000;\">Zaawansowana technologia GPS zapewniaj\u0105ca dok\u0142adno\u015b\u0107 i precyzj\u0119.<\/span><\/li>\n<li><span style=\"color: #000000;\">Pr\u0105dy powietrza z \u0142opat wirnika wpychaj\u0105 produkt w g\u0142\u0105b czaszy ro\u015blinnej.<\/span><\/li>\n<li><span style=\"color: #000000;\">Pr\u0105dy powietrza, kt\u00f3re schodz\u0105 z \u0142opat wirnika, umo\u017cliwiaj\u0105 rozprowadzenie produktu na spodniej stronie li\u015bci (szczeg\u00f3lnie wa\u017cne w przypadku \u015brodk\u00f3w owadob\u00f3jczych, zw\u0142aszcza mszyc).<\/span><\/li>\n<li><span style=\"color: #000000;\">Koszt bywa por\u00f3wnywalny z opryskiwaniem gruntu, je\u015bli uwzgl\u0119dni si\u0119 brak uszkodzonych upraw.<\/span><\/li>\n<li><span style=\"color: #000000;\">Na polach nie powstaj\u0105 koleiny (co mo\u017ce wyst\u0105pi\u0107 w przypadku opryskiwaczy gruntowych).<\/span><\/li>\n<li><span style=\"color: #000000;\">Szybka aplikacja na du\u017cych obszarach.<\/span><\/li>\n<\/ol>\n<h2 style=\"text-align: justify;\"><span style=\"color: #000000;\">Zakres us\u0142ug agrolotniczych:<\/span><\/h2>\n<p style=\"text-align: justify;\"><span style=\"color: #000000;\"><strong>OCHRONA UPRAW<\/strong><\/span><br \/>\n<span style=\"color: #000000;\">W ch\u0142odniejszych miesi\u0105cach np. w winnicach lub sadach wi\u015bni przeprowadza si\u0119 ochron\u0119 upraw przed przymrozkami, poprzez usuni\u0119cie nadmiaru wilgoci lub \u015bci\u0105ganie cieplejszego powietrza przy ryzyku wyst\u0119powania przymrozk\u00f3w z inwersji.<\/span><\/p>\n<p style=\"text-align: justify;\"><span style=\"color: #000000;\"><strong>ZASTOSOWANIE HERBICYD\u00d3W GRANULOWANYCH<\/strong><\/span><br \/>\n<span style=\"color: #000000;\">U\u017cywane np. z unikalnymi wydawkami Isolair przymocowanymi z bok\u00f3w \u015bmig\u0142owca. To urz\u0105dzenie jest precyzyjnie zaprojektowane do aplikacji z nisk\u0105 szybko\u015bci\u0105 i precyzj\u0105.<\/span><\/p>\n<p style=\"text-align: justify;\"><span style=\"color: #000000;\"><strong>OWADY \/ HERBICYDY \/ FUNGICYDY<\/strong><\/span><br \/>\n<span style=\"color: #000000;\">Opryski przeciw insektow na uprawach mog\u0105 czasami mie\u0107 fundamentalne znaczenie dla zapewnienia uprawom \u017cycia. \u015amig\u0142owiec leci nisko, aby zapewni\u0107 penetracj\u0119 upraw, a jednocze\u015bnie \u0142atwo l\u0105dowa\u0107 na dowolnej otwartej przestrzeni, oszcz\u0119dzaj\u0105c czas, zamiast lata\u0107 na i z pas\u00f3w startowych.<\/span><\/p>\n<p style=\"text-align: justify;\"><span style=\"color: #000000;\"><strong>WYSIEW<\/strong><\/span><br \/>\n<span style=\"color: #000000;\">Siewy mo\u017cna wykonywa\u0107 za pomoc\u0105 rozsiewacza lub podwieszonego wiadra do nawozu, idealnego do siew\u00f3w na pastwiskach i regeneracji pastwisk.<\/span><\/p>\n<p><a href=\"https:\/\/helipoland.com\/isolair-as350-helipoland\/\"><img loading=\"lazy\" decoding=\"async\" class=\"aligncenter size-full wp-image-5584\" src=\"https:\/\/helipoland.com\/wp-content\/uploads\/2022\/07\/Isolair-AS350-Helipoland.jpeg\" alt=\"Isolair AS350 Helipoland\" width=\"880\" height=\"424\" srcset=\"https:\/\/helipoland.com\/wp-content\/uploads\/2022\/07\/Isolair-AS350-Helipoland.jpeg 880w, https:\/\/helipoland.com\/wp-content\/uploads\/2022\/07\/Isolair-AS350-Helipoland-300x145.jpeg 300w, https:\/\/helipoland.com\/wp-content\/uploads\/2022\/07\/Isolair-AS350-Helipoland-768x370.jpeg 768w, https:\/\/helipoland.com\/wp-content\/uploads\/2022\/07\/Isolair-AS350-Helipoland-600x289.jpeg 600w\" sizes=\"auto, (max-width: 880px) 100vw, 880px\" \/><\/a>","protected":false},"excerpt":{"rendered":"<p>HISTORIA OPRYSK\u00d3W Z POWIETRZA Wykorzystanie statk\u00f3w powietrznych do pryskania upraw chemikaliami, nawozami i nasionami ma ju\u017c ponad sto lat. Pierwsze[&#8230;..]<\/p>\n","protected":false},"author":1,"featured_media":0,"parent":2145,"menu_order":0,"comment_status":"closed","ping_status":"closed","template":"template-fullwidth-with-form.php","meta":{"_acf_changed":false,"footnotes":""},"class_list":["post-4863","page","type-page","status-publish","hentry"],"acf":[],"yoast_head":"<!-- This site is optimized with the Yoast SEO plugin v24.8.1 - https:\/\/yoast.com\/wordpress\/plugins\/seo\/ -->\n<title>Loty agrotechniczne (opryski i opylanie) - Helipoland.com<\/title>\n<meta name=\"robots\" content=\"index, follow, max-snippet:-1, max-image-preview:large, max-video-preview:-1\" \/>\n<link rel=\"canonical\" href=\"https:\/\/helipoland.com\/loty-specjalistyczne\/loty-agrotechniczne-opryski-i-opylanie\/\" \/>\n<meta property=\"og:locale\" content=\"pl_PL\" \/>\n<meta property=\"og:type\" content=\"article\" \/>\n<meta property=\"og:title\" content=\"Loty agrotechniczne (opryski i opylanie) - Helipoland.com\" \/>\n<meta property=\"og:description\" content=\"HISTORIA OPRYSK\u00d3W Z POWIETRZA Wykorzystanie statk\u00f3w powietrznych do pryskania upraw chemikaliami, nawozami i nasionami ma ju\u017c ponad sto lat. Pierwsze[.....]\" \/>\n<meta property=\"og:url\" content=\"https:\/\/helipoland.com\/loty-specjalistyczne\/loty-agrotechniczne-opryski-i-opylanie\/\" \/>\n<meta property=\"og:site_name\" content=\"Helipoland.com\" \/>\n<meta property=\"article:modified_time\" content=\"2023-01-19T11:02:15+00:00\" \/>\n<meta property=\"og:image\" content=\"https:\/\/helipoland.com\/wp-content\/uploads\/2022\/07\/IMG_1284-e1656878040178.jpeg\" \/>\n<meta name=\"twitter:label1\" content=\"Szacowany czas czytania\" \/>\n\t<meta name=\"twitter:data1\" content=\"8 minut\" \/>\n<script type=\"application\/ld+json\" class=\"yoast-schema-graph\">{\"@context\":\"https:\/\/schema.org\",\"@graph\":[{\"@type\":\"WebPage\",\"@id\":\"https:\/\/helipoland.com\/loty-specjalistyczne\/loty-agrotechniczne-opryski-i-opylanie\/\",\"url\":\"https:\/\/helipoland.com\/loty-specjalistyczne\/loty-agrotechniczne-opryski-i-opylanie\/\",\"name\":\"Loty agrotechniczne (opryski i opylanie) - Helipoland.com\",\"isPartOf\":{\"@id\":\"https:\/\/helipoland.com\/pl\/#website\"},\"primaryImageOfPage\":{\"@id\":\"https:\/\/helipoland.com\/loty-specjalistyczne\/loty-agrotechniczne-opryski-i-opylanie\/#primaryimage\"},\"image\":{\"@id\":\"https:\/\/helipoland.com\/loty-specjalistyczne\/loty-agrotechniczne-opryski-i-opylanie\/#primaryimage\"},\"thumbnailUrl\":\"https:\/\/helipoland.com\/wp-content\/uploads\/2022\/07\/IMG_1284-e1656878040178.jpeg\",\"datePublished\":\"2020-04-01T17:29:17+00:00\",\"dateModified\":\"2023-01-19T11:02:15+00:00\",\"breadcrumb\":{\"@id\":\"https:\/\/helipoland.com\/loty-specjalistyczne\/loty-agrotechniczne-opryski-i-opylanie\/#breadcrumb\"},\"inLanguage\":\"pl-PL\",\"potentialAction\":[{\"@type\":\"ReadAction\",\"target\":[\"https:\/\/helipoland.com\/loty-specjalistyczne\/loty-agrotechniczne-opryski-i-opylanie\/\"]}]},{\"@type\":\"ImageObject\",\"inLanguage\":\"pl-PL\",\"@id\":\"https:\/\/helipoland.com\/loty-specjalistyczne\/loty-agrotechniczne-opryski-i-opylanie\/#primaryimage\",\"url\":\"https:\/\/helipoland.com\/wp-content\/uploads\/2022\/07\/IMG_1284-e1656878040178.jpeg\",\"contentUrl\":\"https:\/\/helipoland.com\/wp-content\/uploads\/2022\/07\/IMG_1284-e1656878040178.jpeg\"},{\"@type\":\"BreadcrumbList\",\"@id\":\"https:\/\/helipoland.com\/loty-specjalistyczne\/loty-agrotechniczne-opryski-i-opylanie\/#breadcrumb\",\"itemListElement\":[{\"@type\":\"ListItem\",\"position\":1,\"name\":\"Helipoland.com\",\"item\":\"https:\/\/helipoland.com\/pl\/\"},{\"@type\":\"ListItem\",\"position\":2,\"name\":\"Loty Specjalistyczne\",\"item\":\"https:\/\/helipoland.com\/loty-specjalistyczne\/\"},{\"@type\":\"ListItem\",\"position\":3,\"name\":\"Loty agrotechniczne (opryski i opylanie)\"}]},{\"@type\":\"WebSite\",\"@id\":\"https:\/\/helipoland.com\/pl\/#website\",\"url\":\"https:\/\/helipoland.com\/pl\/\",\"name\":\"Helipoland.com\",\"description\":\"Loty helikopterem, szko\u0142a latania, us\u0142ugi lotnicze, \u015bmig\u0142owce\",\"potentialAction\":[{\"@type\":\"SearchAction\",\"target\":{\"@type\":\"EntryPoint\",\"urlTemplate\":\"https:\/\/helipoland.com\/pl\/?s={search_term_string}\"},\"query-input\":{\"@type\":\"PropertyValueSpecification\",\"valueRequired\":true,\"valueName\":\"search_term_string\"}}],\"inLanguage\":\"pl-PL\"}]}<\/script>\n<!-- \/ Yoast SEO plugin. -->","yoast_head_json":{"title":"Loty agrotechniczne (opryski i opylanie) - Helipoland.com","robots":{"index":"index","follow":"follow","max-snippet":"max-snippet:-1","max-image-preview":"max-image-preview:large","max-video-preview":"max-video-preview:-1"},"canonical":"https:\/\/helipoland.com\/loty-specjalistyczne\/loty-agrotechniczne-opryski-i-opylanie\/","og_locale":"pl_PL","og_type":"article","og_title":"Loty agrotechniczne (opryski i opylanie) - Helipoland.com","og_description":"HISTORIA OPRYSK\u00d3W Z POWIETRZA Wykorzystanie statk\u00f3w powietrznych do pryskania upraw chemikaliami, nawozami i nasionami ma ju\u017c ponad sto lat. Pierwsze[.....]","og_url":"https:\/\/helipoland.com\/loty-specjalistyczne\/loty-agrotechniczne-opryski-i-opylanie\/","og_site_name":"Helipoland.com","article_modified_time":"2023-01-19T11:02:15+00:00","og_image":[{"url":"https:\/\/helipoland.com\/wp-content\/uploads\/2022\/07\/IMG_1284-e1656878040178.jpeg","type":"","width":"","height":""}],"twitter_misc":{"Szacowany czas czytania":"8 minut"},"schema":{"@context":"https:\/\/schema.org","@graph":[{"@type":"WebPage","@id":"https:\/\/helipoland.com\/loty-specjalistyczne\/loty-agrotechniczne-opryski-i-opylanie\/","url":"https:\/\/helipoland.com\/loty-specjalistyczne\/loty-agrotechniczne-opryski-i-opylanie\/","name":"Loty agrotechniczne (opryski i opylanie) - Helipoland.com","isPartOf":{"@id":"https:\/\/helipoland.com\/pl\/#website"},"primaryImageOfPage":{"@id":"https:\/\/helipoland.com\/loty-specjalistyczne\/loty-agrotechniczne-opryski-i-opylanie\/#primaryimage"},"image":{"@id":"https:\/\/helipoland.com\/loty-specjalistyczne\/loty-agrotechniczne-opryski-i-opylanie\/#primaryimage"},"thumbnailUrl":"https:\/\/helipoland.com\/wp-content\/uploads\/2022\/07\/IMG_1284-e1656878040178.jpeg","datePublished":"2020-04-01T17:29:17+00:00","dateModified":"2023-01-19T11:02:15+00:00","breadcrumb":{"@id":"https:\/\/helipoland.com\/loty-specjalistyczne\/loty-agrotechniczne-opryski-i-opylanie\/#breadcrumb"},"inLanguage":"pl-PL","potentialAction":[{"@type":"ReadAction","target":["https:\/\/helipoland.com\/loty-specjalistyczne\/loty-agrotechniczne-opryski-i-opylanie\/"]}]},{"@type":"ImageObject","inLanguage":"pl-PL","@id":"https:\/\/helipoland.com\/loty-specjalistyczne\/loty-agrotechniczne-opryski-i-opylanie\/#primaryimage","url":"https:\/\/helipoland.com\/wp-content\/uploads\/2022\/07\/IMG_1284-e1656878040178.jpeg","contentUrl":"https:\/\/helipoland.com\/wp-content\/uploads\/2022\/07\/IMG_1284-e1656878040178.jpeg"},{"@type":"BreadcrumbList","@id":"https:\/\/helipoland.com\/loty-specjalistyczne\/loty-agrotechniczne-opryski-i-opylanie\/#breadcrumb","itemListElement":[{"@type":"ListItem","position":1,"name":"Helipoland.com","item":"https:\/\/helipoland.com\/pl\/"},{"@type":"ListItem","position":2,"name":"Loty Specjalistyczne","item":"https:\/\/helipoland.com\/loty-specjalistyczne\/"},{"@type":"ListItem","position":3,"name":"Loty agrotechniczne (opryski i opylanie)"}]},{"@type":"WebSite","@id":"https:\/\/helipoland.com\/pl\/#website","url":"https:\/\/helipoland.com\/pl\/","name":"Helipoland.com","description":"Loty helikopterem, szko\u0142a latania, us\u0142ugi lotnicze, \u015bmig\u0142owce","potentialAction":[{"@type":"SearchAction","target":{"@type":"EntryPoint","urlTemplate":"https:\/\/helipoland.com\/pl\/?s={search_term_string}"},"query-input":{"@type":"PropertyValueSpecification","valueRequired":true,"valueName":"search_term_string"}}],"inLanguage":"pl-PL"}]}},"_links":{"self":[{"href":"https:\/\/helipoland.com\/pl\/wp-json\/wp\/v2\/pages\/4863","targetHints":{"allow":["GET"]}}],"collection":[{"href":"https:\/\/helipoland.com\/pl\/wp-json\/wp\/v2\/pages"}],"about":[{"href":"https:\/\/helipoland.com\/pl\/wp-json\/wp\/v2\/types\/page"}],"author":[{"embeddable":true,"href":"https:\/\/helipoland.com\/pl\/wp-json\/wp\/v2\/users\/1"}],"replies":[{"embeddable":true,"href":"https:\/\/helipoland.com\/pl\/wp-json\/wp\/v2\/comments?post=4863"}],"version-history":[{"count":8,"href":"https:\/\/helipoland.com\/pl\/wp-json\/wp\/v2\/pages\/4863\/revisions"}],"predecessor-version":[{"id":5793,"href":"https:\/\/helipoland.com\/pl\/wp-json\/wp\/v2\/pages\/4863\/revisions\/5793"}],"up":[{"embeddable":true,"href":"https:\/\/helipoland.com\/pl\/wp-json\/wp\/v2\/pages\/2145"}],"wp:attachment":[{"href":"https:\/\/helipoland.com\/pl\/wp-json\/wp\/v2\/media?parent=4863"}],"curies":[{"name":"wp","href":"https:\/\/api.w.org\/{rel}","templated":true}]}}