{"id":5427,"date":"2022-01-14T13:27:55","date_gmt":"2022-01-14T13:27:55","guid":{"rendered":"https:\/\/helipoland.com\/?page_id=5427"},"modified":"2024-07-18T08:36:20","modified_gmt":"2024-07-18T08:36:20","slug":"regulamin-lotow","status":"publish","type":"page","link":"https:\/\/helipoland.com\/pl\/loty-widokowe\/regulamin-lotow\/","title":{"rendered":"Regulamin lot\u00f3w widokowych"},"content":{"rendered":"<a href=\"https:\/\/helipoland.com\/instrukcja-bezpieczenstwa-w-pobliz%cc%87u-smiglowca\/\"><img loading=\"lazy\" decoding=\"async\" class=\"aligncenter size-full wp-image-5535\" src=\"https:\/\/helipoland.com\/wp-content\/uploads\/2022\/02\/Instrukcja-bezpiecze\u0144stwa-w-pobli\u017cu-\u015bmig\u0142owca-scaled.jpg\" alt=\"Regulamin lot\u00f3w widokowych\" width=\"1965\" height=\"2560\" \/><\/a><a href=\"https:\/\/helipoland.com\/regulamin-lotow-widokowych-1-2024-07-18\/\"><img loading=\"lazy\" decoding=\"async\" class=\"aligncenter size-full wp-image-5988\" src=\"https:\/\/helipoland.com\/wp-content\/uploads\/2024\/07\/Regulamin-lot\u00f3w-widokowych-1-2024.07.18-scaled.jpg\" alt=\"\" width=\"1809\" height=\"2560\" \/><\/a> <a href=\"https:\/\/helipoland.com\/regulamin-lotow-widokowych-2-2024-07-18\/\"><img loading=\"lazy\" decoding=\"async\" class=\"aligncenter size-full wp-image-5989\" src=\"https:\/\/helipoland.com\/wp-content\/uploads\/2024\/07\/Regulamin-lot\u00f3w-widokowych-2-2024.07.18-scaled.jpg\" alt=\"\" width=\"1809\" height=\"2560\" \/><\/a> <a href=\"https:\/\/helipoland.com\/regulamin-lotow-widokowych-3-2024-07-18\/\"><img loading=\"lazy\" decoding=\"async\" class=\"aligncenter size-full wp-image-5990\" src=\"https:\/\/helipoland.com\/wp-content\/uploads\/2024\/07\/Regulamin-lot\u00f3w-widokowych-3-2024.07.18-scaled.jpg\" alt=\"\" width=\"1809\" height=\"2560\" \/><\/a> <a href=\"https:\/\/helipoland.com\/regulamin-lotow-widokowych-4-2024-07-18\/\"><img loading=\"lazy\" decoding=\"async\" class=\"aligncenter size-full wp-image-5991\" src=\"https:\/\/helipoland.com\/wp-content\/uploads\/2024\/07\/Regulamin-lot\u00f3w-widokowych-4-2024.07.18-scaled.jpg\" alt=\"\" width=\"1809\" height=\"2560\" \/><\/a> <a href=\"https:\/\/helipoland.com\/regulamin-lotow-widokowych-5-2024-07-18\/\"><img loading=\"lazy\" decoding=\"async\" class=\"aligncenter size-full wp-image-5992\" src=\"https:\/\/helipoland.com\/wp-content\/uploads\/2024\/07\/Regulamin-lot\u00f3w-widokowych-5-2024.07.18-scaled.jpg\" alt=\"\" width=\"1809\" height=\"2560\" \/><\/a> <a href=\"https:\/\/helipoland.com\/regulamin-lotow-widokowych-6-2024-07-18\/\"><img loading=\"lazy\" decoding=\"async\" class=\"aligncenter size-full wp-image-5993\" src=\"https:\/\/helipoland.com\/wp-content\/uploads\/2024\/07\/Regulamin-lot\u00f3w-widokowych-6-2024.07.18-scaled.jpg\" alt=\"\" width=\"1809\" height=\"2560\" \/><\/a><\/p>\n<h4><span style=\"color: #0000ff;\"><a style=\"color: #0000ff;\" href=\"https:\/\/helipoland.com\/wp-content\/uploads\/2022\/02\/Odst\u0105pienie-od-umowy-lotu-widokowego.pdf\">Odsta\u0328pienie od umowy lotu widokowego &#8211; pobierz pdf<\/a><\/span><\/h4>","protected":false},"excerpt":{"rendered":"<p>Odsta\u0328pienie od umowy lotu widokowego &#8211; pobierz pdf<\/p>\n","protected":false},"author":1,"featured_media":0,"parent":536,"menu_order":0,"comment_status":"closed","ping_status":"closed","template":"template-fullwidth-with-form.php","meta":{"_acf_changed":false,"footnotes":""},"class_list":["post-5427","page","type-page","status-publish","hentry"],"acf":[],"yoast_head":"<!-- This site is optimized with the Yoast SEO plugin v24.8.1 - https:\/\/yoast.com\/wordpress\/plugins\/seo\/ -->\n<title>Regulamin lot\u00f3w widokowych - Helipoland.com<\/title>\n<meta name=\"robots\" content=\"index, follow, max-snippet:-1, max-image-preview:large, max-video-preview:-1\" \/>\n<link rel=\"canonical\" href=\"https:\/\/helipoland.com\/pl\/loty-widokowe\/regulamin-lotow\/\" \/>\n<meta property=\"og:locale\" content=\"pl_PL\" \/>\n<meta property=\"og:type\" content=\"article\" \/>\n<meta property=\"og:title\" content=\"Regulamin lot\u00f3w widokowych - Helipoland.com\" \/>\n<meta property=\"og:description\" content=\"Odsta\u0328pienie od umowy lotu widokowego &#8211; pobierz pdf\" \/>\n<meta property=\"og:url\" content=\"https:\/\/helipoland.com\/pl\/loty-widokowe\/regulamin-lotow\/\" \/>\n<meta property=\"og:site_name\" content=\"Helipoland.com\" \/>\n<meta property=\"article:modified_time\" content=\"2024-07-18T08:36:20+00:00\" \/>\n<script type=\"application\/ld+json\" class=\"yoast-schema-graph\">{\"@context\":\"https:\/\/schema.org\",\"@graph\":[{\"@type\":\"WebPage\",\"@id\":\"https:\/\/helipoland.com\/pl\/loty-widokowe\/regulamin-lotow\/\",\"url\":\"https:\/\/helipoland.com\/pl\/loty-widokowe\/regulamin-lotow\/\",\"name\":\"Regulamin lot\u00f3w widokowych - Helipoland.com\",\"isPartOf\":{\"@id\":\"https:\/\/helipoland.com\/pl\/#website\"},\"datePublished\":\"2022-01-14T13:27:55+00:00\",\"dateModified\":\"2024-07-18T08:36:20+00:00\",\"breadcrumb\":{\"@id\":\"https:\/\/helipoland.com\/pl\/loty-widokowe\/regulamin-lotow\/#breadcrumb\"},\"inLanguage\":\"pl-PL\",\"potentialAction\":[{\"@type\":\"ReadAction\",\"target\":[\"https:\/\/helipoland.com\/pl\/loty-widokowe\/regulamin-lotow\/\"]}]},{\"@type\":\"BreadcrumbList\",\"@id\":\"https:\/\/helipoland.com\/pl\/loty-widokowe\/regulamin-lotow\/#breadcrumb\",\"itemListElement\":[{\"@type\":\"ListItem\",\"position\":1,\"name\":\"Helipoland.com\",\"item\":\"https:\/\/helipoland.com\/pl\/\"},{\"@type\":\"ListItem\",\"position\":2,\"name\":\"Loty widokowe\",\"item\":\"https:\/\/helipoland.com\/pl\/loty-widokowe\/\"},{\"@type\":\"ListItem\",\"position\":3,\"name\":\"Regulamin lot\u00f3w widokowych\"}]},{\"@type\":\"WebSite\",\"@id\":\"https:\/\/helipoland.com\/pl\/#website\",\"url\":\"https:\/\/helipoland.com\/pl\/\",\"name\":\"Helipoland.com\",\"description\":\"Loty helikopterem, szko\u0142a latania, us\u0142ugi lotnicze, \u015bmig\u0142owce\",\"potentialAction\":[{\"@type\":\"SearchAction\",\"target\":{\"@type\":\"EntryPoint\",\"urlTemplate\":\"https:\/\/helipoland.com\/pl\/?s={search_term_string}\"},\"query-input\":{\"@type\":\"PropertyValueSpecification\",\"valueRequired\":true,\"valueName\":\"search_term_string\"}}],\"inLanguage\":\"pl-PL\"}]}<\/script>\n<!-- \/ Yoast SEO plugin. -->","yoast_head_json":{"title":"Regulamin lot\u00f3w widokowych - Helipoland.com","robots":{"index":"index","follow":"follow","max-snippet":"max-snippet:-1","max-image-preview":"max-image-preview:large","max-video-preview":"max-video-preview:-1"},"canonical":"https:\/\/helipoland.com\/pl\/loty-widokowe\/regulamin-lotow\/","og_locale":"pl_PL","og_type":"article","og_title":"Regulamin lot\u00f3w widokowych - Helipoland.com","og_description":"Odsta\u0328pienie od umowy lotu widokowego &#8211; pobierz pdf","og_url":"https:\/\/helipoland.com\/pl\/loty-widokowe\/regulamin-lotow\/","og_site_name":"Helipoland.com","article_modified_time":"2024-07-18T08:36:20+00:00","schema":{"@context":"https:\/\/schema.org","@graph":[{"@type":"WebPage","@id":"https:\/\/helipoland.com\/pl\/loty-widokowe\/regulamin-lotow\/","url":"https:\/\/helipoland.com\/pl\/loty-widokowe\/regulamin-lotow\/","name":"Regulamin lot\u00f3w widokowych - Helipoland.com","isPartOf":{"@id":"https:\/\/helipoland.com\/pl\/#website"},"datePublished":"2022-01-14T13:27:55+00:00","dateModified":"2024-07-18T08:36:20+00:00","breadcrumb":{"@id":"https:\/\/helipoland.com\/pl\/loty-widokowe\/regulamin-lotow\/#breadcrumb"},"inLanguage":"pl-PL","potentialAction":[{"@type":"ReadAction","target":["https:\/\/helipoland.com\/pl\/loty-widokowe\/regulamin-lotow\/"]}]},{"@type":"BreadcrumbList","@id":"https:\/\/helipoland.com\/pl\/loty-widokowe\/regulamin-lotow\/#breadcrumb","itemListElement":[{"@type":"ListItem","position":1,"name":"Helipoland.com","item":"https:\/\/helipoland.com\/pl\/"},{"@type":"ListItem","position":2,"name":"Loty widokowe","item":"https:\/\/helipoland.com\/pl\/loty-widokowe\/"},{"@type":"ListItem","position":3,"name":"Regulamin lot\u00f3w widokowych"}]},{"@type":"WebSite","@id":"https:\/\/helipoland.com\/pl\/#website","url":"https:\/\/helipoland.com\/pl\/","name":"Helipoland.com","description":"Loty helikopterem, szko\u0142a latania, us\u0142ugi lotnicze, \u015bmig\u0142owce","potentialAction":[{"@type":"SearchAction","target":{"@type":"EntryPoint","urlTemplate":"https:\/\/helipoland.com\/pl\/?s={search_term_string}"},"query-input":{"@type":"PropertyValueSpecification","valueRequired":true,"valueName":"search_term_string"}}],"inLanguage":"pl-PL"}]}},"_links":{"self":[{"href":"https:\/\/helipoland.com\/pl\/wp-json\/wp\/v2\/pages\/5427","targetHints":{"allow":["GET"]}}],"collection":[{"href":"https:\/\/helipoland.com\/pl\/wp-json\/wp\/v2\/pages"}],"about":[{"href":"https:\/\/helipoland.com\/pl\/wp-json\/wp\/v2\/types\/page"}],"author":[{"embeddable":true,"href":"https:\/\/helipoland.com\/pl\/wp-json\/wp\/v2\/users\/1"}],"replies":[{"embeddable":true,"href":"https:\/\/helipoland.com\/pl\/wp-json\/wp\/v2\/comments?post=5427"}],"version-history":[{"count":5,"href":"https:\/\/helipoland.com\/pl\/wp-json\/wp\/v2\/pages\/5427\/revisions"}],"predecessor-version":[{"id":5995,"href":"https:\/\/helipoland.com\/pl\/wp-json\/wp\/v2\/pages\/5427\/revisions\/5995"}],"up":[{"embeddable":true,"href":"https:\/\/helipoland.com\/pl\/wp-json\/wp\/v2\/pages\/536"}],"wp:attachment":[{"href":"https:\/\/helipoland.com\/pl\/wp-json\/wp\/v2\/media?parent=5427"}],"curies":[{"name":"wp","href":"https:\/\/api.w.org\/{rel}","templated":true}]}}