{"id":5839,"date":"2023-01-31T14:33:45","date_gmt":"2023-01-31T14:33:45","guid":{"rendered":"https:\/\/helipoland.com\/?page_id=5839"},"modified":"2023-01-31T14:33:45","modified_gmt":"2023-01-31T14:33:45","slug":"widokowe-faq","status":"publish","type":"page","link":"https:\/\/helipoland.com\/pl\/loty-widokowe\/widokowe-faq\/","title":{"rendered":"Widokowe FAQ"},"content":{"rendered":"<p style=\"text-align: justify;\"><span style=\"color: #000000;\"><strong>Czy je\u015bli chc\u0119 polecie\u0107 sam\/sama, zap\u0142ac\u0119 mniej?<\/strong><\/span><\/p>\n<p style=\"text-align: justify;\"><span style=\"color: #000000;\">Cena za przelot przewa\u017cnie obejmuje ca\u0142y \u015bmig\u0142owiec, wi\u0119c dzieli si\u0119 na ilo\u015b\u0107 pasa\u017cer\u00f3w. Je\u017celi w trzyosobowym \u015bmig\u0142owcu poleci Pani sama, zap\u0142aci Pani za trzy miejsca. Je\u017celi znajdzie Pani dodatkowe dwie osoby, kt\u00f3re zrzuc\u0105 si\u0119 na koszt przelotu, zap\u0142aci Pani 1\/3 ceny.<\/span><\/p>\n<p style=\"text-align: justify;\"><span style=\"color: #000000;\"><strong>Ile kosztuje lot helikopterem?<\/strong><\/span><\/p>\n<p style=\"text-align: justify;\"><span style=\"color: #000000;\">Cena zale\u017cy od rodzaju \u015bmig\u0142owca, d\u0142ugo\u015bci lotu, a tak\u017ce d\u0142ugo\u015bci dolotu. Wst\u0119pnie mo\u017cemy sprawdzi\u0107 ceny na naszej stronie: https:\/\/helipoland.com\/pl\/cennik\/<\/span><\/p>\n<p style=\"text-align: justify;\"><span style=\"color: #000000;\"><strong>Czy jest mo\u017cliwo\u015b\u0107 lotu wi\u0119kszej ilo\u015bci pasa\u017cer\u00f3w ni\u017c pozwala na to limit \u015bmig\u0142owca?<\/strong><\/span><\/p>\n<p style=\"text-align: justify;\"><span style=\"color: #000000;\">Tak, ale wykonuj\u0105c wi\u0119ksz\u0105 ilo\u015b\u0107 lot\u00f3w. Ilo\u015b\u0107 pasa\u017cer\u00f3w \u015bmig\u0142owca jest opisana w instrukcji oraz w przepisach i jest to kwestia bezdyskusyjna ze wzgl\u0119du na bezpiecze\u0144stwo pasa\u017cer\u00f3w i pilota.<\/span><\/p>\n<p style=\"text-align: justify;\"><span style=\"color: #000000;\"><strong>Czy s\u0105 jakie\u015b przeciwskazania zdrowotne do lotu \u015bmig\u0142owcem?<\/strong><\/span><\/p>\n<p style=\"text-align: justify;\"><span style=\"color: #000000;\">Nic poza przeciwskazaniami lekarza prowadz\u0105cego.<\/span><\/p>\n<p style=\"text-align: justify;\"><span style=\"color: #000000;\"><strong>Czy loty odbywaj\u0105 si\u0119 w okresie zimowym?<\/strong><\/span><\/p>\n<p style=\"text-align: justify;\"><span style=\"color: #000000;\">Pora roku nie ma znaczenia, je\u017celi tylko pogoda pozwala na bezpieczne wykonanie lotu.<\/span><\/p>\n<p style=\"text-align: justify;\"><span style=\"color: #000000;\"><strong>Od ilu lat mog\u0105 lata\u0107 dzieci?<\/strong><\/span><\/p>\n<p style=\"text-align: justify;\"><span style=\"color: #000000;\">Od grugiego roku \u017cycia.<\/span><\/p>\n<p style=\"text-align: justify;\"><span style=\"color: #000000;\"><strong>Czy mo\u017cna lata\u0107 w nocy?<\/strong><\/span><\/p>\n<p style=\"text-align: justify;\"><span style=\"color: #000000;\">Tak, mo\u017cemy lata\u0107 r\u00f3wnie\u017c w nocy, jednak jest to ustalane indywidualnie.<\/span><\/p>\n<p style=\"text-align: justify;\"><span style=\"color: #000000;\"><strong>Chcia\u0142bym kupi\u0107 lot widokowy jako prezent, czy jest taka mo\u017cliwo\u015b\u0107?<\/strong><\/span><\/p>\n<p style=\"text-align: justify;\"><span style=\"color: #000000;\">Oczywi\u015bcie, oferujemy vouchery na loty widokowe. W tym celu nale\u017cy zg\u0142osi\u0107 si\u0119 telefonicznie lub mailowo: <a style=\"color: #000000;\" href=\"mailto:loty@helipoland.com\">loty@helipoland.com<\/a>,\u00a0 +48 664224466<\/span><\/p>\n<p style=\"text-align: justify;\"><span style=\"color: #000000;\"><strong>Ile kosztuje voucher i jaka jest jego data wa\u017cno\u015bci?<\/strong><\/span><\/p>\n<p style=\"text-align: justify;\"><span style=\"color: #000000;\">Voucher mo\u017cna kupi\u0107 na wybran\u0105 d\u0142ugo\u015b\u0107 lotu plus koszt vouchera. Przyk\u0142adowe ceny na naszej stronie: https:\/\/helipoland.com\/pl\/cennik\/. Wa\u017cno\u015b\u0107 Vouchera 6 miesi\u0119cy, przed\u0142u\u017cenie p\u0142atne.<\/span><\/p>\n<p style=\"text-align: justify;\"><span style=\"color: #000000;\"><strong>Czy podana cena w cenniku to koszt za jedn\u0105 osob\u0119 ?<\/strong><\/span><\/p>\n<p style=\"text-align: justify;\"><span style=\"color: #000000;\">Je\u017celi chodzi o loty widokowe, zawsze podajemy cen\u0119 za ca\u0142y \u015bmig\u0142owiec.<\/span><\/p>\n<p style=\"text-align: justify;\"><span style=\"color: #000000;\"><strong>Czy je\u015bli chc\u0119 zam\u00f3wi\u0107 lot widokowy dla dw\u00f3ch os\u00f3b to i tak musze wynaj\u0105\u0107 ca\u0142y \u015bmig\u0142owiec?<\/strong><\/span><\/p>\n<p style=\"text-align: justify;\"><span style=\"color: #000000;\">Je\u017celi chodzi o loty widokowe, zawsze podajemy cen\u0119 za ca\u0142y \u015bmig\u0142owiec.<\/span><\/p>\n<p style=\"text-align: justify;\"><span style=\"color: #000000;\"><strong>Ile wcze\u015bniej trzeba rezerwowa\u0107 lot?<\/strong><\/span><\/p>\n<p style=\"text-align: justify;\"><span style=\"color: #000000;\">Wystarczy zadzwoni\u0107 kilka dni wcze\u015bniej.<\/span><\/p>\n<p style=\"text-align: justify;\"><span style=\"color: #000000;\"><strong>Czy musze wp\u0142aci\u0107 zaliczk\u0119 za lot widokowy?<\/strong><\/span><\/p>\n<p style=\"text-align: justify;\"><span style=\"color: #000000;\">P\u0142atno\u015bci mo\u017cna dokona\u0107 na miejscu u pilota. Wyj\u0105tkiem s\u0105 loty zamawiane z dolotem w konkretne miejsce, wtedy p\u0142atno\u015b\u0107 z g\u00f3ry lub zaliczka pokrywaj\u0105ca koszty dolotu<\/span><\/p>\n<p style=\"text-align: justify;\"><span style=\"color: #000000;\"><strong>Jakie s\u0105 dost\u0119pne d\u0142ugo\u015bci i trasy lot\u00f3w?<\/strong><\/span><\/p>\n<p style=\"text-align: justify;\"><span style=\"color: #000000;\">Loty widokowe zaczynaj\u0105 si\u0119 od 15 min i ko\u0144cz\u0105 tam gdzie nasza wyobra\u017ania. Jeste\u015bmy w stanie zrealizowa\u0107 ka\u017cdy lot, kt\u00f3ry nie wykracza poza mo\u017cliwo\u015bci \u015bmig\u0142owca oraz zakres przepis\u00f3w prawa lotniczego.<\/span><\/p>\n<p style=\"text-align: justify;\"><span style=\"color: #000000;\"><strong>Chcia\u0142bym zarezerwowa\u0107 lot widokowy, jak mam to zrobi\u0107?<\/strong><\/span><\/p>\n<p style=\"text-align: justify;\"><span style=\"color: #000000;\">Telefonicznie lub mailowo: <a style=\"color: #000000;\" href=\"mailto:loty@helipoland.com\">loty@helipoland.com<\/a>,\u00a0 +48 664224466<\/span><\/p>\n<p style=\"text-align: justify;\"><span style=\"color: #000000;\"><strong>Czy mo\u017cna go wyposa\u017cy\u0107 w rakiety i bro\u0144?<\/strong><\/span><\/p>\n<p style=\"text-align: justify;\"><span style=\"color: #000000;\">Je\u017celi tylko przepisy i finanse pozwol\u0105, to tak.<\/span><\/p>\n<p style=\"text-align: justify;\"><span style=\"color: #000000;\"><strong>Jaka jest minimalna wielko\u015b\u0107 powierzchni terenu do l\u0105dowania?<\/strong><\/span><\/p>\n<p style=\"text-align: justify;\"><span style=\"color: #000000;\">Wszystko zale\u017cy od rodzaju \u015bmig\u0142owca, warunk\u00f3w pogodowych, ukszta\u0142towania terenu, do\u015bwiadczenia pilota. Ale najwa\u017cniejsze, \u017ceby by\u0142a to wielko\u015b\u0107 BEZPIECZNA<\/span><\/p>\n<p style=\"text-align: justify;\"><span style=\"color: #000000;\"><strong>Czy mo\u017cna wyl\u0105dowa\u0107 \u015bmig\u0142owcem w centrum miasta?<\/strong><\/span><\/p>\n<p style=\"text-align: justify;\"><span style=\"color: #000000;\">Tak, ale potrzebujemy zgody w\u0142a\u015bciciela terenu i lokalnych w\u0142adz.<\/span><\/p>\n<p style=\"text-align: justify;\"><span style=\"color: #000000;\"><strong>Czy mo\u017cna ukry\u0107 na pok\u0142adzie kwiaty?<\/strong><\/span><\/p>\n<p style=\"text-align: justify;\"><span style=\"color: #000000;\">Mo\u017cna ukry\u0107 kwiaty, je\u017celi zmieszcz\u0105 si\u0119 pod siedzeniem (wielko\u015b\u0107 walizki podr\u0119cznej)<\/span><\/p>\n<p style=\"text-align: justify;\"><span style=\"color: #000000;\"><strong>Czy podane kwoty s\u0105 kwotami brutto czy netto?<\/strong><\/span><\/p>\n<p style=\"text-align: justify;\"><span style=\"color: #000000;\">Wszystkie kwoty s\u0105 kwotami brutto.<\/span><\/p>\n<p style=\"text-align: justify;\"><span style=\"color: #000000;\"><strong>Czy jest mo\u017cliwo\u015b\u0107 zorganizowania zar\u0119czyn na pok\u0142adzie?<\/strong><\/span><\/p>\n<p style=\"text-align: justify;\"><span style=\"color: #000000;\">Jak najbardziej, mamy w tym du\u017ce do\u015bwiadczenie i 100% skuteczno\u015bci.<\/span><\/p>\n<p style=\"text-align: justify;\"><span style=\"color: #000000;\"><strong>Czy wymagany jest paszport Covidowy?<\/strong><\/span><\/p>\n<p style=\"text-align: justify;\"><span style=\"color: #000000;\">Na chwile obecn\u0105 nie.<\/span><\/p>\n<p style=\"text-align: justify;\"><span style=\"color: #000000;\"><strong>Kiedy mo\u017cemy potwierdzi\u0107 lot pod wzgl\u0119dem pogody?<\/strong><\/span><\/p>\n<p style=\"text-align: justify;\"><span style=\"color: #000000;\">Sprawdzalno\u015b\u0107 prognoz pogody jest najlepsza na 48h przed<\/span><\/p>\n<p style=\"text-align: justify;\"><span style=\"color: #000000;\"><strong>Jak mog\u0119 zakupi\u0107 voucher?<\/strong><\/span><\/p>\n<p style=\"text-align: justify;\"><span style=\"color: #000000;\">Telefonicznie lub mailowo: <a style=\"color: #000000;\" href=\"mailto:loty@helipoland.com\">loty@helipoland.com<\/a>,\u00a0 +48 664224466<\/span><\/p>\n<p style=\"text-align: justify;\"><span style=\"color: #000000;\"><strong>W jakiej formie mog\u0119 zakupi\u0107 voucher?<\/strong><\/span><\/p>\n<p style=\"text-align: justify;\"><span style=\"color: #000000;\">W formie papierowej lub elektronicznej<\/span><\/p>\n<p style=\"text-align: justify;\"><span style=\"color: #000000;\"><strong>Gdzie mo\u017ce l\u0105dowa\u0107 \u015bmig\u0142owiec?<\/strong><\/span><\/p>\n<p style=\"text-align: justify;\"><span style=\"color: #000000;\">G\u0142ownie na ziemi, ale mo\u017ce te\u017c na wodzie, je\u017celi ma specjalne p\u0142ywaki.<\/span><\/p>\n<p style=\"text-align: justify;\"><span style=\"color: #000000;\"><strong>Czy organizujecie loty tylko w podanych miejscowo\u015bciach czy na terenie ca\u0142ej Polski?<\/strong><\/span><\/p>\n<p style=\"text-align: justify;\"><span style=\"color: #000000;\">Jeste\u015bmy w stanie zorganizowa\u0107 w ka\u017cdym miejscu, ale wszystkie miejsca, poza naszymi bazami b\u0119d\u0105 dodatkowo p\u0142atne za dolot \u015bmig\u0142owca.<\/span><\/p>\n<p style=\"text-align: justify;\"><span style=\"color: #000000;\"><strong>Co w przypadku gdy pogoda b\u0119dzie z\u0142a?<\/strong><\/span><\/p>\n<p style=\"text-align: justify;\"><span style=\"color: #000000;\">Wszystkie loty planujemy kilka dni przed, wi\u0119c jeszcze przed potwierdzeniem lotu wiemy jaka \u00a0 \u00a0b\u0119dzie pogoda. Je\u015bli pogoda zmieni si\u0119 w ostatnim momencie, b\u0119dziemy ustalali kolejny termin.<\/span><\/p>","protected":false},"excerpt":{"rendered":"<p>Czy je\u015bli chc\u0119 polecie\u0107 sam\/sama, zap\u0142ac\u0119 mniej? Cena za przelot przewa\u017cnie obejmuje ca\u0142y \u015bmig\u0142owiec, wi\u0119c dzieli si\u0119 na ilo\u015b\u0107 pasa\u017cer\u00f3w.[&#8230;..]<\/p>\n","protected":false},"author":1,"featured_media":0,"parent":536,"menu_order":0,"comment_status":"closed","ping_status":"closed","template":"template-fullwidth-with-form.php","meta":{"_acf_changed":false,"footnotes":""},"class_list":["post-5839","page","type-page","status-publish","hentry"],"acf":[],"yoast_head":"<!-- This site is optimized with the Yoast SEO plugin v24.8.1 - https:\/\/yoast.com\/wordpress\/plugins\/seo\/ -->\n<title>Widokowe FAQ - Helipoland.com<\/title>\n<meta name=\"robots\" content=\"index, follow, max-snippet:-1, max-image-preview:large, max-video-preview:-1\" \/>\n<link rel=\"canonical\" href=\"https:\/\/helipoland.com\/loty-widokowe\/widokowe-faq\/\" \/>\n<meta property=\"og:locale\" content=\"pl_PL\" \/>\n<meta property=\"og:type\" content=\"article\" \/>\n<meta property=\"og:title\" content=\"Widokowe FAQ - Helipoland.com\" \/>\n<meta property=\"og:description\" content=\"Czy je\u015bli chc\u0119 polecie\u0107 sam\/sama, zap\u0142ac\u0119 mniej? Cena za przelot przewa\u017cnie obejmuje ca\u0142y \u015bmig\u0142owiec, wi\u0119c dzieli si\u0119 na ilo\u015b\u0107 pasa\u017cer\u00f3w.[.....]\" \/>\n<meta property=\"og:url\" content=\"https:\/\/helipoland.com\/loty-widokowe\/widokowe-faq\/\" \/>\n<meta property=\"og:site_name\" content=\"Helipoland.com\" \/>\n<meta name=\"twitter:label1\" content=\"Szacowany czas czytania\" \/>\n\t<meta name=\"twitter:data1\" content=\"4 minuty\" \/>\n<script type=\"application\/ld+json\" class=\"yoast-schema-graph\">{\"@context\":\"https:\/\/schema.org\",\"@graph\":[{\"@type\":\"WebPage\",\"@id\":\"https:\/\/helipoland.com\/loty-widokowe\/widokowe-faq\/\",\"url\":\"https:\/\/helipoland.com\/loty-widokowe\/widokowe-faq\/\",\"name\":\"Widokowe FAQ - Helipoland.com\",\"isPartOf\":{\"@id\":\"https:\/\/helipoland.com\/pl\/#website\"},\"datePublished\":\"2023-01-31T14:33:45+00:00\",\"breadcrumb\":{\"@id\":\"https:\/\/helipoland.com\/loty-widokowe\/widokowe-faq\/#breadcrumb\"},\"inLanguage\":\"pl-PL\",\"potentialAction\":[{\"@type\":\"ReadAction\",\"target\":[\"https:\/\/helipoland.com\/loty-widokowe\/widokowe-faq\/\"]}]},{\"@type\":\"BreadcrumbList\",\"@id\":\"https:\/\/helipoland.com\/loty-widokowe\/widokowe-faq\/#breadcrumb\",\"itemListElement\":[{\"@type\":\"ListItem\",\"position\":1,\"name\":\"Helipoland.com\",\"item\":\"https:\/\/helipoland.com\/pl\/\"},{\"@type\":\"ListItem\",\"position\":2,\"name\":\"Loty widokowe\",\"item\":\"https:\/\/helipoland.com\/pl\/loty-widokowe\/\"},{\"@type\":\"ListItem\",\"position\":3,\"name\":\"Widokowe FAQ\"}]},{\"@type\":\"WebSite\",\"@id\":\"https:\/\/helipoland.com\/pl\/#website\",\"url\":\"https:\/\/helipoland.com\/pl\/\",\"name\":\"Helipoland.com\",\"description\":\"Loty helikopterem, szko\u0142a latania, us\u0142ugi lotnicze, \u015bmig\u0142owce\",\"potentialAction\":[{\"@type\":\"SearchAction\",\"target\":{\"@type\":\"EntryPoint\",\"urlTemplate\":\"https:\/\/helipoland.com\/pl\/?s={search_term_string}\"},\"query-input\":{\"@type\":\"PropertyValueSpecification\",\"valueRequired\":true,\"valueName\":\"search_term_string\"}}],\"inLanguage\":\"pl-PL\"}]}<\/script>\n<!-- \/ Yoast SEO plugin. -->","yoast_head_json":{"title":"Widokowe FAQ - Helipoland.com","robots":{"index":"index","follow":"follow","max-snippet":"max-snippet:-1","max-image-preview":"max-image-preview:large","max-video-preview":"max-video-preview:-1"},"canonical":"https:\/\/helipoland.com\/loty-widokowe\/widokowe-faq\/","og_locale":"pl_PL","og_type":"article","og_title":"Widokowe FAQ - Helipoland.com","og_description":"Czy je\u015bli chc\u0119 polecie\u0107 sam\/sama, zap\u0142ac\u0119 mniej? Cena za przelot przewa\u017cnie obejmuje ca\u0142y \u015bmig\u0142owiec, wi\u0119c dzieli si\u0119 na ilo\u015b\u0107 pasa\u017cer\u00f3w.[.....]","og_url":"https:\/\/helipoland.com\/loty-widokowe\/widokowe-faq\/","og_site_name":"Helipoland.com","twitter_misc":{"Szacowany czas czytania":"4 minuty"},"schema":{"@context":"https:\/\/schema.org","@graph":[{"@type":"WebPage","@id":"https:\/\/helipoland.com\/loty-widokowe\/widokowe-faq\/","url":"https:\/\/helipoland.com\/loty-widokowe\/widokowe-faq\/","name":"Widokowe FAQ - Helipoland.com","isPartOf":{"@id":"https:\/\/helipoland.com\/pl\/#website"},"datePublished":"2023-01-31T14:33:45+00:00","breadcrumb":{"@id":"https:\/\/helipoland.com\/loty-widokowe\/widokowe-faq\/#breadcrumb"},"inLanguage":"pl-PL","potentialAction":[{"@type":"ReadAction","target":["https:\/\/helipoland.com\/loty-widokowe\/widokowe-faq\/"]}]},{"@type":"BreadcrumbList","@id":"https:\/\/helipoland.com\/loty-widokowe\/widokowe-faq\/#breadcrumb","itemListElement":[{"@type":"ListItem","position":1,"name":"Helipoland.com","item":"https:\/\/helipoland.com\/pl\/"},{"@type":"ListItem","position":2,"name":"Loty widokowe","item":"https:\/\/helipoland.com\/pl\/loty-widokowe\/"},{"@type":"ListItem","position":3,"name":"Widokowe FAQ"}]},{"@type":"WebSite","@id":"https:\/\/helipoland.com\/pl\/#website","url":"https:\/\/helipoland.com\/pl\/","name":"Helipoland.com","description":"Loty helikopterem, szko\u0142a latania, us\u0142ugi lotnicze, \u015bmig\u0142owce","potentialAction":[{"@type":"SearchAction","target":{"@type":"EntryPoint","urlTemplate":"https:\/\/helipoland.com\/pl\/?s={search_term_string}"},"query-input":{"@type":"PropertyValueSpecification","valueRequired":true,"valueName":"search_term_string"}}],"inLanguage":"pl-PL"}]}},"_links":{"self":[{"href":"https:\/\/helipoland.com\/pl\/wp-json\/wp\/v2\/pages\/5839","targetHints":{"allow":["GET"]}}],"collection":[{"href":"https:\/\/helipoland.com\/pl\/wp-json\/wp\/v2\/pages"}],"about":[{"href":"https:\/\/helipoland.com\/pl\/wp-json\/wp\/v2\/types\/page"}],"author":[{"embeddable":true,"href":"https:\/\/helipoland.com\/pl\/wp-json\/wp\/v2\/users\/1"}],"replies":[{"embeddable":true,"href":"https:\/\/helipoland.com\/pl\/wp-json\/wp\/v2\/comments?post=5839"}],"version-history":[{"count":2,"href":"https:\/\/helipoland.com\/pl\/wp-json\/wp\/v2\/pages\/5839\/revisions"}],"predecessor-version":[{"id":5860,"href":"https:\/\/helipoland.com\/pl\/wp-json\/wp\/v2\/pages\/5839\/revisions\/5860"}],"up":[{"embeddable":true,"href":"https:\/\/helipoland.com\/pl\/wp-json\/wp\/v2\/pages\/536"}],"wp:attachment":[{"href":"https:\/\/helipoland.com\/pl\/wp-json\/wp\/v2\/media?parent=5839"}],"curies":[{"name":"wp","href":"https:\/\/api.w.org\/{rel}","templated":true}]}}