{"id":608,"date":"2015-04-15T10:10:09","date_gmt":"2015-04-15T10:10:09","guid":{"rendered":"http:\/\/helipoland.com\/?page_id=608"},"modified":"2023-01-17T12:46:26","modified_gmt":"2023-01-17T12:46:26","slug":"zareczyny-slub-wesele-helikopterem","status":"publish","type":"page","link":"https:\/\/helipoland.com\/pl\/wynajem\/zareczyny-slub-wesele-helikopterem\/","title":{"rendered":"Zar\u0119czyny, \u015blub, wesele"},"content":{"rendered":"<h4 style=\"text-align: center;\"><strong><span style=\"color: #000000;\">Przede wszystkim gratulujemy nadchodz\u0105cych za\u015blubin! I trzymamy kciuki za udane zar\u0119czyny<\/span>\u00a0\ud83d\ude09<\/strong><\/h4>\n<p style=\"text-align: center;\"><strong><span style=\"color: #000000;\">Lot \u015blubny w helikopterze lub niezapomniane zar\u0119czyny s\u0105 na wyci\u0105gni\u0119cie r\u0119ki.<\/span><\/strong><\/p>\n<p style=\"text-align: justify;\"><span style=\"color: #000000;\"><div class=\"ezcol ezcol-one-half\">Tw\u00f3j dzie\u0144 \u015blubu i zar\u0119czyny b\u0119d\u0105 jednymi z najwa\u017cniejszych i niezapomnianych dni twojego \u017cycia, a kluczowym elementem zapewniaj\u0105cym p\u0142ynno\u015b\u0107 dnia i ekscytacje s\u0105 ustalenia dotycz\u0105ce transportu. <\/span><span style=\"color: #000000;\">Mo\u017ce planujesz tradycyjne wej\u015bcie powozem konnym, limuzyn\u0105 lub klasycznym Rolls Royce&#8217;em, ale co mo\u017ce by\u0107 bardziej ekscytuj\u0105cego ni\u017c przybycie na wesele lub zar\u0119czyny w helikopterem?<\/span><\/p>\n<p style=\"text-align: justify;\"><span style=\"color: #000000;\">Zapewnimy mn\u00f3stwo czasu, aby umo\u017cliwi\u0107 fotografowi robienie zdj\u0119\u0107 wok\u00f3\u0142 helikoptera przed odlotem, a je\u015bli chcesz, mo\u017cesz r\u00f3wnie\u017c zorganizowa\u0107 wi\u0119cej lot\u00f3w po przylocie do miejsca docelowego dla go\u015bci.<\/span><\/p>\n<p style=\"text-align: justify;\"><span style=\"color: #000000;\">Mo\u017cemy zorganizowa\u0107 szampana, kwiaty i prezenty, kt\u00f3re zostan\u0105 umieszczone w helikopterze gotowym dla pasa\u017cer\u00f3w po ich przylocie. Je\u015bli masz jakie\u015b specjalne wymagania, po prostu zapytaj, a my do\u0142o\u017cymy wszelkich stara\u0144, aby zaspokoi\u0107 ka\u017cd\u0105 Twoje \u017cyczenia.<\/span><span style=\"color: #000000;\"><\/div> <div class=\"ezcol ezcol-one-half ezcol-last\"><div id=\"metaslider-id-1823\" style=\"max-width: 800px; margin: 0 auto;\" class=\"ml-slider-3-97-0 metaslider metaslider-flex metaslider-1823 ml-slider ms-theme-default nav-hidden\" role=\"region\" aria-roledescription=\"Slideshow\" aria-label=\"Wesele \u015blub\" data-width=\"800\">\n    <div id=\"metaslider_container_1823\">\n        <div id=\"metaslider_1823\">\n            <ul class='slides'>\n                <li style=\"display: block; width: 100%;\" class=\"slide-1824 ms-image \" aria-roledescription=\"slide\" aria-label=\"slide-1824\" data-date=\"2015-10-21 18:51:36\"><img loading=\"lazy\" decoding=\"async\" src=\"https:\/\/helipoland.com\/wp-content\/uploads\/2015\/10\/\u015alub-helikopterem-1-min-800x500.jpg\" height=\"500\" width=\"800\" alt=\"Wesele \/ \u015blub helikopterem\" class=\"slider-1823 slide-1824\" \/><\/li>\n                <li style=\"display: none; width: 100%;\" class=\"slide-1825 ms-image \" aria-roledescription=\"slide\" aria-label=\"slide-1825\" data-date=\"2015-10-21 18:52:01\"><img loading=\"lazy\" decoding=\"async\" src=\"https:\/\/helipoland.com\/wp-content\/uploads\/2015\/10\/\u015alub-helikopterem-2-min-800x500.jpg\" height=\"500\" width=\"800\" alt=\"Wesele \/ \u015blub helikopterem\" class=\"slider-1823 slide-1825\" \/><\/li>\n                <li style=\"display: none; width: 100%;\" class=\"slide-1826 ms-image \" aria-roledescription=\"slide\" aria-label=\"slide-1826\" data-date=\"2015-10-21 18:52:37\"><img loading=\"lazy\" decoding=\"async\" src=\"https:\/\/helipoland.com\/wp-content\/uploads\/2015\/10\/\u015alub-helikopterem-3-min-800x500.jpg\" height=\"500\" width=\"800\" alt=\"Wesele \/ \u015blub helikopterem\" class=\"slider-1823 slide-1826\" \/><\/li>\n                <li style=\"display: none; width: 100%;\" class=\"slide-1827 ms-image \" aria-roledescription=\"slide\" aria-label=\"slide-1827\" data-date=\"2015-10-21 18:53:07\"><img loading=\"lazy\" decoding=\"async\" src=\"https:\/\/helipoland.com\/wp-content\/uploads\/2015\/10\/\u015alub-helikopterem-4-min-800x500.jpg\" height=\"500\" width=\"800\" alt=\"Wesele \/ \u015blub helikopterem\" class=\"slider-1823 slide-1827\" \/><\/li>\n                <li style=\"display: none; width: 100%;\" class=\"slide-1828 ms-image \" aria-roledescription=\"slide\" aria-label=\"slide-1828\" data-date=\"2015-10-21 18:53:42\"><img loading=\"lazy\" decoding=\"async\" src=\"https:\/\/helipoland.com\/wp-content\/uploads\/2015\/10\/\u015alub-helikopterem-5-min-800x500.jpg\" height=\"500\" width=\"800\" alt=\"Wesele \/ \u015blub helikopterem\" class=\"slider-1823 slide-1828\" \/><\/li>\n                <li style=\"display: none; width: 100%;\" class=\"slide-1829 ms-image \" aria-roledescription=\"slide\" aria-label=\"slide-1829\" data-date=\"2015-10-21 18:54:13\"><img loading=\"lazy\" decoding=\"async\" src=\"https:\/\/helipoland.com\/wp-content\/uploads\/2015\/10\/\u015alub-helikopterem-6-min-800x500.jpg\" height=\"500\" width=\"800\" alt=\"Wesele \/ \u015blub helikopterem\" class=\"slider-1823 slide-1829\" \/><\/li>\n                <li style=\"display: none; width: 100%;\" class=\"slide-1830 ms-image \" aria-roledescription=\"slide\" aria-label=\"slide-1830\" data-date=\"2015-10-21 18:54:45\"><img loading=\"lazy\" decoding=\"async\" src=\"https:\/\/helipoland.com\/wp-content\/uploads\/2015\/10\/\u015alub-helikopterem-7-min-800x500.jpg\" height=\"500\" width=\"800\" alt=\"Wesele \/ \u015blub helikopterem\" class=\"slider-1823 slide-1830\" \/><\/li>\n            <\/ul>\n        <\/div>\n        \n    <\/div>\n<\/div><\/div><div class=\"ezcol-divider\"><\/div><\/span><span style=\"color: #000000;\"><div class=\"ezcol ezcol-one-half\"><div id=\"metaslider-id-2105\" style=\"max-width: 700px; margin: 0 auto;\" class=\"ml-slider-3-97-0 metaslider metaslider-flex metaslider-2105 ml-slider ms-theme-default nav-hidden nav-hidden\" role=\"region\" aria-roledescription=\"Slideshow\" aria-label=\"Wesele \u015blub 1\" data-width=\"700\">\n    <div id=\"metaslider_container_2105\">\n        <div id=\"metaslider_2105\">\n            <ul class='slides'>\n                <li style=\"display: block; width: 100%;\" class=\"slide-2106 ms-image \" aria-roledescription=\"slide\" aria-label=\"slide-2106\" data-date=\"2015-12-08 17:20:32\"><img loading=\"lazy\" decoding=\"async\" src=\"https:\/\/helipoland.com\/wp-content\/uploads\/2015\/12\/NK_009-min-700x500.jpg\" height=\"500\" width=\"700\" alt=\"Wesele \/ \u015blub helikopterem\" class=\"slider-2105 slide-2106\" \/><\/li>\n                <li style=\"display: none; width: 100%;\" class=\"slide-2108 ms-image \" aria-roledescription=\"slide\" aria-label=\"slide-2108\" data-date=\"2015-12-08 17:21:13\"><img loading=\"lazy\" decoding=\"async\" src=\"https:\/\/helipoland.com\/wp-content\/uploads\/2015\/12\/NK_066-min-700x500.jpg\" height=\"500\" width=\"700\" alt=\"Wesele \/ \u015blub helikopterem\" class=\"slider-2105 slide-2108\" \/><\/li>\n                <li style=\"display: none; width: 100%;\" class=\"slide-2107 ms-image \" aria-roledescription=\"slide\" aria-label=\"slide-2107\" data-date=\"2015-12-08 17:20:49\"><img loading=\"lazy\" decoding=\"async\" src=\"https:\/\/helipoland.com\/wp-content\/uploads\/2015\/12\/NK_056-min-700x500.jpg\" height=\"500\" width=\"700\" alt=\"Wesele \/ \u015blub helikopterem\" class=\"slider-2105 slide-2107\" \/><\/li>\n                <li style=\"display: none; width: 100%;\" class=\"slide-2109 ms-image \" aria-roledescription=\"slide\" aria-label=\"slide-2109\" data-date=\"2015-12-08 17:21:25\"><img loading=\"lazy\" decoding=\"async\" src=\"https:\/\/helipoland.com\/wp-content\/uploads\/2015\/12\/NK_189-min-700x500.jpg\" height=\"500\" width=\"700\" alt=\"Wesele \/ \u015blub helikopterem\" class=\"slider-2105 slide-2109\" \/><\/li>\n            <\/ul>\n        <\/div>\n        \n    <\/div>\n<\/div><\/div> <div class=\"ezcol ezcol-one-half ezcol-last\"><\/span><span style=\"color: #000000;\">Wyobra\u017a sobie twarze przyjaci\u00f3\u0142 i rodziny, gdy pojawiasz si\u0119 za horyzontem i l\u0105dujesz przed nimi. Damy Ci mn\u00f3stwo czasu, aby uchwyci\u0107 Twoje spektakularne przybycie na zdj\u0119ciach i filmach z weselnych album\u00f3w pami\u0105tkowych oraz czas, aby nasze loty idealnie pasowa\u0142y do Twojego harmonogramu.<\/span><\/p>\n<p style=\"text-align: justify;\"><span style=\"color: #000000;\">Czy chcesz o\u015bwiadczy\u0107 si\u0119 swojej znacz\u0105cej osobie i nie jeste\u015b pewien, co robi\u0107? Stw\u00f3rz wspomnienie na ca\u0142e \u017cycie dzi\u0119ki wycieczce po helikopterze. Wyl\u0105duj na szczycie g\u00f3ry, w zacisznym jeziorze lub strumieniu, aby zada\u0107 pytanie w niezapomniany spos\u00f3b.<\/span><\/p>\n<p style=\"text-align: justify;\"><span style=\"color: #000000;\">Wyobra\u017a sobie, \u017ce fotograf \u015blubny jedzie z tob\u0105 na szczyt g\u00f3ry, aby uchwyci\u0107 wspomnienia \u015blubne! HeliPoland wsp\u00f3\u0142pracuje z wybranymi fotografami \u015blubnymi, aby pom\u00f3c Ci stworzy\u0107 wyj\u0105tkowy dzie\u0144 dla Ciebie i Twojego nowego partnera. Zr\u00f3b wra\u017cenie na przyj\u0119ciu weselnym i zabierz je w niewiarygodne miejsca na zdj\u0119cia \u015blubne.<\/span><\/div><div class=\"ezcol-divider\"><\/div>\n<p style=\"text-align: center;\"><a href=\"#contact-form-begin\" class=\"su-button su-button-style- got_to_form\" style=\"color:#FFFFFF;background-color:#2D89EF;border-color:#246ec0;border-radius:0px\" target=\"_self\"><span style=\"color:#FFFFFF;padding:0px 34px;font-size:25px;line-height:50px;border-color:#6cadf4;border-radius:0px;text-shadow:none\"> Zam\u00f3w lot<\/span><\/a>\n<h4 style=\"text-align: justify;\"><strong><span style=\"color: #000000;\">Wszystkiego najlepszego!<\/span><\/strong><\/h4>\n<p style=\"text-align: justify;\"><span style=\"color: #000000;\"><b>W najwa\u017cniejszym dniu twojego \u017cycia nie mo\u017ce zabrakn\u0105\u0107 \u015bmig\u0142owca? Chcesz, aby by\u0142o naprawd\u0119 ekscytuj\u0105co? Z Helipoland mo\u017cesz zam\u00f3wi\u0107 \u015bmig\u0142owiec i wzbogaci\u0107 swoje zar\u0119czyny, \u015blub i wesele o spektakularne, podniebne prze\u017cycia, kt\u00f3re uchwyci znakomity fotograf. <\/b><\/span><\/p>\n<p style=\"text-align: justify;\"><span style=\"color: #000000;\"><b>Zar\u0119czyny z udzia\u0142em \u015bmig\u0142owca<\/b><\/span><\/p>\n<p style=\"text-align: justify;\"><span style=\"color: #000000;\">Chcia\u0142by\u015b zadziwi\u0107 swoj\u0105 wybrank\u0119 ekscytuj\u0105cymi zar\u0119czynami? Wycieczka zar\u0119czynowa \u015bmig\u0142owcem utkwi w jej pami\u0119ci na zawsze. Nasz \u015bmig\u0142owiec wyl\u0105duje tam, gdzie wska\u017cesz. Mo\u017ce to by\u0107 l\u0105dowanie na szczycie g\u00f3ry, nad brzegiem jeziora lub na polance w \u015brodku lasu. Wszystko odb\u0119dzie si\u0119 wed\u0142ug Twojego pomys\u0142u. Zar\u0119czyny, \u015blub i wesele z helikopterem mo\u017cna zorganizowa\u0107 w dowolnym miejscu w kraju.<\/span><\/p>\n<p style=\"text-align: left;\"><span style=\"color: #000000;\"><img loading=\"lazy\" decoding=\"async\" class=\"alignnone size-full wp-image-4018\" src=\"https:\/\/helipoland.com\/wp-content\/uploads\/2019\/10\/Zar\u0119czyny-\u015blub-wesele.jpg\" alt=\"Zare\u0328czyny, s\u0301lub, wesele Helipoland\" width=\"1085\" height=\"724\" \/><\/span><\/p>\n<p style=\"text-align: justify;\"><span style=\"color: #000000;\"><b>\u015amig\u0142owcem na \u015blub i wesele<\/b><\/span><\/p>\n<p style=\"text-align: justify;\"><span style=\"color: #000000;\">Nie ma bardziej niezawodnej i emocjonuj\u0105cej limuzyny \u015blubnej ni\u017c \u015bmig\u0142owiec. Z Helipoland mo\u017cesz wynaj\u0105\u0107 \u015bmig\u0142owca dla siebie, narzeczonej i wszystkich go\u015bci weselnych. Mo\u017cemy sprawi\u0107, by na ka\u017cdego w \u015brodku czeka\u0142 szampan, kartki i prezenty. Stworzymy niezwyk\u0142\u0105 atmosfer\u0119, kt\u00f3ra na d\u0142ugo pozostanie w pami\u0119ci Twojej i zaproszonych go\u015bci.<\/span><\/p>\n<p style=\"text-align: justify;\"><span style=\"color: #000000;\"><b>Dlaczego warto wynaj\u0105\u0107 \u015bmig\u0142owca w Helipoland?<\/b><\/span><\/p>\n<p style=\"text-align: justify;\"><span style=\"color: #000000;\">Nie tylko wynajmujemy \u015bmig\u0142owce na zar\u0119czyny, \u015blub i wesele, ale tak\u017ce wsp\u00f3\u0142pracujemy ze znakomitymi fotografami, kt\u00f3rzy uchwyc\u0105 Wasze czaruj\u0105ce chwile na zawsze. Je\u015bli masz sw\u00f3j w\u0142asny pomys\u0142 na wykorzystanie \u015bmig\u0142owca podczas zar\u0119czyn, \u015blubu lub wesela, skontaktuj si\u0119 z nami, a z pewno\u015bci\u0105 go zrealizujemy.<\/span><\/p>\n<p><img loading=\"lazy\" decoding=\"async\" class=\"size-full wp-image-3238\" src=\"https:\/\/helipoland.com\/wp-content\/uploads\/2017\/05\/przeloty-helikopterem.jpg\" alt=\"przeloty-helikopterem\" width=\"1184\" height=\"665\" srcset=\"https:\/\/helipoland.com\/wp-content\/uploads\/2017\/05\/przeloty-helikopterem.jpg 1184w, https:\/\/helipoland.com\/wp-content\/uploads\/2017\/05\/przeloty-helikopterem-300x168.jpg 300w, https:\/\/helipoland.com\/wp-content\/uploads\/2017\/05\/przeloty-helikopterem-768x431.jpg 768w, https:\/\/helipoland.com\/wp-content\/uploads\/2017\/05\/przeloty-helikopterem-1024x575.jpg 1024w, https:\/\/helipoland.com\/wp-content\/uploads\/2017\/05\/przeloty-helikopterem-600x337.jpg 600w\" sizes=\"auto, (max-width: 1184px) 100vw, 1184px\" \/><\/p>\n<p style=\"text-align: justify;\"><strong><span style=\"color: #000000;\">Lot \u015bmig\u0142owcem organizujemy z dba\u0142o\u015bci\u0105 o drobne szczeg\u00f3\u0142y, kt\u00f3re mo\u017cecie Pa\u0144stwo zaaran\u017cowa\u0107 z nasz\u0105 pomoc\u0105. Skontaktuj si\u0119 z nami, aby Tw\u00f3j wielki dzie\u0144 wzbogaci\u0107 si\u0119 o nadzwyczajne prze\u017cycia. <\/span><span style=\"color: #000000;\">Dla oszacowania koszt\u00f3w lotu \u015blubnego lub zar\u0119czynowego potrzebujemy przede wszystkim nast\u0119puj\u0105cych informacji:<\/span><\/strong><\/p>\n<p style=\"text-align: justify;\"><span style=\"color: #000000;\">1. Adresu miejsca, w kt\u00f3rym mia\u0142by si\u0119 odby\u0107 lot &#8211; konieczne jest zapewnienie miejsca startu\/l\u0105dowania \u015bmig\u0142owca, kt\u00f3re pilot oceni na podstawie pinezki mapy google i ewentualnie dodatkowych zdj\u0119\u0107. Do l\u0105dowania \u015bmig\u0142owca potrzebna jest zgoda zarz\u0105dzaj\u0105cego danym terenem oraz w przypadku miast powy\u017cej 25 tys mieszka\u0144c\u00f3w, zgoda burmistrza lub prezydenta miasta.\u00a0<\/span><\/p>\n<p style=\"text-align: justify;\"><span style=\"color: #000000;\">2. Liczby pasa\u017cer\u00f3w &#8211; czy opr\u00f3cz pary m\u0142odej, w miejscu wesela chcieliby pa\u0144stwo zorganizowa\u0107 tak\u017ce loty widokowe dla go\u015bci. Na typowy lot \u015bmig\u0142owcem R 44 mo\u017cecie zabra\u0107 swojego fotografa.<\/span><\/p>\n<p style=\"text-align: justify;\"><span style=\"color: #000000;\">3. Planowanej daty &#8211; w sezonie letnim lot mo\u017cna potwierdza\u0107 z du\u017cym wyprzedzeniem czasowym natomiast w pozosta\u0142ych okresach planowanie odbywa si\u0119 na podstawie prognoz pogodowych. W pierwszej kolejno\u015bci nale\u017cy zarezerwowa\u0107 dost\u0119pno\u015b\u0107 \u015bmig\u0142owca, w drugiej kolejno\u015bci czekamy na potwierdzenie odpowiednich warunk\u00f3w pogodowych.<\/span><\/p>\n<p style=\"text-align: justify;\"><span style=\"color: #000000;\">4. Dodatkowych atrakcji &#8211; czy na pok\u0142adzie mia\u0142by znale\u017a\u0107 si\u0119 np. szampan z kieliszkami i bukietem kwiat\u00f3w. Koszt zorganizowania kwiat\u00f3w i szampana przez Helipoland to 500 z\u0142.<\/span><\/p>\n<p style=\"text-align: justify;\"><span style=\"color: #000000;\">Koszt lotu b\u0119dzie uzale\u017cniony od odleg\u0142o\u015bci od aktualnego miejsca bazowania najbli\u017cszego z naszych \u015bmig\u0142owc\u00f3w. Koszty u\u017cycia \u015bmig\u0142owca zaczynaj\u0105 si\u0119 od 3600 z\u0142, jest to koszt jednej godziny lotu. Cena mo\u017ce by\u0107 atrakcyjniejsza przy wykorzystaniu kilku godzin lotu. Minimalna d\u0142ugo\u015b\u0107 lotu zar\u0119czynowego do op\u0142acenia (z punktu A do punktu A) to 60 minut.<\/span><\/p>","protected":false},"excerpt":{"rendered":"<p>Przede wszystkim gratulujemy nadchodz\u0105cych za\u015blubin! I trzymamy kciuki za udane zar\u0119czyny\u00a0\ud83d\ude09 Lot \u015blubny w helikopterze lub niezapomniane zar\u0119czyny s\u0105 na[&#8230;..]<\/p>\n","protected":false},"author":1,"featured_media":0,"parent":3845,"menu_order":0,"comment_status":"closed","ping_status":"closed","template":"template-fullwidth-with-form.php","meta":{"_acf_changed":false,"footnotes":""},"class_list":["post-608","page","type-page","status-publish","hentry"],"acf":[],"yoast_head":"<!-- This site is optimized with the Yoast SEO plugin v24.8.1 - https:\/\/yoast.com\/wordpress\/plugins\/seo\/ -->\n<title>Wesele \/ \u015blub helikopterem<\/title>\n<meta name=\"description\" content=\"Wesele \/ \u015blub helikopterem, zar\u0119czyny w \u015bmig\u0142owcu.\" \/>\n<meta name=\"robots\" content=\"index, follow, max-snippet:-1, max-image-preview:large, max-video-preview:-1\" \/>\n<link rel=\"canonical\" href=\"https:\/\/helipoland.com\/wynajem\/zareczyny-slub-wesele-helikopterem\/\" \/>\n<meta property=\"og:locale\" content=\"pl_PL\" \/>\n<meta property=\"og:type\" content=\"article\" \/>\n<meta property=\"og:title\" content=\"[:pl]Wesele \/ \u015blub helikopterem[:en]Wedding in helicopter[:]\" \/>\n<meta property=\"og:description\" content=\"{:pl}Wesele \/ \u015blub helikopterem, zar\u0119czyny w \u015bmig\u0142owcu.{:en}Wedding in helicopter, engagement in helicopter.{:}\" \/>\n<meta property=\"og:url\" content=\"https:\/\/helipoland.com\/wynajem\/zareczyny-slub-wesele-helikopterem\/\" \/>\n<meta property=\"og:site_name\" content=\"Helipoland.com\" \/>\n<meta property=\"article:modified_time\" content=\"2023-01-17T12:46:26+00:00\" \/>\n<meta property=\"og:image\" content=\"https:\/\/helipoland.com\/wp-content\/uploads\/2017\/05\/przeloty-helikopterem.jpg\" \/>\n<meta name=\"twitter:label1\" content=\"Szacowany czas czytania\" \/>\n\t<meta name=\"twitter:data1\" content=\"9 minut\" \/>\n<script type=\"application\/ld+json\" class=\"yoast-schema-graph\">{\"@context\":\"https:\/\/schema.org\",\"@graph\":[{\"@type\":\"WebPage\",\"@id\":\"https:\/\/helipoland.com\/wynajem\/zareczyny-slub-wesele-helikopterem\/\",\"url\":\"https:\/\/helipoland.com\/wynajem\/zareczyny-slub-wesele-helikopterem\/\",\"name\":\"[:pl]Wesele \/ \u015blub helikopterem[:en]Wedding in helicopter[:]\",\"isPartOf\":{\"@id\":\"https:\/\/helipoland.com\/pl\/#website\"},\"primaryImageOfPage\":{\"@id\":\"https:\/\/helipoland.com\/wynajem\/zareczyny-slub-wesele-helikopterem\/#primaryimage\"},\"image\":{\"@id\":\"https:\/\/helipoland.com\/wynajem\/zareczyny-slub-wesele-helikopterem\/#primaryimage\"},\"thumbnailUrl\":\"https:\/\/helipoland.com\/wp-content\/uploads\/2017\/05\/przeloty-helikopterem.jpg\",\"datePublished\":\"2015-04-15T10:10:09+00:00\",\"dateModified\":\"2023-01-17T12:46:26+00:00\",\"description\":\"{:pl}Wesele \/ \u015blub helikopterem, zar\u0119czyny w \u015bmig\u0142owcu.{:en}Wedding in helicopter, engagement in helicopter.{:}\",\"breadcrumb\":{\"@id\":\"https:\/\/helipoland.com\/wynajem\/zareczyny-slub-wesele-helikopterem\/#breadcrumb\"},\"inLanguage\":\"pl-PL\",\"potentialAction\":[{\"@type\":\"ReadAction\",\"target\":[\"https:\/\/helipoland.com\/wynajem\/zareczyny-slub-wesele-helikopterem\/\"]}]},{\"@type\":\"ImageObject\",\"inLanguage\":\"pl-PL\",\"@id\":\"https:\/\/helipoland.com\/wynajem\/zareczyny-slub-wesele-helikopterem\/#primaryimage\",\"url\":\"https:\/\/helipoland.com\/wp-content\/uploads\/2017\/05\/przeloty-helikopterem.jpg\",\"contentUrl\":\"https:\/\/helipoland.com\/wp-content\/uploads\/2017\/05\/przeloty-helikopterem.jpg\"},{\"@type\":\"BreadcrumbList\",\"@id\":\"https:\/\/helipoland.com\/wynajem\/zareczyny-slub-wesele-helikopterem\/#breadcrumb\",\"itemListElement\":[{\"@type\":\"ListItem\",\"position\":1,\"name\":\"Helipoland.com\",\"item\":\"https:\/\/helipoland.com\/pl\/\"},{\"@type\":\"ListItem\",\"position\":2,\"name\":\"Wynajem\",\"item\":\"https:\/\/helipoland.com\/wynajem\/\"},{\"@type\":\"ListItem\",\"position\":3,\"name\":\"Zar\u0119czyny, \u015blub, wesele\"}]},{\"@type\":\"WebSite\",\"@id\":\"https:\/\/helipoland.com\/pl\/#website\",\"url\":\"https:\/\/helipoland.com\/pl\/\",\"name\":\"Helipoland.com\",\"description\":\"Loty helikopterem, szko\u0142a latania, us\u0142ugi lotnicze, \u015bmig\u0142owce\",\"potentialAction\":[{\"@type\":\"SearchAction\",\"target\":{\"@type\":\"EntryPoint\",\"urlTemplate\":\"https:\/\/helipoland.com\/pl\/?s={search_term_string}\"},\"query-input\":{\"@type\":\"PropertyValueSpecification\",\"valueRequired\":true,\"valueName\":\"search_term_string\"}}],\"inLanguage\":\"pl-PL\"}]}<\/script>\n<!-- \/ Yoast SEO plugin. -->","yoast_head_json":{"title":"Wesele \/ \u015blub helikopterem","description":"Wesele \/ \u015blub helikopterem, zar\u0119czyny w \u015bmig\u0142owcu.","robots":{"index":"index","follow":"follow","max-snippet":"max-snippet:-1","max-image-preview":"max-image-preview:large","max-video-preview":"max-video-preview:-1"},"canonical":"https:\/\/helipoland.com\/wynajem\/zareczyny-slub-wesele-helikopterem\/","og_locale":"pl_PL","og_type":"article","og_title":"[:pl]Wesele \/ \u015blub helikopterem[:en]Wedding in helicopter[:]","og_description":"{:pl}Wesele \/ \u015blub helikopterem, zar\u0119czyny w \u015bmig\u0142owcu.{:en}Wedding in helicopter, engagement in helicopter.{:}","og_url":"https:\/\/helipoland.com\/wynajem\/zareczyny-slub-wesele-helikopterem\/","og_site_name":"Helipoland.com","article_modified_time":"2023-01-17T12:46:26+00:00","og_image":[{"url":"https:\/\/helipoland.com\/wp-content\/uploads\/2017\/05\/przeloty-helikopterem.jpg","type":"","width":"","height":""}],"twitter_misc":{"Szacowany czas czytania":"9 minut"},"schema":{"@context":"https:\/\/schema.org","@graph":[{"@type":"WebPage","@id":"https:\/\/helipoland.com\/wynajem\/zareczyny-slub-wesele-helikopterem\/","url":"https:\/\/helipoland.com\/wynajem\/zareczyny-slub-wesele-helikopterem\/","name":"[:pl]Wesele \/ \u015blub helikopterem[:en]Wedding in helicopter[:]","isPartOf":{"@id":"https:\/\/helipoland.com\/pl\/#website"},"primaryImageOfPage":{"@id":"https:\/\/helipoland.com\/wynajem\/zareczyny-slub-wesele-helikopterem\/#primaryimage"},"image":{"@id":"https:\/\/helipoland.com\/wynajem\/zareczyny-slub-wesele-helikopterem\/#primaryimage"},"thumbnailUrl":"https:\/\/helipoland.com\/wp-content\/uploads\/2017\/05\/przeloty-helikopterem.jpg","datePublished":"2015-04-15T10:10:09+00:00","dateModified":"2023-01-17T12:46:26+00:00","description":"{:pl}Wesele \/ \u015blub helikopterem, zar\u0119czyny w \u015bmig\u0142owcu.{:en}Wedding in helicopter, engagement in helicopter.{:}","breadcrumb":{"@id":"https:\/\/helipoland.com\/wynajem\/zareczyny-slub-wesele-helikopterem\/#breadcrumb"},"inLanguage":"pl-PL","potentialAction":[{"@type":"ReadAction","target":["https:\/\/helipoland.com\/wynajem\/zareczyny-slub-wesele-helikopterem\/"]}]},{"@type":"ImageObject","inLanguage":"pl-PL","@id":"https:\/\/helipoland.com\/wynajem\/zareczyny-slub-wesele-helikopterem\/#primaryimage","url":"https:\/\/helipoland.com\/wp-content\/uploads\/2017\/05\/przeloty-helikopterem.jpg","contentUrl":"https:\/\/helipoland.com\/wp-content\/uploads\/2017\/05\/przeloty-helikopterem.jpg"},{"@type":"BreadcrumbList","@id":"https:\/\/helipoland.com\/wynajem\/zareczyny-slub-wesele-helikopterem\/#breadcrumb","itemListElement":[{"@type":"ListItem","position":1,"name":"Helipoland.com","item":"https:\/\/helipoland.com\/pl\/"},{"@type":"ListItem","position":2,"name":"Wynajem","item":"https:\/\/helipoland.com\/wynajem\/"},{"@type":"ListItem","position":3,"name":"Zar\u0119czyny, \u015blub, wesele"}]},{"@type":"WebSite","@id":"https:\/\/helipoland.com\/pl\/#website","url":"https:\/\/helipoland.com\/pl\/","name":"Helipoland.com","description":"Loty helikopterem, szko\u0142a latania, us\u0142ugi lotnicze, \u015bmig\u0142owce","potentialAction":[{"@type":"SearchAction","target":{"@type":"EntryPoint","urlTemplate":"https:\/\/helipoland.com\/pl\/?s={search_term_string}"},"query-input":{"@type":"PropertyValueSpecification","valueRequired":true,"valueName":"search_term_string"}}],"inLanguage":"pl-PL"}]}},"_links":{"self":[{"href":"https:\/\/helipoland.com\/pl\/wp-json\/wp\/v2\/pages\/608","targetHints":{"allow":["GET"]}}],"collection":[{"href":"https:\/\/helipoland.com\/pl\/wp-json\/wp\/v2\/pages"}],"about":[{"href":"https:\/\/helipoland.com\/pl\/wp-json\/wp\/v2\/types\/page"}],"author":[{"embeddable":true,"href":"https:\/\/helipoland.com\/pl\/wp-json\/wp\/v2\/users\/1"}],"replies":[{"embeddable":true,"href":"https:\/\/helipoland.com\/pl\/wp-json\/wp\/v2\/comments?post=608"}],"version-history":[{"count":51,"href":"https:\/\/helipoland.com\/pl\/wp-json\/wp\/v2\/pages\/608\/revisions"}],"predecessor-version":[{"id":5784,"href":"https:\/\/helipoland.com\/pl\/wp-json\/wp\/v2\/pages\/608\/revisions\/5784"}],"up":[{"embeddable":true,"href":"https:\/\/helipoland.com\/pl\/wp-json\/wp\/v2\/pages\/3845"}],"wp:attachment":[{"href":"https:\/\/helipoland.com\/pl\/wp-json\/wp\/v2\/media?parent=608"}],"curies":[{"name":"wp","href":"https:\/\/api.w.org\/{rel}","templated":true}]}}