{"id":610,"date":"2015-04-15T10:11:03","date_gmt":"2015-04-15T10:11:03","guid":{"rendered":"http:\/\/helipoland.com\/?page_id=610"},"modified":"2023-01-19T09:33:11","modified_gmt":"2023-01-19T09:33:11","slug":"heli-adrenalina","status":"publish","type":"page","link":"https:\/\/helipoland.com\/pl\/wynajem\/heli-adrenalina\/","title":{"rendered":"Heli adrenalina"},"content":{"rendered":"<div>\n<p style=\"text-align: left;\"><span style=\"color: #000000;\"><div class=\"ezcol ezcol-one-half\"><\/span><\/p>\n<p style=\"text-align: left;\"><span style=\"color: #000000;\">Heli adrenalina jest wszystkim tym, co przygotowali\u015bmy dla mi\u0142o\u015bnik\u00f3w sport\u00f3w ekstremalnych i podwy\u017cszonej adrenaliny. Je\u015bli jeste\u015b g\u0142odny ekstremalnych i nietypowych wra\u017ce\u0144, zapoznaj si\u0119 z nasz\u0105 ofert\u0105.<\/span><\/p>\n<p style=\"text-align: left;\"><span style=\"color: #000000;\"><b>Pole\u0107 do najciekawszych miejsc, jakie przygotowa\u0142a nam przyroda i zr\u00f3b co\u015b naprawd\u0119 ekscytuj\u0105cego.\u00a0<\/b><b>Co dla was przygotowali\u015bmy?<\/b><\/span><\/p>\n<ul style=\"text-align: left;\">\n<li><span style=\"color: #000000;\">skoki spadochronowe ze \u015bmig\u0142owca (z uwagi na zdejmowane drzwi helikoptera skoki dostarczaj\u0105 du\u017cej dawki adrenaliny jeszcze przed opuszczeniem pok\u0142adu \u015bmig\u0142owca)<\/span><\/li>\n<li><span style=\"color: #000000;\">loty na wyprawy g\u00f3rskie i wspinaczk\u0119 lub zjazdy rowerowe<\/span><\/li>\n<li><span style=\"color: #000000;\">loty na rajdy na k\u0142adach, skuterach wodnych lub \u015bnie\u017cnych<\/span><\/li>\n<li><span style=\"color: #000000;\">ogl\u0105danie rajd\u00f3w i wydarze\u0144 masowych z pok\u0142adu \u015bmig\u0142owca<\/span><\/li>\n<li><span style=\"color: #000000;\"><b><a style=\"color: #000000;\" href=\"https:\/\/helipoland.com\/wynajem\/heliboarding-heliskiing\/\">heliboarding lub heliskiing (zobacz wi\u0119cej)<\/a><br \/>\n<\/b><\/span><\/li>\n<\/ul>\n<p style=\"text-align: left;\"><span style=\"color: #000000;\"><b>Je\u015bli chcesz zdobywa\u0107 nowe ekstremalne do\u015bwiadczenia, skontaktuj si\u0119 z nami ju\u017c teraz.<\/b><\/span><\/p>\n<p><span style=\"color: #000000;\"><\/div> <div class=\"ezcol ezcol-one-half ezcol-last\"><div id=\"metaslider-id-1920\" style=\"max-width: 700px;\" class=\"ml-slider-3-97-0 metaslider metaslider-flex metaslider-1920 ml-slider ms-theme-default nav-hidden\" role=\"region\" aria-roledescription=\"Slideshow\" aria-label=\"Heli adrenalina\" data-width=\"700\">\n    <div id=\"metaslider_container_1920\">\n        <div id=\"metaslider_1920\" class=\"flexslider\">\n            <ul class='slides'>\n                <li style=\"display: block; width: 100%;\" class=\"slide-1921 ms-image \" aria-roledescription=\"slide\" aria-label=\"slide-1921\" data-date=\"2015-10-22 23:10:50\"><img loading=\"lazy\" decoding=\"async\" src=\"https:\/\/helipoland.com\/wp-content\/uploads\/2015\/10\/1782070_899973163421787_8165873309341768579_n-700x550.jpg\" height=\"550\" width=\"700\" alt=\"Heli adrenalina skoki ze \u015bmig\u0142owca\" class=\"slider-1920 slide-1921\" \/><\/li>\n                <li style=\"display: none; width: 100%;\" class=\"slide-2904 ms-image \" aria-roledescription=\"slide\" aria-label=\"slide-2904\" data-date=\"2016-06-17 00:16:40\"><img loading=\"lazy\" decoding=\"async\" src=\"https:\/\/helipoland.com\/wp-content\/uploads\/2016\/06\/Czapla-Sky-Photography-206-min-700x550.jpg\" height=\"550\" width=\"700\" alt=\"\" class=\"slider-1920 slide-2904\" \/><\/li>\n                <li style=\"display: none; width: 100%;\" class=\"slide-3525 ms-image \" aria-roledescription=\"slide\" aria-label=\"slide-3525\" data-date=\"2018-08-08 00:37:25\"><img loading=\"lazy\" decoding=\"async\" src=\"https:\/\/helipoland.com\/wp-content\/uploads\/2018\/08\/Heli-adrenalina-4-1-700x550.jpg\" height=\"550\" width=\"700\" alt=\"Heli adrenalina\" class=\"slider-1920 slide-3525\" title=\"Heli adrenalina 5\" \/><\/li>\n                <li style=\"display: none; width: 100%;\" class=\"slide-1925 ms-image \" aria-roledescription=\"slide\" aria-label=\"slide-1925\" data-date=\"2015-10-22 23:11:21\"><img loading=\"lazy\" decoding=\"async\" src=\"https:\/\/helipoland.com\/wp-content\/uploads\/2015\/10\/Water-Skiing-Extreme-Helicopter-Free-Image-Sport-L-0077-515x405.jpg\" height=\"550\" width=\"700\" alt=\"Heli adrenalina\" class=\"slider-1920 slide-1925\" \/><\/li>\n            <\/ul>\n        <\/div>\n        \n    <\/div>\n<\/div><\/div><div class=\"ezcol-divider\"><\/div><\/span><\/p>\n<p style=\"text-align: center;\"><a href=\"#contact-form-begin\" class=\"su-button su-button-style- got_to_form\" style=\"color:#FFFFFF;background-color:#2D89EF;border-color:#246ec0;border-radius:0px\" target=\"_self\"><span style=\"color:#FFFFFF;padding:0px 34px;font-size:25px;line-height:50px;border-color:#6cadf4;border-radius:0px;text-shadow:none\"> Zam\u00f3w lot<\/span><\/a>\n<p>&nbsp;<\/p>\n<p style=\"text-align: center;\"><span style=\"color: #000000;\"><iframe loading=\"lazy\" src=\"https:\/\/player.vimeo.com\/video\/171031931\" width=\"800\" height=\"400\" frameborder=\"0\" allowfullscreen=\"allowfullscreen\"><\/iframe><\/span><\/p>\n<\/div>\n<p><span style=\"color: #000000;\"><div class=\"ezcol ezcol-one-half\"><img loading=\"lazy\" decoding=\"async\" class=\"alignnone size-large wp-image-683\" src=\"http:\/\/helipoland.com\/wp-content\/uploads\/2015\/04\/2015.02.22.Skrzyczne-2-577x1024.jpg\" alt=\"Heli adrenalina\" width=\"577\" height=\"1024\" srcset=\"https:\/\/helipoland.com\/wp-content\/uploads\/2015\/04\/2015.02.22.Skrzyczne-2-577x1024.jpg 577w, https:\/\/helipoland.com\/wp-content\/uploads\/2015\/04\/2015.02.22.Skrzyczne-2-169x300.jpg 169w, https:\/\/helipoland.com\/wp-content\/uploads\/2015\/04\/2015.02.22.Skrzyczne-2.jpg 1370w\" sizes=\"auto, (max-width: 577px) 100vw, 577px\" \/><\/div> <div class=\"ezcol ezcol-one-half ezcol-last\"><img loading=\"lazy\" decoding=\"async\" class=\"alignnone size-large wp-image-1934\" src=\"http:\/\/helipoland.com\/wp-content\/uploads\/2015\/04\/2015.02.22-Skrzyczne-Helipad-2-1024x578.jpg\" alt=\"Heli adrenalina\" width=\"640\" height=\"361\" srcset=\"https:\/\/helipoland.com\/wp-content\/uploads\/2015\/04\/2015.02.22-Skrzyczne-Helipad-2-1024x578.jpg 1024w, https:\/\/helipoland.com\/wp-content\/uploads\/2015\/04\/2015.02.22-Skrzyczne-Helipad-2-300x169.jpg 300w, https:\/\/helipoland.com\/wp-content\/uploads\/2015\/04\/2015.02.22-Skrzyczne-Helipad-2.jpg 2000w\" sizes=\"auto, (max-width: 640px) 100vw, 640px\" \/><img loading=\"lazy\" decoding=\"async\" class=\"alignnone size-large wp-image-1932\" src=\"http:\/\/helipoland.com\/wp-content\/uploads\/2015\/04\/podniebna-przygoda-2-1024x640.png\" alt=\"Heli adrenalina\" width=\"640\" height=\"400\" srcset=\"https:\/\/helipoland.com\/wp-content\/uploads\/2015\/04\/podniebna-przygoda-2-1024x640.png 1024w, https:\/\/helipoland.com\/wp-content\/uploads\/2015\/04\/podniebna-przygoda-2-300x188.png 300w, https:\/\/helipoland.com\/wp-content\/uploads\/2015\/04\/podniebna-przygoda-2.png 1280w\" sizes=\"auto, (max-width: 640px) 100vw, 640px\" \/><img loading=\"lazy\" decoding=\"async\" class=\"alignnone size-large wp-image-1933\" src=\"http:\/\/helipoland.com\/wp-content\/uploads\/2015\/04\/2015.02.22-Skrzyczne-Helipad-1-1024x578.jpg\" alt=\"Heli adrenalina\" width=\"640\" height=\"361\" srcset=\"https:\/\/helipoland.com\/wp-content\/uploads\/2015\/04\/2015.02.22-Skrzyczne-Helipad-1-1024x578.jpg 1024w, https:\/\/helipoland.com\/wp-content\/uploads\/2015\/04\/2015.02.22-Skrzyczne-Helipad-1-300x169.jpg 300w, https:\/\/helipoland.com\/wp-content\/uploads\/2015\/04\/2015.02.22-Skrzyczne-Helipad-1.jpg 2000w\" sizes=\"auto, (max-width: 640px) 100vw, 640px\" \/><\/div><div class=\"ezcol-divider\"><\/div><\/span>","protected":false},"excerpt":{"rendered":"<p>&nbsp;<\/p>\n","protected":false},"author":1,"featured_media":0,"parent":3845,"menu_order":0,"comment_status":"closed","ping_status":"closed","template":"template-fullwidth-with-form.php","meta":{"_acf_changed":false,"footnotes":""},"class_list":["post-610","page","type-page","status-publish","hentry"],"acf":[],"yoast_head":"<!-- This site is optimized with the Yoast SEO plugin v24.8.1 - https:\/\/yoast.com\/wordpress\/plugins\/seo\/ -->\n<title>Heli adrenalina<\/title>\n<meta name=\"description\" content=\"Heli adrenalina, ogl\u0105danie rajd\u00f3w, skoki ze \u015bmig\u0142owca i wiele innych atrakcji\" \/>\n<meta name=\"robots\" content=\"index, follow, max-snippet:-1, max-image-preview:large, max-video-preview:-1\" \/>\n<link rel=\"canonical\" href=\"https:\/\/helipoland.com\/wynajem\/heli-adrenalina\/\" \/>\n<meta property=\"og:locale\" content=\"pl_PL\" \/>\n<meta property=\"og:type\" content=\"article\" \/>\n<meta property=\"og:title\" content=\"[:pl]Heli adrenalina[:en]Heli adrenalin[:]\" \/>\n<meta property=\"og:description\" content=\"{:pl}Heli adrenalina, ogl\u0105danie rajd\u00f3w, skoki ze \u015bmig\u0142owca i wiele innych atrakcji{:en}Heli adrenalin, watching rally from helicopter and much more attractions{:}\" \/>\n<meta property=\"og:url\" content=\"https:\/\/helipoland.com\/wynajem\/heli-adrenalina\/\" \/>\n<meta property=\"og:site_name\" content=\"Helipoland.com\" \/>\n<meta property=\"article:modified_time\" content=\"2023-01-19T09:33:11+00:00\" \/>\n<meta property=\"og:image\" content=\"http:\/\/helipoland.com\/wp-content\/uploads\/2015\/04\/2015.02.22.Skrzyczne-2-577x1024.jpg\" \/>\n<meta name=\"twitter:label1\" content=\"Szacowany czas czytania\" \/>\n\t<meta name=\"twitter:data1\" content=\"2 minuty\" \/>\n<script type=\"application\/ld+json\" class=\"yoast-schema-graph\">{\"@context\":\"https:\/\/schema.org\",\"@graph\":[{\"@type\":\"WebPage\",\"@id\":\"https:\/\/helipoland.com\/wynajem\/heli-adrenalina\/\",\"url\":\"https:\/\/helipoland.com\/wynajem\/heli-adrenalina\/\",\"name\":\"[:pl]Heli adrenalina[:en]Heli adrenalin[:]\",\"isPartOf\":{\"@id\":\"https:\/\/helipoland.com\/pl\/#website\"},\"primaryImageOfPage\":{\"@id\":\"https:\/\/helipoland.com\/wynajem\/heli-adrenalina\/#primaryimage\"},\"image\":{\"@id\":\"https:\/\/helipoland.com\/wynajem\/heli-adrenalina\/#primaryimage\"},\"thumbnailUrl\":\"http:\/\/helipoland.com\/wp-content\/uploads\/2015\/04\/2015.02.22.Skrzyczne-2-577x1024.jpg\",\"datePublished\":\"2015-04-15T10:11:03+00:00\",\"dateModified\":\"2023-01-19T09:33:11+00:00\",\"description\":\"{:pl}Heli adrenalina, ogl\u0105danie rajd\u00f3w, skoki ze \u015bmig\u0142owca i wiele innych atrakcji{:en}Heli adrenalin, watching rally from helicopter and much more attractions{:}\",\"breadcrumb\":{\"@id\":\"https:\/\/helipoland.com\/wynajem\/heli-adrenalina\/#breadcrumb\"},\"inLanguage\":\"pl-PL\",\"potentialAction\":[{\"@type\":\"ReadAction\",\"target\":[\"https:\/\/helipoland.com\/wynajem\/heli-adrenalina\/\"]}]},{\"@type\":\"ImageObject\",\"inLanguage\":\"pl-PL\",\"@id\":\"https:\/\/helipoland.com\/wynajem\/heli-adrenalina\/#primaryimage\",\"url\":\"http:\/\/helipoland.com\/wp-content\/uploads\/2015\/04\/2015.02.22.Skrzyczne-2-577x1024.jpg\",\"contentUrl\":\"http:\/\/helipoland.com\/wp-content\/uploads\/2015\/04\/2015.02.22.Skrzyczne-2-577x1024.jpg\"},{\"@type\":\"BreadcrumbList\",\"@id\":\"https:\/\/helipoland.com\/wynajem\/heli-adrenalina\/#breadcrumb\",\"itemListElement\":[{\"@type\":\"ListItem\",\"position\":1,\"name\":\"Helipoland.com\",\"item\":\"https:\/\/helipoland.com\/pl\/\"},{\"@type\":\"ListItem\",\"position\":2,\"name\":\"Wynajem\",\"item\":\"https:\/\/helipoland.com\/wynajem\/\"},{\"@type\":\"ListItem\",\"position\":3,\"name\":\"Heli adrenalina\"}]},{\"@type\":\"WebSite\",\"@id\":\"https:\/\/helipoland.com\/pl\/#website\",\"url\":\"https:\/\/helipoland.com\/pl\/\",\"name\":\"Helipoland.com\",\"description\":\"Loty helikopterem, szko\u0142a latania, us\u0142ugi lotnicze, \u015bmig\u0142owce\",\"potentialAction\":[{\"@type\":\"SearchAction\",\"target\":{\"@type\":\"EntryPoint\",\"urlTemplate\":\"https:\/\/helipoland.com\/pl\/?s={search_term_string}\"},\"query-input\":{\"@type\":\"PropertyValueSpecification\",\"valueRequired\":true,\"valueName\":\"search_term_string\"}}],\"inLanguage\":\"pl-PL\"}]}<\/script>\n<!-- \/ Yoast SEO plugin. -->","yoast_head_json":{"title":"Heli adrenalina","description":"Heli adrenalina, ogl\u0105danie rajd\u00f3w, skoki ze \u015bmig\u0142owca i wiele innych atrakcji","robots":{"index":"index","follow":"follow","max-snippet":"max-snippet:-1","max-image-preview":"max-image-preview:large","max-video-preview":"max-video-preview:-1"},"canonical":"https:\/\/helipoland.com\/wynajem\/heli-adrenalina\/","og_locale":"pl_PL","og_type":"article","og_title":"[:pl]Heli adrenalina[:en]Heli adrenalin[:]","og_description":"{:pl}Heli adrenalina, ogl\u0105danie rajd\u00f3w, skoki ze \u015bmig\u0142owca i wiele innych atrakcji{:en}Heli adrenalin, watching rally from helicopter and much more attractions{:}","og_url":"https:\/\/helipoland.com\/wynajem\/heli-adrenalina\/","og_site_name":"Helipoland.com","article_modified_time":"2023-01-19T09:33:11+00:00","og_image":[{"url":"http:\/\/helipoland.com\/wp-content\/uploads\/2015\/04\/2015.02.22.Skrzyczne-2-577x1024.jpg","type":"","width":"","height":""}],"twitter_misc":{"Szacowany czas czytania":"2 minuty"},"schema":{"@context":"https:\/\/schema.org","@graph":[{"@type":"WebPage","@id":"https:\/\/helipoland.com\/wynajem\/heli-adrenalina\/","url":"https:\/\/helipoland.com\/wynajem\/heli-adrenalina\/","name":"[:pl]Heli adrenalina[:en]Heli adrenalin[:]","isPartOf":{"@id":"https:\/\/helipoland.com\/pl\/#website"},"primaryImageOfPage":{"@id":"https:\/\/helipoland.com\/wynajem\/heli-adrenalina\/#primaryimage"},"image":{"@id":"https:\/\/helipoland.com\/wynajem\/heli-adrenalina\/#primaryimage"},"thumbnailUrl":"http:\/\/helipoland.com\/wp-content\/uploads\/2015\/04\/2015.02.22.Skrzyczne-2-577x1024.jpg","datePublished":"2015-04-15T10:11:03+00:00","dateModified":"2023-01-19T09:33:11+00:00","description":"{:pl}Heli adrenalina, ogl\u0105danie rajd\u00f3w, skoki ze \u015bmig\u0142owca i wiele innych atrakcji{:en}Heli adrenalin, watching rally from helicopter and much more attractions{:}","breadcrumb":{"@id":"https:\/\/helipoland.com\/wynajem\/heli-adrenalina\/#breadcrumb"},"inLanguage":"pl-PL","potentialAction":[{"@type":"ReadAction","target":["https:\/\/helipoland.com\/wynajem\/heli-adrenalina\/"]}]},{"@type":"ImageObject","inLanguage":"pl-PL","@id":"https:\/\/helipoland.com\/wynajem\/heli-adrenalina\/#primaryimage","url":"http:\/\/helipoland.com\/wp-content\/uploads\/2015\/04\/2015.02.22.Skrzyczne-2-577x1024.jpg","contentUrl":"http:\/\/helipoland.com\/wp-content\/uploads\/2015\/04\/2015.02.22.Skrzyczne-2-577x1024.jpg"},{"@type":"BreadcrumbList","@id":"https:\/\/helipoland.com\/wynajem\/heli-adrenalina\/#breadcrumb","itemListElement":[{"@type":"ListItem","position":1,"name":"Helipoland.com","item":"https:\/\/helipoland.com\/pl\/"},{"@type":"ListItem","position":2,"name":"Wynajem","item":"https:\/\/helipoland.com\/wynajem\/"},{"@type":"ListItem","position":3,"name":"Heli adrenalina"}]},{"@type":"WebSite","@id":"https:\/\/helipoland.com\/pl\/#website","url":"https:\/\/helipoland.com\/pl\/","name":"Helipoland.com","description":"Loty helikopterem, szko\u0142a latania, us\u0142ugi lotnicze, \u015bmig\u0142owce","potentialAction":[{"@type":"SearchAction","target":{"@type":"EntryPoint","urlTemplate":"https:\/\/helipoland.com\/pl\/?s={search_term_string}"},"query-input":{"@type":"PropertyValueSpecification","valueRequired":true,"valueName":"search_term_string"}}],"inLanguage":"pl-PL"}]}},"_links":{"self":[{"href":"https:\/\/helipoland.com\/pl\/wp-json\/wp\/v2\/pages\/610","targetHints":{"allow":["GET"]}}],"collection":[{"href":"https:\/\/helipoland.com\/pl\/wp-json\/wp\/v2\/pages"}],"about":[{"href":"https:\/\/helipoland.com\/pl\/wp-json\/wp\/v2\/types\/page"}],"author":[{"embeddable":true,"href":"https:\/\/helipoland.com\/pl\/wp-json\/wp\/v2\/users\/1"}],"replies":[{"embeddable":true,"href":"https:\/\/helipoland.com\/pl\/wp-json\/wp\/v2\/comments?post=610"}],"version-history":[{"count":38,"href":"https:\/\/helipoland.com\/pl\/wp-json\/wp\/v2\/pages\/610\/revisions"}],"predecessor-version":[{"id":5785,"href":"https:\/\/helipoland.com\/pl\/wp-json\/wp\/v2\/pages\/610\/revisions\/5785"}],"up":[{"embeddable":true,"href":"https:\/\/helipoland.com\/pl\/wp-json\/wp\/v2\/pages\/3845"}],"wp:attachment":[{"href":"https:\/\/helipoland.com\/pl\/wp-json\/wp\/v2\/media?parent=610"}],"curies":[{"name":"wp","href":"https:\/\/api.w.org\/{rel}","templated":true}]}}