{"id":799,"date":"2015-04-25T14:17:40","date_gmt":"2015-04-25T14:17:40","guid":{"rendered":"http:\/\/helipoland.com\/?page_id=799"},"modified":"2023-10-23T14:39:16","modified_gmt":"2023-10-23T14:39:16","slug":"loty-zapoznawcze-helikopterem-smiglowcem","status":"publish","type":"page","link":"https:\/\/helipoland.com\/pl\/szkolenia-pilotow\/loty-zapoznawcze-helikopterem-smiglowcem\/","title":{"rendered":"Loty zapoznawcze \u015bmig\u0142owcem"},"content":{"rendered":"<h3><span style=\"color: #000000;\"><strong>To najlepsza okazja do samodzielnej pr\u00f3by zapanowania nad sterami \u015bmig\u0142owca! <\/strong><\/span><\/h3>\n<p><span style=\"color: #000000;\">Oczywi\u015bcie pod okiem do\u015bwiadczonego instruktora.<\/span><\/p>\n<p style=\"text-align: justify;\"><span style=\"color: #000000;\">Zastanawiasz si\u0119 nad szkoleniem ale jeszcze nigdy nie siedzia\u0142e\u015b\/a\u015b w \u015bmig\u0142owcu? Nie wiesz czy jeste\u015b w stanie &#8222;poch\u0142on\u0105\u0107&#8221; niezb\u0119dn\u0105 wiedz\u0119 na kursie pilota\u017cu, pragniesz w\u0142asnor\u0119cznie pozna\u0107 podstawowe zasady lotu tych niezwyk\u0142ych maszyn jakimi s\u0105 \u015bmig\u0142owce lub nie znasz swojego samopoczucia podczas lotu \u015bmig\u0142owcem? Zapraszamy na loty zapoznawcze!<\/span><\/p>\n<p style=\"text-align: justify;\"><span style=\"color: #000000;\"><strong>Minimalny czas lotu zapoznawczego 30 minut.<br \/>\nKoszt tego rodzaju lotu \u015bmig\u0142owcem typu R 44 to 2500 z\u0142.<\/strong><\/span><span style=\"color: #000000;\"><strong><br \/>\nLot mo\u017cna zarezerwowa\u0107 tak\u017ce w formie dodatkowo p\u0142atnego voucheru.<br \/>\n<\/strong><\/span><\/p>\n<p style=\"text-align: justify;\"><span style=\"color: #000000;\">Podczas lotu zapoznawczego poznasz podstawowe i niezb\u0119dne wiadomo\u015bci teoretyczne oraz podstawowe zasady pilota\u017cu helikoptera. Wypr\u00f3bujesz swoich umiej\u0119tno\u015bci jako pilot bez bada\u0144 lekarskich, bez zb\u0119dnych formalno\u015bci zasiadaj\u0105c za sterami \u015bmig\u0142owca lub wedle uznania jako pasa\u017cer.<\/span><\/p>\n<h3 style=\"text-align: justify;\"><span style=\"color: #000000;\"><strong>Jak wygl\u0105da lot zapoznawczy?<\/strong><\/span><\/h3>\n<p style=\"text-align: justify;\"><span style=\"color: #000000;\">Po kr\u00f3tkim (wedle uznania) zapoznaniu teoretycznym z przedmiot\u00f3w takich jak meteorologia, zasady lotu, \u0142\u0105czno\u015b\u0107 i przygotowanie \u015bmig\u0142owca do lotu, zasi\u0105dziesz za jego sterami i w asy\u015bcie instruktora odb\u0119dziesz lot zapoznawczy. Je\u015bli Ci si\u0119 spodoba i zechcesz kontynuowa\u0107 nauk\u0119, b\u0119dziesz m\u00f3g\u0142\/mog\u0142a odby\u0107 kolejne lekcje zapoznawcze lub rozpocz\u0105\u0107 pe\u0142ny kurs do licencji pilota turystycznego PPL(H) lub zawodowego CPL(H)<\/span><\/p>\n<div id='gallery-1' class='gallery galleryid-799 gallery-columns-3 gallery-size-large'><figure class='gallery-item'>\n\t\t\t<div class='gallery-icon landscape'>\n\t\t\t\t<img loading=\"lazy\" decoding=\"async\" width=\"640\" height=\"427\" src=\"https:\/\/helipoland.com\/wp-content\/uploads\/2015\/04\/zapoznawcze-1-min-1024x683.jpg\" class=\"attachment-large size-large\" alt=\"Loty zapoznawcze smig\u0142owcem\" srcset=\"https:\/\/helipoland.com\/wp-content\/uploads\/2015\/04\/zapoznawcze-1-min-1024x683.jpg 1024w, https:\/\/helipoland.com\/wp-content\/uploads\/2015\/04\/zapoznawcze-1-min-300x200.jpg 300w, https:\/\/helipoland.com\/wp-content\/uploads\/2015\/04\/zapoznawcze-1-min-272x182.jpg 272w\" sizes=\"auto, (max-width: 640px) 100vw, 640px\" \/>\n\t\t\t<\/div><\/figure><figure class='gallery-item'>\n\t\t\t<div class='gallery-icon landscape'>\n\t\t\t\t<img loading=\"lazy\" decoding=\"async\" width=\"640\" height=\"427\" src=\"https:\/\/helipoland.com\/wp-content\/uploads\/2015\/04\/zapoznawcze-2-min-1024x683.jpg\" class=\"attachment-large size-large\" alt=\"Loty zapoznawcze helikopterem\" srcset=\"https:\/\/helipoland.com\/wp-content\/uploads\/2015\/04\/zapoznawcze-2-min-1024x683.jpg 1024w, https:\/\/helipoland.com\/wp-content\/uploads\/2015\/04\/zapoznawcze-2-min-300x200.jpg 300w, https:\/\/helipoland.com\/wp-content\/uploads\/2015\/04\/zapoznawcze-2-min-272x182.jpg 272w\" sizes=\"auto, (max-width: 640px) 100vw, 640px\" \/>\n\t\t\t<\/div><\/figure><figure class='gallery-item'>\n\t\t\t<div class='gallery-icon landscape'>\n\t\t\t\t<img loading=\"lazy\" decoding=\"async\" width=\"640\" height=\"427\" src=\"https:\/\/helipoland.com\/wp-content\/uploads\/2015\/04\/zapoznawcze-3-min-1024x683.jpg\" class=\"attachment-large size-large\" alt=\"Loty zapoznawcze przed kursem\" srcset=\"https:\/\/helipoland.com\/wp-content\/uploads\/2015\/04\/zapoznawcze-3-min-1024x683.jpg 1024w, https:\/\/helipoland.com\/wp-content\/uploads\/2015\/04\/zapoznawcze-3-min-300x200.jpg 300w, https:\/\/helipoland.com\/wp-content\/uploads\/2015\/04\/zapoznawcze-3-min-272x182.jpg 272w\" sizes=\"auto, (max-width: 640px) 100vw, 640px\" \/>\n\t\t\t<\/div><\/figure>\n\t\t<\/div>\n\n<p style=\"text-align: center;\"><a href=\"#contact-form-begin\" class=\"su-button su-button-style- got_to_form\" style=\"color:#FFFFFF;background-color:#2D89EF;border-color:#246ec0;border-radius:0px\" target=\"_self\"><span style=\"color:#FFFFFF;padding:0px 34px;font-size:25px;line-height:50px;border-color:#6cadf4;border-radius:0px;text-shadow:none\"> Zapytaj o szkolenie<\/span><\/a>\n<p style=\"text-align: justify; margin-top: 40px;\"><span style=\"color: #000000;\">Aby wzi\u0105\u0107 udzia\u0142 w locie zapoznawczym nale\u017cy skontaktowa\u0107 si\u0119 z nami telefonicznie lub wype\u0142ni\u0107 formularz kontaktowy. Termin oraz miejsce lotu zapoznawczego lub szkolenia ustalamy indywidualnie. Dost\u0119pne terminy s\u0105 uzale\u017cnione od dost\u0119pno\u015bci \u015bmig\u0142owc\u00f3w oraz przewidywanych warunk\u00f3w pogodowych.<\/span><\/p>\n<h4 style=\"text-align: justify;\"><span style=\"color: #000000;\">Loty zapoznawcze i nauka latania w HeliPoland.com<\/span><\/h4>\n<p style=\"text-align: justify;\"><span style=\"color: #000000;\">Nauka latania helikopterem jest magicznym do\u015bwiadczeniem i HeliPoland.com mo\u017ce pom\u00f3c spe\u0142ni\u0107 twoje marzenie o lataniu. W HeliPoland.com prowadzimy loty zapoznawcze i uczymy latania na r\u00f3\u017cnych \u015bmig\u0142owcach w wielu miejscach w kraju 7 dni w tygodniu w dzie\u0144 i w nocy. HeliPoland.com mo\u017ce sprosta\u0107 wymaganiom niemal\u017ce wszystkich rodzaj\u00f3w szkole\u0144 dla pilot\u00f3w \u015bmig\u0142owcowych. Oferujemy pe\u0142n\u0105 \u015bcie\u017ck\u0119 kariery od szkolenia do twojej licencji PPL (H) (licencja pilota &#8222;turystycznego&#8221;) do szkolenia w celu uzyskania swojej licencji CPL (H) (licencja pilota zawodowego) z mo\u017cliwo\u015bci\u0105 uzyskania r\u00f3\u017cnych typ\u00f3w i uprawnie\u0144 wpisywanych do licencji pilota.<\/span><\/p>\n<div id='gallery-2' class='gallery galleryid-799 gallery-columns-3 gallery-size-large'><figure class='gallery-item'>\n\t\t\t<div class='gallery-icon portrait'>\n\t\t\t\t<img loading=\"lazy\" decoding=\"async\" width=\"640\" height=\"960\" src=\"https:\/\/helipoland.com\/wp-content\/uploads\/2015\/04\/15pa\u017adziernik_heli_III_0580-min-683x1024.jpg\" class=\"attachment-large size-large\" alt=\"Loty zapoznawcze\" srcset=\"https:\/\/helipoland.com\/wp-content\/uploads\/2015\/04\/15pa\u017adziernik_heli_III_0580-min-683x1024.jpg 683w, https:\/\/helipoland.com\/wp-content\/uploads\/2015\/04\/15pa\u017adziernik_heli_III_0580-min-200x300.jpg 200w\" sizes=\"auto, (max-width: 640px) 100vw, 640px\" \/>\n\t\t\t<\/div><\/figure><figure class='gallery-item'>\n\t\t\t<div class='gallery-icon portrait'>\n\t\t\t\t<img loading=\"lazy\" decoding=\"async\" width=\"640\" height=\"960\" src=\"https:\/\/helipoland.com\/wp-content\/uploads\/2015\/04\/15pa\u017adziernik_heli_III_0138-min-683x1024.jpg\" class=\"attachment-large size-large\" alt=\"Loty zapoznawcze w HeliPoland.com\" srcset=\"https:\/\/helipoland.com\/wp-content\/uploads\/2015\/04\/15pa\u017adziernik_heli_III_0138-min-683x1024.jpg 683w, https:\/\/helipoland.com\/wp-content\/uploads\/2015\/04\/15pa\u017adziernik_heli_III_0138-min-200x300.jpg 200w\" sizes=\"auto, (max-width: 640px) 100vw, 640px\" \/>\n\t\t\t<\/div><\/figure><figure class='gallery-item'>\n\t\t\t<div class='gallery-icon portrait'>\n\t\t\t\t<img loading=\"lazy\" decoding=\"async\" width=\"640\" height=\"960\" src=\"https:\/\/helipoland.com\/wp-content\/uploads\/2015\/11\/15pa\u017adziernik_heli_III_0157-min-683x1024.jpg\" class=\"attachment-large size-large\" alt=\"Loty zapoznawcze i nauka latania\" srcset=\"https:\/\/helipoland.com\/wp-content\/uploads\/2015\/11\/15pa\u017adziernik_heli_III_0157-min-683x1024.jpg 683w, https:\/\/helipoland.com\/wp-content\/uploads\/2015\/11\/15pa\u017adziernik_heli_III_0157-min-200x300.jpg 200w\" sizes=\"auto, (max-width: 640px) 100vw, 640px\" \/>\n\t\t\t<\/div><\/figure>\n\t\t<\/div>","protected":false},"excerpt":{"rendered":"<p>To najlepsza okazja do samodzielnej pr\u00f3by zapanowania nad sterami \u015bmig\u0142owca! Oczywi\u015bcie pod okiem do\u015bwiadczonego instruktora. Zastanawiasz si\u0119 nad szkoleniem ale[&#8230;..]<\/p>\n","protected":false},"author":1,"featured_media":0,"parent":408,"menu_order":0,"comment_status":"closed","ping_status":"closed","template":"template-fullwidth-with-form.php","meta":{"_acf_changed":false,"footnotes":""},"class_list":["post-799","page","type-page","status-publish","hentry"],"acf":[],"yoast_head":"<!-- This site is optimized with the Yoast SEO plugin v24.8.1 - https:\/\/yoast.com\/wordpress\/plugins\/seo\/ -->\n<title>Loty zapoznawcze helikopterem - Helipoland.com<\/title>\n<meta name=\"description\" content=\"Przeloty zapoznawcze \u015bmig\u0142owcem pod okiem do\u015bwiadczonego instruktora. Zapanuj nad sterami helikoptera. Firma Helipoland serdecznie zaprasza!\" \/>\n<meta name=\"robots\" content=\"index, follow, max-snippet:-1, max-image-preview:large, max-video-preview:-1\" \/>\n<link rel=\"canonical\" href=\"https:\/\/helipoland.com\/szkolenia-pilotow\/loty-zapoznawcze-helikopterem-smiglowcem\/\" \/>\n<meta property=\"og:locale\" content=\"pl_PL\" \/>\n<meta property=\"og:type\" content=\"article\" \/>\n<meta property=\"og:title\" content=\"[:pl]Loty zapoznawcze helikopterem - Helipoland.com[:en]Helicopter introductory flights[:]\" \/>\n<meta property=\"og:description\" content=\"{:pl}Przeloty zapoznawcze \u015bmig\u0142owcem pod okiem do\u015bwiadczonego instruktora. Zapanuj nad sterami helikoptera. Firma Helipoland serdecznie zaprasza!{:en}Helicopter introductory flights by helicopter. Private helicopter pilot license PPL (H), helicopter pilot license.{:}\" \/>\n<meta property=\"og:url\" content=\"https:\/\/helipoland.com\/szkolenia-pilotow\/loty-zapoznawcze-helikopterem-smiglowcem\/\" \/>\n<meta property=\"og:site_name\" content=\"Helipoland.com\" \/>\n<meta property=\"article:modified_time\" content=\"2023-10-23T14:39:16+00:00\" \/>\n<meta property=\"og:image\" content=\"https:\/\/helipoland.com\/wp-content\/uploads\/2015\/04\/zapoznawcze-1-min-1024x683.jpg\" \/>\n<meta name=\"twitter:label1\" content=\"Szacowany czas czytania\" \/>\n\t<meta name=\"twitter:data1\" content=\"5 minut\" \/>\n<script type=\"application\/ld+json\" class=\"yoast-schema-graph\">{\"@context\":\"https:\/\/schema.org\",\"@graph\":[{\"@type\":\"WebPage\",\"@id\":\"https:\/\/helipoland.com\/szkolenia-pilotow\/loty-zapoznawcze-helikopterem-smiglowcem\/\",\"url\":\"https:\/\/helipoland.com\/szkolenia-pilotow\/loty-zapoznawcze-helikopterem-smiglowcem\/\",\"name\":\"[:pl]Loty zapoznawcze helikopterem - Helipoland.com[:en]Helicopter introductory flights[:]\",\"isPartOf\":{\"@id\":\"https:\/\/helipoland.com\/pl\/#website\"},\"datePublished\":\"2015-04-25T14:17:40+00:00\",\"dateModified\":\"2023-10-23T14:39:16+00:00\",\"description\":\"{:pl}Przeloty zapoznawcze \u015bmig\u0142owcem pod okiem do\u015bwiadczonego instruktora. Zapanuj nad sterami helikoptera. Firma Helipoland serdecznie zaprasza!{:en}Helicopter introductory flights by helicopter. Private helicopter pilot license PPL (H), helicopter pilot license.{:}\",\"breadcrumb\":{\"@id\":\"https:\/\/helipoland.com\/szkolenia-pilotow\/loty-zapoznawcze-helikopterem-smiglowcem\/#breadcrumb\"},\"inLanguage\":\"pl-PL\",\"potentialAction\":[{\"@type\":\"ReadAction\",\"target\":[\"https:\/\/helipoland.com\/szkolenia-pilotow\/loty-zapoznawcze-helikopterem-smiglowcem\/\"]}]},{\"@type\":\"BreadcrumbList\",\"@id\":\"https:\/\/helipoland.com\/szkolenia-pilotow\/loty-zapoznawcze-helikopterem-smiglowcem\/#breadcrumb\",\"itemListElement\":[{\"@type\":\"ListItem\",\"position\":1,\"name\":\"Helipoland.com\",\"item\":\"https:\/\/helipoland.com\/pl\/\"},{\"@type\":\"ListItem\",\"position\":2,\"name\":\"Szkolenia pilot\u00f3w\",\"item\":\"https:\/\/helipoland.com\/szkolenia-pilotow\/\"},{\"@type\":\"ListItem\",\"position\":3,\"name\":\"Loty zapoznawcze \u015bmig\u0142owcem\"}]},{\"@type\":\"WebSite\",\"@id\":\"https:\/\/helipoland.com\/pl\/#website\",\"url\":\"https:\/\/helipoland.com\/pl\/\",\"name\":\"Helipoland.com\",\"description\":\"Loty helikopterem, szko\u0142a latania, us\u0142ugi lotnicze, \u015bmig\u0142owce\",\"potentialAction\":[{\"@type\":\"SearchAction\",\"target\":{\"@type\":\"EntryPoint\",\"urlTemplate\":\"https:\/\/helipoland.com\/pl\/?s={search_term_string}\"},\"query-input\":{\"@type\":\"PropertyValueSpecification\",\"valueRequired\":true,\"valueName\":\"search_term_string\"}}],\"inLanguage\":\"pl-PL\"}]}<\/script>\n<!-- \/ Yoast SEO plugin. -->","yoast_head_json":{"title":"Loty zapoznawcze helikopterem - Helipoland.com","description":"Przeloty zapoznawcze \u015bmig\u0142owcem pod okiem do\u015bwiadczonego instruktora. Zapanuj nad sterami helikoptera. Firma Helipoland serdecznie zaprasza!","robots":{"index":"index","follow":"follow","max-snippet":"max-snippet:-1","max-image-preview":"max-image-preview:large","max-video-preview":"max-video-preview:-1"},"canonical":"https:\/\/helipoland.com\/szkolenia-pilotow\/loty-zapoznawcze-helikopterem-smiglowcem\/","og_locale":"pl_PL","og_type":"article","og_title":"[:pl]Loty zapoznawcze helikopterem - Helipoland.com[:en]Helicopter introductory flights[:]","og_description":"{:pl}Przeloty zapoznawcze \u015bmig\u0142owcem pod okiem do\u015bwiadczonego instruktora. Zapanuj nad sterami helikoptera. Firma Helipoland serdecznie zaprasza!{:en}Helicopter introductory flights by helicopter. Private helicopter pilot license PPL (H), helicopter pilot license.{:}","og_url":"https:\/\/helipoland.com\/szkolenia-pilotow\/loty-zapoznawcze-helikopterem-smiglowcem\/","og_site_name":"Helipoland.com","article_modified_time":"2023-10-23T14:39:16+00:00","og_image":[{"url":"https:\/\/helipoland.com\/wp-content\/uploads\/2015\/04\/zapoznawcze-1-min-1024x683.jpg","type":"","width":"","height":""}],"twitter_misc":{"Szacowany czas czytania":"5 minut"},"schema":{"@context":"https:\/\/schema.org","@graph":[{"@type":"WebPage","@id":"https:\/\/helipoland.com\/szkolenia-pilotow\/loty-zapoznawcze-helikopterem-smiglowcem\/","url":"https:\/\/helipoland.com\/szkolenia-pilotow\/loty-zapoznawcze-helikopterem-smiglowcem\/","name":"[:pl]Loty zapoznawcze helikopterem - Helipoland.com[:en]Helicopter introductory flights[:]","isPartOf":{"@id":"https:\/\/helipoland.com\/pl\/#website"},"datePublished":"2015-04-25T14:17:40+00:00","dateModified":"2023-10-23T14:39:16+00:00","description":"{:pl}Przeloty zapoznawcze \u015bmig\u0142owcem pod okiem do\u015bwiadczonego instruktora. Zapanuj nad sterami helikoptera. Firma Helipoland serdecznie zaprasza!{:en}Helicopter introductory flights by helicopter. Private helicopter pilot license PPL (H), helicopter pilot license.{:}","breadcrumb":{"@id":"https:\/\/helipoland.com\/szkolenia-pilotow\/loty-zapoznawcze-helikopterem-smiglowcem\/#breadcrumb"},"inLanguage":"pl-PL","potentialAction":[{"@type":"ReadAction","target":["https:\/\/helipoland.com\/szkolenia-pilotow\/loty-zapoznawcze-helikopterem-smiglowcem\/"]}]},{"@type":"BreadcrumbList","@id":"https:\/\/helipoland.com\/szkolenia-pilotow\/loty-zapoznawcze-helikopterem-smiglowcem\/#breadcrumb","itemListElement":[{"@type":"ListItem","position":1,"name":"Helipoland.com","item":"https:\/\/helipoland.com\/pl\/"},{"@type":"ListItem","position":2,"name":"Szkolenia pilot\u00f3w","item":"https:\/\/helipoland.com\/szkolenia-pilotow\/"},{"@type":"ListItem","position":3,"name":"Loty zapoznawcze \u015bmig\u0142owcem"}]},{"@type":"WebSite","@id":"https:\/\/helipoland.com\/pl\/#website","url":"https:\/\/helipoland.com\/pl\/","name":"Helipoland.com","description":"Loty helikopterem, szko\u0142a latania, us\u0142ugi lotnicze, \u015bmig\u0142owce","potentialAction":[{"@type":"SearchAction","target":{"@type":"EntryPoint","urlTemplate":"https:\/\/helipoland.com\/pl\/?s={search_term_string}"},"query-input":{"@type":"PropertyValueSpecification","valueRequired":true,"valueName":"search_term_string"}}],"inLanguage":"pl-PL"}]}},"_links":{"self":[{"href":"https:\/\/helipoland.com\/pl\/wp-json\/wp\/v2\/pages\/799","targetHints":{"allow":["GET"]}}],"collection":[{"href":"https:\/\/helipoland.com\/pl\/wp-json\/wp\/v2\/pages"}],"about":[{"href":"https:\/\/helipoland.com\/pl\/wp-json\/wp\/v2\/types\/page"}],"author":[{"embeddable":true,"href":"https:\/\/helipoland.com\/pl\/wp-json\/wp\/v2\/users\/1"}],"replies":[{"embeddable":true,"href":"https:\/\/helipoland.com\/pl\/wp-json\/wp\/v2\/comments?post=799"}],"version-history":[{"count":57,"href":"https:\/\/helipoland.com\/pl\/wp-json\/wp\/v2\/pages\/799\/revisions"}],"predecessor-version":[{"id":5928,"href":"https:\/\/helipoland.com\/pl\/wp-json\/wp\/v2\/pages\/799\/revisions\/5928"}],"up":[{"embeddable":true,"href":"https:\/\/helipoland.com\/pl\/wp-json\/wp\/v2\/pages\/408"}],"wp:attachment":[{"href":"https:\/\/helipoland.com\/pl\/wp-json\/wp\/v2\/media?parent=799"}],"curies":[{"name":"wp","href":"https:\/\/api.w.org\/{rel}","templated":true}]}}