{"id":897,"date":"2015-09-16T22:23:15","date_gmt":"2015-09-16T22:23:15","guid":{"rendered":"http:\/\/helipoland.com\/?page_id=897"},"modified":"2023-01-23T12:14:21","modified_gmt":"2023-01-23T12:14:21","slug":"uprawnienie-smiglowcowe-do-lotow-nocnych-vfr-noc","status":"publish","type":"page","link":"https:\/\/helipoland.com\/pl\/szkolenia-pilotow\/uprawnienie-smiglowcowe-do-lotow-nocnych-vfr-noc\/","title":{"rendered":"Uprawnienie \u015bmig\u0142owcowe do lot\u00f3w nocnych (VFR noc)"},"content":{"rendered":"<p style=\"text-align: justify;\"><span style=\"color: #000000;\">Jako \u201eturystyczny\u201d pilot \u015bmig\u0142owca z licencj\u0105 PPL(H) nie mo\u017cesz wykonywa\u0107 lot\u00f3w w nocy, czy to z pasa\u017cerami czy bez, zanim uzyskasz kwalifikacje do wykonywania lot\u00f3w nocnych potwierdzone wpisem do licencji pilota. Aktualnie wed\u0142ug polskich przepis\u00f3w prawa lotniczego lot nocny to taki, kt\u00f3ry odbywa si\u0119 p\u00f3\u017aniej ni\u017c 30 minut po zachodzie s\u0142o\u0144ca i wcze\u015bniej ni\u017c 30 minut przed wschodem. Uprawnienie to pokrywa wszystkie typy \u015bmig\u0142owc\u00f3w wpisywane p\u00f3\u017aniej do licencji za\u015b kurs odbywa si\u0119 w warunkach meteorologicznych lot\u00f3w z widoczno\u015bci\u0105 (VMC). Uprawnienie VFR noc w licencji turystycznej PPL(H)\u00a0pilota \u015bmig\u0142owcowego pozwala na loty nocne w wi\u0119kszo\u015bci pa\u0144stw EASA, jednak\u017ce niekt\u00f3re pa\u0144stwa zakazuj\u0105 lot\u00f3w nocnych wed\u0142ug zasad VFR.<\/span><\/p>\n<p style=\"text-align: center;\"><div id=\"metaslider-id-2562\" style=\"max-width: 800px; margin: 0 auto;\" class=\"ml-slider-3-97-0 metaslider metaslider-flex metaslider-2562 ml-slider ms-theme-default nav-hidden\" role=\"region\" aria-roledescription=\"Slideshow\" aria-label=\"VFR noc\" data-width=\"800\">\n    <div id=\"metaslider_container_2562\">\n        <div id=\"metaslider_2562\">\n            <ul class='slides'>\n                <li style=\"display: block; width: 100%;\" class=\"slide-1507 ms-image \" aria-roledescription=\"slide\" aria-label=\"slide-1507\" data-date=\"2015-10-04 18:51:00\"><img loading=\"lazy\" decoding=\"async\" src=\"https:\/\/helipoland.com\/wp-content\/uploads\/2015\/09\/heli-night-rating-682x426.jpg\" height=\"500\" width=\"800\" alt=\"Szkolenie nocne na \u015bmig\u0142owcu VFR noc\" class=\"slider-2562 slide-1507\" \/><\/li>\n                <li style=\"display: none; width: 100%;\" class=\"slide-2563 ms-image \" aria-roledescription=\"slide\" aria-label=\"slide-2563\" data-date=\"2016-03-15 15:27:51\"><img loading=\"lazy\" decoding=\"async\" src=\"https:\/\/helipoland.com\/wp-content\/uploads\/2016\/03\/vfr-noc-2-800x500.jpg\" height=\"500\" width=\"800\" alt=\"Szkolenie nocne na \u015bmig\u0142owcu VFR noc\" class=\"slider-2562 slide-2563\" \/><\/li>\n                <li style=\"display: none; width: 100%;\" class=\"slide-2564 ms-image \" aria-roledescription=\"slide\" aria-label=\"slide-2564\" data-date=\"2016-03-15 15:27:56\"><img loading=\"lazy\" decoding=\"async\" src=\"https:\/\/helipoland.com\/wp-content\/uploads\/2016\/03\/vfr-noc-3-800x500.jpg\" height=\"500\" width=\"800\" alt=\"Szkolenie nocne na \u015bmig\u0142owcu VFR noc\" class=\"slider-2562 slide-2564\" \/><\/li>\n                <li style=\"display: none; width: 100%;\" class=\"slide-2566 ms-image \" aria-roledescription=\"slide\" aria-label=\"slide-2566\" data-date=\"2016-03-15 15:34:25\"><img loading=\"lazy\" decoding=\"async\" src=\"https:\/\/helipoland.com\/wp-content\/uploads\/2016\/03\/vfr-noc-4-800x500.jpg\" height=\"500\" width=\"800\" alt=\"Szkolenie nocne na \u015bmig\u0142owcu VFR noc\" class=\"slider-2562 slide-2566\" \/><\/li>\n            <\/ul>\n        <\/div>\n        \n    <\/div>\n<\/div>\n<p style=\"text-align: justify;\"><span style=\"color: #000000;\">Kurs do uprawnienia do lot\u00f3w nocnych jest ju\u017c zawarty w kursie do licencji pilota zawodowego przy czym piloci \u201eturystyczni\u201d mog\u0105 uzyska\u0107 to uprawnienie po spe\u0142nieniu nast\u0119puj\u0105cych\u00a0warunk\u00f3w wymienionych poni\u017cej:<\/span><\/p>\n<p><span style=\"color: #000000;\">Posiadanie minimum 100 godzin nalotu po uzyskaniu licencji PPL(H) z czego:<\/span><\/p>\n<p><span style=\"color: #000000;\">* 60 godzin musi by\u0107 nalotem w roli pilota dow\u00f3dcy (PIC),\u00a0do 40 godzin mo\u017ce by\u0107 wykonane w roli pilota-ucznia (DUAL)<\/span><\/p>\n<p><span style=\"color: #000000;\">Uko\u0144czenie szkolenia w \u00a0czasie maksymalnie 6 miesi\u0119cy od jego rozpocz\u0119cia, w sk\u0142ad kt\u00f3rego wchodzi:<\/span><\/p>\n<p><span style=\"color: #000000;\">* minimum 5 godzin wyk\u0142ad\u00f3w teoretycznych<\/span><\/p>\n<p><span style=\"color: #000000;\">* minimum 15 godzin szkolenia w locie z czego minimum 5 godzin szkolenia w nocy zawieraj\u0105cego minimum 5 samodzielnych kr\u0119g\u00f3w<\/span><\/p>\n<p><span style=\"color: #000000;\">Nalot uzyskany podczas szkolenia wlicza si\u0119 w poczet wymaganego nalotu 100 godzin po uzyskaniu licencji PPL(H).<\/span><\/p>\n<h4><span style=\"text-decoration: underline; color: #000000;\">Link:\u00a0<a style=\"text-decoration: underline; color: #000000;\" href=\"http:\/\/www.ulc.gov.pl\/pl\/personel-lotniczy\/czesto-zadawane-pytania\/362-licencje\/2718-jak-uzyskac-wpis-uprawnienia-noc-w-licencji-pilota-turystycznego-ppl\" target=\"_blank\" rel=\"noopener noreferrer\">Uprawnienie \u015bmig\u0142owcowe do lot\u00f3w nocnych (VFR noc) &#8211; jak uzyska\u0107 wpis uprawnienia VFR noc w licencji pilota turystycznego PPL?<\/a><\/span><\/h4>\n<h3 style=\"text-align: center;\"><span style=\"color: #000000;\"><strong>Uprawnienie \u015bmig\u0142owcowe do lot\u00f3w nocnych (VFR noc) \u2013 wa\u017cne przepisy<\/strong><\/span><\/h3>\n<p><span style=\"color: #000000;\"><strong>FCL.810 Uprawnienia do wykonywania lot\u00f3w nocnych<\/strong><\/span><\/p>\n<p><span style=\"color: #000000;\">\u015amig\u0142owce. Aby korzysta\u0107 z uprawnie\u0144 wynikaj\u0105cych z licencji PPL na \u015bmig\u0142owce w warunkach VFR w nocy, kandydat:<\/span><\/p>\n<p><span style=\"color: #000000;\">1) musi wykona\u0107, po wydaniu licencji, co najmniej 100 godzin czasu lotu w charakterze pilota \u015bmig\u0142owca, w tym co najmniej 60 godzin w charakterze pilota dow\u00f3dcy i 20 godzin lot\u00f3w nawigacyjnych;<\/span><\/p>\n<p><span style=\"color: #000000;\">2) musi uko\u0144czy\u0107 szkolenie w zatwierdzonym o\u015brodku szkolenia. Szkolenie musi by\u0107 uko\u0144czone w ci\u0105gu 6 miesi\u0119cy i musi obejmowa\u0107:<\/span><br \/>\n<span style=\"color: #000000;\"> (i) 5 godzin wyk\u0142ad\u00f3w z wiedzy teoretycznej;<\/span><br \/>\n<span style=\"color: #000000;\"> (ii) 10 godzin czasu szkolenia wed\u0142ug wskaza\u0144 przyrz\u0105d\u00f3w z instruktorem na \u015bmig\u0142owcach; oraz<\/span><br \/>\n<span style=\"color: #000000;\"> (iii) 5 godzin czasu lotu w nocy, w tym co najmniej 3 godziny szkolenia z instruktorem, z czego co najmniej 1 godzin\u0119 lotu nawigacyjnego i 5 samodzielnych kr\u0119g\u00f3w w nocy. Ka\u017cdy kr\u0105g powinien obejmowa\u0107 start i l\u0105dowanie.<\/span><\/p>\n<p><span style=\"color: #000000;\">3) Kandydatowi, kt\u00f3ry posiada lub posiada\u0142 uprawnienie IR na samolot lub motoszybowiec turystyczny, zalicza si\u0119 5 godzin na poczet wymogu okre\u015blonego w pkt 2 ppkt (ii) powy\u017cej.<\/span>","protected":false},"excerpt":{"rendered":"<p>Jako \u201eturystyczny\u201d pilot \u015bmig\u0142owca z licencj\u0105 PPL(H) nie mo\u017cesz wykonywa\u0107 lot\u00f3w w nocy, czy to z pasa\u017cerami czy bez, zanim[&#8230;..]<\/p>\n","protected":false},"author":1,"featured_media":0,"parent":408,"menu_order":0,"comment_status":"closed","ping_status":"closed","template":"template-fullwidth-with-form.php","meta":{"_acf_changed":false,"footnotes":""},"class_list":["post-897","page","type-page","status-publish","hentry"],"acf":[],"yoast_head":"<!-- This site is optimized with the Yoast SEO plugin v24.8.1 - https:\/\/yoast.com\/wordpress\/plugins\/seo\/ -->\n<title>Uprawnienie \u015bmig\u0142owcowe do lot\u00f3w nocnych (VFR noc)<\/title>\n<meta name=\"description\" content=\"Uprawnienie \u015bmig\u0142owcowe do lot\u00f3w nocnych (VFR noc). Wykonywanie lot\u00f3w nocnych z licencj\u0105 PPL(H).\" \/>\n<meta name=\"robots\" content=\"index, follow, max-snippet:-1, max-image-preview:large, max-video-preview:-1\" \/>\n<link rel=\"canonical\" href=\"https:\/\/helipoland.com\/szkolenia-pilotow\/uprawnienie-smiglowcowe-do-lotow-nocnych-vfr-noc\/\" \/>\n<meta property=\"og:locale\" content=\"pl_PL\" \/>\n<meta property=\"og:type\" content=\"article\" \/>\n<meta property=\"og:title\" content=\"[:pl]Uprawnienie \u015bmig\u0142owcowe do lot\u00f3w nocnych (VFR noc)[:en]Helicopter night qualification (VFR night)[:]\" \/>\n<meta property=\"og:description\" content=\"{:pl}Uprawnienie \u015bmig\u0142owcowe do lot\u00f3w nocnych (VFR noc). Wykonywanie lot\u00f3w nocnych z licencj\u0105 PPL(H).{:en}Helicopter night qualification (VFR night). Fly at night with PPL(H) licence.{:}\" \/>\n<meta property=\"og:url\" content=\"https:\/\/helipoland.com\/szkolenia-pilotow\/uprawnienie-smiglowcowe-do-lotow-nocnych-vfr-noc\/\" \/>\n<meta property=\"og:site_name\" content=\"Helipoland.com\" \/>\n<meta property=\"article:modified_time\" content=\"2023-01-23T12:14:21+00:00\" \/>\n<meta name=\"twitter:label1\" content=\"Szacowany czas czytania\" \/>\n\t<meta name=\"twitter:data1\" content=\"6 minut\" \/>\n<script type=\"application\/ld+json\" class=\"yoast-schema-graph\">{\"@context\":\"https:\/\/schema.org\",\"@graph\":[{\"@type\":\"WebPage\",\"@id\":\"https:\/\/helipoland.com\/szkolenia-pilotow\/uprawnienie-smiglowcowe-do-lotow-nocnych-vfr-noc\/\",\"url\":\"https:\/\/helipoland.com\/szkolenia-pilotow\/uprawnienie-smiglowcowe-do-lotow-nocnych-vfr-noc\/\",\"name\":\"[:pl]Uprawnienie \u015bmig\u0142owcowe do lot\u00f3w nocnych (VFR noc)[:en]Helicopter night qualification (VFR night)[:]\",\"isPartOf\":{\"@id\":\"https:\/\/helipoland.com\/pl\/#website\"},\"datePublished\":\"2015-09-16T22:23:15+00:00\",\"dateModified\":\"2023-01-23T12:14:21+00:00\",\"description\":\"{:pl}Uprawnienie \u015bmig\u0142owcowe do lot\u00f3w nocnych (VFR noc). Wykonywanie lot\u00f3w nocnych z licencj\u0105 PPL(H).{:en}Helicopter night qualification (VFR night). Fly at night with PPL(H) licence.{:}\",\"breadcrumb\":{\"@id\":\"https:\/\/helipoland.com\/szkolenia-pilotow\/uprawnienie-smiglowcowe-do-lotow-nocnych-vfr-noc\/#breadcrumb\"},\"inLanguage\":\"pl-PL\",\"potentialAction\":[{\"@type\":\"ReadAction\",\"target\":[\"https:\/\/helipoland.com\/szkolenia-pilotow\/uprawnienie-smiglowcowe-do-lotow-nocnych-vfr-noc\/\"]}]},{\"@type\":\"BreadcrumbList\",\"@id\":\"https:\/\/helipoland.com\/szkolenia-pilotow\/uprawnienie-smiglowcowe-do-lotow-nocnych-vfr-noc\/#breadcrumb\",\"itemListElement\":[{\"@type\":\"ListItem\",\"position\":1,\"name\":\"Helipoland.com\",\"item\":\"https:\/\/helipoland.com\/pl\/\"},{\"@type\":\"ListItem\",\"position\":2,\"name\":\"Szkolenia pilot\u00f3w\",\"item\":\"https:\/\/helipoland.com\/szkolenia-pilotow\/\"},{\"@type\":\"ListItem\",\"position\":3,\"name\":\"Uprawnienie \u015bmig\u0142owcowe do lot\u00f3w nocnych (VFR noc)\"}]},{\"@type\":\"WebSite\",\"@id\":\"https:\/\/helipoland.com\/pl\/#website\",\"url\":\"https:\/\/helipoland.com\/pl\/\",\"name\":\"Helipoland.com\",\"description\":\"Loty helikopterem, szko\u0142a latania, us\u0142ugi lotnicze, \u015bmig\u0142owce\",\"potentialAction\":[{\"@type\":\"SearchAction\",\"target\":{\"@type\":\"EntryPoint\",\"urlTemplate\":\"https:\/\/helipoland.com\/pl\/?s={search_term_string}\"},\"query-input\":{\"@type\":\"PropertyValueSpecification\",\"valueRequired\":true,\"valueName\":\"search_term_string\"}}],\"inLanguage\":\"pl-PL\"}]}<\/script>\n<!-- \/ Yoast SEO plugin. -->","yoast_head_json":{"title":"Uprawnienie \u015bmig\u0142owcowe do lot\u00f3w nocnych (VFR noc)","description":"Uprawnienie \u015bmig\u0142owcowe do lot\u00f3w nocnych (VFR noc). Wykonywanie lot\u00f3w nocnych z licencj\u0105 PPL(H).","robots":{"index":"index","follow":"follow","max-snippet":"max-snippet:-1","max-image-preview":"max-image-preview:large","max-video-preview":"max-video-preview:-1"},"canonical":"https:\/\/helipoland.com\/szkolenia-pilotow\/uprawnienie-smiglowcowe-do-lotow-nocnych-vfr-noc\/","og_locale":"pl_PL","og_type":"article","og_title":"[:pl]Uprawnienie \u015bmig\u0142owcowe do lot\u00f3w nocnych (VFR noc)[:en]Helicopter night qualification (VFR night)[:]","og_description":"{:pl}Uprawnienie \u015bmig\u0142owcowe do lot\u00f3w nocnych (VFR noc). Wykonywanie lot\u00f3w nocnych z licencj\u0105 PPL(H).{:en}Helicopter night qualification (VFR night). Fly at night with PPL(H) licence.{:}","og_url":"https:\/\/helipoland.com\/szkolenia-pilotow\/uprawnienie-smiglowcowe-do-lotow-nocnych-vfr-noc\/","og_site_name":"Helipoland.com","article_modified_time":"2023-01-23T12:14:21+00:00","twitter_misc":{"Szacowany czas czytania":"6 minut"},"schema":{"@context":"https:\/\/schema.org","@graph":[{"@type":"WebPage","@id":"https:\/\/helipoland.com\/szkolenia-pilotow\/uprawnienie-smiglowcowe-do-lotow-nocnych-vfr-noc\/","url":"https:\/\/helipoland.com\/szkolenia-pilotow\/uprawnienie-smiglowcowe-do-lotow-nocnych-vfr-noc\/","name":"[:pl]Uprawnienie \u015bmig\u0142owcowe do lot\u00f3w nocnych (VFR noc)[:en]Helicopter night qualification (VFR night)[:]","isPartOf":{"@id":"https:\/\/helipoland.com\/pl\/#website"},"datePublished":"2015-09-16T22:23:15+00:00","dateModified":"2023-01-23T12:14:21+00:00","description":"{:pl}Uprawnienie \u015bmig\u0142owcowe do lot\u00f3w nocnych (VFR noc). Wykonywanie lot\u00f3w nocnych z licencj\u0105 PPL(H).{:en}Helicopter night qualification (VFR night). Fly at night with PPL(H) licence.{:}","breadcrumb":{"@id":"https:\/\/helipoland.com\/szkolenia-pilotow\/uprawnienie-smiglowcowe-do-lotow-nocnych-vfr-noc\/#breadcrumb"},"inLanguage":"pl-PL","potentialAction":[{"@type":"ReadAction","target":["https:\/\/helipoland.com\/szkolenia-pilotow\/uprawnienie-smiglowcowe-do-lotow-nocnych-vfr-noc\/"]}]},{"@type":"BreadcrumbList","@id":"https:\/\/helipoland.com\/szkolenia-pilotow\/uprawnienie-smiglowcowe-do-lotow-nocnych-vfr-noc\/#breadcrumb","itemListElement":[{"@type":"ListItem","position":1,"name":"Helipoland.com","item":"https:\/\/helipoland.com\/pl\/"},{"@type":"ListItem","position":2,"name":"Szkolenia pilot\u00f3w","item":"https:\/\/helipoland.com\/szkolenia-pilotow\/"},{"@type":"ListItem","position":3,"name":"Uprawnienie \u015bmig\u0142owcowe do lot\u00f3w nocnych (VFR noc)"}]},{"@type":"WebSite","@id":"https:\/\/helipoland.com\/pl\/#website","url":"https:\/\/helipoland.com\/pl\/","name":"Helipoland.com","description":"Loty helikopterem, szko\u0142a latania, us\u0142ugi lotnicze, \u015bmig\u0142owce","potentialAction":[{"@type":"SearchAction","target":{"@type":"EntryPoint","urlTemplate":"https:\/\/helipoland.com\/pl\/?s={search_term_string}"},"query-input":{"@type":"PropertyValueSpecification","valueRequired":true,"valueName":"search_term_string"}}],"inLanguage":"pl-PL"}]}},"_links":{"self":[{"href":"https:\/\/helipoland.com\/pl\/wp-json\/wp\/v2\/pages\/897","targetHints":{"allow":["GET"]}}],"collection":[{"href":"https:\/\/helipoland.com\/pl\/wp-json\/wp\/v2\/pages"}],"about":[{"href":"https:\/\/helipoland.com\/pl\/wp-json\/wp\/v2\/types\/page"}],"author":[{"embeddable":true,"href":"https:\/\/helipoland.com\/pl\/wp-json\/wp\/v2\/users\/1"}],"replies":[{"embeddable":true,"href":"https:\/\/helipoland.com\/pl\/wp-json\/wp\/v2\/comments?post=897"}],"version-history":[{"count":21,"href":"https:\/\/helipoland.com\/pl\/wp-json\/wp\/v2\/pages\/897\/revisions"}],"predecessor-version":[{"id":5812,"href":"https:\/\/helipoland.com\/pl\/wp-json\/wp\/v2\/pages\/897\/revisions\/5812"}],"up":[{"embeddable":true,"href":"https:\/\/helipoland.com\/pl\/wp-json\/wp\/v2\/pages\/408"}],"wp:attachment":[{"href":"https:\/\/helipoland.com\/pl\/wp-json\/wp\/v2\/media?parent=897"}],"curies":[{"name":"wp","href":"https:\/\/api.w.org\/{rel}","templated":true}]}}