{"id":914,"date":"2015-09-18T10:29:42","date_gmt":"2015-09-18T10:29:42","guid":{"rendered":"http:\/\/helipoland.com\/?page_id=914"},"modified":"2023-01-23T12:28:50","modified_gmt":"2023-01-23T12:28:50","slug":"uprawnienie-instruktora-smiglowcowego-fih","status":"publish","type":"page","link":"https:\/\/helipoland.com\/pl\/szkolenia-pilotow\/uprawnienie-instruktora-smiglowcowego-fih\/","title":{"rendered":"Uprawnienie instruktora \u015bmig\u0142owcowego FI(H)"},"content":{"rendered":"<hr \/>\n<p style=\"text-align: justify;\"><span style=\"color: #000000;\">Nauczanie innych latania jest zadaniem bardzo wymagaj\u0105cym ale te\u017c dobrze wynagradzanym i daj\u0105cym niezwyk\u0142\u0105 satysfakcj\u0119 osi\u0105gni\u0119ciem. Pozwala ono otworzy\u0107 drzwi to pe\u0142nej kariery pilota \u015bmig\u0142owcowego przez mo\u017cliwo\u015b\u0107 szybkiego zdobycia do\u015bwiadczenia, kt\u00f3re daje mo\u017cliwo\u015b\u0107 przej\u015bcia do wielu r\u00f3\u017cnych sektor\u00f3w lotnictwa \u015bmig\u0142owcowego na \u015bwiecie. Kurs na\u00a0Uprawnienie instruktora \u015bmig\u0142owcowego FI(H)\u00a0zawiera wszystkie aspekty nauczania teoretycznego w\u0142\u0105czaj\u0105c w to procesy nauczania i uczenia si\u0119, ocen\u0119 post\u0119p\u00f3w i techniki nauczania w locie element\u00f3w praktycznych.<\/span><\/p>\n<p style=\"text-align: justify;\"><span style=\"color: #000000;\">Posiadaj\u0105c licencj\u0119 CPL(H) mo\u017cna ubiega\u0107 si\u0119 o uprawnienie instrukotra. Jest to mo\u017cliwa tak\u017ce z licencji\u0105 PPL(H) pod warunkiem zaliczenia pa\u0144stwowych egzamin\u00f3w teoretycznych do licencji CPL(H). W obydwu przypadkach wygane jest posiadanie 250 godzin nalotu na \u015bmig\u0142owcach z czego minimum 100 godzin nalotu dow\u00f3dczego wym agane jest dla posiadaczy CPL(H) oraz minimum 200 godzin nalotu dow\u00f3dczego dla posiadaczy PPL(H).<\/span><\/p>\n<p style=\"text-align: justify;\"><span style=\"color: #000000;\">Zatwierdzony kurs szkolenia FI(H) w Helipoland.com sk\u0142\u0105da si\u0119 z minimum 30 godzin szkolenia w locie oraz 125 godzin wyk\u0142\u0105d\u00f3w teoretycznych (w tym 25 godzin instrukta\u017cu nauczania i uczenia si\u0119). Rozk\u0142ad czasowy i miejsce odbycia kursu s\u0105 dostosowywane indywidualnie. Osoba ubiegaj\u0105ca si\u0119 o certyfikat FI, w okresie 6 miesi\u0119cy poprzedzaj\u0105cych rozpocz\u0119cie szkolenia, musi zaliczy\u0107 lot kontrolny z instruktorem FI uprawnionym zgodnie z FCL.905.FI lit. i), kt\u00f3rego celem jest ocena, czy mo\u017ce ona rozpocz\u0105\u0107 szkolenie. Lot kontrolny jest przeprowadzany w oparciu o zasady kontroli umiej\u0119tno\u015bci dla uprawnienia na klas\u0119 i typ \u015bmig\u0142owca zgodnie z dodatkiem 9 do Part FCL.<\/span><\/p>\n<p><span style=\"color: #000000;\">Nauczanie latania stanowi doskona\u0142e uzupe\u0142nienie pracy zawodowej w roli pilota \u015bmig\u0142owca dostarczaj\u0105c zbalansowania zdobywanych do\u015bwiadcze\u0144 w czsaie latania.<\/span>","protected":false},"excerpt":{"rendered":"<p>Nauczanie innych latania jest zadaniem bardzo wymagaj\u0105cym ale te\u017c dobrze wynagradzanym i daj\u0105cym niezwyk\u0142\u0105 satysfakcj\u0119 osi\u0105gni\u0119ciem. Pozwala ono otworzy\u0107 drzwi[&#8230;..]<\/p>\n","protected":false},"author":1,"featured_media":0,"parent":408,"menu_order":0,"comment_status":"closed","ping_status":"closed","template":"template-fullwidth-with-form.php","meta":{"_acf_changed":false,"footnotes":""},"class_list":["post-914","page","type-page","status-publish","hentry"],"acf":[],"yoast_head":"<!-- This site is optimized with the Yoast SEO plugin v24.8.1 - https:\/\/yoast.com\/wordpress\/plugins\/seo\/ -->\n<title>Uprawnienie instruktora \u015bmig\u0142owcowego FI(H)<\/title>\n<meta name=\"description\" content=\"Uprawnienie instruktora \u015bmig\u0142owcowego FI(H)\" \/>\n<meta name=\"robots\" content=\"index, follow, max-snippet:-1, max-image-preview:large, max-video-preview:-1\" \/>\n<link rel=\"canonical\" href=\"https:\/\/helipoland.com\/szkolenia-pilotow\/uprawnienie-instruktora-smiglowcowego-fih\/\" \/>\n<meta property=\"og:locale\" content=\"pl_PL\" \/>\n<meta property=\"og:type\" content=\"article\" \/>\n<meta property=\"og:title\" content=\"[:pl]Uprawnienie instruktora \u015bmig\u0142owcowego FI(H)[:en]Flight Instructor Rating (Helicopter) FI(H)[:]\" \/>\n<meta property=\"og:description\" content=\"{:pl}Uprawnienie instruktora \u015bmig\u0142owcowego FI(H){:en}Flight Instructor Rating (Helicopter) FI(H){:}\" \/>\n<meta property=\"og:url\" content=\"https:\/\/helipoland.com\/szkolenia-pilotow\/uprawnienie-instruktora-smiglowcowego-fih\/\" \/>\n<meta property=\"og:site_name\" content=\"Helipoland.com\" \/>\n<meta property=\"article:modified_time\" content=\"2023-01-23T12:28:50+00:00\" \/>\n<meta name=\"twitter:label1\" content=\"Szacowany czas czytania\" \/>\n\t<meta name=\"twitter:data1\" content=\"4 minuty\" \/>\n<script type=\"application\/ld+json\" class=\"yoast-schema-graph\">{\"@context\":\"https:\/\/schema.org\",\"@graph\":[{\"@type\":\"WebPage\",\"@id\":\"https:\/\/helipoland.com\/szkolenia-pilotow\/uprawnienie-instruktora-smiglowcowego-fih\/\",\"url\":\"https:\/\/helipoland.com\/szkolenia-pilotow\/uprawnienie-instruktora-smiglowcowego-fih\/\",\"name\":\"[:pl]Uprawnienie instruktora \u015bmig\u0142owcowego FI(H)[:en]Flight Instructor Rating (Helicopter) FI(H)[:]\",\"isPartOf\":{\"@id\":\"https:\/\/helipoland.com\/pl\/#website\"},\"datePublished\":\"2015-09-18T10:29:42+00:00\",\"dateModified\":\"2023-01-23T12:28:50+00:00\",\"description\":\"{:pl}Uprawnienie instruktora \u015bmig\u0142owcowego FI(H){:en}Flight Instructor Rating (Helicopter) FI(H){:}\",\"breadcrumb\":{\"@id\":\"https:\/\/helipoland.com\/szkolenia-pilotow\/uprawnienie-instruktora-smiglowcowego-fih\/#breadcrumb\"},\"inLanguage\":\"pl-PL\",\"potentialAction\":[{\"@type\":\"ReadAction\",\"target\":[\"https:\/\/helipoland.com\/szkolenia-pilotow\/uprawnienie-instruktora-smiglowcowego-fih\/\"]}]},{\"@type\":\"BreadcrumbList\",\"@id\":\"https:\/\/helipoland.com\/szkolenia-pilotow\/uprawnienie-instruktora-smiglowcowego-fih\/#breadcrumb\",\"itemListElement\":[{\"@type\":\"ListItem\",\"position\":1,\"name\":\"Helipoland.com\",\"item\":\"https:\/\/helipoland.com\/pl\/\"},{\"@type\":\"ListItem\",\"position\":2,\"name\":\"Szkolenia pilot\u00f3w\",\"item\":\"https:\/\/helipoland.com\/szkolenia-pilotow\/\"},{\"@type\":\"ListItem\",\"position\":3,\"name\":\"Uprawnienie instruktora \u015bmig\u0142owcowego FI(H)\"}]},{\"@type\":\"WebSite\",\"@id\":\"https:\/\/helipoland.com\/pl\/#website\",\"url\":\"https:\/\/helipoland.com\/pl\/\",\"name\":\"Helipoland.com\",\"description\":\"Loty helikopterem, szko\u0142a latania, us\u0142ugi lotnicze, \u015bmig\u0142owce\",\"potentialAction\":[{\"@type\":\"SearchAction\",\"target\":{\"@type\":\"EntryPoint\",\"urlTemplate\":\"https:\/\/helipoland.com\/pl\/?s={search_term_string}\"},\"query-input\":{\"@type\":\"PropertyValueSpecification\",\"valueRequired\":true,\"valueName\":\"search_term_string\"}}],\"inLanguage\":\"pl-PL\"}]}<\/script>\n<!-- \/ Yoast SEO plugin. -->","yoast_head_json":{"title":"Uprawnienie instruktora \u015bmig\u0142owcowego FI(H)","description":"Uprawnienie instruktora \u015bmig\u0142owcowego FI(H)","robots":{"index":"index","follow":"follow","max-snippet":"max-snippet:-1","max-image-preview":"max-image-preview:large","max-video-preview":"max-video-preview:-1"},"canonical":"https:\/\/helipoland.com\/szkolenia-pilotow\/uprawnienie-instruktora-smiglowcowego-fih\/","og_locale":"pl_PL","og_type":"article","og_title":"[:pl]Uprawnienie instruktora \u015bmig\u0142owcowego FI(H)[:en]Flight Instructor Rating (Helicopter) FI(H)[:]","og_description":"{:pl}Uprawnienie instruktora \u015bmig\u0142owcowego FI(H){:en}Flight Instructor Rating (Helicopter) FI(H){:}","og_url":"https:\/\/helipoland.com\/szkolenia-pilotow\/uprawnienie-instruktora-smiglowcowego-fih\/","og_site_name":"Helipoland.com","article_modified_time":"2023-01-23T12:28:50+00:00","twitter_misc":{"Szacowany czas czytania":"4 minuty"},"schema":{"@context":"https:\/\/schema.org","@graph":[{"@type":"WebPage","@id":"https:\/\/helipoland.com\/szkolenia-pilotow\/uprawnienie-instruktora-smiglowcowego-fih\/","url":"https:\/\/helipoland.com\/szkolenia-pilotow\/uprawnienie-instruktora-smiglowcowego-fih\/","name":"[:pl]Uprawnienie instruktora \u015bmig\u0142owcowego FI(H)[:en]Flight Instructor Rating (Helicopter) FI(H)[:]","isPartOf":{"@id":"https:\/\/helipoland.com\/pl\/#website"},"datePublished":"2015-09-18T10:29:42+00:00","dateModified":"2023-01-23T12:28:50+00:00","description":"{:pl}Uprawnienie instruktora \u015bmig\u0142owcowego FI(H){:en}Flight Instructor Rating (Helicopter) FI(H){:}","breadcrumb":{"@id":"https:\/\/helipoland.com\/szkolenia-pilotow\/uprawnienie-instruktora-smiglowcowego-fih\/#breadcrumb"},"inLanguage":"pl-PL","potentialAction":[{"@type":"ReadAction","target":["https:\/\/helipoland.com\/szkolenia-pilotow\/uprawnienie-instruktora-smiglowcowego-fih\/"]}]},{"@type":"BreadcrumbList","@id":"https:\/\/helipoland.com\/szkolenia-pilotow\/uprawnienie-instruktora-smiglowcowego-fih\/#breadcrumb","itemListElement":[{"@type":"ListItem","position":1,"name":"Helipoland.com","item":"https:\/\/helipoland.com\/pl\/"},{"@type":"ListItem","position":2,"name":"Szkolenia pilot\u00f3w","item":"https:\/\/helipoland.com\/szkolenia-pilotow\/"},{"@type":"ListItem","position":3,"name":"Uprawnienie instruktora \u015bmig\u0142owcowego FI(H)"}]},{"@type":"WebSite","@id":"https:\/\/helipoland.com\/pl\/#website","url":"https:\/\/helipoland.com\/pl\/","name":"Helipoland.com","description":"Loty helikopterem, szko\u0142a latania, us\u0142ugi lotnicze, \u015bmig\u0142owce","potentialAction":[{"@type":"SearchAction","target":{"@type":"EntryPoint","urlTemplate":"https:\/\/helipoland.com\/pl\/?s={search_term_string}"},"query-input":{"@type":"PropertyValueSpecification","valueRequired":true,"valueName":"search_term_string"}}],"inLanguage":"pl-PL"}]}},"_links":{"self":[{"href":"https:\/\/helipoland.com\/pl\/wp-json\/wp\/v2\/pages\/914","targetHints":{"allow":["GET"]}}],"collection":[{"href":"https:\/\/helipoland.com\/pl\/wp-json\/wp\/v2\/pages"}],"about":[{"href":"https:\/\/helipoland.com\/pl\/wp-json\/wp\/v2\/types\/page"}],"author":[{"embeddable":true,"href":"https:\/\/helipoland.com\/pl\/wp-json\/wp\/v2\/users\/1"}],"replies":[{"embeddable":true,"href":"https:\/\/helipoland.com\/pl\/wp-json\/wp\/v2\/comments?post=914"}],"version-history":[{"count":8,"href":"https:\/\/helipoland.com\/pl\/wp-json\/wp\/v2\/pages\/914\/revisions"}],"predecessor-version":[{"id":5815,"href":"https:\/\/helipoland.com\/pl\/wp-json\/wp\/v2\/pages\/914\/revisions\/5815"}],"up":[{"embeddable":true,"href":"https:\/\/helipoland.com\/pl\/wp-json\/wp\/v2\/pages\/408"}],"wp:attachment":[{"href":"https:\/\/helipoland.com\/pl\/wp-json\/wp\/v2\/media?parent=914"}],"curies":[{"name":"wp","href":"https:\/\/api.w.org\/{rel}","templated":true}]}}