{"id":919,"date":"2015-09-19T21:14:02","date_gmt":"2015-09-19T21:14:02","guid":{"rendered":"http:\/\/helipoland.com\/?page_id=919"},"modified":"2023-01-23T12:24:42","modified_gmt":"2023-01-23T12:24:42","slug":"uprawnienie-do-lotow-wedlug-wskazan-przyrzadow-irh","status":"publish","type":"page","link":"https:\/\/helipoland.com\/pl\/szkolenia-pilotow\/uprawnienie-do-lotow-wedlug-wskazan-przyrzadow-irh\/","title":{"rendered":"Uprawnienie do lot\u00f3w wed\u0142ug wskaza\u0144 przyrz\u0105d\u00f3w IR(H)"},"content":{"rendered":"<hr \/>\n<p style=\"text-align: justify;\"><span style=\"color: #000000;\"><div class=\"ezcol ezcol-one-half\"><\/span><\/p>\n<p style=\"text-align: justify;\"><span style=\"color: #000000;\">Uprawnienie do lot\u00f3w wed\u0142ug wskaza\u0144 przyrz\u0105d\u00f3w IR(H)\u00a0jest jednym z najbardziej wymagaj\u0105cych w \u015bwiecie awiacji. Uprawnienie to jest wymagane w szczeg\u00f3lno\u015bci dla operacji morskich (loty na platformy wiertnicze) jednak\u017ce coraz wi\u0119cej operator\u00f3w wprowadza w\u015br\u00f3d swoich pracownik\u00f3w wymogi posiadania uprawnienia IR na \u015bmig\u0142owcach, np. s\u0142u\u017cby \u015bmig\u0142owcowego ratownictwa medycznego HEMS (Helicopter Emergency Medical Services)<\/span><\/p>\n<p style=\"text-align: justify;\"><span style=\"color: #000000;\">Kurs szkolenia IR(H) prowadzony jest w oparciu o Part FLC.600 i dodatek 6 do Part FCL. Posiadacz uprawnienia IR jest uprawniony do pilotowania statk\u00f3w powietrznych zgodnie z przepisami dla lot\u00f3w wed\u0142ug wskaza\u0144 przyrz\u0105d\u00f3w (IFR) z minimaln\u0105 wysoko\u015bci\u0105 decyzji 200 st\u00f3p (60 m). Ograniczenie tej minimalnej wysokosci mo\u017ce zosta\u0107 zmniejszone w przypadku IR(H) dla \u015bmig\u0142owc\u00f3w wielosilnikowych. Szkolenie do lot\u00f3w wed\u0142ug wskaza\u0144 przyrz\u0105d\u00f3w IR(H) sk\u0142ada si\u0119 z 50 godzin szkolenia praktycznego dla \u015bmig\u0142owc\u00f3w jednosilnikowych i 55 godzin dla \u015bmigowc\u00f3w wielosilnikowych. Szkolenie w locie wed\u0142ug wskaza\u0144 przyrz\u0105d\u00f3w musi obejmowa\u0107 co najmniej 10 godzin na \u015bmig\u0142owcu certyfikowanym do lot\u00f3w IFR. Przed rozpocz\u0119ciem kursu kandydat powinien posiada\u0107 uprawnienie na typ \u015bmig\u0142owca u\u017cytego w szkoleniu lub musi odby\u0107 szkolenie na ten typ wsp\u00f3lnie ze szkoleniem IR(H).<\/span><\/p>\n<p style=\"text-align: justify;\"><span style=\"color: #000000;\">Osoba ubiegaj\u0105ca si\u0119 o uprawnienie IR:<\/span><\/p>\n<p style=\"text-align: justify;\"><span style=\"color: #000000;\">a) musi posiada\u0107:<\/span><\/p>\n<p style=\"text-align: justify;\"><span style=\"color: #000000;\">1) co najmniej licencj\u0119 PPL na odpowiedni\u0105 kategori\u0119 statku powietrznego, oraz:<\/span><\/p>\n<p style=\"text-align: justify;\"><span style=\"color: #000000;\">(i) uprawnienia do wykonywania lot\u00f3w nocnych zgodnie z FCL.810; lub<\/span><\/p>\n<p style=\"text-align: justify;\"><span style=\"color: #000000;\">(ii) licencj\u0119 ATPL na inn\u0105 kategori\u0119 statk\u00f3w powietrznych; lub<\/span><\/p>\n<p style=\"text-align: justify;\"><span style=\"color: #000000;\">2) licencj\u0119 CPL na odpowiedni\u0105 kategori\u0119 statk\u00f3w powietrznych;<\/span><\/p>\n<p style=\"text-align: justify;\"><span style=\"color: #000000;\"><\/div> <div class=\"ezcol ezcol-one-half ezcol-last\"><\/span><\/p>\n<p style=\"text-align: justify;\"><span style=\"color: #000000;\"><img loading=\"lazy\" decoding=\"async\" class=\"alignnone wp-image-1499 size-large\" src=\"http:\/\/helipoland.com\/wp-content\/uploads\/2015\/10\/Cockpit11169-min-1024x768.jpg\" alt=\"Uprawnienia w licencji pilota \u015bmig\u0142owca\" width=\"640\" height=\"480\" srcset=\"https:\/\/helipoland.com\/wp-content\/uploads\/2015\/10\/Cockpit11169-min-1024x768.jpg 1024w, https:\/\/helipoland.com\/wp-content\/uploads\/2015\/10\/Cockpit11169-min-300x225.jpg 300w, https:\/\/helipoland.com\/wp-content\/uploads\/2015\/10\/Cockpit11169-min-285x214.jpg 285w, https:\/\/helipoland.com\/wp-content\/uploads\/2015\/10\/Cockpit11169-min.jpg 1600w\" sizes=\"auto, (max-width: 640px) 100vw, 640px\" \/><\/span><\/p>\n<p style=\"text-align: justify;\"><span style=\"color: #000000;\"><img loading=\"lazy\" decoding=\"async\" class=\"alignnone size-full wp-image-2061\" src=\"http:\/\/helipoland.com\/wp-content\/uploads\/2015\/09\/Instruments_admin_500x500.jpg\" alt=\"Szkolenie IR(H)\" width=\"500\" height=\"332\" srcset=\"https:\/\/helipoland.com\/wp-content\/uploads\/2015\/09\/Instruments_admin_500x500.jpg 500w, https:\/\/helipoland.com\/wp-content\/uploads\/2015\/09\/Instruments_admin_500x500-300x199.jpg 300w, https:\/\/helipoland.com\/wp-content\/uploads\/2015\/09\/Instruments_admin_500x500-272x182.jpg 272w\" sizes=\"auto, (max-width: 500px) 100vw, 500px\" \/><\/div><div class=\"ezcol-divider\"><\/div><\/span><\/p>\n<p style=\"text-align: justify;\"><span style=\"color: #000000;\">b) musi wykona\u0107 co najmniej 50 godzin lot\u00f3w nawigacyjnych w charakterze pilota dow\u00f3dcy samolotu, \u015bmig\u0142owca lub sterowca, z czego co najmniej 10 godzin lub, w przypadku sterowc\u00f3w, 20 godzin na statku powietrznym odpowiedniej kategorii.<\/span><\/p>\n<p style=\"text-align: justify;\"><span style=\"color: #000000;\">c) Przepis dotycz\u0105cy wy\u0142\u0105cznie \u015bmig\u0142owc\u00f3w. Kandydaci, kt\u00f3rzy uko\u0144czyli zintegrowane szkolenie na licencj\u0119 ATP(H)\/IR, ATP(H), CPL(H)\/IR lub CPL(H), s\u0105 zwolnieni z konieczno\u015bci spe\u0142nienia wymagania okre\u015blonego w lit. b).<\/span><\/p>\n<p style=\"text-align: justify;\"><span style=\"color: #000000;\">Zatwierdzone szkolenie modu\u0142owe do uprawnie\u0144 IR(H) musi obejmowa\u0107 co najmniej 150 godzin.<\/span><\/p>\n<p style=\"text-align: justify;\"><span style=\"color: #000000;\"><img loading=\"lazy\" decoding=\"async\" class=\"size-full wp-image-3431 aligncenter\" src=\"http:\/\/helipoland.com\/wp-content\/uploads\/2018\/04\/Zrzut-ekranu-2018-04-03-o-06.59.42.png\" alt=\"3 Uprawnienie do loto\u0301w wed\u0142ug wskazan\u0301 przyrza\u0328do\u0301w - IR(H)\" width=\"1072\" height=\"1058\" srcset=\"https:\/\/helipoland.com\/wp-content\/uploads\/2018\/04\/Zrzut-ekranu-2018-04-03-o-06.59.42.png 1072w, https:\/\/helipoland.com\/wp-content\/uploads\/2018\/04\/Zrzut-ekranu-2018-04-03-o-06.59.42-300x296.png 300w, https:\/\/helipoland.com\/wp-content\/uploads\/2018\/04\/Zrzut-ekranu-2018-04-03-o-06.59.42-768x758.png 768w, https:\/\/helipoland.com\/wp-content\/uploads\/2018\/04\/Zrzut-ekranu-2018-04-03-o-06.59.42-1024x1011.png 1024w, https:\/\/helipoland.com\/wp-content\/uploads\/2018\/04\/Zrzut-ekranu-2018-04-03-o-06.59.42-600x592.png 600w\" sizes=\"auto, (max-width: 1072px) 100vw, 1072px\" \/><\/span><\/p>\n<p style=\"text-align: justify;\"><span style=\"color: #000000;\">Elementy egzaminu praktycznego na uprawnienia IR(H) musz\u0105 obejmowa\u0107:<\/span><\/p>\n<p style=\"text-align: justify;\"><span style=\"color: #000000;\">a) procedury przygotowawcze do lotu IFR, w tym korzystanie z instrukcji u\u017cytkowania w locie oraz odpowiednich dokument\u00f3w s\u0142u\u017cb kontroli ruchu lotniczego do przygotowania planu lotu IFR;<\/span><\/p>\n<p style=\"text-align: justify;\"><span style=\"color: #000000;\">b) procedury i manewry stosowane podczas lotu IFR w warunkach normalnych, anormalnych i w sytuacjach awaryjnych, w tym co najmniej:<\/span><\/p>\n<p style=\"text-align: justify;\"><span style=\"color: #000000;\">przej\u015bcie z lotu z widoczno\u015bci\u0105 do lotu wed\u0142ug wskaza\u0144 przyrz\u0105d\u00f3w w momencie startu,\u00a0standardowy odlot i dolot wed\u0142ug wskaza\u0144 przyrz\u0105d\u00f3w,\u00a0procedury IFR podczas przelotu,\u00a0procedury oczekiwania,\u00a0podej\u015bcia wed\u0142ug wskaza\u0144 przyrz\u0105d\u00f3w do okre\u015blonych minim\u00f3w,\u00a0procedury odlotu po nieudanym podej\u015bciu,\u00a0l\u0105dowanie po podej\u015bciu wed\u0142ug wskaza\u0144 przyrz\u0105d\u00f3w, w tym podej\u015bcie z okr\u0105\u017ceniem;<\/span><\/p>\n<p style=\"text-align: justify;\"><span style=\"color: #000000;\">c) manewry podczas lotu oraz poszczeg\u00f3lne parametry lotu;<\/span><\/p>\n<p style=\"text-align: justify;\"><span style=\"color: #000000;\">d) je\u017celi jest to wymagane, wykonywanie powy\u017cszych \u0107wicze\u0144 na \u015bmig\u0142owcu wielosilnikowym, w tym pilotowanie \u015bmig\u0142owca wy\u0142\u0105cznie wed\u0142ug wskaza\u0144 przyrz\u0105d\u00f3w w symulowanym locie z jednym silnikiem nieczynnym oraz wy\u0142\u0105czeniem i ponownym uruchomieniem silnika podczas lotu (to ostatnie \u0107wiczenie nale\u017cy wykonywa\u0107 na bezpiecznej wysoko\u015bci, chyba \u017ce jest wykonywane na symulatorze FFS lub na urz\u0105dzeniu FNPT II lub FTD 2\/3).<\/span><\/p>","protected":false},"excerpt":{"rendered":"<p>b) musi wykona\u0107 co najmniej 50 godzin lot\u00f3w nawigacyjnych w charakterze pilota dow\u00f3dcy samolotu, \u015bmig\u0142owca lub sterowca, z czego co[&#8230;..]<\/p>\n","protected":false},"author":1,"featured_media":0,"parent":408,"menu_order":0,"comment_status":"closed","ping_status":"closed","template":"template-fullwidth-with-form.php","meta":{"_acf_changed":false,"footnotes":""},"class_list":["post-919","page","type-page","status-publish","hentry"],"acf":[],"yoast_head":"<!-- This site is optimized with the Yoast SEO plugin v24.8.1 - https:\/\/yoast.com\/wordpress\/plugins\/seo\/ -->\n<title>Uprawnienie do lot\u00f3w wed\u0142ug wskaza\u0144 przyrz\u0105d\u00f3w IR(H)<\/title>\n<meta name=\"description\" content=\"Uprawnienie do lot\u00f3w wed\u0142ug wskaza\u0144 przyrz\u0105d\u00f3w IR(H)\" \/>\n<meta name=\"robots\" content=\"index, follow, max-snippet:-1, max-image-preview:large, max-video-preview:-1\" \/>\n<link rel=\"canonical\" href=\"https:\/\/helipoland.com\/szkolenia-pilotow\/uprawnienie-do-lotow-wedlug-wskazan-przyrzadow-irh\/\" \/>\n<meta property=\"og:locale\" content=\"pl_PL\" \/>\n<meta property=\"og:type\" content=\"article\" \/>\n<meta property=\"og:title\" content=\"[:pl]Uprawnienie do lot\u00f3w wed\u0142ug wskaza\u0144 przyrz\u0105d\u00f3w IR(H)[:en]Instrument Rating IR(H)[:]\" \/>\n<meta property=\"og:description\" content=\"{:pl}Uprawnienie do lot\u00f3w wed\u0142ug wskaza\u0144 przyrz\u0105d\u00f3w IR(H){:en}Instrument Rating IR(H){:}\" \/>\n<meta property=\"og:url\" content=\"https:\/\/helipoland.com\/szkolenia-pilotow\/uprawnienie-do-lotow-wedlug-wskazan-przyrzadow-irh\/\" \/>\n<meta property=\"og:site_name\" content=\"Helipoland.com\" \/>\n<meta property=\"article:modified_time\" content=\"2023-01-23T12:24:42+00:00\" \/>\n<meta property=\"og:image\" content=\"http:\/\/helipoland.com\/wp-content\/uploads\/2015\/10\/Cockpit11169-min-1024x768.jpg\" \/>\n<meta name=\"twitter:label1\" content=\"Szacowany czas czytania\" \/>\n\t<meta name=\"twitter:data1\" content=\"7 minut\" \/>\n<script type=\"application\/ld+json\" class=\"yoast-schema-graph\">{\"@context\":\"https:\/\/schema.org\",\"@graph\":[{\"@type\":\"WebPage\",\"@id\":\"https:\/\/helipoland.com\/szkolenia-pilotow\/uprawnienie-do-lotow-wedlug-wskazan-przyrzadow-irh\/\",\"url\":\"https:\/\/helipoland.com\/szkolenia-pilotow\/uprawnienie-do-lotow-wedlug-wskazan-przyrzadow-irh\/\",\"name\":\"[:pl]Uprawnienie do lot\u00f3w wed\u0142ug wskaza\u0144 przyrz\u0105d\u00f3w IR(H)[:en]Instrument Rating IR(H)[:]\",\"isPartOf\":{\"@id\":\"https:\/\/helipoland.com\/pl\/#website\"},\"primaryImageOfPage\":{\"@id\":\"https:\/\/helipoland.com\/szkolenia-pilotow\/uprawnienie-do-lotow-wedlug-wskazan-przyrzadow-irh\/#primaryimage\"},\"image\":{\"@id\":\"https:\/\/helipoland.com\/szkolenia-pilotow\/uprawnienie-do-lotow-wedlug-wskazan-przyrzadow-irh\/#primaryimage\"},\"thumbnailUrl\":\"http:\/\/helipoland.com\/wp-content\/uploads\/2015\/10\/Cockpit11169-min-1024x768.jpg\",\"datePublished\":\"2015-09-19T21:14:02+00:00\",\"dateModified\":\"2023-01-23T12:24:42+00:00\",\"description\":\"{:pl}Uprawnienie do lot\u00f3w wed\u0142ug wskaza\u0144 przyrz\u0105d\u00f3w IR(H){:en}Instrument Rating IR(H){:}\",\"breadcrumb\":{\"@id\":\"https:\/\/helipoland.com\/szkolenia-pilotow\/uprawnienie-do-lotow-wedlug-wskazan-przyrzadow-irh\/#breadcrumb\"},\"inLanguage\":\"pl-PL\",\"potentialAction\":[{\"@type\":\"ReadAction\",\"target\":[\"https:\/\/helipoland.com\/szkolenia-pilotow\/uprawnienie-do-lotow-wedlug-wskazan-przyrzadow-irh\/\"]}]},{\"@type\":\"ImageObject\",\"inLanguage\":\"pl-PL\",\"@id\":\"https:\/\/helipoland.com\/szkolenia-pilotow\/uprawnienie-do-lotow-wedlug-wskazan-przyrzadow-irh\/#primaryimage\",\"url\":\"http:\/\/helipoland.com\/wp-content\/uploads\/2015\/10\/Cockpit11169-min-1024x768.jpg\",\"contentUrl\":\"http:\/\/helipoland.com\/wp-content\/uploads\/2015\/10\/Cockpit11169-min-1024x768.jpg\"},{\"@type\":\"BreadcrumbList\",\"@id\":\"https:\/\/helipoland.com\/szkolenia-pilotow\/uprawnienie-do-lotow-wedlug-wskazan-przyrzadow-irh\/#breadcrumb\",\"itemListElement\":[{\"@type\":\"ListItem\",\"position\":1,\"name\":\"Helipoland.com\",\"item\":\"https:\/\/helipoland.com\/pl\/\"},{\"@type\":\"ListItem\",\"position\":2,\"name\":\"Szkolenia pilot\u00f3w\",\"item\":\"https:\/\/helipoland.com\/szkolenia-pilotow\/\"},{\"@type\":\"ListItem\",\"position\":3,\"name\":\"Uprawnienie do lot\u00f3w wed\u0142ug wskaza\u0144 przyrz\u0105d\u00f3w IR(H)\"}]},{\"@type\":\"WebSite\",\"@id\":\"https:\/\/helipoland.com\/pl\/#website\",\"url\":\"https:\/\/helipoland.com\/pl\/\",\"name\":\"Helipoland.com\",\"description\":\"Loty helikopterem, szko\u0142a latania, us\u0142ugi lotnicze, \u015bmig\u0142owce\",\"potentialAction\":[{\"@type\":\"SearchAction\",\"target\":{\"@type\":\"EntryPoint\",\"urlTemplate\":\"https:\/\/helipoland.com\/pl\/?s={search_term_string}\"},\"query-input\":{\"@type\":\"PropertyValueSpecification\",\"valueRequired\":true,\"valueName\":\"search_term_string\"}}],\"inLanguage\":\"pl-PL\"}]}<\/script>\n<!-- \/ Yoast SEO plugin. -->","yoast_head_json":{"title":"Uprawnienie do lot\u00f3w wed\u0142ug wskaza\u0144 przyrz\u0105d\u00f3w IR(H)","description":"Uprawnienie do lot\u00f3w wed\u0142ug wskaza\u0144 przyrz\u0105d\u00f3w IR(H)","robots":{"index":"index","follow":"follow","max-snippet":"max-snippet:-1","max-image-preview":"max-image-preview:large","max-video-preview":"max-video-preview:-1"},"canonical":"https:\/\/helipoland.com\/szkolenia-pilotow\/uprawnienie-do-lotow-wedlug-wskazan-przyrzadow-irh\/","og_locale":"pl_PL","og_type":"article","og_title":"[:pl]Uprawnienie do lot\u00f3w wed\u0142ug wskaza\u0144 przyrz\u0105d\u00f3w IR(H)[:en]Instrument Rating IR(H)[:]","og_description":"{:pl}Uprawnienie do lot\u00f3w wed\u0142ug wskaza\u0144 przyrz\u0105d\u00f3w IR(H){:en}Instrument Rating IR(H){:}","og_url":"https:\/\/helipoland.com\/szkolenia-pilotow\/uprawnienie-do-lotow-wedlug-wskazan-przyrzadow-irh\/","og_site_name":"Helipoland.com","article_modified_time":"2023-01-23T12:24:42+00:00","og_image":[{"url":"http:\/\/helipoland.com\/wp-content\/uploads\/2015\/10\/Cockpit11169-min-1024x768.jpg","type":"","width":"","height":""}],"twitter_misc":{"Szacowany czas czytania":"7 minut"},"schema":{"@context":"https:\/\/schema.org","@graph":[{"@type":"WebPage","@id":"https:\/\/helipoland.com\/szkolenia-pilotow\/uprawnienie-do-lotow-wedlug-wskazan-przyrzadow-irh\/","url":"https:\/\/helipoland.com\/szkolenia-pilotow\/uprawnienie-do-lotow-wedlug-wskazan-przyrzadow-irh\/","name":"[:pl]Uprawnienie do lot\u00f3w wed\u0142ug wskaza\u0144 przyrz\u0105d\u00f3w IR(H)[:en]Instrument Rating IR(H)[:]","isPartOf":{"@id":"https:\/\/helipoland.com\/pl\/#website"},"primaryImageOfPage":{"@id":"https:\/\/helipoland.com\/szkolenia-pilotow\/uprawnienie-do-lotow-wedlug-wskazan-przyrzadow-irh\/#primaryimage"},"image":{"@id":"https:\/\/helipoland.com\/szkolenia-pilotow\/uprawnienie-do-lotow-wedlug-wskazan-przyrzadow-irh\/#primaryimage"},"thumbnailUrl":"http:\/\/helipoland.com\/wp-content\/uploads\/2015\/10\/Cockpit11169-min-1024x768.jpg","datePublished":"2015-09-19T21:14:02+00:00","dateModified":"2023-01-23T12:24:42+00:00","description":"{:pl}Uprawnienie do lot\u00f3w wed\u0142ug wskaza\u0144 przyrz\u0105d\u00f3w IR(H){:en}Instrument Rating IR(H){:}","breadcrumb":{"@id":"https:\/\/helipoland.com\/szkolenia-pilotow\/uprawnienie-do-lotow-wedlug-wskazan-przyrzadow-irh\/#breadcrumb"},"inLanguage":"pl-PL","potentialAction":[{"@type":"ReadAction","target":["https:\/\/helipoland.com\/szkolenia-pilotow\/uprawnienie-do-lotow-wedlug-wskazan-przyrzadow-irh\/"]}]},{"@type":"ImageObject","inLanguage":"pl-PL","@id":"https:\/\/helipoland.com\/szkolenia-pilotow\/uprawnienie-do-lotow-wedlug-wskazan-przyrzadow-irh\/#primaryimage","url":"http:\/\/helipoland.com\/wp-content\/uploads\/2015\/10\/Cockpit11169-min-1024x768.jpg","contentUrl":"http:\/\/helipoland.com\/wp-content\/uploads\/2015\/10\/Cockpit11169-min-1024x768.jpg"},{"@type":"BreadcrumbList","@id":"https:\/\/helipoland.com\/szkolenia-pilotow\/uprawnienie-do-lotow-wedlug-wskazan-przyrzadow-irh\/#breadcrumb","itemListElement":[{"@type":"ListItem","position":1,"name":"Helipoland.com","item":"https:\/\/helipoland.com\/pl\/"},{"@type":"ListItem","position":2,"name":"Szkolenia pilot\u00f3w","item":"https:\/\/helipoland.com\/szkolenia-pilotow\/"},{"@type":"ListItem","position":3,"name":"Uprawnienie do lot\u00f3w wed\u0142ug wskaza\u0144 przyrz\u0105d\u00f3w IR(H)"}]},{"@type":"WebSite","@id":"https:\/\/helipoland.com\/pl\/#website","url":"https:\/\/helipoland.com\/pl\/","name":"Helipoland.com","description":"Loty helikopterem, szko\u0142a latania, us\u0142ugi lotnicze, \u015bmig\u0142owce","potentialAction":[{"@type":"SearchAction","target":{"@type":"EntryPoint","urlTemplate":"https:\/\/helipoland.com\/pl\/?s={search_term_string}"},"query-input":{"@type":"PropertyValueSpecification","valueRequired":true,"valueName":"search_term_string"}}],"inLanguage":"pl-PL"}]}},"_links":{"self":[{"href":"https:\/\/helipoland.com\/pl\/wp-json\/wp\/v2\/pages\/919","targetHints":{"allow":["GET"]}}],"collection":[{"href":"https:\/\/helipoland.com\/pl\/wp-json\/wp\/v2\/pages"}],"about":[{"href":"https:\/\/helipoland.com\/pl\/wp-json\/wp\/v2\/types\/page"}],"author":[{"embeddable":true,"href":"https:\/\/helipoland.com\/pl\/wp-json\/wp\/v2\/users\/1"}],"replies":[{"embeddable":true,"href":"https:\/\/helipoland.com\/pl\/wp-json\/wp\/v2\/comments?post=919"}],"version-history":[{"count":15,"href":"https:\/\/helipoland.com\/pl\/wp-json\/wp\/v2\/pages\/919\/revisions"}],"predecessor-version":[{"id":5813,"href":"https:\/\/helipoland.com\/pl\/wp-json\/wp\/v2\/pages\/919\/revisions\/5813"}],"up":[{"embeddable":true,"href":"https:\/\/helipoland.com\/pl\/wp-json\/wp\/v2\/pages\/408"}],"wp:attachment":[{"href":"https:\/\/helipoland.com\/pl\/wp-json\/wp\/v2\/media?parent=919"}],"curies":[{"name":"wp","href":"https:\/\/api.w.org\/{rel}","templated":true}]}}