{"id":924,"date":"2015-09-19T23:34:46","date_gmt":"2015-09-19T23:34:46","guid":{"rendered":"http:\/\/helipoland.com\/?page_id=924"},"modified":"2023-01-23T12:26:48","modified_gmt":"2023-01-23T12:26:48","slug":"uprawnienie-na-typ-smiglowca-trh","status":"publish","type":"page","link":"https:\/\/helipoland.com\/pl\/szkolenia-pilotow\/uprawnienie-na-typ-smiglowca-trh\/","title":{"rendered":"Uprawnienie na typ \u015bmig\u0142owca \u2013 TR(H)"},"content":{"rendered":"<p style=\"text-align: justify;\"><span style=\"color: #000000;\">Helipoland.com jest polsk\u0105, zatwierdzon\u0105 przez EASA Organizacj\u0105 Szkolenia Lotniczego (ATO) przez co mo\u017ce kszta\u0142ci\u0107 pilot\u00f3w do uprawnie\u0144 na r\u00f3\u017cne typy \u015bmig\u0142owc\u00f3w od ma\u0142ych t\u0142okowych po znacznie wi\u0119ksze, wielosilnikowe turbinowe. Aktualna lista typ\u00f3w \u015bmig\u0142owc\u00f3w i wpis\u00f3w do licencji znajduje si\u0119 na stronie internetowej EASA.<\/span><\/p>\n<p style=\"text-align: justify;\"><span style=\"color: #000000;\">Gdy posiadasz ju\u017c turystyczn\u0105 lub zawodow\u0105 licencj\u0119 pilota z typem \u015bmig\u0142owca u\u017cytym do egzaminu jak na przyk\u0142ad Robinson R 44 mo\u017cesz zapragn\u0105\u0107 przesi\u0105\u015b\u0107 si\u0119 do wi\u0119kszej maszyny mog\u0105cej zabra\u0107 wi\u0119cej pasa\u017cer\u00f3w lub pe\u0142ni\u0107 specjalistyczne funkcje komercyjne. Aby zacz\u0105\u0107 lata\u0107 na innym typie \u015bmig\u0142owca ni\u017c dotychczas nale\u017cy odby\u0107 szkolenie na typ tego \u015bmig\u0142owca. Nasze kursy szkoleniowe w tym zakresie mog\u0105 by\u0107 modyfikowane do potrzeb i procedur okre\u015blonych operator\u00f3w.<\/span><\/p>\n<div id='gallery-1' class='gallery galleryid-924 gallery-columns-2 gallery-size-full'><figure class='gallery-item'>\n\t\t\t<div class='gallery-icon landscape'>\n\t\t\t\t<a data-size=\"4032x3024\" href='https:\/\/helipoland.com\/wp-content\/uploads\/2019\/11\/IMG_2986-min.jpg'><img loading=\"lazy\" decoding=\"async\" width=\"4032\" height=\"3024\" src=\"https:\/\/helipoland.com\/wp-content\/uploads\/2019\/11\/IMG_2986-min.jpg\" class=\"attachment-full size-full\" alt=\"Szkolenie AS350 B3 Helipoland\" srcset=\"https:\/\/helipoland.com\/wp-content\/uploads\/2019\/11\/IMG_2986-min.jpg 4032w, https:\/\/helipoland.com\/wp-content\/uploads\/2019\/11\/IMG_2986-min-300x225.jpg 300w, https:\/\/helipoland.com\/wp-content\/uploads\/2019\/11\/IMG_2986-min-768x576.jpg 768w, https:\/\/helipoland.com\/wp-content\/uploads\/2019\/11\/IMG_2986-min-1024x768.jpg 1024w, https:\/\/helipoland.com\/wp-content\/uploads\/2019\/11\/IMG_2986-min-600x450.jpg 600w, https:\/\/helipoland.com\/wp-content\/uploads\/2019\/11\/IMG_2986-min-1800x1350.jpg 1800w, https:\/\/helipoland.com\/wp-content\/uploads\/2019\/11\/IMG_2986-min-285x214.jpg 285w\" sizes=\"auto, (max-width: 4032px) 100vw, 4032px\" \/><\/a>\n\t\t\t<\/div><\/figure><figure class='gallery-item'>\n\t\t\t<div class='gallery-icon landscape'>\n\t\t\t\t<a data-size=\"4032x3024\" href='https:\/\/helipoland.com\/wp-content\/uploads\/2019\/11\/IMG_2988-min.jpg'><img loading=\"lazy\" decoding=\"async\" width=\"4032\" height=\"3024\" src=\"https:\/\/helipoland.com\/wp-content\/uploads\/2019\/11\/IMG_2988-min.jpg\" class=\"attachment-full size-full\" alt=\"Szkolenie AS350 B3 Helipoland\" srcset=\"https:\/\/helipoland.com\/wp-content\/uploads\/2019\/11\/IMG_2988-min.jpg 4032w, https:\/\/helipoland.com\/wp-content\/uploads\/2019\/11\/IMG_2988-min-300x225.jpg 300w, https:\/\/helipoland.com\/wp-content\/uploads\/2019\/11\/IMG_2988-min-768x576.jpg 768w, https:\/\/helipoland.com\/wp-content\/uploads\/2019\/11\/IMG_2988-min-1024x768.jpg 1024w, https:\/\/helipoland.com\/wp-content\/uploads\/2019\/11\/IMG_2988-min-600x450.jpg 600w, https:\/\/helipoland.com\/wp-content\/uploads\/2019\/11\/IMG_2988-min-1800x1350.jpg 1800w, https:\/\/helipoland.com\/wp-content\/uploads\/2019\/11\/IMG_2988-min-285x214.jpg 285w\" sizes=\"auto, (max-width: 4032px) 100vw, 4032px\" \/><\/a>\n\t\t\t<\/div><\/figure>\n\t\t<\/div>\n\n<p><strong><span style=\"color: #000000;\">Z nasz\u0105 pomoc\u0105 mo\u017cesz zdoby\u0107 nast\u0119puj\u0105ce uprawnienia na typ \u015bmig\u0142owca \u2013 TR(H):<\/span><\/strong><\/p>\n<ul>\n<li><span style=\"color: #000000;\">Robinson R 22, R 44<\/span><\/li>\n<li><span style=\"color: #000000;\">Robinson R 66<\/span><\/li>\n<li><span style=\"color: #000000;\">H 120 (EC 120)<\/span><\/li>\n<li><span style=\"color: #000000;\">H 125 (AS 350)<\/span><\/li>\n<li><span style=\"color: #000000;\">H 130 (EC 130)<\/span><\/li>\n<li><span style=\"color: #000000;\">Bell 407<\/span><\/li>\n<li><span style=\"color: #000000;\">AS 355 (wielosilnikowy)<\/span><\/li>\n<li><span style=\"color: #000000;\">Bell 427 (wielosilnikowy)<\/span><\/li>\n<li><span style=\"color: #000000;\">Mi 2 (wielosilnikowy)<\/span><\/li>\n<\/ul>\n<p style=\"text-align: justify;\"><span style=\"color: #000000;\">Szkolenie do uprawnienia na typ pozwala zapozna\u0107 si\u0119 z nowym \u015bmig\u0142owcem, w szczeg\u00f3lno\u015bci pozna\u0107 r\u00f3\u017cnice w mechanice, technologii, operacyjno\u015bci, osi\u0105gach i aerodynamice. Z pewno\u015bci\u0105 nie zabraknie te\u017c r\u00f3\u017cnego rodzaju procedur awaryjnych. Koszt kursu nauczania z aspekt\u00f3w technicznych nowego typu \u015bmig\u0142owca jest wliczony w szkolenie praktyczne.<\/span><\/p>\n<p style=\"text-align: justify;\"><span style=\"color: #000000;\">Czas trwania kursu jest dostosowywany do osobistych wymaga\u0144 i mo\u017cliwo\u015bci. Przeci\u0119tnie trwa od 3 dni dla \u015bmig\u0142owc\u00f3w jednosilnikowych t\u0142okowych do 15 dni dla \u015bmig\u0142owc\u00f3w wielosilnikowych turbinowych. Wymogi szkoleniowe do uzyskania wpisu pierwszego typu \u015bmig\u0142owca jednosilnikowego do licencji to 5 godzin szkolenia w locie i 2 godziny dla ka\u017cdego kolejnego. Dla \u015bmig\u0142owc\u00f3w wielosilnikowych wymagane jest 8 godzin dla pierwszego typu i 3 dla ka\u017cdego kolejnego. Wymagania te stanowi\u0105 wymagane minimum w my\u015bl przepis\u00f3w prawa lotniczego. Czas potrzebny na uko\u0144czenie kursu b\u0119dzie zale\u017cny w du\u017cej mierze od nak\u0142adu pracy i do\u015bwiadczenia pilota. Mo\u017cliwo\u015b\u0107 latania na zupe\u0142nie nowej maszynie jest najlepszym wynagrodzeniem w\u0142o\u017conego w nauk\u0119 wysi\u0142ku.<\/span><\/p>\n<p style=\"text-align: justify;\"><span style=\"color: #000000;\">Nasz cel jest bardzo prosty \u2013 zapewni\u0107, \u017ce b\u0119dziesz gotowy(a) do egzaminu i w pe\u0142ni kompetentny(a) do wykonywania lot\u00f3w bezpiecznie na nowym typie \u015bmig\u0142owca. Instruktorzy Helipoland.com zapewni\u0105, \u017ce cel ten zostanie osi\u0105gni\u0119ty prawid\u0142owo.<\/span><\/p>","protected":false},"excerpt":{"rendered":"<p>Helipoland.com jest polsk\u0105, zatwierdzon\u0105 przez EASA Organizacj\u0105 Szkolenia Lotniczego (ATO) przez co mo\u017ce kszta\u0142ci\u0107 pilot\u00f3w do uprawnie\u0144 na r\u00f3\u017cne typy[&#8230;..]<\/p>\n","protected":false},"author":1,"featured_media":0,"parent":408,"menu_order":0,"comment_status":"closed","ping_status":"closed","template":"template-fullwidth-with-form.php","meta":{"_acf_changed":false,"footnotes":""},"class_list":["post-924","page","type-page","status-publish","hentry"],"acf":[],"yoast_head":"<!-- This site is optimized with the Yoast SEO plugin v24.8.1 - https:\/\/yoast.com\/wordpress\/plugins\/seo\/ -->\n<title>Uprawnienia na typ \u015bmig\u0142owc\u00f3w \u2013 TR(H)<\/title>\n<meta name=\"description\" content=\"Uprawnienia na typ \u015bmig\u0142owc\u00f3w \u2013 TR(H)\" \/>\n<meta name=\"robots\" content=\"index, follow, max-snippet:-1, max-image-preview:large, max-video-preview:-1\" \/>\n<link rel=\"canonical\" href=\"https:\/\/helipoland.com\/szkolenia-pilotow\/uprawnienie-na-typ-smiglowca-trh\/\" \/>\n<meta property=\"og:locale\" content=\"pl_PL\" \/>\n<meta property=\"og:type\" content=\"article\" \/>\n<meta property=\"og:title\" content=\"[:pl]Uprawnienia na typ \u015bmig\u0142owc\u00f3w \u2013 TR(H)[:en]Helicopter type ratings - TR(H)[:]\" \/>\n<meta property=\"og:description\" content=\"{:pl}Uprawnienia na typ \u015bmig\u0142owc\u00f3w \u2013 TR(H){:en}Helicopter type ratings - TR(H){:}\" \/>\n<meta property=\"og:url\" content=\"https:\/\/helipoland.com\/szkolenia-pilotow\/uprawnienie-na-typ-smiglowca-trh\/\" \/>\n<meta property=\"og:site_name\" content=\"Helipoland.com\" \/>\n<meta property=\"article:modified_time\" content=\"2023-01-23T12:26:48+00:00\" \/>\n<meta property=\"og:image\" content=\"https:\/\/helipoland.com\/wp-content\/uploads\/2019\/11\/IMG_2986-min.jpg\" \/>\n<meta name=\"twitter:label1\" content=\"Szacowany czas czytania\" \/>\n\t<meta name=\"twitter:data1\" content=\"6 minut\" \/>\n<script type=\"application\/ld+json\" class=\"yoast-schema-graph\">{\"@context\":\"https:\/\/schema.org\",\"@graph\":[{\"@type\":\"WebPage\",\"@id\":\"https:\/\/helipoland.com\/szkolenia-pilotow\/uprawnienie-na-typ-smiglowca-trh\/\",\"url\":\"https:\/\/helipoland.com\/szkolenia-pilotow\/uprawnienie-na-typ-smiglowca-trh\/\",\"name\":\"[:pl]Uprawnienia na typ \u015bmig\u0142owc\u00f3w \u2013 TR(H)[:en]Helicopter type ratings - TR(H)[:]\",\"isPartOf\":{\"@id\":\"https:\/\/helipoland.com\/pl\/#website\"},\"datePublished\":\"2015-09-19T23:34:46+00:00\",\"dateModified\":\"2023-01-23T12:26:48+00:00\",\"description\":\"{:pl}Uprawnienia na typ \u015bmig\u0142owc\u00f3w \u2013 TR(H){:en}Helicopter type ratings - TR(H){:}\",\"breadcrumb\":{\"@id\":\"https:\/\/helipoland.com\/szkolenia-pilotow\/uprawnienie-na-typ-smiglowca-trh\/#breadcrumb\"},\"inLanguage\":\"pl-PL\",\"potentialAction\":[{\"@type\":\"ReadAction\",\"target\":[\"https:\/\/helipoland.com\/szkolenia-pilotow\/uprawnienie-na-typ-smiglowca-trh\/\"]}]},{\"@type\":\"BreadcrumbList\",\"@id\":\"https:\/\/helipoland.com\/szkolenia-pilotow\/uprawnienie-na-typ-smiglowca-trh\/#breadcrumb\",\"itemListElement\":[{\"@type\":\"ListItem\",\"position\":1,\"name\":\"Helipoland.com\",\"item\":\"https:\/\/helipoland.com\/pl\/\"},{\"@type\":\"ListItem\",\"position\":2,\"name\":\"Szkolenia pilot\u00f3w\",\"item\":\"https:\/\/helipoland.com\/szkolenia-pilotow\/\"},{\"@type\":\"ListItem\",\"position\":3,\"name\":\"Uprawnienie na typ \u015bmig\u0142owca \u2013 TR(H)\"}]},{\"@type\":\"WebSite\",\"@id\":\"https:\/\/helipoland.com\/pl\/#website\",\"url\":\"https:\/\/helipoland.com\/pl\/\",\"name\":\"Helipoland.com\",\"description\":\"Loty helikopterem, szko\u0142a latania, us\u0142ugi lotnicze, \u015bmig\u0142owce\",\"potentialAction\":[{\"@type\":\"SearchAction\",\"target\":{\"@type\":\"EntryPoint\",\"urlTemplate\":\"https:\/\/helipoland.com\/pl\/?s={search_term_string}\"},\"query-input\":{\"@type\":\"PropertyValueSpecification\",\"valueRequired\":true,\"valueName\":\"search_term_string\"}}],\"inLanguage\":\"pl-PL\"}]}<\/script>\n<!-- \/ Yoast SEO plugin. -->","yoast_head_json":{"title":"Uprawnienia na typ \u015bmig\u0142owc\u00f3w \u2013 TR(H)","description":"Uprawnienia na typ \u015bmig\u0142owc\u00f3w \u2013 TR(H)","robots":{"index":"index","follow":"follow","max-snippet":"max-snippet:-1","max-image-preview":"max-image-preview:large","max-video-preview":"max-video-preview:-1"},"canonical":"https:\/\/helipoland.com\/szkolenia-pilotow\/uprawnienie-na-typ-smiglowca-trh\/","og_locale":"pl_PL","og_type":"article","og_title":"[:pl]Uprawnienia na typ \u015bmig\u0142owc\u00f3w \u2013 TR(H)[:en]Helicopter type ratings - TR(H)[:]","og_description":"{:pl}Uprawnienia na typ \u015bmig\u0142owc\u00f3w \u2013 TR(H){:en}Helicopter type ratings - TR(H){:}","og_url":"https:\/\/helipoland.com\/szkolenia-pilotow\/uprawnienie-na-typ-smiglowca-trh\/","og_site_name":"Helipoland.com","article_modified_time":"2023-01-23T12:26:48+00:00","og_image":[{"url":"https:\/\/helipoland.com\/wp-content\/uploads\/2019\/11\/IMG_2986-min.jpg","type":"","width":"","height":""}],"twitter_misc":{"Szacowany czas czytania":"6 minut"},"schema":{"@context":"https:\/\/schema.org","@graph":[{"@type":"WebPage","@id":"https:\/\/helipoland.com\/szkolenia-pilotow\/uprawnienie-na-typ-smiglowca-trh\/","url":"https:\/\/helipoland.com\/szkolenia-pilotow\/uprawnienie-na-typ-smiglowca-trh\/","name":"[:pl]Uprawnienia na typ \u015bmig\u0142owc\u00f3w \u2013 TR(H)[:en]Helicopter type ratings - TR(H)[:]","isPartOf":{"@id":"https:\/\/helipoland.com\/pl\/#website"},"datePublished":"2015-09-19T23:34:46+00:00","dateModified":"2023-01-23T12:26:48+00:00","description":"{:pl}Uprawnienia na typ \u015bmig\u0142owc\u00f3w \u2013 TR(H){:en}Helicopter type ratings - TR(H){:}","breadcrumb":{"@id":"https:\/\/helipoland.com\/szkolenia-pilotow\/uprawnienie-na-typ-smiglowca-trh\/#breadcrumb"},"inLanguage":"pl-PL","potentialAction":[{"@type":"ReadAction","target":["https:\/\/helipoland.com\/szkolenia-pilotow\/uprawnienie-na-typ-smiglowca-trh\/"]}]},{"@type":"BreadcrumbList","@id":"https:\/\/helipoland.com\/szkolenia-pilotow\/uprawnienie-na-typ-smiglowca-trh\/#breadcrumb","itemListElement":[{"@type":"ListItem","position":1,"name":"Helipoland.com","item":"https:\/\/helipoland.com\/pl\/"},{"@type":"ListItem","position":2,"name":"Szkolenia pilot\u00f3w","item":"https:\/\/helipoland.com\/szkolenia-pilotow\/"},{"@type":"ListItem","position":3,"name":"Uprawnienie na typ \u015bmig\u0142owca \u2013 TR(H)"}]},{"@type":"WebSite","@id":"https:\/\/helipoland.com\/pl\/#website","url":"https:\/\/helipoland.com\/pl\/","name":"Helipoland.com","description":"Loty helikopterem, szko\u0142a latania, us\u0142ugi lotnicze, \u015bmig\u0142owce","potentialAction":[{"@type":"SearchAction","target":{"@type":"EntryPoint","urlTemplate":"https:\/\/helipoland.com\/pl\/?s={search_term_string}"},"query-input":{"@type":"PropertyValueSpecification","valueRequired":true,"valueName":"search_term_string"}}],"inLanguage":"pl-PL"}]}},"_links":{"self":[{"href":"https:\/\/helipoland.com\/pl\/wp-json\/wp\/v2\/pages\/924","targetHints":{"allow":["GET"]}}],"collection":[{"href":"https:\/\/helipoland.com\/pl\/wp-json\/wp\/v2\/pages"}],"about":[{"href":"https:\/\/helipoland.com\/pl\/wp-json\/wp\/v2\/types\/page"}],"author":[{"embeddable":true,"href":"https:\/\/helipoland.com\/pl\/wp-json\/wp\/v2\/users\/1"}],"replies":[{"embeddable":true,"href":"https:\/\/helipoland.com\/pl\/wp-json\/wp\/v2\/comments?post=924"}],"version-history":[{"count":15,"href":"https:\/\/helipoland.com\/pl\/wp-json\/wp\/v2\/pages\/924\/revisions"}],"predecessor-version":[{"id":5814,"href":"https:\/\/helipoland.com\/pl\/wp-json\/wp\/v2\/pages\/924\/revisions\/5814"}],"up":[{"embeddable":true,"href":"https:\/\/helipoland.com\/pl\/wp-json\/wp\/v2\/pages\/408"}],"wp:attachment":[{"href":"https:\/\/helipoland.com\/pl\/wp-json\/wp\/v2\/media?parent=924"}],"curies":[{"name":"wp","href":"https:\/\/api.w.org\/{rel}","templated":true}]}}