{"id":939,"date":"2015-09-24T16:43:21","date_gmt":"2015-09-24T16:43:21","guid":{"rendered":"http:\/\/helipoland.com\/?page_id=939"},"modified":"2023-01-17T11:06:47","modified_gmt":"2023-01-17T11:06:47","slug":"helikoptery-robinson","status":"publish","type":"page","link":"https:\/\/helipoland.com\/pl\/sprzedaz-helikopterow-smiglowcow\/helikoptery-robinson\/","title":{"rendered":"Nowe \u015bmig\u0142owce Robinson"},"content":{"rendered":"<div class=\"ezcol ezcol-two-third\">\n<p style=\"text-align: justify;\">\u201eRobinson Helicopter Company\u201d jest absolutnym liderem pod wzgl\u0119dem liczby sprzedawanych helikopter\u00f3w a zarazem popularno\u015bci po\u015br\u00f3d r\u00f3\u017cnych pa\u0144stw na \u015bwiecie. Helikoptery Robinson to wszechstronno\u015b\u0107, niezawodno\u015b\u0107 a zarazem przyst\u0119pno\u015b\u0107 cenowa zakupu i p\u00f3\u017aniejszej eksploatacji.<\/p>\n<p style=\"text-align: justify;\">\u201eRobinson Helicopter Company\u201d, z siedzib\u0105 w Zamperini Field w Torrance w Kalifornii, jest producentem \u015bmig\u0142owc\u00f3w g\u0142\u00f3wnie dla potrzeb cywilnych. Robinson produkuje trzy g\u0142\u00f3wne modele \u2013 dwumiejscowy <span style=\"text-decoration: underline; color: #000080;\"><strong><a style=\"color: #000080; text-decoration: underline;\" href=\"https:\/\/helipoland.com\/sprzedaz-helikopterow-smiglowcow\/helikoptery-robinson\/robinson-r-22-beta-ii\/\" target=\"_blank\" rel=\"noopener noreferrer\">Robinson R 22<\/a><\/strong><\/span> czteromiejscowy <span style=\"text-decoration: underline;\"><strong><a href=\"https:\/\/helipoland.com\/sprzedaz-helikopterow-smiglowcow\/helikoptery-robinson\/r44-raven-i-clipper-i\/\" target=\"_blank\" rel=\"noopener noreferrer\"><span style=\"color: #000080; text-decoration: underline;\">R 44 Raven I \/ Clipper I<\/span><\/a><\/strong><\/span> lub <span style=\"text-decoration: underline;\"><strong><a href=\"https:\/\/helipoland.com\/en\/sprzedaz-helikopterow-smiglowcow\/helikoptery-robinson\/r44-raven-ii-clipper-ii\/\" target=\"_blank\" rel=\"noopener noreferrer\"><span style=\"color: #000080; text-decoration: underline;\">R 44 Raven II \/ Clipper II<\/span><\/a><\/strong><\/span>, z kt\u00f3rych oba u\u017cywaj\u0105 silnik\u00f3w t\u0142okowych Lycoming oraz pi\u0119ciomiejscowy <span style=\"text-decoration: underline; color: #000080;\"><strong><a style=\"color: #000080; text-decoration: underline;\" href=\"https:\/\/helipoland.com\/sprzedaz-helikopterow-smiglowcow\/helikoptery-robinson\/r66-turbinowy\/\" target=\"_blank\" rel=\"noopener noreferrer\">Robinson R 66<\/a><\/strong><\/span>, kt\u00f3ry wykorzystuje silnik turbinowy a tak\u017ce ostatnio zaprezentowany dwumiejscowy <span style=\"text-decoration: underline;\"><strong><a href=\"https:\/\/helipoland.com\/sprzedaz-helikopterow-smiglowcow\/helikoptery-robinson\/r-44-cadet\/\" target=\"_blank\" rel=\"noopener noreferrer\"><span style=\"color: #000080; text-decoration: underline;\">Robinson R 44 Cadet<\/span><\/a><\/strong><\/span>.<\/p>\n<\/div> <div class=\"ezcol ezcol-one-third ezcol-last\"><img loading=\"lazy\" decoding=\"async\" class=\"alignleft wp-image-1132 \" src=\"http:\/\/helipoland.com\/wp-content\/uploads\/2015\/09\/burst-robinson.jpg\" alt=\"Helikoptery Robinson\" width=\"321\" height=\"196\" \/><\/div><div class=\"ezcol-divider\"><\/div>\n<div class=\"ezcol ezcol-one-half\"><img loading=\"lazy\" decoding=\"async\" class=\"aligncenter wp-image-1142 size-full\" src=\"http:\/\/helipoland.com\/wp-content\/uploads\/2015\/09\/110307robinson_helicopters_top.jpg\" alt=\"Helikoptery Robinson\" width=\"475\" height=\"208\" srcset=\"https:\/\/helipoland.com\/wp-content\/uploads\/2015\/09\/110307robinson_helicopters_top.jpg 475w, https:\/\/helipoland.com\/wp-content\/uploads\/2015\/09\/110307robinson_helicopters_top-300x131.jpg 300w\" sizes=\"auto, (max-width: 475px) 100vw, 475px\" \/><\/div> <div class=\"ezcol ezcol-one-half ezcol-last\">\n<p style=\"text-align: justify;\">Firma zosta\u0142a za\u0142o\u017cona w 1973 roku przez Franka Robinsona, by\u0142ego pracownika Bell Helicopter i Hughes Helicopters. Od wyprodukowania w 1979 roku pierwszego \u015bmig\u0142owca, \u201eRobinson Helicopter Company\u201d wyprodukowa\u0142a ponad 12000 \u015bmig\u0142owc\u00f3w.<\/p>\n<p style=\"text-align: justify;\">Plany produkcji Robinsona R66 og\u0142oszono w marcu 2007. Jest to \u015bmig\u0142owiec pi\u0119ciomiejscowy z podobn\u0105 konfiguracj\u0105 do R44, ale z dodatkiem baga\u017cnika i\u00a0wi\u0119kszej kabiny (o 8 cali), oraz zasilany przez turbin\u0119 gazow\u0105 Rolls Royce RR300, zaprojektowan\u0105 z my\u015bl\u0105 o tym\u017ce \u015bmig\u0142owcu.\u00a0Robinson jest firm\u0105 in\u017cyniersk\u0105, kt\u00f3ra k\u0142adzie du\u017cy nacisk na badania i rozw\u00f3j.<\/p>\n<\/div><div class=\"ezcol-divider\"><\/div>\n<p style=\"text-align: justify;\">W roku 2013, Robinson by\u0142 \u015bwiatowym liderem rynku, sprzedaj\u0105c 523 lekkie \u015bmig\u0142owce &#8211; wzrost o 1% od 2012 roku. Produkcja w 2014 roku wynios\u0142a 329 \u015bmig\u0142owc\u00f3w. W roku 2015, Robinson produkuje jeden R22, 4-5 R44 i trzy R66 na tydzie\u0144, i zawar\u0142 umow\u0119 na dostarczenie 100 turbin RR300 rocznie przez 10 lat dla R66. Fabryka mo\u017ce produkowa\u0107 do 1000 \u015bmig\u0142owc\u00f3w rocznie. Posiada globaln\u0105 sie\u0107 ponad 110 autoryzowanych dealer\u00f3w i 290 punkt\u00f3w serwisowych w 50 krajach, w tym w Chinach i Rosji gdzie Helikoptery Robinson unosz\u0105 si\u0119 nad ziemi\u0105 niemal\u017ce ka\u017cdego dnia.<\/p>\n<p style=\"text-align: justify;\"><img loading=\"lazy\" decoding=\"async\" class=\"aligncenter wp-image-2596\" src=\"http:\/\/helipoland.com\/wp-content\/uploads\/2015\/09\/Web-Banner-R66.jpg\" alt=\"Robinson R 66 turbinowy\" width=\"900\" height=\"372\" srcset=\"https:\/\/helipoland.com\/wp-content\/uploads\/2015\/09\/Web-Banner-R66.jpg 800w, https:\/\/helipoland.com\/wp-content\/uploads\/2015\/09\/Web-Banner-R66-300x124.jpg 300w, https:\/\/helipoland.com\/wp-content\/uploads\/2015\/09\/Web-Banner-R66-768x318.jpg 768w\" sizes=\"auto, (max-width: 900px) 100vw, 900px\" \/><img loading=\"lazy\" decoding=\"async\" class=\"wp-image-2424 aligncenter\" src=\"http:\/\/helipoland.com\/wp-content\/uploads\/2015\/09\/r66_turb-300x47.jpg\" alt=\"R 66 turbine\" width=\"370\" height=\"58\" srcset=\"https:\/\/helipoland.com\/wp-content\/uploads\/2015\/09\/r66_turb-300x47.jpg 300w, https:\/\/helipoland.com\/wp-content\/uploads\/2015\/09\/r66_turb.jpg 400w\" sizes=\"auto, (max-width: 370px) 100vw, 370px\" \/><\/p>","protected":false},"excerpt":{"rendered":"<p>W roku 2013, Robinson by\u0142 \u015bwiatowym liderem rynku, sprzedaj\u0105c 523 lekkie \u015bmig\u0142owce &#8211; wzrost o 1% od 2012 roku. Produkcja[&#8230;..]<\/p>\n","protected":false},"author":1,"featured_media":0,"parent":410,"menu_order":0,"comment_status":"closed","ping_status":"closed","template":"template-fullwidth-with-form.php","meta":{"_acf_changed":false,"footnotes":""},"class_list":["post-939","page","type-page","status-publish","hentry"],"acf":[],"yoast_head":"<!-- This site is optimized with the Yoast SEO plugin v24.8.1 - https:\/\/yoast.com\/wordpress\/plugins\/seo\/ -->\n<title>Helikoptery Robinson - Helipoland.com<\/title>\n<meta name=\"description\" content=\"Firma Helipoland.com zajmuje si\u0119 sprzeda\u017c\u0105 helikopter\u00f3w Robinson R22, R44, R66. W ofercie tak\u017ce serwis i szkolenie. Zapraszamy!\" \/>\n<meta name=\"robots\" content=\"index, follow, max-snippet:-1, max-image-preview:large, max-video-preview:-1\" \/>\n<link rel=\"canonical\" href=\"https:\/\/helipoland.com\/sprzedaz-helikopterow-smiglowcow\/helikoptery-robinson\/\" \/>\n<meta property=\"og:locale\" content=\"pl_PL\" \/>\n<meta property=\"og:type\" content=\"article\" \/>\n<meta property=\"og:title\" content=\"[:pl]Helikoptery Robinson - Helipoland.com[:en]Robinson Helicopters - Helipoland.com[:]\" \/>\n<meta property=\"og:description\" content=\"{:pl}Firma Helipoland.com zajmuje si\u0119 sprzeda\u017c\u0105 helikopter\u00f3w Robinson R22, R44, R66. W ofercie tak\u017ce serwis i szkolenie. Zapraszamy!{:en} The company Helipoland.com sells helicopters Robinson R22, R44, R66. The offer also service and training. Welcome!{:}\" \/>\n<meta property=\"og:url\" content=\"https:\/\/helipoland.com\/sprzedaz-helikopterow-smiglowcow\/helikoptery-robinson\/\" \/>\n<meta property=\"og:site_name\" content=\"Helipoland.com\" \/>\n<meta property=\"article:modified_time\" content=\"2023-01-17T11:06:47+00:00\" \/>\n<meta property=\"og:image\" content=\"http:\/\/helipoland.com\/wp-content\/uploads\/2015\/09\/burst-robinson.jpg\" \/>\n<meta name=\"twitter:label1\" content=\"Szacowany czas czytania\" \/>\n\t<meta name=\"twitter:data1\" content=\"5 minut\" \/>\n<script type=\"application\/ld+json\" class=\"yoast-schema-graph\">{\"@context\":\"https:\/\/schema.org\",\"@graph\":[{\"@type\":\"WebPage\",\"@id\":\"https:\/\/helipoland.com\/sprzedaz-helikopterow-smiglowcow\/helikoptery-robinson\/\",\"url\":\"https:\/\/helipoland.com\/sprzedaz-helikopterow-smiglowcow\/helikoptery-robinson\/\",\"name\":\"[:pl]Helikoptery Robinson - Helipoland.com[:en]Robinson Helicopters - Helipoland.com[:]\",\"isPartOf\":{\"@id\":\"https:\/\/helipoland.com\/pl\/#website\"},\"primaryImageOfPage\":{\"@id\":\"https:\/\/helipoland.com\/sprzedaz-helikopterow-smiglowcow\/helikoptery-robinson\/#primaryimage\"},\"image\":{\"@id\":\"https:\/\/helipoland.com\/sprzedaz-helikopterow-smiglowcow\/helikoptery-robinson\/#primaryimage\"},\"thumbnailUrl\":\"http:\/\/helipoland.com\/wp-content\/uploads\/2015\/09\/burst-robinson.jpg\",\"datePublished\":\"2015-09-24T16:43:21+00:00\",\"dateModified\":\"2023-01-17T11:06:47+00:00\",\"description\":\"{:pl}Firma Helipoland.com zajmuje si\u0119 sprzeda\u017c\u0105 helikopter\u00f3w Robinson R22, R44, R66. W ofercie tak\u017ce serwis i szkolenie. Zapraszamy!{:en} The company Helipoland.com sells helicopters Robinson R22, R44, R66. The offer also service and training. Welcome!{:}\",\"breadcrumb\":{\"@id\":\"https:\/\/helipoland.com\/sprzedaz-helikopterow-smiglowcow\/helikoptery-robinson\/#breadcrumb\"},\"inLanguage\":\"pl-PL\",\"potentialAction\":[{\"@type\":\"ReadAction\",\"target\":[\"https:\/\/helipoland.com\/sprzedaz-helikopterow-smiglowcow\/helikoptery-robinson\/\"]}]},{\"@type\":\"ImageObject\",\"inLanguage\":\"pl-PL\",\"@id\":\"https:\/\/helipoland.com\/sprzedaz-helikopterow-smiglowcow\/helikoptery-robinson\/#primaryimage\",\"url\":\"http:\/\/helipoland.com\/wp-content\/uploads\/2015\/09\/burst-robinson.jpg\",\"contentUrl\":\"http:\/\/helipoland.com\/wp-content\/uploads\/2015\/09\/burst-robinson.jpg\"},{\"@type\":\"BreadcrumbList\",\"@id\":\"https:\/\/helipoland.com\/sprzedaz-helikopterow-smiglowcow\/helikoptery-robinson\/#breadcrumb\",\"itemListElement\":[{\"@type\":\"ListItem\",\"position\":1,\"name\":\"Helipoland.com\",\"item\":\"https:\/\/helipoland.com\/pl\/\"},{\"@type\":\"ListItem\",\"position\":2,\"name\":\"Sprzeda\u017c nowych i u\u017cywanych \u015bmig\u0142owc\u00f3w (helikopter\u00f3w), akcesoria, l\u0105dowiska\",\"item\":\"https:\/\/helipoland.com\/sprzedaz-helikopterow-smiglowcow\/\"},{\"@type\":\"ListItem\",\"position\":3,\"name\":\"Nowe \u015bmig\u0142owce Robinson\"}]},{\"@type\":\"WebSite\",\"@id\":\"https:\/\/helipoland.com\/pl\/#website\",\"url\":\"https:\/\/helipoland.com\/pl\/\",\"name\":\"Helipoland.com\",\"description\":\"Loty helikopterem, szko\u0142a latania, us\u0142ugi lotnicze, \u015bmig\u0142owce\",\"potentialAction\":[{\"@type\":\"SearchAction\",\"target\":{\"@type\":\"EntryPoint\",\"urlTemplate\":\"https:\/\/helipoland.com\/pl\/?s={search_term_string}\"},\"query-input\":{\"@type\":\"PropertyValueSpecification\",\"valueRequired\":true,\"valueName\":\"search_term_string\"}}],\"inLanguage\":\"pl-PL\"}]}<\/script>\n<!-- \/ Yoast SEO plugin. -->","yoast_head_json":{"title":"Helikoptery Robinson - Helipoland.com","description":"Firma Helipoland.com zajmuje si\u0119 sprzeda\u017c\u0105 helikopter\u00f3w Robinson R22, R44, R66. W ofercie tak\u017ce serwis i szkolenie. Zapraszamy!","robots":{"index":"index","follow":"follow","max-snippet":"max-snippet:-1","max-image-preview":"max-image-preview:large","max-video-preview":"max-video-preview:-1"},"canonical":"https:\/\/helipoland.com\/sprzedaz-helikopterow-smiglowcow\/helikoptery-robinson\/","og_locale":"pl_PL","og_type":"article","og_title":"[:pl]Helikoptery Robinson - Helipoland.com[:en]Robinson Helicopters - Helipoland.com[:]","og_description":"{:pl}Firma Helipoland.com zajmuje si\u0119 sprzeda\u017c\u0105 helikopter\u00f3w Robinson R22, R44, R66. W ofercie tak\u017ce serwis i szkolenie. Zapraszamy!{:en} The company Helipoland.com sells helicopters Robinson R22, R44, R66. The offer also service and training. Welcome!{:}","og_url":"https:\/\/helipoland.com\/sprzedaz-helikopterow-smiglowcow\/helikoptery-robinson\/","og_site_name":"Helipoland.com","article_modified_time":"2023-01-17T11:06:47+00:00","og_image":[{"url":"http:\/\/helipoland.com\/wp-content\/uploads\/2015\/09\/burst-robinson.jpg","type":"","width":"","height":""}],"twitter_misc":{"Szacowany czas czytania":"5 minut"},"schema":{"@context":"https:\/\/schema.org","@graph":[{"@type":"WebPage","@id":"https:\/\/helipoland.com\/sprzedaz-helikopterow-smiglowcow\/helikoptery-robinson\/","url":"https:\/\/helipoland.com\/sprzedaz-helikopterow-smiglowcow\/helikoptery-robinson\/","name":"[:pl]Helikoptery Robinson - Helipoland.com[:en]Robinson Helicopters - Helipoland.com[:]","isPartOf":{"@id":"https:\/\/helipoland.com\/pl\/#website"},"primaryImageOfPage":{"@id":"https:\/\/helipoland.com\/sprzedaz-helikopterow-smiglowcow\/helikoptery-robinson\/#primaryimage"},"image":{"@id":"https:\/\/helipoland.com\/sprzedaz-helikopterow-smiglowcow\/helikoptery-robinson\/#primaryimage"},"thumbnailUrl":"http:\/\/helipoland.com\/wp-content\/uploads\/2015\/09\/burst-robinson.jpg","datePublished":"2015-09-24T16:43:21+00:00","dateModified":"2023-01-17T11:06:47+00:00","description":"{:pl}Firma Helipoland.com zajmuje si\u0119 sprzeda\u017c\u0105 helikopter\u00f3w Robinson R22, R44, R66. W ofercie tak\u017ce serwis i szkolenie. Zapraszamy!{:en} The company Helipoland.com sells helicopters Robinson R22, R44, R66. The offer also service and training. Welcome!{:}","breadcrumb":{"@id":"https:\/\/helipoland.com\/sprzedaz-helikopterow-smiglowcow\/helikoptery-robinson\/#breadcrumb"},"inLanguage":"pl-PL","potentialAction":[{"@type":"ReadAction","target":["https:\/\/helipoland.com\/sprzedaz-helikopterow-smiglowcow\/helikoptery-robinson\/"]}]},{"@type":"ImageObject","inLanguage":"pl-PL","@id":"https:\/\/helipoland.com\/sprzedaz-helikopterow-smiglowcow\/helikoptery-robinson\/#primaryimage","url":"http:\/\/helipoland.com\/wp-content\/uploads\/2015\/09\/burst-robinson.jpg","contentUrl":"http:\/\/helipoland.com\/wp-content\/uploads\/2015\/09\/burst-robinson.jpg"},{"@type":"BreadcrumbList","@id":"https:\/\/helipoland.com\/sprzedaz-helikopterow-smiglowcow\/helikoptery-robinson\/#breadcrumb","itemListElement":[{"@type":"ListItem","position":1,"name":"Helipoland.com","item":"https:\/\/helipoland.com\/pl\/"},{"@type":"ListItem","position":2,"name":"Sprzeda\u017c nowych i u\u017cywanych \u015bmig\u0142owc\u00f3w (helikopter\u00f3w), akcesoria, l\u0105dowiska","item":"https:\/\/helipoland.com\/sprzedaz-helikopterow-smiglowcow\/"},{"@type":"ListItem","position":3,"name":"Nowe \u015bmig\u0142owce Robinson"}]},{"@type":"WebSite","@id":"https:\/\/helipoland.com\/pl\/#website","url":"https:\/\/helipoland.com\/pl\/","name":"Helipoland.com","description":"Loty helikopterem, szko\u0142a latania, us\u0142ugi lotnicze, \u015bmig\u0142owce","potentialAction":[{"@type":"SearchAction","target":{"@type":"EntryPoint","urlTemplate":"https:\/\/helipoland.com\/pl\/?s={search_term_string}"},"query-input":{"@type":"PropertyValueSpecification","valueRequired":true,"valueName":"search_term_string"}}],"inLanguage":"pl-PL"}]}},"_links":{"self":[{"href":"https:\/\/helipoland.com\/pl\/wp-json\/wp\/v2\/pages\/939","targetHints":{"allow":["GET"]}}],"collection":[{"href":"https:\/\/helipoland.com\/pl\/wp-json\/wp\/v2\/pages"}],"about":[{"href":"https:\/\/helipoland.com\/pl\/wp-json\/wp\/v2\/types\/page"}],"author":[{"embeddable":true,"href":"https:\/\/helipoland.com\/pl\/wp-json\/wp\/v2\/users\/1"}],"replies":[{"embeddable":true,"href":"https:\/\/helipoland.com\/pl\/wp-json\/wp\/v2\/comments?post=939"}],"version-history":[{"count":41,"href":"https:\/\/helipoland.com\/pl\/wp-json\/wp\/v2\/pages\/939\/revisions"}],"predecessor-version":[{"id":5767,"href":"https:\/\/helipoland.com\/pl\/wp-json\/wp\/v2\/pages\/939\/revisions\/5767"}],"up":[{"embeddable":true,"href":"https:\/\/helipoland.com\/pl\/wp-json\/wp\/v2\/pages\/410"}],"wp:attachment":[{"href":"https:\/\/helipoland.com\/pl\/wp-json\/wp\/v2\/media?parent=939"}],"curies":[{"name":"wp","href":"https:\/\/api.w.org\/{rel}","templated":true}]}}