{"id":947,"date":"2015-09-24T17:41:04","date_gmt":"2015-09-24T17:41:04","guid":{"rendered":"http:\/\/helipoland.com\/?page_id=947"},"modified":"2023-07-13T10:06:58","modified_gmt":"2023-07-13T10:06:58","slug":"robinson-r-22-beta-ii","status":"publish","type":"page","link":"https:\/\/helipoland.com\/pl\/sprzedaz-helikopterow-smiglowcow\/helikoptery-robinson\/robinson-r-22-beta-ii\/","title":{"rendered":"R 22 BETA II"},"content":{"rendered":"<div class=\"ezcol ezcol-one-third\">\n<p style=\"text-align: justify;\">Robinson R22 Beta II jest wykorzystywany na ca\u0142ym \u015bwiecie w wielu zastosowaniach, mi\u0119dzy innymi do lot\u00f3w treningowych w szkoleniach pilot\u00f3w, do patrolowania kork\u00f3w na drogach i innych zada\u0144, kt\u00f3re wymagaj\u0105 niezawodno\u015bci, niskich koszt\u00f3w eksploatacji i wydajno\u015bci.<\/p>\n<p style=\"text-align: justify;\">R22 Beta II jest wyposa\u017cony w czterocylindrowy silnik Lycoming O-360 ch\u0142odzony powietrzem nap\u0119dzany benzyn\u0105 lotnicz\u0105 100L. Ten 145-konny silnik osi\u0105ga moc startow\u0105 5-minutow\u0105 131 KM i 124 KM mocy ci\u0105g\u0142ej. Mocny nap\u0119d, lekka konstrukcja p\u0142atowca i aerodynamiczny kszta\u0142t pozwalaj\u0105 na osi\u0105ganie pr\u0119dko\u015bci przelotowej a\u017c do 200 km\/h i \u015brednim zu\u017cyciu paliwa tylko 27-38 litr\u00f3w na godzin\u0119 lotu. R22 mo\u017ce pomie\u015bci\u0107 dwie osoby doros\u0142e (pilot + pasa\u017cer), kt\u00f3re maj\u0105 zapewnione panoramiczne widoki dzi\u0119ki du\u017cym oknom. Wn\u0119trze kabiny jest wyciszone. <span style=\"text-decoration: underline; color: #000080;\"><strong><a style=\"color: #000080; text-decoration: underline;\" href=\"https:\/\/helipoland.com\/wp-content\/uploads\/2019\/10\/r22_brochure.pdf\">Pobierz broszur\u0119.<\/a><\/strong><\/span><\/p>\n<h3 style=\"text-align: center;\"><span style=\"text-decoration: underline; color: #333399;\"><strong><a style=\"color: #333399; text-decoration: underline;\" href=\"https:\/\/robinsonheli-configurator.com\/rhc\/hID\/R22\" target=\"_blank\" rel=\"noopener noreferrer\">KONFIGURACJA<\/a><\/strong><\/span><\/h3>\n<p style=\"text-align: justify;\"><\/div> <div class=\"ezcol ezcol-two-third ezcol-last\"><div id=\"metaslider-id-960\" style=\"max-width: 800px;\" class=\"ml-slider-3-97-0 metaslider metaslider-flex metaslider-960 ml-slider ms-theme-default nav-hidden\" role=\"region\" aria-roledescription=\"Slideshow\" aria-label=\"R 22\" data-width=\"800\">\n    <div id=\"metaslider_container_960\">\n        <div id=\"metaslider_960\">\n            <ul class='slides'>\n                <li style=\"display: block; width: 100%;\" class=\"slide-961 ms-image \" aria-roledescription=\"slide\" aria-label=\"slide-961\" data-date=\"2015-09-24 21:13:40\"><img loading=\"lazy\" decoding=\"async\" src=\"https:\/\/helipoland.com\/wp-content\/uploads\/2015\/09\/r22_1-703x440.jpg\" height=\"500\" width=\"800\" alt=\"Sprzeda\u017c helikopter\u00f3w Robinson R 22\" class=\"slider-960 slide-961\" \/><\/li>\n                <li style=\"display: none; width: 100%;\" class=\"slide-962 ms-image \" aria-roledescription=\"slide\" aria-label=\"slide-962\" data-date=\"2015-09-24 21:14:01\"><img loading=\"lazy\" decoding=\"async\" src=\"https:\/\/helipoland.com\/wp-content\/uploads\/2015\/09\/r22_2-705x441.jpg\" height=\"500\" width=\"800\" alt=\"Sprzeda\u017c helikopter\u00f3w Robinson R 22\" class=\"slider-960 slide-962\" \/><\/li>\n                <li style=\"display: none; width: 100%;\" class=\"slide-963 ms-image \" aria-roledescription=\"slide\" aria-label=\"slide-963\" data-date=\"2015-09-24 21:14:12\"><img loading=\"lazy\" decoding=\"async\" src=\"https:\/\/helipoland.com\/wp-content\/uploads\/2015\/09\/r22_3-703x440.jpg\" height=\"500\" width=\"800\" alt=\"Sprzeda\u017c helikopter\u00f3w Robinson R 22\" class=\"slider-960 slide-963\" \/><\/li>\n                <li style=\"display: none; width: 100%;\" class=\"slide-964 ms-image \" aria-roledescription=\"slide\" aria-label=\"slide-964\" data-date=\"2015-09-24 21:14:24\"><img loading=\"lazy\" decoding=\"async\" src=\"https:\/\/helipoland.com\/wp-content\/uploads\/2015\/09\/r22_4-703x440.jpg\" height=\"500\" width=\"800\" alt=\"Sprzeda\u017c helikopter\u00f3w Robinson R 22\" class=\"slider-960 slide-964\" \/><\/li>\n                <li style=\"display: none; width: 100%;\" class=\"slide-965 ms-image \" aria-roledescription=\"slide\" aria-label=\"slide-965\" data-date=\"2015-09-24 21:14:39\"><img loading=\"lazy\" decoding=\"async\" src=\"https:\/\/helipoland.com\/wp-content\/uploads\/2015\/09\/r22_5-703x440.jpg\" height=\"500\" width=\"800\" alt=\"Sprzeda\u017c helikopter\u00f3w Robinson R 22\" class=\"slider-960 slide-965\" \/><\/li>\n                <li style=\"display: none; width: 100%;\" class=\"slide-966 ms-image \" aria-roledescription=\"slide\" aria-label=\"slide-966\" data-date=\"2015-09-24 21:14:49\"><img loading=\"lazy\" decoding=\"async\" src=\"https:\/\/helipoland.com\/wp-content\/uploads\/2015\/09\/r22_6-703x440.jpg\" height=\"500\" width=\"800\" alt=\"Sprzeda\u017c helikopter\u00f3w Robinson R 22\" class=\"slider-960 slide-966\" \/><\/li>\n                <li style=\"display: none; width: 100%;\" class=\"slide-967 ms-image \" aria-roledescription=\"slide\" aria-label=\"slide-967\" data-date=\"2015-09-24 21:14:59\"><img loading=\"lazy\" decoding=\"async\" src=\"https:\/\/helipoland.com\/wp-content\/uploads\/2015\/09\/r22_7-703x440.jpg\" height=\"500\" width=\"800\" alt=\"Sprzeda\u017c helikopter\u00f3w Robinson R 22\" class=\"slider-960 slide-967\" \/><\/li>\n                <li style=\"display: none; width: 100%;\" class=\"slide-968 ms-image \" aria-roledescription=\"slide\" aria-label=\"slide-968\" data-date=\"2015-09-24 21:15:11\"><img loading=\"lazy\" decoding=\"async\" src=\"https:\/\/helipoland.com\/wp-content\/uploads\/2015\/09\/r22_8-703x440.jpg\" height=\"500\" width=\"800\" alt=\"Sprzeda\u017c helikopter\u00f3w Robinson R 22\" class=\"slider-960 slide-968\" \/><\/li>\n            <\/ul>\n        <\/div>\n        \n    <\/div>\n<\/div>\n<h3 style=\"text-align: center;\"><span style=\"text-decoration: underline; color: #333399;\"><strong><a style=\"color: #333399; text-decoration: underline;\" href=\"https:\/\/robinsonheli.com\/r22-beta-ii-helicopter\/\" target=\"_blank\" rel=\"noopener noreferrer\">WITRYNA PRODUCENTA<\/a><\/strong><\/span><\/h3>\n<p style=\"text-align: justify;\"><\/div><div class=\"ezcol-divider\"><\/div>\n<p><img loading=\"lazy\" decoding=\"async\" class=\"aligncenter wp-image-957\" src=\"http:\/\/helipoland.com\/wp-content\/uploads\/2015\/09\/R-22-PL.jpg\" alt=\"R 22 PL\" width=\"800\" height=\"465\" srcset=\"https:\/\/helipoland.com\/wp-content\/uploads\/2015\/09\/R-22-PL.jpg 1500w, https:\/\/helipoland.com\/wp-content\/uploads\/2015\/09\/R-22-PL-300x174.jpg 300w, https:\/\/helipoland.com\/wp-content\/uploads\/2015\/09\/R-22-PL-1024x595.jpg 1024w\" sizes=\"auto, (max-width: 800px) 100vw, 800px\" \/><\/p>\n<p>&nbsp;","protected":false},"excerpt":{"rendered":"<p>&nbsp;<\/p>\n","protected":false},"author":1,"featured_media":0,"parent":939,"menu_order":0,"comment_status":"closed","ping_status":"closed","template":"template-fullwidth-with-form.php","meta":{"_acf_changed":false,"footnotes":""},"class_list":["post-947","page","type-page","status-publish","hentry"],"acf":[],"yoast_head":"<!-- This site is optimized with the Yoast SEO plugin v24.8.1 - https:\/\/yoast.com\/wordpress\/plugins\/seo\/ -->\n<title>Robinson R 22 BETA II<\/title>\n<meta name=\"description\" content=\"\u015amig\u0142owce Robinson R 22 BETA II\" \/>\n<meta name=\"robots\" content=\"index, follow, max-snippet:-1, max-image-preview:large, max-video-preview:-1\" \/>\n<link rel=\"canonical\" href=\"https:\/\/helipoland.com\/sprzedaz-helikopterow-smiglowcow\/helikoptery-robinson\/robinson-r-22-beta-ii\/\" \/>\n<meta property=\"og:locale\" content=\"pl_PL\" \/>\n<meta property=\"og:type\" content=\"article\" \/>\n<meta property=\"og:title\" content=\"Robinson R 22 BETA II\" \/>\n<meta property=\"og:description\" content=\"{:pl}\u015amig\u0142owce Robinson R 22 BETA II{:en}Robinson R 22 BETA II Helicopters{:}\" \/>\n<meta property=\"og:url\" content=\"https:\/\/helipoland.com\/sprzedaz-helikopterow-smiglowcow\/helikoptery-robinson\/robinson-r-22-beta-ii\/\" \/>\n<meta property=\"og:site_name\" content=\"Helipoland.com\" \/>\n<meta property=\"article:modified_time\" content=\"2023-07-13T10:06:58+00:00\" \/>\n<meta property=\"og:image\" content=\"http:\/\/helipoland.com\/wp-content\/uploads\/2015\/09\/R-22-PL.jpg\" \/>\n<meta name=\"twitter:label1\" content=\"Szacowany czas czytania\" \/>\n\t<meta name=\"twitter:data1\" content=\"3 minuty\" \/>\n<script type=\"application\/ld+json\" class=\"yoast-schema-graph\">{\"@context\":\"https:\/\/schema.org\",\"@graph\":[{\"@type\":\"WebPage\",\"@id\":\"https:\/\/helipoland.com\/sprzedaz-helikopterow-smiglowcow\/helikoptery-robinson\/robinson-r-22-beta-ii\/\",\"url\":\"https:\/\/helipoland.com\/sprzedaz-helikopterow-smiglowcow\/helikoptery-robinson\/robinson-r-22-beta-ii\/\",\"name\":\"Robinson R 22 BETA II\",\"isPartOf\":{\"@id\":\"https:\/\/helipoland.com\/pl\/#website\"},\"primaryImageOfPage\":{\"@id\":\"https:\/\/helipoland.com\/sprzedaz-helikopterow-smiglowcow\/helikoptery-robinson\/robinson-r-22-beta-ii\/#primaryimage\"},\"image\":{\"@id\":\"https:\/\/helipoland.com\/sprzedaz-helikopterow-smiglowcow\/helikoptery-robinson\/robinson-r-22-beta-ii\/#primaryimage\"},\"thumbnailUrl\":\"http:\/\/helipoland.com\/wp-content\/uploads\/2015\/09\/R-22-PL.jpg\",\"datePublished\":\"2015-09-24T17:41:04+00:00\",\"dateModified\":\"2023-07-13T10:06:58+00:00\",\"description\":\"{:pl}\u015amig\u0142owce Robinson R 22 BETA II{:en}Robinson R 22 BETA II Helicopters{:}\",\"breadcrumb\":{\"@id\":\"https:\/\/helipoland.com\/sprzedaz-helikopterow-smiglowcow\/helikoptery-robinson\/robinson-r-22-beta-ii\/#breadcrumb\"},\"inLanguage\":\"pl-PL\",\"potentialAction\":[{\"@type\":\"ReadAction\",\"target\":[\"https:\/\/helipoland.com\/sprzedaz-helikopterow-smiglowcow\/helikoptery-robinson\/robinson-r-22-beta-ii\/\"]}]},{\"@type\":\"ImageObject\",\"inLanguage\":\"pl-PL\",\"@id\":\"https:\/\/helipoland.com\/sprzedaz-helikopterow-smiglowcow\/helikoptery-robinson\/robinson-r-22-beta-ii\/#primaryimage\",\"url\":\"http:\/\/helipoland.com\/wp-content\/uploads\/2015\/09\/R-22-PL.jpg\",\"contentUrl\":\"http:\/\/helipoland.com\/wp-content\/uploads\/2015\/09\/R-22-PL.jpg\"},{\"@type\":\"BreadcrumbList\",\"@id\":\"https:\/\/helipoland.com\/sprzedaz-helikopterow-smiglowcow\/helikoptery-robinson\/robinson-r-22-beta-ii\/#breadcrumb\",\"itemListElement\":[{\"@type\":\"ListItem\",\"position\":1,\"name\":\"Helipoland.com\",\"item\":\"https:\/\/helipoland.com\/pl\/\"},{\"@type\":\"ListItem\",\"position\":2,\"name\":\"Sprzeda\u017c nowych i u\u017cywanych \u015bmig\u0142owc\u00f3w (helikopter\u00f3w), akcesoria, l\u0105dowiska\",\"item\":\"https:\/\/helipoland.com\/sprzedaz-helikopterow-smiglowcow\/\"},{\"@type\":\"ListItem\",\"position\":3,\"name\":\"Nowe \u015bmig\u0142owce Robinson\",\"item\":\"https:\/\/helipoland.com\/sprzedaz-helikopterow-smiglowcow\/helikoptery-robinson\/\"},{\"@type\":\"ListItem\",\"position\":4,\"name\":\"R 22 BETA II\"}]},{\"@type\":\"WebSite\",\"@id\":\"https:\/\/helipoland.com\/pl\/#website\",\"url\":\"https:\/\/helipoland.com\/pl\/\",\"name\":\"Helipoland.com\",\"description\":\"Loty helikopterem, szko\u0142a latania, us\u0142ugi lotnicze, \u015bmig\u0142owce\",\"potentialAction\":[{\"@type\":\"SearchAction\",\"target\":{\"@type\":\"EntryPoint\",\"urlTemplate\":\"https:\/\/helipoland.com\/pl\/?s={search_term_string}\"},\"query-input\":{\"@type\":\"PropertyValueSpecification\",\"valueRequired\":true,\"valueName\":\"search_term_string\"}}],\"inLanguage\":\"pl-PL\"}]}<\/script>\n<!-- \/ Yoast SEO plugin. -->","yoast_head_json":{"title":"Robinson R 22 BETA II","description":"\u015amig\u0142owce Robinson R 22 BETA II","robots":{"index":"index","follow":"follow","max-snippet":"max-snippet:-1","max-image-preview":"max-image-preview:large","max-video-preview":"max-video-preview:-1"},"canonical":"https:\/\/helipoland.com\/sprzedaz-helikopterow-smiglowcow\/helikoptery-robinson\/robinson-r-22-beta-ii\/","og_locale":"pl_PL","og_type":"article","og_title":"Robinson R 22 BETA II","og_description":"{:pl}\u015amig\u0142owce Robinson R 22 BETA II{:en}Robinson R 22 BETA II Helicopters{:}","og_url":"https:\/\/helipoland.com\/sprzedaz-helikopterow-smiglowcow\/helikoptery-robinson\/robinson-r-22-beta-ii\/","og_site_name":"Helipoland.com","article_modified_time":"2023-07-13T10:06:58+00:00","og_image":[{"url":"http:\/\/helipoland.com\/wp-content\/uploads\/2015\/09\/R-22-PL.jpg","type":"","width":"","height":""}],"twitter_misc":{"Szacowany czas czytania":"3 minuty"},"schema":{"@context":"https:\/\/schema.org","@graph":[{"@type":"WebPage","@id":"https:\/\/helipoland.com\/sprzedaz-helikopterow-smiglowcow\/helikoptery-robinson\/robinson-r-22-beta-ii\/","url":"https:\/\/helipoland.com\/sprzedaz-helikopterow-smiglowcow\/helikoptery-robinson\/robinson-r-22-beta-ii\/","name":"Robinson R 22 BETA II","isPartOf":{"@id":"https:\/\/helipoland.com\/pl\/#website"},"primaryImageOfPage":{"@id":"https:\/\/helipoland.com\/sprzedaz-helikopterow-smiglowcow\/helikoptery-robinson\/robinson-r-22-beta-ii\/#primaryimage"},"image":{"@id":"https:\/\/helipoland.com\/sprzedaz-helikopterow-smiglowcow\/helikoptery-robinson\/robinson-r-22-beta-ii\/#primaryimage"},"thumbnailUrl":"http:\/\/helipoland.com\/wp-content\/uploads\/2015\/09\/R-22-PL.jpg","datePublished":"2015-09-24T17:41:04+00:00","dateModified":"2023-07-13T10:06:58+00:00","description":"{:pl}\u015amig\u0142owce Robinson R 22 BETA II{:en}Robinson R 22 BETA II Helicopters{:}","breadcrumb":{"@id":"https:\/\/helipoland.com\/sprzedaz-helikopterow-smiglowcow\/helikoptery-robinson\/robinson-r-22-beta-ii\/#breadcrumb"},"inLanguage":"pl-PL","potentialAction":[{"@type":"ReadAction","target":["https:\/\/helipoland.com\/sprzedaz-helikopterow-smiglowcow\/helikoptery-robinson\/robinson-r-22-beta-ii\/"]}]},{"@type":"ImageObject","inLanguage":"pl-PL","@id":"https:\/\/helipoland.com\/sprzedaz-helikopterow-smiglowcow\/helikoptery-robinson\/robinson-r-22-beta-ii\/#primaryimage","url":"http:\/\/helipoland.com\/wp-content\/uploads\/2015\/09\/R-22-PL.jpg","contentUrl":"http:\/\/helipoland.com\/wp-content\/uploads\/2015\/09\/R-22-PL.jpg"},{"@type":"BreadcrumbList","@id":"https:\/\/helipoland.com\/sprzedaz-helikopterow-smiglowcow\/helikoptery-robinson\/robinson-r-22-beta-ii\/#breadcrumb","itemListElement":[{"@type":"ListItem","position":1,"name":"Helipoland.com","item":"https:\/\/helipoland.com\/pl\/"},{"@type":"ListItem","position":2,"name":"Sprzeda\u017c nowych i u\u017cywanych \u015bmig\u0142owc\u00f3w (helikopter\u00f3w), akcesoria, l\u0105dowiska","item":"https:\/\/helipoland.com\/sprzedaz-helikopterow-smiglowcow\/"},{"@type":"ListItem","position":3,"name":"Nowe \u015bmig\u0142owce Robinson","item":"https:\/\/helipoland.com\/sprzedaz-helikopterow-smiglowcow\/helikoptery-robinson\/"},{"@type":"ListItem","position":4,"name":"R 22 BETA II"}]},{"@type":"WebSite","@id":"https:\/\/helipoland.com\/pl\/#website","url":"https:\/\/helipoland.com\/pl\/","name":"Helipoland.com","description":"Loty helikopterem, szko\u0142a latania, us\u0142ugi lotnicze, \u015bmig\u0142owce","potentialAction":[{"@type":"SearchAction","target":{"@type":"EntryPoint","urlTemplate":"https:\/\/helipoland.com\/pl\/?s={search_term_string}"},"query-input":{"@type":"PropertyValueSpecification","valueRequired":true,"valueName":"search_term_string"}}],"inLanguage":"pl-PL"}]}},"_links":{"self":[{"href":"https:\/\/helipoland.com\/pl\/wp-json\/wp\/v2\/pages\/947","targetHints":{"allow":["GET"]}}],"collection":[{"href":"https:\/\/helipoland.com\/pl\/wp-json\/wp\/v2\/pages"}],"about":[{"href":"https:\/\/helipoland.com\/pl\/wp-json\/wp\/v2\/types\/page"}],"author":[{"embeddable":true,"href":"https:\/\/helipoland.com\/pl\/wp-json\/wp\/v2\/users\/1"}],"replies":[{"embeddable":true,"href":"https:\/\/helipoland.com\/pl\/wp-json\/wp\/v2\/comments?post=947"}],"version-history":[{"count":39,"href":"https:\/\/helipoland.com\/pl\/wp-json\/wp\/v2\/pages\/947\/revisions"}],"predecessor-version":[{"id":5879,"href":"https:\/\/helipoland.com\/pl\/wp-json\/wp\/v2\/pages\/947\/revisions\/5879"}],"up":[{"embeddable":true,"href":"https:\/\/helipoland.com\/pl\/wp-json\/wp\/v2\/pages\/939"}],"wp:attachment":[{"href":"https:\/\/helipoland.com\/pl\/wp-json\/wp\/v2\/media?parent=947"}],"curies":[{"name":"wp","href":"https:\/\/api.w.org\/{rel}","templated":true}]}}