{"id":1344,"date":"2015-09-30T07:23:11","date_gmt":"2015-09-30T07:23:11","guid":{"rendered":"http:\/\/helipoland.com\/?page_id=1344"},"modified":"2023-01-23T11:58:46","modified_gmt":"2023-01-23T11:58:46","slug":"uprawnienia-w-licencji-pilota-smiglowca","status":"publish","type":"page","link":"https:\/\/helipoland.com\/ru\/szkolenia-pilotow\/uprawnienia-w-licencji-pilota-smiglowca\/","title":{"rendered":"\u0420\u0435\u0439\u0442\u0438\u043d\u0433\u0438 \u0432 \u043b\u0438\u0446\u0435\u043d\u0437\u0438\u0438 \u043f\u0438\u043b\u043e\u0442\u0430 \u0432\u0435\u0440\u0442\u043e\u043b\u0435\u0442\u0430"},"content":{"rendered":"<div class=\"ezcol ezcol-one-half\">\n<p style=\"text-align: justify;\">\u041b\u0438\u0446\u0435\u043d\u0437\u0438\u044f \u043f\u0438\u043b\u043e\u0442\u0430 \u0432\u0435\u0440\u0442\u043e\u043b\u0435\u0442\u0430 \u0434\u0430\u0435\u0442 \u043f\u0440\u0430\u0432\u043e \u0443\u043f\u0440\u0430\u0432\u043b\u044f\u0442\u044c \u0442\u0435\u043c \u0442\u0438\u043f\u043e\u043c \u0432\u0435\u0440\u0442\u043e\u043b\u0435\u0442\u0430, \u043d\u0430 \u043a\u043e\u0442\u043e\u0440\u043e\u043c \u043f\u0440\u043e\u0445\u043e\u0434\u0438\u043b\u043e \u043e\u0431\u0443\u0447\u0435\u043d\u0438\u0435 \u0438 \u0441\u0434\u0430\u0432\u0430\u043b\u0441\u044f \u043f\u0440\u0430\u043a\u0442\u0438\u0447\u0435\u0441\u043a\u0438\u0439 \u044d\u043a\u0437\u0430\u043c\u0435\u043d. \u0415\u0441\u043b\u0438 \u0432\u044b \u0445\u043e\u0442\u0438\u0442\u0435 \u0443\u043f\u0440\u0430\u0432\u043b\u044f\u0442\u044c \u0434\u0440\u0443\u0433\u0438\u043c \u0442\u0438\u043f\u043e\u043c, \u0432\u044b \u0434\u043e\u043b\u0436\u043d\u044b \u043f\u0440\u043e\u0439\u0442\u0438 \u043a\u0440\u0430\u0442\u043a\u0438\u0439 \u0438\u043d\u0441\u0442\u0440\u0443\u043a\u0442\u0430\u0436 \u043f\u043e \u044d\u0442\u043e\u043c\u0443 \u0442\u0438\u043f\u0443 \u0432\u043d\u0435 \u0437\u0430\u0432\u0438\u0441\u0438\u043c\u043e\u0441\u0442\u0438 \u043e\u0442 \u0442\u0438\u043f\u0430 \u0438\u043c\u0435\u044e\u0449\u0435\u0439\u0441\u044f \u0443 \u0432\u0430\u0441 \u043b\u0438\u0446\u0435\u043d\u0437\u0438\u0438. \u041e\u0434\u043d\u0430\u043a\u043e \u0442\u0438\u043f \u043b\u0438\u0446\u0435\u043d\u0437\u0438\u0438 \u0432\u0430\u0436\u0435\u043d \u0434\u043b\u044f \u0432\u044b\u043f\u043e\u043b\u043d\u0435\u043d\u0438\u044f \u043f\u043e\u043b\u0435\u0442\u043e\u0432 \u0432 \u043d\u043e\u0447\u043d\u043e\u0435 \u0432\u0440\u0435\u043c\u044f. \u0415\u0441\u043b\u0438 \u0432\u044b \u0438\u043c\u0435\u0435\u0442\u0435 \u043a\u043e\u043c\u043c\u0435\u0440\u0447\u0435\u0441\u043a\u0443\u044e \u043b\u0438\u0446\u0435\u043d\u0437\u0438\u044e, \u0442\u043e \u0432\u0430\u043c \u043d\u0435 \u043d\u0443\u0436\u043d\u043e \u0434\u043e\u043f\u043e\u043b\u043d\u0438\u0442\u0435\u043b\u044c\u043d\u043e \u043f\u0440\u043e\u0445\u043e\u0434\u0438\u0442\u044c \u0440\u0435\u0439\u0442\u0438\u043d\u0433 \u043d\u043e\u0447\u043d\u044b\u0445 \u043f\u043e\u043b\u0451\u0442\u043e\u0432 (VFR night), \u0432 \u0441\u043b\u0443\u0447\u0430\u0435 \u043d\u0430\u043b\u0438\u0447\u0438\u044f \u043b\u0438\u0446\u0435\u043d\u0437\u0438\u0438 \u0447\u0430\u0441\u0442\u043d\u043e\u0433\u043e \u043f\u0438\u043b\u043e\u0442\u0430, \u0434\u043b\u044f \u043f\u043e\u043b\u0451\u0442\u043e\u0432 \u0432 \u043d\u043e\u0447\u043d\u043e\u0435 \u0432\u0440\u0435\u043c\u044f \u043d\u0435\u043e\u0431\u0445\u043e\u0434\u0438\u043c\u043e \u043f\u0440\u043e\u0439\u0442\u0438 \u043e\u0442\u0434\u0435\u043b\u044c\u043d\u0443\u044e \u043f\u043e\u0434\u0433\u043e\u0442\u043e\u0432\u043a\u0443 \u043f\u043e VFR night. \u0420\u0430\u0437\u0440\u0435\u0448\u0435\u043d\u0438\u0435 \u043d\u0430 \u0432\u044b\u043f\u043e\u043b\u043d\u0435\u043d\u0438\u0435 \u043f\u043e\u043b\u0435\u0442\u043e\u0432 \u043f\u043e \u043f\u0440\u0438\u0431\u043e\u0440\u0430\u043c \u0432 IMC (\u0438\u043d\u0441\u0442\u0440\u0443\u043c\u0435\u043d\u0442\u0430\u043b\u044c\u043d\u044b\u0445 \u043c\u0435\u0442\u0435\u043e\u0440\u043e\u043b\u043e\u0433\u0438\u0447\u0435\u0441\u043a\u0438\u0445 \u0443\u0441\u043b\u043e\u0432\u0438\u044f\u0445), \u0442\u043e \u0435\u0441\u0442\u044c \u043d\u0438\u0436\u0435 VMC (\u0432\u0438\u0437\u0443\u0430\u043b\u044c\u043d\u044b\u0445 \u043c\u0435\u0442\u0435\u043e\u0440\u043e\u043b\u043e\u0433\u0438\u0447\u0435\u0441\u043a\u0438\u0445 \u0443\u0441\u043b\u043e\u0432\u0438\u0439) \u0438\u043b\u0438 VFR \u0442\u0430\u043a\u0436\u0435 \u0442\u0440\u0435\u0431\u0443\u0435\u0442 \u0441\u043f\u0435\u0446\u0438\u0430\u043b\u044c\u043d\u043e\u0433\u043e \u0434\u043e\u043f\u0443\u0441\u043a\u0430 \u043a \u0434\u0435\u0439\u0441\u0442\u0432\u0443\u044e\u0449\u0435\u0439 \u043b\u0438\u0446\u0435\u043d\u0437\u0438\u0438, \u043d\u0435\u0437\u0430\u0432\u0438\u0441\u0438\u043c\u043e \u043e\u0442 \u0435\u0435 \u0442\u0438\u043f\u0430. \u041d\u0430\u043b\u0438\u0447\u0438\u0435 \u0440\u0435\u0439\u0442\u0438\u043d\u0433\u043e\u0432 \u0432 \u043b\u0438\u0446\u0435\u043d\u0437\u0438\u0438 \u043f\u0438\u043b\u043e\u0442\u0430 \u0432\u0435\u0440\u0442\u043e\u043b\u0435\u0442\u0430 \u0442\u0430\u043a\u0436\u0435 \u043d\u0435\u043e\u0431\u0445\u043e\u0434\u0438\u043c\u044b \u0434\u043b\u044f \u0434\u0440\u0443\u0433\u0438\u0445 \u0430\u0432\u0438\u0430\u0446\u0438\u043e\u043d\u043d\u044b\u0445 \u0441\u043f\u0435\u0446\u0438\u0430\u043b\u044c\u043d\u043e\u0441\u0442\u0435\u0439, \u043d\u0430\u043f\u0440\u0438\u043c\u0435\u0440, \u043f\u0440\u0435\u043f\u043e\u0434\u0430\u0432\u0430\u0442\u0435\u043b\u044f\u043c \u043a \u043b\u0438\u0446\u0435\u043d\u0437\u0438\u0438 \u043d\u0435\u043e\u0431\u0445\u043e\u0434\u0438\u043c \u0440\u0435\u0439\u0442\u0438\u043d\u0433 \u0438\u043d\u0441\u0442\u0440\u0443\u043a\u0442\u043e\u0440\u0430. \u041f\u043e\u0434\u0440\u043e\u0431\u043d\u0443\u044e \u0438\u043d\u0444\u043e\u0440\u043c\u0430\u0446\u0438\u044e \u043e \u0440\u0430\u0437\u043b\u0438\u0447\u043d\u044b\u0445 \u0440\u0435\u0439\u0442\u0438\u043d\u0433\u0430\u0445 \u0432\u044b \u043c\u043e\u0436\u0435\u0442\u0435 \u043f\u043e\u043b\u0443\u0447\u0438\u0442\u044c \u0443 \u043d\u0430\u0441, \u0430 \u0442\u0430\u043a\u0436\u0435 \u0432 \u0423\u043f\u0440\u0430\u0432\u043b\u0435\u043d\u0438\u0438 \u0433\u0440\u0430\u0436\u0434\u0430\u043d\u0441\u043a\u043e\u0439 \u0430\u0432\u0438\u0430\u0446\u0438\u0438 \u0438\u043b\u0438 \u043e\u0437\u043d\u0430\u043a\u043e\u043c\u0438\u0432\u0448\u0438\u0441\u044c \u0441 \u0434\u043e\u043a\u0443\u043c\u0435\u043d\u0442\u043e\u043c Part-FCL, \u0441\u0441\u044b\u043b\u043a\u0430 \u043d\u0430 \u043a\u043e\u0442\u043e\u0440\u044b\u0439 \u043f\u0440\u0438\u0432\u0435\u0434\u0435\u043d\u0430 \u043d\u0438\u0436\u0435.<\/div> <div class=\"ezcol ezcol-one-half ezcol-last\"><div id=\"metaslider-id-1495\" style=\"max-width: 700px;\" class=\"ml-slider-3-97-0 metaslider metaslider-flex metaslider-1495 ml-slider ms-theme-default\" role=\"region\" aria-roledescription=\"Slideshow\" aria-label=\"Uprawnienia\" data-width=\"700\">\n    <div id=\"metaslider_container_1495\">\n        <div id=\"metaslider_1495\">\n            <ul class='slides'>\n                <li style=\"display: block; width: 100%;\" class=\"slide-1497 ms-image \" aria-roledescription=\"slide\" aria-label=\"slide-1497\" data-date=\"2015-10-04 18:19:05\"><img loading=\"lazy\" decoding=\"async\" src=\"https:\/\/helipoland.com\/wp-content\/uploads\/2015\/10\/night-rating-helicopter-650x464.jpg\" height=\"500\" width=\"700\" alt=\"Szkolenie VFR noc na \u015bmig\u0142owcu\" class=\"slider-1495 slide-1497\" \/><\/li>\n                <li style=\"display: none; width: 100%;\" class=\"slide-1500 ms-image \" aria-roledescription=\"slide\" aria-label=\"slide-1500\" data-date=\"2015-10-04 18:22:00\"><img loading=\"lazy\" decoding=\"async\" src=\"https:\/\/helipoland.com\/wp-content\/uploads\/2015\/10\/DSC_1689-min-700x500.jpg\" height=\"500\" width=\"700\" alt=\"Szkolenia pilot\u00f3w \u015bmig\u0142owce\" class=\"slider-1495 slide-1500\" \/><\/li>\n                <li style=\"display: none; width: 100%;\" class=\"slide-1499 ms-image \" aria-roledescription=\"slide\" aria-label=\"slide-1499\" data-date=\"2015-10-04 18:21:52\"><img loading=\"lazy\" decoding=\"async\" src=\"https:\/\/helipoland.com\/wp-content\/uploads\/2015\/10\/Cockpit11169-min-700x500.jpg\" height=\"500\" width=\"700\" alt=\"Szkolenie IR(H)\" class=\"slider-1495 slide-1499\" \/><\/li>\n            <\/ul>\n        <\/div>\n        \n    <\/div>\n<\/div><\/div><div class=\"ezcol-divider\"><\/div><a style=\"line-height: 1.5;\" href=\"http:\/\/eur-lex.europa.eu\/LexUriServ\/LexUriServ.do?uri=OJ:L:2011:311:0001:0193:EN:PDF\" target=\"_blank\" rel=\"noopener noreferrer\">\u0420\u0430\u0441\u043f\u043e\u0440\u044f\u0436\u0435\u043d\u0438\u0435 \u041a\u043e\u043c\u0438\u0441\u0441\u0438\u0438 (\u0415\u0421) \u2116 1178\/2011 \u043e\u0442 3 \u043d\u043e\u044f\u0431\u0440\u044f 2011 \u0433. \u0441 \u0434\u0430\u043b\u044c\u043d\u0435\u0439\u0448\u0438\u043c\u0438 \u043a\u043e\u0440\u0440\u0435\u043a\u0442\u0438\u0440\u043e\u0432\u043a\u0430\u043c\u0438 \u043e \u0442\u0435\u0445\u043d\u0438\u0447\u0435\u0441\u043a\u0438\u0445 \u0442\u0440\u0435\u0431\u043e\u0432\u0430\u043d\u0438\u044f\u0445 \u0438 \u0430\u0434\u043c\u0438\u043d\u0438\u0441\u0442\u0440\u0430\u0442\u0438\u0432\u043d\u044b\u0445 \u043f\u0440\u043e\u0446\u0435\u0434\u0443\u0440\u0430\u0445, \u043a\u0430\u0441\u0430\u044e\u0449\u0438\u0435\u0441\u044f \u044d\u043a\u0438\u043f\u0430\u0436\u0435\u0439 \u0433\u0440\u0430\u0436\u0434\u0430\u043d\u0441\u043a\u043e\u0439 \u0430\u0432\u0438\u0430\u0446\u0438\u0438, \u0432 \u0441\u043e\u043e\u0442\u0432\u0435\u0442\u0441\u0442\u0432\u0438\u0438 \u0441 \u0420\u0430\u0441\u043f\u043e\u0440\u044f\u0436\u0435\u043d\u0438\u0435\u043c \u0415\u0432\u0440\u043e\u043f\u0435\u0439\u0441\u043a\u043e\u0433\u043e \u043f\u0430\u0440\u043b\u0430\u043c\u0435\u043d\u0442\u0430 \u0438 \u0420\u0435\u0433\u043b\u0430\u043c\u0435\u043d\u0442\u043e\u043c \u0421\u043e\u0432\u0435\u0442\u0430 \u2116 216\/2008<\/a><\/p>","protected":false},"excerpt":{"rendered":"<p>\u0420\u0430\u0441\u043f\u043e\u0440\u044f\u0436\u0435\u043d\u0438\u0435 \u041a\u043e\u043c\u0438\u0441\u0441\u0438\u0438 (\u0415\u0421) \u2116 1178\/2011 \u043e\u0442 3 \u043d\u043e\u044f\u0431\u0440\u044f 2011 \u0433. \u0441 \u0434\u0430\u043b\u044c\u043d\u0435\u0439\u0448\u0438\u043c\u0438 \u043a\u043e\u0440\u0440\u0435\u043a\u0442\u0438\u0440\u043e\u0432\u043a\u0430\u043c\u0438 \u043e \u0442\u0435\u0445\u043d\u0438\u0447\u0435\u0441\u043a\u0438\u0445 \u0442\u0440\u0435\u0431\u043e\u0432\u0430\u043d\u0438\u044f\u0445 \u0438 \u0430\u0434\u043c\u0438\u043d\u0438\u0441\u0442\u0440\u0430\u0442\u0438\u0432\u043d\u044b\u0445 \u043f\u0440\u043e\u0446\u0435\u0434\u0443\u0440\u0430\u0445, \u043a\u0430\u0441\u0430\u044e\u0449\u0438\u0435\u0441\u044f[&#8230;..]<\/p>\n","protected":false},"author":1,"featured_media":0,"parent":408,"menu_order":0,"comment_status":"closed","ping_status":"closed","template":"template-fullwidth-with-form.php","meta":{"_acf_changed":false,"footnotes":""},"class_list":["post-1344","page","type-page","status-publish","hentry"],"acf":[],"yoast_head":"<!-- This site is optimized with the Yoast SEO plugin v24.8.1 - https:\/\/yoast.com\/wordpress\/plugins\/seo\/ -->\n<title>Uprawnienia w licencji pilota \u015bmig\u0142owca<\/title>\n<meta name=\"description\" content=\"Uprawnienia w licencji pilota \u015bmig\u0142owca. Uprawnienia na typ, uprawnienie do lot\u00f3w nocnych, uprawnienie instruktorskie.\" \/>\n<meta name=\"robots\" content=\"index, follow, max-snippet:-1, max-image-preview:large, max-video-preview:-1\" \/>\n<link rel=\"canonical\" href=\"https:\/\/helipoland.com\/szkolenia-pilotow\/uprawnienia-w-licencji-pilota-smiglowca\/\" \/>\n<meta property=\"og:locale\" content=\"ru_RU\" \/>\n<meta property=\"og:type\" content=\"article\" \/>\n<meta property=\"og:title\" content=\"[:pl]Uprawnienia w licencji pilota \u015bmig\u0142owca[:en]Ratings in a helicopter pilot license[:]\" \/>\n<meta property=\"og:description\" content=\"{:pl}Uprawnienia w licencji pilota \u015bmig\u0142owca. Uprawnienia na typ, uprawnienie do lot\u00f3w nocnych, uprawnienie instruktorskie.{:en}Ratings in a helicopter pilot license. Type ratings, night rating, instructor rating.{:}\" \/>\n<meta property=\"og:url\" content=\"https:\/\/helipoland.com\/szkolenia-pilotow\/uprawnienia-w-licencji-pilota-smiglowca\/\" \/>\n<meta property=\"og:site_name\" content=\"Helipoland.com\" \/>\n<meta property=\"article:modified_time\" content=\"2023-01-23T11:58:46+00:00\" \/>\n<meta name=\"twitter:label1\" content=\"\u041f\u0440\u0438\u043c\u0435\u0440\u043d\u043e\u0435 \u0432\u0440\u0435\u043c\u044f \u0434\u043b\u044f \u0447\u0442\u0435\u043d\u0438\u044f\" \/>\n\t<meta name=\"twitter:data1\" content=\"2 \u043c\u0438\u043d\u0443\u0442\u044b\" \/>\n<script type=\"application\/ld+json\" class=\"yoast-schema-graph\">{\"@context\":\"https:\/\/schema.org\",\"@graph\":[{\"@type\":\"WebPage\",\"@id\":\"https:\/\/helipoland.com\/szkolenia-pilotow\/uprawnienia-w-licencji-pilota-smiglowca\/\",\"url\":\"https:\/\/helipoland.com\/szkolenia-pilotow\/uprawnienia-w-licencji-pilota-smiglowca\/\",\"name\":\"[:pl]Uprawnienia w licencji pilota \u015bmig\u0142owca[:en]Ratings in a helicopter pilot license[:]\",\"isPartOf\":{\"@id\":\"https:\/\/helipoland.com\/pl\/#website\"},\"datePublished\":\"2015-09-30T07:23:11+00:00\",\"dateModified\":\"2023-01-23T11:58:46+00:00\",\"description\":\"{:pl}Uprawnienia w licencji pilota \u015bmig\u0142owca. Uprawnienia na typ, uprawnienie do lot\u00f3w nocnych, uprawnienie instruktorskie.{:en}Ratings in a helicopter pilot license. Type ratings, night rating, instructor rating.{:}\",\"breadcrumb\":{\"@id\":\"https:\/\/helipoland.com\/szkolenia-pilotow\/uprawnienia-w-licencji-pilota-smiglowca\/#breadcrumb\"},\"inLanguage\":\"ru-RU\",\"potentialAction\":[{\"@type\":\"ReadAction\",\"target\":[\"https:\/\/helipoland.com\/szkolenia-pilotow\/uprawnienia-w-licencji-pilota-smiglowca\/\"]}]},{\"@type\":\"BreadcrumbList\",\"@id\":\"https:\/\/helipoland.com\/szkolenia-pilotow\/uprawnienia-w-licencji-pilota-smiglowca\/#breadcrumb\",\"itemListElement\":[{\"@type\":\"ListItem\",\"position\":1,\"name\":\"Helipoland.com\",\"item\":\"https:\/\/helipoland.com\/pl\/\"},{\"@type\":\"ListItem\",\"position\":2,\"name\":\"Szkolenia pilot\u00f3w\",\"item\":\"https:\/\/helipoland.com\/szkolenia-pilotow\/\"},{\"@type\":\"ListItem\",\"position\":3,\"name\":\"Uprawnienia w licencji pilota \u015bmig\u0142owca\"}]},{\"@type\":\"WebSite\",\"@id\":\"https:\/\/helipoland.com\/pl\/#website\",\"url\":\"https:\/\/helipoland.com\/pl\/\",\"name\":\"Helipoland.com\",\"description\":\"\u041f\u043e\u043b\u0435\u0442\u044b \u043d\u0430 \u0432\u0435\u0440\u0442\u043e\u043b\u0435\u0442\u0435, \u043b\u0435\u0442\u043d\u0430\u044f \u0448\u043a\u043e\u043b\u0430, \u043e\u0431\u0441\u043b\u0443\u0436\u0438\u0432\u0430\u043d\u0438\u0435 \u0432\u0435\u0440\u0442\u043e\u043b\u0435\u0442\u043e\u0432, \u0432\u0435\u0440\u0442\u043e\u043b\u0435\u0442\u044b\",\"potentialAction\":[{\"@type\":\"SearchAction\",\"target\":{\"@type\":\"EntryPoint\",\"urlTemplate\":\"https:\/\/helipoland.com\/pl\/?s={search_term_string}\"},\"query-input\":{\"@type\":\"PropertyValueSpecification\",\"valueRequired\":true,\"valueName\":\"search_term_string\"}}],\"inLanguage\":\"ru-RU\"}]}<\/script>\n<!-- \/ Yoast SEO plugin. -->","yoast_head_json":{"title":"Uprawnienia w licencji pilota \u015bmig\u0142owca","description":"Uprawnienia w licencji pilota \u015bmig\u0142owca. Uprawnienia na typ, uprawnienie do lot\u00f3w nocnych, uprawnienie instruktorskie.","robots":{"index":"index","follow":"follow","max-snippet":"max-snippet:-1","max-image-preview":"max-image-preview:large","max-video-preview":"max-video-preview:-1"},"canonical":"https:\/\/helipoland.com\/szkolenia-pilotow\/uprawnienia-w-licencji-pilota-smiglowca\/","og_locale":"ru_RU","og_type":"article","og_title":"[:pl]Uprawnienia w licencji pilota \u015bmig\u0142owca[:en]Ratings in a helicopter pilot license[:]","og_description":"{:pl}Uprawnienia w licencji pilota \u015bmig\u0142owca. Uprawnienia na typ, uprawnienie do lot\u00f3w nocnych, uprawnienie instruktorskie.{:en}Ratings in a helicopter pilot license. Type ratings, night rating, instructor rating.{:}","og_url":"https:\/\/helipoland.com\/szkolenia-pilotow\/uprawnienia-w-licencji-pilota-smiglowca\/","og_site_name":"Helipoland.com","article_modified_time":"2023-01-23T11:58:46+00:00","twitter_misc":{"\u041f\u0440\u0438\u043c\u0435\u0440\u043d\u043e\u0435 \u0432\u0440\u0435\u043c\u044f \u0434\u043b\u044f \u0447\u0442\u0435\u043d\u0438\u044f":"2 \u043c\u0438\u043d\u0443\u0442\u044b"},"schema":{"@context":"https:\/\/schema.org","@graph":[{"@type":"WebPage","@id":"https:\/\/helipoland.com\/szkolenia-pilotow\/uprawnienia-w-licencji-pilota-smiglowca\/","url":"https:\/\/helipoland.com\/szkolenia-pilotow\/uprawnienia-w-licencji-pilota-smiglowca\/","name":"[:pl]Uprawnienia w licencji pilota \u015bmig\u0142owca[:en]Ratings in a helicopter pilot license[:]","isPartOf":{"@id":"https:\/\/helipoland.com\/pl\/#website"},"datePublished":"2015-09-30T07:23:11+00:00","dateModified":"2023-01-23T11:58:46+00:00","description":"{:pl}Uprawnienia w licencji pilota \u015bmig\u0142owca. Uprawnienia na typ, uprawnienie do lot\u00f3w nocnych, uprawnienie instruktorskie.{:en}Ratings in a helicopter pilot license. Type ratings, night rating, instructor rating.{:}","breadcrumb":{"@id":"https:\/\/helipoland.com\/szkolenia-pilotow\/uprawnienia-w-licencji-pilota-smiglowca\/#breadcrumb"},"inLanguage":"ru-RU","potentialAction":[{"@type":"ReadAction","target":["https:\/\/helipoland.com\/szkolenia-pilotow\/uprawnienia-w-licencji-pilota-smiglowca\/"]}]},{"@type":"BreadcrumbList","@id":"https:\/\/helipoland.com\/szkolenia-pilotow\/uprawnienia-w-licencji-pilota-smiglowca\/#breadcrumb","itemListElement":[{"@type":"ListItem","position":1,"name":"Helipoland.com","item":"https:\/\/helipoland.com\/pl\/"},{"@type":"ListItem","position":2,"name":"Szkolenia pilot\u00f3w","item":"https:\/\/helipoland.com\/szkolenia-pilotow\/"},{"@type":"ListItem","position":3,"name":"Uprawnienia w licencji pilota \u015bmig\u0142owca"}]},{"@type":"WebSite","@id":"https:\/\/helipoland.com\/pl\/#website","url":"https:\/\/helipoland.com\/pl\/","name":"Helipoland.com","description":"\u041f\u043e\u043b\u0435\u0442\u044b \u043d\u0430 \u0432\u0435\u0440\u0442\u043e\u043b\u0435\u0442\u0435, \u043b\u0435\u0442\u043d\u0430\u044f \u0448\u043a\u043e\u043b\u0430, \u043e\u0431\u0441\u043b\u0443\u0436\u0438\u0432\u0430\u043d\u0438\u0435 \u0432\u0435\u0440\u0442\u043e\u043b\u0435\u0442\u043e\u0432, \u0432\u0435\u0440\u0442\u043e\u043b\u0435\u0442\u044b","potentialAction":[{"@type":"SearchAction","target":{"@type":"EntryPoint","urlTemplate":"https:\/\/helipoland.com\/pl\/?s={search_term_string}"},"query-input":{"@type":"PropertyValueSpecification","valueRequired":true,"valueName":"search_term_string"}}],"inLanguage":"ru-RU"}]}},"_links":{"self":[{"href":"https:\/\/helipoland.com\/ru\/wp-json\/wp\/v2\/pages\/1344","targetHints":{"allow":["GET"]}}],"collection":[{"href":"https:\/\/helipoland.com\/ru\/wp-json\/wp\/v2\/pages"}],"about":[{"href":"https:\/\/helipoland.com\/ru\/wp-json\/wp\/v2\/types\/page"}],"author":[{"embeddable":true,"href":"https:\/\/helipoland.com\/ru\/wp-json\/wp\/v2\/users\/1"}],"replies":[{"embeddable":true,"href":"https:\/\/helipoland.com\/ru\/wp-json\/wp\/v2\/comments?post=1344"}],"version-history":[{"count":14,"href":"https:\/\/helipoland.com\/ru\/wp-json\/wp\/v2\/pages\/1344\/revisions"}],"predecessor-version":[{"id":5811,"href":"https:\/\/helipoland.com\/ru\/wp-json\/wp\/v2\/pages\/1344\/revisions\/5811"}],"up":[{"embeddable":true,"href":"https:\/\/helipoland.com\/ru\/wp-json\/wp\/v2\/pages\/408"}],"wp:attachment":[{"href":"https:\/\/helipoland.com\/ru\/wp-json\/wp\/v2\/media?parent=1344"}],"curies":[{"name":"wp","href":"https:\/\/api.w.org\/{rel}","templated":true}]}}