{"id":1391,"date":"2015-10-01T17:59:44","date_gmt":"2015-10-01T17:59:44","guid":{"rendered":"http:\/\/helipoland.com\/?page_id=1391"},"modified":"2023-01-17T11:58:04","modified_gmt":"2023-01-17T11:58:04","slug":"akcesoria","status":"publish","type":"page","link":"https:\/\/helipoland.com\/ru\/sprzedaz-helikopterow-smiglowcow\/akcesoria\/","title":{"rendered":"\u041a\u043e\u043c\u043f\u043b\u0435\u043a\u0442\u0443\u044e\u0449\u0438\u0435"},"content":{"rendered":"<hr \/>\n<h3 style=\"text-align: center;\">\u041a\u043e\u043c\u043f\u043b\u0435\u043a\u0442\u0443\u044e\u0449\u0438\u0435 \u0434\u043b\u044f \u043f\u0435\u0440\u0435\u043c\u0435\u0449\u0435\u043d\u0438\u044f \u0432\u0435\u0440\u0442\u043e\u043b\u0451\u0442\u0430, \u0440\u0430\u0441\u0448\u0438\u0440\u0438\u0442\u0435\u043b\u0438 \u043b\u044b\u0436, \u0432\u0435\u0440\u0442\u043e\u043b\u0451\u0442\u043d\u044b\u0435 \u043a\u043e\u0440\u0437\u0438\u043d\u044b \u0438 \u043c\u043d\u043e\u0433\u043e\u0435 \u0434\u0440\u0443\u0433\u043e\u0435..<\/h3>\n<p>\u00abHelitowcart\u00bb, \u00abAero Design\u00bb \u0438 \u00abDart Aerospace\u00bb, \u0432 \u0447\u0430\u0441\u0442\u043d\u043e\u0441\u0442\u0438. \u041f\u043e\u0441\u0435\u0442\u0438\u0442\u0435 \u0441\u0430\u0439\u0442\u044b \u043a\u043e\u043c\u043f\u0430\u043d\u0438\u0438 www.helitowcart.com, www.aerodesign.ca, www.dartaerospace.com. \u041c\u044b \u0440\u0430\u0434\u044b \u043f\u0440\u0435\u0434\u043b\u043e\u0436\u0438\u0442\u044c \u0412\u0430\u043c \u0432\u0435\u0440\u0442\u043e\u043b\u0435\u0442\u043d\u044b\u0435 \u043a\u043e\u043c\u043f\u043b\u0435\u043a\u0442\u0443\u044e\u0449\u0438\u0435 \u043a\u043e\u043c\u043f\u0430\u043d\u0438\u0439 \u201cHelitowcart\u201d, \u201cAero Design\u201d \u0438 \u201cDart Aerospace\u201c, \u0434\u043b\u044f \u043f\u0435\u0440\u0435\u043c\u0435\u0449\u0435\u043d\u0438\u044f \u0440\u0430\u0437\u043b\u0438\u0447\u043d\u044b\u0445 \u0442\u0438\u043f\u043e\u0432 \u0432\u0435\u0440\u0442\u043e\u043b\u0435\u0442\u043e\u0432 \u043f\u043e \u0440\u0430\u0437\u043d\u043e\u043e\u0431\u0440\u0430\u0437\u043d\u044b\u043c \u0433\u0440\u0443\u043d\u0442\u043e\u0432\u044b\u043c \u043f\u043e\u043a\u0440\u044b\u0442\u0438\u044f\u043c. \u041c\u044b \u0442\u0430\u043a\u0436\u0435 \u043f\u0440\u0435\u0434\u043b\u0430\u0433\u0430\u0435\u043c \u0432\u043d\u0435\u0448\u043d\u0438\u0435 \u043a\u043e\u0440\u0437\u0438\u043d\u044b, \u0440\u0430\u0441\u0448\u0438\u0440\u0438\u0442\u0435\u043b\u0438 \u043b\u044b\u0436 \u0432\u0435\u0440\u0442\u043e\u043b\u0451\u0442\u0430 (\u00ab\u043c\u0435\u0434\u0432\u0435\u0436\u044c\u0438 \u043b\u0430\u043f\u044b\u00bb) \u0438 \u043c\u043d\u043e\u0433\u043e\u0435 \u0434\u0440\u0443\u0433\u043e\u0435. \u041f\u043e\u0441\u0435\u0442\u0438\u0442\u0435 \u0441\u0430\u0439\u0442\u044b \u043f\u0440\u043e\u0438\u0437\u0432\u043e\u0434\u0438\u0442\u0435\u043b\u0435\u0439\u00a0www.helitowcart.com,\u00a0www.aerodesign.ca,<br \/>\nwww.dartaerospace.com, \u0430 \u043c\u044b \u043f\u043e\u043c\u043e\u0436\u0435\u043c \u0432\u0430\u043c \u0441\u0434\u0435\u043b\u0430\u0442\u044c \u0432\u044b\u0431\u043e\u0440 \u043a\u043e\u043c\u043f\u043b\u0435\u043a\u0442\u0443\u044e\u0449\u0438\u0445 \u0438 \u0434\u043e\u0441\u0442\u0430\u0432\u0438\u0442\u044c \u0438\u0445 \u043f\u0440\u044f\u043c\u043e \u0432 \u0430\u043d\u0433\u0430\u0440.<\/p>\n<p><img loading=\"lazy\" decoding=\"async\" class=\"aligncenter size-full wp-image-1392\" src=\"http:\/\/helipoland.com\/wp-content\/uploads\/2015\/10\/v1060_slide_001.jpg\" alt=\"v1060_slide_001\" width=\"940\" height=\"299\" srcset=\"https:\/\/helipoland.com\/wp-content\/uploads\/2015\/10\/v1060_slide_001.jpg 940w, https:\/\/helipoland.com\/wp-content\/uploads\/2015\/10\/v1060_slide_001-300x95.jpg 300w\" sizes=\"auto, (max-width: 940px) 100vw, 940px\" \/><\/p>\n<h3 class=\"yt watch-title-container\" style=\"text-align: center;\"><strong><span id=\"eow-title\" class=\"watch-title \" dir=\"ltr\" title=\"Helicopter Wheels for Robinson Helicopters (R22, R44, R66)\"><a href=\"https:\/\/www.youtube.com\/watch?v=Y2mUQ7Oonhs\" target=\"_blank\" rel=\"noopener noreferrer\">\u0412\u0435\u0440\u0442\u043e\u043b\u0451\u0442\u043d\u044b\u0435 \u043a\u043e\u043b\u0451\u0441\u0430 \u0434\u043b\u044f Robinson R22, R44, R66 \u2013 \u0441\u0441\u044b\u043b\u043a\u0430 \u043d\u0430 \u043f\u0440\u0435\u0437\u0435\u043d\u0442\u0430\u0446\u0438\u044e<\/a><\/span><\/strong><\/h3>\n<h4 style=\"text-align: center;\">\u041d\u0430\u0448\u0430 \u043a\u043e\u043c\u043f\u0430\u043d\u0438\u044f \u044f\u0432\u043b\u044f\u0435\u0442\u0441\u044f \u0434\u0438\u0441\u0442\u0440\u0438\u0431\u044c\u044e\u0442\u0435\u0440\u043e\u043c \u0441\u0430\u043c\u043e\u0433\u043e \u0438\u0437\u0432\u0435\u0441\u0442\u043d\u043e\u0433\u043e \u043f\u0440\u043e\u0438\u0437\u0432\u043e\u0434\u0438\u0442\u0435\u043b\u044f \u0430\u0432\u0438\u0430\u0446\u0438\u043e\u043d\u043d\u044b\u0445 \u0433\u0430\u0440\u043d\u0438\u0442\u0443\u0440 &#8212; <a href=\"http:\/\/www.davidclarkcompany.com\/\" target=\"_blank\" rel=\"noopener noreferrer\">David Clark aviation headsets<\/a>.<\/h4>\n<p style=\"text-align: center;\">\u041a\u043e\u043c\u043f\u0430\u043d\u0438\u044f \u0414\u044d\u0432\u0438\u0434\u0430 \u041a\u043b\u0430\u0440\u043a\u0430 \u0432\u044b\u043f\u0443\u0441\u043a\u0430\u0435\u0442 \u0433\u0430\u0440\u043d\u0438\u0442\u0443\u0440\u044b \u0434\u043b\u044f \u0440\u0430\u0437\u043b\u0438\u0447\u043d\u044b\u0445 \u043e\u0442\u0440\u0430\u0441\u043b\u0435\u0439, \u0432 \u0442\u043e\u043c \u0447\u0438\u0441\u043b\u0435 \u0430\u044d\u0440\u043e\u043a\u043e\u0441\u043c\u0438\u0447\u0435\u0441\u043a\u043e\u0439.<\/p>\n<p style=\"text-align: justify;\">\u041d\u0430\u0447\u0438\u043d\u0430\u044f \u0441 1941 \u0433\u043e\u0434\u0430, \u043a\u043e\u043c\u043f\u0430\u043d\u0438\u044f \u0414\u044d\u0432\u0438\u0434\u0430 \u041a\u043b\u0430\u0440\u043a\u0430 \u0441\u0442\u0430\u043b\u0430 \u043f\u0438\u043e\u043d\u0435\u0440\u043e\u043c \u0432 \u0440\u0430\u0437\u0440\u0430\u0431\u043e\u0442\u043a\u0435 \u0441\u0440\u0435\u0434\u0441\u0442\u0432 \u0437\u0430\u0449\u0438\u0442\u044b \u0430\u044d\u0440\u043e\u043a\u043e\u0441\u043c\u0438\u0447\u0435\u0441\u043a\u0438\u0445 \u044d\u043a\u0438\u043f\u0430\u0436\u0435\u0439 \u0438 \u043d\u0430 \u0441\u0435\u0433\u043e\u0434\u043d\u044f\u0448\u043d\u0438\u0439 \u0434\u0435\u043d\u044c \u043e\u043a\u0430\u0437\u044b\u0432\u0430\u0435\u0442 \u043d\u0435\u043f\u043e\u0441\u0440\u0435\u0434\u0441\u0442\u0432\u0435\u043d\u043d\u0443\u044e \u043f\u043e\u0434\u0434\u0435\u0440\u0436\u043a\u0443 \u043f\u0440\u0430\u043a\u0442\u0438\u0447\u0435\u0441\u043a\u0438 \u0432\u0441\u0435\u043c \u043f\u0440\u043e\u0433\u0440\u0430\u043c\u043c\u0430\u043c \u043f\u0438\u043b\u043e\u0442\u0438\u0440\u0443\u0435\u043c\u044b\u0445 \u0432\u044b\u0441\u043e\u0442\u043d\u044b\u0445\/\u043a\u043e\u0441\u043c\u0438\u0447\u0435\u0441\u043a\u0438\u0445 \u043f\u043e\u043b\u0435\u0442\u043e\u0432.<\/p>\n<p style=\"text-align: justify;\">\u0421\u043e\u0442\u0440\u0443\u0434\u043d\u0438\u0447\u0430\u044f \u0441 \u043f\u043e\u0441\u0442\u0430\u0432\u0449\u0438\u043a\u0430\u043c\u0438 \u0442\u0440\u0430\u043d\u0441\u043f\u043e\u0440\u0442\u043d\u044b\u0445 \u0441\u0440\u0435\u0434\u0441\u0442\u0432, \u044d\u043a\u0438\u043f\u0430\u0436\u0430\u043c\u0438 \u0432\u043e\u0437\u0434\u0443\u0448\u043d\u044b\u0445 \u0438 \u043a\u043e\u0441\u043c\u0438\u0447\u0435\u0441\u043a\u0438\u0445 \u043a\u043e\u0440\u0430\u0431\u043b\u0435\u0439, \u043d\u0430\u043a\u0430\u043f\u043b\u0438\u0432\u0430\u044f \u0434\u0435\u0441\u044f\u0442\u0438\u043b\u0435\u0442\u0438\u044f\u043c\u0438 \u043e\u043f\u044b\u0442 \u044d\u043a\u0441\u043f\u043b\u0443\u0430\u0442\u0430\u0446\u0438\u0438, \u043a\u043e\u043c\u043f\u0430\u043d\u0438\u044f \u043d\u0430 \u0441\u0435\u0433\u043e\u0434\u043d\u044f\u0448\u043d\u0438\u0439 \u0434\u0435\u043d\u044c \u043e\u0431\u0435\u0441\u043f\u0435\u0447\u0438\u0432\u0430\u0435\u0442 \u0432\u0441\u0435\u0441\u0442\u043e\u0440\u043e\u043d\u043d\u0435 \u043f\u0440\u043e\u0435\u043a\u0442\u0438\u0440\u043e\u0432\u0430\u043d\u0438\u0435, \u0440\u0430\u0437\u0440\u0430\u0431\u043e\u0442\u043a\u0443, \u043f\u0440\u043e\u0438\u0437\u0432\u043e\u0434\u0441\u0442\u0432\u043e \u0438 \u043f\u043e\u0434\u0434\u0435\u0440\u0436\u043a\u0443 \u043d\u0430\u0434\u0451\u0436\u043d\u043e\u0439 \u0438 \u0442\u0435\u0445\u043d\u043e\u043b\u043e\u0433\u0438\u0447\u0435\u0441\u043a\u0438 \u043f\u0440\u043e\u0434\u0432\u0438\u043d\u0443\u0442\u043e\u0439 \u0437\u0430\u0449\u0438\u0442\u043d\u043e\u0439 \u044d\u043a\u0438\u043f\u0438\u0440\u043e\u0432\u043a\u0438 \u0434\u043b\u044f \u044d\u043a\u0438\u043f\u0430\u0436\u0435\u0439.<\/p>\n<p style=\"text-align: justify;\">\u0420\u0430\u0437\u0440\u0430\u0431\u043e\u0442\u0447\u0438\u043a\u0438 \u0430\u0432\u0438\u0430\u0446\u0438\u043e\u043d\u043d\u044b\u0445 \u0433\u0430\u0440\u043d\u0438\u0442\u0443\u0440 \u0414\u044d\u0432\u0438\u0434\u0430 \u041a\u043b\u0430\u0440\u043a\u0430, \u0438\u043d\u0436\u0435\u043d\u0435\u0440\u044b, \u043c\u0430\u0441\u0442\u0435\u0440\u0430 \u0438 \u0432\u0441\u043f\u043e\u043c\u043e\u0433\u0430\u0442\u0435\u043b\u044c\u043d\u044b\u0439 \u043f\u0435\u0440\u0441\u043e\u043d\u0430\u043b \u0433\u043e\u0442\u043e\u0432\u044b \u0438\u0441\u043f\u043e\u043b\u044c\u0437\u043e\u0432\u0430\u0442\u044c \u0441\u0432\u043e\u0438 \u0443\u043d\u0438\u043a\u0430\u043b\u044c\u043d\u044b\u0435 \u043d\u0430\u0432\u044b\u043a\u0438 \u0434\u043b\u044f \u0440\u0435\u0448\u0435\u043d\u0438\u044f \u0437\u0430\u0434\u0430\u0447 \u043f\u043e \u043e\u0431\u0435\u0441\u043f\u0435\u0447\u0435\u043d\u0438\u044e \u0437\u0430\u0449\u0438\u0442\u044b \u0431\u0443\u0434\u0443\u0449\u0438\u0445 \u0430\u044d\u0440\u043e\u043a\u043e\u0441\u043c\u0438\u0447\u0435\u0441\u043a\u0438\u0445 \u044d\u043a\u0438\u043f\u0430\u0436\u0435\u0439.<br \/>\n\u0427\u0442\u043e\u0431\u044b \u0432\u044b\u0431\u0440\u0430\u0442\u044c \u043d\u0430\u0438\u0431\u043e\u043b\u0435\u0435 \u043f\u043e\u0434\u0445\u043e\u0434\u044f\u0449\u0438\u0435 \u0433\u0430\u0440\u043d\u0438\u0442\u0443\u0440\u044b, \u043f\u043e\u0441\u0435\u0442\u0438\u0442\u0435 \u0432\u0435\u0431-\u0441\u0430\u0439\u0442 \u043d\u0430\u0448\u0435\u0433\u043e \u043f\u0440\u044f\u043c\u043e\u0433\u043e \u043f\u043e\u0441\u0442\u0430\u0432\u0449\u0438\u043a\u0430 \u0438 \u043f\u0440\u043e\u0438\u0437\u0432\u043e\u0434\u0438\u0442\u0435\u043b\u044f: <a href=\"http:\/\/www.davidclarkcompany.com\/\" target=\"_blank\" rel=\"noopener noreferrer\">http:\/\/www.davidclarkcompany.com\/<\/a><\/p>","protected":false},"excerpt":{"rendered":"<p>\u041a\u043e\u043c\u043f\u043b\u0435\u043a\u0442\u0443\u044e\u0449\u0438\u0435 \u0434\u043b\u044f \u043f\u0435\u0440\u0435\u043c\u0435\u0449\u0435\u043d\u0438\u044f \u0432\u0435\u0440\u0442\u043e\u043b\u0451\u0442\u0430, \u0440\u0430\u0441\u0448\u0438\u0440\u0438\u0442\u0435\u043b\u0438 \u043b\u044b\u0436, \u0432\u0435\u0440\u0442\u043e\u043b\u0451\u0442\u043d\u044b\u0435 \u043a\u043e\u0440\u0437\u0438\u043d\u044b \u0438 \u043c\u043d\u043e\u0433\u043e\u0435 \u0434\u0440\u0443\u0433\u043e\u0435.. \u00abHelitowcart\u00bb, \u00abAero Design\u00bb \u0438 \u00abDart Aerospace\u00bb, \u0432 \u0447\u0430\u0441\u0442\u043d\u043e\u0441\u0442\u0438. \u041f\u043e\u0441\u0435\u0442\u0438\u0442\u0435[&#8230;..]<\/p>\n","protected":false},"author":1,"featured_media":0,"parent":410,"menu_order":0,"comment_status":"closed","ping_status":"closed","template":"template-fullwidth-with-form.php","meta":{"_acf_changed":false,"footnotes":""},"class_list":["post-1391","page","type-page","status-publish","hentry"],"acf":[],"yoast_head":"<!-- This site is optimized with the Yoast SEO plugin v24.8.1 - https:\/\/yoast.com\/wordpress\/plugins\/seo\/ -->\n<title>Akcesoria do \u015bmig\u0142owc\u00f3w<\/title>\n<meta name=\"description\" content=\"Akcesoria do \u015bmig\u0142owc\u00f3w. K\u00f3lka, w\u00f3zki, kosz, bearpaws.\" \/>\n<meta name=\"robots\" content=\"index, follow, max-snippet:-1, max-image-preview:large, max-video-preview:-1\" \/>\n<link rel=\"canonical\" href=\"https:\/\/helipoland.com\/sprzedaz-helikopterow-smiglowcow\/akcesoria\/\" \/>\n<meta property=\"og:locale\" content=\"ru_RU\" \/>\n<meta property=\"og:type\" content=\"article\" \/>\n<meta property=\"og:title\" content=\"[:pl]Akcesoria do \u015bmig\u0142owc\u00f3w[:en]Helicopter accessories[:]\" \/>\n<meta property=\"og:description\" content=\"{:pl}Akcesoria do \u015bmig\u0142owc\u00f3w. K\u00f3lka, w\u00f3zki, kosz, bearpaws.{:en}Helicopter accessories. Wheels, tow-carts, basket, bearpaws.{:}\" \/>\n<meta property=\"og:url\" content=\"https:\/\/helipoland.com\/sprzedaz-helikopterow-smiglowcow\/akcesoria\/\" \/>\n<meta property=\"og:site_name\" content=\"Helipoland.com\" \/>\n<meta property=\"article:modified_time\" content=\"2023-01-17T11:58:04+00:00\" \/>\n<meta property=\"og:image\" content=\"http:\/\/helipoland.com\/wp-content\/uploads\/2015\/10\/v1060_slide_001.jpg\" \/>\n<meta name=\"twitter:label1\" content=\"\u041f\u0440\u0438\u043c\u0435\u0440\u043d\u043e\u0435 \u0432\u0440\u0435\u043c\u044f \u0434\u043b\u044f \u0447\u0442\u0435\u043d\u0438\u044f\" \/>\n\t<meta name=\"twitter:data1\" content=\"6 \u043c\u0438\u043d\u0443\u0442\" \/>\n<script type=\"application\/ld+json\" class=\"yoast-schema-graph\">{\"@context\":\"https:\/\/schema.org\",\"@graph\":[{\"@type\":\"WebPage\",\"@id\":\"https:\/\/helipoland.com\/sprzedaz-helikopterow-smiglowcow\/akcesoria\/\",\"url\":\"https:\/\/helipoland.com\/sprzedaz-helikopterow-smiglowcow\/akcesoria\/\",\"name\":\"[:pl]Akcesoria do \u015bmig\u0142owc\u00f3w[:en]Helicopter accessories[:]\",\"isPartOf\":{\"@id\":\"https:\/\/helipoland.com\/pl\/#website\"},\"primaryImageOfPage\":{\"@id\":\"https:\/\/helipoland.com\/sprzedaz-helikopterow-smiglowcow\/akcesoria\/#primaryimage\"},\"image\":{\"@id\":\"https:\/\/helipoland.com\/sprzedaz-helikopterow-smiglowcow\/akcesoria\/#primaryimage\"},\"thumbnailUrl\":\"http:\/\/helipoland.com\/wp-content\/uploads\/2015\/10\/v1060_slide_001.jpg\",\"datePublished\":\"2015-10-01T17:59:44+00:00\",\"dateModified\":\"2023-01-17T11:58:04+00:00\",\"description\":\"{:pl}Akcesoria do \u015bmig\u0142owc\u00f3w. K\u00f3lka, w\u00f3zki, kosz, bearpaws.{:en}Helicopter accessories. Wheels, tow-carts, basket, bearpaws.{:}\",\"breadcrumb\":{\"@id\":\"https:\/\/helipoland.com\/sprzedaz-helikopterow-smiglowcow\/akcesoria\/#breadcrumb\"},\"inLanguage\":\"ru-RU\",\"potentialAction\":[{\"@type\":\"ReadAction\",\"target\":[\"https:\/\/helipoland.com\/sprzedaz-helikopterow-smiglowcow\/akcesoria\/\"]}]},{\"@type\":\"ImageObject\",\"inLanguage\":\"ru-RU\",\"@id\":\"https:\/\/helipoland.com\/sprzedaz-helikopterow-smiglowcow\/akcesoria\/#primaryimage\",\"url\":\"http:\/\/helipoland.com\/wp-content\/uploads\/2015\/10\/v1060_slide_001.jpg\",\"contentUrl\":\"http:\/\/helipoland.com\/wp-content\/uploads\/2015\/10\/v1060_slide_001.jpg\"},{\"@type\":\"BreadcrumbList\",\"@id\":\"https:\/\/helipoland.com\/sprzedaz-helikopterow-smiglowcow\/akcesoria\/#breadcrumb\",\"itemListElement\":[{\"@type\":\"ListItem\",\"position\":1,\"name\":\"Helipoland.com\",\"item\":\"https:\/\/helipoland.com\/pl\/\"},{\"@type\":\"ListItem\",\"position\":2,\"name\":\"Sprzeda\u017c nowych i u\u017cywanych \u015bmig\u0142owc\u00f3w (helikopter\u00f3w), akcesoria, l\u0105dowiska\",\"item\":\"https:\/\/helipoland.com\/sprzedaz-helikopterow-smiglowcow\/\"},{\"@type\":\"ListItem\",\"position\":3,\"name\":\"Akcesoria\"}]},{\"@type\":\"WebSite\",\"@id\":\"https:\/\/helipoland.com\/pl\/#website\",\"url\":\"https:\/\/helipoland.com\/pl\/\",\"name\":\"Helipoland.com\",\"description\":\"\u041f\u043e\u043b\u0435\u0442\u044b \u043d\u0430 \u0432\u0435\u0440\u0442\u043e\u043b\u0435\u0442\u0435, \u043b\u0435\u0442\u043d\u0430\u044f \u0448\u043a\u043e\u043b\u0430, \u043e\u0431\u0441\u043b\u0443\u0436\u0438\u0432\u0430\u043d\u0438\u0435 \u0432\u0435\u0440\u0442\u043e\u043b\u0435\u0442\u043e\u0432, \u0432\u0435\u0440\u0442\u043e\u043b\u0435\u0442\u044b\",\"potentialAction\":[{\"@type\":\"SearchAction\",\"target\":{\"@type\":\"EntryPoint\",\"urlTemplate\":\"https:\/\/helipoland.com\/pl\/?s={search_term_string}\"},\"query-input\":{\"@type\":\"PropertyValueSpecification\",\"valueRequired\":true,\"valueName\":\"search_term_string\"}}],\"inLanguage\":\"ru-RU\"}]}<\/script>\n<!-- \/ Yoast SEO plugin. -->","yoast_head_json":{"title":"Akcesoria do \u015bmig\u0142owc\u00f3w","description":"Akcesoria do \u015bmig\u0142owc\u00f3w. K\u00f3lka, w\u00f3zki, kosz, bearpaws.","robots":{"index":"index","follow":"follow","max-snippet":"max-snippet:-1","max-image-preview":"max-image-preview:large","max-video-preview":"max-video-preview:-1"},"canonical":"https:\/\/helipoland.com\/sprzedaz-helikopterow-smiglowcow\/akcesoria\/","og_locale":"ru_RU","og_type":"article","og_title":"[:pl]Akcesoria do \u015bmig\u0142owc\u00f3w[:en]Helicopter accessories[:]","og_description":"{:pl}Akcesoria do \u015bmig\u0142owc\u00f3w. K\u00f3lka, w\u00f3zki, kosz, bearpaws.{:en}Helicopter accessories. Wheels, tow-carts, basket, bearpaws.{:}","og_url":"https:\/\/helipoland.com\/sprzedaz-helikopterow-smiglowcow\/akcesoria\/","og_site_name":"Helipoland.com","article_modified_time":"2023-01-17T11:58:04+00:00","og_image":[{"url":"http:\/\/helipoland.com\/wp-content\/uploads\/2015\/10\/v1060_slide_001.jpg","type":"","width":"","height":""}],"twitter_misc":{"\u041f\u0440\u0438\u043c\u0435\u0440\u043d\u043e\u0435 \u0432\u0440\u0435\u043c\u044f \u0434\u043b\u044f \u0447\u0442\u0435\u043d\u0438\u044f":"6 \u043c\u0438\u043d\u0443\u0442"},"schema":{"@context":"https:\/\/schema.org","@graph":[{"@type":"WebPage","@id":"https:\/\/helipoland.com\/sprzedaz-helikopterow-smiglowcow\/akcesoria\/","url":"https:\/\/helipoland.com\/sprzedaz-helikopterow-smiglowcow\/akcesoria\/","name":"[:pl]Akcesoria do \u015bmig\u0142owc\u00f3w[:en]Helicopter accessories[:]","isPartOf":{"@id":"https:\/\/helipoland.com\/pl\/#website"},"primaryImageOfPage":{"@id":"https:\/\/helipoland.com\/sprzedaz-helikopterow-smiglowcow\/akcesoria\/#primaryimage"},"image":{"@id":"https:\/\/helipoland.com\/sprzedaz-helikopterow-smiglowcow\/akcesoria\/#primaryimage"},"thumbnailUrl":"http:\/\/helipoland.com\/wp-content\/uploads\/2015\/10\/v1060_slide_001.jpg","datePublished":"2015-10-01T17:59:44+00:00","dateModified":"2023-01-17T11:58:04+00:00","description":"{:pl}Akcesoria do \u015bmig\u0142owc\u00f3w. K\u00f3lka, w\u00f3zki, kosz, bearpaws.{:en}Helicopter accessories. Wheels, tow-carts, basket, bearpaws.{:}","breadcrumb":{"@id":"https:\/\/helipoland.com\/sprzedaz-helikopterow-smiglowcow\/akcesoria\/#breadcrumb"},"inLanguage":"ru-RU","potentialAction":[{"@type":"ReadAction","target":["https:\/\/helipoland.com\/sprzedaz-helikopterow-smiglowcow\/akcesoria\/"]}]},{"@type":"ImageObject","inLanguage":"ru-RU","@id":"https:\/\/helipoland.com\/sprzedaz-helikopterow-smiglowcow\/akcesoria\/#primaryimage","url":"http:\/\/helipoland.com\/wp-content\/uploads\/2015\/10\/v1060_slide_001.jpg","contentUrl":"http:\/\/helipoland.com\/wp-content\/uploads\/2015\/10\/v1060_slide_001.jpg"},{"@type":"BreadcrumbList","@id":"https:\/\/helipoland.com\/sprzedaz-helikopterow-smiglowcow\/akcesoria\/#breadcrumb","itemListElement":[{"@type":"ListItem","position":1,"name":"Helipoland.com","item":"https:\/\/helipoland.com\/pl\/"},{"@type":"ListItem","position":2,"name":"Sprzeda\u017c nowych i u\u017cywanych \u015bmig\u0142owc\u00f3w (helikopter\u00f3w), akcesoria, l\u0105dowiska","item":"https:\/\/helipoland.com\/sprzedaz-helikopterow-smiglowcow\/"},{"@type":"ListItem","position":3,"name":"Akcesoria"}]},{"@type":"WebSite","@id":"https:\/\/helipoland.com\/pl\/#website","url":"https:\/\/helipoland.com\/pl\/","name":"Helipoland.com","description":"\u041f\u043e\u043b\u0435\u0442\u044b \u043d\u0430 \u0432\u0435\u0440\u0442\u043e\u043b\u0435\u0442\u0435, \u043b\u0435\u0442\u043d\u0430\u044f \u0448\u043a\u043e\u043b\u0430, \u043e\u0431\u0441\u043b\u0443\u0436\u0438\u0432\u0430\u043d\u0438\u0435 \u0432\u0435\u0440\u0442\u043e\u043b\u0435\u0442\u043e\u0432, \u0432\u0435\u0440\u0442\u043e\u043b\u0435\u0442\u044b","potentialAction":[{"@type":"SearchAction","target":{"@type":"EntryPoint","urlTemplate":"https:\/\/helipoland.com\/pl\/?s={search_term_string}"},"query-input":{"@type":"PropertyValueSpecification","valueRequired":true,"valueName":"search_term_string"}}],"inLanguage":"ru-RU"}]}},"_links":{"self":[{"href":"https:\/\/helipoland.com\/ru\/wp-json\/wp\/v2\/pages\/1391","targetHints":{"allow":["GET"]}}],"collection":[{"href":"https:\/\/helipoland.com\/ru\/wp-json\/wp\/v2\/pages"}],"about":[{"href":"https:\/\/helipoland.com\/ru\/wp-json\/wp\/v2\/types\/page"}],"author":[{"embeddable":true,"href":"https:\/\/helipoland.com\/ru\/wp-json\/wp\/v2\/users\/1"}],"replies":[{"embeddable":true,"href":"https:\/\/helipoland.com\/ru\/wp-json\/wp\/v2\/comments?post=1391"}],"version-history":[{"count":20,"href":"https:\/\/helipoland.com\/ru\/wp-json\/wp\/v2\/pages\/1391\/revisions"}],"predecessor-version":[{"id":5776,"href":"https:\/\/helipoland.com\/ru\/wp-json\/wp\/v2\/pages\/1391\/revisions\/5776"}],"up":[{"embeddable":true,"href":"https:\/\/helipoland.com\/ru\/wp-json\/wp\/v2\/pages\/410"}],"wp:attachment":[{"href":"https:\/\/helipoland.com\/ru\/wp-json\/wp\/v2\/media?parent=1391"}],"curies":[{"name":"wp","href":"https:\/\/api.w.org\/{rel}","templated":true}]}}