{"id":2242,"date":"2016-01-14T01:01:07","date_gmt":"2016-01-14T01:01:07","guid":{"rendered":"http:\/\/helipoland.com\/?page_id=2242"},"modified":"2023-07-13T10:07:32","modified_gmt":"2023-07-13T10:07:32","slug":"r-44-cadet","status":"publish","type":"page","link":"https:\/\/helipoland.com\/ru\/sprzedaz-helikopterow-smiglowcow\/helikoptery-robinson\/r-44-cadet\/","title":{"rendered":"R 44 Cadet"},"content":{"rendered":"<div class=\"ezcol ezcol-one-third\">\n<p style=\"text-align: justify;\"><span style=\"color: #000000;\">Robinson R44 Cadet \u2014 \u044d\u0442\u043e \u0443\u043d\u0438\u0432\u0435\u0440\u0441\u0430\u043b\u044c\u043d\u044b\u0439 \u0434\u0432\u0443\u0445\u043c\u0435\u0441\u0442\u043d\u044b\u0439 \u0432\u0435\u0440\u0442\u043e\u043b\u0435\u0442, \u0432\u0435\u0441\u044c\u043c\u0430 \u043f\u043e\u043f\u0443\u043b\u044f\u0440\u043d\u044b\u0439 \u0441\u0440\u0435\u0434\u0438 \u043b\u0435\u0442\u043d\u044b\u0445 \u0448\u043a\u043e\u043b \u0438 \u043e\u043f\u0435\u0440\u0430\u0442\u043e\u0440\u043e\u0432, \u0432\u0435\u0434\u044c \u043e\u043d \u043e\u0442\u043b\u0438\u0447\u0430\u0435\u0442\u0441\u044f \u0442\u0430\u043a\u043e\u0439 \u0436\u0435 \u044d\u043a\u043e\u043d\u043e\u043c\u0438\u0447\u043d\u043e\u0441\u0442\u044c\u044e, \u043a\u0430\u043a \u0443 \u043d\u0435\u0431\u043e\u043b\u044c\u0448\u0438\u0445 \u0432\u0435\u0440\u0442\u043e\u043b\u0451\u0442\u043e\u0432, \u043d\u043e \u043f\u0440\u0438 \u044d\u0442\u043e\u043c \u0431\u043e\u043b\u0435\u0435 \u043a\u043e\u043c\u0444\u043e\u0440\u0442\u043d\u044b\u0439, \u043c\u043e\u0449\u043d\u044b\u0439 \u0438 \u0441 \u0432\u044b\u0441\u043e\u043a\u043e\u0439 \u043f\u0440\u043e\u0438\u0437\u0432\u043e\u0434\u0438\u0442\u0435\u043b\u044c\u043d\u043e\u0441\u0442\u044c\u044e. R44 Cadet \u043e\u0441\u043d\u0430\u0449\u0451\u043d \u0442\u0430\u043a\u0438\u043c \u0436\u0435 \u0431\u0430\u0437\u043e\u0432\u044b\u043c \u043f\u043b\u0430\u043d\u0435\u0440\u043e\u043c, \u0441\u0438\u0441\u0442\u0435\u043c\u043e\u0439 \u043d\u0435\u0441\u0443\u0449\u0435\u0433\u043e \u0432\u0438\u043d\u0442\u0430 \u0438 \u0434\u0432\u0438\u0433\u0430\u0442\u0435\u043b\u0435\u043c Lycoming O-540-F1B5, \u043a\u0430\u043a \u0438 \u0443 \u043c\u043e\u0434\u0435\u043b\u0438 R44 Raven I. \u0418\u0445 \u043e\u0442\u043b\u0438\u0447\u0438\u0435 \u0437\u0430\u043a\u043b\u044e\u0447\u0430\u0435\u0442\u0441\u044f \u0432 \u0442\u043e\u043c, \u0447\u0442\u043e \u0443 R44 Cadet \u043d\u0435\u0442 \u0437\u0430\u0434\u043d\u0438\u0445 \u0441\u0438\u0434\u0435\u043d\u0438\u0439 \u2013 \u044d\u0442\u0430 \u0447\u0430\u0441\u0442\u044c \u043f\u0435\u0440\u0435\u043a\u043e\u043d\u0444\u0438\u0433\u0443\u0440\u0438\u0440\u043e\u0432\u0430\u043d\u0430 \u0432 \u0433\u0440\u0443\u0437\u043e\u0432\u043e\u0439 \u043e\u0442\u0441\u0435\u043a.<\/span><br \/>\n<span style=\"color: #000000;\">\u041c\u0430\u043a\u0441\u0438\u043c\u0430\u043b\u044c\u043d\u043e \u0434\u043e\u043f\u0443\u0441\u0442\u0438\u043c\u0430\u044f \u043f\u043e\u043b\u043d\u0430\u044f \u043c\u0430\u0441\u0441\u0430 \u0441\u043e\u0441\u0442\u0430\u0432\u043b\u044f\u0435\u0442 2200 \u0444\u0443\u043d\u0442\u043e\u0432. \u041c\u043e\u0449\u043d\u043e\u0441\u0442\u044c \u0434\u0432\u0438\u0433\u0430\u0442\u0435\u043b\u044f \u0441\u043d\u0438\u0436\u0435\u043d\u0430 \u0434\u043e 210 \u043b.\u0441. \u043d\u0430 \u0432\u0437\u043b\u0435\u0442\u0435 \u0438 185 \u043b.\u0441. \u0432 \u043d\u0435\u043f\u0440\u0435\u0440\u044b\u0432\u043d\u043e\u043c \u0440\u0435\u0436\u0438\u043c\u0435. \u0421\u043d\u0438\u0436\u0435\u043d\u0438\u0435 \u0432\u0435\u0441\u0430 \u0438 \u043c\u043e\u0449\u043d\u043e\u0441\u0442\u0438 \u043e\u0431\u0435\u0441\u043f\u0435\u0447\u0438\u0432\u0430\u044e\u0442 \u0432\u044b\u0441\u043e\u043a\u0443\u044e \u043f\u0440\u043e\u0438\u0437\u0432\u043e\u0434\u0438\u0442\u0435\u043b\u044c\u043d\u043e\u0441\u0442\u044c \u0438 \u0443\u0432\u0435\u043b\u0438\u0447\u0438\u0432\u0430\u044e\u0442 \u043c\u0435\u0436\u0440\u0435\u043c\u043e\u043d\u0442\u043d\u044b\u0439 \u043f\u0435\u0440\u0438\u043e\u0434 (TBO) \u0434\u043e 2400 \u0447\u0430\u0441\u043e\u0432. R44 Cadet \u043e\u0441\u043d\u0430\u0449\u0451\u043d \u043d\u043e\u0432\u044b\u043c \u0433\u043b\u0443\u0448\u0438\u0442\u0435\u043b\u0435\u043c, \u0447\u0442\u043e \u043e\u0431\u0435\u0441\u043f\u0435\u0447\u0438\u0432\u0430\u0435\u0442 \u0448\u0443\u043c\u043e\u043f\u043e\u0434\u0430\u0432\u043b\u0435\u043d\u0438\u0435 \u043b\u0443\u0447\u0448\u0435\u0435, \u0447\u0435\u043c \u0443 Raven I. \u0422\u0430\u043a\u0436\u0435 \u0432\u043e\u0437\u043c\u043e\u0436\u043d\u0430 \u043a\u043e\u043c\u043f\u043b\u0435\u043a\u0442\u0430\u0446\u0438\u044f \u043a\u043e\u043d\u0434\u0438\u0446\u0438\u043e\u043d\u0435\u0440\u043e\u043c, \u0430\u0432\u0442\u043e\u043f\u0438\u043b\u043e\u0442\u043e\u043c, \u0430\u0432\u0438\u043e\u043d\u0438\u043a\u043e\u0439 \u0434\u043b\u044f \u043e\u0431\u0443\u0447\u0435\u043d\u0438\u044f \u0440\u0435\u0439\u0442\u0438\u043d\u0433\u0430\u043c VFR \u0438 IFR.<\/span> <a href=\"https:\/\/helipoland.com\/wp-content\/uploads\/2019\/10\/cadet_brochure.pdf\"><span style=\"text-decoration: underline; color: #000080;\"><strong>\u0421\u043a\u0430\u0447\u0430\u0442\u044c \u0431\u0440\u043e\u0448\u044e\u0440\u0443.<\/strong><\/span><\/a><\/p>\n<h3 style=\"text-align: center;\"><span style=\"text-decoration: underline; color: #333399;\"><strong><a style=\"color: #333399; text-decoration: underline;\" href=\"https:\/\/robinsonheli-configurator.com\/rhc\/hID\/R44-CDT\" target=\"_blank\" rel=\"noopener noreferrer\">\u041a\u041e\u041d\u0424\u0418\u0413\u0423\u0420\u0410\u0426\u0418\u042f<\/a><\/strong><\/span><\/h3>\n<p style=\"text-align: justify;\"><\/div> <div class=\"ezcol ezcol-two-third ezcol-last\"><div id=\"metaslider-id-2355\" style=\"max-width: 800px; margin: 0 auto;\" class=\"ml-slider-3-97-0 metaslider metaslider-flex metaslider-2355 ml-slider ms-theme-default nav-hidden nav-hidden nav-hidden\" role=\"region\" aria-roledescription=\"Slideshow\" aria-label=\"R 44 Cadet\" data-width=\"800\">\n    <div id=\"metaslider_container_2355\">\n        <div id=\"metaslider_2355\">\n            <ul class='slides'>\n                <li style=\"display: block; width: 100%;\" class=\"slide-2356 ms-image \" aria-roledescription=\"slide\" aria-label=\"slide-2356\" data-date=\"2016-02-21 18:53:07\"><img loading=\"lazy\" decoding=\"async\" src=\"https:\/\/helipoland.com\/wp-content\/uploads\/2016\/02\/p_0001-691x432.jpg\" height=\"500\" width=\"800\" alt=\"R 44 Cadet Helipoland.com\" class=\"slider-2355 slide-2356\" \/><\/li>\n                <li style=\"display: none; width: 100%;\" class=\"slide-2357 ms-image \" aria-roledescription=\"slide\" aria-label=\"slide-2357\" data-date=\"2016-02-21 18:53:38\"><img loading=\"lazy\" decoding=\"async\" src=\"https:\/\/helipoland.com\/wp-content\/uploads\/2016\/02\/p_0002-691x432.jpg\" height=\"500\" width=\"800\" alt=\"R 44 Cadet Helipoland.com\" class=\"slider-2355 slide-2357\" \/><\/li>\n                <li style=\"display: none; width: 100%;\" class=\"slide-2358 ms-image \" aria-roledescription=\"slide\" aria-label=\"slide-2358\" data-date=\"2016-02-21 18:53:53\"><img loading=\"lazy\" decoding=\"async\" src=\"https:\/\/helipoland.com\/wp-content\/uploads\/2016\/02\/p_0003-691x432.jpg\" height=\"500\" width=\"800\" alt=\"R 44 Cadet Helipoland.com\" class=\"slider-2355 slide-2358\" \/><\/li>\n                <li style=\"display: none; width: 100%;\" class=\"slide-2359 ms-image \" aria-roledescription=\"slide\" aria-label=\"slide-2359\" data-date=\"2016-02-21 18:54:07\"><img loading=\"lazy\" decoding=\"async\" src=\"https:\/\/helipoland.com\/wp-content\/uploads\/2016\/02\/p_0004-691x432.jpg\" height=\"500\" width=\"800\" alt=\"R 44 Cadet Helipoland.com\" class=\"slider-2355 slide-2359\" \/><\/li>\n                <li style=\"display: none; width: 100%;\" class=\"slide-2360 ms-image \" aria-roledescription=\"slide\" aria-label=\"slide-2360\" data-date=\"2016-02-21 18:54:18\"><img loading=\"lazy\" decoding=\"async\" src=\"https:\/\/helipoland.com\/wp-content\/uploads\/2016\/02\/p_0006-691x432.jpg\" height=\"500\" width=\"800\" alt=\"R 44 Cadet Helipoland.com\" class=\"slider-2355 slide-2360\" \/><\/li>\n            <\/ul>\n        <\/div>\n        \n    <\/div>\n<\/div>\n<h3 style=\"text-align: center;\"><span style=\"text-decoration: underline; color: #333399;\"><strong><a style=\"color: #333399; text-decoration: underline;\" href=\"https:\/\/robinsonheli.com\/r44-cadet-helicopters\/\" target=\"_blank\" rel=\"noopener noreferrer\">\u0421\u0410\u0419\u0422 \u041f\u0420\u041e\u0418\u0417\u0412\u041e\u0414\u0418\u0422\u0415\u041b\u042f<\/a><\/strong><\/span><\/h3>\n<p style=\"text-align: justify;\"><\/div><div class=\"ezcol-divider\"><\/div>\n<p><img loading=\"lazy\" decoding=\"async\" class=\"aligncenter wp-image-993\" src=\"http:\/\/helipoland.com\/wp-content\/uploads\/2015\/09\/R44-ENG-1024x595.jpg\" alt=\"R44 ENG\" width=\"800\" height=\"465\" srcset=\"https:\/\/helipoland.com\/wp-content\/uploads\/2015\/09\/R44-ENG-1024x595.jpg 1024w, https:\/\/helipoland.com\/wp-content\/uploads\/2015\/09\/R44-ENG-300x174.jpg 300w, https:\/\/helipoland.com\/wp-content\/uploads\/2015\/09\/R44-ENG.jpg 1500w\" sizes=\"auto, (max-width: 800px) 100vw, 800px\" \/><\/p>\n<p><img loading=\"lazy\" decoding=\"async\" class=\"alignnone size-full wp-image-4156\" src=\"https:\/\/helipoland.com\/wp-content\/uploads\/2019\/11\/R-44-Cadet-2.jpg\" alt=\"\" width=\"1500\" height=\"750\" srcset=\"https:\/\/helipoland.com\/wp-content\/uploads\/2019\/11\/R-44-Cadet-2.jpg 1500w, https:\/\/helipoland.com\/wp-content\/uploads\/2019\/11\/R-44-Cadet-2-300x150.jpg 300w, https:\/\/helipoland.com\/wp-content\/uploads\/2019\/11\/R-44-Cadet-2-768x384.jpg 768w, https:\/\/helipoland.com\/wp-content\/uploads\/2019\/11\/R-44-Cadet-2-1024x512.jpg 1024w, https:\/\/helipoland.com\/wp-content\/uploads\/2019\/11\/R-44-Cadet-2-600x300.jpg 600w\" sizes=\"auto, (max-width: 1500px) 100vw, 1500px\" \/><\/p>\n<div id='gallery-3' class='gallery galleryid-2242 gallery-columns-2 gallery-size-full'><figure class='gallery-item'>\n\t\t\t<div class='gallery-icon landscape'>\n\t\t\t\t<img loading=\"lazy\" decoding=\"async\" width=\"1100\" height=\"734\" src=\"https:\/\/helipoland.com\/wp-content\/uploads\/2019\/11\/R-44-Cadet-1.jpg\" class=\"attachment-full size-full\" alt=\"\" srcset=\"https:\/\/helipoland.com\/wp-content\/uploads\/2019\/11\/R-44-Cadet-1.jpg 1100w, https:\/\/helipoland.com\/wp-content\/uploads\/2019\/11\/R-44-Cadet-1-300x200.jpg 300w, https:\/\/helipoland.com\/wp-content\/uploads\/2019\/11\/R-44-Cadet-1-768x512.jpg 768w, https:\/\/helipoland.com\/wp-content\/uploads\/2019\/11\/R-44-Cadet-1-1024x683.jpg 1024w, https:\/\/helipoland.com\/wp-content\/uploads\/2019\/11\/R-44-Cadet-1-600x400.jpg 600w, https:\/\/helipoland.com\/wp-content\/uploads\/2019\/11\/R-44-Cadet-1-272x182.jpg 272w\" sizes=\"auto, (max-width: 1100px) 100vw, 1100px\" \/>\n\t\t\t<\/div><\/figure><figure class='gallery-item'>\n\t\t\t<div class='gallery-icon landscape'>\n\t\t\t\t<img loading=\"lazy\" decoding=\"async\" width=\"1100\" height=\"733\" src=\"https:\/\/helipoland.com\/wp-content\/uploads\/2019\/11\/R-44-Cadet-4.jpg\" class=\"attachment-full size-full\" alt=\"\" srcset=\"https:\/\/helipoland.com\/wp-content\/uploads\/2019\/11\/R-44-Cadet-4.jpg 1100w, https:\/\/helipoland.com\/wp-content\/uploads\/2019\/11\/R-44-Cadet-4-300x200.jpg 300w, https:\/\/helipoland.com\/wp-content\/uploads\/2019\/11\/R-44-Cadet-4-768x512.jpg 768w, https:\/\/helipoland.com\/wp-content\/uploads\/2019\/11\/R-44-Cadet-4-1024x682.jpg 1024w, https:\/\/helipoland.com\/wp-content\/uploads\/2019\/11\/R-44-Cadet-4-600x400.jpg 600w, https:\/\/helipoland.com\/wp-content\/uploads\/2019\/11\/R-44-Cadet-4-272x182.jpg 272w\" sizes=\"auto, (max-width: 1100px) 100vw, 1100px\" \/>\n\t\t\t<\/div><\/figure>\n\t\t<\/div>\n\n<p><img loading=\"lazy\" decoding=\"async\" class=\"alignnone size-full wp-image-4157\" src=\"https:\/\/helipoland.com\/wp-content\/uploads\/2019\/11\/R-44-Cadet-3.jpg\" alt=\"\" width=\"1500\" height=\"750\" srcset=\"https:\/\/helipoland.com\/wp-content\/uploads\/2019\/11\/R-44-Cadet-3.jpg 1500w, https:\/\/helipoland.com\/wp-content\/uploads\/2019\/11\/R-44-Cadet-3-300x150.jpg 300w, https:\/\/helipoland.com\/wp-content\/uploads\/2019\/11\/R-44-Cadet-3-768x384.jpg 768w, https:\/\/helipoland.com\/wp-content\/uploads\/2019\/11\/R-44-Cadet-3-1024x512.jpg 1024w, https:\/\/helipoland.com\/wp-content\/uploads\/2019\/11\/R-44-Cadet-3-600x300.jpg 600w\" sizes=\"auto, (max-width: 1500px) 100vw, 1500px\" \/>","protected":false},"excerpt":{"rendered":"","protected":false},"author":1,"featured_media":0,"parent":939,"menu_order":0,"comment_status":"closed","ping_status":"closed","template":"template-fullwidth-with-form.php","meta":{"_acf_changed":false,"footnotes":""},"class_list":["post-2242","page","type-page","status-publish","hentry"],"acf":[],"yoast_head":"<!-- This site is optimized with the Yoast SEO plugin v24.8.1 - https:\/\/yoast.com\/wordpress\/plugins\/seo\/ -->\n<title>R 44 Cadet<\/title>\n<meta name=\"description\" content=\"R 44 Cadet\" \/>\n<meta name=\"robots\" content=\"index, follow, max-snippet:-1, max-image-preview:large, max-video-preview:-1\" \/>\n<link rel=\"canonical\" href=\"https:\/\/helipoland.com\/sprzedaz-helikopterow-smiglowcow\/helikoptery-robinson\/r-44-cadet\/\" \/>\n<meta property=\"og:locale\" content=\"ru_RU\" \/>\n<meta property=\"og:type\" content=\"article\" \/>\n<meta property=\"og:title\" content=\"[:pl]R 44 Cadet[:]\" \/>\n<meta property=\"og:description\" content=\"{:pl}R 44 Cadet{:}\" \/>\n<meta property=\"og:url\" content=\"https:\/\/helipoland.com\/sprzedaz-helikopterow-smiglowcow\/helikoptery-robinson\/r-44-cadet\/\" \/>\n<meta property=\"og:site_name\" content=\"Helipoland.com\" \/>\n<meta property=\"article:modified_time\" content=\"2023-07-13T10:07:32+00:00\" \/>\n<meta property=\"og:image\" content=\"https:\/\/helipoland.com\/wp-content\/uploads\/2019\/11\/R-44-Cadet-1.jpg\" \/>\n<meta name=\"twitter:label1\" content=\"\u041f\u0440\u0438\u043c\u0435\u0440\u043d\u043e\u0435 \u0432\u0440\u0435\u043c\u044f \u0434\u043b\u044f \u0447\u0442\u0435\u043d\u0438\u044f\" \/>\n\t<meta name=\"twitter:data1\" content=\"2 \u043c\u0438\u043d\u0443\u0442\u044b\" \/>\n<script type=\"application\/ld+json\" class=\"yoast-schema-graph\">{\"@context\":\"https:\/\/schema.org\",\"@graph\":[{\"@type\":\"WebPage\",\"@id\":\"https:\/\/helipoland.com\/sprzedaz-helikopterow-smiglowcow\/helikoptery-robinson\/r-44-cadet\/\",\"url\":\"https:\/\/helipoland.com\/sprzedaz-helikopterow-smiglowcow\/helikoptery-robinson\/r-44-cadet\/\",\"name\":\"[:pl]R 44 Cadet[:]\",\"isPartOf\":{\"@id\":\"https:\/\/helipoland.com\/pl\/#website\"},\"primaryImageOfPage\":{\"@id\":\"https:\/\/helipoland.com\/sprzedaz-helikopterow-smiglowcow\/helikoptery-robinson\/r-44-cadet\/#primaryimage\"},\"image\":{\"@id\":\"https:\/\/helipoland.com\/sprzedaz-helikopterow-smiglowcow\/helikoptery-robinson\/r-44-cadet\/#primaryimage\"},\"thumbnailUrl\":\"http:\/\/helipoland.com\/wp-content\/uploads\/2015\/09\/R44-PL-1024x595.jpg\",\"datePublished\":\"2016-01-14T01:01:07+00:00\",\"dateModified\":\"2023-07-13T10:07:32+00:00\",\"description\":\"{:pl}R 44 Cadet{:}\",\"breadcrumb\":{\"@id\":\"https:\/\/helipoland.com\/sprzedaz-helikopterow-smiglowcow\/helikoptery-robinson\/r-44-cadet\/#breadcrumb\"},\"inLanguage\":\"ru-RU\",\"potentialAction\":[{\"@type\":\"ReadAction\",\"target\":[\"https:\/\/helipoland.com\/sprzedaz-helikopterow-smiglowcow\/helikoptery-robinson\/r-44-cadet\/\"]}]},{\"@type\":\"ImageObject\",\"inLanguage\":\"ru-RU\",\"@id\":\"https:\/\/helipoland.com\/sprzedaz-helikopterow-smiglowcow\/helikoptery-robinson\/r-44-cadet\/#primaryimage\",\"url\":\"http:\/\/helipoland.com\/wp-content\/uploads\/2015\/09\/R44-PL-1024x595.jpg\",\"contentUrl\":\"http:\/\/helipoland.com\/wp-content\/uploads\/2015\/09\/R44-PL-1024x595.jpg\"},{\"@type\":\"BreadcrumbList\",\"@id\":\"https:\/\/helipoland.com\/sprzedaz-helikopterow-smiglowcow\/helikoptery-robinson\/r-44-cadet\/#breadcrumb\",\"itemListElement\":[{\"@type\":\"ListItem\",\"position\":1,\"name\":\"Helipoland.com\",\"item\":\"https:\/\/helipoland.com\/pl\/\"},{\"@type\":\"ListItem\",\"position\":2,\"name\":\"Sprzeda\u017c nowych i u\u017cywanych \u015bmig\u0142owc\u00f3w (helikopter\u00f3w), akcesoria, l\u0105dowiska\",\"item\":\"https:\/\/helipoland.com\/sprzedaz-helikopterow-smiglowcow\/\"},{\"@type\":\"ListItem\",\"position\":3,\"name\":\"Nowe \u015bmig\u0142owce Robinson\",\"item\":\"https:\/\/helipoland.com\/sprzedaz-helikopterow-smiglowcow\/helikoptery-robinson\/\"},{\"@type\":\"ListItem\",\"position\":4,\"name\":\"R 44 Cadet\"}]},{\"@type\":\"WebSite\",\"@id\":\"https:\/\/helipoland.com\/pl\/#website\",\"url\":\"https:\/\/helipoland.com\/pl\/\",\"name\":\"Helipoland.com\",\"description\":\"\u041f\u043e\u043b\u0435\u0442\u044b \u043d\u0430 \u0432\u0435\u0440\u0442\u043e\u043b\u0435\u0442\u0435, \u043b\u0435\u0442\u043d\u0430\u044f \u0448\u043a\u043e\u043b\u0430, \u043e\u0431\u0441\u043b\u0443\u0436\u0438\u0432\u0430\u043d\u0438\u0435 \u0432\u0435\u0440\u0442\u043e\u043b\u0435\u0442\u043e\u0432, \u0432\u0435\u0440\u0442\u043e\u043b\u0435\u0442\u044b\",\"potentialAction\":[{\"@type\":\"SearchAction\",\"target\":{\"@type\":\"EntryPoint\",\"urlTemplate\":\"https:\/\/helipoland.com\/pl\/?s={search_term_string}\"},\"query-input\":{\"@type\":\"PropertyValueSpecification\",\"valueRequired\":true,\"valueName\":\"search_term_string\"}}],\"inLanguage\":\"ru-RU\"}]}<\/script>\n<!-- \/ Yoast SEO plugin. -->","yoast_head_json":{"title":"R 44 Cadet","description":"R 44 Cadet","robots":{"index":"index","follow":"follow","max-snippet":"max-snippet:-1","max-image-preview":"max-image-preview:large","max-video-preview":"max-video-preview:-1"},"canonical":"https:\/\/helipoland.com\/sprzedaz-helikopterow-smiglowcow\/helikoptery-robinson\/r-44-cadet\/","og_locale":"ru_RU","og_type":"article","og_title":"[:pl]R 44 Cadet[:]","og_description":"{:pl}R 44 Cadet{:}","og_url":"https:\/\/helipoland.com\/sprzedaz-helikopterow-smiglowcow\/helikoptery-robinson\/r-44-cadet\/","og_site_name":"Helipoland.com","article_modified_time":"2023-07-13T10:07:32+00:00","og_image":[{"url":"https:\/\/helipoland.com\/wp-content\/uploads\/2019\/11\/R-44-Cadet-1.jpg","type":"","width":"","height":""}],"twitter_misc":{"\u041f\u0440\u0438\u043c\u0435\u0440\u043d\u043e\u0435 \u0432\u0440\u0435\u043c\u044f \u0434\u043b\u044f \u0447\u0442\u0435\u043d\u0438\u044f":"2 \u043c\u0438\u043d\u0443\u0442\u044b"},"schema":{"@context":"https:\/\/schema.org","@graph":[{"@type":"WebPage","@id":"https:\/\/helipoland.com\/sprzedaz-helikopterow-smiglowcow\/helikoptery-robinson\/r-44-cadet\/","url":"https:\/\/helipoland.com\/sprzedaz-helikopterow-smiglowcow\/helikoptery-robinson\/r-44-cadet\/","name":"[:pl]R 44 Cadet[:]","isPartOf":{"@id":"https:\/\/helipoland.com\/pl\/#website"},"primaryImageOfPage":{"@id":"https:\/\/helipoland.com\/sprzedaz-helikopterow-smiglowcow\/helikoptery-robinson\/r-44-cadet\/#primaryimage"},"image":{"@id":"https:\/\/helipoland.com\/sprzedaz-helikopterow-smiglowcow\/helikoptery-robinson\/r-44-cadet\/#primaryimage"},"thumbnailUrl":"http:\/\/helipoland.com\/wp-content\/uploads\/2015\/09\/R44-PL-1024x595.jpg","datePublished":"2016-01-14T01:01:07+00:00","dateModified":"2023-07-13T10:07:32+00:00","description":"{:pl}R 44 Cadet{:}","breadcrumb":{"@id":"https:\/\/helipoland.com\/sprzedaz-helikopterow-smiglowcow\/helikoptery-robinson\/r-44-cadet\/#breadcrumb"},"inLanguage":"ru-RU","potentialAction":[{"@type":"ReadAction","target":["https:\/\/helipoland.com\/sprzedaz-helikopterow-smiglowcow\/helikoptery-robinson\/r-44-cadet\/"]}]},{"@type":"ImageObject","inLanguage":"ru-RU","@id":"https:\/\/helipoland.com\/sprzedaz-helikopterow-smiglowcow\/helikoptery-robinson\/r-44-cadet\/#primaryimage","url":"http:\/\/helipoland.com\/wp-content\/uploads\/2015\/09\/R44-PL-1024x595.jpg","contentUrl":"http:\/\/helipoland.com\/wp-content\/uploads\/2015\/09\/R44-PL-1024x595.jpg"},{"@type":"BreadcrumbList","@id":"https:\/\/helipoland.com\/sprzedaz-helikopterow-smiglowcow\/helikoptery-robinson\/r-44-cadet\/#breadcrumb","itemListElement":[{"@type":"ListItem","position":1,"name":"Helipoland.com","item":"https:\/\/helipoland.com\/pl\/"},{"@type":"ListItem","position":2,"name":"Sprzeda\u017c nowych i u\u017cywanych \u015bmig\u0142owc\u00f3w (helikopter\u00f3w), akcesoria, l\u0105dowiska","item":"https:\/\/helipoland.com\/sprzedaz-helikopterow-smiglowcow\/"},{"@type":"ListItem","position":3,"name":"Nowe \u015bmig\u0142owce Robinson","item":"https:\/\/helipoland.com\/sprzedaz-helikopterow-smiglowcow\/helikoptery-robinson\/"},{"@type":"ListItem","position":4,"name":"R 44 Cadet"}]},{"@type":"WebSite","@id":"https:\/\/helipoland.com\/pl\/#website","url":"https:\/\/helipoland.com\/pl\/","name":"Helipoland.com","description":"\u041f\u043e\u043b\u0435\u0442\u044b \u043d\u0430 \u0432\u0435\u0440\u0442\u043e\u043b\u0435\u0442\u0435, \u043b\u0435\u0442\u043d\u0430\u044f \u0448\u043a\u043e\u043b\u0430, \u043e\u0431\u0441\u043b\u0443\u0436\u0438\u0432\u0430\u043d\u0438\u0435 \u0432\u0435\u0440\u0442\u043e\u043b\u0435\u0442\u043e\u0432, \u0432\u0435\u0440\u0442\u043e\u043b\u0435\u0442\u044b","potentialAction":[{"@type":"SearchAction","target":{"@type":"EntryPoint","urlTemplate":"https:\/\/helipoland.com\/pl\/?s={search_term_string}"},"query-input":{"@type":"PropertyValueSpecification","valueRequired":true,"valueName":"search_term_string"}}],"inLanguage":"ru-RU"}]}},"_links":{"self":[{"href":"https:\/\/helipoland.com\/ru\/wp-json\/wp\/v2\/pages\/2242","targetHints":{"allow":["GET"]}}],"collection":[{"href":"https:\/\/helipoland.com\/ru\/wp-json\/wp\/v2\/pages"}],"about":[{"href":"https:\/\/helipoland.com\/ru\/wp-json\/wp\/v2\/types\/page"}],"author":[{"embeddable":true,"href":"https:\/\/helipoland.com\/ru\/wp-json\/wp\/v2\/users\/1"}],"replies":[{"embeddable":true,"href":"https:\/\/helipoland.com\/ru\/wp-json\/wp\/v2\/comments?post=2242"}],"version-history":[{"count":24,"href":"https:\/\/helipoland.com\/ru\/wp-json\/wp\/v2\/pages\/2242\/revisions"}],"predecessor-version":[{"id":5880,"href":"https:\/\/helipoland.com\/ru\/wp-json\/wp\/v2\/pages\/2242\/revisions\/5880"}],"up":[{"embeddable":true,"href":"https:\/\/helipoland.com\/ru\/wp-json\/wp\/v2\/pages\/939"}],"wp:attachment":[{"href":"https:\/\/helipoland.com\/ru\/wp-json\/wp\/v2\/media?parent=2242"}],"curies":[{"name":"wp","href":"https:\/\/api.w.org\/{rel}","templated":true}]}}