{"id":2588,"date":"2016-04-04T12:16:14","date_gmt":"2016-04-04T12:16:14","guid":{"rendered":"http:\/\/helipoland.com\/?page_id=2588"},"modified":"2023-01-17T11:52:13","modified_gmt":"2023-01-17T11:52:13","slug":"ladowiska","status":"publish","type":"page","link":"https:\/\/helipoland.com\/ru\/sprzedaz-helikopterow-smiglowcow\/ladowiska\/","title":{"rendered":"\u0412\u0435\u0440\u0442\u043e\u043b\u0451\u0442\u043d\u044b\u0435 \u043f\u043b\u043e\u0449\u0430\u0434\u043a\u0438"},"content":{"rendered":"<p style=\"text-align: justify;\"><div class=\"ezcol ezcol-one-half\">\u041a\u043e\u043c\u043f\u0430\u043d\u0438\u044f Helipoland \u043f\u0440\u0435\u0434\u043e\u0441\u0442\u0430\u0432\u043b\u044f\u0435\u0442 \u043a\u043e\u043c\u043f\u043b\u0435\u043a\u0441\u043d\u044b\u0435 \u0443\u0441\u043b\u0443\u0433\u0438 \u043f\u043e \u0441\u043e\u0437\u0434\u0430\u043d\u0438\u044e \u043d\u043e\u0432\u044b\u0445 \u043f\u043e\u0441\u0430\u0434\u043e\u0447\u043d\u044b\u0445 \u043f\u043b\u043e\u0449\u0430\u0434\u043e\u043a \u0438 \u0438\u0445 \u0440\u0435\u0433\u0438\u0441\u0442\u0440\u0430\u0446\u0438\u0438. \u0412 \u0437\u0430\u0432\u0438\u0441\u0438\u043c\u043e\u0441\u0442\u0438 \u043e\u0442 \u043f\u043e\u0442\u0440\u0435\u0431\u043d\u043e\u0441\u0442\u0435\u0439 \u043a\u043b\u0438\u0435\u043d\u0442\u0430, \u043c\u044b \u043c\u043e\u0436\u0435\u043c \u0432\u0437\u044f\u0442\u044c \u043d\u0430 \u0441\u0435\u0431\u044f \u0432\u0441\u0435 \u0444\u043e\u0440\u043c\u0430\u043b\u044c\u043d\u043e\u0441\u0442\u0438, \u043d\u0430\u0447\u0438\u043d\u0430\u044f \u043e\u0442 \u043e\u043f\u0440\u0435\u0434\u0435\u043b\u0435\u043d\u0438\u044f \u043c\u0435\u0441\u0442\u0430, \u0433\u0434\u0435 \u0432\u044b \u0445\u043e\u0442\u0438\u0442\u0435 \u0441\u043e\u0437\u0434\u0430\u0442\u044c \u043f\u043e\u0441\u0430\u0434\u043e\u0447\u043d\u0443\u044e \u043f\u043b\u043e\u0449\u0430\u0434\u043a\u0443, \u043f\u043e\u043b\u0443\u0447\u0435\u043d\u0438\u044f \u0441\u043e\u0433\u043b\u0430\u0441\u043e\u0432\u0430\u043d\u0438\u0439 \u043e\u0442 \u0441\u043e\u043e\u0442\u0432\u0435\u0442\u0441\u0442\u0432\u0443\u044e\u0449\u0438\u0445 \u043e\u0440\u0433\u0430\u043d\u043e\u0432, \u0434\u043e \u0432\u043d\u0435\u0441\u0435\u043d\u0438\u044f \u0432 \u0440\u0435\u0435\u0441\u0442\u0440 \u0432\u0435\u0440\u0442\u043e\u043b\u0435\u0442\u043d\u044b\u0445 \u043f\u043b\u043e\u0449\u0430\u0434\u043e\u043a. \u041c\u044b \u043f\u0440\u0435\u0434\u043b\u0430\u0433\u0430\u0435\u043c \u043f\u043e\u043c\u043e\u0449\u044c \u0438 \u043a\u043e\u043d\u0441\u0443\u043b\u044c\u0442\u0430\u0446\u0438\u0438, \u043e\u0441\u043d\u043e\u0432\u0430\u043d\u043d\u044b\u0435 \u043d\u0430 \u043d\u0430\u0448\u0435\u043c \u0431\u043e\u043b\u044c\u0448\u043e\u043c \u043e\u043f\u044b\u0442\u0435.<\/p>\n<p><strong>\u041a\u0430\u043a\u043e\u0432\u044b \u0442\u0440\u0435\u0431\u043e\u0432\u0430\u043d\u0438\u044f \u043a \u0440\u0435\u0433\u0438\u0441\u0442\u0440\u0430\u0446\u0438\u0438 \u0432\u0435\u0440\u0442\u043e\u043b\u0451\u0442\u043d\u044b\u0445 \u043f\u043b\u043e\u0449\u0430\u0434\u043e\u043a?<\/strong><\/p>\n<p>\u0421\u043e\u0433\u043b\u0430\u0441\u043d\u043e \u0441\u0442. 93 \u043f\u0443\u043d\u043a\u0442 2 \u0417\u0430\u043a\u043e\u043d\u0430 \u043e\u0431 \u0430\u0432\u0438\u0430\u0446\u0438\u0438, \u0432 \u0441\u043e\u043e\u0442\u0432\u0435\u0442\u0441\u0442\u0432\u0438\u0438 \u0441 \u041f\u043e\u0441\u0442\u0430\u043d\u043e\u0432\u043b\u0435\u043d\u0438\u0435\u043c \u041c\u0438\u043d\u0438\u0441\u0442\u0440\u0430 \u0442\u0440\u0430\u043d\u0441\u043f\u043e\u0440\u0442\u0430 (\u0443\u043a\u0430\u0437 795 \u043e\u0442 2013 \u0433.) \u0434\u043b\u044f \u0432\u043d\u0435\u0441\u0435\u043d\u0438\u044f \u0437\u0430\u043f\u0438\u0441\u0438 \u0432 \u0440\u0435\u0435\u0441\u0442\u0440 \u043f\u043e\u0441\u0430\u0434\u043e\u0447\u043d\u044b\u0445 \u043f\u043b\u043e\u0449\u0430\u0434\u043e\u043a \u043d\u0435\u043e\u0431\u0445\u043e\u0434\u0438\u043c\u043e \u043f\u0440\u0435\u0434\u043e\u0441\u0442\u0430\u0432\u0438\u0442\u044c \u0441\u043b\u0435\u0434\u0443\u044e\u0449\u0438\u0435 \u0434\u043e\u043a\u0443\u043c\u0435\u043d\u0442\u044b:<\/p>\n<p style=\"text-align: justify;\"><\/div> <div class=\"ezcol ezcol-one-half ezcol-last\"><div id=\"metaslider-id-2569\" style=\"max-width: 800px; margin: 0 auto;\" class=\"ml-slider-3-97-0 metaslider metaslider-flex metaslider-2569 ml-slider ms-theme-default nav-hidden nav-hidden nav-hidden\" role=\"region\" aria-roledescription=\"Slideshow\" aria-label=\"L\u0105dowiska\" data-width=\"800\">\n    <div id=\"metaslider_container_2569\">\n        <div id=\"metaslider_2569\">\n            <ul class='slides'>\n                <li style=\"display: block; width: 100%;\" class=\"slide-2592 ms-image \" aria-roledescription=\"slide\" aria-label=\"slide-2592\" data-date=\"2016-03-27 09:03:51\"><img loading=\"lazy\" decoding=\"async\" src=\"https:\/\/helipoland.com\/wp-content\/uploads\/2016\/03\/L\u0105dowisko-Polinar-Zmek-min-800x500.jpg\" height=\"500\" width=\"800\" alt=\"rejestracja i zak\u0142adanie l\u0105dowiska\" class=\"slider-2569 slide-2592\" \/><\/li>\n                <li style=\"display: none; width: 100%;\" class=\"slide-2594 ms-image \" aria-roledescription=\"slide\" aria-label=\"slide-2594\" data-date=\"2016-03-27 09:04:09\"><img loading=\"lazy\" decoding=\"async\" src=\"https:\/\/helipoland.com\/wp-content\/uploads\/2016\/03\/L\u0105dowisko-So\u0142owow-Kielce-min-800x500.jpg\" height=\"500\" width=\"800\" alt=\"zak\u0142adanie l\u0105dowiska\" class=\"slider-2569 slide-2594\" \/><\/li>\n                <li style=\"display: none; width: 100%;\" class=\"slide-3161 ms-image \" aria-roledescription=\"slide\" aria-label=\"slide-3161\" data-date=\"2017-02-11 17:29:36\"><img loading=\"lazy\" decoding=\"async\" src=\"https:\/\/helipoland.com\/wp-content\/uploads\/2017\/02\/IMG_2750-800x500.jpg\" height=\"500\" width=\"800\" alt=\"L\u0105dowiska helipoland\" class=\"slider-2569 slide-3161\" \/><\/li>\n                <li style=\"display: none; width: 100%;\" class=\"slide-2593 ms-image \" aria-roledescription=\"slide\" aria-label=\"slide-2593\" data-date=\"2016-03-27 09:03:59\"><img loading=\"lazy\" decoding=\"async\" src=\"https:\/\/helipoland.com\/wp-content\/uploads\/2016\/03\/L\u0105dowisko-Rybarzowice-min-800x500.jpg\" height=\"500\" width=\"800\" alt=\"rejestracja l\u0105dowiska\" class=\"slider-2569 slide-2593\" \/><\/li>\n                <li style=\"display: none; width: 100%;\" class=\"slide-2591 ms-image \" aria-roledescription=\"slide\" aria-label=\"slide-2591\" data-date=\"2016-03-27 09:03:46\"><img loading=\"lazy\" decoding=\"async\" src=\"https:\/\/helipoland.com\/wp-content\/uploads\/2016\/03\/L\u0105dowiska-Polinar-D\u0105bie-min-800x500.jpg\" height=\"500\" width=\"800\" alt=\"wpis do ewidencji l\u0105dowiska\" class=\"slider-2569 slide-2591\" \/><\/li>\n            <\/ul>\n        <\/div>\n        \n    <\/div>\n<\/div><\/div><div class=\"ezcol-divider\"><\/div>\n<p>&#8212; \u0441\u043e\u0433\u043b\u0430\u0441\u0438\u0435 \u0441\u043e\u0431\u0441\u0442\u0432\u0435\u043d\u043d\u0438\u043a\u0430 \u0437\u0435\u043c\u0435\u043b\u044c\u043d\u043e\u0433\u043e \u0443\u0447\u0430\u0441\u0442\u043a\u0430, \u043d\u0430 \u043a\u043e\u0442\u043e\u0440\u043e\u043c \u0431\u0443\u0434\u0435\u0442 \u043d\u0430\u0445\u043e\u0434\u0438\u0442\u044c\u0441\u044f \u043f\u043b\u043e\u0449\u0430\u0434\u043a\u0430, \u0430 \u0442\u0430\u043a\u0436\u0435 \u0432\u044b\u043f\u0438\u0441\u043a\u0430 \u0438\u0437 \u0437\u0435\u043c\u0435\u043b\u044c\u043d\u043e\u0439 \u043a\u043d\u0438\u0433\u0438 (\u0434\u0435\u0439\u0441\u0442\u0432\u0438\u0442\u0435\u043b\u044c\u043d\u0430 3 \u043c\u0435\u0441\u044f\u0446\u0430) \u043e \u043f\u0440\u0430\u0432\u0435 \u0441\u043e\u0431\u0441\u0442\u0432\u0435\u043d\u043d\u043e\u0441\u0442\u0438 \u043d\u0430 \u0437\u0435\u043c\u043b\u044e, \u043d\u0430 \u043a\u043e\u0442\u043e\u0440\u043e\u043c \u0431\u0443\u0434\u0435\u0442 \u043d\u0430\u0445\u043e\u0434\u0438\u0442\u044c\u0441\u044f \u043f\u043b\u043e\u0449\u0430\u0434\u043a\u0430;<br \/>\n&#8212; \u0441\u043e\u0433\u043b\u0430\u0441\u0438\u0435 \u0430\u044d\u0440\u043e\u043d\u0430\u0432\u0438\u0433\u0430\u0446\u0438\u043e\u043d\u043d\u043e\u0439 \u0441\u043b\u0443\u0436\u0431\u044b \u041f\u043e\u043b\u044c\u0448\u0438 \u0432 \u043e\u0431\u043b\u0430\u0441\u0442\u0438 \u0430\u0432\u0438\u0430\u0446\u0438\u043e\u043d\u043d\u044b\u0445 \u043f\u0440\u043e\u0446\u0435\u0434\u0443\u0440 \u043e \u0441\u043e\u043e\u0442\u0432\u0435\u0442\u0441\u0442\u0432\u0438\u0438 \u043f\u043b\u043e\u0449\u0430\u0434\u043a\u0438 \u0438\u043d\u0441\u0442\u0440\u0443\u043a\u0446\u0438\u044f\u043c \u043f\u043e \u043f\u043e\u0441\u0430\u0434\u043a\u0435,<br \/>\n&#8212; \u0441\u043e\u0433\u043b\u0430\u0441\u0438\u0435 \u043f\u0440\u0435\u0434\u0441\u0442\u0430\u0432\u0438\u0442\u0435\u043b\u044f \u0441\u043e\u043e\u0442\u0432\u0435\u0442\u0441\u0442\u0432\u0443\u044e\u0449\u0435\u0433\u043e \u043c\u0435\u0441\u0442\u043d\u043e\u0433\u043e \u043c\u0443\u043d\u0438\u0446\u0438\u043f\u0430\u043b\u0438\u0442\u0435\u0442\u0430 (\u043d\u0430\u043f\u0440\u0438\u043c\u0435\u0440, \u043f\u0440\u0435\u0437\u0438\u0434\u0435\u043d\u0442\u0430 \u0433\u043e\u0440\u043e\u0434\u0430)<\/p>\n<p><strong><a href=\"https:\/\/helipoland.com\/wp-content\/uploads\/2022\/07\/Wniosek-o-pozytywn\u0105-opini\u0119-dla-l\u0105dowiska.doc\">Download file &#8212; template of the application form for a positive opinion on the landing site foundation.<\/a><\/strong><\/p>\n<p style=\"text-align: justify;\">\u041d\u0430\u0448\u0430 \u043a\u043e\u043c\u043f\u0430\u043d\u0438\u044f \u0437\u0430\u043d\u0438\u043c\u0430\u0435\u0442\u0441\u044f \u0440\u0430\u0437\u0440\u0430\u0431\u043e\u0442\u043a\u043e\u0439 \u0438\u043d\u0441\u0442\u0440\u0443\u043a\u0446\u0438\u0439 \u043f\u043e \u043f\u043e\u0441\u0430\u0434\u043a\u0435 \u0432 \u0441\u043e\u043e\u0442\u0432\u0435\u0442\u0441\u0442\u0432\u0438\u0438 \u0441\u043e \u0432\u0441\u0435\u043c\u0438 \u0442\u0440\u0435\u0431\u043e\u0432\u0430\u043d\u0438\u044f\u043c\u0438 \u0438 \u0443\u0440\u0435\u0433\u0443\u043b\u0438\u0440\u043e\u0432\u0430\u043d\u0438\u0435\u043c \u0432\u0441\u0435\u0445 \u0444\u043e\u0440\u043c\u0430\u043b\u044c\u043d\u043e\u0441\u0442\u0435\u0439 \u0432 \u0430\u044d\u0440\u043e\u043d\u0430\u0432\u0438\u0433\u0430\u0446\u0438\u043e\u043d\u043d\u043e\u0439 \u0441\u043b\u0443\u0436\u0431\u0435 \u041f\u043e\u043b\u044c\u0448\u0438. \u041c\u044b \u043f\u043e\u0434\u0433\u043e\u0442\u0430\u0432\u043b\u0438\u0432\u0430\u0435\u043c \u0432\u0441\u0435 \u0434\u043e\u043a\u0443\u043c\u0435\u043d\u0442\u044b, \u043d\u0435\u043e\u0431\u0445\u043e\u0434\u0438\u043c\u044b\u0435 \u0434\u043b\u044f \u043f\u043e\u043b\u0443\u0447\u0435\u043d\u0438\u044f \u0441\u043e\u0433\u043b\u0430\u0441\u0438\u044f \u043e\u0442 \u043a\u043e\u043c\u043f\u0435\u0442\u0435\u043d\u0442\u043d\u044b\u0445 \u043c\u0435\u0441\u0442\u043d\u044b\u0445 \u043e\u0440\u0433\u0430\u043d\u043e\u0432 \u0432\u043b\u0430\u0441\u0442\u0438, \u0438 \u043f\u043e\u0441\u043b\u0435 \u043e\u0444\u043e\u0440\u043c\u043b\u0435\u043d\u0438\u044f \u0432\u0441\u0435\u0445 \u0432\u044b\u0448\u0435\u043f\u0435\u0440\u0435\u0447\u0438\u0441\u043b\u0435\u043d\u043d\u044b\u0445 \u0434\u043e\u043a\u0443\u043c\u0435\u043d\u0442\u043e\u0432 \u043f\u043e\u0434\u0430\u0435\u043c \u0437\u0430\u044f\u0432\u043a\u0443 \u043e \u0432\u043d\u0435\u0441\u0435\u043d\u0438\u0438 \u0432 \u0440\u0435\u0435\u0441\u0442\u0440 \u0432\u0435\u0440\u0442\u043e\u043b\u0451\u0442\u043d\u043e\u0439 \u043f\u043b\u043e\u0449\u0430\u0434\u043a\u0438 \u0432 \u0423\u043f\u0440\u0430\u0432\u043b\u0435\u043d\u0438\u0435 \u0433\u0440\u0430\u0436\u0434\u0430\u043d\u0441\u043a\u043e\u0439 \u0430\u0432\u0438\u0430\u0446\u0438\u0438.<\/p>\n<p style=\"text-align: justify;\"><img loading=\"lazy\" decoding=\"async\" class=\"aligncenter wp-image-3159 size-full\" src=\"http:\/\/helipoland.com\/wp-content\/uploads\/2016\/04\/noname.png\" alt=\"L\u0105dowiska helipoland\" width=\"1874\" height=\"1258\" srcset=\"https:\/\/helipoland.com\/wp-content\/uploads\/2016\/04\/noname.png 1874w, https:\/\/helipoland.com\/wp-content\/uploads\/2016\/04\/noname-300x201.png 300w, https:\/\/helipoland.com\/wp-content\/uploads\/2016\/04\/noname-768x516.png 768w, https:\/\/helipoland.com\/wp-content\/uploads\/2016\/04\/noname-1024x687.png 1024w, https:\/\/helipoland.com\/wp-content\/uploads\/2016\/04\/noname-600x403.png 600w, https:\/\/helipoland.com\/wp-content\/uploads\/2016\/04\/noname-1800x1208.png 1800w, https:\/\/helipoland.com\/wp-content\/uploads\/2016\/04\/noname-272x182.png 272w\" sizes=\"auto, (max-width: 1874px) 100vw, 1874px\" \/><\/p>","protected":false},"excerpt":{"rendered":"<p>&#8212; \u0441\u043e\u0433\u043b\u0430\u0441\u0438\u0435 \u0441\u043e\u0431\u0441\u0442\u0432\u0435\u043d\u043d\u0438\u043a\u0430 \u0437\u0435\u043c\u0435\u043b\u044c\u043d\u043e\u0433\u043e \u0443\u0447\u0430\u0441\u0442\u043a\u0430, \u043d\u0430 \u043a\u043e\u0442\u043e\u0440\u043e\u043c \u0431\u0443\u0434\u0435\u0442 \u043d\u0430\u0445\u043e\u0434\u0438\u0442\u044c\u0441\u044f \u043f\u043b\u043e\u0449\u0430\u0434\u043a\u0430, \u0430 \u0442\u0430\u043a\u0436\u0435 \u0432\u044b\u043f\u0438\u0441\u043a\u0430 \u0438\u0437 \u0437\u0435\u043c\u0435\u043b\u044c\u043d\u043e\u0439 \u043a\u043d\u0438\u0433\u0438 (\u0434\u0435\u0439\u0441\u0442\u0432\u0438\u0442\u0435\u043b\u044c\u043d\u0430 3 \u043c\u0435\u0441\u044f\u0446\u0430) \u043e[&#8230;..]<\/p>\n","protected":false},"author":1,"featured_media":0,"parent":410,"menu_order":0,"comment_status":"closed","ping_status":"closed","template":"template-fullwidth-with-form.php","meta":{"_acf_changed":false,"footnotes":""},"class_list":["post-2588","page","type-page","status-publish","hentry"],"acf":[],"yoast_head":"<!-- This site is optimized with the Yoast SEO plugin v24.8.1 - https:\/\/yoast.com\/wordpress\/plugins\/seo\/ -->\n<title>\u0412\u0435\u0440\u0442\u043e\u043b\u0451\u0442\u043d\u044b\u0435 \u043f\u043b\u043e\u0449\u0430\u0434\u043a\u0438 - Helipoland.com<\/title>\n<meta name=\"robots\" content=\"index, follow, max-snippet:-1, max-image-preview:large, max-video-preview:-1\" \/>\n<link rel=\"canonical\" href=\"https:\/\/helipoland.com\/sprzedaz-helikopterow-smiglowcow\/ladowiska\/\" \/>\n<meta property=\"og:locale\" content=\"ru_RU\" \/>\n<meta property=\"og:type\" content=\"article\" \/>\n<meta property=\"og:title\" content=\"\u0412\u0435\u0440\u0442\u043e\u043b\u0451\u0442\u043d\u044b\u0435 \u043f\u043b\u043e\u0449\u0430\u0434\u043a\u0438 - Helipoland.com\" \/>\n<meta property=\"og:description\" content=\"&#8212; \u0441\u043e\u0433\u043b\u0430\u0441\u0438\u0435 \u0441\u043e\u0431\u0441\u0442\u0432\u0435\u043d\u043d\u0438\u043a\u0430 \u0437\u0435\u043c\u0435\u043b\u044c\u043d\u043e\u0433\u043e \u0443\u0447\u0430\u0441\u0442\u043a\u0430, \u043d\u0430 \u043a\u043e\u0442\u043e\u0440\u043e\u043c \u0431\u0443\u0434\u0435\u0442 \u043d\u0430\u0445\u043e\u0434\u0438\u0442\u044c\u0441\u044f \u043f\u043b\u043e\u0449\u0430\u0434\u043a\u0430, \u0430 \u0442\u0430\u043a\u0436\u0435 \u0432\u044b\u043f\u0438\u0441\u043a\u0430 \u0438\u0437 \u0437\u0435\u043c\u0435\u043b\u044c\u043d\u043e\u0439 \u043a\u043d\u0438\u0433\u0438 (\u0434\u0435\u0439\u0441\u0442\u0432\u0438\u0442\u0435\u043b\u044c\u043d\u0430 3 \u043c\u0435\u0441\u044f\u0446\u0430) \u043e[.....]\" \/>\n<meta property=\"og:url\" content=\"https:\/\/helipoland.com\/sprzedaz-helikopterow-smiglowcow\/ladowiska\/\" \/>\n<meta property=\"og:site_name\" content=\"Helipoland.com\" \/>\n<meta property=\"article:modified_time\" content=\"2023-01-17T11:52:13+00:00\" \/>\n<meta property=\"og:image\" content=\"http:\/\/helipoland.com\/wp-content\/uploads\/2016\/04\/noname.png\" \/>\n<meta name=\"twitter:label1\" content=\"\u041f\u0440\u0438\u043c\u0435\u0440\u043d\u043e\u0435 \u0432\u0440\u0435\u043c\u044f \u0434\u043b\u044f \u0447\u0442\u0435\u043d\u0438\u044f\" \/>\n\t<meta name=\"twitter:data1\" content=\"3 \u043c\u0438\u043d\u0443\u0442\u044b\" \/>\n<script type=\"application\/ld+json\" class=\"yoast-schema-graph\">{\"@context\":\"https:\/\/schema.org\",\"@graph\":[{\"@type\":\"WebPage\",\"@id\":\"https:\/\/helipoland.com\/sprzedaz-helikopterow-smiglowcow\/ladowiska\/\",\"url\":\"https:\/\/helipoland.com\/sprzedaz-helikopterow-smiglowcow\/ladowiska\/\",\"name\":\"\u0412\u0435\u0440\u0442\u043e\u043b\u0451\u0442\u043d\u044b\u0435 \u043f\u043b\u043e\u0449\u0430\u0434\u043a\u0438 - Helipoland.com\",\"isPartOf\":{\"@id\":\"https:\/\/helipoland.com\/pl\/#website\"},\"primaryImageOfPage\":{\"@id\":\"https:\/\/helipoland.com\/sprzedaz-helikopterow-smiglowcow\/ladowiska\/#primaryimage\"},\"image\":{\"@id\":\"https:\/\/helipoland.com\/sprzedaz-helikopterow-smiglowcow\/ladowiska\/#primaryimage\"},\"thumbnailUrl\":\"http:\/\/helipoland.com\/wp-content\/uploads\/2016\/04\/noname.png\",\"datePublished\":\"2016-04-04T12:16:14+00:00\",\"dateModified\":\"2023-01-17T11:52:13+00:00\",\"breadcrumb\":{\"@id\":\"https:\/\/helipoland.com\/sprzedaz-helikopterow-smiglowcow\/ladowiska\/#breadcrumb\"},\"inLanguage\":\"ru-RU\",\"potentialAction\":[{\"@type\":\"ReadAction\",\"target\":[\"https:\/\/helipoland.com\/sprzedaz-helikopterow-smiglowcow\/ladowiska\/\"]}]},{\"@type\":\"ImageObject\",\"inLanguage\":\"ru-RU\",\"@id\":\"https:\/\/helipoland.com\/sprzedaz-helikopterow-smiglowcow\/ladowiska\/#primaryimage\",\"url\":\"http:\/\/helipoland.com\/wp-content\/uploads\/2016\/04\/noname.png\",\"contentUrl\":\"http:\/\/helipoland.com\/wp-content\/uploads\/2016\/04\/noname.png\"},{\"@type\":\"BreadcrumbList\",\"@id\":\"https:\/\/helipoland.com\/sprzedaz-helikopterow-smiglowcow\/ladowiska\/#breadcrumb\",\"itemListElement\":[{\"@type\":\"ListItem\",\"position\":1,\"name\":\"Helipoland.com\",\"item\":\"https:\/\/helipoland.com\/pl\/\"},{\"@type\":\"ListItem\",\"position\":2,\"name\":\"Sprzeda\u017c nowych i u\u017cywanych \u015bmig\u0142owc\u00f3w (helikopter\u00f3w), akcesoria, l\u0105dowiska\",\"item\":\"https:\/\/helipoland.com\/sprzedaz-helikopterow-smiglowcow\/\"},{\"@type\":\"ListItem\",\"position\":3,\"name\":\"L\u0105dowiska\"}]},{\"@type\":\"WebSite\",\"@id\":\"https:\/\/helipoland.com\/pl\/#website\",\"url\":\"https:\/\/helipoland.com\/pl\/\",\"name\":\"Helipoland.com\",\"description\":\"\u041f\u043e\u043b\u0435\u0442\u044b \u043d\u0430 \u0432\u0435\u0440\u0442\u043e\u043b\u0435\u0442\u0435, \u043b\u0435\u0442\u043d\u0430\u044f \u0448\u043a\u043e\u043b\u0430, \u043e\u0431\u0441\u043b\u0443\u0436\u0438\u0432\u0430\u043d\u0438\u0435 \u0432\u0435\u0440\u0442\u043e\u043b\u0435\u0442\u043e\u0432, \u0432\u0435\u0440\u0442\u043e\u043b\u0435\u0442\u044b\",\"potentialAction\":[{\"@type\":\"SearchAction\",\"target\":{\"@type\":\"EntryPoint\",\"urlTemplate\":\"https:\/\/helipoland.com\/pl\/?s={search_term_string}\"},\"query-input\":{\"@type\":\"PropertyValueSpecification\",\"valueRequired\":true,\"valueName\":\"search_term_string\"}}],\"inLanguage\":\"ru-RU\"}]}<\/script>\n<!-- \/ Yoast SEO plugin. -->","yoast_head_json":{"title":"\u0412\u0435\u0440\u0442\u043e\u043b\u0451\u0442\u043d\u044b\u0435 \u043f\u043b\u043e\u0449\u0430\u0434\u043a\u0438 - Helipoland.com","robots":{"index":"index","follow":"follow","max-snippet":"max-snippet:-1","max-image-preview":"max-image-preview:large","max-video-preview":"max-video-preview:-1"},"canonical":"https:\/\/helipoland.com\/sprzedaz-helikopterow-smiglowcow\/ladowiska\/","og_locale":"ru_RU","og_type":"article","og_title":"\u0412\u0435\u0440\u0442\u043e\u043b\u0451\u0442\u043d\u044b\u0435 \u043f\u043b\u043e\u0449\u0430\u0434\u043a\u0438 - Helipoland.com","og_description":"&#8212; \u0441\u043e\u0433\u043b\u0430\u0441\u0438\u0435 \u0441\u043e\u0431\u0441\u0442\u0432\u0435\u043d\u043d\u0438\u043a\u0430 \u0437\u0435\u043c\u0435\u043b\u044c\u043d\u043e\u0433\u043e \u0443\u0447\u0430\u0441\u0442\u043a\u0430, \u043d\u0430 \u043a\u043e\u0442\u043e\u0440\u043e\u043c \u0431\u0443\u0434\u0435\u0442 \u043d\u0430\u0445\u043e\u0434\u0438\u0442\u044c\u0441\u044f \u043f\u043b\u043e\u0449\u0430\u0434\u043a\u0430, \u0430 \u0442\u0430\u043a\u0436\u0435 \u0432\u044b\u043f\u0438\u0441\u043a\u0430 \u0438\u0437 \u0437\u0435\u043c\u0435\u043b\u044c\u043d\u043e\u0439 \u043a\u043d\u0438\u0433\u0438 (\u0434\u0435\u0439\u0441\u0442\u0432\u0438\u0442\u0435\u043b\u044c\u043d\u0430 3 \u043c\u0435\u0441\u044f\u0446\u0430) \u043e[.....]","og_url":"https:\/\/helipoland.com\/sprzedaz-helikopterow-smiglowcow\/ladowiska\/","og_site_name":"Helipoland.com","article_modified_time":"2023-01-17T11:52:13+00:00","og_image":[{"url":"http:\/\/helipoland.com\/wp-content\/uploads\/2016\/04\/noname.png","type":"","width":"","height":""}],"twitter_misc":{"\u041f\u0440\u0438\u043c\u0435\u0440\u043d\u043e\u0435 \u0432\u0440\u0435\u043c\u044f \u0434\u043b\u044f \u0447\u0442\u0435\u043d\u0438\u044f":"3 \u043c\u0438\u043d\u0443\u0442\u044b"},"schema":{"@context":"https:\/\/schema.org","@graph":[{"@type":"WebPage","@id":"https:\/\/helipoland.com\/sprzedaz-helikopterow-smiglowcow\/ladowiska\/","url":"https:\/\/helipoland.com\/sprzedaz-helikopterow-smiglowcow\/ladowiska\/","name":"\u0412\u0435\u0440\u0442\u043e\u043b\u0451\u0442\u043d\u044b\u0435 \u043f\u043b\u043e\u0449\u0430\u0434\u043a\u0438 - Helipoland.com","isPartOf":{"@id":"https:\/\/helipoland.com\/pl\/#website"},"primaryImageOfPage":{"@id":"https:\/\/helipoland.com\/sprzedaz-helikopterow-smiglowcow\/ladowiska\/#primaryimage"},"image":{"@id":"https:\/\/helipoland.com\/sprzedaz-helikopterow-smiglowcow\/ladowiska\/#primaryimage"},"thumbnailUrl":"http:\/\/helipoland.com\/wp-content\/uploads\/2016\/04\/noname.png","datePublished":"2016-04-04T12:16:14+00:00","dateModified":"2023-01-17T11:52:13+00:00","breadcrumb":{"@id":"https:\/\/helipoland.com\/sprzedaz-helikopterow-smiglowcow\/ladowiska\/#breadcrumb"},"inLanguage":"ru-RU","potentialAction":[{"@type":"ReadAction","target":["https:\/\/helipoland.com\/sprzedaz-helikopterow-smiglowcow\/ladowiska\/"]}]},{"@type":"ImageObject","inLanguage":"ru-RU","@id":"https:\/\/helipoland.com\/sprzedaz-helikopterow-smiglowcow\/ladowiska\/#primaryimage","url":"http:\/\/helipoland.com\/wp-content\/uploads\/2016\/04\/noname.png","contentUrl":"http:\/\/helipoland.com\/wp-content\/uploads\/2016\/04\/noname.png"},{"@type":"BreadcrumbList","@id":"https:\/\/helipoland.com\/sprzedaz-helikopterow-smiglowcow\/ladowiska\/#breadcrumb","itemListElement":[{"@type":"ListItem","position":1,"name":"Helipoland.com","item":"https:\/\/helipoland.com\/pl\/"},{"@type":"ListItem","position":2,"name":"Sprzeda\u017c nowych i u\u017cywanych \u015bmig\u0142owc\u00f3w (helikopter\u00f3w), akcesoria, l\u0105dowiska","item":"https:\/\/helipoland.com\/sprzedaz-helikopterow-smiglowcow\/"},{"@type":"ListItem","position":3,"name":"L\u0105dowiska"}]},{"@type":"WebSite","@id":"https:\/\/helipoland.com\/pl\/#website","url":"https:\/\/helipoland.com\/pl\/","name":"Helipoland.com","description":"\u041f\u043e\u043b\u0435\u0442\u044b \u043d\u0430 \u0432\u0435\u0440\u0442\u043e\u043b\u0435\u0442\u0435, \u043b\u0435\u0442\u043d\u0430\u044f \u0448\u043a\u043e\u043b\u0430, \u043e\u0431\u0441\u043b\u0443\u0436\u0438\u0432\u0430\u043d\u0438\u0435 \u0432\u0435\u0440\u0442\u043e\u043b\u0435\u0442\u043e\u0432, \u0432\u0435\u0440\u0442\u043e\u043b\u0435\u0442\u044b","potentialAction":[{"@type":"SearchAction","target":{"@type":"EntryPoint","urlTemplate":"https:\/\/helipoland.com\/pl\/?s={search_term_string}"},"query-input":{"@type":"PropertyValueSpecification","valueRequired":true,"valueName":"search_term_string"}}],"inLanguage":"ru-RU"}]}},"_links":{"self":[{"href":"https:\/\/helipoland.com\/ru\/wp-json\/wp\/v2\/pages\/2588","targetHints":{"allow":["GET"]}}],"collection":[{"href":"https:\/\/helipoland.com\/ru\/wp-json\/wp\/v2\/pages"}],"about":[{"href":"https:\/\/helipoland.com\/ru\/wp-json\/wp\/v2\/types\/page"}],"author":[{"embeddable":true,"href":"https:\/\/helipoland.com\/ru\/wp-json\/wp\/v2\/users\/1"}],"replies":[{"embeddable":true,"href":"https:\/\/helipoland.com\/ru\/wp-json\/wp\/v2\/comments?post=2588"}],"version-history":[{"count":11,"href":"https:\/\/helipoland.com\/ru\/wp-json\/wp\/v2\/pages\/2588\/revisions"}],"predecessor-version":[{"id":5775,"href":"https:\/\/helipoland.com\/ru\/wp-json\/wp\/v2\/pages\/2588\/revisions\/5775"}],"up":[{"embeddable":true,"href":"https:\/\/helipoland.com\/ru\/wp-json\/wp\/v2\/pages\/410"}],"wp:attachment":[{"href":"https:\/\/helipoland.com\/ru\/wp-json\/wp\/v2\/media?parent=2588"}],"curies":[{"name":"wp","href":"https:\/\/api.w.org\/{rel}","templated":true}]}}