{"id":4345,"date":"2019-11-09T11:08:31","date_gmt":"2019-11-09T11:08:31","guid":{"rendered":"https:\/\/helipoland.com\/?page_id=4345"},"modified":"2023-01-17T10:45:32","modified_gmt":"2023-01-17T10:45:32","slug":"robinson-r-44","status":"publish","type":"page","link":"https:\/\/helipoland.com\/ru\/flota\/robinson-r-44\/","title":{"rendered":"Robinson R 44"},"content":{"rendered":"<h2 style=\"text-align: center;\"><span style=\"color: #000000;\"><strong>Robinson R 44 Raven I \/ Raven II<\/strong><\/span><\/h2>\n<p><span style=\"color: #000000;\"><div class=\"ezcol ezcol-one-third\"><\/span><\/p>\n<p><span style=\"color: #000000;\"><img loading=\"lazy\" decoding=\"async\" class=\"alignnone size-full wp-image-4165\" src=\"https:\/\/helipoland.com\/wp-content\/uploads\/2019\/11\/RHC-logo.png\" alt=\"\" width=\"400\" height=\"400\" srcset=\"https:\/\/helipoland.com\/wp-content\/uploads\/2019\/11\/RHC-logo.png 400w, https:\/\/helipoland.com\/wp-content\/uploads\/2019\/11\/RHC-logo-150x150.png 150w, https:\/\/helipoland.com\/wp-content\/uploads\/2019\/11\/RHC-logo-300x300.png 300w, https:\/\/helipoland.com\/wp-content\/uploads\/2019\/11\/RHC-logo-250x250.png 250w, https:\/\/helipoland.com\/wp-content\/uploads\/2019\/11\/RHC-logo-174x174.png 174w\" sizes=\"auto, (max-width: 400px) 100vw, 400px\" \/><\/span><\/p>\n<p style=\"text-align: justify;\"><span style=\"color: #000000;\"><\/div> <div class=\"ezcol ezcol-two-third ezcol-last\"><div id=\"metaslider-id-4110\" style=\"max-width: 900px; margin: 0 auto;\" class=\"ml-slider-3-97-0 metaslider metaslider-flex metaslider-4110 ml-slider ms-theme-default nav-hidden nav-hidden nav-hidden\" role=\"region\" aria-roledescription=\"Slideshow\" aria-label=\"Flota Robinson R 44 Raven I \/ Raven II\" data-width=\"900\">\n    <div id=\"metaslider_container_4110\">\n        <div id=\"metaslider_4110\">\n            <ul class='slides'>\n                <li style=\"display: block; width: 100%;\" class=\"slide-4112 ms-image \" aria-roledescription=\"slide\" aria-label=\"slide-4112\" data-date=\"2019-10-13 12:04:13\"><img loading=\"lazy\" decoding=\"async\" src=\"https:\/\/helipoland.com\/wp-content\/uploads\/2019\/10\/r44_2-882x490.jpg\" height=\"500\" width=\"900\" alt=\"R 44\" class=\"slider-4110 slide-4112\" title=\"R 44\" \/><\/li>\n                <li style=\"display: none; width: 100%;\" class=\"slide-4114 ms-image \" aria-roledescription=\"slide\" aria-label=\"slide-4114\" data-date=\"2019-10-13 15:26:40\"><img loading=\"lazy\" decoding=\"async\" src=\"https:\/\/helipoland.com\/wp-content\/uploads\/2019\/10\/r44_3-900x500.jpg\" height=\"500\" width=\"900\" alt=\"R 44\" class=\"slider-4110 slide-4114\" title=\"R 44\" \/><\/li>\n                <li style=\"display: none; width: 100%;\" class=\"slide-4207 ms-image \" aria-roledescription=\"slide\" aria-label=\"slide-4207\" data-date=\"2019-11-05 20:58:12\"><img loading=\"lazy\" decoding=\"async\" src=\"https:\/\/helipoland.com\/wp-content\/uploads\/2019\/11\/r44_5-1-900x500.jpg\" height=\"500\" width=\"900\" alt=\"\" class=\"slider-4110 slide-4207\" title=\"r44_5\" \/><\/li>\n                <li style=\"display: none; width: 100%;\" class=\"slide-4113 ms-image \" aria-roledescription=\"slide\" aria-label=\"slide-4113\" data-date=\"2019-10-13 12:05:30\"><img loading=\"lazy\" decoding=\"async\" src=\"https:\/\/helipoland.com\/wp-content\/uploads\/2019\/10\/r44_4-876x487.jpg\" height=\"500\" width=\"900\" alt=\"R 44\" class=\"slider-4110 slide-4113\" title=\"R 44\" \/><\/li>\n                <li style=\"display: none; width: 100%;\" class=\"slide-4111 ms-image \" aria-roledescription=\"slide\" aria-label=\"slide-4111\" data-date=\"2019-10-13 12:04:02\"><img loading=\"lazy\" decoding=\"async\" src=\"https:\/\/helipoland.com\/wp-content\/uploads\/2019\/10\/r44_1-869x483.jpg\" height=\"500\" width=\"900\" alt=\"R 44\" class=\"slider-4110 slide-4111\" title=\"R 44\" \/><\/li>\n            <\/ul>\n        <\/div>\n        \n    <\/div>\n<\/div><\/div><div class=\"ezcol-divider\"><\/div>Robinson R44\u00a0\u2014 \u043b\u0451\u0433\u043a\u0438\u0439 \u043c\u043d\u043e\u0433\u043e\u0446\u0435\u043b\u0435\u0432\u043e\u0439 \u0447\u0435\u0442\u044b\u0440\u0451\u0445\u043c\u0435\u0441\u0442\u043d\u044b\u0439 \u043a\u043e\u043c\u043c\u0435\u0440\u0447\u0435\u0441\u043a\u0438\u0439 \u0432\u0435\u0440\u0442\u043e\u043b\u0451\u0442 \u043f\u0440\u043e\u0438\u0437\u0432\u043e\u0434\u0441\u0442\u0432\u0430 \u0430\u043c\u0435\u0440\u0438\u043a\u0430\u043d\u0441\u043a\u043e\u0439 \u043a\u043e\u043c\u043f\u0430\u043d\u0438\u0438 \u00abRobinson Helicopter\u00bb, \u043a\u043e\u0442\u043e\u0440\u0430\u044f \u0432 \u043d\u0430\u0441\u0442\u043e\u044f\u0449\u0435\u0435 \u0432\u0440\u0435\u043c\u044f \u044f\u0432\u043b\u044f\u0435\u0442\u0441\u044f \u043e\u0434\u043d\u0438\u043c \u0438\u0437 \u043a\u0440\u0443\u043f\u043d\u0435\u0439\u0448\u0438\u0445 \u043f\u0440\u043e\u0438\u0437\u0432\u043e\u0434\u0438\u0442\u0435\u043b\u0435\u0439 \u0432\u0435\u0440\u0442\u043e\u043b\u0435\u0442\u043e\u0432. C 1999 \u0433\u043e\u0434\u0430 R44 \u043f\u0440\u0438\u0437\u043d\u0430\u0435\u0442\u0441\u044f \u043d\u0430\u0438\u0431\u043e\u043b\u0435\u0435 \u043f\u0440\u043e\u0434\u0430\u0432\u0430\u0435\u043c\u044b\u043c \u0432\u0435\u0440\u0442\u043e\u043b\u0435\u0442\u043e\u043c \u043e\u0431\u0449\u0435\u0433\u043e \u043d\u0430\u0437\u043d\u0430\u0447\u0435\u043d\u0438\u044f \u0432 \u043c\u0438\u0440\u0435, \u0431\u043b\u0430\u0433\u043e\u0434\u0430\u0440\u044f \u0441\u043e\u043e\u0442\u043d\u043e\u0448\u0435\u043d\u0438\u044e \u0446\u0435\u043d\u044b \u0438 \u043a\u0430\u0447\u0435\u0441\u0442\u0432\u0430.<br \/>\n<div class=\"ezcol ezcol-one-half\"><\/span><\/p>\n<p><span style=\"color: #000000;\"><img loading=\"lazy\" decoding=\"async\" class=\"wp-image-4176 aligncenter\" src=\"https:\/\/helipoland.com\/wp-content\/uploads\/2019\/11\/R-44-logo.jpeg\" alt=\"\" width=\"190\" height=\"96\" srcset=\"https:\/\/helipoland.com\/wp-content\/uploads\/2019\/11\/R-44-logo.jpeg 500w, https:\/\/helipoland.com\/wp-content\/uploads\/2019\/11\/R-44-logo-300x151.jpeg 300w\" sizes=\"auto, (max-width: 190px) 100vw, 190px\" \/><\/span><\/p>\n<p style=\"text-align: left;\"><span style=\"color: #000000;\"><strong>\u0414\u0412\u0418\u0413\u0410\u0422\u0415\u041b\u042c:<\/strong> 6-\u0446\u0438\u043b\u0438\u043d\u0434\u0440\u043e\u0432\u044b\u0439 Lycoming IO-540 (205 \u043b.\u0441.)<br \/>\n<strong>\u041a\u0420\u0423\u0418\u0417\u041d\u0410\u042f \u0421\u041a\u041e\u0420\u041e\u0421\u0422\u042c:<\/strong> 100 \u0443\u0437\u043b\u043e\u0432 (185 \u043a\u043c\/\u0447)<br \/>\n<strong>\u0414\u0410\u041b\u042c\u041d\u041e\u0421\u0422\u042c:<\/strong> \u043f\u0440\u0438\u0431\u043b\u0438\u0437\u0438\u0442\u0435\u043b\u044c\u043d\u043e 300\u041d\u041c (550 \u043a\u043c)<br \/>\n<strong>\u0421\u0418\u0414\u0415\u041d\u042c\u042f:<\/strong> 4 (\u0432\u043a\u043b\u044e\u0447\u0430\u044f \u0441\u0438\u0434\u0435\u043d\u044c\u0435 \u043f\u0438\u043b\u043e\u0442\u0430)<br \/>\n<strong>\u0411\u0410\u0413\u0410\u0416:<\/strong> 4 \u043d\u0435\u0431\u043e\u043b\u044c\u0448\u0438\u0435 \u0441\u0443\u043c\u043a\u0438 (\u043f\u043e\u0434 \u0441\u0438\u0434\u0435\u043d\u044c\u044f\u043c\u0438)<br \/>\n<strong>\u041c\u0410\u041a\u0421 \u0412\u0417\u041b\u0401\u0422\u041d\u0410\u042f \u041c\u0410\u0421\u0421\u0410:<\/strong> 2500 \u0444\u0443\u043d\u0442\u043e\u0432 (1134 \u043a\u0433)<br \/>\n<strong>\u0412\u0415\u0421 \u041f\u0423\u0421\u0422\u041e\u0413\u041e \u0412\u0415\u0420\u0422\u041e\u041b\u0401\u0422\u0410:<\/strong> 1505 \u0444\u0443\u043d\u0442\u043e\u0432 (683 \u043a\u0433)<br \/>\n<strong>\u041e\u0411\u042a\u0401\u041c \u0411\u0410\u041a\u0410 (176l):<\/strong> 179 \u0444\u0443\u043d\u0442\u043e\u0432 (126 \u043a\u0433)<br \/>\n<strong>\u0412\u0415\u0421 \u0417\u0410\u0413\u0420\u0423\u0417\u041a\u0418:<\/strong> 716 \u0444\u0443\u043d\u0442\u043e\u0432 (325 \u043a\u0433)<br \/>\n<strong>\u041c\u0410\u041a\u0421 \u0412\u0415\u0421 \u041f\u0410\u0421\u0421\u0410\u0416\u0418\u0420\u041e\u0412:<\/strong> 286 \u0444\u0443\u043d\u0442\u043e\u0432 (130 \u043a\u0433)<\/div> <div class=\"ezcol ezcol-one-half ezcol-last\"><\/span><\/p>\n<p><span style=\"color: #000000;\"><img loading=\"lazy\" decoding=\"async\" class=\"alignnone size-full wp-image-4168\" src=\"https:\/\/helipoland.com\/wp-content\/uploads\/2019\/11\/R-44-interior-1.jpg\" alt=\"\" width=\"1024\" height=\"768\" srcset=\"https:\/\/helipoland.com\/wp-content\/uploads\/2019\/11\/R-44-interior-1.jpg 1024w, https:\/\/helipoland.com\/wp-content\/uploads\/2019\/11\/R-44-interior-1-300x225.jpg 300w, https:\/\/helipoland.com\/wp-content\/uploads\/2019\/11\/R-44-interior-1-768x576.jpg 768w, https:\/\/helipoland.com\/wp-content\/uploads\/2019\/11\/R-44-interior-1-600x450.jpg 600w, https:\/\/helipoland.com\/wp-content\/uploads\/2019\/11\/R-44-interior-1-285x214.jpg 285w\" sizes=\"auto, (max-width: 1024px) 100vw, 1024px\" \/><\/div><div class=\"ezcol-divider\"><\/div><div class=\"ezcol ezcol-one-half\"><img loading=\"lazy\" decoding=\"async\" class=\"alignnone size-full wp-image-4169\" src=\"https:\/\/helipoland.com\/wp-content\/uploads\/2019\/11\/R-44-interior-2.jpg\" alt=\"\" width=\"1200\" height=\"800\" srcset=\"https:\/\/helipoland.com\/wp-content\/uploads\/2019\/11\/R-44-interior-2.jpg 1200w, https:\/\/helipoland.com\/wp-content\/uploads\/2019\/11\/R-44-interior-2-300x200.jpg 300w, https:\/\/helipoland.com\/wp-content\/uploads\/2019\/11\/R-44-interior-2-768x512.jpg 768w, https:\/\/helipoland.com\/wp-content\/uploads\/2019\/11\/R-44-interior-2-1024x683.jpg 1024w, https:\/\/helipoland.com\/wp-content\/uploads\/2019\/11\/R-44-interior-2-600x400.jpg 600w, https:\/\/helipoland.com\/wp-content\/uploads\/2019\/11\/R-44-interior-2-272x182.jpg 272w\" sizes=\"auto, (max-width: 1200px) 100vw, 1200px\" \/><\/div><div class=\"ezcol ezcol-one-half ezcol-last\"><img loading=\"lazy\" decoding=\"async\" class=\"size-full wp-image-4144 aligncenter\" src=\"https:\/\/helipoland.com\/wp-content\/uploads\/2019\/11\/R44.png\" alt=\"\" width=\"1760\" height=\"1020\" srcset=\"https:\/\/helipoland.com\/wp-content\/uploads\/2019\/11\/R44.png 1760w, https:\/\/helipoland.com\/wp-content\/uploads\/2019\/11\/R44-300x174.png 300w, https:\/\/helipoland.com\/wp-content\/uploads\/2019\/11\/R44-768x445.png 768w, https:\/\/helipoland.com\/wp-content\/uploads\/2019\/11\/R44-1024x593.png 1024w, https:\/\/helipoland.com\/wp-content\/uploads\/2019\/11\/R44-600x348.png 600w\" sizes=\"auto, (max-width: 1760px) 100vw, 1760px\" \/><\/div><div class=\"ezcol-divider\"><\/div><\/span><\/p>\n<div id='gallery-3' class='gallery galleryid-4345 gallery-columns-2 gallery-size-full'><figure class='gallery-item'>\n\t\t\t<div class='gallery-icon landscape'>\n\t\t\t\t<img loading=\"lazy\" decoding=\"async\" width=\"940\" height=\"788\" src=\"https:\/\/helipoland.com\/wp-content\/uploads\/2020\/09\/71-przestrze\u0144-bagazowa-ang.png\" class=\"attachment-full size-full\" alt=\"\" \/>\n\t\t\t<\/div><\/figure><figure class='gallery-item'>\n\t\t\t<div class='gallery-icon landscape'>\n\t\t\t\t<img loading=\"lazy\" decoding=\"async\" width=\"940\" height=\"788\" src=\"https:\/\/helipoland.com\/wp-content\/uploads\/2020\/09\/72-przestrze\u0144-bagazowa-ang.png\" class=\"attachment-full size-full\" alt=\"\" \/>\n\t\t\t<\/div><\/figure>\n\t\t<\/div>\n\n<p><a href=\"https:\/\/helipoland.com\/flota\/robinson-r-44\/73-przestrzen-bagaz%cc%87owa-ang\/\" rel=\"attachment wp-att-5084\"><img loading=\"lazy\" decoding=\"async\" class=\"aligncenter wp-image-5084\" src=\"https:\/\/helipoland.com\/wp-content\/uploads\/2020\/09\/73-przestrze\u0144-baga\u017cowa-ang.png\" alt=\"\" width=\"518\" height=\"434\" \/><\/a><\/p>\n<p><a href=\"https:\/\/helipoland.com\/flota\/we-fb-20200520-9795-min\/\" rel=\"attachment wp-att-5508\"><img loading=\"lazy\" decoding=\"async\" class=\"aligncenter size-full wp-image-5508\" src=\"https:\/\/helipoland.com\/wp-content\/uploads\/2022\/02\/WE-FB-20200520-9795-min-scaled.jpg\" alt=\"R44 Helicopters Helipoland\" width=\"2560\" height=\"1707\" srcset=\"https:\/\/helipoland.com\/wp-content\/uploads\/2022\/02\/WE-FB-20200520-9795-min-scaled.jpg 2560w, https:\/\/helipoland.com\/wp-content\/uploads\/2022\/02\/WE-FB-20200520-9795-min-300x200.jpg 300w, https:\/\/helipoland.com\/wp-content\/uploads\/2022\/02\/WE-FB-20200520-9795-min-1024x683.jpg 1024w, https:\/\/helipoland.com\/wp-content\/uploads\/2022\/02\/WE-FB-20200520-9795-min-768x512.jpg 768w, https:\/\/helipoland.com\/wp-content\/uploads\/2022\/02\/WE-FB-20200520-9795-min-600x400.jpg 600w, https:\/\/helipoland.com\/wp-content\/uploads\/2022\/02\/WE-FB-20200520-9795-min-1800x1200.jpg 1800w, https:\/\/helipoland.com\/wp-content\/uploads\/2022\/02\/WE-FB-20200520-9795-min-1536x1024.jpg 1536w, https:\/\/helipoland.com\/wp-content\/uploads\/2022\/02\/WE-FB-20200520-9795-min-2048x1366.jpg 2048w, https:\/\/helipoland.com\/wp-content\/uploads\/2022\/02\/WE-FB-20200520-9795-min-272x182.jpg 272w\" sizes=\"auto, (max-width: 2560px) 100vw, 2560px\" \/><\/a>","protected":false},"excerpt":{"rendered":"<p>Robinson R 44 Raven I \/ Raven II Robinson R44\u00a0\u2014 \u043b\u0451\u0433\u043a\u0438\u0439 \u043c\u043d\u043e\u0433\u043e\u0446\u0435\u043b\u0435\u0432\u043e\u0439 \u0447\u0435\u0442\u044b\u0440\u0451\u0445\u043c\u0435\u0441\u0442\u043d\u044b\u0439 \u043a\u043e\u043c\u043c\u0435\u0440\u0447\u0435\u0441\u043a\u0438\u0439 \u0432\u0435\u0440\u0442\u043e\u043b\u0451\u0442 \u043f\u0440\u043e\u0438\u0437\u0432\u043e\u0434\u0441\u0442\u0432\u0430 \u0430\u043c\u0435\u0440\u0438\u043a\u0430\u043d\u0441\u043a\u043e\u0439 \u043a\u043e\u043c\u043f\u0430\u043d\u0438\u0438 \u00abRobinson Helicopter\u00bb,[&#8230;..]<\/p>\n","protected":false},"author":1,"featured_media":0,"parent":4040,"menu_order":0,"comment_status":"closed","ping_status":"closed","template":"template-fullwidth-with-form.php","meta":{"_acf_changed":false,"footnotes":""},"class_list":["post-4345","page","type-page","status-publish","hentry"],"acf":[],"yoast_head":"<!-- This site is optimized with the Yoast SEO plugin v24.8.1 - https:\/\/yoast.com\/wordpress\/plugins\/seo\/ -->\n<title>Robinson R 44 - Helipoland.com<\/title>\n<meta name=\"robots\" content=\"index, follow, max-snippet:-1, max-image-preview:large, max-video-preview:-1\" \/>\n<link rel=\"canonical\" href=\"https:\/\/helipoland.com\/flota\/robinson-r-44\/\" \/>\n<meta property=\"og:locale\" content=\"ru_RU\" \/>\n<meta property=\"og:type\" content=\"article\" \/>\n<meta property=\"og:title\" content=\"Robinson R 44 - Helipoland.com\" \/>\n<meta property=\"og:description\" content=\"Robinson R 44 Raven I \/ Raven II Robinson R44\u00a0\u2014 \u043b\u0451\u0433\u043a\u0438\u0439 \u043c\u043d\u043e\u0433\u043e\u0446\u0435\u043b\u0435\u0432\u043e\u0439 \u0447\u0435\u0442\u044b\u0440\u0451\u0445\u043c\u0435\u0441\u0442\u043d\u044b\u0439 \u043a\u043e\u043c\u043c\u0435\u0440\u0447\u0435\u0441\u043a\u0438\u0439 \u0432\u0435\u0440\u0442\u043e\u043b\u0451\u0442 \u043f\u0440\u043e\u0438\u0437\u0432\u043e\u0434\u0441\u0442\u0432\u0430 \u0430\u043c\u0435\u0440\u0438\u043a\u0430\u043d\u0441\u043a\u043e\u0439 \u043a\u043e\u043c\u043f\u0430\u043d\u0438\u0438 \u00abRobinson Helicopter\u00bb,[.....]\" \/>\n<meta property=\"og:url\" content=\"https:\/\/helipoland.com\/flota\/robinson-r-44\/\" \/>\n<meta property=\"og:site_name\" content=\"Helipoland.com\" \/>\n<meta property=\"article:modified_time\" content=\"2023-01-17T10:45:32+00:00\" \/>\n<meta property=\"og:image\" content=\"https:\/\/helipoland.com\/wp-content\/uploads\/2020\/09\/71.png\" \/>\n<meta name=\"twitter:label1\" content=\"\u041f\u0440\u0438\u043c\u0435\u0440\u043d\u043e\u0435 \u0432\u0440\u0435\u043c\u044f \u0434\u043b\u044f \u0447\u0442\u0435\u043d\u0438\u044f\" \/>\n\t<meta name=\"twitter:data1\" content=\"2 \u043c\u0438\u043d\u0443\u0442\u044b\" \/>\n<script type=\"application\/ld+json\" class=\"yoast-schema-graph\">{\"@context\":\"https:\/\/schema.org\",\"@graph\":[{\"@type\":\"WebPage\",\"@id\":\"https:\/\/helipoland.com\/flota\/robinson-r-44\/\",\"url\":\"https:\/\/helipoland.com\/flota\/robinson-r-44\/\",\"name\":\"Robinson R 44 - Helipoland.com\",\"isPartOf\":{\"@id\":\"https:\/\/helipoland.com\/pl\/#website\"},\"primaryImageOfPage\":{\"@id\":\"https:\/\/helipoland.com\/flota\/robinson-r-44\/#primaryimage\"},\"image\":{\"@id\":\"https:\/\/helipoland.com\/flota\/robinson-r-44\/#primaryimage\"},\"thumbnailUrl\":\"https:\/\/helipoland.com\/wp-content\/uploads\/2019\/11\/RHC-logo.png\",\"datePublished\":\"2019-11-09T11:08:31+00:00\",\"dateModified\":\"2023-01-17T10:45:32+00:00\",\"breadcrumb\":{\"@id\":\"https:\/\/helipoland.com\/flota\/robinson-r-44\/#breadcrumb\"},\"inLanguage\":\"ru-RU\",\"potentialAction\":[{\"@type\":\"ReadAction\",\"target\":[\"https:\/\/helipoland.com\/flota\/robinson-r-44\/\"]}]},{\"@type\":\"ImageObject\",\"inLanguage\":\"ru-RU\",\"@id\":\"https:\/\/helipoland.com\/flota\/robinson-r-44\/#primaryimage\",\"url\":\"https:\/\/helipoland.com\/wp-content\/uploads\/2019\/11\/RHC-logo.png\",\"contentUrl\":\"https:\/\/helipoland.com\/wp-content\/uploads\/2019\/11\/RHC-logo.png\"},{\"@type\":\"BreadcrumbList\",\"@id\":\"https:\/\/helipoland.com\/flota\/robinson-r-44\/#breadcrumb\",\"itemListElement\":[{\"@type\":\"ListItem\",\"position\":1,\"name\":\"Helipoland.com\",\"item\":\"https:\/\/helipoland.com\/pl\/\"},{\"@type\":\"ListItem\",\"position\":2,\"name\":\"Flota \u015bmig\u0142owc\u00f3w\",\"item\":\"https:\/\/helipoland.com\/flota\/\"},{\"@type\":\"ListItem\",\"position\":3,\"name\":\"Robinson R 44\"}]},{\"@type\":\"WebSite\",\"@id\":\"https:\/\/helipoland.com\/pl\/#website\",\"url\":\"https:\/\/helipoland.com\/pl\/\",\"name\":\"Helipoland.com\",\"description\":\"\u041f\u043e\u043b\u0435\u0442\u044b \u043d\u0430 \u0432\u0435\u0440\u0442\u043e\u043b\u0435\u0442\u0435, \u043b\u0435\u0442\u043d\u0430\u044f \u0448\u043a\u043e\u043b\u0430, \u043e\u0431\u0441\u043b\u0443\u0436\u0438\u0432\u0430\u043d\u0438\u0435 \u0432\u0435\u0440\u0442\u043e\u043b\u0435\u0442\u043e\u0432, \u0432\u0435\u0440\u0442\u043e\u043b\u0435\u0442\u044b\",\"potentialAction\":[{\"@type\":\"SearchAction\",\"target\":{\"@type\":\"EntryPoint\",\"urlTemplate\":\"https:\/\/helipoland.com\/pl\/?s={search_term_string}\"},\"query-input\":{\"@type\":\"PropertyValueSpecification\",\"valueRequired\":true,\"valueName\":\"search_term_string\"}}],\"inLanguage\":\"ru-RU\"}]}<\/script>\n<!-- \/ Yoast SEO plugin. -->","yoast_head_json":{"title":"Robinson R 44 - Helipoland.com","robots":{"index":"index","follow":"follow","max-snippet":"max-snippet:-1","max-image-preview":"max-image-preview:large","max-video-preview":"max-video-preview:-1"},"canonical":"https:\/\/helipoland.com\/flota\/robinson-r-44\/","og_locale":"ru_RU","og_type":"article","og_title":"Robinson R 44 - Helipoland.com","og_description":"Robinson R 44 Raven I \/ Raven II Robinson R44\u00a0\u2014 \u043b\u0451\u0433\u043a\u0438\u0439 \u043c\u043d\u043e\u0433\u043e\u0446\u0435\u043b\u0435\u0432\u043e\u0439 \u0447\u0435\u0442\u044b\u0440\u0451\u0445\u043c\u0435\u0441\u0442\u043d\u044b\u0439 \u043a\u043e\u043c\u043c\u0435\u0440\u0447\u0435\u0441\u043a\u0438\u0439 \u0432\u0435\u0440\u0442\u043e\u043b\u0451\u0442 \u043f\u0440\u043e\u0438\u0437\u0432\u043e\u0434\u0441\u0442\u0432\u0430 \u0430\u043c\u0435\u0440\u0438\u043a\u0430\u043d\u0441\u043a\u043e\u0439 \u043a\u043e\u043c\u043f\u0430\u043d\u0438\u0438 \u00abRobinson Helicopter\u00bb,[.....]","og_url":"https:\/\/helipoland.com\/flota\/robinson-r-44\/","og_site_name":"Helipoland.com","article_modified_time":"2023-01-17T10:45:32+00:00","og_image":[{"url":"https:\/\/helipoland.com\/wp-content\/uploads\/2020\/09\/71.png","type":"","width":"","height":""}],"twitter_misc":{"\u041f\u0440\u0438\u043c\u0435\u0440\u043d\u043e\u0435 \u0432\u0440\u0435\u043c\u044f \u0434\u043b\u044f \u0447\u0442\u0435\u043d\u0438\u044f":"2 \u043c\u0438\u043d\u0443\u0442\u044b"},"schema":{"@context":"https:\/\/schema.org","@graph":[{"@type":"WebPage","@id":"https:\/\/helipoland.com\/flota\/robinson-r-44\/","url":"https:\/\/helipoland.com\/flota\/robinson-r-44\/","name":"Robinson R 44 - Helipoland.com","isPartOf":{"@id":"https:\/\/helipoland.com\/pl\/#website"},"primaryImageOfPage":{"@id":"https:\/\/helipoland.com\/flota\/robinson-r-44\/#primaryimage"},"image":{"@id":"https:\/\/helipoland.com\/flota\/robinson-r-44\/#primaryimage"},"thumbnailUrl":"https:\/\/helipoland.com\/wp-content\/uploads\/2019\/11\/RHC-logo.png","datePublished":"2019-11-09T11:08:31+00:00","dateModified":"2023-01-17T10:45:32+00:00","breadcrumb":{"@id":"https:\/\/helipoland.com\/flota\/robinson-r-44\/#breadcrumb"},"inLanguage":"ru-RU","potentialAction":[{"@type":"ReadAction","target":["https:\/\/helipoland.com\/flota\/robinson-r-44\/"]}]},{"@type":"ImageObject","inLanguage":"ru-RU","@id":"https:\/\/helipoland.com\/flota\/robinson-r-44\/#primaryimage","url":"https:\/\/helipoland.com\/wp-content\/uploads\/2019\/11\/RHC-logo.png","contentUrl":"https:\/\/helipoland.com\/wp-content\/uploads\/2019\/11\/RHC-logo.png"},{"@type":"BreadcrumbList","@id":"https:\/\/helipoland.com\/flota\/robinson-r-44\/#breadcrumb","itemListElement":[{"@type":"ListItem","position":1,"name":"Helipoland.com","item":"https:\/\/helipoland.com\/pl\/"},{"@type":"ListItem","position":2,"name":"Flota \u015bmig\u0142owc\u00f3w","item":"https:\/\/helipoland.com\/flota\/"},{"@type":"ListItem","position":3,"name":"Robinson R 44"}]},{"@type":"WebSite","@id":"https:\/\/helipoland.com\/pl\/#website","url":"https:\/\/helipoland.com\/pl\/","name":"Helipoland.com","description":"\u041f\u043e\u043b\u0435\u0442\u044b \u043d\u0430 \u0432\u0435\u0440\u0442\u043e\u043b\u0435\u0442\u0435, \u043b\u0435\u0442\u043d\u0430\u044f \u0448\u043a\u043e\u043b\u0430, \u043e\u0431\u0441\u043b\u0443\u0436\u0438\u0432\u0430\u043d\u0438\u0435 \u0432\u0435\u0440\u0442\u043e\u043b\u0435\u0442\u043e\u0432, \u0432\u0435\u0440\u0442\u043e\u043b\u0435\u0442\u044b","potentialAction":[{"@type":"SearchAction","target":{"@type":"EntryPoint","urlTemplate":"https:\/\/helipoland.com\/pl\/?s={search_term_string}"},"query-input":{"@type":"PropertyValueSpecification","valueRequired":true,"valueName":"search_term_string"}}],"inLanguage":"ru-RU"}]}},"_links":{"self":[{"href":"https:\/\/helipoland.com\/ru\/wp-json\/wp\/v2\/pages\/4345","targetHints":{"allow":["GET"]}}],"collection":[{"href":"https:\/\/helipoland.com\/ru\/wp-json\/wp\/v2\/pages"}],"about":[{"href":"https:\/\/helipoland.com\/ru\/wp-json\/wp\/v2\/types\/page"}],"author":[{"embeddable":true,"href":"https:\/\/helipoland.com\/ru\/wp-json\/wp\/v2\/users\/1"}],"replies":[{"embeddable":true,"href":"https:\/\/helipoland.com\/ru\/wp-json\/wp\/v2\/comments?post=4345"}],"version-history":[{"count":10,"href":"https:\/\/helipoland.com\/ru\/wp-json\/wp\/v2\/pages\/4345\/revisions"}],"predecessor-version":[{"id":5764,"href":"https:\/\/helipoland.com\/ru\/wp-json\/wp\/v2\/pages\/4345\/revisions\/5764"}],"up":[{"embeddable":true,"href":"https:\/\/helipoland.com\/ru\/wp-json\/wp\/v2\/pages\/4040"}],"wp:attachment":[{"href":"https:\/\/helipoland.com\/ru\/wp-json\/wp\/v2\/media?parent=4345"}],"curies":[{"name":"wp","href":"https:\/\/api.w.org\/{rel}","templated":true}]}}