{"id":897,"date":"2015-09-16T22:23:15","date_gmt":"2015-09-16T22:23:15","guid":{"rendered":"http:\/\/helipoland.com\/?page_id=897"},"modified":"2023-01-23T12:14:21","modified_gmt":"2023-01-23T12:14:21","slug":"uprawnienie-smiglowcowe-do-lotow-nocnych-vfr-noc","status":"publish","type":"page","link":"https:\/\/helipoland.com\/ru\/szkolenia-pilotow\/uprawnienie-smiglowcowe-do-lotow-nocnych-vfr-noc\/","title":{"rendered":"\u0420\u0435\u0439\u0442\u0438\u043d\u0433 \u043d\u043e\u0447\u043d\u044b\u0445 \u043f\u043e\u043b\u0451\u0442\u043e\u0432 (VFR night)"},"content":{"rendered":"<p style=\"text-align: justify;\"><span style=\"color: #000000;\">\u0418\u043c\u0435\u044f \u043b\u0438\u0446\u0435\u043d\u0437\u0438\u044e PPL(H), \u0431\u0435\u0437 \u0440\u0435\u0439\u0442\u0438\u043d\u0433\u0430 \u043d\u043e\u0447\u043d\u044b\u0445 \u043f\u043e\u043b\u0451\u0442\u043e\u0432 \u0432\u044b \u043d\u0435 \u0438\u043c\u0435\u0435\u0442\u0435 \u043f\u0440\u0430\u0432\u0430 \u0441\u043e\u0432\u0435\u0440\u0448\u0430\u0442\u044c \u043f\u043e\u043b\u0451\u0442\u044b \u0432 \u0442\u0451\u043c\u043d\u043e\u0435 \u0432\u0440\u0435\u043c\u044f \u0441\u0443\u0442\u043e\u043a. \u0421\u043e\u0433\u043b\u0430\u0441\u043d\u043e \u043f\u0440\u0430\u0432\u0438\u043b\u0430\u043c \u0432\u043e\u0437\u0434\u0443\u0448\u043d\u043e\u0433\u043e \u043f\u0440\u0430\u0432\u0430 \u041f\u043e\u043b\u044c\u0448\u0438, \u043d\u043e\u0447\u043d\u043e\u0439 \u043f\u043e\u043b\u0435\u0442 \u043d\u0430\u0447\u0438\u043d\u0430\u0435\u0442\u0441\u044f \u0447\u0435\u0440\u0435\u0437 30 \u043c\u0438\u043d\u0443\u0442 \u043f\u043e\u0441\u043b\u0435 \u0437\u0430\u0445\u043e\u0434\u0430 \u0441\u043e\u043b\u043d\u0446\u0430 \u0438 \u0437\u0430\u043a\u0430\u043d\u0447\u0438\u0432\u0430\u0435\u0442\u0441\u044f \u0437\u0430 30 \u043c\u0438\u043d\u0443\u0442 \u0434\u043e \u0432\u043e\u0441\u0445\u043e\u0434\u0430 \u0441\u043e\u043b\u043d\u0446\u0430. \u0420\u0435\u0439\u0442\u0438\u043d\u0433 \u0440\u0430\u0441\u043f\u0440\u043e\u0441\u0442\u0440\u0430\u043d\u044f\u0435\u0442\u0441\u044f \u043d\u0430 \u043b\u044e\u0431\u044b\u0435 \u0442\u0438\u043f\u044b \u0432\u0435\u0440\u0442\u043e\u043b\u0435\u0442\u043e\u0432, \u0430 \u043a\u0443\u0440\u0441 \u043d\u043e\u0447\u043d\u044b\u0445 \u043f\u043e\u043b\u0435\u0442\u043e\u0432 \u0434\u043e\u043b\u0436\u0435\u043d \u043f\u0440\u043e\u0432\u043e\u0434\u0438\u0442\u044c\u0441\u044f \u0432 \u0432\u0438\u0437\u0443\u0430\u043b\u044c\u043d\u044b\u0445 \u043c\u0435\u0442\u0435\u043e\u0440\u043e\u043b\u043e\u0433\u0438\u0447\u0435\u0441\u043a\u0438\u0445 \u0443\u0441\u043b\u043e\u0432\u0438\u044f\u0445 (VMC). \u0427\u0442\u043e\u0431\u044b \u043f\u043e\u043b\u0443\u0447\u0438\u0442\u044c \u043d\u043e\u0447\u043d\u043e\u0439 \u0440\u0435\u0439\u0442\u0438\u043d\u0433 VFR \u0438\u043c\u0435\u044f \u043b\u0438\u0446\u0435\u043d\u0437\u0438\u044e LAPL (H), \u0441\u043d\u0430\u0447\u0430\u043b\u0430 \u043d\u0435\u043e\u0431\u0445\u043e\u0434\u0438\u043c\u043e \u043f\u0435\u0440\u0435\u0439\u0442\u0438 \u043d\u0430 \u043b\u0438\u0446\u0435\u043d\u0437\u0438\u044e PPL (H).<\/span><\/p>\n<p style=\"text-align: center;\"><span style=\"color: #000000;\"><div id=\"metaslider-id-2562\" style=\"max-width: 800px; margin: 0 auto;\" class=\"ml-slider-3-97-0 metaslider metaslider-flex metaslider-2562 ml-slider ms-theme-default nav-hidden nav-hidden nav-hidden\" role=\"region\" aria-roledescription=\"Slideshow\" aria-label=\"VFR noc\" data-width=\"800\">\n    <div id=\"metaslider_container_2562\">\n        <div id=\"metaslider_2562\">\n            <ul class='slides'>\n                <li style=\"display: block; width: 100%;\" class=\"slide-1507 ms-image \" aria-roledescription=\"slide\" aria-label=\"slide-1507\" data-date=\"2015-10-04 18:51:00\"><img loading=\"lazy\" decoding=\"async\" src=\"https:\/\/helipoland.com\/wp-content\/uploads\/2015\/09\/heli-night-rating-682x426.jpg\" height=\"500\" width=\"800\" alt=\"Szkolenie nocne na \u015bmig\u0142owcu VFR noc\" class=\"slider-2562 slide-1507\" \/><\/li>\n                <li style=\"display: none; width: 100%;\" class=\"slide-2563 ms-image \" aria-roledescription=\"slide\" aria-label=\"slide-2563\" data-date=\"2016-03-15 15:27:51\"><img loading=\"lazy\" decoding=\"async\" src=\"https:\/\/helipoland.com\/wp-content\/uploads\/2016\/03\/vfr-noc-2-800x500.jpg\" height=\"500\" width=\"800\" alt=\"Szkolenie nocne na \u015bmig\u0142owcu VFR noc\" class=\"slider-2562 slide-2563\" \/><\/li>\n                <li style=\"display: none; width: 100%;\" class=\"slide-2564 ms-image \" aria-roledescription=\"slide\" aria-label=\"slide-2564\" data-date=\"2016-03-15 15:27:56\"><img loading=\"lazy\" decoding=\"async\" src=\"https:\/\/helipoland.com\/wp-content\/uploads\/2016\/03\/vfr-noc-3-800x500.jpg\" height=\"500\" width=\"800\" alt=\"Szkolenie nocne na \u015bmig\u0142owcu VFR noc\" class=\"slider-2562 slide-2564\" \/><\/li>\n                <li style=\"display: none; width: 100%;\" class=\"slide-2566 ms-image \" aria-roledescription=\"slide\" aria-label=\"slide-2566\" data-date=\"2016-03-15 15:34:25\"><img loading=\"lazy\" decoding=\"async\" src=\"https:\/\/helipoland.com\/wp-content\/uploads\/2016\/03\/vfr-noc-4-800x500.jpg\" height=\"500\" width=\"800\" alt=\"Szkolenie nocne na \u015bmig\u0142owcu VFR noc\" class=\"slider-2562 slide-2566\" \/><\/li>\n            <\/ul>\n        <\/div>\n        \n    <\/div>\n<\/div><\/span><\/p>\n<p style=\"text-align: justify;\"><span style=\"color: #000000;\">\u0420\u0435\u0439\u0442\u0438\u043d\u0433 \u043d\u043e\u0447\u043d\u044b\u0445 \u043f\u043e\u043b\u0451\u0442\u043e\u0432 \u043e\u0431\u044b\u0447\u043d\u043e \u0432\u043a\u043b\u044e\u0447\u0430\u0435\u0442\u0441\u044f \u0432 \u043a\u0443\u0440\u0441 CPL (H). \u0427\u0430\u0441\u0442\u043d\u044b\u0435 \u043f\u0438\u043b\u043e\u0442\u044b \u0442\u0430\u043a\u0436\u0435 \u043c\u043e\u0433\u0443\u0442 \u043f\u043e\u043b\u0443\u0447\u0438\u0442\u044c \u044d\u0442\u043e\u0442 \u0440\u0435\u0439\u0442\u0438\u043d\u0433, \u0435\u0441\u043b\u0438 \u043e\u043d\u0438 \u0441\u043e\u043e\u0442\u0432\u0435\u0442\u0441\u0442\u0432\u0443\u044e\u0442 \u0441\u043b\u0435\u0434\u0443\u044e\u0449\u0438\u043c \u0442\u0440\u0435\u0431\u043e\u0432\u0430\u043d\u0438\u044f\u043c:<\/span><\/p>\n<p><span style=\"color: #000000;\">* \u0438\u043c\u0435\u044e\u0442 100 \u0447\u0430\u0441\u043e\u0432 \u043d\u0430\u043b\u0435\u0442\u0430 \u043d\u0430 \u0432\u0435\u0440\u0442\u043e\u043b\u0435\u0442\u0430\u0445 \u043f\u043e\u0441\u043b\u0435 \u0432\u044b\u0434\u0430\u0447\u0438 PPL(H), \u0432 \u0442\u043e\u043c \u0447\u0438\u0441\u043b\u0435:<\/span><br \/>\n<span style=\"color: #000000;\">* \u043c\u0438\u043d\u0438\u043c\u0443\u043c 60 \u0447\u0430\u0441\u043e\u0432 \u0432 \u043a\u0430\u0447\u0435\u0441\u0442\u0432\u0435 \u043a\u043e\u043c\u0430\u043d\u0434\u0438\u0440\u0430 (PIC)<\/span><br \/>\n<span style=\"color: #000000;\">* 40 \u0447\u0430\u0441\u043e\u0432 \u0432 \u043a\u0430\u0447\u0435\u0441\u0442\u0432\u0435 \u043f\u0438\u043b\u043e\u0442\u0430-\u0441\u0442\u0443\u0434\u0435\u043d\u0442\u0430 (DUAL)<\/span><\/p>\n<p><span style=\"color: #000000;\">40 \u0447\u0430\u0441\u043e\u0432 \u0432 \u043a\u0430\u0447\u0435\u0441\u0442\u0432\u0435 \u043f\u0438\u043b\u043e\u0442\u0430-\u0441\u0442\u0443\u0434\u0435\u043d\u0442\u0430 (DUAL):<\/span><\/p>\n<p><span style=\"color: #000000;\">* 5 \u0447\u0430\u0441\u043e\u0432 \u0442\u0435\u043e\u0440\u0438\u0438<\/span><br \/>\n<span style=\"color: #000000;\">* 10 \u0447\u0430\u0441\u043e\u0432 \u043f\u043e\u043b\u0435\u0442\u043e\u0432 \u043f\u043e \u043f\u0440\u0438\u0431\u043e\u0440\u0430\u043c \u0441 \u0438\u043d\u0441\u0442\u0440\u0443\u043a\u0442\u043e\u0440\u043e\u043c<\/span><br \/>\n<span style=\"color: #000000;\">* 5 \u0447\u0430\u0441\u043e\u0432 \u043d\u043e\u0447\u043d\u044b\u0445 \u043f\u043e\u043b\u0451\u0442\u043e\u0432 \u043d\u0430 \u0432\u0435\u0440\u0442\u043e\u043b\u0435\u0442\u0435, \u0438\u0437 \u043d\u0438\u0445 3 \u0447\u0430\u0441\u0430 \u0441 \u0438\u043d\u0441\u0442\u0440\u0443\u043a\u0442\u043e\u0440\u043e\u043c \u0438 5 \u0441\u043e\u043b\u043e-\u043a\u0440\u0443\u0433\u043e\u0432 (\u043a\u0430\u0436\u0434\u044b\u0439 \u043a\u0440\u0443\u0433 \u0432\u043a\u043b\u044e\u0447\u0430\u0435\u0442 \u0432\u0437\u043b\u0435\u0442 \u0438 \u043f\u043e\u0441\u0430\u0434\u043a\u0443)<\/span><\/p>\n<p><span style=\"color: #000000;\">\u041a\u0443\u0440\u0441 \u043d\u0435\u043e\u0431\u0445\u043e\u0434\u0438\u043c\u043e \u043f\u0440\u043e\u0439\u0442\u0438 \u0432 \u0442\u0435\u0447\u0435\u043d\u0438\u0435 6 \u043c\u0435\u0441\u044f\u0446\u0435\u0432.<\/span><\/p>\n<p style=\"text-align: justify;\"><span style=\"color: #000000;\">** \u042d\u0442\u043e \u0442\u0440\u0435\u0431\u043e\u0432\u0430\u043d\u0438\u0435 \u043f\u0440\u0435\u0434\u043f\u043e\u043b\u0430\u0433\u0430\u0435\u0442, \u0447\u0442\u043e \u0441\u0442\u0443\u0434\u0435\u043d\u0442 \u0440\u0430\u043d\u0435\u0435 \u043f\u0440\u043e\u0448\u0435\u043b 5-\u0447\u0430\u0441\u043e\u0432\u043e\u0435 \u043e\u0431\u0443\u0447\u0435\u043d\u0438\u0435 \u0441 \u0438\u043d\u0441\u0442\u0440\u0443\u043a\u0442\u043e\u0440\u043e\u043c \u043f\u0440\u0438 \u043f\u043e\u043b\u0443\u0447\u0435\u043d\u0438\u0438 PPL(H). \u0414\u0435\u0440\u0436\u0430\u0442\u0435\u043b\u044c PPL (H), \u043a\u043e\u0442\u043e\u0440\u044b\u0439 \u0441 \u0442\u0435\u0445 \u043f\u043e\u0440 \u043d\u0435 \u0432\u044b\u043f\u043e\u043b\u043d\u0438\u043b 5 \u0447\u0430\u0441\u043e\u0432 \u043f\u043e\u043b\u0435\u0442\u043e\u0432 \u043f\u043e \u043f\u0440\u0438\u0431\u043e\u0440\u0430\u043c, \u0434\u043e\u043b\u0436\u0435\u043d \u0431\u0443\u0434\u0435\u0442 \u043f\u0440\u043e\u0439\u0442\u0438 15-\u0447\u0430\u0441\u043e\u0432\u043e\u0439 \u0438\u043d\u0441\u0442\u0440\u0443\u043a\u0442\u0430\u0436.<\/span><\/p>\n<p><span style=\"color: #000000;\">\u041b\u0435\u0442\u043d\u044b\u0435 \u0447\u0430\u0441\u044b, \u0432\u044b\u043f\u043e\u043b\u043d\u0435\u043d\u043d\u044b\u0435 \u0432\u043e \u0432\u0440\u0435\u043c\u044f \u043e\u0431\u0443\u0447\u0435\u043d\u0438\u044f, \u0437\u0430\u0441\u0447\u0438\u0442\u044b\u0432\u0430\u044e\u0442\u0441\u044f \u0432 \u0441\u0447\u0435\u0442 100 \u0447\u0430\u0441\u043e\u0432 \u043f\u043e\u0441\u043b\u0435 \u043f\u043e\u043b\u0443\u0447\u0435\u043d\u0438\u044f \u043b\u0438\u0446\u0435\u043d\u0437\u0438\u0438 PPL (H).<\/span><\/p>\n<h4><span style=\"text-decoration: underline;\"><a href=\"http:\/\/www.ulc.gov.pl\/pl\/personel-lotniczy\/czesto-zadawane-pytania\/362-licencje\/2718-jak-uzyskac-wpis-uprawnienia-noc-w-licencji-pilota-turystycznego-ppl\" target=\"_blank\" rel=\"noopener noreferrer\">\u0420\u0435\u0439\u0442\u0438\u043d\u0433 \u043d\u043e\u0447\u043d\u044b\u0445 \u043f\u043e\u043b\u0451\u0442\u043e\u0432 (VFR night) \u2014 \u043a\u0430\u043a \u043f\u043e\u043b\u0443\u0447\u0438\u0442\u044c \u0440\u0435\u0439\u0442\u0438\u043d\u0433 \u043d\u043e\u0447\u043d\u044b\u0445 \u043f\u043e\u043b\u0451\u0442\u043e\u0432 \u0441 \u043b\u0438\u0446\u0435\u043d\u0437\u0438\u0435\u0439 PPL<\/a><\/span><\/h4>\n<h3 style=\"text-align: center;\"><span style=\"color: #000000;\"><strong>\u0420\u0435\u0439\u0442\u0438\u043d\u0433 \u043d\u043e\u0447\u043d\u044b\u0445 \u043f\u043e\u043b\u0451\u0442\u043e\u0432 \u043d\u0430 \u0432\u0435\u0440\u0442\u043e\u043b\u0451\u0442\u0435 (VFR night) \u2013 \u0432\u0430\u0436\u043d\u044b\u0435 \u043f\u0440\u0430\u0432\u0438\u043b\u0430<\/strong><\/span><\/h3>\n<p><span style=\"color: #000000;\"><strong>FCL.810 Night rating<\/strong><\/span><\/p>\n<p><span style=\"color: #000000;\">\u0412\u0435\u0440\u0442\u043e\u043b\u0435\u0442\u044b. \u041f\u0440\u0438 \u043f\u043e\u043b\u0443\u0447\u0435\u043d\u0438\u0438 \u0440\u0435\u0439\u0442\u0438\u043d\u0433\u0430 \u043d\u043e\u0447\u043d\u044b\u0445 \u043f\u043e\u043b\u0451\u0442\u043e\u0432 \u043d\u0430 \u0432\u0435\u0440\u0442\u043e\u043b\u0451\u0442\u0430\u0445 \u0432 \u0440\u0430\u043c\u043a\u0430\u0445 \u043b\u0438\u0446\u0435\u043d\u0437\u0438\u0438 PPL \u0437\u0430\u044f\u0432\u0438\u0442\u0435\u043b\u044c \u0434\u043e\u043b\u0436\u0435\u043d:<\/span><\/p>\n<p><span style=\"color: #000000;\">(1) \u0438\u043c\u0435\u0442\u044c \u043d\u0430\u043b\u0451\u0442 \u043d\u0435 \u043c\u0435\u043d\u0435\u0435 100 \u0447\u0430\u0441\u043e\u0432 \u0432 \u043a\u0430\u0447\u0435\u0441\u0442\u0432\u0435 \u043f\u0438\u043b\u043e\u0442\u0430 \u0432\u0435\u0440\u0442\u043e\u043b\u0435\u0442\u0430 \u043f\u043e\u0441\u043b\u0435 \u0432\u044b\u0434\u0430\u0447\u0438 \u043b\u0438\u0446\u0435\u043d\u0437\u0438\u0438, \u0432 \u0442\u043e\u043c \u0447\u0438\u0441\u043b\u0435 \u043d\u0435 \u043c\u0435\u043d\u0435\u0435 60 \u0447\u0430\u0441\u043e\u0432 \u0432 \u043a\u0430\u0447\u0435\u0441\u0442\u0432\u0435 \u041a\u0412\u0421 \u0438 20 \u0447\u0430\u0441\u043e\u0432 \u043f\u043e \u043f\u0435\u0440\u0435\u0441\u0435\u0447\u0435\u043d\u043d\u043e\u0439 \u043c\u0435\u0441\u0442\u043d\u043e\u0441\u0442\u0438;<\/span><\/p>\n<p><span style=\"color: #000000;\">(2) \u043f\u0440\u043e\u0439\u0442\u0438 \u043a\u0443\u0440\u0441 \u043e\u0431\u0443\u0447\u0435\u043d\u0438\u044f \u0432 \u0410\u0422\u041e. \u041a\u0443\u0440\u0441 \u0434\u043e\u043b\u0436\u0435\u043d \u0431\u044b\u0442\u044c \u043f\u0440\u043e\u0439\u0434\u0435\u043d \u0432 \u0442\u0435\u0447\u0435\u043d\u0438\u0435 6 \u043c\u0435\u0441\u044f\u0446\u0435\u0432 \u0438 \u0432\u043a\u043b\u044e\u0447\u0430\u0442\u044c:<\/span><br \/>\n<span style=\"color: #000000;\"> (i) 5 \u0447\u0430\u0441\u043e\u0432 \u043e\u0431\u0443\u0447\u0435\u043d\u0438\u044f \u0442\u0435\u043e\u0440\u0435\u0442\u0438\u0447\u0435\u0441\u043a\u0438\u043c \u0437\u043d\u0430\u043d\u0438\u044f\u043c;<\/span><br \/>\n<span style=\"color: #000000;\"> (ii) 10 \u0447\u0430\u0441\u043e\u0432 \u043d\u0430\u043b\u0451\u0442\u0430 \u0441 \u0438\u043d\u0441\u0442\u0440\u0443\u043a\u0442\u043e\u0440\u043e\u043c;<\/span><br \/>\n<span style=\"color: #000000;\"> (iii) 5 \u0447\u0430\u0441\u043e\u0432 \u043d\u0430\u043b\u0451\u0442\u0430 \u0432 \u043d\u043e\u0447\u043d\u043e\u0435 \u0432\u0440\u0435\u043c\u044f, \u0432 \u0442\u043e\u043c \u0447\u0438\u0441\u043b\u0435 \u043d\u0435 \u043c\u0435\u043d\u0435\u0435 3 \u0447\u0430\u0441\u043e\u0432 \u043d\u0430\u043b\u0451\u0442\u0430 \u0441 \u0438\u043d\u0441\u0442\u0440\u0443\u043a\u0442\u043e\u0440\u043e\u043c, \u0432 \u0442\u043e\u043c \u0447\u0438\u0441\u043b\u0435 \u043d\u0435 \u043c\u0435\u043d\u0435\u0435 1 \u0447\u0430\u0441\u0430 \u043d\u0430\u0432\u0438\u0433\u0430\u0446\u0438\u0438 \u043f\u043e \u043f\u0435\u0440\u0435\u0441\u0435\u0447\u0435\u043d\u043d\u043e\u0439 \u043c\u0435\u0441\u0442\u043d\u043e\u0441\u0442\u0438 \u0438 5 \u0441\u0430\u043c\u043e\u0441\u0442\u043e\u044f\u0442\u0435\u043b\u044c\u043d\u044b\u0445 \u043d\u043e\u0447\u043d\u044b\u0445 \u043a\u0440\u0443\u0433\u043e\u0432 (\u043a\u0430\u0436\u0434\u044b\u0439 \u043a\u0440\u0443\u0433 \u0434\u043e\u043b\u0436\u0435\u043d \u0432\u043a\u043b\u044e\u0447\u0430\u0442\u044c \u0432\u0437\u043b\u0435\u0442 \u0438 \u043f\u043e\u0441\u0430\u0434\u043a\u0443).<\/span><\/p>\n<p><span style=\"color: #000000;\">(3) \u0417\u0430\u044f\u0432\u0438\u0442\u0435\u043b\u044e, \u043a\u043e\u0442\u043e\u0440\u044b\u0439 \u0438\u043c\u0435\u0435\u0442 \u0438\u043b\u0438 \u0438\u043c\u0435\u043b IR \u043d\u0430 \u0441\u0430\u043c\u043e\u043b\u0451\u0442\u0435 \u0438\u043b\u0438 \u043c\u043e\u0442\u043e\u0440\u043d\u043e\u043c \u043f\u043b\u0430\u043d\u0435\u0440\u0435, \u0437\u0430\u0441\u0447\u0438\u0442\u044b\u0432\u0430\u0435\u0442\u0441\u044f 5 \u0447\u0430\u0441\u043e\u0432 \u0434\u043b\u044f \u0432\u044b\u043f\u043e\u043b\u043d\u0435\u043d\u0438\u044f \u0442\u0440\u0435\u0431\u043e\u0432\u0430\u043d\u0438\u044f \u0432 \u043f\u0443\u043d\u043a\u0442\u0435 (2).<\/span>","protected":false},"excerpt":{"rendered":"<p>\u0418\u043c\u0435\u044f \u043b\u0438\u0446\u0435\u043d\u0437\u0438\u044e PPL(H), \u0431\u0435\u0437 \u0440\u0435\u0439\u0442\u0438\u043d\u0433\u0430 \u043d\u043e\u0447\u043d\u044b\u0445 \u043f\u043e\u043b\u0451\u0442\u043e\u0432 \u0432\u044b \u043d\u0435 \u0438\u043c\u0435\u0435\u0442\u0435 \u043f\u0440\u0430\u0432\u0430 \u0441\u043e\u0432\u0435\u0440\u0448\u0430\u0442\u044c \u043f\u043e\u043b\u0451\u0442\u044b \u0432 \u0442\u0451\u043c\u043d\u043e\u0435 \u0432\u0440\u0435\u043c\u044f \u0441\u0443\u0442\u043e\u043a. \u0421\u043e\u0433\u043b\u0430\u0441\u043d\u043e \u043f\u0440\u0430\u0432\u0438\u043b\u0430\u043c \u0432\u043e\u0437\u0434\u0443\u0448\u043d\u043e\u0433\u043e[&#8230;..]<\/p>\n","protected":false},"author":1,"featured_media":0,"parent":408,"menu_order":0,"comment_status":"closed","ping_status":"closed","template":"template-fullwidth-with-form.php","meta":{"_acf_changed":false,"footnotes":""},"class_list":["post-897","page","type-page","status-publish","hentry"],"acf":[],"yoast_head":"<!-- This site is optimized with the Yoast SEO plugin v24.8.1 - https:\/\/yoast.com\/wordpress\/plugins\/seo\/ -->\n<title>Uprawnienie \u015bmig\u0142owcowe do lot\u00f3w nocnych (VFR noc)<\/title>\n<meta name=\"description\" content=\"Uprawnienie \u015bmig\u0142owcowe do lot\u00f3w nocnych (VFR noc). Wykonywanie lot\u00f3w nocnych z licencj\u0105 PPL(H).\" \/>\n<meta name=\"robots\" content=\"index, follow, max-snippet:-1, max-image-preview:large, max-video-preview:-1\" \/>\n<link rel=\"canonical\" href=\"https:\/\/helipoland.com\/szkolenia-pilotow\/uprawnienie-smiglowcowe-do-lotow-nocnych-vfr-noc\/\" \/>\n<meta property=\"og:locale\" content=\"ru_RU\" \/>\n<meta property=\"og:type\" content=\"article\" \/>\n<meta property=\"og:title\" content=\"[:pl]Uprawnienie \u015bmig\u0142owcowe do lot\u00f3w nocnych (VFR noc)[:en]Helicopter night qualification (VFR night)[:]\" \/>\n<meta property=\"og:description\" content=\"{:pl}Uprawnienie \u015bmig\u0142owcowe do lot\u00f3w nocnych (VFR noc). Wykonywanie lot\u00f3w nocnych z licencj\u0105 PPL(H).{:en}Helicopter night qualification (VFR night). Fly at night with PPL(H) licence.{:}\" \/>\n<meta property=\"og:url\" content=\"https:\/\/helipoland.com\/szkolenia-pilotow\/uprawnienie-smiglowcowe-do-lotow-nocnych-vfr-noc\/\" \/>\n<meta property=\"og:site_name\" content=\"Helipoland.com\" \/>\n<meta property=\"article:modified_time\" content=\"2023-01-23T12:14:21+00:00\" \/>\n<meta name=\"twitter:label1\" content=\"\u041f\u0440\u0438\u043c\u0435\u0440\u043d\u043e\u0435 \u0432\u0440\u0435\u043c\u044f \u0434\u043b\u044f \u0447\u0442\u0435\u043d\u0438\u044f\" \/>\n\t<meta name=\"twitter:data1\" content=\"6 \u043c\u0438\u043d\u0443\u0442\" \/>\n<script type=\"application\/ld+json\" class=\"yoast-schema-graph\">{\"@context\":\"https:\/\/schema.org\",\"@graph\":[{\"@type\":\"WebPage\",\"@id\":\"https:\/\/helipoland.com\/szkolenia-pilotow\/uprawnienie-smiglowcowe-do-lotow-nocnych-vfr-noc\/\",\"url\":\"https:\/\/helipoland.com\/szkolenia-pilotow\/uprawnienie-smiglowcowe-do-lotow-nocnych-vfr-noc\/\",\"name\":\"[:pl]Uprawnienie \u015bmig\u0142owcowe do lot\u00f3w nocnych (VFR noc)[:en]Helicopter night qualification (VFR night)[:]\",\"isPartOf\":{\"@id\":\"https:\/\/helipoland.com\/pl\/#website\"},\"datePublished\":\"2015-09-16T22:23:15+00:00\",\"dateModified\":\"2023-01-23T12:14:21+00:00\",\"description\":\"{:pl}Uprawnienie \u015bmig\u0142owcowe do lot\u00f3w nocnych (VFR noc). Wykonywanie lot\u00f3w nocnych z licencj\u0105 PPL(H).{:en}Helicopter night qualification (VFR night). Fly at night with PPL(H) licence.{:}\",\"breadcrumb\":{\"@id\":\"https:\/\/helipoland.com\/szkolenia-pilotow\/uprawnienie-smiglowcowe-do-lotow-nocnych-vfr-noc\/#breadcrumb\"},\"inLanguage\":\"ru-RU\",\"potentialAction\":[{\"@type\":\"ReadAction\",\"target\":[\"https:\/\/helipoland.com\/szkolenia-pilotow\/uprawnienie-smiglowcowe-do-lotow-nocnych-vfr-noc\/\"]}]},{\"@type\":\"BreadcrumbList\",\"@id\":\"https:\/\/helipoland.com\/szkolenia-pilotow\/uprawnienie-smiglowcowe-do-lotow-nocnych-vfr-noc\/#breadcrumb\",\"itemListElement\":[{\"@type\":\"ListItem\",\"position\":1,\"name\":\"Helipoland.com\",\"item\":\"https:\/\/helipoland.com\/pl\/\"},{\"@type\":\"ListItem\",\"position\":2,\"name\":\"Szkolenia pilot\u00f3w\",\"item\":\"https:\/\/helipoland.com\/szkolenia-pilotow\/\"},{\"@type\":\"ListItem\",\"position\":3,\"name\":\"Uprawnienie \u015bmig\u0142owcowe do lot\u00f3w nocnych (VFR noc)\"}]},{\"@type\":\"WebSite\",\"@id\":\"https:\/\/helipoland.com\/pl\/#website\",\"url\":\"https:\/\/helipoland.com\/pl\/\",\"name\":\"Helipoland.com\",\"description\":\"\u041f\u043e\u043b\u0435\u0442\u044b \u043d\u0430 \u0432\u0435\u0440\u0442\u043e\u043b\u0435\u0442\u0435, \u043b\u0435\u0442\u043d\u0430\u044f \u0448\u043a\u043e\u043b\u0430, \u043e\u0431\u0441\u043b\u0443\u0436\u0438\u0432\u0430\u043d\u0438\u0435 \u0432\u0435\u0440\u0442\u043e\u043b\u0435\u0442\u043e\u0432, \u0432\u0435\u0440\u0442\u043e\u043b\u0435\u0442\u044b\",\"potentialAction\":[{\"@type\":\"SearchAction\",\"target\":{\"@type\":\"EntryPoint\",\"urlTemplate\":\"https:\/\/helipoland.com\/pl\/?s={search_term_string}\"},\"query-input\":{\"@type\":\"PropertyValueSpecification\",\"valueRequired\":true,\"valueName\":\"search_term_string\"}}],\"inLanguage\":\"ru-RU\"}]}<\/script>\n<!-- \/ Yoast SEO plugin. -->","yoast_head_json":{"title":"Uprawnienie \u015bmig\u0142owcowe do lot\u00f3w nocnych (VFR noc)","description":"Uprawnienie \u015bmig\u0142owcowe do lot\u00f3w nocnych (VFR noc). Wykonywanie lot\u00f3w nocnych z licencj\u0105 PPL(H).","robots":{"index":"index","follow":"follow","max-snippet":"max-snippet:-1","max-image-preview":"max-image-preview:large","max-video-preview":"max-video-preview:-1"},"canonical":"https:\/\/helipoland.com\/szkolenia-pilotow\/uprawnienie-smiglowcowe-do-lotow-nocnych-vfr-noc\/","og_locale":"ru_RU","og_type":"article","og_title":"[:pl]Uprawnienie \u015bmig\u0142owcowe do lot\u00f3w nocnych (VFR noc)[:en]Helicopter night qualification (VFR night)[:]","og_description":"{:pl}Uprawnienie \u015bmig\u0142owcowe do lot\u00f3w nocnych (VFR noc). Wykonywanie lot\u00f3w nocnych z licencj\u0105 PPL(H).{:en}Helicopter night qualification (VFR night). Fly at night with PPL(H) licence.{:}","og_url":"https:\/\/helipoland.com\/szkolenia-pilotow\/uprawnienie-smiglowcowe-do-lotow-nocnych-vfr-noc\/","og_site_name":"Helipoland.com","article_modified_time":"2023-01-23T12:14:21+00:00","twitter_misc":{"\u041f\u0440\u0438\u043c\u0435\u0440\u043d\u043e\u0435 \u0432\u0440\u0435\u043c\u044f \u0434\u043b\u044f \u0447\u0442\u0435\u043d\u0438\u044f":"6 \u043c\u0438\u043d\u0443\u0442"},"schema":{"@context":"https:\/\/schema.org","@graph":[{"@type":"WebPage","@id":"https:\/\/helipoland.com\/szkolenia-pilotow\/uprawnienie-smiglowcowe-do-lotow-nocnych-vfr-noc\/","url":"https:\/\/helipoland.com\/szkolenia-pilotow\/uprawnienie-smiglowcowe-do-lotow-nocnych-vfr-noc\/","name":"[:pl]Uprawnienie \u015bmig\u0142owcowe do lot\u00f3w nocnych (VFR noc)[:en]Helicopter night qualification (VFR night)[:]","isPartOf":{"@id":"https:\/\/helipoland.com\/pl\/#website"},"datePublished":"2015-09-16T22:23:15+00:00","dateModified":"2023-01-23T12:14:21+00:00","description":"{:pl}Uprawnienie \u015bmig\u0142owcowe do lot\u00f3w nocnych (VFR noc). Wykonywanie lot\u00f3w nocnych z licencj\u0105 PPL(H).{:en}Helicopter night qualification (VFR night). Fly at night with PPL(H) licence.{:}","breadcrumb":{"@id":"https:\/\/helipoland.com\/szkolenia-pilotow\/uprawnienie-smiglowcowe-do-lotow-nocnych-vfr-noc\/#breadcrumb"},"inLanguage":"ru-RU","potentialAction":[{"@type":"ReadAction","target":["https:\/\/helipoland.com\/szkolenia-pilotow\/uprawnienie-smiglowcowe-do-lotow-nocnych-vfr-noc\/"]}]},{"@type":"BreadcrumbList","@id":"https:\/\/helipoland.com\/szkolenia-pilotow\/uprawnienie-smiglowcowe-do-lotow-nocnych-vfr-noc\/#breadcrumb","itemListElement":[{"@type":"ListItem","position":1,"name":"Helipoland.com","item":"https:\/\/helipoland.com\/pl\/"},{"@type":"ListItem","position":2,"name":"Szkolenia pilot\u00f3w","item":"https:\/\/helipoland.com\/szkolenia-pilotow\/"},{"@type":"ListItem","position":3,"name":"Uprawnienie \u015bmig\u0142owcowe do lot\u00f3w nocnych (VFR noc)"}]},{"@type":"WebSite","@id":"https:\/\/helipoland.com\/pl\/#website","url":"https:\/\/helipoland.com\/pl\/","name":"Helipoland.com","description":"\u041f\u043e\u043b\u0435\u0442\u044b \u043d\u0430 \u0432\u0435\u0440\u0442\u043e\u043b\u0435\u0442\u0435, \u043b\u0435\u0442\u043d\u0430\u044f \u0448\u043a\u043e\u043b\u0430, \u043e\u0431\u0441\u043b\u0443\u0436\u0438\u0432\u0430\u043d\u0438\u0435 \u0432\u0435\u0440\u0442\u043e\u043b\u0435\u0442\u043e\u0432, \u0432\u0435\u0440\u0442\u043e\u043b\u0435\u0442\u044b","potentialAction":[{"@type":"SearchAction","target":{"@type":"EntryPoint","urlTemplate":"https:\/\/helipoland.com\/pl\/?s={search_term_string}"},"query-input":{"@type":"PropertyValueSpecification","valueRequired":true,"valueName":"search_term_string"}}],"inLanguage":"ru-RU"}]}},"_links":{"self":[{"href":"https:\/\/helipoland.com\/ru\/wp-json\/wp\/v2\/pages\/897","targetHints":{"allow":["GET"]}}],"collection":[{"href":"https:\/\/helipoland.com\/ru\/wp-json\/wp\/v2\/pages"}],"about":[{"href":"https:\/\/helipoland.com\/ru\/wp-json\/wp\/v2\/types\/page"}],"author":[{"embeddable":true,"href":"https:\/\/helipoland.com\/ru\/wp-json\/wp\/v2\/users\/1"}],"replies":[{"embeddable":true,"href":"https:\/\/helipoland.com\/ru\/wp-json\/wp\/v2\/comments?post=897"}],"version-history":[{"count":21,"href":"https:\/\/helipoland.com\/ru\/wp-json\/wp\/v2\/pages\/897\/revisions"}],"predecessor-version":[{"id":5812,"href":"https:\/\/helipoland.com\/ru\/wp-json\/wp\/v2\/pages\/897\/revisions\/5812"}],"up":[{"embeddable":true,"href":"https:\/\/helipoland.com\/ru\/wp-json\/wp\/v2\/pages\/408"}],"wp:attachment":[{"href":"https:\/\/helipoland.com\/ru\/wp-json\/wp\/v2\/media?parent=897"}],"curies":[{"name":"wp","href":"https:\/\/api.w.org\/{rel}","templated":true}]}}